{"id":101,"date":"2010-06-01T04:48:05","date_gmt":"2010-06-01T02:48:05","guid":{"rendered":"http:\/\/abc-latina.com\/perito-moreno-php\/"},"modified":"2026-04-30T18:24:45","modified_gmt":"2026-04-30T16:24:45","slug":"perito-moreno","status":"publish","type":"page","link":"https:\/\/abc-latina.com\/argentine\/perito-moreno\/","title":{"rendered":"Le PERITO MORENO"},"content":{"rendered":"<p><img loading=\"lazy\" decoding=\"async\" class=\" alignright size-full wp-image-100\" src=\"http:\/\/abc-latina.com\/wp-content\/uploads\/2010\/06\/perito-moreno.jpg\" title=\"GLACIER PERITO MORENO\" alt=\"\" width=\"220\" vspace=\"9\" hspace=\"15\" height=\"220\" align=\"right\" srcset=\"https:\/\/abc-latina.com\/wp-content\/uploads\/2010\/06\/perito-moreno.jpg 220w, https:\/\/abc-latina.com\/wp-content\/uploads\/2010\/06\/perito-moreno-150x150.jpg 150w\" sizes=\"auto, (max-width: 220px) 100vw, 220px\" \/>Le glacier <span class=\"tourisme-chapitre\">Perito Moreno<\/span>, de 5 000 m de front et 60 m de hauteur, situ\u00e9 dans le Parc National Los Glaciares de la province de Santa Cruz, Argentine. Situ\u00e9 \u00e0 78 km de El Calafate, c&rsquo;est l&rsquo;un des plus c\u00e9l\u00e8bres de la <a href=\"patagonie\">Patagonie argentine<\/a>.<br \/> Avec une superficie de 250 km&sup2; et une longueur de 30 km, c&rsquo;est l&rsquo;un des 48 glaciers aliment\u00e9s par le Champ de glace sud de Patagonie, dans la Cordill\u00e8re des Andes, que l&rsquo;Argentine partage avec le <a href=\"https:\/\/www.abc-latina.com\/chili\/\" target=\"_blank\">Chili<\/a>. Ce champ de glace est la troisi\u00e8me plus grande r\u00e9serve d&rsquo;eau douce au monde.<\/p>\n<p>Le glacier Perito Moreno est l&rsquo;un des trois seuls glaciers de Patagonie qui n&rsquo;est pas en r\u00e9gression. A la diff\u00e9rence d&rsquo;autres glaciers caract\u00e9ris\u00e9s par les effondrements de leurs murs, le Perito Moreno d\u00e9tache des immenses blocs de glace. A n&rsquo;importe quelle \u00e9poque de l&rsquo;ann\u00e9e, les effondrements constants de ses murs glac\u00e9s surprennent. Face \u00e0 la p\u00e9ninsule de Magellan, le mur de glace du glacier avance en divisant le lac en deux en donnant origine \u00e0 des digues naturelles. Alors les eaux du Bras Rico du lac Argentino montent et commencent \u00e0 pousser et \u00e9roder le glacier qui devient plus faible et tombe sous la pression. Cet effondrement spectaculaire du front du glacier s&rsquo;effectue p\u00e9riodiquement ; la fr\u00e9quence de ce cycle n&rsquo;est pas r\u00e9guli\u00e8re, elle peut prendre de une ann\u00e9e \u00e0 une d\u00e9cennie.<br \/> <a href=\"tour_operateur\" target=\"_blank\"><img loading=\"lazy\" decoding=\"async\" class=\" size-full wp-image-41\" alt=\"\" class=\"touroperateur\" src=\"http:\/\/abc-latina.com\/wp-content\/uploads\/2010\/04\/timbre_to.gif\" width=\"125\" height=\"90\" \/><\/a><\/p>\n<p>Le front du glacier fait approximativement 5 000 m de long, la hauteur de glace est de 170 m, dont 60 m sont \u00e9merg\u00e9s. Il avance d&rsquo;environ 2 m\u00e8tres par jour (700 m par an). \u00c0 certains endroits son \u00e9paisseur atteint 700 m.<br \/> La premi\u00e8re rupture a \u00e9t\u00e9 observ\u00e9e en 1917. La derni\u00e8re date de mars 2006, et les pr\u00e9c\u00e9dentes se sont produites en 2004, 1988, 1984, 1980, 1977, 1975, 1972, 1970, 1966, 1963, 1960, 1956, 1953, 1951 (en hiver), 1947, 1940, 1934 and 1917, soit une moyenne d&rsquo;une fois tous les quatre \u00e0 cinq ans.<\/p>\n<p>Le glacier Perito Moreno a \u00e9t\u00e9 baptis\u00e9 du nom de l&rsquo;explorateur Francisco Moreno, qui a \u00e9tudi\u00e9 cette r\u00e9gion au XIXe si\u00e8cle et joua un r\u00f4le majeur dans la d\u00e9fense du territoire argentin, dans les discussions pour la d\u00e9termination de la fronti\u00e8re avec le Chili.<\/p>\n<p><span class=\"tsource\">Wikipedia<\/span><\/p>\n<h3>Pr\u00e9parez votre voyage au Perito Moreno :<\/h3>\n<div><a href=\"https:\/\/www.abc-latina.com\/argentine\/agence_de_voyages\">Agences de voyage g\u00e9n\u00e9ralistes et discounteurs<\/a><\/div>\n<div><a href=\"https:\/\/www.abc-latina.com\/argentine\/tour_operateur\">Tours Op\u00e9rateurs sp\u00e9cialistes de l&rsquo;Argentine<\/a><\/div>\n<div><a href=\"https:\/\/www.abc-latina.com\/to\/reservation_billet_avion\" target=\"_blank\">R\u00e9servez votre billet d&rsquo;avion<\/a><\/div>\n<div><a href=\"hotels\" target=\"_blank\">R\u00e9servez votre h\u00f4tel \u00e0 El Calafate<\/a>&nbsp;<\/div>\n<div><a href=\"https:\/\/www.abc-latina.com\/to\/location_de_voiture_argentine\" target=\"_blank\">Location de voiture<\/a><\/div>\n<p>&nbsp;<\/p>\n","protected":false},"excerpt":{"rendered":"<p>Le glacier Perito Moreno, de 5 000 m de front et 60 m de hauteur, situ\u00e9 dans le Parc National [&hellip;]<\/p>\n","protected":false},"author":3,"featured_media":100,"parent":39,"menu_order":0,"comment_status":"closed","ping_status":"closed","template":"","meta":{"site-sidebar-layout":"default","site-content-layout":"","ast-site-content-layout":"default","site-content-style":"default","site-sidebar-style":"default","ast-global-header-display":"","ast-banner-title-visibility":"","ast-main-header-display":"","ast-hfb-above-header-display":"","ast-hfb-below-header-display":"","ast-hfb-mobile-header-display":"","site-post-title":"","ast-breadcrumbs-content":"","ast-featured-img":"","footer-sml-layout":"","ast-disable-related-posts":"","theme-transparent-header-meta":"","adv-header-id-meta":"","stick-header-meta":"","header-above-stick-meta":"","header-main-stick-meta":"","header-below-stick-meta":"","astra-migrate-meta-layouts":"default","ast-page-background-enabled":"default","ast-page-background-meta":{"desktop":{"background-color":"var(--ast-global-color-5)","background-image":"","background-repeat":"repeat","background-position":"center center","background-size":"auto","background-attachment":"scroll","background-type":"","background-media":"","overlay-type":"","overlay-color":"","overlay-opacity":"","overlay-gradient":""},"tablet":{"background-color":"","background-image":"","background-repeat":"repeat","background-position":"center center","background-size":"auto","background-attachment":"scroll","background-type":"","background-media":"","overlay-type":"","overlay-color":"","overlay-opacity":"","overlay-gradient":""},"mobile":{"background-color":"","background-image":"","background-repeat":"repeat","background-position":"center center","background-size":"auto","background-attachment":"scroll","background-type":"","background-media":"","overlay-type":"","overlay-color":"","overlay-opacity":"","overlay-gradient":""}},"ast-content-background-meta":{"desktop":{"background-color":"var(--ast-global-color-4)","background-image":"","background-repeat":"repeat","background-position":"center center","background-size":"auto","background-attachment":"scroll","background-type":"","background-media":"","overlay-type":"","overlay-color":"","overlay-opacity":"","overlay-gradient":""},"tablet":{"background-color":"var(--ast-global-color-4)","background-image":"","background-repeat":"repeat","background-position":"center center","background-size":"auto","background-attachment":"scroll","background-type":"","background-media":"","overlay-type":"","overlay-color":"","overlay-opacity":"","overlay-gradient":""},"mobile":{"background-color":"var(--ast-global-color-4)","background-image":"","background-repeat":"repeat","background-position":"center center","background-size":"auto","background-attachment":"scroll","background-type":"","background-media":"","overlay-type":"","overlay-color":"","overlay-opacity":"","overlay-gradient":""}},"footnotes":""},"class_list":["post-101","page","type-page","status-publish","has-post-thumbnail","hentry"],"yoast_head":"<!-- This site is optimized with the Yoast SEO plugin v27.5 - https:\/\/yoast.com\/product\/yoast-seo-wordpress\/ -->\n<title>Le PERITO MORENO - Abc-latina<\/title>\n<meta name=\"description\" content=\"Le glacier Perito Moreno est l&#039;un des trois seuls glaciers de Patagonie qui n&#039;est pas en r\u00e9gression. A la diff\u00e9rence d\u2019autres glaciers caract\u00e9ris\u00e9s par les effondrements de leurs murs...\" \/>\n<meta name=\"robots\" content=\"index, follow, max-snippet:-1, max-image-preview:large, max-video-preview:-1\" \/>\n<link rel=\"canonical\" href=\"https:\/\/abc-latina.com\/argentine\/perito-moreno\/\" \/>\n<meta property=\"og:locale\" content=\"fr_FR\" \/>\n<meta property=\"og:type\" content=\"article\" \/>\n<meta property=\"og:title\" content=\"Le PERITO MORENO - Abc-latina\" \/>\n<meta property=\"og:description\" content=\"Le glacier Perito Moreno est l&#039;un des trois seuls glaciers de Patagonie qui n&#039;est pas en r\u00e9gression. A la diff\u00e9rence d\u2019autres glaciers caract\u00e9ris\u00e9s par les effondrements de leurs murs...\" \/>\n<meta property=\"og:url\" content=\"https:\/\/abc-latina.com\/argentine\/perito-moreno\/\" \/>\n<meta property=\"og:site_name\" content=\"Abc-latina\" \/>\n<meta property=\"article:modified_time\" content=\"2026-04-30T16:24:45+00:00\" \/>\n<meta property=\"og:image\" content=\"https:\/\/abc-latina.com\/wp-content\/uploads\/2010\/06\/perito-moreno.jpg\" \/>\n\t<meta property=\"og:image:width\" content=\"220\" \/>\n\t<meta property=\"og:image:height\" content=\"220\" \/>\n\t<meta property=\"og:image:type\" content=\"image\/jpeg\" \/>\n<meta name=\"twitter:card\" content=\"summary_large_image\" \/>\n<meta name=\"twitter:label1\" content=\"Dur\u00e9e de lecture estim\u00e9e\" \/>\n\t<meta name=\"twitter:data1\" content=\"2 minutes\" \/>\n<script type=\"application\/ld+json\" class=\"yoast-schema-graph\">{\"@context\":\"https:\\\/\\\/schema.org\",\"@graph\":[{\"@type\":\"WebPage\",\"@id\":\"https:\\\/\\\/abc-latina.com\\\/argentine\\\/perito-moreno\\\/\",\"url\":\"https:\\\/\\\/abc-latina.com\\\/argentine\\\/perito-moreno\\\/\",\"name\":\"Le PERITO MORENO - Abc-latina\",\"isPartOf\":{\"@id\":\"https:\\\/\\\/abc-latina.com\\\/#website\"},\"primaryImageOfPage\":{\"@id\":\"https:\\\/\\\/abc-latina.com\\\/argentine\\\/perito-moreno\\\/#primaryimage\"},\"image\":{\"@id\":\"https:\\\/\\\/abc-latina.com\\\/argentine\\\/perito-moreno\\\/#primaryimage\"},\"thumbnailUrl\":\"https:\\\/\\\/abc-latina.com\\\/wp-content\\\/uploads\\\/2010\\\/06\\\/perito-moreno.jpg\",\"datePublished\":\"2010-06-01T02:48:05+00:00\",\"dateModified\":\"2026-04-30T16:24:45+00:00\",\"description\":\"Le glacier Perito Moreno est l'un des trois seuls glaciers de Patagonie qui n'est pas en r\u00e9gression. A la diff\u00e9rence d\u2019autres glaciers caract\u00e9ris\u00e9s par les effondrements de leurs murs...\",\"breadcrumb\":{\"@id\":\"https:\\\/\\\/abc-latina.com\\\/argentine\\\/perito-moreno\\\/#breadcrumb\"},\"inLanguage\":\"fr-FR\",\"potentialAction\":[{\"@type\":\"ReadAction\",\"target\":[\"https:\\\/\\\/abc-latina.com\\\/argentine\\\/perito-moreno\\\/\"]}]},{\"@type\":\"ImageObject\",\"inLanguage\":\"fr-FR\",\"@id\":\"https:\\\/\\\/abc-latina.com\\\/argentine\\\/perito-moreno\\\/#primaryimage\",\"url\":\"https:\\\/\\\/abc-latina.com\\\/wp-content\\\/uploads\\\/2010\\\/06\\\/perito-moreno.jpg\",\"contentUrl\":\"https:\\\/\\\/abc-latina.com\\\/wp-content\\\/uploads\\\/2010\\\/06\\\/perito-moreno.jpg\",\"width\":220,\"height\":220,\"caption\":\"GLACIER PERITO MORENO\"},{\"@type\":\"BreadcrumbList\",\"@id\":\"https:\\\/\\\/abc-latina.com\\\/argentine\\\/perito-moreno\\\/#breadcrumb\",\"itemListElement\":[{\"@type\":\"ListItem\",\"position\":1,\"name\":\"Accueil\",\"item\":\"https:\\\/\\\/abc-latina.com\\\/\"},{\"@type\":\"ListItem\",\"position\":2,\"name\":\"Le PERITO MORENO\"}]},{\"@type\":\"WebSite\",\"@id\":\"https:\\\/\\\/abc-latina.com\\\/#website\",\"url\":\"https:\\\/\\\/abc-latina.com\\\/\",\"name\":\"Abc-latina\",\"description\":\"\",\"publisher\":{\"@id\":\"https:\\\/\\\/abc-latina.com\\\/#organization\"},\"potentialAction\":[{\"@type\":\"SearchAction\",\"target\":{\"@type\":\"EntryPoint\",\"urlTemplate\":\"https:\\\/\\\/abc-latina.com\\\/?s={search_term_string}\"},\"query-input\":{\"@type\":\"PropertyValueSpecification\",\"valueRequired\":true,\"valueName\":\"search_term_string\"}}],\"inLanguage\":\"fr-FR\"},{\"@type\":\"Organization\",\"@id\":\"https:\\\/\\\/abc-latina.com\\\/#organization\",\"name\":\"Abc-latina\",\"url\":\"https:\\\/\\\/abc-latina.com\\\/\",\"logo\":{\"@type\":\"ImageObject\",\"inLanguage\":\"fr-FR\",\"@id\":\"https:\\\/\\\/abc-latina.com\\\/#\\\/schema\\\/logo\\\/image\\\/\",\"url\":\"https:\\\/\\\/abc-latina.com\\\/wp-content\\\/uploads\\\/2026\\\/05\\\/cropped-logo.gif\",\"contentUrl\":\"https:\\\/\\\/abc-latina.com\\\/wp-content\\\/uploads\\\/2026\\\/05\\\/cropped-logo.gif\",\"width\":89,\"height\":84,\"caption\":\"Abc-latina\"},\"image\":{\"@id\":\"https:\\\/\\\/abc-latina.com\\\/#\\\/schema\\\/logo\\\/image\\\/\"}}]}<\/script>\n<!-- \/ Yoast SEO plugin. -->","yoast_head_json":{"title":"Le PERITO MORENO - Abc-latina","description":"Le glacier Perito Moreno est l'un des trois seuls glaciers de Patagonie qui n'est pas en r\u00e9gression. A la diff\u00e9rence d\u2019autres glaciers caract\u00e9ris\u00e9s par les effondrements de leurs murs...","robots":{"index":"index","follow":"follow","max-snippet":"max-snippet:-1","max-image-preview":"max-image-preview:large","max-video-preview":"max-video-preview:-1"},"canonical":"https:\/\/abc-latina.com\/argentine\/perito-moreno\/","og_locale":"fr_FR","og_type":"article","og_title":"Le PERITO MORENO - Abc-latina","og_description":"Le glacier Perito Moreno est l'un des trois seuls glaciers de Patagonie qui n'est pas en r\u00e9gression. A la diff\u00e9rence d\u2019autres glaciers caract\u00e9ris\u00e9s par les effondrements de leurs murs...","og_url":"https:\/\/abc-latina.com\/argentine\/perito-moreno\/","og_site_name":"Abc-latina","article_modified_time":"2026-04-30T16:24:45+00:00","og_image":[{"width":220,"height":220,"url":"https:\/\/abc-latina.com\/wp-content\/uploads\/2010\/06\/perito-moreno.jpg","type":"image\/jpeg"}],"twitter_card":"summary_large_image","twitter_misc":{"Dur\u00e9e de lecture estim\u00e9e":"2 minutes"},"schema":{"@context":"https:\/\/schema.org","@graph":[{"@type":"WebPage","@id":"https:\/\/abc-latina.com\/argentine\/perito-moreno\/","url":"https:\/\/abc-latina.com\/argentine\/perito-moreno\/","name":"Le PERITO MORENO - Abc-latina","isPartOf":{"@id":"https:\/\/abc-latina.com\/#website"},"primaryImageOfPage":{"@id":"https:\/\/abc-latina.com\/argentine\/perito-moreno\/#primaryimage"},"image":{"@id":"https:\/\/abc-latina.com\/argentine\/perito-moreno\/#primaryimage"},"thumbnailUrl":"https:\/\/abc-latina.com\/wp-content\/uploads\/2010\/06\/perito-moreno.jpg","datePublished":"2010-06-01T02:48:05+00:00","dateModified":"2026-04-30T16:24:45+00:00","description":"Le glacier Perito Moreno est l'un des trois seuls glaciers de Patagonie qui n'est pas en r\u00e9gression. A la diff\u00e9rence d\u2019autres glaciers caract\u00e9ris\u00e9s par les effondrements de leurs murs...","breadcrumb":{"@id":"https:\/\/abc-latina.com\/argentine\/perito-moreno\/#breadcrumb"},"inLanguage":"fr-FR","potentialAction":[{"@type":"ReadAction","target":["https:\/\/abc-latina.com\/argentine\/perito-moreno\/"]}]},{"@type":"ImageObject","inLanguage":"fr-FR","@id":"https:\/\/abc-latina.com\/argentine\/perito-moreno\/#primaryimage","url":"https:\/\/abc-latina.com\/wp-content\/uploads\/2010\/06\/perito-moreno.jpg","contentUrl":"https:\/\/abc-latina.com\/wp-content\/uploads\/2010\/06\/perito-moreno.jpg","width":220,"height":220,"caption":"GLACIER PERITO MORENO"},{"@type":"BreadcrumbList","@id":"https:\/\/abc-latina.com\/argentine\/perito-moreno\/#breadcrumb","itemListElement":[{"@type":"ListItem","position":1,"name":"Accueil","item":"https:\/\/abc-latina.com\/"},{"@type":"ListItem","position":2,"name":"Le PERITO MORENO"}]},{"@type":"WebSite","@id":"https:\/\/abc-latina.com\/#website","url":"https:\/\/abc-latina.com\/","name":"Abc-latina","description":"","publisher":{"@id":"https:\/\/abc-latina.com\/#organization"},"potentialAction":[{"@type":"SearchAction","target":{"@type":"EntryPoint","urlTemplate":"https:\/\/abc-latina.com\/?s={search_term_string}"},"query-input":{"@type":"PropertyValueSpecification","valueRequired":true,"valueName":"search_term_string"}}],"inLanguage":"fr-FR"},{"@type":"Organization","@id":"https:\/\/abc-latina.com\/#organization","name":"Abc-latina","url":"https:\/\/abc-latina.com\/","logo":{"@type":"ImageObject","inLanguage":"fr-FR","@id":"https:\/\/abc-latina.com\/#\/schema\/logo\/image\/","url":"https:\/\/abc-latina.com\/wp-content\/uploads\/2026\/05\/cropped-logo.gif","contentUrl":"https:\/\/abc-latina.com\/wp-content\/uploads\/2026\/05\/cropped-logo.gif","width":89,"height":84,"caption":"Abc-latina"},"image":{"@id":"https:\/\/abc-latina.com\/#\/schema\/logo\/image\/"}}]}},"_links":{"self":[{"href":"https:\/\/abc-latina.com\/wp-json\/wp\/v2\/pages\/101","targetHints":{"allow":["GET"]}}],"collection":[{"href":"https:\/\/abc-latina.com\/wp-json\/wp\/v2\/pages"}],"about":[{"href":"https:\/\/abc-latina.com\/wp-json\/wp\/v2\/types\/page"}],"author":[{"embeddable":true,"href":"https:\/\/abc-latina.com\/wp-json\/wp\/v2\/users\/3"}],"replies":[{"embeddable":true,"href":"https:\/\/abc-latina.com\/wp-json\/wp\/v2\/comments?post=101"}],"version-history":[{"count":1,"href":"https:\/\/abc-latina.com\/wp-json\/wp\/v2\/pages\/101\/revisions"}],"predecessor-version":[{"id":3069,"href":"https:\/\/abc-latina.com\/wp-json\/wp\/v2\/pages\/101\/revisions\/3069"}],"up":[{"embeddable":true,"href":"https:\/\/abc-latina.com\/wp-json\/wp\/v2\/pages\/39"}],"wp:featuredmedia":[{"embeddable":true,"href":"https:\/\/abc-latina.com\/wp-json\/wp\/v2\/media\/100"}],"wp:attachment":[{"href":"https:\/\/abc-latina.com\/wp-json\/wp\/v2\/media?parent=101"}],"curies":[{"name":"wp","href":"https:\/\/api.w.org\/{rel}","templated":true}]}}