{"id":1019,"date":"2010-06-08T17:23:01","date_gmt":"2010-06-08T15:23:01","guid":{"rendered":"http:\/\/abc-latina.com\/photos_puerto_pizarro-htm\/"},"modified":"2018-06-09T19:49:22","modified_gmt":"2018-06-09T17:49:22","slug":"photos_puerto_pizarro","status":"publish","type":"page","link":"https:\/\/abc-latina.com\/perou\/photos_puerto_pizarro\/","title":{"rendered":"PHOTOS de PUERTO PIZARRO"},"content":{"rendered":"<table width=\"98%\" cellspacing=\"10\" cellpadding=\"10\" border=\"0\">\n<tbody>\n<tr>\n<td><img loading=\"lazy\" decoding=\"async\" class=\" size-full wp-image-1014\" src=\"http:\/\/abc-latina.com\/wp-content\/uploads\/2010\/06\/puertopiz1.jpg\" alt=\"\" width=\"508\" height=\"342\" srcset=\"https:\/\/abc-latina.com\/wp-content\/uploads\/2010\/06\/puertopiz1.jpg 508w, https:\/\/abc-latina.com\/wp-content\/uploads\/2010\/06\/puertopiz1-300x202.jpg 300w\" sizes=\"auto, (max-width: 508px) 100vw, 508px\" \/><\/td>\n<\/tr>\n<tr>\n<td>Barque permettant la visite des manglar\u00e9s<\/td>\n<\/tr>\n<tr>\n<td><img loading=\"lazy\" decoding=\"async\" class=\" size-full wp-image-1015\" src=\"http:\/\/abc-latina.com\/wp-content\/uploads\/2010\/06\/puertopiz4.jpg\" alt=\"\" width=\"509\" height=\"341\" srcset=\"https:\/\/abc-latina.com\/wp-content\/uploads\/2010\/06\/puertopiz4.jpg 509w, https:\/\/abc-latina.com\/wp-content\/uploads\/2010\/06\/puertopiz4-300x201.jpg 300w\" sizes=\"auto, (max-width: 509px) 100vw, 509px\" \/><\/td>\n<\/tr>\n<tr>\n<td>Le petit port de Puerto Pizarro &#8211; P\u00e9rou<\/td>\n<\/tr>\n<tr>\n<td><img loading=\"lazy\" decoding=\"async\" class=\" size-full wp-image-1016\" src=\"http:\/\/abc-latina.com\/wp-content\/uploads\/2010\/06\/puertopiz5.jpg\" alt=\"\" width=\"512\" height=\"341\" srcset=\"https:\/\/abc-latina.com\/wp-content\/uploads\/2010\/06\/puertopiz5.jpg 512w, https:\/\/abc-latina.com\/wp-content\/uploads\/2010\/06\/puertopiz5-300x200.jpg 300w\" sizes=\"auto, (max-width: 512px) 100vw, 512px\" \/><\/td>\n<\/tr>\n<tr>\n<td>P\u00e9cheurs \u00e0 Puerto Pizzaro<\/td>\n<\/tr>\n<tr>\n<td><img loading=\"lazy\" decoding=\"async\" class=\" size-full wp-image-1017\" src=\"http:\/\/abc-latina.com\/wp-content\/uploads\/2010\/06\/puertopiz2.jpg\" alt=\"\" width=\"508\" height=\"345\" srcset=\"https:\/\/abc-latina.com\/wp-content\/uploads\/2010\/06\/puertopiz2.jpg 508w, https:\/\/abc-latina.com\/wp-content\/uploads\/2010\/06\/puertopiz2-300x204.jpg 300w\" sizes=\"auto, (max-width: 508px) 100vw, 508px\" \/><\/td>\n<\/tr>\n<tr>\n<td>Les manglares pr\u00e9s de Puerto Pizzaro<\/td>\n<\/tr>\n<tr>\n<td><img loading=\"lazy\" decoding=\"async\" class=\" size-full wp-image-1018\" src=\"http:\/\/abc-latina.com\/wp-content\/uploads\/2010\/06\/puertopiz3.jpg\" alt=\"\" width=\"345\" height=\"500\" srcset=\"https:\/\/abc-latina.com\/wp-content\/uploads\/2010\/06\/puertopiz3.jpg 345w, https:\/\/abc-latina.com\/wp-content\/uploads\/2010\/06\/puertopiz3-207x300.jpg 207w\" sizes=\"auto, (max-width: 345px) 100vw, 345px\" \/><\/td>\n<\/tr>\n<tr>\n<td>La faune dans les Manglares pr\u00e8s de Puerto Pizzaro<\/td>\n<\/tr>\n<\/tbody>\n<\/table>\n","protected":false},"excerpt":{"rendered":"<p>Barque permettant la visite des manglar\u00e9s Le petit port de Puerto Pizarro &#8211; P\u00e9rou P\u00e9cheurs \u00e0 Puerto Pizzaro Les manglares [&hellip;]<\/p>\n","protected":false},"author":3,"featured_media":1014,"parent":2118,"menu_order":0,"comment_status":"closed","ping_status":"closed","template":"","meta":{"site-sidebar-layout":"default","site-content-layout":"","ast-site-content-layout":"default","site-content-style":"default","site-sidebar-style":"default","ast-global-header-display":"","ast-banner-title-visibility":"","ast-main-header-display":"","ast-hfb-above-header-display":"","ast-hfb-below-header-display":"","ast-hfb-mobile-header-display":"","site-post-title":"","ast-breadcrumbs-content":"","ast-featured-img":"","footer-sml-layout":"","ast-disable-related-posts":"","theme-transparent-header-meta":"","adv-header-id-meta":"","stick-header-meta":"","header-above-stick-meta":"","header-main-stick-meta":"","header-below-stick-meta":"","astra-migrate-meta-layouts":"default","ast-page-background-enabled":"default","ast-page-background-meta":{"desktop":{"background-color":"var(--ast-global-color-5)","background-image":"","background-repeat":"repeat","background-position":"center center","background-size":"auto","background-attachment":"scroll","background-type":"","background-media":"","overlay-type":"","overlay-color":"","overlay-opacity":"","overlay-gradient":""},"tablet":{"background-color":"","background-image":"","background-repeat":"repeat","background-position":"center center","background-size":"auto","background-attachment":"scroll","background-type":"","background-media":"","overlay-type":"","overlay-color":"","overlay-opacity":"","overlay-gradient":""},"mobile":{"background-color":"","background-image":"","background-repeat":"repeat","background-position":"center center","background-size":"auto","background-attachment":"scroll","background-type":"","background-media":"","overlay-type":"","overlay-color":"","overlay-opacity":"","overlay-gradient":""}},"ast-content-background-meta":{"desktop":{"background-color":"var(--ast-global-color-4)","background-image":"","background-repeat":"repeat","background-position":"center center","background-size":"auto","background-attachment":"scroll","background-type":"","background-media":"","overlay-type":"","overlay-color":"","overlay-opacity":"","overlay-gradient":""},"tablet":{"background-color":"var(--ast-global-color-4)","background-image":"","background-repeat":"repeat","background-position":"center center","background-size":"auto","background-attachment":"scroll","background-type":"","background-media":"","overlay-type":"","overlay-color":"","overlay-opacity":"","overlay-gradient":""},"mobile":{"background-color":"var(--ast-global-color-4)","background-image":"","background-repeat":"repeat","background-position":"center center","background-size":"auto","background-attachment":"scroll","background-type":"","background-media":"","overlay-type":"","overlay-color":"","overlay-opacity":"","overlay-gradient":""}},"footnotes":""},"class_list":["post-1019","page","type-page","status-publish","has-post-thumbnail","hentry"],"yoast_head":"<!-- This site is optimized with the Yoast SEO plugin v27.5 - https:\/\/yoast.com\/product\/yoast-seo-wordpress\/ -->\n<title>PHOTOS de PUERTO PIZARRO - Abc-latina<\/title>\n<meta name=\"description\" content=\"Photos du village de Puerto Pizarro au nord du P\u00e9rou.\" \/>\n<meta name=\"robots\" content=\"index, follow, max-snippet:-1, max-image-preview:large, max-video-preview:-1\" \/>\n<link rel=\"canonical\" href=\"https:\/\/abc-latina.com\/perou\/photos_puerto_pizarro\/\" \/>\n<meta property=\"og:locale\" content=\"fr_FR\" \/>\n<meta property=\"og:type\" content=\"article\" \/>\n<meta property=\"og:title\" content=\"PHOTOS de PUERTO PIZARRO - Abc-latina\" \/>\n<meta property=\"og:description\" content=\"Photos du village de Puerto Pizarro au nord du P\u00e9rou.\" \/>\n<meta property=\"og:url\" content=\"https:\/\/abc-latina.com\/perou\/photos_puerto_pizarro\/\" \/>\n<meta property=\"og:site_name\" content=\"Abc-latina\" \/>\n<meta property=\"article:modified_time\" content=\"2018-06-09T17:49:22+00:00\" \/>\n<meta property=\"og:image\" content=\"https:\/\/abc-latina.com\/wp-content\/uploads\/2010\/06\/puertopiz1.jpg\" \/>\n\t<meta property=\"og:image:width\" content=\"508\" \/>\n\t<meta property=\"og:image:height\" content=\"342\" \/>\n\t<meta property=\"og:image:type\" content=\"image\/jpeg\" \/>\n<meta name=\"twitter:card\" content=\"summary_large_image\" \/>\n<script type=\"application\/ld+json\" class=\"yoast-schema-graph\">{\"@context\":\"https:\\\/\\\/schema.org\",\"@graph\":[{\"@type\":\"WebPage\",\"@id\":\"https:\\\/\\\/abc-latina.com\\\/perou\\\/photos_puerto_pizarro\\\/\",\"url\":\"https:\\\/\\\/abc-latina.com\\\/perou\\\/photos_puerto_pizarro\\\/\",\"name\":\"PHOTOS de PUERTO PIZARRO - Abc-latina\",\"isPartOf\":{\"@id\":\"https:\\\/\\\/abc-latina.com\\\/#website\"},\"primaryImageOfPage\":{\"@id\":\"https:\\\/\\\/abc-latina.com\\\/perou\\\/photos_puerto_pizarro\\\/#primaryimage\"},\"image\":{\"@id\":\"https:\\\/\\\/abc-latina.com\\\/perou\\\/photos_puerto_pizarro\\\/#primaryimage\"},\"thumbnailUrl\":\"https:\\\/\\\/abc-latina.com\\\/wp-content\\\/uploads\\\/2010\\\/06\\\/puertopiz1.jpg\",\"datePublished\":\"2010-06-08T15:23:01+00:00\",\"dateModified\":\"2018-06-09T17:49:22+00:00\",\"description\":\"Photos du village de Puerto Pizarro au nord du P\u00e9rou.\",\"breadcrumb\":{\"@id\":\"https:\\\/\\\/abc-latina.com\\\/perou\\\/photos_puerto_pizarro\\\/#breadcrumb\"},\"inLanguage\":\"fr-FR\",\"potentialAction\":[{\"@type\":\"ReadAction\",\"target\":[\"https:\\\/\\\/abc-latina.com\\\/perou\\\/photos_puerto_pizarro\\\/\"]}]},{\"@type\":\"ImageObject\",\"inLanguage\":\"fr-FR\",\"@id\":\"https:\\\/\\\/abc-latina.com\\\/perou\\\/photos_puerto_pizarro\\\/#primaryimage\",\"url\":\"https:\\\/\\\/abc-latina.com\\\/wp-content\\\/uploads\\\/2010\\\/06\\\/puertopiz1.jpg\",\"contentUrl\":\"https:\\\/\\\/abc-latina.com\\\/wp-content\\\/uploads\\\/2010\\\/06\\\/puertopiz1.jpg\",\"width\":508,\"height\":342},{\"@type\":\"BreadcrumbList\",\"@id\":\"https:\\\/\\\/abc-latina.com\\\/perou\\\/photos_puerto_pizarro\\\/#breadcrumb\",\"itemListElement\":[{\"@type\":\"ListItem\",\"position\":1,\"name\":\"Accueil\",\"item\":\"https:\\\/\\\/abc-latina.com\\\/\"},{\"@type\":\"ListItem\",\"position\":2,\"name\":\"PHOTOS de PUERTO PIZARRO\"}]},{\"@type\":\"WebSite\",\"@id\":\"https:\\\/\\\/abc-latina.com\\\/#website\",\"url\":\"https:\\\/\\\/abc-latina.com\\\/\",\"name\":\"Abc-latina\",\"description\":\"\",\"publisher\":{\"@id\":\"https:\\\/\\\/abc-latina.com\\\/#organization\"},\"potentialAction\":[{\"@type\":\"SearchAction\",\"target\":{\"@type\":\"EntryPoint\",\"urlTemplate\":\"https:\\\/\\\/abc-latina.com\\\/?s={search_term_string}\"},\"query-input\":{\"@type\":\"PropertyValueSpecification\",\"valueRequired\":true,\"valueName\":\"search_term_string\"}}],\"inLanguage\":\"fr-FR\"},{\"@type\":\"Organization\",\"@id\":\"https:\\\/\\\/abc-latina.com\\\/#organization\",\"name\":\"Abc-latina\",\"url\":\"https:\\\/\\\/abc-latina.com\\\/\",\"logo\":{\"@type\":\"ImageObject\",\"inLanguage\":\"fr-FR\",\"@id\":\"https:\\\/\\\/abc-latina.com\\\/#\\\/schema\\\/logo\\\/image\\\/\",\"url\":\"https:\\\/\\\/abc-latina.com\\\/wp-content\\\/uploads\\\/2026\\\/05\\\/cropped-logo.gif\",\"contentUrl\":\"https:\\\/\\\/abc-latina.com\\\/wp-content\\\/uploads\\\/2026\\\/05\\\/cropped-logo.gif\",\"width\":89,\"height\":84,\"caption\":\"Abc-latina\"},\"image\":{\"@id\":\"https:\\\/\\\/abc-latina.com\\\/#\\\/schema\\\/logo\\\/image\\\/\"}}]}<\/script>\n<!-- \/ Yoast SEO plugin. -->","yoast_head_json":{"title":"PHOTOS de PUERTO PIZARRO - Abc-latina","description":"Photos du village de Puerto Pizarro au nord du P\u00e9rou.","robots":{"index":"index","follow":"follow","max-snippet":"max-snippet:-1","max-image-preview":"max-image-preview:large","max-video-preview":"max-video-preview:-1"},"canonical":"https:\/\/abc-latina.com\/perou\/photos_puerto_pizarro\/","og_locale":"fr_FR","og_type":"article","og_title":"PHOTOS de PUERTO PIZARRO - Abc-latina","og_description":"Photos du village de Puerto Pizarro au nord du P\u00e9rou.","og_url":"https:\/\/abc-latina.com\/perou\/photos_puerto_pizarro\/","og_site_name":"Abc-latina","article_modified_time":"2018-06-09T17:49:22+00:00","og_image":[{"width":508,"height":342,"url":"https:\/\/abc-latina.com\/wp-content\/uploads\/2010\/06\/puertopiz1.jpg","type":"image\/jpeg"}],"twitter_card":"summary_large_image","schema":{"@context":"https:\/\/schema.org","@graph":[{"@type":"WebPage","@id":"https:\/\/abc-latina.com\/perou\/photos_puerto_pizarro\/","url":"https:\/\/abc-latina.com\/perou\/photos_puerto_pizarro\/","name":"PHOTOS de PUERTO PIZARRO - Abc-latina","isPartOf":{"@id":"https:\/\/abc-latina.com\/#website"},"primaryImageOfPage":{"@id":"https:\/\/abc-latina.com\/perou\/photos_puerto_pizarro\/#primaryimage"},"image":{"@id":"https:\/\/abc-latina.com\/perou\/photos_puerto_pizarro\/#primaryimage"},"thumbnailUrl":"https:\/\/abc-latina.com\/wp-content\/uploads\/2010\/06\/puertopiz1.jpg","datePublished":"2010-06-08T15:23:01+00:00","dateModified":"2018-06-09T17:49:22+00:00","description":"Photos du village de Puerto Pizarro au nord du P\u00e9rou.","breadcrumb":{"@id":"https:\/\/abc-latina.com\/perou\/photos_puerto_pizarro\/#breadcrumb"},"inLanguage":"fr-FR","potentialAction":[{"@type":"ReadAction","target":["https:\/\/abc-latina.com\/perou\/photos_puerto_pizarro\/"]}]},{"@type":"ImageObject","inLanguage":"fr-FR","@id":"https:\/\/abc-latina.com\/perou\/photos_puerto_pizarro\/#primaryimage","url":"https:\/\/abc-latina.com\/wp-content\/uploads\/2010\/06\/puertopiz1.jpg","contentUrl":"https:\/\/abc-latina.com\/wp-content\/uploads\/2010\/06\/puertopiz1.jpg","width":508,"height":342},{"@type":"BreadcrumbList","@id":"https:\/\/abc-latina.com\/perou\/photos_puerto_pizarro\/#breadcrumb","itemListElement":[{"@type":"ListItem","position":1,"name":"Accueil","item":"https:\/\/abc-latina.com\/"},{"@type":"ListItem","position":2,"name":"PHOTOS de PUERTO PIZARRO"}]},{"@type":"WebSite","@id":"https:\/\/abc-latina.com\/#website","url":"https:\/\/abc-latina.com\/","name":"Abc-latina","description":"","publisher":{"@id":"https:\/\/abc-latina.com\/#organization"},"potentialAction":[{"@type":"SearchAction","target":{"@type":"EntryPoint","urlTemplate":"https:\/\/abc-latina.com\/?s={search_term_string}"},"query-input":{"@type":"PropertyValueSpecification","valueRequired":true,"valueName":"search_term_string"}}],"inLanguage":"fr-FR"},{"@type":"Organization","@id":"https:\/\/abc-latina.com\/#organization","name":"Abc-latina","url":"https:\/\/abc-latina.com\/","logo":{"@type":"ImageObject","inLanguage":"fr-FR","@id":"https:\/\/abc-latina.com\/#\/schema\/logo\/image\/","url":"https:\/\/abc-latina.com\/wp-content\/uploads\/2026\/05\/cropped-logo.gif","contentUrl":"https:\/\/abc-latina.com\/wp-content\/uploads\/2026\/05\/cropped-logo.gif","width":89,"height":84,"caption":"Abc-latina"},"image":{"@id":"https:\/\/abc-latina.com\/#\/schema\/logo\/image\/"}}]}},"_links":{"self":[{"href":"https:\/\/abc-latina.com\/wp-json\/wp\/v2\/pages\/1019","targetHints":{"allow":["GET"]}}],"collection":[{"href":"https:\/\/abc-latina.com\/wp-json\/wp\/v2\/pages"}],"about":[{"href":"https:\/\/abc-latina.com\/wp-json\/wp\/v2\/types\/page"}],"author":[{"embeddable":true,"href":"https:\/\/abc-latina.com\/wp-json\/wp\/v2\/users\/3"}],"replies":[{"embeddable":true,"href":"https:\/\/abc-latina.com\/wp-json\/wp\/v2\/comments?post=1019"}],"version-history":[{"count":0,"href":"https:\/\/abc-latina.com\/wp-json\/wp\/v2\/pages\/1019\/revisions"}],"up":[{"embeddable":true,"href":"https:\/\/abc-latina.com\/wp-json\/wp\/v2\/pages\/2118"}],"wp:featuredmedia":[{"embeddable":true,"href":"https:\/\/abc-latina.com\/wp-json\/wp\/v2\/media\/1014"}],"wp:attachment":[{"href":"https:\/\/abc-latina.com\/wp-json\/wp\/v2\/media?parent=1019"}],"curies":[{"name":"wp","href":"https:\/\/api.w.org\/{rel}","templated":true}]}}