{"id":102,"date":"2010-06-01T04:50:19","date_gmt":"2010-06-01T02:50:19","guid":{"rendered":"http:\/\/abc-latina.com\/peuple-htm\/"},"modified":"2026-04-30T18:24:45","modified_gmt":"2026-04-30T16:24:45","slug":"peuple","status":"publish","type":"page","link":"https:\/\/abc-latina.com\/argentine\/peuple\/","title":{"rendered":"Le PEUPLE ARGENTIN"},"content":{"rendered":"<p>La population argentine d\u00e9passe \u00e0 peine les 40 millions d&rsquo;habitants, la majorit\u00e9 descendants des Europ\u00e9ens qui \u00e9migr\u00e8rent en flot continu de 1880 \u00e0 1960<\/p>\n<p><span class=\"geo-info\">DONNEES DEMOGRAPHIQUES<\/span><\/p>\n<div>Taux de mortalit\u00e9 infantile:&nbsp;<\/div>\n<div>Nombre d&rsquo;enfant(s) par femme:&nbsp;<\/div>\n<div>Taux de croissance:&nbsp;<\/div>\n<div>Population de plus de 65 ans (en milliers):&nbsp;<\/div>\n<p>Population : 40,6 millions<br \/> Esp\u00e9rance de vie : 75,2 ans<br \/> Taux d&rsquo;alphab\u00e9tisation : 97,4%<br \/> Indice de d\u00e9veloppement humain (PNUD 2007) : 38\u00e8me \/ 177 (0,869)<\/p>\n<p>&nbsp;<\/p>\n<div><strong>Evolution de la population<\/strong><\/div>\n<div>1869:&nbsp;<span style=\"white-space:pre\" class=\"Apple-tab-span\">\t<\/span>&nbsp; 1.830.214<\/div>\n<div>1895:&nbsp;<span style=\"white-space:pre\" class=\"Apple-tab-span\">\t<\/span>&nbsp; 4.044.911<\/div>\n<div>1914:&nbsp;<span style=\"white-space:pre\" class=\"Apple-tab-span\">\t<\/span>&nbsp; 7.903.662<\/div>\n<div>1947: <span style=\"white-space:pre\" class=\"Apple-tab-span\">\t<\/span>15.893.827<\/div>\n<div>1960:&nbsp;<span style=\"white-space:pre\" class=\"Apple-tab-span\">\t<\/span>20.013.793<\/div>\n<div>1970:&nbsp;<span style=\"white-space:pre\" class=\"Apple-tab-span\">\t<\/span>23.364.431<\/div>\n<div>1980:&nbsp;<span style=\"white-space:pre\" class=\"Apple-tab-span\">\t<\/span>27.949.480<\/div>\n<div>1991:&nbsp;<span style=\"white-space:pre\" class=\"Apple-tab-span\">\t<\/span>32.615.528<\/div>\n<div>2001:&nbsp;<span style=\"white-space:pre\" class=\"Apple-tab-span\">\t<\/span>36.223.947<\/div>\n<div>2010:&nbsp;<span style=\"white-space:pre\" class=\"Apple-tab-span\">\t<\/span>40.091.359<\/div>\n<p>&nbsp;<\/p>\n<p><span class=\"geo-info2\">Religion(s) :<\/span><br \/> catholique romaine 88%, protestante 7%, juive 2%, autres 3%<\/p>\n<p><span class=\"geo-info2\">Artistes argentins:<\/span><br \/> Mercedes Sosa<\/p>\n<p><span class=\"geo-info2\">Sportifs argentins:<\/span><br \/> Diego Maradona<br \/> Guillermo Vilas<br \/> Jose Luis Clerc<br \/> Juan Manuel Fangio<br \/> Carlos Monzon<br \/> Carlos Tevez<br \/> Lionel Messi<br \/> Juan Martin Hernandez<\/p>\n","protected":false},"excerpt":{"rendered":"<p>La population argentine d\u00e9passe \u00e0 peine les 40 millions d&rsquo;habitants, la majorit\u00e9 descendants des Europ\u00e9ens qui \u00e9migr\u00e8rent en flot continu [&hellip;]<\/p>\n","protected":false},"author":3,"featured_media":0,"parent":39,"menu_order":0,"comment_status":"closed","ping_status":"closed","template":"","meta":{"site-sidebar-layout":"default","site-content-layout":"","ast-site-content-layout":"default","site-content-style":"default","site-sidebar-style":"default","ast-global-header-display":"","ast-banner-title-visibility":"","ast-main-header-display":"","ast-hfb-above-header-display":"","ast-hfb-below-header-display":"","ast-hfb-mobile-header-display":"","site-post-title":"","ast-breadcrumbs-content":"","ast-featured-img":"","footer-sml-layout":"","ast-disable-related-posts":"","theme-transparent-header-meta":"","adv-header-id-meta":"","stick-header-meta":"","header-above-stick-meta":"","header-main-stick-meta":"","header-below-stick-meta":"","astra-migrate-meta-layouts":"default","ast-page-background-enabled":"default","ast-page-background-meta":{"desktop":{"background-color":"var(--ast-global-color-5)","background-image":"","background-repeat":"repeat","background-position":"center center","background-size":"auto","background-attachment":"scroll","background-type":"","background-media":"","overlay-type":"","overlay-color":"","overlay-opacity":"","overlay-gradient":""},"tablet":{"background-color":"","background-image":"","background-repeat":"repeat","background-position":"center center","background-size":"auto","background-attachment":"scroll","background-type":"","background-media":"","overlay-type":"","overlay-color":"","overlay-opacity":"","overlay-gradient":""},"mobile":{"background-color":"","background-image":"","background-repeat":"repeat","background-position":"center center","background-size":"auto","background-attachment":"scroll","background-type":"","background-media":"","overlay-type":"","overlay-color":"","overlay-opacity":"","overlay-gradient":""}},"ast-content-background-meta":{"desktop":{"background-color":"var(--ast-global-color-4)","background-image":"","background-repeat":"repeat","background-position":"center center","background-size":"auto","background-attachment":"scroll","background-type":"","background-media":"","overlay-type":"","overlay-color":"","overlay-opacity":"","overlay-gradient":""},"tablet":{"background-color":"var(--ast-global-color-4)","background-image":"","background-repeat":"repeat","background-position":"center center","background-size":"auto","background-attachment":"scroll","background-type":"","background-media":"","overlay-type":"","overlay-color":"","overlay-opacity":"","overlay-gradient":""},"mobile":{"background-color":"var(--ast-global-color-4)","background-image":"","background-repeat":"repeat","background-position":"center center","background-size":"auto","background-attachment":"scroll","background-type":"","background-media":"","overlay-type":"","overlay-color":"","overlay-opacity":"","overlay-gradient":""}},"footnotes":""},"class_list":["post-102","page","type-page","status-publish","hentry"],"yoast_head":"<!-- This site is optimized with the Yoast SEO plugin v27.5 - https:\/\/yoast.com\/product\/yoast-seo-wordpress\/ -->\n<title>Le PEUPLE ARGENTIN - Abc-latina<\/title>\n<meta name=\"description\" content=\"Les origines du peuple argentin.\" \/>\n<meta name=\"robots\" content=\"index, follow, max-snippet:-1, max-image-preview:large, max-video-preview:-1\" \/>\n<link rel=\"canonical\" href=\"https:\/\/abc-latina.com\/argentine\/peuple\/\" \/>\n<meta property=\"og:locale\" content=\"fr_FR\" \/>\n<meta property=\"og:type\" content=\"article\" \/>\n<meta property=\"og:title\" content=\"Le PEUPLE ARGENTIN - Abc-latina\" \/>\n<meta property=\"og:description\" content=\"Les origines du peuple argentin.\" \/>\n<meta property=\"og:url\" content=\"https:\/\/abc-latina.com\/argentine\/peuple\/\" \/>\n<meta property=\"og:site_name\" content=\"Abc-latina\" \/>\n<meta property=\"article:modified_time\" content=\"2026-04-30T16:24:45+00:00\" \/>\n<meta name=\"twitter:card\" content=\"summary_large_image\" \/>\n<meta name=\"twitter:label1\" content=\"Dur\u00e9e de lecture estim\u00e9e\" \/>\n\t<meta name=\"twitter:data1\" content=\"1 minute\" \/>\n<script type=\"application\/ld+json\" class=\"yoast-schema-graph\">{\"@context\":\"https:\\\/\\\/schema.org\",\"@graph\":[{\"@type\":\"WebPage\",\"@id\":\"https:\\\/\\\/abc-latina.com\\\/argentine\\\/peuple\\\/\",\"url\":\"https:\\\/\\\/abc-latina.com\\\/argentine\\\/peuple\\\/\",\"name\":\"Le PEUPLE ARGENTIN - Abc-latina\",\"isPartOf\":{\"@id\":\"https:\\\/\\\/abc-latina.com\\\/#website\"},\"datePublished\":\"2010-06-01T02:50:19+00:00\",\"dateModified\":\"2026-04-30T16:24:45+00:00\",\"description\":\"Les origines du peuple argentin.\",\"breadcrumb\":{\"@id\":\"https:\\\/\\\/abc-latina.com\\\/argentine\\\/peuple\\\/#breadcrumb\"},\"inLanguage\":\"fr-FR\",\"potentialAction\":[{\"@type\":\"ReadAction\",\"target\":[\"https:\\\/\\\/abc-latina.com\\\/argentine\\\/peuple\\\/\"]}]},{\"@type\":\"BreadcrumbList\",\"@id\":\"https:\\\/\\\/abc-latina.com\\\/argentine\\\/peuple\\\/#breadcrumb\",\"itemListElement\":[{\"@type\":\"ListItem\",\"position\":1,\"name\":\"Accueil\",\"item\":\"https:\\\/\\\/abc-latina.com\\\/\"},{\"@type\":\"ListItem\",\"position\":2,\"name\":\"Le PEUPLE ARGENTIN\"}]},{\"@type\":\"WebSite\",\"@id\":\"https:\\\/\\\/abc-latina.com\\\/#website\",\"url\":\"https:\\\/\\\/abc-latina.com\\\/\",\"name\":\"Abc-latina\",\"description\":\"\",\"publisher\":{\"@id\":\"https:\\\/\\\/abc-latina.com\\\/#organization\"},\"potentialAction\":[{\"@type\":\"SearchAction\",\"target\":{\"@type\":\"EntryPoint\",\"urlTemplate\":\"https:\\\/\\\/abc-latina.com\\\/?s={search_term_string}\"},\"query-input\":{\"@type\":\"PropertyValueSpecification\",\"valueRequired\":true,\"valueName\":\"search_term_string\"}}],\"inLanguage\":\"fr-FR\"},{\"@type\":\"Organization\",\"@id\":\"https:\\\/\\\/abc-latina.com\\\/#organization\",\"name\":\"Abc-latina\",\"url\":\"https:\\\/\\\/abc-latina.com\\\/\",\"logo\":{\"@type\":\"ImageObject\",\"inLanguage\":\"fr-FR\",\"@id\":\"https:\\\/\\\/abc-latina.com\\\/#\\\/schema\\\/logo\\\/image\\\/\",\"url\":\"https:\\\/\\\/abc-latina.com\\\/wp-content\\\/uploads\\\/2026\\\/05\\\/cropped-logo.gif\",\"contentUrl\":\"https:\\\/\\\/abc-latina.com\\\/wp-content\\\/uploads\\\/2026\\\/05\\\/cropped-logo.gif\",\"width\":89,\"height\":84,\"caption\":\"Abc-latina\"},\"image\":{\"@id\":\"https:\\\/\\\/abc-latina.com\\\/#\\\/schema\\\/logo\\\/image\\\/\"}}]}<\/script>\n<!-- \/ Yoast SEO plugin. -->","yoast_head_json":{"title":"Le PEUPLE ARGENTIN - Abc-latina","description":"Les origines du peuple argentin.","robots":{"index":"index","follow":"follow","max-snippet":"max-snippet:-1","max-image-preview":"max-image-preview:large","max-video-preview":"max-video-preview:-1"},"canonical":"https:\/\/abc-latina.com\/argentine\/peuple\/","og_locale":"fr_FR","og_type":"article","og_title":"Le PEUPLE ARGENTIN - Abc-latina","og_description":"Les origines du peuple argentin.","og_url":"https:\/\/abc-latina.com\/argentine\/peuple\/","og_site_name":"Abc-latina","article_modified_time":"2026-04-30T16:24:45+00:00","twitter_card":"summary_large_image","twitter_misc":{"Dur\u00e9e de lecture estim\u00e9e":"1 minute"},"schema":{"@context":"https:\/\/schema.org","@graph":[{"@type":"WebPage","@id":"https:\/\/abc-latina.com\/argentine\/peuple\/","url":"https:\/\/abc-latina.com\/argentine\/peuple\/","name":"Le PEUPLE ARGENTIN - Abc-latina","isPartOf":{"@id":"https:\/\/abc-latina.com\/#website"},"datePublished":"2010-06-01T02:50:19+00:00","dateModified":"2026-04-30T16:24:45+00:00","description":"Les origines du peuple argentin.","breadcrumb":{"@id":"https:\/\/abc-latina.com\/argentine\/peuple\/#breadcrumb"},"inLanguage":"fr-FR","potentialAction":[{"@type":"ReadAction","target":["https:\/\/abc-latina.com\/argentine\/peuple\/"]}]},{"@type":"BreadcrumbList","@id":"https:\/\/abc-latina.com\/argentine\/peuple\/#breadcrumb","itemListElement":[{"@type":"ListItem","position":1,"name":"Accueil","item":"https:\/\/abc-latina.com\/"},{"@type":"ListItem","position":2,"name":"Le PEUPLE ARGENTIN"}]},{"@type":"WebSite","@id":"https:\/\/abc-latina.com\/#website","url":"https:\/\/abc-latina.com\/","name":"Abc-latina","description":"","publisher":{"@id":"https:\/\/abc-latina.com\/#organization"},"potentialAction":[{"@type":"SearchAction","target":{"@type":"EntryPoint","urlTemplate":"https:\/\/abc-latina.com\/?s={search_term_string}"},"query-input":{"@type":"PropertyValueSpecification","valueRequired":true,"valueName":"search_term_string"}}],"inLanguage":"fr-FR"},{"@type":"Organization","@id":"https:\/\/abc-latina.com\/#organization","name":"Abc-latina","url":"https:\/\/abc-latina.com\/","logo":{"@type":"ImageObject","inLanguage":"fr-FR","@id":"https:\/\/abc-latina.com\/#\/schema\/logo\/image\/","url":"https:\/\/abc-latina.com\/wp-content\/uploads\/2026\/05\/cropped-logo.gif","contentUrl":"https:\/\/abc-latina.com\/wp-content\/uploads\/2026\/05\/cropped-logo.gif","width":89,"height":84,"caption":"Abc-latina"},"image":{"@id":"https:\/\/abc-latina.com\/#\/schema\/logo\/image\/"}}]}},"_links":{"self":[{"href":"https:\/\/abc-latina.com\/wp-json\/wp\/v2\/pages\/102","targetHints":{"allow":["GET"]}}],"collection":[{"href":"https:\/\/abc-latina.com\/wp-json\/wp\/v2\/pages"}],"about":[{"href":"https:\/\/abc-latina.com\/wp-json\/wp\/v2\/types\/page"}],"author":[{"embeddable":true,"href":"https:\/\/abc-latina.com\/wp-json\/wp\/v2\/users\/3"}],"replies":[{"embeddable":true,"href":"https:\/\/abc-latina.com\/wp-json\/wp\/v2\/comments?post=102"}],"version-history":[{"count":1,"href":"https:\/\/abc-latina.com\/wp-json\/wp\/v2\/pages\/102\/revisions"}],"predecessor-version":[{"id":3070,"href":"https:\/\/abc-latina.com\/wp-json\/wp\/v2\/pages\/102\/revisions\/3070"}],"up":[{"embeddable":true,"href":"https:\/\/abc-latina.com\/wp-json\/wp\/v2\/pages\/39"}],"wp:attachment":[{"href":"https:\/\/abc-latina.com\/wp-json\/wp\/v2\/media?parent=102"}],"curies":[{"name":"wp","href":"https:\/\/api.w.org\/{rel}","templated":true}]}}