{"id":1095,"date":"2010-06-14T03:15:42","date_gmt":"2010-06-14T01:15:42","guid":{"rendered":"http:\/\/abc-latina.com\/economie-htm-2\/"},"modified":"2026-04-30T18:24:41","modified_gmt":"2026-04-30T16:24:41","slug":"economie","status":"publish","type":"page","link":"https:\/\/abc-latina.com\/amerique_latine\/economie\/","title":{"rendered":"L&rsquo; ECONOMIE DE L&rsquo;AMERIQUE LATINE"},"content":{"rendered":"<div><a href=\"https:\/\/www.abc-latina.com\/argentine\/economie\">ARGENTINE<\/a> . <a href=\"https:\/\/www.abc-latina.com\/belize\/economie\">BELIZE<\/a> . <a href=\"https:\/\/www.abc-latina.com\/bolivie\/economie\">BOLIVIE<\/a> . <a href=\"https:\/\/www.abc-latina.com\/bresil\/economie\">BRESIL<\/a> . <a href=\"https:\/\/www.abc-latina.com\/chili\/economie\">CHILI<\/a> . <a href=\"https:\/\/www.abc-latina.com\/colombie\/economie\">COLOMBIE<\/a> . <a href=\"https:\/\/www.abc-latina.com\/costarica\/economie\">COSTA RICA<\/a> . <a href=\"https:\/\/www.abc-latina.com\/cuba\/economie\">CUBA<\/a> . <a href=\"https:\/\/www.abc-latina.com\/equateur\/economie\">EQUATEUR<\/a> . <a href=\"javascript:void(0)\/*315*\/\">&nbsp;EL SALVADOR<\/a>&nbsp;.&nbsp;<a href=\"https:\/\/www.abc-latina.com\/guatemala\/economie\">GUATEMALA<\/a> . <a href=\"https:\/\/www.abc-latina.com\/honduras\/economie\">HONDURAS<\/a> . <a target=\"_blank\" href=\"https:\/\/www.abc-latina.com\/mexique\/economie\">MEXIQUE<\/a> . <a href=\"https:\/\/www.abc-latina.com\/nicaragua\/economie\">NICARAGUA<\/a> . <a href=\"https:\/\/www.abc-latina.com\/panama\/economie\">PANAMA<\/a> . <a href=\"https:\/\/www.abc-latina.com\/paraguay\/economie\">PARAGUAY<\/a> . <a href=\"https:\/\/www.abc-latina.com\/perou\/economie\">PEROU<\/a> . &nbsp;<a href=\"https:\/\/www.abc-latina.com\/uruguay\/economie\">URUGUAY<\/a> . <a href=\"https:\/\/www.abc-latina.com\/venezuela\/economie\">VENEZUELA<\/a><\/p>\n<div>&nbsp;<\/div>\n<div><span class=\"eco-indic\">Un peu d&rsquo;histoire \u00e9conomique &#8230;<\/span><\/div>\n<div><img loading=\"lazy\" decoding=\"async\" class=\" alignright size-full wp-image-68\" title=\"ECONOMIE de L'AMERIQUE LATINE\" src=\"http:\/\/abc-latina.com\/wp-content\/uploads\/2010\/06\/economie.jpg\" alt=\"ECONOMIE de L'AMERIQUE LATINE\" width=\"220\" vspace=\"9\" hspace=\"15\" height=\"220\" align=\"right\" srcset=\"https:\/\/abc-latina.com\/wp-content\/uploads\/2010\/06\/economie.jpg 220w, https:\/\/abc-latina.com\/wp-content\/uploads\/2010\/06\/economie-150x150.jpg 150w\" sizes=\"auto, (max-width: 220px) 100vw, 220px\" \/>Apr\u00e8s une p\u00e9riode de croissance de 6 % en moyenne dans les ann\u00e9es 1970, l&rsquo;Am\u00e9rique latine a connu une crise \u00e9conomique tr\u00e8s grave. Cette crise est imputable, en partie, au poids de la dette ext\u00e9rieure contract\u00e9e dans les ann\u00e9es 70, quand l&rsquo;acc\u00e8s facile au cr\u00e9dit international allait de pair avec un boom des exportations et un taux d&rsquo;int\u00e9r\u00eat relativement bas. La r\u00e9cession internationale du d\u00e9but des ann\u00e9es 80, ainsi que la r\u00e9duction des importations des pays industrialis\u00e9s et la hausse des taux d&rsquo;int\u00e9r\u00eat, a chang\u00e9 compl\u00e8tement les donn\u00e9es.<\/div>\n<div>Premier sur la liste, le Mexique se d\u00e9clare en \u00e9tat de cessation de paiements en 1982. Bient\u00f4t, tous les pays d&rsquo;Am\u00e9rique latine doivent recourir au refinancement aupr\u00e8s du FMI (fonds mon\u00e9taire international) pour pouvoir payer les int\u00e9r\u00eats de la dette. Certains pays, comme l&rsquo;Argentine et le P\u00e9rou en 1985, o\u00f9 le Br\u00e9sil en 1986, tentent de mettre en oeuvre des plans de stabilisation non conformes aux recommandations du FMI (gel des prix et des salaires), mais la r\u00e9ussite n&rsquo;est pas atteinte. L&rsquo;inflation atteint par mois : 100 % Br\u00e9sil, et 200 % au P\u00e9rou et en Argentine.<\/div>\n<div>Au d\u00e9but des ann\u00e9es 90, ces \u00e9checs ont conduit les gouvernements \u00e0 mettre en place des plans d&rsquo;ajustement dont les axes principaux sont la lib\u00e9ration des prix, une forte d\u00e9valuation de la monnaie, la r\u00e9duction du d\u00e9ficit budg\u00e9taire et une importante diminution de la demande int\u00e9rieure. Bien s\u00fbr, les effets de ces d\u00e9cisions sont dramatiques sur le plan social (r\u00e9cession, ch\u00f4mage &hellip;).<\/div>\n<div>La mise en place de ces plans d&rsquo;ajustement aura permis au Br\u00e9sil, \u00e0 l&rsquo;Argentine et au P\u00e9rou d&rsquo;\u00e9quilibrer et de r\u00e9ins\u00e9rer les \u00e9conomies de la r\u00e9gion dans le concert international.<\/div>\n<div>&nbsp;<\/div>\n<div>. <a href=\"https:\/\/www.abc-latina.com\/amerique_latine\/div\/mercosur\">MERCOSUR<\/a><\/div>\n<\/div>\n","protected":false},"excerpt":{"rendered":"<p>ARGENTINE . BELIZE . BOLIVIE . BRESIL . CHILI . COLOMBIE . COSTA RICA . CUBA . EQUATEUR . &nbsp;EL [&hellip;]<\/p>\n","protected":false},"author":3,"featured_media":68,"parent":2506,"menu_order":0,"comment_status":"closed","ping_status":"closed","template":"","meta":{"site-sidebar-layout":"default","site-content-layout":"","ast-site-content-layout":"default","site-content-style":"default","site-sidebar-style":"default","ast-global-header-display":"","ast-banner-title-visibility":"","ast-main-header-display":"","ast-hfb-above-header-display":"","ast-hfb-below-header-display":"","ast-hfb-mobile-header-display":"","site-post-title":"","ast-breadcrumbs-content":"","ast-featured-img":"","footer-sml-layout":"","ast-disable-related-posts":"","theme-transparent-header-meta":"","adv-header-id-meta":"","stick-header-meta":"","header-above-stick-meta":"","header-main-stick-meta":"","header-below-stick-meta":"","astra-migrate-meta-layouts":"default","ast-page-background-enabled":"default","ast-page-background-meta":{"desktop":{"background-color":"var(--ast-global-color-5)","background-image":"","background-repeat":"repeat","background-position":"center center","background-size":"auto","background-attachment":"scroll","background-type":"","background-media":"","overlay-type":"","overlay-color":"","overlay-opacity":"","overlay-gradient":""},"tablet":{"background-color":"","background-image":"","background-repeat":"repeat","background-position":"center center","background-size":"auto","background-attachment":"scroll","background-type":"","background-media":"","overlay-type":"","overlay-color":"","overlay-opacity":"","overlay-gradient":""},"mobile":{"background-color":"","background-image":"","background-repeat":"repeat","background-position":"center center","background-size":"auto","background-attachment":"scroll","background-type":"","background-media":"","overlay-type":"","overlay-color":"","overlay-opacity":"","overlay-gradient":""}},"ast-content-background-meta":{"desktop":{"background-color":"var(--ast-global-color-4)","background-image":"","background-repeat":"repeat","background-position":"center center","background-size":"auto","background-attachment":"scroll","background-type":"","background-media":"","overlay-type":"","overlay-color":"","overlay-opacity":"","overlay-gradient":""},"tablet":{"background-color":"var(--ast-global-color-4)","background-image":"","background-repeat":"repeat","background-position":"center center","background-size":"auto","background-attachment":"scroll","background-type":"","background-media":"","overlay-type":"","overlay-color":"","overlay-opacity":"","overlay-gradient":""},"mobile":{"background-color":"var(--ast-global-color-4)","background-image":"","background-repeat":"repeat","background-position":"center center","background-size":"auto","background-attachment":"scroll","background-type":"","background-media":"","overlay-type":"","overlay-color":"","overlay-opacity":"","overlay-gradient":""}},"footnotes":""},"class_list":["post-1095","page","type-page","status-publish","has-post-thumbnail","hentry"],"yoast_head":"<!-- This site is optimized with the Yoast SEO plugin v27.5 - https:\/\/yoast.com\/product\/yoast-seo-wordpress\/ -->\n<title>L&#039; ECONOMIE DE L&#039;AMERIQUE LATINE - Abc-latina<\/title>\n<meta name=\"description\" content=\"L&#039;\u00e9conomie des pays d&#039;Am\u00e9rique du sud et centrale, pays par pays.\" \/>\n<meta name=\"robots\" content=\"index, follow, max-snippet:-1, max-image-preview:large, max-video-preview:-1\" \/>\n<link rel=\"canonical\" href=\"https:\/\/abc-latina.com\/amerique_latine\/economie\/\" \/>\n<meta property=\"og:locale\" content=\"fr_FR\" \/>\n<meta property=\"og:type\" content=\"article\" \/>\n<meta property=\"og:title\" content=\"L&#039; ECONOMIE DE L&#039;AMERIQUE LATINE - Abc-latina\" \/>\n<meta property=\"og:description\" content=\"L&#039;\u00e9conomie des pays d&#039;Am\u00e9rique du sud et centrale, pays par pays.\" \/>\n<meta property=\"og:url\" content=\"https:\/\/abc-latina.com\/amerique_latine\/economie\/\" \/>\n<meta property=\"og:site_name\" content=\"Abc-latina\" \/>\n<meta property=\"article:modified_time\" content=\"2026-04-30T16:24:41+00:00\" \/>\n<meta property=\"og:image\" content=\"https:\/\/abc-latina.com\/wp-content\/uploads\/2010\/06\/economie.jpg\" \/>\n\t<meta property=\"og:image:width\" content=\"220\" \/>\n\t<meta property=\"og:image:height\" content=\"220\" \/>\n\t<meta property=\"og:image:type\" content=\"image\/jpeg\" \/>\n<meta name=\"twitter:card\" content=\"summary_large_image\" \/>\n<meta name=\"twitter:label1\" content=\"Dur\u00e9e de lecture estim\u00e9e\" \/>\n\t<meta name=\"twitter:data1\" content=\"2 minutes\" \/>\n<script type=\"application\/ld+json\" class=\"yoast-schema-graph\">{\"@context\":\"https:\\\/\\\/schema.org\",\"@graph\":[{\"@type\":\"WebPage\",\"@id\":\"https:\\\/\\\/abc-latina.com\\\/amerique_latine\\\/economie\\\/\",\"url\":\"https:\\\/\\\/abc-latina.com\\\/amerique_latine\\\/economie\\\/\",\"name\":\"L' ECONOMIE DE L'AMERIQUE LATINE - Abc-latina\",\"isPartOf\":{\"@id\":\"https:\\\/\\\/abc-latina.com\\\/#website\"},\"primaryImageOfPage\":{\"@id\":\"https:\\\/\\\/abc-latina.com\\\/amerique_latine\\\/economie\\\/#primaryimage\"},\"image\":{\"@id\":\"https:\\\/\\\/abc-latina.com\\\/amerique_latine\\\/economie\\\/#primaryimage\"},\"thumbnailUrl\":\"https:\\\/\\\/abc-latina.com\\\/wp-content\\\/uploads\\\/2010\\\/06\\\/economie.jpg\",\"datePublished\":\"2010-06-14T01:15:42+00:00\",\"dateModified\":\"2026-04-30T16:24:41+00:00\",\"description\":\"L'\u00e9conomie des pays d'Am\u00e9rique du sud et centrale, pays par pays.\",\"breadcrumb\":{\"@id\":\"https:\\\/\\\/abc-latina.com\\\/amerique_latine\\\/economie\\\/#breadcrumb\"},\"inLanguage\":\"fr-FR\",\"potentialAction\":[{\"@type\":\"ReadAction\",\"target\":[\"https:\\\/\\\/abc-latina.com\\\/amerique_latine\\\/economie\\\/\"]}]},{\"@type\":\"ImageObject\",\"inLanguage\":\"fr-FR\",\"@id\":\"https:\\\/\\\/abc-latina.com\\\/amerique_latine\\\/economie\\\/#primaryimage\",\"url\":\"https:\\\/\\\/abc-latina.com\\\/wp-content\\\/uploads\\\/2010\\\/06\\\/economie.jpg\",\"contentUrl\":\"https:\\\/\\\/abc-latina.com\\\/wp-content\\\/uploads\\\/2010\\\/06\\\/economie.jpg\",\"width\":220,\"height\":220,\"caption\":\"L'ECONOMIE ARGENTINE\"},{\"@type\":\"BreadcrumbList\",\"@id\":\"https:\\\/\\\/abc-latina.com\\\/amerique_latine\\\/economie\\\/#breadcrumb\",\"itemListElement\":[{\"@type\":\"ListItem\",\"position\":1,\"name\":\"Accueil\",\"item\":\"https:\\\/\\\/abc-latina.com\\\/\"},{\"@type\":\"ListItem\",\"position\":2,\"name\":\"L&rsquo; ECONOMIE DE L&rsquo;AMERIQUE LATINE\"}]},{\"@type\":\"WebSite\",\"@id\":\"https:\\\/\\\/abc-latina.com\\\/#website\",\"url\":\"https:\\\/\\\/abc-latina.com\\\/\",\"name\":\"Abc-latina\",\"description\":\"\",\"publisher\":{\"@id\":\"https:\\\/\\\/abc-latina.com\\\/#organization\"},\"potentialAction\":[{\"@type\":\"SearchAction\",\"target\":{\"@type\":\"EntryPoint\",\"urlTemplate\":\"https:\\\/\\\/abc-latina.com\\\/?s={search_term_string}\"},\"query-input\":{\"@type\":\"PropertyValueSpecification\",\"valueRequired\":true,\"valueName\":\"search_term_string\"}}],\"inLanguage\":\"fr-FR\"},{\"@type\":\"Organization\",\"@id\":\"https:\\\/\\\/abc-latina.com\\\/#organization\",\"name\":\"Abc-latina\",\"url\":\"https:\\\/\\\/abc-latina.com\\\/\",\"logo\":{\"@type\":\"ImageObject\",\"inLanguage\":\"fr-FR\",\"@id\":\"https:\\\/\\\/abc-latina.com\\\/#\\\/schema\\\/logo\\\/image\\\/\",\"url\":\"https:\\\/\\\/abc-latina.com\\\/wp-content\\\/uploads\\\/2026\\\/05\\\/cropped-logo.gif\",\"contentUrl\":\"https:\\\/\\\/abc-latina.com\\\/wp-content\\\/uploads\\\/2026\\\/05\\\/cropped-logo.gif\",\"width\":89,\"height\":84,\"caption\":\"Abc-latina\"},\"image\":{\"@id\":\"https:\\\/\\\/abc-latina.com\\\/#\\\/schema\\\/logo\\\/image\\\/\"}}]}<\/script>\n<!-- \/ Yoast SEO plugin. -->","yoast_head_json":{"title":"L' ECONOMIE DE L'AMERIQUE LATINE - Abc-latina","description":"L'\u00e9conomie des pays d'Am\u00e9rique du sud et centrale, pays par pays.","robots":{"index":"index","follow":"follow","max-snippet":"max-snippet:-1","max-image-preview":"max-image-preview:large","max-video-preview":"max-video-preview:-1"},"canonical":"https:\/\/abc-latina.com\/amerique_latine\/economie\/","og_locale":"fr_FR","og_type":"article","og_title":"L' ECONOMIE DE L'AMERIQUE LATINE - Abc-latina","og_description":"L'\u00e9conomie des pays d'Am\u00e9rique du sud et centrale, pays par pays.","og_url":"https:\/\/abc-latina.com\/amerique_latine\/economie\/","og_site_name":"Abc-latina","article_modified_time":"2026-04-30T16:24:41+00:00","og_image":[{"width":220,"height":220,"url":"https:\/\/abc-latina.com\/wp-content\/uploads\/2010\/06\/economie.jpg","type":"image\/jpeg"}],"twitter_card":"summary_large_image","twitter_misc":{"Dur\u00e9e de lecture estim\u00e9e":"2 minutes"},"schema":{"@context":"https:\/\/schema.org","@graph":[{"@type":"WebPage","@id":"https:\/\/abc-latina.com\/amerique_latine\/economie\/","url":"https:\/\/abc-latina.com\/amerique_latine\/economie\/","name":"L' ECONOMIE DE L'AMERIQUE LATINE - Abc-latina","isPartOf":{"@id":"https:\/\/abc-latina.com\/#website"},"primaryImageOfPage":{"@id":"https:\/\/abc-latina.com\/amerique_latine\/economie\/#primaryimage"},"image":{"@id":"https:\/\/abc-latina.com\/amerique_latine\/economie\/#primaryimage"},"thumbnailUrl":"https:\/\/abc-latina.com\/wp-content\/uploads\/2010\/06\/economie.jpg","datePublished":"2010-06-14T01:15:42+00:00","dateModified":"2026-04-30T16:24:41+00:00","description":"L'\u00e9conomie des pays d'Am\u00e9rique du sud et centrale, pays par pays.","breadcrumb":{"@id":"https:\/\/abc-latina.com\/amerique_latine\/economie\/#breadcrumb"},"inLanguage":"fr-FR","potentialAction":[{"@type":"ReadAction","target":["https:\/\/abc-latina.com\/amerique_latine\/economie\/"]}]},{"@type":"ImageObject","inLanguage":"fr-FR","@id":"https:\/\/abc-latina.com\/amerique_latine\/economie\/#primaryimage","url":"https:\/\/abc-latina.com\/wp-content\/uploads\/2010\/06\/economie.jpg","contentUrl":"https:\/\/abc-latina.com\/wp-content\/uploads\/2010\/06\/economie.jpg","width":220,"height":220,"caption":"L'ECONOMIE ARGENTINE"},{"@type":"BreadcrumbList","@id":"https:\/\/abc-latina.com\/amerique_latine\/economie\/#breadcrumb","itemListElement":[{"@type":"ListItem","position":1,"name":"Accueil","item":"https:\/\/abc-latina.com\/"},{"@type":"ListItem","position":2,"name":"L&rsquo; ECONOMIE DE L&rsquo;AMERIQUE LATINE"}]},{"@type":"WebSite","@id":"https:\/\/abc-latina.com\/#website","url":"https:\/\/abc-latina.com\/","name":"Abc-latina","description":"","publisher":{"@id":"https:\/\/abc-latina.com\/#organization"},"potentialAction":[{"@type":"SearchAction","target":{"@type":"EntryPoint","urlTemplate":"https:\/\/abc-latina.com\/?s={search_term_string}"},"query-input":{"@type":"PropertyValueSpecification","valueRequired":true,"valueName":"search_term_string"}}],"inLanguage":"fr-FR"},{"@type":"Organization","@id":"https:\/\/abc-latina.com\/#organization","name":"Abc-latina","url":"https:\/\/abc-latina.com\/","logo":{"@type":"ImageObject","inLanguage":"fr-FR","@id":"https:\/\/abc-latina.com\/#\/schema\/logo\/image\/","url":"https:\/\/abc-latina.com\/wp-content\/uploads\/2026\/05\/cropped-logo.gif","contentUrl":"https:\/\/abc-latina.com\/wp-content\/uploads\/2026\/05\/cropped-logo.gif","width":89,"height":84,"caption":"Abc-latina"},"image":{"@id":"https:\/\/abc-latina.com\/#\/schema\/logo\/image\/"}}]}},"_links":{"self":[{"href":"https:\/\/abc-latina.com\/wp-json\/wp\/v2\/pages\/1095","targetHints":{"allow":["GET"]}}],"collection":[{"href":"https:\/\/abc-latina.com\/wp-json\/wp\/v2\/pages"}],"about":[{"href":"https:\/\/abc-latina.com\/wp-json\/wp\/v2\/types\/page"}],"author":[{"embeddable":true,"href":"https:\/\/abc-latina.com\/wp-json\/wp\/v2\/users\/3"}],"replies":[{"embeddable":true,"href":"https:\/\/abc-latina.com\/wp-json\/wp\/v2\/comments?post=1095"}],"version-history":[{"count":1,"href":"https:\/\/abc-latina.com\/wp-json\/wp\/v2\/pages\/1095\/revisions"}],"predecessor-version":[{"id":2980,"href":"https:\/\/abc-latina.com\/wp-json\/wp\/v2\/pages\/1095\/revisions\/2980"}],"up":[{"embeddable":true,"href":"https:\/\/abc-latina.com\/wp-json\/wp\/v2\/pages\/2506"}],"wp:featuredmedia":[{"embeddable":true,"href":"https:\/\/abc-latina.com\/wp-json\/wp\/v2\/media\/68"}],"wp:attachment":[{"href":"https:\/\/abc-latina.com\/wp-json\/wp\/v2\/media?parent=1095"}],"curies":[{"name":"wp","href":"https:\/\/api.w.org\/{rel}","templated":true}]}}