{"id":1109,"date":"2010-06-14T03:27:13","date_gmt":"2010-06-14T01:27:13","guid":{"rendered":"http:\/\/abc-latina.com\/histoire-htm-2\/"},"modified":"2026-04-30T18:24:41","modified_gmt":"2026-04-30T16:24:41","slug":"histoire","status":"publish","type":"page","link":"https:\/\/abc-latina.com\/amerique_latine\/histoire\/","title":{"rendered":"HISTOIRE de l&rsquo;AMERIQUE LATINE"},"content":{"rendered":"<p><span style=\"font-size:11px;\"><span style=\"font-family:arial,helvetica,sans-serif;\"><a href=\"https:\/\/www.abc-latina.com\/argentine\/histoire\"><img loading=\"lazy\" decoding=\"async\" class=\" size-full wp-image-71\" src=\"http:\/\/abc-latina.com\/wp-content\/uploads\/2010\/06\/003-histoire-de-l-argentine.jpg\" alt=\"HISTOIRE DE L'AMERIQUE LATINE\" title=\"HISTOIRE DE L'AMERIQUE LATINE\" width=\"480\" height=\"241\" srcset=\"https:\/\/abc-latina.com\/wp-content\/uploads\/2010\/06\/003-histoire-de-l-argentine.jpg 500w, https:\/\/abc-latina.com\/wp-content\/uploads\/2010\/06\/003-histoire-de-l-argentine-300x151.jpg 300w\" sizes=\"auto, (max-width: 480px) 100vw, 480px\" \/><\/a><\/span><\/span><\/p>\n<div style=\"text-align: center; \">&nbsp;<\/div>\n<div style=\"text-align: center; \"><span style=\"font-size:11px;\"><span style=\"font-family:arial,helvetica,sans-serif;\"><a href=\"https:\/\/www.abc-latina.com\/argentine\/histoire\">ARGENTINE<\/a> . <a href=\"https:\/\/www.abc-latina.com\/belize\/histoire\">BELIZE<\/a> . <a href=\"https:\/\/www.abc-latina.com\/bolivie\/histoire\">BOLIVIE<\/a> . <a href=\"https:\/\/www.abc-latina.com\/bresil\/histoire\">BRESIL<\/a> . <a href=\"https:\/\/www.abc-latina.com\/chili\/histoire\">CHILI<\/a> . <a href=\"https:\/\/www.abc-latina.com\/colombie\/histoire\">COLOMBIE<\/a> . <a href=\"https:\/\/www.abc-latina.com\/costarica\/histoire\">COSTA RICA<\/a> . <a href=\"https:\/\/www.abc-latina.com\/cuba\/histoire\">CUBA<\/a> . <a href=\"https:\/\/www.abc-latina.com\/salvador\/histoire\">EL SALVADOR<\/a> .&nbsp;<a href=\"https:\/\/www.abc-latina.com\/equateur\/histoire\">EQUATEUR<\/a> . <a href=\"https:\/\/www.abc-latina.com\/guatemala\/histoire\">GUATEMALA<\/a> . <a href=\"https:\/\/www.abc-latina.com\/honduras\/histoire\">HONDURAS<\/a> . <a href=\"https:\/\/www.abc-latina.com\/mexique\/histoire\">MEXIQUE<\/a> . <a href=\"https:\/\/www.abc-latina.com\/nicaragua\/histoire\">NICARAGUA<\/a> . <a href=\"https:\/\/www.abc-latina.com\/panama\/histoire\">PANAMA<\/a> . <a href=\"https:\/\/www.abc-latina.com\/paraguay\/histoire\">PARAGUAY<\/a> . <a href=\"https:\/\/www.abc-latina.com\/perou\/histoire\">PEROU<\/a> . <a href=\"https:\/\/www.abc-latina.com\/uruguay\/histoire\">URUGUAY<\/a> . <a href=\"https:\/\/www.abc-latina.com\/venezuela\/histoire\">VENEZUELA<\/a><\/span><\/span><\/div>\n<h2 style=\"text-align: center;\">&nbsp;<\/h2>\n<h2 style=\"text-align: center;\">Les principales dates de l&rsquo; histoire latino-am\u00e9ricaine<\/h2>\n<ul>\n<li><span class=\"histoire-date\">320<\/span>&nbsp;<br \/> D\u00e9but de l&#8217;empire <a target=\"_blank\" href=\"https:\/\/www.abc-latina.com\/civilisations\/maya\">maya<\/a> (jusqu&rsquo;au VIIe si\u00e8cle), les fondations des villes de Tikal, Uaxactum, Copan, Palenque,Tonina, Oxkintok, Quiriga et Etzna.<\/li>\n<li><span class=\"histoire-date\">1168<\/span>&nbsp;<br \/> Empire <a target=\"_blank\" href=\"https:\/\/www.abc-latina.com\/civilisations\/azteque\">azt\u00e8que<\/a> : destruction de Tula et invasion des centres urbains (Texcoco).&nbsp;<\/li>\n<li><span class=\"histoire-date\">1428&nbsp;<\/span><br \/> Itzacoatl, souverain azt\u00e8que, fonde une conf\u00e9d\u00e9ration comprenant Mexico, Texcoco et Tlacopan.&nbsp;<\/li>\n<li><span class=\"histoire-date\">1492<\/span>&nbsp;<br \/><a target=\"_blank\" href=\"https:\/\/www.abc-latina.com\/personnalites\/christophe_colomb\"> Christophe Colomb<\/a> d\u00e9couvre l&rsquo;Am\u00e9rique.&nbsp;<\/li>\n<li><span class=\"histoire-date\">1499<\/span>&nbsp;<br \/> Les navigateurs Vicente Pinzon et <a target=\"_blank\" href=\"https:\/\/www.abc-latina.com\/personnalites\/amerigo_vespucci\">Amerigo Vespucci<\/a> atteignent l&rsquo;Am\u00e9rique.&nbsp;<\/li>\n<li><span class=\"histoire-date\">1500<\/span>&nbsp;<br \/> Le portugais Cabral d\u00e9couvre le Br\u00e9sil. &nbsp;<\/li>\n<li><span class=\"histoire-date\">1519<\/span>&nbsp;<br \/> L&rsquo;espagnol <a target=\"_blank\" href=\"https:\/\/www.abc-latina.com\/personnalites\/herman_cortes\">Cortez<\/a> conquiert le Mexique o\u00f9 il fonde Vera Cruz.<\/li>\n<li><span class=\"histoire-date\">1524&nbsp;<\/span><br \/> Exp\u00e9dition du conquistador espagnol Francisco Pizarro chez les <a target=\"_blank\" href=\"https:\/\/www.abc-latina.com\/civilisations\/Inca\">Incas<\/a>.<\/li>\n<li><span class=\"histoire-date\">1532<\/span>&nbsp;<br \/> <a target=\"_blank\" href=\"https:\/\/www.abc-latina.com\/personnalites\/francisco_pizarro\">Francisco Pizarro<\/a> conquiert le P\u00e9rou.<\/li>\n<li><span class=\"histoire-date\">1735<\/span> &nbsp;<br \/> Exp\u00e9dition de la Condamine (1701-1774) en Am\u00e9rique du Sud pour mesurer un arc de m\u00e9ridien proche de l&rsquo;\u00e9quateur.&nbsp;<\/li>\n<li><span class=\"histoire-date\">1810 <\/span><br \/> Insurrection g\u00e9n\u00e9rale des colonies espagnoles en Am\u00e9rique du Sud.&nbsp;<\/li>\n<li><span class=\"histoire-date\">1812<\/span><br \/> Caracas (Venezuela) est d\u00e9truite par un tremblement de terre.&nbsp;<\/li>\n<li><span class=\"histoire-date\">1813<\/span><br \/> <a target=\"_blank\" href=\"https:\/\/www.abc-latina.com\/personnalites\/simon_bolivar\">Simon Bolivar<\/a> lib\u00e8re Caracas.&nbsp;<\/li>\n<li><span class=\"histoire-date\">1814<\/span><br \/> Guerre entre le P\u00e9rou et le Chili.&nbsp;<\/li>\n<li><span class=\"histoire-date\">1816 <\/span><br \/> L&rsquo;Argentine proclame son ind\u00e9pendance.&nbsp;<\/li>\n<li><span class=\"histoire-date\">1818<\/span><br \/> Le Chili, apr\u00e8s avoir battu les troupes espagnoles, proclame son ind\u00e9pendance.&nbsp;<\/li>\n<li><span class=\"histoire-date\">1819<\/span><br \/> Simon Bolivar bat les espagnols et fonde la r\u00e9publique de Colombie.&nbsp;<\/li>\n<li><span class=\"histoire-date\">1821<\/span><br \/> Simon Bolivar lib\u00e8re le Venezuela.<br \/> Le Mexique proclame son ind\u00e9pendance.&nbsp;<\/li>\n<li><span class=\"histoire-date\">1822<\/span><br \/> Simon Bolivar lib\u00e8re l&rsquo;Equateur.<br \/> Le Br\u00e9sil proclame son ind\u00e9pendance et devient un empire constitutionnel.<\/li>\n<li><span class=\"histoire-date\">1824<\/span><br \/> Simon Bolivar lib\u00e8re le P\u00e9rou.&nbsp;<\/li>\n<li><span class=\"histoire-date\">1829<\/span><br \/> Guerre entre la Colombie et le P\u00e9rou.&nbsp;<\/li>\n<li><span class=\"histoire-date\">1858<\/span><br \/> <a target=\"_blank\" href=\"https:\/\/www.abc-latina.com\/personnalites\/benito_juarez\">Benito Juarez<\/a>, pr\u00e9sident de la r\u00e9publique du Mexique, est le premier Indien \u00e9lu \u00e0 ce niveau de responsabilit\u00e9.&nbsp;<\/li>\n<li><span class=\"histoire-date\">1889<\/span><br \/> Le Br\u00e9sil deviennent r\u00e9publique, apr\u00e8s abdication de l&#8217;empereur Pedro II.<\/li>\n<li><span class=\"histoire-date\">1911<\/span><br \/> Le dictateur <a target=\"_blank\" href=\"https:\/\/www.abc-latina.com\/personnalites\/porfirio_diaz\">Porfirio Diaz<\/a> est d\u00e9pos\u00e9 par les rebelles men\u00e9s par Francisco Madero.<br \/> Insurrection paysanne derri\u00e8re indien <a target=\"_blank\" href=\"https:\/\/www.abc-latina.com\/personnalites\/emiliano_zapata\">Emiliano Zapata<\/a>.&nbsp;<\/li>\n<li><span class=\"histoire-date\">1914<\/span><br \/> Inauguration du canal de Panama.&nbsp;<\/li>\n<li><span class=\"histoire-date\">1930<\/span><br \/> L&rsquo;Uruguay gagne la premi\u00e8re coupe du monde de football.&nbsp;<\/li>\n<li><span class=\"histoire-date\">1946<\/span><br \/> Le g\u00e9n\u00e9ral <a target=\"_blank\" href=\"https:\/\/www.abc-latina.com\/personnalites\/juan_peron\">Juan Domingo Peron<\/a> est \u00e9lu pr\u00e9sident de la r\u00e9publique d&rsquo;Argentine.&nbsp;<\/li>\n<li><span class=\"histoire-date\">1952<\/span><br \/> Nationalisation des mines d&rsquo;\u00e9tain en Bolivie.&nbsp;<\/li>\n<li><span class=\"histoire-date\">1955<\/span><br \/> En Argentine, l&rsquo;arm\u00e9e renverse Juan Domingo Peron, mais l&rsquo;influence de ce dernier sur la vie politique du pays subsiste.&nbsp;<\/li>\n<li><span class=\"histoire-date\">1956<\/span><br \/> A Cuba, <a target=\"_blank\" href=\"https:\/\/www.abc-latina.com\/personnalites\/fidel_castro\">Fidel Castro<\/a> lance la rebellion contre le pr\u00e9sident Batista, soutenu par les Am\u00e9ricains.&nbsp;<\/li>\n<li><span class=\"histoire-date\">1959<\/span><br \/> Fidel Castro, 32 ans, chasse Batista et prend le pouvoir \u00e0 Cuba.&nbsp;<\/li>\n<li><span class=\"histoire-date\">1960<\/span><br \/> Inauguration de la nouvelle capitale du Br\u00e9sil : Brasilia.<br \/> L&rsquo;Am\u00e9rique latine fonde une zone de libre-\u00e9change associant le Mexique, le Chili, l&rsquo;Argentine, le P\u00e9rou, le Paraguay et l&rsquo;Uruguay.<\/li>\n<li><span class=\"histoire-date\">1967<\/span><br \/> <a target=\"_blank\" href=\"https:\/\/www.abc-latina.com\/personnalites\/ernesto_guevara\">Ernesto (Che) Guevara<\/a>, h\u00e9ros de la r\u00e9volution cubaine, est tu\u00e9 en Bolivie par des militaires lors d&rsquo;une op\u00e9ration antiguerilleros.&nbsp;<\/li>\n<li><span class=\"histoire-date\">1968<\/span><br \/> Organisation de jeux olympiques d&rsquo;\u00e9t\u00e9 \u00e0 Mexico.&nbsp;<\/li>\n<li><span class=\"histoire-date\">1970<\/span><br \/> Au Chili, le pr\u00e9sident socialiste <a target=\"_blank\" href=\"https:\/\/www.abc-latina.com\/personnalites\/salvador_allende\">Salvator Allende<\/a> forme un gouvernement de front populaire.&nbsp;<\/li>\n<li><span class=\"histoire-date\">1972<\/span><br \/> Tremblement de terre au Nicaragua : 10 000 morts.&nbsp;<\/li>\n<li><span class=\"histoire-date\">1973<\/span><br \/> Coup d&rsquo;Etat militaire au Chili, le pr\u00e9sident Allende est tu\u00e9. Le <a target=\"_blank\" href=\"https:\/\/www.abc-latina.com\/personnalites\/augusto_pinochet\">g\u00e9n\u00e9ral Pinochet<\/a> dirige la junte militaire.&nbsp;<\/li>\n<li><span class=\"histoire-date\">1978<\/span><br \/> Violente r\u00e9pression en Argentine, contre les opposants au r\u00e9gime exerc\u00e9 par le dictateur-<a target=\"_blank\" href=\"https:\/\/www.abc-latina.com\/personnalites\/jorge_rafael_videla\">g\u00e9n\u00e9ral Vid\u00e9la<\/a>.&nbsp;<\/li>\n<li><span class=\"histoire-date\">1982<\/span><br \/> Guerre des Malouines entre l&rsquo;Argentine et la Grande-Bretagne.&nbsp;<\/li>\n<li><span class=\"histoire-date\">1983<\/span><br \/> Apr\u00e8s des \u00e9lections d\u00e9mocratiques en Argentine, les militaires sont chass\u00e9s du pouvoir et poursuivis pour leurs exactions.<br \/> Au Chili, la dictature du g\u00e9n\u00e9ral Pinochet r\u00e9pond par une violente r\u00e9pression aux manifestations contre la faillite \u00e9conomique du r\u00e9gime.&nbsp;<\/li>\n<li><span class=\"histoire-date\">1985<\/span><br \/> Le 19 septembre, un tremblement de terre fait 10 000 morts au Mexique.<br \/> Le 6 novembre, une \u00e9ruption volcanique fait 25 000 morts en Colombie.&nbsp;<\/li>\n<li><span class=\"histoire-date\">1990<\/span> &nbsp;<br \/> Fin de la dictature d&rsquo;Augusto Pinochet au Chili. Il est remplac\u00e9 par <a target=\"_blank\" href=\"https:\/\/www.abc-latina.com\/personnalites\/patricio_aylwin\">Patricio Aylwin<\/a> qui est d\u00e9mocratiquement \u00e9lu.&nbsp;<br \/> <a target=\"_blank\" href=\"https:\/\/www.abc-latina.com\/personnalites\/violeta-barrios-de-chamorro\">Violeta Barrios de Chamorro<\/a> est \u00e9lue pr\u00e9sidente du Nicaragua. Elle est la premi\u00e8re femme \u00e0 exercer ces fonctions au Nicaragua, et en Am\u00e9rique Latine.&nbsp;<\/li>\n<li><span class=\"histoire-date\">1998 <\/span>&nbsp;<br \/> A Cuba, le pape Jean-Paul II est re\u00e7u par Fidel Castro.&nbsp;<\/li>\n<li><span class=\"histoire-date\">2006<\/span><br \/> <a target=\"_blank\" href=\"https:\/\/www.abc-latina.com\/personnalites\/michelle_bachelet\">Michelle Bachelet<\/a> est la premi\u00e8re femme \u00e9lue \u00e0 la pr\u00e9sidence de la r\u00e9publique du Chili. Elle est aussi la premi\u00e8re en Am\u00e9rique du Sud et la seconde en Am\u00e9rique latine.&nbsp;<\/li>\n<\/ul>\n","protected":false},"excerpt":{"rendered":"<p>&nbsp; ARGENTINE . BELIZE . BOLIVIE . BRESIL . CHILI . COLOMBIE . COSTA RICA . CUBA . EL SALVADOR [&hellip;]<\/p>\n","protected":false},"author":3,"featured_media":71,"parent":2506,"menu_order":0,"comment_status":"closed","ping_status":"closed","template":"","meta":{"site-sidebar-layout":"default","site-content-layout":"","ast-site-content-layout":"default","site-content-style":"default","site-sidebar-style":"default","ast-global-header-display":"","ast-banner-title-visibility":"","ast-main-header-display":"","ast-hfb-above-header-display":"","ast-hfb-below-header-display":"","ast-hfb-mobile-header-display":"","site-post-title":"","ast-breadcrumbs-content":"","ast-featured-img":"","footer-sml-layout":"","ast-disable-related-posts":"","theme-transparent-header-meta":"","adv-header-id-meta":"","stick-header-meta":"","header-above-stick-meta":"","header-main-stick-meta":"","header-below-stick-meta":"","astra-migrate-meta-layouts":"default","ast-page-background-enabled":"default","ast-page-background-meta":{"desktop":{"background-color":"var(--ast-global-color-5)","background-image":"","background-repeat":"repeat","background-position":"center center","background-size":"auto","background-attachment":"scroll","background-type":"","background-media":"","overlay-type":"","overlay-color":"","overlay-opacity":"","overlay-gradient":""},"tablet":{"background-color":"","background-image":"","background-repeat":"repeat","background-position":"center center","background-size":"auto","background-attachment":"scroll","background-type":"","background-media":"","overlay-type":"","overlay-color":"","overlay-opacity":"","overlay-gradient":""},"mobile":{"background-color":"","background-image":"","background-repeat":"repeat","background-position":"center center","background-size":"auto","background-attachment":"scroll","background-type":"","background-media":"","overlay-type":"","overlay-color":"","overlay-opacity":"","overlay-gradient":""}},"ast-content-background-meta":{"desktop":{"background-color":"var(--ast-global-color-4)","background-image":"","background-repeat":"repeat","background-position":"center center","background-size":"auto","background-attachment":"scroll","background-type":"","background-media":"","overlay-type":"","overlay-color":"","overlay-opacity":"","overlay-gradient":""},"tablet":{"background-color":"var(--ast-global-color-4)","background-image":"","background-repeat":"repeat","background-position":"center center","background-size":"auto","background-attachment":"scroll","background-type":"","background-media":"","overlay-type":"","overlay-color":"","overlay-opacity":"","overlay-gradient":""},"mobile":{"background-color":"var(--ast-global-color-4)","background-image":"","background-repeat":"repeat","background-position":"center center","background-size":"auto","background-attachment":"scroll","background-type":"","background-media":"","overlay-type":"","overlay-color":"","overlay-opacity":"","overlay-gradient":""}},"footnotes":""},"class_list":["post-1109","page","type-page","status-publish","has-post-thumbnail","hentry"],"yoast_head":"<!-- This site is optimized with the Yoast SEO plugin v27.5 - https:\/\/yoast.com\/product\/yoast-seo-wordpress\/ -->\n<title>HISTOIRE de l&#039;AMERIQUE LATINE - Abc-latina<\/title>\n<meta name=\"description\" content=\"L&#039;histoire des pays Latino-am\u00e9ricains, ses grandes dates, ses civilisations, et les d\u00e9tails historiques pays par pays.\" \/>\n<meta name=\"robots\" content=\"index, follow, max-snippet:-1, max-image-preview:large, max-video-preview:-1\" \/>\n<link rel=\"canonical\" href=\"https:\/\/abc-latina.com\/amerique_latine\/histoire\/\" \/>\n<meta property=\"og:locale\" content=\"fr_FR\" \/>\n<meta property=\"og:type\" content=\"article\" \/>\n<meta property=\"og:title\" content=\"HISTOIRE de l&#039;AMERIQUE LATINE - Abc-latina\" \/>\n<meta property=\"og:description\" content=\"L&#039;histoire des pays Latino-am\u00e9ricains, ses grandes dates, ses civilisations, et les d\u00e9tails historiques pays par pays.\" \/>\n<meta property=\"og:url\" content=\"https:\/\/abc-latina.com\/amerique_latine\/histoire\/\" \/>\n<meta property=\"og:site_name\" content=\"Abc-latina\" \/>\n<meta property=\"article:modified_time\" content=\"2026-04-30T16:24:41+00:00\" \/>\n<meta property=\"og:image\" content=\"https:\/\/abc-latina.com\/wp-content\/uploads\/2010\/06\/003-histoire-de-l-argentine.jpg\" \/>\n\t<meta property=\"og:image:width\" content=\"500\" \/>\n\t<meta property=\"og:image:height\" content=\"251\" \/>\n\t<meta property=\"og:image:type\" content=\"image\/jpeg\" \/>\n<meta name=\"twitter:card\" content=\"summary_large_image\" \/>\n<meta name=\"twitter:label1\" content=\"Dur\u00e9e de lecture estim\u00e9e\" \/>\n\t<meta name=\"twitter:data1\" content=\"4 minutes\" \/>\n<script type=\"application\/ld+json\" class=\"yoast-schema-graph\">{\"@context\":\"https:\\\/\\\/schema.org\",\"@graph\":[{\"@type\":\"WebPage\",\"@id\":\"https:\\\/\\\/abc-latina.com\\\/amerique_latine\\\/histoire\\\/\",\"url\":\"https:\\\/\\\/abc-latina.com\\\/amerique_latine\\\/histoire\\\/\",\"name\":\"HISTOIRE de l'AMERIQUE LATINE - Abc-latina\",\"isPartOf\":{\"@id\":\"https:\\\/\\\/abc-latina.com\\\/#website\"},\"primaryImageOfPage\":{\"@id\":\"https:\\\/\\\/abc-latina.com\\\/amerique_latine\\\/histoire\\\/#primaryimage\"},\"image\":{\"@id\":\"https:\\\/\\\/abc-latina.com\\\/amerique_latine\\\/histoire\\\/#primaryimage\"},\"thumbnailUrl\":\"https:\\\/\\\/abc-latina.com\\\/wp-content\\\/uploads\\\/2010\\\/06\\\/003-histoire-de-l-argentine.jpg\",\"datePublished\":\"2010-06-14T01:27:13+00:00\",\"dateModified\":\"2026-04-30T16:24:41+00:00\",\"description\":\"L'histoire des pays Latino-am\u00e9ricains, ses grandes dates, ses civilisations, et les d\u00e9tails historiques pays par pays.\",\"breadcrumb\":{\"@id\":\"https:\\\/\\\/abc-latina.com\\\/amerique_latine\\\/histoire\\\/#breadcrumb\"},\"inLanguage\":\"fr-FR\",\"potentialAction\":[{\"@type\":\"ReadAction\",\"target\":[\"https:\\\/\\\/abc-latina.com\\\/amerique_latine\\\/histoire\\\/\"]}]},{\"@type\":\"ImageObject\",\"inLanguage\":\"fr-FR\",\"@id\":\"https:\\\/\\\/abc-latina.com\\\/amerique_latine\\\/histoire\\\/#primaryimage\",\"url\":\"https:\\\/\\\/abc-latina.com\\\/wp-content\\\/uploads\\\/2010\\\/06\\\/003-histoire-de-l-argentine.jpg\",\"contentUrl\":\"https:\\\/\\\/abc-latina.com\\\/wp-content\\\/uploads\\\/2010\\\/06\\\/003-histoire-de-l-argentine.jpg\",\"width\":500,\"height\":251,\"caption\":\"L'HISTOIRE DE L'ARGENTINE\"},{\"@type\":\"BreadcrumbList\",\"@id\":\"https:\\\/\\\/abc-latina.com\\\/amerique_latine\\\/histoire\\\/#breadcrumb\",\"itemListElement\":[{\"@type\":\"ListItem\",\"position\":1,\"name\":\"Accueil\",\"item\":\"https:\\\/\\\/abc-latina.com\\\/\"},{\"@type\":\"ListItem\",\"position\":2,\"name\":\"HISTOIRE de l&rsquo;AMERIQUE LATINE\"}]},{\"@type\":\"WebSite\",\"@id\":\"https:\\\/\\\/abc-latina.com\\\/#website\",\"url\":\"https:\\\/\\\/abc-latina.com\\\/\",\"name\":\"Abc-latina\",\"description\":\"\",\"publisher\":{\"@id\":\"https:\\\/\\\/abc-latina.com\\\/#organization\"},\"potentialAction\":[{\"@type\":\"SearchAction\",\"target\":{\"@type\":\"EntryPoint\",\"urlTemplate\":\"https:\\\/\\\/abc-latina.com\\\/?s={search_term_string}\"},\"query-input\":{\"@type\":\"PropertyValueSpecification\",\"valueRequired\":true,\"valueName\":\"search_term_string\"}}],\"inLanguage\":\"fr-FR\"},{\"@type\":\"Organization\",\"@id\":\"https:\\\/\\\/abc-latina.com\\\/#organization\",\"name\":\"Abc-latina\",\"url\":\"https:\\\/\\\/abc-latina.com\\\/\",\"logo\":{\"@type\":\"ImageObject\",\"inLanguage\":\"fr-FR\",\"@id\":\"https:\\\/\\\/abc-latina.com\\\/#\\\/schema\\\/logo\\\/image\\\/\",\"url\":\"https:\\\/\\\/abc-latina.com\\\/wp-content\\\/uploads\\\/2026\\\/05\\\/cropped-logo.gif\",\"contentUrl\":\"https:\\\/\\\/abc-latina.com\\\/wp-content\\\/uploads\\\/2026\\\/05\\\/cropped-logo.gif\",\"width\":89,\"height\":84,\"caption\":\"Abc-latina\"},\"image\":{\"@id\":\"https:\\\/\\\/abc-latina.com\\\/#\\\/schema\\\/logo\\\/image\\\/\"}}]}<\/script>\n<!-- \/ Yoast SEO plugin. -->","yoast_head_json":{"title":"HISTOIRE de l'AMERIQUE LATINE - Abc-latina","description":"L'histoire des pays Latino-am\u00e9ricains, ses grandes dates, ses civilisations, et les d\u00e9tails historiques pays par pays.","robots":{"index":"index","follow":"follow","max-snippet":"max-snippet:-1","max-image-preview":"max-image-preview:large","max-video-preview":"max-video-preview:-1"},"canonical":"https:\/\/abc-latina.com\/amerique_latine\/histoire\/","og_locale":"fr_FR","og_type":"article","og_title":"HISTOIRE de l'AMERIQUE LATINE - Abc-latina","og_description":"L'histoire des pays Latino-am\u00e9ricains, ses grandes dates, ses civilisations, et les d\u00e9tails historiques pays par pays.","og_url":"https:\/\/abc-latina.com\/amerique_latine\/histoire\/","og_site_name":"Abc-latina","article_modified_time":"2026-04-30T16:24:41+00:00","og_image":[{"width":500,"height":251,"url":"https:\/\/abc-latina.com\/wp-content\/uploads\/2010\/06\/003-histoire-de-l-argentine.jpg","type":"image\/jpeg"}],"twitter_card":"summary_large_image","twitter_misc":{"Dur\u00e9e de lecture estim\u00e9e":"4 minutes"},"schema":{"@context":"https:\/\/schema.org","@graph":[{"@type":"WebPage","@id":"https:\/\/abc-latina.com\/amerique_latine\/histoire\/","url":"https:\/\/abc-latina.com\/amerique_latine\/histoire\/","name":"HISTOIRE de l'AMERIQUE LATINE - Abc-latina","isPartOf":{"@id":"https:\/\/abc-latina.com\/#website"},"primaryImageOfPage":{"@id":"https:\/\/abc-latina.com\/amerique_latine\/histoire\/#primaryimage"},"image":{"@id":"https:\/\/abc-latina.com\/amerique_latine\/histoire\/#primaryimage"},"thumbnailUrl":"https:\/\/abc-latina.com\/wp-content\/uploads\/2010\/06\/003-histoire-de-l-argentine.jpg","datePublished":"2010-06-14T01:27:13+00:00","dateModified":"2026-04-30T16:24:41+00:00","description":"L'histoire des pays Latino-am\u00e9ricains, ses grandes dates, ses civilisations, et les d\u00e9tails historiques pays par pays.","breadcrumb":{"@id":"https:\/\/abc-latina.com\/amerique_latine\/histoire\/#breadcrumb"},"inLanguage":"fr-FR","potentialAction":[{"@type":"ReadAction","target":["https:\/\/abc-latina.com\/amerique_latine\/histoire\/"]}]},{"@type":"ImageObject","inLanguage":"fr-FR","@id":"https:\/\/abc-latina.com\/amerique_latine\/histoire\/#primaryimage","url":"https:\/\/abc-latina.com\/wp-content\/uploads\/2010\/06\/003-histoire-de-l-argentine.jpg","contentUrl":"https:\/\/abc-latina.com\/wp-content\/uploads\/2010\/06\/003-histoire-de-l-argentine.jpg","width":500,"height":251,"caption":"L'HISTOIRE DE L'ARGENTINE"},{"@type":"BreadcrumbList","@id":"https:\/\/abc-latina.com\/amerique_latine\/histoire\/#breadcrumb","itemListElement":[{"@type":"ListItem","position":1,"name":"Accueil","item":"https:\/\/abc-latina.com\/"},{"@type":"ListItem","position":2,"name":"HISTOIRE de l&rsquo;AMERIQUE LATINE"}]},{"@type":"WebSite","@id":"https:\/\/abc-latina.com\/#website","url":"https:\/\/abc-latina.com\/","name":"Abc-latina","description":"","publisher":{"@id":"https:\/\/abc-latina.com\/#organization"},"potentialAction":[{"@type":"SearchAction","target":{"@type":"EntryPoint","urlTemplate":"https:\/\/abc-latina.com\/?s={search_term_string}"},"query-input":{"@type":"PropertyValueSpecification","valueRequired":true,"valueName":"search_term_string"}}],"inLanguage":"fr-FR"},{"@type":"Organization","@id":"https:\/\/abc-latina.com\/#organization","name":"Abc-latina","url":"https:\/\/abc-latina.com\/","logo":{"@type":"ImageObject","inLanguage":"fr-FR","@id":"https:\/\/abc-latina.com\/#\/schema\/logo\/image\/","url":"https:\/\/abc-latina.com\/wp-content\/uploads\/2026\/05\/cropped-logo.gif","contentUrl":"https:\/\/abc-latina.com\/wp-content\/uploads\/2026\/05\/cropped-logo.gif","width":89,"height":84,"caption":"Abc-latina"},"image":{"@id":"https:\/\/abc-latina.com\/#\/schema\/logo\/image\/"}}]}},"_links":{"self":[{"href":"https:\/\/abc-latina.com\/wp-json\/wp\/v2\/pages\/1109","targetHints":{"allow":["GET"]}}],"collection":[{"href":"https:\/\/abc-latina.com\/wp-json\/wp\/v2\/pages"}],"about":[{"href":"https:\/\/abc-latina.com\/wp-json\/wp\/v2\/types\/page"}],"author":[{"embeddable":true,"href":"https:\/\/abc-latina.com\/wp-json\/wp\/v2\/users\/3"}],"replies":[{"embeddable":true,"href":"https:\/\/abc-latina.com\/wp-json\/wp\/v2\/comments?post=1109"}],"version-history":[{"count":1,"href":"https:\/\/abc-latina.com\/wp-json\/wp\/v2\/pages\/1109\/revisions"}],"predecessor-version":[{"id":2998,"href":"https:\/\/abc-latina.com\/wp-json\/wp\/v2\/pages\/1109\/revisions\/2998"}],"up":[{"embeddable":true,"href":"https:\/\/abc-latina.com\/wp-json\/wp\/v2\/pages\/2506"}],"wp:featuredmedia":[{"embeddable":true,"href":"https:\/\/abc-latina.com\/wp-json\/wp\/v2\/media\/71"}],"wp:attachment":[{"href":"https:\/\/abc-latina.com\/wp-json\/wp\/v2\/media?parent=1109"}],"curies":[{"name":"wp","href":"https:\/\/api.w.org\/{rel}","templated":true}]}}