{"id":1147,"date":"2010-06-14T04:43:04","date_gmt":"2010-06-14T02:43:04","guid":{"rendered":"http:\/\/abc-latina.com\/tourisme-htm-3\/"},"modified":"2026-04-30T18:25:18","modified_gmt":"2026-04-30T16:25:18","slug":"tourisme","status":"publish","type":"page","link":"https:\/\/abc-latina.com\/perou\/tourisme\/","title":{"rendered":"TOURISME &#038; VOYAGE au PEROU"},"content":{"rendered":"<p><img loading=\"lazy\" decoding=\"async\" class=\" size-full wp-image-1145\" src=\"http:\/\/abc-latina.com\/wp-content\/uploads\/2010\/06\/031-tourisme-au-perou.jpg\" title=\"TOURISME &amp; VOYAGE AU PEROU\" alt=\"TOURISME &amp; VOYAGE AU PEROU\" width=\"480\" height=\"261\" srcset=\"https:\/\/abc-latina.com\/wp-content\/uploads\/2010\/06\/031-tourisme-au-perou.jpg 700w, https:\/\/abc-latina.com\/wp-content\/uploads\/2010\/06\/031-tourisme-au-perou-300x163.jpg 300w\" sizes=\"auto, (max-width: 480px) 100vw, 480px\" \/><\/p>\n<p>Il <span class=\"tsource\">peut <\/span>sembler difficile de planifier son itin\u00e9raire pour visiter le P\u00e9rou, tant ce pays, deux fois plus grand que la France, pr\u00e9sente une extraordinaire vari\u00e9t\u00e9 de paysages et de climats.<\/p>\n<p>Pour beaucoup, le but principal du voyage au P\u00e9rou est la visite de l&rsquo;ancienne capitale des Incas, Cuzco, et l&rsquo;un des sites les plus c\u00e9l\u00e8bres du continent, le Machu Picchu. La d\u00e9couverte de cette impressionnante &laquo;cit\u00e9 oubli\u00e9e&raquo; sera sans nul doute l&rsquo;un des temps forts du voyage.<\/p>\n<p>Au sud des Andes, Arequipa d\u00e9ploie ses palais blancs et ses \u00e9glises baroques dans une oasis aux pieds des volcans.<\/p>\n<p>Puis le lac Titicaca. Cet immense lac d&rsquo;un bleu intense, le plus haut du monde, est habit\u00e9 par des communaut\u00e9s indiennes aux traditions s\u00e9culaires.&nbsp;<\/p>\n<p><a href=\"tour_operateur\" target=\"_blank\"><img loading=\"lazy\" decoding=\"async\" class=\" size-full wp-image-41\" alt=\"\" class=\"touroperateur\" src=\"http:\/\/abc-latina.com\/wp-content\/uploads\/2010\/04\/timbre_to.gif\" width=\"125\" height=\"90\" \/><\/a>Au nord, Huaraz, dans la cordill\u00e8re blanche, r\u00e9serve aux amateurs de trekking et d&rsquo;andisme les plus beaux paysages de montagne du P\u00e9rou, mais aussi la d\u00e9couverte du site pr\u00e9-inca de Chavin de Huantar.&nbsp;<\/p>\n<p>La jungle Amazonienne, une r\u00e9gion fascinante qui couvre plus de la moiti\u00e9 du territoire p\u00e9ruvien o\u00f9 l&rsquo;on peut d\u00e9couvrir, avec un tour op\u00e9rateur ou h\u00e9berg\u00e9 dans un Lodge, une faune et une flore extraordinaire et unique.&nbsp;<\/p>\n<p><img loading=\"lazy\" decoding=\"async\" class=\" alignright size-full wp-image-1146\" src=\"http:\/\/abc-latina.com\/wp-content\/uploads\/2010\/06\/lima10p.jpg\" style=\"border-width: 1px; border-style: solid; margin: 5px 22px; float: right;\" alt=\"\" width=\"135\" height=\"198\" \/>La C\u00f4te Nord offre aux visiteurs la d\u00e9couverte d&rsquo;un P\u00e9rou diff\u00e9rent des clich\u00e9s habituels, mais aussi riche de sites arch\u00e9ologiques et d&rsquo;une culture qui lui est propre.<\/p>\n<p>La nonchalance cr\u00e9ole de Trujillo, Cajamarca la derni\u00e8re ville des Incas et la fantomatique cit\u00e9 d&rsquo;adobe de Chan-Chan, ne sont que quelques endroits parmi d&rsquo;autres, qui m\u00e9rite d&rsquo;y consacrer un circuit touristique sp\u00e9cifique.<\/p>\n<p>Sur la C\u00f4te Sud, la reserva Nacional Paracas est appel\u00e9e &quot;les Gal\u00e1pagos p\u00e9ruviennes&quot; car on y trouve une quantit\u00e9 impressionnante d&rsquo;otaries, d&rsquo;oiseaux de mer, de manchots analogues \u00e0 ceux qu&rsquo;on observe aux \u00eeles Gal\u00e1pagos.&nbsp;<\/p>\n<p>Plus au sud, au milieu du d\u00e9sert, la plaine de Nazca (couverte de gigantesques dessins seulement visibles du ciel) est le vestige d&rsquo;un peuple pr\u00e9-inca encore myst\u00e9rieux<\/p>\n<p><img loading=\"lazy\" decoding=\"async\" class=\" size-full wp-image-46\" src=\"http:\/\/abc-latina.com\/wp-content\/uploads\/2010\/04\/pages-associes.gif\" alt=\"\" width=\"120\" height=\"10\" \/><br \/><a href=\"https:\/\/www.abc-latina.com\/perou\/circuits_touristiques\/\">Circuits touristiques au P\u00e9rou<\/a>&nbsp;<br \/><a href=\"https:\/\/www.abc-latina.com\/amerique_latine\/tourisme\" target=\"_blank\">Tourisme en Am\u00e9rique latine<\/a><\/p>\n<h3>Les sites p\u00e9ruviens class\u00e9s au patrimoine de l&rsquo;UNESCO:<\/h3>\n<p>Ville de Cuzco &#8211; 1983<br \/>Sanctuaire historique Machu Picchu &#8211; 1983<br \/>Chav\u00edn (Site arch\u00e9ologique) &#8211; 1985<br \/>Parc national de Huascar\u00e1n &#8211; 1985<br \/>Zone arch\u00e9ologique de Chan Chan &#8211; 1986<br \/>Parc national de Man\u00fa &#8211; 1987<br \/>Centre historique de Lima &#8211; 1988-1991<br \/>Parc national R\u00edo Abiseo &#8211; 1990-1992<br \/>Lignes et g\u00e9oglyphes de Nazca et Pampas de Jumana &#8211; 1994<br \/>Centre historique de la ville d&rsquo;Arequipa &#8211; 2000<br \/>Cit\u00e9 sacr\u00e9e de Caral-Supe &#8211; 2009<a href=\"http:\/\/voyage.abc-latina.com\/voyage_perou\/perou.php\" target=\"_blank\"><span class=\"sejour-circuit\"><br \/><\/span><\/a><\/p>\n<h3>Pr\u00e9parez votre voyage au P\u00e9rou :<\/h3>\n<div><a href=\"https:\/\/www.abc-latina.com\/perou\/agence_de_voyages\">Agences de voyage g\u00e9n\u00e9ralistes et discounteurs<\/a><\/div>\n<div><a href=\"https:\/\/www.abc-latina.com\/perou\/tour_operateur\">Tours Op\u00e9rateurs sp\u00e9cialistes du P\u00e9rou<\/a><\/div>\n<div><a href=\"https:\/\/www.abc-latina.com\/to\/reservation_billet_avion\" target=\"_blank\">R\u00e9servez votre billet d&rsquo;avion<\/a><\/div>\n<div><a href=\"https:\/\/www.abc-latina.com\/perou\/hotels\">R\u00e9servez votre h\u00f4tel au P\u00e9rou<\/a>&nbsp;<\/div>\n<div><a href=\"https:\/\/www.abc-latina.com\/to\/location_de_voiture_perou\" target=\"_blank\">Location de voiture<\/a><\/div>\n<p>&nbsp;<\/p>\n","protected":false},"excerpt":{"rendered":"<p>Il peut sembler difficile de planifier son itin\u00e9raire pour visiter le P\u00e9rou, tant ce pays, deux fois plus grand que [&hellip;]<\/p>\n","protected":false},"author":3,"featured_media":1145,"parent":2118,"menu_order":0,"comment_status":"closed","ping_status":"closed","template":"","meta":{"site-sidebar-layout":"default","site-content-layout":"","ast-site-content-layout":"default","site-content-style":"default","site-sidebar-style":"default","ast-global-header-display":"","ast-banner-title-visibility":"","ast-main-header-display":"","ast-hfb-above-header-display":"","ast-hfb-below-header-display":"","ast-hfb-mobile-header-display":"","site-post-title":"","ast-breadcrumbs-content":"","ast-featured-img":"","footer-sml-layout":"","ast-disable-related-posts":"","theme-transparent-header-meta":"","adv-header-id-meta":"","stick-header-meta":"","header-above-stick-meta":"","header-main-stick-meta":"","header-below-stick-meta":"","astra-migrate-meta-layouts":"default","ast-page-background-enabled":"default","ast-page-background-meta":{"desktop":{"background-color":"var(--ast-global-color-5)","background-image":"","background-repeat":"repeat","background-position":"center center","background-size":"auto","background-attachment":"scroll","background-type":"","background-media":"","overlay-type":"","overlay-color":"","overlay-opacity":"","overlay-gradient":""},"tablet":{"background-color":"","background-image":"","background-repeat":"repeat","background-position":"center center","background-size":"auto","background-attachment":"scroll","background-type":"","background-media":"","overlay-type":"","overlay-color":"","overlay-opacity":"","overlay-gradient":""},"mobile":{"background-color":"","background-image":"","background-repeat":"repeat","background-position":"center center","background-size":"auto","background-attachment":"scroll","background-type":"","background-media":"","overlay-type":"","overlay-color":"","overlay-opacity":"","overlay-gradient":""}},"ast-content-background-meta":{"desktop":{"background-color":"var(--ast-global-color-4)","background-image":"","background-repeat":"repeat","background-position":"center center","background-size":"auto","background-attachment":"scroll","background-type":"","background-media":"","overlay-type":"","overlay-color":"","overlay-opacity":"","overlay-gradient":""},"tablet":{"background-color":"var(--ast-global-color-4)","background-image":"","background-repeat":"repeat","background-position":"center center","background-size":"auto","background-attachment":"scroll","background-type":"","background-media":"","overlay-type":"","overlay-color":"","overlay-opacity":"","overlay-gradient":""},"mobile":{"background-color":"var(--ast-global-color-4)","background-image":"","background-repeat":"repeat","background-position":"center center","background-size":"auto","background-attachment":"scroll","background-type":"","background-media":"","overlay-type":"","overlay-color":"","overlay-opacity":"","overlay-gradient":""}},"footnotes":""},"class_list":["post-1147","page","type-page","status-publish","has-post-thumbnail","hentry"],"yoast_head":"<!-- This site is optimized with the Yoast SEO plugin v27.5 - https:\/\/yoast.com\/product\/yoast-seo-wordpress\/ -->\n<title>TOURISME &amp; VOYAGE au PEROU - Abc-latina<\/title>\n<meta name=\"description\" content=\"Tourisme au Perou, visite du pays r\u00e9gion par r\u00e9gion, voyage au P\u00e9rou.\" \/>\n<meta name=\"robots\" content=\"index, follow, max-snippet:-1, max-image-preview:large, max-video-preview:-1\" \/>\n<link rel=\"canonical\" href=\"https:\/\/abc-latina.com\/perou\/tourisme\/\" \/>\n<meta property=\"og:locale\" content=\"fr_FR\" \/>\n<meta property=\"og:type\" content=\"article\" \/>\n<meta property=\"og:title\" content=\"TOURISME &amp; VOYAGE au PEROU - Abc-latina\" \/>\n<meta property=\"og:description\" content=\"Tourisme au Perou, visite du pays r\u00e9gion par r\u00e9gion, voyage au P\u00e9rou.\" \/>\n<meta property=\"og:url\" content=\"https:\/\/abc-latina.com\/perou\/tourisme\/\" \/>\n<meta property=\"og:site_name\" content=\"Abc-latina\" \/>\n<meta property=\"article:modified_time\" content=\"2026-04-30T16:25:18+00:00\" \/>\n<meta property=\"og:image\" content=\"https:\/\/abc-latina.com\/wp-content\/uploads\/2010\/06\/031-tourisme-au-perou.jpg\" \/>\n\t<meta property=\"og:image:width\" content=\"700\" \/>\n\t<meta property=\"og:image:height\" content=\"380\" \/>\n\t<meta property=\"og:image:type\" content=\"image\/jpeg\" \/>\n<meta name=\"twitter:card\" content=\"summary_large_image\" \/>\n<meta name=\"twitter:label1\" content=\"Dur\u00e9e de lecture estim\u00e9e\" \/>\n\t<meta name=\"twitter:data1\" content=\"2 minutes\" \/>\n<script type=\"application\/ld+json\" class=\"yoast-schema-graph\">{\"@context\":\"https:\\\/\\\/schema.org\",\"@graph\":[{\"@type\":\"WebPage\",\"@id\":\"https:\\\/\\\/abc-latina.com\\\/perou\\\/tourisme\\\/\",\"url\":\"https:\\\/\\\/abc-latina.com\\\/perou\\\/tourisme\\\/\",\"name\":\"TOURISME & VOYAGE au PEROU - Abc-latina\",\"isPartOf\":{\"@id\":\"https:\\\/\\\/abc-latina.com\\\/#website\"},\"primaryImageOfPage\":{\"@id\":\"https:\\\/\\\/abc-latina.com\\\/perou\\\/tourisme\\\/#primaryimage\"},\"image\":{\"@id\":\"https:\\\/\\\/abc-latina.com\\\/perou\\\/tourisme\\\/#primaryimage\"},\"thumbnailUrl\":\"https:\\\/\\\/abc-latina.com\\\/wp-content\\\/uploads\\\/2010\\\/06\\\/031-tourisme-au-perou.jpg\",\"datePublished\":\"2010-06-14T02:43:04+00:00\",\"dateModified\":\"2026-04-30T16:25:18+00:00\",\"description\":\"Tourisme au Perou, visite du pays r\u00e9gion par r\u00e9gion, voyage au P\u00e9rou.\",\"breadcrumb\":{\"@id\":\"https:\\\/\\\/abc-latina.com\\\/perou\\\/tourisme\\\/#breadcrumb\"},\"inLanguage\":\"fr-FR\",\"potentialAction\":[{\"@type\":\"ReadAction\",\"target\":[\"https:\\\/\\\/abc-latina.com\\\/perou\\\/tourisme\\\/\"]}]},{\"@type\":\"ImageObject\",\"inLanguage\":\"fr-FR\",\"@id\":\"https:\\\/\\\/abc-latina.com\\\/perou\\\/tourisme\\\/#primaryimage\",\"url\":\"https:\\\/\\\/abc-latina.com\\\/wp-content\\\/uploads\\\/2010\\\/06\\\/031-tourisme-au-perou.jpg\",\"contentUrl\":\"https:\\\/\\\/abc-latina.com\\\/wp-content\\\/uploads\\\/2010\\\/06\\\/031-tourisme-au-perou.jpg\",\"width\":700,\"height\":380,\"caption\":\"TOURISME &amp; VOYAGE AU PEROU\"},{\"@type\":\"BreadcrumbList\",\"@id\":\"https:\\\/\\\/abc-latina.com\\\/perou\\\/tourisme\\\/#breadcrumb\",\"itemListElement\":[{\"@type\":\"ListItem\",\"position\":1,\"name\":\"Accueil\",\"item\":\"https:\\\/\\\/abc-latina.com\\\/\"},{\"@type\":\"ListItem\",\"position\":2,\"name\":\"TOURISME &#038; VOYAGE au PEROU\"}]},{\"@type\":\"WebSite\",\"@id\":\"https:\\\/\\\/abc-latina.com\\\/#website\",\"url\":\"https:\\\/\\\/abc-latina.com\\\/\",\"name\":\"Abc-latina\",\"description\":\"\",\"publisher\":{\"@id\":\"https:\\\/\\\/abc-latina.com\\\/#organization\"},\"potentialAction\":[{\"@type\":\"SearchAction\",\"target\":{\"@type\":\"EntryPoint\",\"urlTemplate\":\"https:\\\/\\\/abc-latina.com\\\/?s={search_term_string}\"},\"query-input\":{\"@type\":\"PropertyValueSpecification\",\"valueRequired\":true,\"valueName\":\"search_term_string\"}}],\"inLanguage\":\"fr-FR\"},{\"@type\":\"Organization\",\"@id\":\"https:\\\/\\\/abc-latina.com\\\/#organization\",\"name\":\"Abc-latina\",\"url\":\"https:\\\/\\\/abc-latina.com\\\/\",\"logo\":{\"@type\":\"ImageObject\",\"inLanguage\":\"fr-FR\",\"@id\":\"https:\\\/\\\/abc-latina.com\\\/#\\\/schema\\\/logo\\\/image\\\/\",\"url\":\"https:\\\/\\\/abc-latina.com\\\/wp-content\\\/uploads\\\/2026\\\/05\\\/cropped-logo.gif\",\"contentUrl\":\"https:\\\/\\\/abc-latina.com\\\/wp-content\\\/uploads\\\/2026\\\/05\\\/cropped-logo.gif\",\"width\":89,\"height\":84,\"caption\":\"Abc-latina\"},\"image\":{\"@id\":\"https:\\\/\\\/abc-latina.com\\\/#\\\/schema\\\/logo\\\/image\\\/\"}}]}<\/script>\n<!-- \/ Yoast SEO plugin. -->","yoast_head_json":{"title":"TOURISME & VOYAGE au PEROU - Abc-latina","description":"Tourisme au Perou, visite du pays r\u00e9gion par r\u00e9gion, voyage au P\u00e9rou.","robots":{"index":"index","follow":"follow","max-snippet":"max-snippet:-1","max-image-preview":"max-image-preview:large","max-video-preview":"max-video-preview:-1"},"canonical":"https:\/\/abc-latina.com\/perou\/tourisme\/","og_locale":"fr_FR","og_type":"article","og_title":"TOURISME & VOYAGE au PEROU - Abc-latina","og_description":"Tourisme au Perou, visite du pays r\u00e9gion par r\u00e9gion, voyage au P\u00e9rou.","og_url":"https:\/\/abc-latina.com\/perou\/tourisme\/","og_site_name":"Abc-latina","article_modified_time":"2026-04-30T16:25:18+00:00","og_image":[{"width":700,"height":380,"url":"https:\/\/abc-latina.com\/wp-content\/uploads\/2010\/06\/031-tourisme-au-perou.jpg","type":"image\/jpeg"}],"twitter_card":"summary_large_image","twitter_misc":{"Dur\u00e9e de lecture estim\u00e9e":"2 minutes"},"schema":{"@context":"https:\/\/schema.org","@graph":[{"@type":"WebPage","@id":"https:\/\/abc-latina.com\/perou\/tourisme\/","url":"https:\/\/abc-latina.com\/perou\/tourisme\/","name":"TOURISME & VOYAGE au PEROU - Abc-latina","isPartOf":{"@id":"https:\/\/abc-latina.com\/#website"},"primaryImageOfPage":{"@id":"https:\/\/abc-latina.com\/perou\/tourisme\/#primaryimage"},"image":{"@id":"https:\/\/abc-latina.com\/perou\/tourisme\/#primaryimage"},"thumbnailUrl":"https:\/\/abc-latina.com\/wp-content\/uploads\/2010\/06\/031-tourisme-au-perou.jpg","datePublished":"2010-06-14T02:43:04+00:00","dateModified":"2026-04-30T16:25:18+00:00","description":"Tourisme au Perou, visite du pays r\u00e9gion par r\u00e9gion, voyage au P\u00e9rou.","breadcrumb":{"@id":"https:\/\/abc-latina.com\/perou\/tourisme\/#breadcrumb"},"inLanguage":"fr-FR","potentialAction":[{"@type":"ReadAction","target":["https:\/\/abc-latina.com\/perou\/tourisme\/"]}]},{"@type":"ImageObject","inLanguage":"fr-FR","@id":"https:\/\/abc-latina.com\/perou\/tourisme\/#primaryimage","url":"https:\/\/abc-latina.com\/wp-content\/uploads\/2010\/06\/031-tourisme-au-perou.jpg","contentUrl":"https:\/\/abc-latina.com\/wp-content\/uploads\/2010\/06\/031-tourisme-au-perou.jpg","width":700,"height":380,"caption":"TOURISME &amp; VOYAGE AU PEROU"},{"@type":"BreadcrumbList","@id":"https:\/\/abc-latina.com\/perou\/tourisme\/#breadcrumb","itemListElement":[{"@type":"ListItem","position":1,"name":"Accueil","item":"https:\/\/abc-latina.com\/"},{"@type":"ListItem","position":2,"name":"TOURISME &#038; VOYAGE au PEROU"}]},{"@type":"WebSite","@id":"https:\/\/abc-latina.com\/#website","url":"https:\/\/abc-latina.com\/","name":"Abc-latina","description":"","publisher":{"@id":"https:\/\/abc-latina.com\/#organization"},"potentialAction":[{"@type":"SearchAction","target":{"@type":"EntryPoint","urlTemplate":"https:\/\/abc-latina.com\/?s={search_term_string}"},"query-input":{"@type":"PropertyValueSpecification","valueRequired":true,"valueName":"search_term_string"}}],"inLanguage":"fr-FR"},{"@type":"Organization","@id":"https:\/\/abc-latina.com\/#organization","name":"Abc-latina","url":"https:\/\/abc-latina.com\/","logo":{"@type":"ImageObject","inLanguage":"fr-FR","@id":"https:\/\/abc-latina.com\/#\/schema\/logo\/image\/","url":"https:\/\/abc-latina.com\/wp-content\/uploads\/2026\/05\/cropped-logo.gif","contentUrl":"https:\/\/abc-latina.com\/wp-content\/uploads\/2026\/05\/cropped-logo.gif","width":89,"height":84,"caption":"Abc-latina"},"image":{"@id":"https:\/\/abc-latina.com\/#\/schema\/logo\/image\/"}}]}},"_links":{"self":[{"href":"https:\/\/abc-latina.com\/wp-json\/wp\/v2\/pages\/1147","targetHints":{"allow":["GET"]}}],"collection":[{"href":"https:\/\/abc-latina.com\/wp-json\/wp\/v2\/pages"}],"about":[{"href":"https:\/\/abc-latina.com\/wp-json\/wp\/v2\/types\/page"}],"author":[{"embeddable":true,"href":"https:\/\/abc-latina.com\/wp-json\/wp\/v2\/users\/3"}],"replies":[{"embeddable":true,"href":"https:\/\/abc-latina.com\/wp-json\/wp\/v2\/comments?post=1147"}],"version-history":[{"count":1,"href":"https:\/\/abc-latina.com\/wp-json\/wp\/v2\/pages\/1147\/revisions"}],"predecessor-version":[{"id":3755,"href":"https:\/\/abc-latina.com\/wp-json\/wp\/v2\/pages\/1147\/revisions\/3755"}],"up":[{"embeddable":true,"href":"https:\/\/abc-latina.com\/wp-json\/wp\/v2\/pages\/2118"}],"wp:featuredmedia":[{"embeddable":true,"href":"https:\/\/abc-latina.com\/wp-json\/wp\/v2\/media\/1145"}],"wp:attachment":[{"href":"https:\/\/abc-latina.com\/wp-json\/wp\/v2\/media?parent=1147"}],"curies":[{"name":"wp","href":"https:\/\/api.w.org\/{rel}","templated":true}]}}