{"id":1150,"date":"2010-06-14T04:50:03","date_gmt":"2010-06-14T02:50:03","guid":{"rendered":"http:\/\/abc-latina.com\/histoire-htm-3\/"},"modified":"2026-04-30T18:25:17","modified_gmt":"2026-04-30T16:25:17","slug":"histoire","status":"publish","type":"page","link":"https:\/\/abc-latina.com\/perou\/histoire\/","title":{"rendered":"HISTOIRE &#8211; PEROU"},"content":{"rendered":"<p><img loading=\"lazy\" decoding=\"async\" class=\" size-full wp-image-1149\" src=\"http:\/\/abc-latina.com\/wp-content\/uploads\/2010\/06\/038-histoire-du-perou.jpg\" title=\"HISTOIRE DU PEROU\" alt=\"HISTOIRE DU PEROU\" width=\"480\" height=\"239\" srcset=\"https:\/\/abc-latina.com\/wp-content\/uploads\/2010\/06\/038-histoire-du-perou.jpg 656w, https:\/\/abc-latina.com\/wp-content\/uploads\/2010\/06\/038-histoire-du-perou-300x149.jpg 300w\" sizes=\"auto, (max-width: 480px) 100vw, 480px\" \/><\/p>\n<ul>\n<li>\n<h2 style=\"text-align: center;\">&nbsp;<\/h2>\n<h2 style=\"text-align: center;\">Les principales dates de l&rsquo;histoire p\u00e9ruvienne &nbsp;&nbsp;<\/h2>\n<ul>\n<li><span class=\"histoire-date\">1000 \u00e0 250&nbsp;av J-C&nbsp;<\/span><br \/> P\u00e9riode de la culture <a href=\"https:\/\/www.abc-latina.com\/civilisations\/chavin\">Chav\u00edn<\/a>.<\/li>\n<li><span class=\"histoire-date\">800 av J-C \u00e0&nbsp;200 ap J-C<\/span><br \/> P\u00e9riode de la culture <a href=\"https:\/\/www.abc-latina.com\/civilisations\/paracas\">Paracas<\/a>.<\/li>\n<li><span class=\"histoire-date\">200 av J-C \u00e0&nbsp;600 ap J-C<\/span><br \/> P\u00e9riode de la culture <a href=\"https:\/\/www.abc-latina.com\/civilisations\/mochica\">Mochica ou Moche<\/a>.<\/li>\n<li><span class=\"histoire-date\">200 av J-C \u00e0&nbsp;600 ap J-C<\/span><br \/> P\u00e9riode de la culture <a href=\"https:\/\/www.abc-latina.com\/civilisations\/nazca\">Nazca<\/a>.<\/li>\n<li><span class=\"histoire-date\">600 \u00e0 1000 ap J-C&nbsp;<\/span><br \/> P\u00e9riode de la culture Huari ou Wari<\/li>\n<li><span class=\"histoire-date\">100av J-C&nbsp;\u00e0 1000 ap J-C<\/span><br \/> P\u00e9riode de la culture <a href=\"https:\/\/www.abc-latina.com\/civilisations\/tiwanaku\">Tiahuanaco&nbsp;<\/a><\/li>\n<li><span class=\"histoire-date\">900 \u00e0 1470 ap J-C<\/span> &nbsp;<br \/> P\u00e9riode de la culture <a href=\"https:\/\/www.abc-latina.com\/civilisations\/chimu\">Chim\u00fa<\/a>.<\/li>\n<li><span class=\"histoire-date\">1200<\/span><br \/> D\u00e9but de la culture <a href=\"https:\/\/www.abc-latina.com\/civilisations\/Inca\">Inca&nbsp;<\/a><\/li>\n<li><span class=\"histoire-date\">Fin du 15\u00e9 si\u00e8cle<\/span> &nbsp;<br \/> L&rsquo;Inca Pachacutec passe le flambeau \u00e0 son fils Tupac Yupanqu\u00ed, qui \u00e9tend l&rsquo;Empire jusqu&rsquo;au territoire Equatorien.&nbsp;<\/li>\n<li><span class=\"histoire-date\">1493<\/span> &nbsp;<br \/> Mort de l&rsquo;Inca Tupac Yupanqu\u00ed.<br \/> Son fils, Huayna C\u00e1pac, lui succ\u00e8de et prolonge l&rsquo;Empire Inca jusqu&rsquo;\u00e0 la fronti\u00e8re de la Colombie.&nbsp;<\/li>\n<li><span class=\"histoire-date\">1527<\/span> &nbsp;<br \/> L&rsquo;Inca Huayna C\u00e1pac d\u00e9c\u00e8de.&nbsp;<\/li>\n<li><span class=\"histoire-date\">1530 &#8211; 1532<\/span> &nbsp;<br \/> Une guerre de succession \u00e9clate entre les deux fils d&rsquo;Huayna C\u00e1pac, Hu\u00e1scar et Atahualpa. Cedernier \u00e9crase les troupes de son fr\u00e8re.&nbsp;<\/li>\n<li><span class=\"histoire-date\">1531<\/span> &nbsp;<br \/> Le conquistador <a target=\"_blank\" href=\"https:\/\/www.abc-latina.com\/personnalites\/francisco_pizarro\">Fransisco Pizarro<\/a> arrive au nord du P\u00e9rou, \u00e0 Tumbes.&nbsp;<\/li>\n<li><span class=\"histoire-date\">1532<\/span> &nbsp;<br \/> A cajamarca, au P\u00e9rou, Pizarro et ses hommes tendent un pi\u00e8ge \u00e0 Atahualpa et le font prisonnier.&nbsp;<\/li>\n<li><span class=\"histoire-date\">1533 <\/span>&nbsp;<br \/> Atahualpa est assassin\u00e9.&nbsp;<\/li>\n<li><span class=\"histoire-date\">1535<\/span> &nbsp;<br \/> Pizarro fonde la ville de <a href=\"https:\/\/www.abc-latina.com\/perou\/lima\">Lima<\/a>.&nbsp;<\/li>\n<li><span class=\"histoire-date\">1536<\/span> &nbsp;<br \/> L&rsquo;inca Manco assi\u00e8ge la ville de <a href=\"https:\/\/www.abc-latina.com\/perou\/cuzco\">Cuzco<\/a>.&nbsp;<\/li>\n<li><span class=\"histoire-date\">1551<\/span> &nbsp;<br \/> Fondation de la premi\u00e8re universit\u00e9 en Am\u00e9rique du sud, l&rsquo;universit\u00e9 San Marcos \u00e0 Lima.&nbsp;<\/li>\n<li><span class=\"histoire-date\">1563<\/span> &nbsp;<br \/> Cr\u00e9ation de l&rsquo;Audiencia Real de Lima (juridiction territoriale et judiciaire), plac\u00e9e sous la tutelle de la couronne d&rsquo;Espagne.<\/li>\n<li><span class=\"histoire-date\">1570<\/span><br \/> Le tribunal de l&rsquo;Inquisition est institu\u00e9 \u00e0 Lima.&nbsp;<\/li>\n<li><span class=\"histoire-date\">1572<\/span> &nbsp;<br \/> Tupac Amar\u00fa, fils de Manco, est ex\u00e9cut\u00e9 \u00e0 Cuzco.&nbsp;<\/li>\n<li><span class=\"histoire-date\">1767<\/span> &nbsp;<br \/> Les j\u00e9suites sont expuls\u00e9s du continent.&nbsp;<\/li>\n<li><span class=\"histoire-date\">1821<\/span><br \/> Le P\u00e9rou proclame son ind\u00e9pendance.&nbsp;<\/li>\n<li><span class=\"histoire-date\">1824<\/span><br \/> D\u00e9faite des espagnols \u00e0 Jun\u00edn et Ayacucho.&nbsp;<\/li>\n<li><span class=\"histoire-date\">1826<\/span><br \/> <a target=\"_blank\" href=\"https:\/\/www.abc-latina.com\/personnalites\/simon_bolivar\">Sim\u00f3n Bol\u00edvar<\/a> quitte le P\u00e9rou.&nbsp;<\/li>\n<li><span class=\"histoire-date\">1854<\/span><br \/> Abolition de l&rsquo;esclavage.&nbsp;<\/li>\n<li><span class=\"histoire-date\">1864<\/span><br \/> L&rsquo;Espagne tente de s&rsquo;accaparer des \u00eeles Chincha.<\/li>\n<li><span class=\"histoire-date\">1879 <\/span><br \/> D\u00e9but de la guerre du Pacifique, qui implica le P\u00e9rou, la Bolivie et le Chili.<\/li>\n<li><span class=\"histoire-date\">1883<\/span><br \/> Fin de la guerre du Pacifique. La Bolivie perd son acc\u00e8s \u00e0 la mer et le P\u00e9rou est d\u00e9pouill\u00e9 de Tarapac\u00e1.<\/li>\n<li><span class=\"histoire-date\">1941<\/span><br \/> L&rsquo;arm\u00e9e P\u00e9ruvienne envahit le sud de l&rsquo;Equateur.&nbsp;<\/li>\n<li><span class=\"histoire-date\">1942<\/span><br \/> A la suite du protocole de Rio de Janeiro, l&rsquo;Equateur perd une importante partie de son territoire au profit du P\u00e9rou.&nbsp;<\/li>\n<li><span class=\"histoire-date\">1979<\/span><br \/> Le P\u00e9rou int\u00e8gre le Pacte Andin. Les autres menbres en sont la Colombie, le chili et l&rsquo;Equateur. Cette association favorise le libre-\u00e9change entre ces pays.&nbsp;<\/li>\n<li><span class=\"histoire-date\">1980<\/span><br \/> D\u00e9but des activit\u00e9s terroristes du Sentier Lumineux.<\/li>\n<li><span class=\"histoire-date\">1984<\/span> &nbsp;<br \/> D\u00e9but des activit\u00e9s du MRTA.<\/li>\n<li><span class=\"histoire-date\">1985<\/span> &nbsp;<br \/> <a target=\"_blank\" href=\"https:\/\/www.abc-latina.com\/personnalites\/alan_garcia_perez\">Alan Garc\u00eda<\/a> est \u00e9lu Pr\u00e9sident.<\/li>\n<li><span class=\"histoire-date\">1986<\/span><br \/> Environ 200 prisonniers, menbres du Sentier Lumineux p\u00e9rissent dans les prisons de Lima \u00e0 la suite d&rsquo;un affrontement avec les forces de l&rsquo;ordre.<\/li>\n<li><span class=\"histoire-date\">1989<\/span><br \/> Le leader du MRTA, Victor Polay, est captur\u00e9.&nbsp;<\/li>\n<li><span class=\"histoire-date\">1990<\/span><br \/> Victor Polay et 46 de ses compagnons s&rsquo;\u00e9vadent de prison.<\/li>\n<li><span class=\"histoire-date\">1990<\/span><br \/> Envers et contre tous, <a target=\"_blank\" href=\"https:\/\/www.abc-latina.com\/personnalites\/alberto_fujimori\">Alberto Fujimori<\/a> gagne les \u00e9lections et acc\u00e8de \u00e0 la pr\u00e9sidence de la R\u00e9publique.&nbsp;<\/li>\n<li><span class=\"histoire-date\">1991 <\/span><br \/> Une \u00e9pid\u00e9mie de chol\u00e9ra se propage \u00e0 travers le pays.<\/li>\n<li><span class=\"histoire-date\">1992<\/span> &nbsp;<br \/> Victor Polay est captur\u00e9 une seconde fois et est incarc\u00e9r\u00e9 \u00e0 nouveau.<\/li>\n<li><span class=\"histoire-date\">1992<\/span><br \/> Capture, \u00e0 Lima, du chef embl\u00e9matique du mouvement du Sentier Lumineux : Abimael Guzm\u00e1n.<\/li>\n<li><span class=\"histoire-date\">1994<\/span><br \/> Alberto Fujimori est \u00e9lu pour un second mandat.&nbsp;<\/li>\n<li><span class=\"histoire-date\">1995<\/span><br \/> D\u00e9but janvier, friction \u00e0 la fronti\u00e8re de l&rsquo;Equateur.<\/li>\n<li><span class=\"histoire-date\">1996<\/span><br \/> Prise d&rsquo;otages \u00e0 l&rsquo;ambassade du Japon par le mouvement t\u00e9rroriste Tupac Amar\u00fa.<\/li>\n<li><span class=\"histoire-date\">1997<\/span><br \/> Le 22 avril, l&rsquo;arm\u00e9e P\u00e9ruvienne prend l&rsquo;ambassade du Japon par surprise. Tous les terroristes, un des otages et un officier des forces de l&rsquo;ordre p\u00e9rissent aussi dans l&rsquo;op\u00e9ration.<br \/> Tous les autres otages ont \u00e9t\u00e9 lib\u00e9r\u00e9s.<\/li>\n<li><span class=\"histoire-date\">2000<\/span> &nbsp;<br \/> Dans des circonstances tr\u00e8s controvers\u00e9es, Alberto Fujimori, a \u00e9t\u00e9 r\u00e9\u00e9lu pr\u00e9sident du P\u00e9rou.&nbsp;<\/li>\n<li><span class=\"histoire-date\">2000<\/span><br \/> Alberto Fujimori, destitu\u00e9 pour &laquo;incapacit\u00e9 morale permanente&raquo;.<br \/> <a target=\"_blank\" href=\"https:\/\/www.abc-latina.com\/personnalites\/valentin_paniagua\">Valentin Paniagua<\/a> pr\u00e9sident du congr\u00e8s est nom\u00e9 pr\u00e9sident par int\u00e9rim.<\/li>\n<li><span class=\"histoire-date\">2001<\/span><br \/> <a target=\"_blank\" href=\"https:\/\/www.abc-latina.com\/personnalites\/alejandro_toledo_manrique\">Alejandro Toledo<\/a> \u00e9lu pr\u00e9sident du P\u00e9rou.<\/li>\n<li><span class=\"histoire-date\">2006<\/span><br \/> Alan Garcia est \u00e9lu, 16 ans apr\u00e8s avoir quitt\u00e9 le pouvoir, de nouveau pr\u00e9sident du P\u00e9rou.<\/li>\n<li><span class=\"histoire-date\">2007<\/span><br \/> L&rsquo;ancien pr\u00e9sident Alberto Fujimori a \u00e9t\u00e9 extrad\u00e9 du Chili, et pourra ainsi \u00eatre jug\u00e9 pour corruption et violations des droits de l&rsquo;Homme.<\/li>\n<li><span class=\"histoire-date\">2009<\/span> <br \/> Suite \u00e0 un m\u00e9ga proc\u00e9s d&rsquo;une ann\u00e9e et demi, Alberto Fujimori est condamn\u00e9 par la justice p\u00e9ruvienne \u00e0 25 ann\u00e9es de r\u00e9clusion.&nbsp;<\/li>\n<li><histoire-date class=\"histoire-date\">2011<\/histoire-date> <br \/>Election \u00e0 la pr\u00e9sidence de Ollanta Humala.<\/li>\n<li><histoire-date class=\"histoire-date\">2016<\/histoire-date> <br \/>Pablo Pedro Kuczynski est \u00e9lu pr\u00e9sident de la r\u00e9publique.<\/li>\n<\/ul>\n<p>&nbsp;<\/p>\n<\/li>\n<\/ul>\n","protected":false},"excerpt":{"rendered":"<p>&nbsp; Les principales dates de l&rsquo;histoire p\u00e9ruvienne &nbsp;&nbsp; 1000 \u00e0 250&nbsp;av J-C&nbsp; P\u00e9riode de la culture Chav\u00edn. 800 av J-C [&hellip;]<\/p>\n","protected":false},"author":3,"featured_media":1149,"parent":2118,"menu_order":0,"comment_status":"closed","ping_status":"closed","template":"","meta":{"site-sidebar-layout":"default","site-content-layout":"","ast-site-content-layout":"default","site-content-style":"default","site-sidebar-style":"default","ast-global-header-display":"","ast-banner-title-visibility":"","ast-main-header-display":"","ast-hfb-above-header-display":"","ast-hfb-below-header-display":"","ast-hfb-mobile-header-display":"","site-post-title":"","ast-breadcrumbs-content":"","ast-featured-img":"","footer-sml-layout":"","ast-disable-related-posts":"","theme-transparent-header-meta":"","adv-header-id-meta":"","stick-header-meta":"","header-above-stick-meta":"","header-main-stick-meta":"","header-below-stick-meta":"","astra-migrate-meta-layouts":"default","ast-page-background-enabled":"default","ast-page-background-meta":{"desktop":{"background-color":"var(--ast-global-color-5)","background-image":"","background-repeat":"repeat","background-position":"center center","background-size":"auto","background-attachment":"scroll","background-type":"","background-media":"","overlay-type":"","overlay-color":"","overlay-opacity":"","overlay-gradient":""},"tablet":{"background-color":"","background-image":"","background-repeat":"repeat","background-position":"center center","background-size":"auto","background-attachment":"scroll","background-type":"","background-media":"","overlay-type":"","overlay-color":"","overlay-opacity":"","overlay-gradient":""},"mobile":{"background-color":"","background-image":"","background-repeat":"repeat","background-position":"center center","background-size":"auto","background-attachment":"scroll","background-type":"","background-media":"","overlay-type":"","overlay-color":"","overlay-opacity":"","overlay-gradient":""}},"ast-content-background-meta":{"desktop":{"background-color":"var(--ast-global-color-4)","background-image":"","background-repeat":"repeat","background-position":"center center","background-size":"auto","background-attachment":"scroll","background-type":"","background-media":"","overlay-type":"","overlay-color":"","overlay-opacity":"","overlay-gradient":""},"tablet":{"background-color":"var(--ast-global-color-4)","background-image":"","background-repeat":"repeat","background-position":"center center","background-size":"auto","background-attachment":"scroll","background-type":"","background-media":"","overlay-type":"","overlay-color":"","overlay-opacity":"","overlay-gradient":""},"mobile":{"background-color":"var(--ast-global-color-4)","background-image":"","background-repeat":"repeat","background-position":"center center","background-size":"auto","background-attachment":"scroll","background-type":"","background-media":"","overlay-type":"","overlay-color":"","overlay-opacity":"","overlay-gradient":""}},"footnotes":""},"class_list":["post-1150","page","type-page","status-publish","has-post-thumbnail","hentry"],"yoast_head":"<!-- This site is optimized with the Yoast SEO plugin v27.5 - https:\/\/yoast.com\/product\/yoast-seo-wordpress\/ -->\n<title>HISTOIRE - PEROU - Abc-latina<\/title>\n<meta name=\"description\" content=\"L&#039;histoire p\u00e9ruvienne en d\u00e9tails.\" \/>\n<meta name=\"robots\" content=\"index, follow, max-snippet:-1, max-image-preview:large, max-video-preview:-1\" \/>\n<link rel=\"canonical\" href=\"https:\/\/abc-latina.com\/perou\/histoire\/\" \/>\n<meta property=\"og:locale\" content=\"fr_FR\" \/>\n<meta property=\"og:type\" content=\"article\" \/>\n<meta property=\"og:title\" content=\"HISTOIRE - PEROU - Abc-latina\" \/>\n<meta property=\"og:description\" content=\"L&#039;histoire p\u00e9ruvienne en d\u00e9tails.\" \/>\n<meta property=\"og:url\" content=\"https:\/\/abc-latina.com\/perou\/histoire\/\" \/>\n<meta property=\"og:site_name\" content=\"Abc-latina\" \/>\n<meta property=\"article:modified_time\" content=\"2026-04-30T16:25:17+00:00\" \/>\n<meta property=\"og:image\" content=\"https:\/\/abc-latina.com\/wp-content\/uploads\/2010\/06\/038-histoire-du-perou.jpg\" \/>\n\t<meta property=\"og:image:width\" content=\"656\" \/>\n\t<meta property=\"og:image:height\" content=\"326\" \/>\n\t<meta property=\"og:image:type\" content=\"image\/jpeg\" \/>\n<meta name=\"twitter:card\" content=\"summary_large_image\" \/>\n<meta name=\"twitter:label1\" content=\"Dur\u00e9e de lecture estim\u00e9e\" \/>\n\t<meta name=\"twitter:data1\" content=\"4 minutes\" \/>\n<script type=\"application\/ld+json\" class=\"yoast-schema-graph\">{\"@context\":\"https:\\\/\\\/schema.org\",\"@graph\":[{\"@type\":\"WebPage\",\"@id\":\"https:\\\/\\\/abc-latina.com\\\/perou\\\/histoire\\\/\",\"url\":\"https:\\\/\\\/abc-latina.com\\\/perou\\\/histoire\\\/\",\"name\":\"HISTOIRE - PEROU - Abc-latina\",\"isPartOf\":{\"@id\":\"https:\\\/\\\/abc-latina.com\\\/#website\"},\"primaryImageOfPage\":{\"@id\":\"https:\\\/\\\/abc-latina.com\\\/perou\\\/histoire\\\/#primaryimage\"},\"image\":{\"@id\":\"https:\\\/\\\/abc-latina.com\\\/perou\\\/histoire\\\/#primaryimage\"},\"thumbnailUrl\":\"https:\\\/\\\/abc-latina.com\\\/wp-content\\\/uploads\\\/2010\\\/06\\\/038-histoire-du-perou.jpg\",\"datePublished\":\"2010-06-14T02:50:03+00:00\",\"dateModified\":\"2026-04-30T16:25:17+00:00\",\"description\":\"L'histoire p\u00e9ruvienne en d\u00e9tails.\",\"breadcrumb\":{\"@id\":\"https:\\\/\\\/abc-latina.com\\\/perou\\\/histoire\\\/#breadcrumb\"},\"inLanguage\":\"fr-FR\",\"potentialAction\":[{\"@type\":\"ReadAction\",\"target\":[\"https:\\\/\\\/abc-latina.com\\\/perou\\\/histoire\\\/\"]}]},{\"@type\":\"ImageObject\",\"inLanguage\":\"fr-FR\",\"@id\":\"https:\\\/\\\/abc-latina.com\\\/perou\\\/histoire\\\/#primaryimage\",\"url\":\"https:\\\/\\\/abc-latina.com\\\/wp-content\\\/uploads\\\/2010\\\/06\\\/038-histoire-du-perou.jpg\",\"contentUrl\":\"https:\\\/\\\/abc-latina.com\\\/wp-content\\\/uploads\\\/2010\\\/06\\\/038-histoire-du-perou.jpg\",\"width\":656,\"height\":326,\"caption\":\"HISTOIRE DU PEROU\"},{\"@type\":\"BreadcrumbList\",\"@id\":\"https:\\\/\\\/abc-latina.com\\\/perou\\\/histoire\\\/#breadcrumb\",\"itemListElement\":[{\"@type\":\"ListItem\",\"position\":1,\"name\":\"Accueil\",\"item\":\"https:\\\/\\\/abc-latina.com\\\/\"},{\"@type\":\"ListItem\",\"position\":2,\"name\":\"HISTOIRE &#8211; PEROU\"}]},{\"@type\":\"WebSite\",\"@id\":\"https:\\\/\\\/abc-latina.com\\\/#website\",\"url\":\"https:\\\/\\\/abc-latina.com\\\/\",\"name\":\"Abc-latina\",\"description\":\"\",\"publisher\":{\"@id\":\"https:\\\/\\\/abc-latina.com\\\/#organization\"},\"potentialAction\":[{\"@type\":\"SearchAction\",\"target\":{\"@type\":\"EntryPoint\",\"urlTemplate\":\"https:\\\/\\\/abc-latina.com\\\/?s={search_term_string}\"},\"query-input\":{\"@type\":\"PropertyValueSpecification\",\"valueRequired\":true,\"valueName\":\"search_term_string\"}}],\"inLanguage\":\"fr-FR\"},{\"@type\":\"Organization\",\"@id\":\"https:\\\/\\\/abc-latina.com\\\/#organization\",\"name\":\"Abc-latina\",\"url\":\"https:\\\/\\\/abc-latina.com\\\/\",\"logo\":{\"@type\":\"ImageObject\",\"inLanguage\":\"fr-FR\",\"@id\":\"https:\\\/\\\/abc-latina.com\\\/#\\\/schema\\\/logo\\\/image\\\/\",\"url\":\"https:\\\/\\\/abc-latina.com\\\/wp-content\\\/uploads\\\/2026\\\/05\\\/cropped-logo.gif\",\"contentUrl\":\"https:\\\/\\\/abc-latina.com\\\/wp-content\\\/uploads\\\/2026\\\/05\\\/cropped-logo.gif\",\"width\":89,\"height\":84,\"caption\":\"Abc-latina\"},\"image\":{\"@id\":\"https:\\\/\\\/abc-latina.com\\\/#\\\/schema\\\/logo\\\/image\\\/\"}}]}<\/script>\n<!-- \/ Yoast SEO plugin. -->","yoast_head_json":{"title":"HISTOIRE - PEROU - Abc-latina","description":"L'histoire p\u00e9ruvienne en d\u00e9tails.","robots":{"index":"index","follow":"follow","max-snippet":"max-snippet:-1","max-image-preview":"max-image-preview:large","max-video-preview":"max-video-preview:-1"},"canonical":"https:\/\/abc-latina.com\/perou\/histoire\/","og_locale":"fr_FR","og_type":"article","og_title":"HISTOIRE - PEROU - Abc-latina","og_description":"L'histoire p\u00e9ruvienne en d\u00e9tails.","og_url":"https:\/\/abc-latina.com\/perou\/histoire\/","og_site_name":"Abc-latina","article_modified_time":"2026-04-30T16:25:17+00:00","og_image":[{"width":656,"height":326,"url":"https:\/\/abc-latina.com\/wp-content\/uploads\/2010\/06\/038-histoire-du-perou.jpg","type":"image\/jpeg"}],"twitter_card":"summary_large_image","twitter_misc":{"Dur\u00e9e de lecture estim\u00e9e":"4 minutes"},"schema":{"@context":"https:\/\/schema.org","@graph":[{"@type":"WebPage","@id":"https:\/\/abc-latina.com\/perou\/histoire\/","url":"https:\/\/abc-latina.com\/perou\/histoire\/","name":"HISTOIRE - PEROU - Abc-latina","isPartOf":{"@id":"https:\/\/abc-latina.com\/#website"},"primaryImageOfPage":{"@id":"https:\/\/abc-latina.com\/perou\/histoire\/#primaryimage"},"image":{"@id":"https:\/\/abc-latina.com\/perou\/histoire\/#primaryimage"},"thumbnailUrl":"https:\/\/abc-latina.com\/wp-content\/uploads\/2010\/06\/038-histoire-du-perou.jpg","datePublished":"2010-06-14T02:50:03+00:00","dateModified":"2026-04-30T16:25:17+00:00","description":"L'histoire p\u00e9ruvienne en d\u00e9tails.","breadcrumb":{"@id":"https:\/\/abc-latina.com\/perou\/histoire\/#breadcrumb"},"inLanguage":"fr-FR","potentialAction":[{"@type":"ReadAction","target":["https:\/\/abc-latina.com\/perou\/histoire\/"]}]},{"@type":"ImageObject","inLanguage":"fr-FR","@id":"https:\/\/abc-latina.com\/perou\/histoire\/#primaryimage","url":"https:\/\/abc-latina.com\/wp-content\/uploads\/2010\/06\/038-histoire-du-perou.jpg","contentUrl":"https:\/\/abc-latina.com\/wp-content\/uploads\/2010\/06\/038-histoire-du-perou.jpg","width":656,"height":326,"caption":"HISTOIRE DU PEROU"},{"@type":"BreadcrumbList","@id":"https:\/\/abc-latina.com\/perou\/histoire\/#breadcrumb","itemListElement":[{"@type":"ListItem","position":1,"name":"Accueil","item":"https:\/\/abc-latina.com\/"},{"@type":"ListItem","position":2,"name":"HISTOIRE &#8211; PEROU"}]},{"@type":"WebSite","@id":"https:\/\/abc-latina.com\/#website","url":"https:\/\/abc-latina.com\/","name":"Abc-latina","description":"","publisher":{"@id":"https:\/\/abc-latina.com\/#organization"},"potentialAction":[{"@type":"SearchAction","target":{"@type":"EntryPoint","urlTemplate":"https:\/\/abc-latina.com\/?s={search_term_string}"},"query-input":{"@type":"PropertyValueSpecification","valueRequired":true,"valueName":"search_term_string"}}],"inLanguage":"fr-FR"},{"@type":"Organization","@id":"https:\/\/abc-latina.com\/#organization","name":"Abc-latina","url":"https:\/\/abc-latina.com\/","logo":{"@type":"ImageObject","inLanguage":"fr-FR","@id":"https:\/\/abc-latina.com\/#\/schema\/logo\/image\/","url":"https:\/\/abc-latina.com\/wp-content\/uploads\/2026\/05\/cropped-logo.gif","contentUrl":"https:\/\/abc-latina.com\/wp-content\/uploads\/2026\/05\/cropped-logo.gif","width":89,"height":84,"caption":"Abc-latina"},"image":{"@id":"https:\/\/abc-latina.com\/#\/schema\/logo\/image\/"}}]}},"_links":{"self":[{"href":"https:\/\/abc-latina.com\/wp-json\/wp\/v2\/pages\/1150","targetHints":{"allow":["GET"]}}],"collection":[{"href":"https:\/\/abc-latina.com\/wp-json\/wp\/v2\/pages"}],"about":[{"href":"https:\/\/abc-latina.com\/wp-json\/wp\/v2\/types\/page"}],"author":[{"embeddable":true,"href":"https:\/\/abc-latina.com\/wp-json\/wp\/v2\/users\/3"}],"replies":[{"embeddable":true,"href":"https:\/\/abc-latina.com\/wp-json\/wp\/v2\/comments?post=1150"}],"version-history":[{"count":1,"href":"https:\/\/abc-latina.com\/wp-json\/wp\/v2\/pages\/1150\/revisions"}],"predecessor-version":[{"id":3725,"href":"https:\/\/abc-latina.com\/wp-json\/wp\/v2\/pages\/1150\/revisions\/3725"}],"up":[{"embeddable":true,"href":"https:\/\/abc-latina.com\/wp-json\/wp\/v2\/pages\/2118"}],"wp:featuredmedia":[{"embeddable":true,"href":"https:\/\/abc-latina.com\/wp-json\/wp\/v2\/media\/1149"}],"wp:attachment":[{"href":"https:\/\/abc-latina.com\/wp-json\/wp\/v2\/media?parent=1150"}],"curies":[{"name":"wp","href":"https:\/\/api.w.org\/{rel}","templated":true}]}}