{"id":1159,"date":"2010-06-14T04:57:47","date_gmt":"2010-06-14T02:57:47","guid":{"rendered":"http:\/\/abc-latina.com\/infoprat-htm-2\/"},"modified":"2026-04-30T18:25:17","modified_gmt":"2026-04-30T16:25:17","slug":"infoprat","status":"publish","type":"page","link":"https:\/\/abc-latina.com\/perou\/infoprat\/","title":{"rendered":"INFORMATIONS PRATIQUES"},"content":{"rendered":"<h3>PASSEPORT &#8211; VISA pour le P\u00e9rou&nbsp;<\/h3>\n<div>Pas de visa pour les ressortissants de la C.E.E<\/div>\n<div>Un passeport&nbsp; avec un minimum de 6 mois de validit\u00e9 est exig\u00e9. On vous accorde en g\u00e9n\u00e9ral 6 mois \u00e0 partir de votre arriv\u00e9e.<\/div>\n<div><a target=\"_blank\" href=\"https:\/\/www.abc-latina.com\/perou\/ambassade\">Les adresses des ambassades p\u00e9ruviennes<\/a><\/div>\n<div>SECURITE: les <a target=\"_blank\" href=\"http:\/\/www.diplomatie.gouv.fr\/fr\/conseils-aux-voyageurs_909\/pays_12191\/perou_12345\/indexl\">conseils aux voyageurs<\/a> du MINISTERE DES AFFAIRES ETRANGERES&nbsp;<\/div>\n<h3>SANTE&nbsp;<\/h3>\n<div>Pas de vaccin obligatoire pour entrer au P\u00e9rou.. Il est cependant recommand\u00e9 de se faire vacciner contre la fi\u00e8vre jaune si vous allez en Amazonie.<\/div>\n<div>Le Soroche est le mal d&rsquo;altitude qui se traduit par un malaise accompagn\u00e9 d&rsquo;une g\u00eane respiratoire et de maux de t\u00eate. Cela est d\u00fb \u00e0 la rar\u00e9faction de l&rsquo;oxyg\u00e8ne en altitude. Pour pr\u00e9venir ce mal, il faut manger peu la veille et le matin du voyage ou prendre de la coramine (ou un mat\u00e9 de coca). L&rsquo;id\u00e9al est de pr\u00e9voir un circuit commen\u00e7ant par les villes les moins \u00e9lev\u00e9es et de monter peu \u00e0 peu vers les points les plus hauts.<\/div>\n<div><a target=\"_blank\" href=\"https:\/\/www.abc-latina.com\/sites\/sante\/perou\">Les recommandations de l&rsquo;Institut Pasteur<\/a><\/div>\n<h3>CLIMAT au P\u00e9rou&nbsp;<\/h3>\n<div>La nature a favoris\u00e9 le P\u00e9rou avec une \u00e9norme vari\u00e9t\u00e9 de climats, de paysages et d&rsquo;\u00e9cosyst\u00e8mes<\/div>\n<div>Sur la C\u00f4te, le climat est doux et il ne pleut pour ainsi dire jamais (sauf au Nord, pr\u00e8s de l&rsquo;Equateur). Les mois les plus chauds vont de d\u00e9cembre \u00e0 f\u00e9vrier, avec des temp\u00e9ratures allant jusqu&rsquo;\u00e0 28-29&deg;; les plus froids de juin \u00e0 ao\u00fbt o\u00f9 il fait entre 13&deg; et 19&deg;<\/div>\n<div>La montagne a un climat sec et ensoleill\u00e9 toute l&rsquo;ann\u00e9e, les nuits sont fra\u00eeches et la temp\u00e9rature varie selon l&rsquo;altitude: Arequipa semble vivre un \u00e9t\u00e9 doux toute l&rsquo;ann\u00e9e, \u00e0 Cusco, l&rsquo;air est plus frais<\/div>\n<div>Dans la for\u00eat amazonienne, il fait toujours chaud: 30&deg; en ao\u00fbt et environ 35&deg; entre d\u00e9cembre et avril. Il pleut tout au long de l&rsquo;ann\u00e9e, mais il ne s&rsquo;agit souvent que de br\u00e8ves averses.<\/div>\n<div><a href=\"https:\/\/www.abc-latina.com\/perou\/meteo\">La m\u00e9t\u00e9o<\/a><\/div>\n<div>Quand partir ?<\/div>\n<div>Globalement toute l&rsquo;ann\u00e9e, mais on peut retenir quelques p\u00e9riodes plus agr\u00e9ables, mais aussi plus charg\u00e9es en terme de population touristique.<\/div>\n<div>L&rsquo;altiplano (3.000-4.000m) la meilleure p\u00e9riode va de fin avril \u00e0 fin septembre.<\/div>\n<div>Lima et toute la c\u00f4te du d\u00e9but d\u00e9cembre \u00e0 la fin avril (durant l&rsquo;\u00e9t\u00e9).<\/div>\n<h3>ARGENT&nbsp;<\/h3>\n<div>La monnaie nationale est le Nuevo Sol (1 Sol = 0.25 euros environ). De nombreux \u00e9tablissements, ainsi que les particuliers acceptent le paiement en dollars pour les transactions courantes.Retirer de l&rsquo;argent avec les cartes de cr\u00e9dit internationales ne pose aucun probl\u00e8me.<\/div>\n<div><a target=\"_blank\" href=\"http:\/\/www.xe.com\/ucc\/fr\/\">Le change<\/a><\/div>\n<h3>DECALAGE HORAIRE &nbsp;<\/h3>\n<div>Lorsqu&rsquo;il est midi en Europe Occidentale, il est 6h du matin au P\u00e9rou. En Et\u00e9, Paris a 7 heures de plus, en hiver 6 heures de plus.<\/div>\n<div>Actuellement, \u00e0&nbsp;<\/div>\n<div>Lima il est:<\/div>\n<h3>TRANSPORT&nbsp;<\/h3>\n<div>En bus, en train, en avion ou m\u00eame en stop selon votre budget et la dur\u00e9e de votre s\u00e9jour.<\/div>\n<div>En bus : Les compagnies de transport disposant de cars tr\u00e8s modernes, elles assurent la liaison entre Lima et les villes principales de la c\u00f4te et de la sierra p\u00e9ruviennes.<\/div>\n<div>En Avion : Les vols int\u00e9rieurs constituent une solution pratique pour visiter l&rsquo;ensemble du pays. Il existe des Pass pour un co\u00fbt int\u00e9ressant.<\/div>\n<div><a target=\"_blank\" href=\"https:\/\/www.abc-latina.com\/to\/reservation_billet_avion\">Comparez 10 millions d&rsquo;offres en moins de 20 secondes simultan\u00e9ment chez tous les voyagistes<\/a><\/div>\n<div>En train : Lent mais fiable, le train est un moyen de transport pittoresque qui permet d&rsquo;admirer des paysages hors du commun.<\/div>\n<div>En voiture : les routes sont en mauvais \u00e9tats, et certaines petites routes emp\u00eache de rouler \u00e0 plus de 40 km\/h. Mais on peut parcourir toute la c\u00f4te du P\u00e9rou, du nord au sud, le long de la route panam\u00e9ricaine qui est bien entretenu.<\/div>\n<div><a target=\"_blank\" href=\"https:\/\/www.abc-latina.com\/to\/location_voiture\">Location de voitures : le meilleur prix en comparant 50 agences<\/a><\/div>\n<div>Auto-stop : Pourquoi pas &#8230; si vous avez du temps. Les gens sont aimables et aiment parler avec les \u00e9trangers, mais s&rsquo;attendent \u00e0 recevoir un peu d&rsquo;argent en retour. A \u00e9viter pour les femmes seules, quand m\u00eame &#8230;<\/div>\n<div><a target=\"_blank\" href=\"https:\/\/www.abc-latina.com\/perou\/distances\">Les distances entre les principales villes<\/a><\/div>\n<h3>JOURS FERIES &nbsp;<\/h3>\n<div><a target=\"_blank\" href=\"tour_operateur\"><img loading=\"lazy\" decoding=\"async\" class=\"touroperateur size-full wp-image-41\" alt=\"\" src=\"http:\/\/abc-latina.com\/wp-content\/uploads\/2010\/04\/timbre_to.gif\" width=\"125\" height=\"90\" \/><\/a>1er janvier Nouvel An<\/div>\n<div>&#8211; &nbsp;A\u00f1o Nuevo&nbsp;<\/div>\n<div>Mars-avril &#8211; Semaine Sainte Semana Santa&nbsp;<\/div>\n<div>1 mai &nbsp;&#8211; F\u00eate du travail&nbsp;<\/div>\n<div>15 mai &#8211; F\u00eate de l&rsquo;Ind\u00e9pendance&nbsp;<\/div>\n<div>29 juin &#8211; St Pierre et St Paul San Pedro y San Pablo&nbsp;<\/div>\n<div>28 et 29 juillet &#8211; F\u00eate Nationale&nbsp;<\/div>\n<div>30 ao\u00fbt &#8211; Santa Rosa de Lima&nbsp;<\/div>\n<div>8 octobre &#8211; Bataille d&rsquo;Angamos&nbsp;<\/div>\n<div>1er novembre &#8211; Toussaint Todos Santos&nbsp;<\/div>\n<div>8 d\u00e9cembre &#8211; Immacul\u00e9e Conception&nbsp;<\/div>\n<div>25 d\u00e9cembre &#8211; No\u00ebl &nbsp;&nbsp;<\/div>\n<h3>LANGUES&nbsp;<\/h3>\n<div>L&rsquo;espagnol &amp; le Quechua sont les langues officielles du P\u00e9rou.<\/div>\n<div>&#8211; si vous d\u00e9sirez apprendre quelques mots de <a target=\"_blank\" href=\"http:\/\/www.andes.org\/q_indexl\">quechua<\/a><\/div>\n<h3>ACHATS&nbsp;<\/h3>\n<div>Difficile d&rsquo;\u00eatre exhaustif en regard de tous les tr\u00e9sors artisanaux que l&rsquo;on peut trouver au P\u00e9rou. Nous pourrons citer entre autre :<\/div>\n<div>Les tissages et les ponchos, les lainages (laine-lama ou alpaga), les poteries, les bijoux en or ou en argent.<\/div>\n<h3>TELEPHONE &#8211; INTERNET&nbsp;<\/h3>\n<div>Le r\u00e9seau t\u00e9l\u00e9phonique est de bonne qualit\u00e9.<\/div>\n<div>Pour Internet, de nombreux cybercaf\u00e9s proposent leurs services pour un co\u00fbt tr\u00e8s raisonable (une heure co\u00fbte environ 2 Soles (0,50 Euro).<\/div>\n<div>Pour appeler du P\u00e9rou vers la France: 00 + 33 + num\u00e9ro \u00e0 9 chiffres (sans le 0)<\/div>\n<div>Pour appeler de la France vers le P\u00e9rou: 00 + 51 + indicatif de la ville + num\u00e9ro<\/div>\n<div><a target=\"_blank\" href=\"http:\/\/amarillastelefonica.com\/\">Annuaires t\u00e9l\u00e9phoniques<\/a><\/div>\n","protected":false},"excerpt":{"rendered":"<p>PASSEPORT &#8211; VISA pour le P\u00e9rou&nbsp; Pas de visa pour les ressortissants de la C.E.E Un passeport&nbsp; avec un minimum [&hellip;]<\/p>\n","protected":false},"author":3,"featured_media":41,"parent":2118,"menu_order":0,"comment_status":"closed","ping_status":"closed","template":"","meta":{"site-sidebar-layout":"default","site-content-layout":"","ast-site-content-layout":"default","site-content-style":"default","site-sidebar-style":"default","ast-global-header-display":"","ast-banner-title-visibility":"","ast-main-header-display":"","ast-hfb-above-header-display":"","ast-hfb-below-header-display":"","ast-hfb-mobile-header-display":"","site-post-title":"","ast-breadcrumbs-content":"","ast-featured-img":"","footer-sml-layout":"","ast-disable-related-posts":"","theme-transparent-header-meta":"","adv-header-id-meta":"","stick-header-meta":"","header-above-stick-meta":"","header-main-stick-meta":"","header-below-stick-meta":"","astra-migrate-meta-layouts":"default","ast-page-background-enabled":"default","ast-page-background-meta":{"desktop":{"background-color":"var(--ast-global-color-5)","background-image":"","background-repeat":"repeat","background-position":"center center","background-size":"auto","background-attachment":"scroll","background-type":"","background-media":"","overlay-type":"","overlay-color":"","overlay-opacity":"","overlay-gradient":""},"tablet":{"background-color":"","background-image":"","background-repeat":"repeat","background-position":"center center","background-size":"auto","background-attachment":"scroll","background-type":"","background-media":"","overlay-type":"","overlay-color":"","overlay-opacity":"","overlay-gradient":""},"mobile":{"background-color":"","background-image":"","background-repeat":"repeat","background-position":"center center","background-size":"auto","background-attachment":"scroll","background-type":"","background-media":"","overlay-type":"","overlay-color":"","overlay-opacity":"","overlay-gradient":""}},"ast-content-background-meta":{"desktop":{"background-color":"var(--ast-global-color-4)","background-image":"","background-repeat":"repeat","background-position":"center center","background-size":"auto","background-attachment":"scroll","background-type":"","background-media":"","overlay-type":"","overlay-color":"","overlay-opacity":"","overlay-gradient":""},"tablet":{"background-color":"var(--ast-global-color-4)","background-image":"","background-repeat":"repeat","background-position":"center center","background-size":"auto","background-attachment":"scroll","background-type":"","background-media":"","overlay-type":"","overlay-color":"","overlay-opacity":"","overlay-gradient":""},"mobile":{"background-color":"var(--ast-global-color-4)","background-image":"","background-repeat":"repeat","background-position":"center center","background-size":"auto","background-attachment":"scroll","background-type":"","background-media":"","overlay-type":"","overlay-color":"","overlay-opacity":"","overlay-gradient":""}},"footnotes":""},"class_list":["post-1159","page","type-page","status-publish","has-post-thumbnail","hentry"],"yoast_head":"<!-- This site is optimized with the Yoast SEO plugin v27.5 - https:\/\/yoast.com\/product\/yoast-seo-wordpress\/ -->\n<title>INFORMATIONS PRATIQUES - Abc-latina<\/title>\n<meta name=\"description\" content=\"Conseils et Informations pratiques avant votre voyage au P\u00e9rou.\" \/>\n<meta name=\"robots\" content=\"index, follow, max-snippet:-1, max-image-preview:large, max-video-preview:-1\" \/>\n<link rel=\"canonical\" href=\"https:\/\/abc-latina.com\/perou\/infoprat\/\" \/>\n<meta property=\"og:locale\" content=\"fr_FR\" \/>\n<meta property=\"og:type\" content=\"article\" \/>\n<meta property=\"og:title\" content=\"INFORMATIONS PRATIQUES - Abc-latina\" \/>\n<meta property=\"og:description\" content=\"Conseils et Informations pratiques avant votre voyage au P\u00e9rou.\" \/>\n<meta property=\"og:url\" content=\"https:\/\/abc-latina.com\/perou\/infoprat\/\" \/>\n<meta property=\"og:site_name\" content=\"Abc-latina\" \/>\n<meta property=\"article:modified_time\" content=\"2026-04-30T16:25:17+00:00\" \/>\n<meta property=\"og:image\" content=\"https:\/\/abc-latina.com\/wp-content\/uploads\/2010\/04\/timbre_to.gif\" \/>\n\t<meta property=\"og:image:width\" content=\"125\" \/>\n\t<meta property=\"og:image:height\" content=\"90\" \/>\n\t<meta property=\"og:image:type\" content=\"image\/gif\" \/>\n<meta name=\"twitter:card\" content=\"summary_large_image\" \/>\n<meta name=\"twitter:label1\" content=\"Dur\u00e9e de lecture estim\u00e9e\" \/>\n\t<meta name=\"twitter:data1\" content=\"5 minutes\" \/>\n<script type=\"application\/ld+json\" class=\"yoast-schema-graph\">{\"@context\":\"https:\\\/\\\/schema.org\",\"@graph\":[{\"@type\":\"WebPage\",\"@id\":\"https:\\\/\\\/abc-latina.com\\\/perou\\\/infoprat\\\/\",\"url\":\"https:\\\/\\\/abc-latina.com\\\/perou\\\/infoprat\\\/\",\"name\":\"INFORMATIONS PRATIQUES - Abc-latina\",\"isPartOf\":{\"@id\":\"https:\\\/\\\/abc-latina.com\\\/#website\"},\"primaryImageOfPage\":{\"@id\":\"https:\\\/\\\/abc-latina.com\\\/perou\\\/infoprat\\\/#primaryimage\"},\"image\":{\"@id\":\"https:\\\/\\\/abc-latina.com\\\/perou\\\/infoprat\\\/#primaryimage\"},\"thumbnailUrl\":\"https:\\\/\\\/abc-latina.com\\\/wp-content\\\/uploads\\\/2010\\\/04\\\/timbre_to.gif\",\"datePublished\":\"2010-06-14T02:57:47+00:00\",\"dateModified\":\"2026-04-30T16:25:17+00:00\",\"description\":\"Conseils et Informations pratiques avant votre voyage au P\u00e9rou.\",\"breadcrumb\":{\"@id\":\"https:\\\/\\\/abc-latina.com\\\/perou\\\/infoprat\\\/#breadcrumb\"},\"inLanguage\":\"fr-FR\",\"potentialAction\":[{\"@type\":\"ReadAction\",\"target\":[\"https:\\\/\\\/abc-latina.com\\\/perou\\\/infoprat\\\/\"]}]},{\"@type\":\"ImageObject\",\"inLanguage\":\"fr-FR\",\"@id\":\"https:\\\/\\\/abc-latina.com\\\/perou\\\/infoprat\\\/#primaryimage\",\"url\":\"https:\\\/\\\/abc-latina.com\\\/wp-content\\\/uploads\\\/2010\\\/04\\\/timbre_to.gif\",\"contentUrl\":\"https:\\\/\\\/abc-latina.com\\\/wp-content\\\/uploads\\\/2010\\\/04\\\/timbre_to.gif\",\"width\":125,\"height\":90},{\"@type\":\"BreadcrumbList\",\"@id\":\"https:\\\/\\\/abc-latina.com\\\/perou\\\/infoprat\\\/#breadcrumb\",\"itemListElement\":[{\"@type\":\"ListItem\",\"position\":1,\"name\":\"Accueil\",\"item\":\"https:\\\/\\\/abc-latina.com\\\/\"},{\"@type\":\"ListItem\",\"position\":2,\"name\":\"INFORMATIONS PRATIQUES\"}]},{\"@type\":\"WebSite\",\"@id\":\"https:\\\/\\\/abc-latina.com\\\/#website\",\"url\":\"https:\\\/\\\/abc-latina.com\\\/\",\"name\":\"Abc-latina\",\"description\":\"\",\"publisher\":{\"@id\":\"https:\\\/\\\/abc-latina.com\\\/#organization\"},\"potentialAction\":[{\"@type\":\"SearchAction\",\"target\":{\"@type\":\"EntryPoint\",\"urlTemplate\":\"https:\\\/\\\/abc-latina.com\\\/?s={search_term_string}\"},\"query-input\":{\"@type\":\"PropertyValueSpecification\",\"valueRequired\":true,\"valueName\":\"search_term_string\"}}],\"inLanguage\":\"fr-FR\"},{\"@type\":\"Organization\",\"@id\":\"https:\\\/\\\/abc-latina.com\\\/#organization\",\"name\":\"Abc-latina\",\"url\":\"https:\\\/\\\/abc-latina.com\\\/\",\"logo\":{\"@type\":\"ImageObject\",\"inLanguage\":\"fr-FR\",\"@id\":\"https:\\\/\\\/abc-latina.com\\\/#\\\/schema\\\/logo\\\/image\\\/\",\"url\":\"https:\\\/\\\/abc-latina.com\\\/wp-content\\\/uploads\\\/2026\\\/05\\\/cropped-logo.gif\",\"contentUrl\":\"https:\\\/\\\/abc-latina.com\\\/wp-content\\\/uploads\\\/2026\\\/05\\\/cropped-logo.gif\",\"width\":89,\"height\":84,\"caption\":\"Abc-latina\"},\"image\":{\"@id\":\"https:\\\/\\\/abc-latina.com\\\/#\\\/schema\\\/logo\\\/image\\\/\"}}]}<\/script>\n<!-- \/ Yoast SEO plugin. -->","yoast_head_json":{"title":"INFORMATIONS PRATIQUES - Abc-latina","description":"Conseils et Informations pratiques avant votre voyage au P\u00e9rou.","robots":{"index":"index","follow":"follow","max-snippet":"max-snippet:-1","max-image-preview":"max-image-preview:large","max-video-preview":"max-video-preview:-1"},"canonical":"https:\/\/abc-latina.com\/perou\/infoprat\/","og_locale":"fr_FR","og_type":"article","og_title":"INFORMATIONS PRATIQUES - Abc-latina","og_description":"Conseils et Informations pratiques avant votre voyage au P\u00e9rou.","og_url":"https:\/\/abc-latina.com\/perou\/infoprat\/","og_site_name":"Abc-latina","article_modified_time":"2026-04-30T16:25:17+00:00","og_image":[{"width":125,"height":90,"url":"https:\/\/abc-latina.com\/wp-content\/uploads\/2010\/04\/timbre_to.gif","type":"image\/gif"}],"twitter_card":"summary_large_image","twitter_misc":{"Dur\u00e9e de lecture estim\u00e9e":"5 minutes"},"schema":{"@context":"https:\/\/schema.org","@graph":[{"@type":"WebPage","@id":"https:\/\/abc-latina.com\/perou\/infoprat\/","url":"https:\/\/abc-latina.com\/perou\/infoprat\/","name":"INFORMATIONS PRATIQUES - Abc-latina","isPartOf":{"@id":"https:\/\/abc-latina.com\/#website"},"primaryImageOfPage":{"@id":"https:\/\/abc-latina.com\/perou\/infoprat\/#primaryimage"},"image":{"@id":"https:\/\/abc-latina.com\/perou\/infoprat\/#primaryimage"},"thumbnailUrl":"https:\/\/abc-latina.com\/wp-content\/uploads\/2010\/04\/timbre_to.gif","datePublished":"2010-06-14T02:57:47+00:00","dateModified":"2026-04-30T16:25:17+00:00","description":"Conseils et Informations pratiques avant votre voyage au P\u00e9rou.","breadcrumb":{"@id":"https:\/\/abc-latina.com\/perou\/infoprat\/#breadcrumb"},"inLanguage":"fr-FR","potentialAction":[{"@type":"ReadAction","target":["https:\/\/abc-latina.com\/perou\/infoprat\/"]}]},{"@type":"ImageObject","inLanguage":"fr-FR","@id":"https:\/\/abc-latina.com\/perou\/infoprat\/#primaryimage","url":"https:\/\/abc-latina.com\/wp-content\/uploads\/2010\/04\/timbre_to.gif","contentUrl":"https:\/\/abc-latina.com\/wp-content\/uploads\/2010\/04\/timbre_to.gif","width":125,"height":90},{"@type":"BreadcrumbList","@id":"https:\/\/abc-latina.com\/perou\/infoprat\/#breadcrumb","itemListElement":[{"@type":"ListItem","position":1,"name":"Accueil","item":"https:\/\/abc-latina.com\/"},{"@type":"ListItem","position":2,"name":"INFORMATIONS PRATIQUES"}]},{"@type":"WebSite","@id":"https:\/\/abc-latina.com\/#website","url":"https:\/\/abc-latina.com\/","name":"Abc-latina","description":"","publisher":{"@id":"https:\/\/abc-latina.com\/#organization"},"potentialAction":[{"@type":"SearchAction","target":{"@type":"EntryPoint","urlTemplate":"https:\/\/abc-latina.com\/?s={search_term_string}"},"query-input":{"@type":"PropertyValueSpecification","valueRequired":true,"valueName":"search_term_string"}}],"inLanguage":"fr-FR"},{"@type":"Organization","@id":"https:\/\/abc-latina.com\/#organization","name":"Abc-latina","url":"https:\/\/abc-latina.com\/","logo":{"@type":"ImageObject","inLanguage":"fr-FR","@id":"https:\/\/abc-latina.com\/#\/schema\/logo\/image\/","url":"https:\/\/abc-latina.com\/wp-content\/uploads\/2026\/05\/cropped-logo.gif","contentUrl":"https:\/\/abc-latina.com\/wp-content\/uploads\/2026\/05\/cropped-logo.gif","width":89,"height":84,"caption":"Abc-latina"},"image":{"@id":"https:\/\/abc-latina.com\/#\/schema\/logo\/image\/"}}]}},"_links":{"self":[{"href":"https:\/\/abc-latina.com\/wp-json\/wp\/v2\/pages\/1159","targetHints":{"allow":["GET"]}}],"collection":[{"href":"https:\/\/abc-latina.com\/wp-json\/wp\/v2\/pages"}],"about":[{"href":"https:\/\/abc-latina.com\/wp-json\/wp\/v2\/types\/page"}],"author":[{"embeddable":true,"href":"https:\/\/abc-latina.com\/wp-json\/wp\/v2\/users\/3"}],"replies":[{"embeddable":true,"href":"https:\/\/abc-latina.com\/wp-json\/wp\/v2\/comments?post=1159"}],"version-history":[{"count":1,"href":"https:\/\/abc-latina.com\/wp-json\/wp\/v2\/pages\/1159\/revisions"}],"predecessor-version":[{"id":3729,"href":"https:\/\/abc-latina.com\/wp-json\/wp\/v2\/pages\/1159\/revisions\/3729"}],"up":[{"embeddable":true,"href":"https:\/\/abc-latina.com\/wp-json\/wp\/v2\/pages\/2118"}],"wp:featuredmedia":[{"embeddable":true,"href":"https:\/\/abc-latina.com\/wp-json\/wp\/v2\/media\/41"}],"wp:attachment":[{"href":"https:\/\/abc-latina.com\/wp-json\/wp\/v2\/media?parent=1159"}],"curies":[{"name":"wp","href":"https:\/\/api.w.org\/{rel}","templated":true}]}}