{"id":1161,"date":"2010-06-14T04:59:49","date_gmt":"2010-06-14T02:59:49","guid":{"rendered":"http:\/\/abc-latina.com\/recits-htm-2\/"},"modified":"2026-04-30T18:25:18","modified_gmt":"2026-04-30T16:25:18","slug":"recits","status":"publish","type":"page","link":"https:\/\/abc-latina.com\/perou\/recits\/","title":{"rendered":"RECITS de VOYAGES au PEROU"},"content":{"rendered":"<p><span class=\"tourisme-chapitre\"><img loading=\"lazy\" decoding=\"async\" class=\" size-full wp-image-1160\" src=\"http:\/\/abc-latina.com\/wp-content\/uploads\/2010\/06\/034-recits-de-voyages-au-perou.jpg\" title=\"RECITS DE VOYAGES AU PEROU\" alt=\"RECITS DE VOYAGES AU PEROU\" width=\"480\" height=\"212\" srcset=\"https:\/\/abc-latina.com\/wp-content\/uploads\/2010\/06\/034-recits-de-voyages-au-perou.jpg 700w, https:\/\/abc-latina.com\/wp-content\/uploads\/2010\/06\/034-recits-de-voyages-au-perou-300x132.jpg 300w\" sizes=\"auto, (max-width: 480px) 100vw, 480px\" \/><\/span><\/p>\n<p><span class=\"tourisme-chapitre\">Blogs, carnets de routes, photos et aventures au P\u00e9rou &#8230;<\/span><\/p>\n<div>&nbsp;<\/div>\n<div><strong>Solida&rsquo;rire<\/strong><\/p>\n<div>Sept \u00e9tudiants de Grenoble INP, en voyage au P\u00e9rou pour la construction d&rsquo;un jardin d&rsquo;enfants au c\u0153ur de la cordill\u00e8re des Andes.<br \/><a target=\"_blank\" href=\"http:\/\/solidarireperou2011.blog.youphil.com\/\">solidarireperou2011.blog<\/a><\/div>\n<div>&nbsp;<\/div>\n<\/div>\n<div>&nbsp;<\/div>\n<div><strong>Nico et ses voyages<\/strong><\/div>\n<div>Pr\u00e9sentation du chemin de l&rsquo;inca, cartes et carnets de route &#8230;<\/div>\n<div><a href=\"http:\/\/nroirand.free.fr\/index\" target=\"_blank\">http:\/\/nroirand.free.fr\/<\/a><\/div>\n<div>&nbsp;<\/div>\n<div>&nbsp;<\/div>\n<div><strong>Raid Inca 2001<\/strong><\/div>\n<div><a href=\"http:\/\/raidinca2001.free.fr\/index\" target=\"_blank\">http:\/\/raidinca2001.free.fr\/<\/a><\/div>\n<div>&nbsp;<\/div>\n<div>&nbsp;<\/div>\n<div><strong>Croisi\u00e8re de fin d&rsquo;\u00e9tudes<\/strong><\/div>\n<div>Quel plaisir de voir le P\u00e9rou en septembre 1968 &#8230;&nbsp;<\/div>\n<div><a href=\"http:\/\/livre.images.free.fr\/Croisiere\/Croisiere07.php\" target=\"_blank\">http:\/\/livre.images.free.fr\/<\/a><\/div>\n<div>&nbsp;<\/div>\n<div>&nbsp;<\/div>\n<div><strong>Po\u00e9tique des sommets andins<\/strong><\/div>\n<div>Huguette n&rsquo;a pas fait le circuit &quot;classique&quot; au P\u00e9rou, elle est all\u00e9e faire un trekking dans la cordiell\u00e8re Blanche.&nbsp;<\/div>\n<div><a href=\"http:\/\/www.espacepoetique.com\/voyage\/andes1l\" target=\"_blank\">http:\/\/www.espacepoetique.com\/<\/a><\/div>\n<div>&nbsp;<\/div>\n<div>&nbsp;<\/div>\n<div><strong>P\u00e9rou Tour 2000<\/strong><\/div>\n<div>Album photos et quelques commentaires d&rsquo;un voyage au P\u00e9rou en Septembre 2000, de Virginie et Aldric.<\/div>\n<div><a href=\"http:\/\/peroutour.free.fr\/album\" target=\"_blank\">http:\/\/peroutour.free.fr\/<\/a><\/div>\n<div>&nbsp;<\/div>\n<div>&nbsp;<\/div>\n<div><strong>Tournons Ensemble<\/strong><\/div>\n<div>Un tour du monde de 14 mois qui a d\u00e9but\u00e9 le 28 juin 2002.<\/div>\n<div>Estelle et Yann sont all\u00e9s \u00e0 la rencontre des peuples du Monde, voyez leur voyage au P\u00e9rou.<\/div>\n<div><a href=\"http:\/\/www.tournonsensemble.com\/perou\/perou.php\" target=\"_blank\">http:\/\/www.tournonsensemble.com\/perou\/<\/a><\/div>\n<div>&nbsp;<\/div>\n<div>&nbsp;<\/div>\n<div><strong>trek quechua&nbsp;<\/strong><\/div>\n<div>Un voyage effectu\u00e9 au P\u00e9rou durant 3 semaines du mois d&rsquo;aout \u00e0 d\u00e9but septembre 2004.<\/div>\n<div><a href=\"http:\/\/www.mko-fr.org\/voyage\/trekquechua\/\" target=\"_blank\">http:\/\/www.mko-fr.org\/voyage\/trekquechua\/<\/a><\/div>\n<div>&nbsp;<\/div>\n<div>&nbsp;<\/div>\n<div><strong>Theatrotour<\/strong><\/div>\n<div>Marilia est com\u00e9dienne et a d\u00e9cid\u00e9 de partir un an \u00e0 la d\u00e9couverte de la diversit\u00e9 th\u00e9\u00e2trale du monde.&nbsp;<\/div>\n<div>Suivez-l\u00e0 dans cette jolie aventure&nbsp;<\/div>\n<div><a href=\"http:\/\/perou.theatrotour.com\/voyage\/perso\/index.php?idParent=&amp;idEntite=1&amp;idPage=80\" target=\"_blank\">http:\/\/perou.theatrotour.com\/<\/a><\/div>\n<div>&nbsp;<\/div>\n<div>&nbsp;<\/div>\n<div><span class=\"tourisme-unesco\">nota: abc-latina n&rsquo;est aucunement responsable du contenu des sites externes<\/span><\/div>\n<div><a target=\"_blank\" href=\"http:\/\/voyage.abc-latina.com\/voyage_perou\/perou.php\"><span class=\"sejour-circuit\"><br \/><\/span><\/a><\/div>\n<p>&nbsp;<\/p>\n<h3>Pr\u00e9parez votre voyage au P\u00e9rou :<\/h3>\n<div><a href=\"https:\/\/www.abc-latina.com\/perou\/agence_de_voyages\">Agences de voyage g\u00e9n\u00e9ralistes et discounteurs<\/a><\/div>\n<div><a href=\"https:\/\/www.abc-latina.com\/perou\/tour_operateur\">Tours Op\u00e9rateurs sp\u00e9cialistes du P\u00e9rou<\/a><\/div>\n<div><a target=\"_blank\" href=\"https:\/\/www.abc-latina.com\/to\/reservation_billet_avion\">R\u00e9servez votre billet d&rsquo;avion<\/a><\/div>\n<div><a href=\"https:\/\/www.abc-latina.com\/perou\/hotels\">R\u00e9servez votre h\u00f4tel au P\u00e9rou<\/a>&nbsp;<\/div>\n<div><a target=\"_blank\" href=\"https:\/\/www.abc-latina.com\/to\/location_de_voiture_perou\">Location de voiture<\/a><\/div>\n<p>&nbsp;<\/p>\n<p>Si vous aussi, vous avez quelque chose \u00e0 dire, faites le nous savoir !<\/p>\n","protected":false},"excerpt":{"rendered":"<p>Blogs, carnets de routes, photos et aventures au P\u00e9rou &#8230; &nbsp; Solida&rsquo;rire Sept \u00e9tudiants de Grenoble INP, en voyage au [&hellip;]<\/p>\n","protected":false},"author":3,"featured_media":1160,"parent":2118,"menu_order":0,"comment_status":"closed","ping_status":"closed","template":"","meta":{"site-sidebar-layout":"default","site-content-layout":"","ast-site-content-layout":"default","site-content-style":"default","site-sidebar-style":"default","ast-global-header-display":"","ast-banner-title-visibility":"","ast-main-header-display":"","ast-hfb-above-header-display":"","ast-hfb-below-header-display":"","ast-hfb-mobile-header-display":"","site-post-title":"","ast-breadcrumbs-content":"","ast-featured-img":"","footer-sml-layout":"","ast-disable-related-posts":"","theme-transparent-header-meta":"","adv-header-id-meta":"","stick-header-meta":"","header-above-stick-meta":"","header-main-stick-meta":"","header-below-stick-meta":"","astra-migrate-meta-layouts":"default","ast-page-background-enabled":"default","ast-page-background-meta":{"desktop":{"background-color":"var(--ast-global-color-5)","background-image":"","background-repeat":"repeat","background-position":"center center","background-size":"auto","background-attachment":"scroll","background-type":"","background-media":"","overlay-type":"","overlay-color":"","overlay-opacity":"","overlay-gradient":""},"tablet":{"background-color":"","background-image":"","background-repeat":"repeat","background-position":"center center","background-size":"auto","background-attachment":"scroll","background-type":"","background-media":"","overlay-type":"","overlay-color":"","overlay-opacity":"","overlay-gradient":""},"mobile":{"background-color":"","background-image":"","background-repeat":"repeat","background-position":"center center","background-size":"auto","background-attachment":"scroll","background-type":"","background-media":"","overlay-type":"","overlay-color":"","overlay-opacity":"","overlay-gradient":""}},"ast-content-background-meta":{"desktop":{"background-color":"var(--ast-global-color-4)","background-image":"","background-repeat":"repeat","background-position":"center center","background-size":"auto","background-attachment":"scroll","background-type":"","background-media":"","overlay-type":"","overlay-color":"","overlay-opacity":"","overlay-gradient":""},"tablet":{"background-color":"var(--ast-global-color-4)","background-image":"","background-repeat":"repeat","background-position":"center center","background-size":"auto","background-attachment":"scroll","background-type":"","background-media":"","overlay-type":"","overlay-color":"","overlay-opacity":"","overlay-gradient":""},"mobile":{"background-color":"var(--ast-global-color-4)","background-image":"","background-repeat":"repeat","background-position":"center center","background-size":"auto","background-attachment":"scroll","background-type":"","background-media":"","overlay-type":"","overlay-color":"","overlay-opacity":"","overlay-gradient":""}},"footnotes":""},"class_list":["post-1161","page","type-page","status-publish","has-post-thumbnail","hentry"],"yoast_head":"<!-- This site is optimized with the Yoast SEO plugin v27.5 - https:\/\/yoast.com\/product\/yoast-seo-wordpress\/ -->\n<title>RECITS de VOYAGES au PEROU - Abc-latina<\/title>\n<meta name=\"description\" content=\"R\u00e9cits de voyages au P\u00e9rou.\" \/>\n<meta name=\"robots\" content=\"index, follow, max-snippet:-1, max-image-preview:large, max-video-preview:-1\" \/>\n<link rel=\"canonical\" href=\"https:\/\/abc-latina.com\/perou\/recits\/\" \/>\n<meta property=\"og:locale\" content=\"fr_FR\" \/>\n<meta property=\"og:type\" content=\"article\" \/>\n<meta property=\"og:title\" content=\"RECITS de VOYAGES au PEROU - Abc-latina\" \/>\n<meta property=\"og:description\" content=\"R\u00e9cits de voyages au P\u00e9rou.\" \/>\n<meta property=\"og:url\" content=\"https:\/\/abc-latina.com\/perou\/recits\/\" \/>\n<meta property=\"og:site_name\" content=\"Abc-latina\" \/>\n<meta property=\"article:modified_time\" content=\"2026-04-30T16:25:18+00:00\" \/>\n<meta property=\"og:image\" content=\"https:\/\/abc-latina.com\/wp-content\/uploads\/2010\/06\/034-recits-de-voyages-au-perou.jpg\" \/>\n\t<meta property=\"og:image:width\" content=\"700\" \/>\n\t<meta property=\"og:image:height\" content=\"309\" \/>\n\t<meta property=\"og:image:type\" content=\"image\/jpeg\" \/>\n<meta name=\"twitter:card\" content=\"summary_large_image\" \/>\n<meta name=\"twitter:label1\" content=\"Dur\u00e9e de lecture estim\u00e9e\" \/>\n\t<meta name=\"twitter:data1\" content=\"2 minutes\" \/>\n<script type=\"application\/ld+json\" class=\"yoast-schema-graph\">{\"@context\":\"https:\\\/\\\/schema.org\",\"@graph\":[{\"@type\":\"WebPage\",\"@id\":\"https:\\\/\\\/abc-latina.com\\\/perou\\\/recits\\\/\",\"url\":\"https:\\\/\\\/abc-latina.com\\\/perou\\\/recits\\\/\",\"name\":\"RECITS de VOYAGES au PEROU - Abc-latina\",\"isPartOf\":{\"@id\":\"https:\\\/\\\/abc-latina.com\\\/#website\"},\"primaryImageOfPage\":{\"@id\":\"https:\\\/\\\/abc-latina.com\\\/perou\\\/recits\\\/#primaryimage\"},\"image\":{\"@id\":\"https:\\\/\\\/abc-latina.com\\\/perou\\\/recits\\\/#primaryimage\"},\"thumbnailUrl\":\"https:\\\/\\\/abc-latina.com\\\/wp-content\\\/uploads\\\/2010\\\/06\\\/034-recits-de-voyages-au-perou.jpg\",\"datePublished\":\"2010-06-14T02:59:49+00:00\",\"dateModified\":\"2026-04-30T16:25:18+00:00\",\"description\":\"R\u00e9cits de voyages au P\u00e9rou.\",\"breadcrumb\":{\"@id\":\"https:\\\/\\\/abc-latina.com\\\/perou\\\/recits\\\/#breadcrumb\"},\"inLanguage\":\"fr-FR\",\"potentialAction\":[{\"@type\":\"ReadAction\",\"target\":[\"https:\\\/\\\/abc-latina.com\\\/perou\\\/recits\\\/\"]}]},{\"@type\":\"ImageObject\",\"inLanguage\":\"fr-FR\",\"@id\":\"https:\\\/\\\/abc-latina.com\\\/perou\\\/recits\\\/#primaryimage\",\"url\":\"https:\\\/\\\/abc-latina.com\\\/wp-content\\\/uploads\\\/2010\\\/06\\\/034-recits-de-voyages-au-perou.jpg\",\"contentUrl\":\"https:\\\/\\\/abc-latina.com\\\/wp-content\\\/uploads\\\/2010\\\/06\\\/034-recits-de-voyages-au-perou.jpg\",\"width\":700,\"height\":309,\"caption\":\"RECITS DE VOYAGES AU PEROU\"},{\"@type\":\"BreadcrumbList\",\"@id\":\"https:\\\/\\\/abc-latina.com\\\/perou\\\/recits\\\/#breadcrumb\",\"itemListElement\":[{\"@type\":\"ListItem\",\"position\":1,\"name\":\"Accueil\",\"item\":\"https:\\\/\\\/abc-latina.com\\\/\"},{\"@type\":\"ListItem\",\"position\":2,\"name\":\"RECITS de VOYAGES au PEROU\"}]},{\"@type\":\"WebSite\",\"@id\":\"https:\\\/\\\/abc-latina.com\\\/#website\",\"url\":\"https:\\\/\\\/abc-latina.com\\\/\",\"name\":\"Abc-latina\",\"description\":\"\",\"publisher\":{\"@id\":\"https:\\\/\\\/abc-latina.com\\\/#organization\"},\"potentialAction\":[{\"@type\":\"SearchAction\",\"target\":{\"@type\":\"EntryPoint\",\"urlTemplate\":\"https:\\\/\\\/abc-latina.com\\\/?s={search_term_string}\"},\"query-input\":{\"@type\":\"PropertyValueSpecification\",\"valueRequired\":true,\"valueName\":\"search_term_string\"}}],\"inLanguage\":\"fr-FR\"},{\"@type\":\"Organization\",\"@id\":\"https:\\\/\\\/abc-latina.com\\\/#organization\",\"name\":\"Abc-latina\",\"url\":\"https:\\\/\\\/abc-latina.com\\\/\",\"logo\":{\"@type\":\"ImageObject\",\"inLanguage\":\"fr-FR\",\"@id\":\"https:\\\/\\\/abc-latina.com\\\/#\\\/schema\\\/logo\\\/image\\\/\",\"url\":\"https:\\\/\\\/abc-latina.com\\\/wp-content\\\/uploads\\\/2026\\\/05\\\/cropped-logo.gif\",\"contentUrl\":\"https:\\\/\\\/abc-latina.com\\\/wp-content\\\/uploads\\\/2026\\\/05\\\/cropped-logo.gif\",\"width\":89,\"height\":84,\"caption\":\"Abc-latina\"},\"image\":{\"@id\":\"https:\\\/\\\/abc-latina.com\\\/#\\\/schema\\\/logo\\\/image\\\/\"}}]}<\/script>\n<!-- \/ Yoast SEO plugin. -->","yoast_head_json":{"title":"RECITS de VOYAGES au PEROU - Abc-latina","description":"R\u00e9cits de voyages au P\u00e9rou.","robots":{"index":"index","follow":"follow","max-snippet":"max-snippet:-1","max-image-preview":"max-image-preview:large","max-video-preview":"max-video-preview:-1"},"canonical":"https:\/\/abc-latina.com\/perou\/recits\/","og_locale":"fr_FR","og_type":"article","og_title":"RECITS de VOYAGES au PEROU - Abc-latina","og_description":"R\u00e9cits de voyages au P\u00e9rou.","og_url":"https:\/\/abc-latina.com\/perou\/recits\/","og_site_name":"Abc-latina","article_modified_time":"2026-04-30T16:25:18+00:00","og_image":[{"width":700,"height":309,"url":"https:\/\/abc-latina.com\/wp-content\/uploads\/2010\/06\/034-recits-de-voyages-au-perou.jpg","type":"image\/jpeg"}],"twitter_card":"summary_large_image","twitter_misc":{"Dur\u00e9e de lecture estim\u00e9e":"2 minutes"},"schema":{"@context":"https:\/\/schema.org","@graph":[{"@type":"WebPage","@id":"https:\/\/abc-latina.com\/perou\/recits\/","url":"https:\/\/abc-latina.com\/perou\/recits\/","name":"RECITS de VOYAGES au PEROU - Abc-latina","isPartOf":{"@id":"https:\/\/abc-latina.com\/#website"},"primaryImageOfPage":{"@id":"https:\/\/abc-latina.com\/perou\/recits\/#primaryimage"},"image":{"@id":"https:\/\/abc-latina.com\/perou\/recits\/#primaryimage"},"thumbnailUrl":"https:\/\/abc-latina.com\/wp-content\/uploads\/2010\/06\/034-recits-de-voyages-au-perou.jpg","datePublished":"2010-06-14T02:59:49+00:00","dateModified":"2026-04-30T16:25:18+00:00","description":"R\u00e9cits de voyages au P\u00e9rou.","breadcrumb":{"@id":"https:\/\/abc-latina.com\/perou\/recits\/#breadcrumb"},"inLanguage":"fr-FR","potentialAction":[{"@type":"ReadAction","target":["https:\/\/abc-latina.com\/perou\/recits\/"]}]},{"@type":"ImageObject","inLanguage":"fr-FR","@id":"https:\/\/abc-latina.com\/perou\/recits\/#primaryimage","url":"https:\/\/abc-latina.com\/wp-content\/uploads\/2010\/06\/034-recits-de-voyages-au-perou.jpg","contentUrl":"https:\/\/abc-latina.com\/wp-content\/uploads\/2010\/06\/034-recits-de-voyages-au-perou.jpg","width":700,"height":309,"caption":"RECITS DE VOYAGES AU PEROU"},{"@type":"BreadcrumbList","@id":"https:\/\/abc-latina.com\/perou\/recits\/#breadcrumb","itemListElement":[{"@type":"ListItem","position":1,"name":"Accueil","item":"https:\/\/abc-latina.com\/"},{"@type":"ListItem","position":2,"name":"RECITS de VOYAGES au PEROU"}]},{"@type":"WebSite","@id":"https:\/\/abc-latina.com\/#website","url":"https:\/\/abc-latina.com\/","name":"Abc-latina","description":"","publisher":{"@id":"https:\/\/abc-latina.com\/#organization"},"potentialAction":[{"@type":"SearchAction","target":{"@type":"EntryPoint","urlTemplate":"https:\/\/abc-latina.com\/?s={search_term_string}"},"query-input":{"@type":"PropertyValueSpecification","valueRequired":true,"valueName":"search_term_string"}}],"inLanguage":"fr-FR"},{"@type":"Organization","@id":"https:\/\/abc-latina.com\/#organization","name":"Abc-latina","url":"https:\/\/abc-latina.com\/","logo":{"@type":"ImageObject","inLanguage":"fr-FR","@id":"https:\/\/abc-latina.com\/#\/schema\/logo\/image\/","url":"https:\/\/abc-latina.com\/wp-content\/uploads\/2026\/05\/cropped-logo.gif","contentUrl":"https:\/\/abc-latina.com\/wp-content\/uploads\/2026\/05\/cropped-logo.gif","width":89,"height":84,"caption":"Abc-latina"},"image":{"@id":"https:\/\/abc-latina.com\/#\/schema\/logo\/image\/"}}]}},"_links":{"self":[{"href":"https:\/\/abc-latina.com\/wp-json\/wp\/v2\/pages\/1161","targetHints":{"allow":["GET"]}}],"collection":[{"href":"https:\/\/abc-latina.com\/wp-json\/wp\/v2\/pages"}],"about":[{"href":"https:\/\/abc-latina.com\/wp-json\/wp\/v2\/types\/page"}],"author":[{"embeddable":true,"href":"https:\/\/abc-latina.com\/wp-json\/wp\/v2\/users\/3"}],"replies":[{"embeddable":true,"href":"https:\/\/abc-latina.com\/wp-json\/wp\/v2\/comments?post=1161"}],"version-history":[{"count":1,"href":"https:\/\/abc-latina.com\/wp-json\/wp\/v2\/pages\/1161\/revisions"}],"predecessor-version":[{"id":3747,"href":"https:\/\/abc-latina.com\/wp-json\/wp\/v2\/pages\/1161\/revisions\/3747"}],"up":[{"embeddable":true,"href":"https:\/\/abc-latina.com\/wp-json\/wp\/v2\/pages\/2118"}],"wp:featuredmedia":[{"embeddable":true,"href":"https:\/\/abc-latina.com\/wp-json\/wp\/v2\/media\/1160"}],"wp:attachment":[{"href":"https:\/\/abc-latina.com\/wp-json\/wp\/v2\/media?parent=1161"}],"curies":[{"name":"wp","href":"https:\/\/api.w.org\/{rel}","templated":true}]}}