{"id":1163,"date":"2010-06-14T05:05:35","date_gmt":"2010-06-14T03:05:35","guid":{"rendered":"http:\/\/abc-latina.com\/economie-htm-3\/"},"modified":"2026-04-30T18:25:15","modified_gmt":"2026-04-30T16:25:15","slug":"economie","status":"publish","type":"page","link":"https:\/\/abc-latina.com\/perou\/economie\/","title":{"rendered":"ECONOMIE &#8211; PEROU"},"content":{"rendered":"<p><img loading=\"lazy\" decoding=\"async\" class=\" alignright size-full wp-image-68\" src=\"http:\/\/abc-latina.com\/wp-content\/uploads\/2010\/06\/economie.jpg\" title=\"L'ECONOMIE du PEROU\" alt=\"L'ECONOMIE du PEROU\" width=\"220\" vspace=\"9\" hspace=\"15\" height=\"220\" align=\"right\" srcset=\"https:\/\/abc-latina.com\/wp-content\/uploads\/2010\/06\/economie.jpg 220w, https:\/\/abc-latina.com\/wp-content\/uploads\/2010\/06\/economie-150x150.jpg 150w\" sizes=\"auto, (max-width: 220px) 100vw, 220px\" \/>Grand pays minier le <span class=\"tourisme-chapitre\">P\u00e9rou <\/span>est le premier producteur mondial d&rsquo;argent, le 2\u00e9me de cuivre et de zinc, et le 5\u00e9me d&rsquo;or. C&rsquo;est \u00e9galement un important fournisseur de plomb, de zinc, d&rsquo;\u00e9tain et de phosphates. Seulement 6 % du territoire du pays ayant un potentiel minier a \u00e9t\u00e9 exploit\u00e9. Le secteur minier repr\u00e9sente 60 % des exportations.&nbsp;<\/p>\n<p>L&rsquo;agriculture fournit principalement de la canne a sucre, du caf\u00e9, du coton, du riz, du bl\u00e9, du mais, de l&rsquo;orge, mais aussi des fruits tropicaux et certains l\u00e9gumes. C&rsquo;est notamment le premier exportateur mondial d&rsquo;asperges.&nbsp;<\/p>\n<p>Le textile, l&rsquo;acier, les produits chimiques, le traitement de min\u00e9raux, et les biens de consommation issus de la mer sont le point fort de l&rsquo;industrie manufacturi\u00e8re du P\u00e9rou.&nbsp;<\/p>\n<p>Gros pays de p\u00eache avec ses 3.000 kilom\u00e8tres de c\u00f4tes il extrait 9 millions de tonnes d&rsquo;esp\u00e8ces vari\u00e9es par an. Il est le premier exportateur mondial de farine et d&rsquo;huiles de poisson. Il poss\u00e8de par ailleurs la 7e surface foresti\u00e8re du monde et exploite bois exotiques, caoutchouc et plantes m\u00e9dicinales diverses.Sur le plan \u00e9nerg\u00e9tique l&rsquo;offre et la demande en \u00e9lectricit\u00e9 sont \u00e0 peu pr\u00e8s \u00e9quilibr\u00e9es dans le pays. Le potentiel hydro\u00e9lectrique est consid\u00e9rable mais &nbsp;5 % seulement sont exploit\u00e9s car le d\u00e9veloppement \u00e9nerg\u00e9tique a surtout concern\u00e9 les centrales de gaz naturel. Le sous-sol p\u00e9ruvien contenant de grandes r\u00e9serves de p\u00e9trole et de gaz, la demande croissante int\u00e9rieure ainsi que les possibilit\u00e9s \u00e0 l&rsquo;exportation drainent des investissements publics et priv\u00e9s importants. La premi\u00e8re usine d&rsquo;Am\u00e9rique du Sud de liqu\u00e9faction de gaz naturel a vu le jour r\u00e9cemment au P\u00e9rou. Les entreprises \u00e9trang\u00e8res ou leurs filiales install\u00e9es dans le pays comme Pluspetrol Peru Corp, Perenco, Repsol, Savia Peru et GDF Suez assurent l&rsquo;exploitation de ce secteur en fort d\u00e9veloppement.<\/p>\n<p><img loading=\"lazy\" decoding=\"async\" class=\" alignright size-full wp-image-1105\" src=\"http:\/\/abc-latina.com\/wp-content\/uploads\/2010\/06\/america_perou.png\" style=\"margin: 6px; float: right;\" alt=\"\" width=\"118\" height=\"122\" \/><\/p>\n<p>Le secteur tertiaire repr\u00e9sentant aujourd&rsquo;hui 70 % du PIB et employant pr\u00e8s de 78 % de la population active connait une tr\u00e8s forte expansion. La plus grande partie des activit\u00e9s de banque-finance, tourisme, grande distribution, administration, enseignement, t\u00e9l\u00e9communication est concentr\u00e9e \u00e0 <a href=\"lima\">Lima<\/a> qui a connu une pouss\u00e9e rapide de centres d&rsquo;affaires et grands centres commerciaux. Cependant une grande partie de l&rsquo;\u00e9conomie tertiaire aussi bien traditionnelle que moderne est rest\u00e9e informelle, et occupe encore une grande quantit\u00e9 de personnes dont le travail \u00e9chappe au contr\u00f4le comme au fisc de l&rsquo;Etat.<\/p>\n<p>Tr\u00e8s ouvert commercialement, ayant sign\u00e9 de nombreux contrats de libre-\u00e9change, le P\u00e9rou commerce avec de nombreux pays de tous les continents.<\/p>\n<p>Ses principaux clients sont les Etats-Unis la Chine et la Suisse.<\/p>\n<h3>INDICATEURS ECONOMIQUES DU PEROU EN 2012<\/h3>\n<div>&nbsp;<\/div>\n<div>\n<p>PIB :                      199 millairds USD<br \/>PIB\/Habitant :       6.530 USD<br \/>Taux de croissance du PIB : 6, 3 %<br \/>Taux de ch\u00f4mage : 7,7 %<br \/>Taux d&rsquo;inflation officiel : 3, 7 %<\/p>\n<p><span class=\"eco-indic2\">Part des principaux secteurs d&rsquo;activit\u00e9s dans le PIB :<\/span><br \/>Secteur agricole : 10 %<br \/>Secteur industriel : 20 %<br \/>Secteur des services : 70 %<\/p>\n<p><span class=\"eco-indic2\">PRINCIPAUX CLIENTS 2011:<\/span><br \/>Chine (15,3 %), Etats Unis (13,3 %), Suisse (12,9 %), Canada (9,2 %), Japon (4,8 %)<\/p>\n<p><span class=\"eco-indic2\">PRINCIPAUX CLIENTS 2011:<\/span><br \/>Etats Unis (19,7 %), Chine (16,7 %), <a href=\"https:\/\/www.abc-latina.com\/bresil\/economie\" target=\"_blank\">Br\u00e9sil<\/a> (6,4 %), <a href=\"https:\/\/www.abc-latina.com\/equateur\/economie\" target=\"_blank\">Equateur<\/a> (5,0 %), <a href=\"https:\/\/www.abc-latina.com\/argentine\/economie\" target=\"_blank\">Argentine<\/a> (4,9 %)<\/p>\n<p><span class=\"eco-indic2\">ECHANGES AVEC LA FRANCE 2012<\/span><br \/>Exportations de la France vers le P\u00e9rou  : 305,5 Milliards d&rsquo;USD (+34 %)<br \/>Importations fran\u00e7aises du P\u00e9rou  : 434, 2 Milliards d&rsquo;USD (-3 %)<\/p>\n<\/div>\n<p>&nbsp;<\/p>\n","protected":false},"excerpt":{"rendered":"<p>Grand pays minier le P\u00e9rou est le premier producteur mondial d&rsquo;argent, le 2\u00e9me de cuivre et de zinc, et le [&hellip;]<\/p>\n","protected":false},"author":3,"featured_media":68,"parent":2118,"menu_order":0,"comment_status":"closed","ping_status":"closed","template":"","meta":{"site-sidebar-layout":"default","site-content-layout":"","ast-site-content-layout":"default","site-content-style":"default","site-sidebar-style":"default","ast-global-header-display":"","ast-banner-title-visibility":"","ast-main-header-display":"","ast-hfb-above-header-display":"","ast-hfb-below-header-display":"","ast-hfb-mobile-header-display":"","site-post-title":"","ast-breadcrumbs-content":"","ast-featured-img":"","footer-sml-layout":"","ast-disable-related-posts":"","theme-transparent-header-meta":"","adv-header-id-meta":"","stick-header-meta":"","header-above-stick-meta":"","header-main-stick-meta":"","header-below-stick-meta":"","astra-migrate-meta-layouts":"default","ast-page-background-enabled":"default","ast-page-background-meta":{"desktop":{"background-color":"var(--ast-global-color-5)","background-image":"","background-repeat":"repeat","background-position":"center center","background-size":"auto","background-attachment":"scroll","background-type":"","background-media":"","overlay-type":"","overlay-color":"","overlay-opacity":"","overlay-gradient":""},"tablet":{"background-color":"","background-image":"","background-repeat":"repeat","background-position":"center center","background-size":"auto","background-attachment":"scroll","background-type":"","background-media":"","overlay-type":"","overlay-color":"","overlay-opacity":"","overlay-gradient":""},"mobile":{"background-color":"","background-image":"","background-repeat":"repeat","background-position":"center center","background-size":"auto","background-attachment":"scroll","background-type":"","background-media":"","overlay-type":"","overlay-color":"","overlay-opacity":"","overlay-gradient":""}},"ast-content-background-meta":{"desktop":{"background-color":"var(--ast-global-color-4)","background-image":"","background-repeat":"repeat","background-position":"center center","background-size":"auto","background-attachment":"scroll","background-type":"","background-media":"","overlay-type":"","overlay-color":"","overlay-opacity":"","overlay-gradient":""},"tablet":{"background-color":"var(--ast-global-color-4)","background-image":"","background-repeat":"repeat","background-position":"center center","background-size":"auto","background-attachment":"scroll","background-type":"","background-media":"","overlay-type":"","overlay-color":"","overlay-opacity":"","overlay-gradient":""},"mobile":{"background-color":"var(--ast-global-color-4)","background-image":"","background-repeat":"repeat","background-position":"center center","background-size":"auto","background-attachment":"scroll","background-type":"","background-media":"","overlay-type":"","overlay-color":"","overlay-opacity":"","overlay-gradient":""}},"footnotes":""},"class_list":["post-1163","page","type-page","status-publish","has-post-thumbnail","hentry"],"yoast_head":"<!-- This site is optimized with the Yoast SEO plugin v27.5 - https:\/\/yoast.com\/product\/yoast-seo-wordpress\/ -->\n<title>ECONOMIE - PEROU - Abc-latina<\/title>\n<meta name=\"description\" content=\"Tr\u00e8s ouvert commercialement, ayant sign\u00e9 de nombreux contrats de libre-\u00e9change, le P\u00e9rou commerce avec de nombreux pays de tous les continents.\" \/>\n<meta name=\"robots\" content=\"index, follow, max-snippet:-1, max-image-preview:large, max-video-preview:-1\" \/>\n<link rel=\"canonical\" href=\"https:\/\/abc-latina.com\/perou\/economie\/\" \/>\n<meta property=\"og:locale\" content=\"fr_FR\" \/>\n<meta property=\"og:type\" content=\"article\" \/>\n<meta property=\"og:title\" content=\"ECONOMIE - PEROU - Abc-latina\" \/>\n<meta property=\"og:description\" content=\"Tr\u00e8s ouvert commercialement, ayant sign\u00e9 de nombreux contrats de libre-\u00e9change, le P\u00e9rou commerce avec de nombreux pays de tous les continents.\" \/>\n<meta property=\"og:url\" content=\"https:\/\/abc-latina.com\/perou\/economie\/\" \/>\n<meta property=\"og:site_name\" content=\"Abc-latina\" \/>\n<meta property=\"article:modified_time\" content=\"2026-04-30T16:25:15+00:00\" \/>\n<meta property=\"og:image\" content=\"https:\/\/abc-latina.com\/wp-content\/uploads\/2010\/06\/economie.jpg\" \/>\n\t<meta property=\"og:image:width\" content=\"220\" \/>\n\t<meta property=\"og:image:height\" content=\"220\" \/>\n\t<meta property=\"og:image:type\" content=\"image\/jpeg\" \/>\n<meta name=\"twitter:card\" content=\"summary_large_image\" \/>\n<meta name=\"twitter:label1\" content=\"Dur\u00e9e de lecture estim\u00e9e\" \/>\n\t<meta name=\"twitter:data1\" content=\"3 minutes\" \/>\n<script type=\"application\/ld+json\" class=\"yoast-schema-graph\">{\"@context\":\"https:\\\/\\\/schema.org\",\"@graph\":[{\"@type\":\"WebPage\",\"@id\":\"https:\\\/\\\/abc-latina.com\\\/perou\\\/economie\\\/\",\"url\":\"https:\\\/\\\/abc-latina.com\\\/perou\\\/economie\\\/\",\"name\":\"ECONOMIE - PEROU - Abc-latina\",\"isPartOf\":{\"@id\":\"https:\\\/\\\/abc-latina.com\\\/#website\"},\"primaryImageOfPage\":{\"@id\":\"https:\\\/\\\/abc-latina.com\\\/perou\\\/economie\\\/#primaryimage\"},\"image\":{\"@id\":\"https:\\\/\\\/abc-latina.com\\\/perou\\\/economie\\\/#primaryimage\"},\"thumbnailUrl\":\"https:\\\/\\\/abc-latina.com\\\/wp-content\\\/uploads\\\/2010\\\/06\\\/economie.jpg\",\"datePublished\":\"2010-06-14T03:05:35+00:00\",\"dateModified\":\"2026-04-30T16:25:15+00:00\",\"description\":\"Tr\u00e8s ouvert commercialement, ayant sign\u00e9 de nombreux contrats de libre-\u00e9change, le P\u00e9rou commerce avec de nombreux pays de tous les continents.\",\"breadcrumb\":{\"@id\":\"https:\\\/\\\/abc-latina.com\\\/perou\\\/economie\\\/#breadcrumb\"},\"inLanguage\":\"fr-FR\",\"potentialAction\":[{\"@type\":\"ReadAction\",\"target\":[\"https:\\\/\\\/abc-latina.com\\\/perou\\\/economie\\\/\"]}]},{\"@type\":\"ImageObject\",\"inLanguage\":\"fr-FR\",\"@id\":\"https:\\\/\\\/abc-latina.com\\\/perou\\\/economie\\\/#primaryimage\",\"url\":\"https:\\\/\\\/abc-latina.com\\\/wp-content\\\/uploads\\\/2010\\\/06\\\/economie.jpg\",\"contentUrl\":\"https:\\\/\\\/abc-latina.com\\\/wp-content\\\/uploads\\\/2010\\\/06\\\/economie.jpg\",\"width\":220,\"height\":220,\"caption\":\"L'ECONOMIE ARGENTINE\"},{\"@type\":\"BreadcrumbList\",\"@id\":\"https:\\\/\\\/abc-latina.com\\\/perou\\\/economie\\\/#breadcrumb\",\"itemListElement\":[{\"@type\":\"ListItem\",\"position\":1,\"name\":\"Accueil\",\"item\":\"https:\\\/\\\/abc-latina.com\\\/\"},{\"@type\":\"ListItem\",\"position\":2,\"name\":\"ECONOMIE &#8211; PEROU\"}]},{\"@type\":\"WebSite\",\"@id\":\"https:\\\/\\\/abc-latina.com\\\/#website\",\"url\":\"https:\\\/\\\/abc-latina.com\\\/\",\"name\":\"Abc-latina\",\"description\":\"\",\"publisher\":{\"@id\":\"https:\\\/\\\/abc-latina.com\\\/#organization\"},\"potentialAction\":[{\"@type\":\"SearchAction\",\"target\":{\"@type\":\"EntryPoint\",\"urlTemplate\":\"https:\\\/\\\/abc-latina.com\\\/?s={search_term_string}\"},\"query-input\":{\"@type\":\"PropertyValueSpecification\",\"valueRequired\":true,\"valueName\":\"search_term_string\"}}],\"inLanguage\":\"fr-FR\"},{\"@type\":\"Organization\",\"@id\":\"https:\\\/\\\/abc-latina.com\\\/#organization\",\"name\":\"Abc-latina\",\"url\":\"https:\\\/\\\/abc-latina.com\\\/\",\"logo\":{\"@type\":\"ImageObject\",\"inLanguage\":\"fr-FR\",\"@id\":\"https:\\\/\\\/abc-latina.com\\\/#\\\/schema\\\/logo\\\/image\\\/\",\"url\":\"https:\\\/\\\/abc-latina.com\\\/wp-content\\\/uploads\\\/2026\\\/05\\\/cropped-logo.gif\",\"contentUrl\":\"https:\\\/\\\/abc-latina.com\\\/wp-content\\\/uploads\\\/2026\\\/05\\\/cropped-logo.gif\",\"width\":89,\"height\":84,\"caption\":\"Abc-latina\"},\"image\":{\"@id\":\"https:\\\/\\\/abc-latina.com\\\/#\\\/schema\\\/logo\\\/image\\\/\"}}]}<\/script>\n<!-- \/ Yoast SEO plugin. -->","yoast_head_json":{"title":"ECONOMIE - PEROU - Abc-latina","description":"Tr\u00e8s ouvert commercialement, ayant sign\u00e9 de nombreux contrats de libre-\u00e9change, le P\u00e9rou commerce avec de nombreux pays de tous les continents.","robots":{"index":"index","follow":"follow","max-snippet":"max-snippet:-1","max-image-preview":"max-image-preview:large","max-video-preview":"max-video-preview:-1"},"canonical":"https:\/\/abc-latina.com\/perou\/economie\/","og_locale":"fr_FR","og_type":"article","og_title":"ECONOMIE - PEROU - Abc-latina","og_description":"Tr\u00e8s ouvert commercialement, ayant sign\u00e9 de nombreux contrats de libre-\u00e9change, le P\u00e9rou commerce avec de nombreux pays de tous les continents.","og_url":"https:\/\/abc-latina.com\/perou\/economie\/","og_site_name":"Abc-latina","article_modified_time":"2026-04-30T16:25:15+00:00","og_image":[{"width":220,"height":220,"url":"https:\/\/abc-latina.com\/wp-content\/uploads\/2010\/06\/economie.jpg","type":"image\/jpeg"}],"twitter_card":"summary_large_image","twitter_misc":{"Dur\u00e9e de lecture estim\u00e9e":"3 minutes"},"schema":{"@context":"https:\/\/schema.org","@graph":[{"@type":"WebPage","@id":"https:\/\/abc-latina.com\/perou\/economie\/","url":"https:\/\/abc-latina.com\/perou\/economie\/","name":"ECONOMIE - PEROU - Abc-latina","isPartOf":{"@id":"https:\/\/abc-latina.com\/#website"},"primaryImageOfPage":{"@id":"https:\/\/abc-latina.com\/perou\/economie\/#primaryimage"},"image":{"@id":"https:\/\/abc-latina.com\/perou\/economie\/#primaryimage"},"thumbnailUrl":"https:\/\/abc-latina.com\/wp-content\/uploads\/2010\/06\/economie.jpg","datePublished":"2010-06-14T03:05:35+00:00","dateModified":"2026-04-30T16:25:15+00:00","description":"Tr\u00e8s ouvert commercialement, ayant sign\u00e9 de nombreux contrats de libre-\u00e9change, le P\u00e9rou commerce avec de nombreux pays de tous les continents.","breadcrumb":{"@id":"https:\/\/abc-latina.com\/perou\/economie\/#breadcrumb"},"inLanguage":"fr-FR","potentialAction":[{"@type":"ReadAction","target":["https:\/\/abc-latina.com\/perou\/economie\/"]}]},{"@type":"ImageObject","inLanguage":"fr-FR","@id":"https:\/\/abc-latina.com\/perou\/economie\/#primaryimage","url":"https:\/\/abc-latina.com\/wp-content\/uploads\/2010\/06\/economie.jpg","contentUrl":"https:\/\/abc-latina.com\/wp-content\/uploads\/2010\/06\/economie.jpg","width":220,"height":220,"caption":"L'ECONOMIE ARGENTINE"},{"@type":"BreadcrumbList","@id":"https:\/\/abc-latina.com\/perou\/economie\/#breadcrumb","itemListElement":[{"@type":"ListItem","position":1,"name":"Accueil","item":"https:\/\/abc-latina.com\/"},{"@type":"ListItem","position":2,"name":"ECONOMIE &#8211; PEROU"}]},{"@type":"WebSite","@id":"https:\/\/abc-latina.com\/#website","url":"https:\/\/abc-latina.com\/","name":"Abc-latina","description":"","publisher":{"@id":"https:\/\/abc-latina.com\/#organization"},"potentialAction":[{"@type":"SearchAction","target":{"@type":"EntryPoint","urlTemplate":"https:\/\/abc-latina.com\/?s={search_term_string}"},"query-input":{"@type":"PropertyValueSpecification","valueRequired":true,"valueName":"search_term_string"}}],"inLanguage":"fr-FR"},{"@type":"Organization","@id":"https:\/\/abc-latina.com\/#organization","name":"Abc-latina","url":"https:\/\/abc-latina.com\/","logo":{"@type":"ImageObject","inLanguage":"fr-FR","@id":"https:\/\/abc-latina.com\/#\/schema\/logo\/image\/","url":"https:\/\/abc-latina.com\/wp-content\/uploads\/2026\/05\/cropped-logo.gif","contentUrl":"https:\/\/abc-latina.com\/wp-content\/uploads\/2026\/05\/cropped-logo.gif","width":89,"height":84,"caption":"Abc-latina"},"image":{"@id":"https:\/\/abc-latina.com\/#\/schema\/logo\/image\/"}}]}},"_links":{"self":[{"href":"https:\/\/abc-latina.com\/wp-json\/wp\/v2\/pages\/1163","targetHints":{"allow":["GET"]}}],"collection":[{"href":"https:\/\/abc-latina.com\/wp-json\/wp\/v2\/pages"}],"about":[{"href":"https:\/\/abc-latina.com\/wp-json\/wp\/v2\/types\/page"}],"author":[{"embeddable":true,"href":"https:\/\/abc-latina.com\/wp-json\/wp\/v2\/users\/3"}],"replies":[{"embeddable":true,"href":"https:\/\/abc-latina.com\/wp-json\/wp\/v2\/comments?post=1163"}],"version-history":[{"count":1,"href":"https:\/\/abc-latina.com\/wp-json\/wp\/v2\/pages\/1163\/revisions"}],"predecessor-version":[{"id":3688,"href":"https:\/\/abc-latina.com\/wp-json\/wp\/v2\/pages\/1163\/revisions\/3688"}],"up":[{"embeddable":true,"href":"https:\/\/abc-latina.com\/wp-json\/wp\/v2\/pages\/2118"}],"wp:featuredmedia":[{"embeddable":true,"href":"https:\/\/abc-latina.com\/wp-json\/wp\/v2\/media\/68"}],"wp:attachment":[{"href":"https:\/\/abc-latina.com\/wp-json\/wp\/v2\/media?parent=1163"}],"curies":[{"name":"wp","href":"https:\/\/api.w.org\/{rel}","templated":true}]}}