{"id":1165,"date":"2010-06-14T05:10:05","date_gmt":"2010-06-14T03:10:05","guid":{"rendered":"http:\/\/abc-latina.com\/carteper-htm\/"},"modified":"2026-04-30T18:25:14","modified_gmt":"2026-04-30T16:25:14","slug":"carteper","status":"publish","type":"page","link":"https:\/\/abc-latina.com\/perou\/carteper\/","title":{"rendered":"CARTE du PEROU"},"content":{"rendered":"<table class=\"table_cartes\">\n<tbody>\n<tr>\n<td class=\"tc_gauche\" valign=\"top\">\n<div><span style=\"font-size: smaller; \"><span class=\"autre-carte\">AUTRE CARTE<\/span><\/span><\/div>\n<div><a href=\"https:\/\/www.abc-latina.com\/perou\/carte_perou_regions\"><span style=\"font-size: smaller; \">Les r\u00e9gions p\u00e9ruviennes<\/span><\/a><\/div>\n<\/td>\n<td class=\"tc_droite\"><a target=\"_blank\" href=\"https:\/\/www.abc-latina.com\/carteam_latine\"><img loading=\"lazy\" decoding=\"async\" class=\" alignright size-full wp-image-1105\" alt=\"\" style=\"float: right; width: 118px; height: 122px; \" src=\"http:\/\/abc-latina.com\/wp-content\/uploads\/2010\/06\/america_perou.png\" width=\"118\" height=\"122\" \/><\/a><\/td>\n<\/tr>\n<\/tbody>\n<\/table>\n<p style=\"text-align: center; \"><a href=\"https:\/\/www.abc-latina.com\/perou\/carte-perou\" target=\"_blank\"><br \/><img loading=\"lazy\" decoding=\"async\" class=\" size-full wp-image-1164\" src=\"http:\/\/abc-latina.com\/wp-content\/uploads\/2010\/06\/carte-perou.jpg\" title=\"CARTE DU PEROU\" alt=\"CARTE DU PEROU\" width=\"500\" height=\"718\" srcset=\"https:\/\/abc-latina.com\/wp-content\/uploads\/2010\/06\/carte-perou.jpg 500w, https:\/\/abc-latina.com\/wp-content\/uploads\/2010\/06\/carte-perou-209x300.jpg 209w\" sizes=\"auto, (max-width: 500px) 100vw, 500px\" \/><br \/><\/a><span class=\"agrandir-carte\">CLIQUEZ SUR LA CARTE POUR L&rsquo;AGRANDIR<\/span><\/p>\n<h3>Donn\u00e9es g\u00e9ographiques<\/h3>\n<div>&nbsp;<\/div>\n<div>Superficie du P\u00e9rou: 1 285 220 km2<\/div>\n<div>Pays frontaliers: \u00c9quateur, Colombie, Br\u00e9sil, Bolivie et Chili.<\/div>\n<div>Littoral: 2 414 km<\/div>\n<div>&nbsp;<\/div>\n<div>Population p\u00e9ruvienne: 30 millions d&rsquo;hab.<\/div>\n<div>Densit\u00e9 (habitants par km&sup2;): 22<\/div>\n<div>&nbsp;<\/div>\n<div>Altitudes extr\u00eames<\/div>\n<div>Point le plus bas: Oc\u00e9an Pacifique (0m)<\/div>\n<div>Point le plus haut: Nevado Huascar\u00e1n \u00e0 6 768 m<\/div>\n<h3>Cartes des pays latino-am\u00e9ricains<\/h3>\n<p><a href=\"https:\/\/www.abc-latina.com\/argentine\/cartearg\">Argentine<\/a> <a href=\"https:\/\/www.abc-latina.com\/belize\/cartebel\">Belize<\/a>  <a href=\"https:\/\/www.abc-latina.com\/bolivie\/cartebol\">Bolivie<\/a> <a href=\"https:\/\/www.abc-latina.com\/bresil\/cartebre\">Br\u00e9sil<\/a> <a href=\"https:\/\/www.abc-latina.com\/chili\/cartechi\">Chili<\/a> <a href=\"https:\/\/www.abc-latina.com\/colombie\/cartecol\">Colombie<\/a> <a href=\"https:\/\/www.abc-latina.com\/costarica\/cartecos\">Costa Rica<\/a> <a href=\"https:\/\/www.abc-latina.com\/cuba\/cartecuba\">Cuba<\/a> <a href=\"https:\/\/www.abc-latina.com\/salvador\/cartesal\">El Salvador<\/a> <a href=\"https:\/\/www.abc-latina.com\/equateur\/carteeq\">Equateur<\/a>  <a href=\"https:\/\/www.abc-latina.com\/guatemala\/cartegua\">Guatemala<\/a> <a href=\"https:\/\/www.abc-latina.com\/honduras\/cartehon\">Honduras<\/a> <a href=\"https:\/\/www.abc-latina.com\/mexique\/cartemex\">Mexique<\/a> <a href=\"https:\/\/www.abc-latina.com\/nicaragua\/cartenic\">Nicaragua<\/a> <a href=\"https:\/\/www.abc-latina.com\/panama\/cartepan\">Panama<\/a> <a href=\"https:\/\/www.abc-latina.com\/paraguay\/cartepar\">Paraguay<\/a> <a href=\"https:\/\/www.abc-latina.com\/uruguay\/carteuru\">Uruguay<\/a>  <a href=\"https:\/\/www.abc-latina.com\/venezuela\/carteven\">Venezuela<\/a><\/p>\n","protected":false},"excerpt":{"rendered":"<p>AUTRE CARTE Les r\u00e9gions p\u00e9ruviennes CLIQUEZ SUR LA CARTE POUR L&rsquo;AGRANDIR Donn\u00e9es g\u00e9ographiques &nbsp; Superficie du P\u00e9rou: 1 285 220 [&hellip;]<\/p>\n","protected":false},"author":3,"featured_media":1105,"parent":2118,"menu_order":0,"comment_status":"closed","ping_status":"closed","template":"","meta":{"site-sidebar-layout":"default","site-content-layout":"","ast-site-content-layout":"default","site-content-style":"default","site-sidebar-style":"default","ast-global-header-display":"","ast-banner-title-visibility":"","ast-main-header-display":"","ast-hfb-above-header-display":"","ast-hfb-below-header-display":"","ast-hfb-mobile-header-display":"","site-post-title":"","ast-breadcrumbs-content":"","ast-featured-img":"","footer-sml-layout":"","ast-disable-related-posts":"","theme-transparent-header-meta":"","adv-header-id-meta":"","stick-header-meta":"","header-above-stick-meta":"","header-main-stick-meta":"","header-below-stick-meta":"","astra-migrate-meta-layouts":"default","ast-page-background-enabled":"default","ast-page-background-meta":{"desktop":{"background-color":"var(--ast-global-color-5)","background-image":"","background-repeat":"repeat","background-position":"center center","background-size":"auto","background-attachment":"scroll","background-type":"","background-media":"","overlay-type":"","overlay-color":"","overlay-opacity":"","overlay-gradient":""},"tablet":{"background-color":"","background-image":"","background-repeat":"repeat","background-position":"center center","background-size":"auto","background-attachment":"scroll","background-type":"","background-media":"","overlay-type":"","overlay-color":"","overlay-opacity":"","overlay-gradient":""},"mobile":{"background-color":"","background-image":"","background-repeat":"repeat","background-position":"center center","background-size":"auto","background-attachment":"scroll","background-type":"","background-media":"","overlay-type":"","overlay-color":"","overlay-opacity":"","overlay-gradient":""}},"ast-content-background-meta":{"desktop":{"background-color":"var(--ast-global-color-4)","background-image":"","background-repeat":"repeat","background-position":"center center","background-size":"auto","background-attachment":"scroll","background-type":"","background-media":"","overlay-type":"","overlay-color":"","overlay-opacity":"","overlay-gradient":""},"tablet":{"background-color":"var(--ast-global-color-4)","background-image":"","background-repeat":"repeat","background-position":"center center","background-size":"auto","background-attachment":"scroll","background-type":"","background-media":"","overlay-type":"","overlay-color":"","overlay-opacity":"","overlay-gradient":""},"mobile":{"background-color":"var(--ast-global-color-4)","background-image":"","background-repeat":"repeat","background-position":"center center","background-size":"auto","background-attachment":"scroll","background-type":"","background-media":"","overlay-type":"","overlay-color":"","overlay-opacity":"","overlay-gradient":""}},"footnotes":""},"class_list":["post-1165","page","type-page","status-publish","has-post-thumbnail","hentry"],"yoast_head":"<!-- This site is optimized with the Yoast SEO plugin v27.5 - https:\/\/yoast.com\/product\/yoast-seo-wordpress\/ -->\n<title>CARTE du PEROU - Abc-latina<\/title>\n<meta name=\"description\" content=\"Carte g\u00e9ographique du P\u00e9rou. Carte du territoire p\u00e9ruvien.\" \/>\n<meta name=\"robots\" content=\"index, follow, max-snippet:-1, max-image-preview:large, max-video-preview:-1\" \/>\n<link rel=\"canonical\" href=\"https:\/\/abc-latina.com\/perou\/carteper\/\" \/>\n<meta property=\"og:locale\" content=\"fr_FR\" \/>\n<meta property=\"og:type\" content=\"article\" \/>\n<meta property=\"og:title\" content=\"CARTE du PEROU - Abc-latina\" \/>\n<meta property=\"og:description\" content=\"Carte g\u00e9ographique du P\u00e9rou. Carte du territoire p\u00e9ruvien.\" \/>\n<meta property=\"og:url\" content=\"https:\/\/abc-latina.com\/perou\/carteper\/\" \/>\n<meta property=\"og:site_name\" content=\"Abc-latina\" \/>\n<meta property=\"article:modified_time\" content=\"2026-04-30T16:25:14+00:00\" \/>\n<meta property=\"og:image\" content=\"https:\/\/abc-latina.com\/wp-content\/uploads\/2010\/06\/america_perou.png\" \/>\n\t<meta property=\"og:image:width\" content=\"118\" \/>\n\t<meta property=\"og:image:height\" content=\"122\" \/>\n\t<meta property=\"og:image:type\" content=\"image\/png\" \/>\n<meta name=\"twitter:card\" content=\"summary_large_image\" \/>\n<script type=\"application\/ld+json\" class=\"yoast-schema-graph\">{\"@context\":\"https:\\\/\\\/schema.org\",\"@graph\":[{\"@type\":\"WebPage\",\"@id\":\"https:\\\/\\\/abc-latina.com\\\/perou\\\/carteper\\\/\",\"url\":\"https:\\\/\\\/abc-latina.com\\\/perou\\\/carteper\\\/\",\"name\":\"CARTE du PEROU - Abc-latina\",\"isPartOf\":{\"@id\":\"https:\\\/\\\/abc-latina.com\\\/#website\"},\"primaryImageOfPage\":{\"@id\":\"https:\\\/\\\/abc-latina.com\\\/perou\\\/carteper\\\/#primaryimage\"},\"image\":{\"@id\":\"https:\\\/\\\/abc-latina.com\\\/perou\\\/carteper\\\/#primaryimage\"},\"thumbnailUrl\":\"https:\\\/\\\/abc-latina.com\\\/wp-content\\\/uploads\\\/2010\\\/06\\\/america_perou.png\",\"datePublished\":\"2010-06-14T03:10:05+00:00\",\"dateModified\":\"2026-04-30T16:25:14+00:00\",\"description\":\"Carte g\u00e9ographique du P\u00e9rou. Carte du territoire p\u00e9ruvien.\",\"breadcrumb\":{\"@id\":\"https:\\\/\\\/abc-latina.com\\\/perou\\\/carteper\\\/#breadcrumb\"},\"inLanguage\":\"fr-FR\",\"potentialAction\":[{\"@type\":\"ReadAction\",\"target\":[\"https:\\\/\\\/abc-latina.com\\\/perou\\\/carteper\\\/\"]}]},{\"@type\":\"ImageObject\",\"inLanguage\":\"fr-FR\",\"@id\":\"https:\\\/\\\/abc-latina.com\\\/perou\\\/carteper\\\/#primaryimage\",\"url\":\"https:\\\/\\\/abc-latina.com\\\/wp-content\\\/uploads\\\/2010\\\/06\\\/america_perou.png\",\"contentUrl\":\"https:\\\/\\\/abc-latina.com\\\/wp-content\\\/uploads\\\/2010\\\/06\\\/america_perou.png\",\"width\":118,\"height\":122},{\"@type\":\"BreadcrumbList\",\"@id\":\"https:\\\/\\\/abc-latina.com\\\/perou\\\/carteper\\\/#breadcrumb\",\"itemListElement\":[{\"@type\":\"ListItem\",\"position\":1,\"name\":\"Accueil\",\"item\":\"https:\\\/\\\/abc-latina.com\\\/\"},{\"@type\":\"ListItem\",\"position\":2,\"name\":\"CARTE du PEROU\"}]},{\"@type\":\"WebSite\",\"@id\":\"https:\\\/\\\/abc-latina.com\\\/#website\",\"url\":\"https:\\\/\\\/abc-latina.com\\\/\",\"name\":\"Abc-latina\",\"description\":\"\",\"publisher\":{\"@id\":\"https:\\\/\\\/abc-latina.com\\\/#organization\"},\"potentialAction\":[{\"@type\":\"SearchAction\",\"target\":{\"@type\":\"EntryPoint\",\"urlTemplate\":\"https:\\\/\\\/abc-latina.com\\\/?s={search_term_string}\"},\"query-input\":{\"@type\":\"PropertyValueSpecification\",\"valueRequired\":true,\"valueName\":\"search_term_string\"}}],\"inLanguage\":\"fr-FR\"},{\"@type\":\"Organization\",\"@id\":\"https:\\\/\\\/abc-latina.com\\\/#organization\",\"name\":\"Abc-latina\",\"url\":\"https:\\\/\\\/abc-latina.com\\\/\",\"logo\":{\"@type\":\"ImageObject\",\"inLanguage\":\"fr-FR\",\"@id\":\"https:\\\/\\\/abc-latina.com\\\/#\\\/schema\\\/logo\\\/image\\\/\",\"url\":\"https:\\\/\\\/abc-latina.com\\\/wp-content\\\/uploads\\\/2026\\\/05\\\/cropped-logo.gif\",\"contentUrl\":\"https:\\\/\\\/abc-latina.com\\\/wp-content\\\/uploads\\\/2026\\\/05\\\/cropped-logo.gif\",\"width\":89,\"height\":84,\"caption\":\"Abc-latina\"},\"image\":{\"@id\":\"https:\\\/\\\/abc-latina.com\\\/#\\\/schema\\\/logo\\\/image\\\/\"}}]}<\/script>\n<!-- \/ Yoast SEO plugin. -->","yoast_head_json":{"title":"CARTE du PEROU - Abc-latina","description":"Carte g\u00e9ographique du P\u00e9rou. Carte du territoire p\u00e9ruvien.","robots":{"index":"index","follow":"follow","max-snippet":"max-snippet:-1","max-image-preview":"max-image-preview:large","max-video-preview":"max-video-preview:-1"},"canonical":"https:\/\/abc-latina.com\/perou\/carteper\/","og_locale":"fr_FR","og_type":"article","og_title":"CARTE du PEROU - Abc-latina","og_description":"Carte g\u00e9ographique du P\u00e9rou. Carte du territoire p\u00e9ruvien.","og_url":"https:\/\/abc-latina.com\/perou\/carteper\/","og_site_name":"Abc-latina","article_modified_time":"2026-04-30T16:25:14+00:00","og_image":[{"width":118,"height":122,"url":"https:\/\/abc-latina.com\/wp-content\/uploads\/2010\/06\/america_perou.png","type":"image\/png"}],"twitter_card":"summary_large_image","schema":{"@context":"https:\/\/schema.org","@graph":[{"@type":"WebPage","@id":"https:\/\/abc-latina.com\/perou\/carteper\/","url":"https:\/\/abc-latina.com\/perou\/carteper\/","name":"CARTE du PEROU - Abc-latina","isPartOf":{"@id":"https:\/\/abc-latina.com\/#website"},"primaryImageOfPage":{"@id":"https:\/\/abc-latina.com\/perou\/carteper\/#primaryimage"},"image":{"@id":"https:\/\/abc-latina.com\/perou\/carteper\/#primaryimage"},"thumbnailUrl":"https:\/\/abc-latina.com\/wp-content\/uploads\/2010\/06\/america_perou.png","datePublished":"2010-06-14T03:10:05+00:00","dateModified":"2026-04-30T16:25:14+00:00","description":"Carte g\u00e9ographique du P\u00e9rou. Carte du territoire p\u00e9ruvien.","breadcrumb":{"@id":"https:\/\/abc-latina.com\/perou\/carteper\/#breadcrumb"},"inLanguage":"fr-FR","potentialAction":[{"@type":"ReadAction","target":["https:\/\/abc-latina.com\/perou\/carteper\/"]}]},{"@type":"ImageObject","inLanguage":"fr-FR","@id":"https:\/\/abc-latina.com\/perou\/carteper\/#primaryimage","url":"https:\/\/abc-latina.com\/wp-content\/uploads\/2010\/06\/america_perou.png","contentUrl":"https:\/\/abc-latina.com\/wp-content\/uploads\/2010\/06\/america_perou.png","width":118,"height":122},{"@type":"BreadcrumbList","@id":"https:\/\/abc-latina.com\/perou\/carteper\/#breadcrumb","itemListElement":[{"@type":"ListItem","position":1,"name":"Accueil","item":"https:\/\/abc-latina.com\/"},{"@type":"ListItem","position":2,"name":"CARTE du PEROU"}]},{"@type":"WebSite","@id":"https:\/\/abc-latina.com\/#website","url":"https:\/\/abc-latina.com\/","name":"Abc-latina","description":"","publisher":{"@id":"https:\/\/abc-latina.com\/#organization"},"potentialAction":[{"@type":"SearchAction","target":{"@type":"EntryPoint","urlTemplate":"https:\/\/abc-latina.com\/?s={search_term_string}"},"query-input":{"@type":"PropertyValueSpecification","valueRequired":true,"valueName":"search_term_string"}}],"inLanguage":"fr-FR"},{"@type":"Organization","@id":"https:\/\/abc-latina.com\/#organization","name":"Abc-latina","url":"https:\/\/abc-latina.com\/","logo":{"@type":"ImageObject","inLanguage":"fr-FR","@id":"https:\/\/abc-latina.com\/#\/schema\/logo\/image\/","url":"https:\/\/abc-latina.com\/wp-content\/uploads\/2026\/05\/cropped-logo.gif","contentUrl":"https:\/\/abc-latina.com\/wp-content\/uploads\/2026\/05\/cropped-logo.gif","width":89,"height":84,"caption":"Abc-latina"},"image":{"@id":"https:\/\/abc-latina.com\/#\/schema\/logo\/image\/"}}]}},"_links":{"self":[{"href":"https:\/\/abc-latina.com\/wp-json\/wp\/v2\/pages\/1165","targetHints":{"allow":["GET"]}}],"collection":[{"href":"https:\/\/abc-latina.com\/wp-json\/wp\/v2\/pages"}],"about":[{"href":"https:\/\/abc-latina.com\/wp-json\/wp\/v2\/types\/page"}],"author":[{"embeddable":true,"href":"https:\/\/abc-latina.com\/wp-json\/wp\/v2\/users\/3"}],"replies":[{"embeddable":true,"href":"https:\/\/abc-latina.com\/wp-json\/wp\/v2\/comments?post=1165"}],"version-history":[{"count":1,"href":"https:\/\/abc-latina.com\/wp-json\/wp\/v2\/pages\/1165\/revisions"}],"predecessor-version":[{"id":3669,"href":"https:\/\/abc-latina.com\/wp-json\/wp\/v2\/pages\/1165\/revisions\/3669"}],"up":[{"embeddable":true,"href":"https:\/\/abc-latina.com\/wp-json\/wp\/v2\/pages\/2118"}],"wp:featuredmedia":[{"embeddable":true,"href":"https:\/\/abc-latina.com\/wp-json\/wp\/v2\/media\/1105"}],"wp:attachment":[{"href":"https:\/\/abc-latina.com\/wp-json\/wp\/v2\/media?parent=1165"}],"curies":[{"name":"wp","href":"https:\/\/api.w.org\/{rel}","templated":true}]}}