{"id":1170,"date":"2010-06-14T19:25:51","date_gmt":"2010-06-14T17:25:51","guid":{"rendered":"http:\/\/abc-latina.com\/tourisme-htm-4\/"},"modified":"2026-04-30T18:24:55","modified_gmt":"2026-04-30T16:24:55","slug":"tourisme","status":"publish","type":"page","link":"https:\/\/abc-latina.com\/chili\/tourisme\/","title":{"rendered":"TOURISME &#038; VOYAGE au CHILI"},"content":{"rendered":"<p><a href=\"https:\/\/www.abc-latina.com\/chili\/photos\"><img loading=\"lazy\" decoding=\"async\" class=\" alignright size-full wp-image-1131\" title=\"TOURISME &amp; VOYAGE  au CHILI\" style=\"margin: 5px 22px; float: right;\" src=\"http:\/\/abc-latina.com\/wp-content\/uploads\/2010\/06\/chili.jpg\" alt=\"TOURISME &amp; VOYAGE  au CHILI\" width=\"175\" height=\"236\" \/><\/a>De l&rsquo;aride d\u00e9sert d&rsquo;Atacama (au nord) aux fascinants paysages de la Patagonie (au sud), en oubliant pas la lointaine \u00eele de P\u00e2ques, le Chili regorge de d\u00e9lices pour tous les sens, du au fait de l&rsquo;incomparable vari\u00e9t\u00e9 de ses milieux naturels. Vous pourrez profiter aussi bien de ses centres de ski que des plages de Vi\u00f1a del Mar. Voir ses villages de p\u00eacheurs rustiques, ses imposants volcans, ses vignobles r\u00e9put\u00e9s.<\/p>\n<p>Au nord du Chili, les 1900 km qui s\u00e9parent Arica de Santiago semblent plong\u00e9s dans un profond silence, dans l&rsquo;immensit\u00e9 du d\u00e9sert d&rsquo;Atacama (l&rsquo;un des plus arides au monde), les traits physiques pr\u00e9dominants sont ceux des Indiens Quechuas ou Aymaras.<\/p>\n<p>Au centre du Chili, Valparaiso et Vina del mar forment la deuxi\u00e8me concentration humaine du pays. La charmante ville de Valparaiso, avec ses rues sinueuses son fameux funiculaires et ses maisons multicolores adoss\u00e9es aux 17 collines qui dominent le port, offre calme et s\u00e9r\u00e9nit\u00e9. Au contraire de Vina del mar, station baln\u00e9aire r\u00e9put\u00e9e du Chili, o\u00f9 Chiliens mais aussi Argentins viennent se pr\u00e9lasser sur ses plages le jour et profiter des restaurants et des discoth\u00e8ques branch\u00e9es le soir.<\/p>\n<p>La r\u00e9gion des lacs offre une succession infinie de verdoyantes vall\u00e9es alpines cern\u00e9es de sommets andins et de majestueux volcans aux cimes enneig\u00e9es. Ses lacs glaciaires sont de v\u00e9ritables joyaux de leurs eaux glac\u00e9es se font le miroir des splendeurs environnantes.<\/p>\n<p>Au sud de Puerto Montt, dans la Patagonie, la terre et la mer se confondent en un labyrinthe d&rsquo;\u00eeles, de fjords, de fleuves, de lacs et de montagnes plant\u00e9es d&rsquo;arbres mill\u00e9naires, paysages d&rsquo;une intense beaut\u00e9 qui ont \u00e9chapp\u00e9 aux ravages de l&rsquo;homme.<\/p>\n<p>Perdue au beau milieu du Pacifique, \u00e0 3800 km des c\u00f4tes chiliennes, l&rsquo;\u00eele de P\u00e2ques fut longtemps l&rsquo;endroit le plus isol\u00e9 de la terre. Mais, depuis maintenant plus de 30 ans, elle attire les visiteurs et curieux du monde entier, fascin\u00e9 par les myst\u00e9rieuses statues m\u00e9galithiques laiss\u00e9es par un peuple fascinant.&nbsp;<\/p>\n<p>Enfin, Santiago du Chili, capitale omnipr\u00e9sente dans la vie \u00e9conomique et politique du pays et qui regroupe plus du tiers de la population chilienne, offre un aspect diff\u00e9rent des autres capitales latines, plus europ\u00e9en, mais n\u00e9anmoins non d\u00e9nu\u00e9es de charme.&nbsp;<\/p>\n<h3>Les sites chiliens class\u00e9s au patrimoine de l&rsquo;UNESCO:<\/h3>\n<div>Parc national de Rapa Nui &#8211; 1995<\/div>\n<div>Eglises de Chilo\u00e9 &#8211; 2000<\/div>\n<div>Quartier historique de la ville portuaire de Valparaiso &#8211; 2003<\/div>\n<div>Usines de salp\u00eatre de Humberstone et de Santa Laura &#8211; 2005<br \/>Ville mini\u00e8re de Sewell &#8211; 2006<a target=\"_blank\" href=\"http:\/\/voyage.abc-latina.com\/voyage_chili\/chili.php\"><span class=\"sejour-circuit\"><br \/><\/span><\/a><\/div>\n<h3>Pr\u00e9parez votre voyage au Chili :<\/h3>\n<div><a href=\"https:\/\/www.abc-latina.com\/chili\/agence_de_voyages\">Agences de voyage g\u00e9n\u00e9ralistes et discounteurs<\/a><\/div>\n<div><a href=\"https:\/\/www.abc-latina.com\/chili\/tour_operateur\">Tours Op\u00e9rateurs sp\u00e9cialistes du Chili<\/a><\/div>\n<div><a target=\"_blank\" href=\"https:\/\/www.abc-latina.com\/to\/reservation_billet_avion\">R\u00e9servez votre billet d&rsquo;avion<\/a><\/div>\n<div><a href=\"https:\/\/www.abc-latina.com\/chili\/hotels\">R\u00e9servez votre h\u00f4tel au Chili<\/a>&nbsp;<\/div>\n<div><a target=\"_blank\" href=\"https:\/\/www.abc-latina.com\/to\/location_de_voiture_chili\">Location de voiture<\/a><\/div>\n<p>&nbsp;<\/p>\n","protected":false},"excerpt":{"rendered":"<p>De l&rsquo;aride d\u00e9sert d&rsquo;Atacama (au nord) aux fascinants paysages de la Patagonie (au sud), en oubliant pas la lointaine \u00eele [&hellip;]<\/p>\n","protected":false},"author":3,"featured_media":1131,"parent":2293,"menu_order":0,"comment_status":"closed","ping_status":"closed","template":"","meta":{"site-sidebar-layout":"default","site-content-layout":"","ast-site-content-layout":"default","site-content-style":"default","site-sidebar-style":"default","ast-global-header-display":"","ast-banner-title-visibility":"","ast-main-header-display":"","ast-hfb-above-header-display":"","ast-hfb-below-header-display":"","ast-hfb-mobile-header-display":"","site-post-title":"","ast-breadcrumbs-content":"","ast-featured-img":"","footer-sml-layout":"","ast-disable-related-posts":"","theme-transparent-header-meta":"","adv-header-id-meta":"","stick-header-meta":"","header-above-stick-meta":"","header-main-stick-meta":"","header-below-stick-meta":"","astra-migrate-meta-layouts":"default","ast-page-background-enabled":"default","ast-page-background-meta":{"desktop":{"background-color":"var(--ast-global-color-5)","background-image":"","background-repeat":"repeat","background-position":"center center","background-size":"auto","background-attachment":"scroll","background-type":"","background-media":"","overlay-type":"","overlay-color":"","overlay-opacity":"","overlay-gradient":""},"tablet":{"background-color":"","background-image":"","background-repeat":"repeat","background-position":"center center","background-size":"auto","background-attachment":"scroll","background-type":"","background-media":"","overlay-type":"","overlay-color":"","overlay-opacity":"","overlay-gradient":""},"mobile":{"background-color":"","background-image":"","background-repeat":"repeat","background-position":"center center","background-size":"auto","background-attachment":"scroll","background-type":"","background-media":"","overlay-type":"","overlay-color":"","overlay-opacity":"","overlay-gradient":""}},"ast-content-background-meta":{"desktop":{"background-color":"var(--ast-global-color-4)","background-image":"","background-repeat":"repeat","background-position":"center center","background-size":"auto","background-attachment":"scroll","background-type":"","background-media":"","overlay-type":"","overlay-color":"","overlay-opacity":"","overlay-gradient":""},"tablet":{"background-color":"var(--ast-global-color-4)","background-image":"","background-repeat":"repeat","background-position":"center center","background-size":"auto","background-attachment":"scroll","background-type":"","background-media":"","overlay-type":"","overlay-color":"","overlay-opacity":"","overlay-gradient":""},"mobile":{"background-color":"var(--ast-global-color-4)","background-image":"","background-repeat":"repeat","background-position":"center center","background-size":"auto","background-attachment":"scroll","background-type":"","background-media":"","overlay-type":"","overlay-color":"","overlay-opacity":"","overlay-gradient":""}},"footnotes":""},"class_list":["post-1170","page","type-page","status-publish","has-post-thumbnail","hentry"],"yoast_head":"<!-- This site is optimized with the Yoast SEO plugin v27.5 - https:\/\/yoast.com\/product\/yoast-seo-wordpress\/ -->\n<title>TOURISME &amp; VOYAGE au CHILI - Abc-latina<\/title>\n<meta name=\"description\" content=\"Le tourisme au Chili, contr\u00e9es d\u00e9sertiques, vall\u00e9es verdoyantes, hauts sommets et volcans, de la Patagonie au d\u00e9sert de l&#039;Atacama, le Chili est une terre de d\u00e9couverte.\" \/>\n<meta name=\"robots\" content=\"index, follow, max-snippet:-1, max-image-preview:large, max-video-preview:-1\" \/>\n<link rel=\"canonical\" href=\"https:\/\/abc-latina.com\/chili\/tourisme\/\" \/>\n<meta property=\"og:locale\" content=\"fr_FR\" \/>\n<meta property=\"og:type\" content=\"article\" \/>\n<meta property=\"og:title\" content=\"TOURISME &amp; VOYAGE au CHILI - Abc-latina\" \/>\n<meta property=\"og:description\" content=\"Le tourisme au Chili, contr\u00e9es d\u00e9sertiques, vall\u00e9es verdoyantes, hauts sommets et volcans, de la Patagonie au d\u00e9sert de l&#039;Atacama, le Chili est une terre de d\u00e9couverte.\" \/>\n<meta property=\"og:url\" content=\"https:\/\/abc-latina.com\/chili\/tourisme\/\" \/>\n<meta property=\"og:site_name\" content=\"Abc-latina\" \/>\n<meta property=\"article:modified_time\" content=\"2026-04-30T16:24:55+00:00\" \/>\n<meta property=\"og:image\" content=\"https:\/\/abc-latina.com\/wp-content\/uploads\/2010\/06\/chili.jpg\" \/>\n\t<meta property=\"og:image:width\" content=\"110\" \/>\n\t<meta property=\"og:image:height\" content=\"82\" \/>\n\t<meta property=\"og:image:type\" content=\"image\/jpeg\" \/>\n<meta name=\"twitter:card\" content=\"summary_large_image\" \/>\n<meta name=\"twitter:label1\" content=\"Dur\u00e9e de lecture estim\u00e9e\" \/>\n\t<meta name=\"twitter:data1\" content=\"2 minutes\" \/>\n<script type=\"application\/ld+json\" class=\"yoast-schema-graph\">{\"@context\":\"https:\\\/\\\/schema.org\",\"@graph\":[{\"@type\":\"WebPage\",\"@id\":\"https:\\\/\\\/abc-latina.com\\\/chili\\\/tourisme\\\/\",\"url\":\"https:\\\/\\\/abc-latina.com\\\/chili\\\/tourisme\\\/\",\"name\":\"TOURISME & VOYAGE au CHILI - Abc-latina\",\"isPartOf\":{\"@id\":\"https:\\\/\\\/abc-latina.com\\\/#website\"},\"primaryImageOfPage\":{\"@id\":\"https:\\\/\\\/abc-latina.com\\\/chili\\\/tourisme\\\/#primaryimage\"},\"image\":{\"@id\":\"https:\\\/\\\/abc-latina.com\\\/chili\\\/tourisme\\\/#primaryimage\"},\"thumbnailUrl\":\"https:\\\/\\\/abc-latina.com\\\/wp-content\\\/uploads\\\/2010\\\/06\\\/chili.jpg\",\"datePublished\":\"2010-06-14T17:25:51+00:00\",\"dateModified\":\"2026-04-30T16:24:55+00:00\",\"description\":\"Le tourisme au Chili, contr\u00e9es d\u00e9sertiques, vall\u00e9es verdoyantes, hauts sommets et volcans, de la Patagonie au d\u00e9sert de l'Atacama, le Chili est une terre de d\u00e9couverte.\",\"breadcrumb\":{\"@id\":\"https:\\\/\\\/abc-latina.com\\\/chili\\\/tourisme\\\/#breadcrumb\"},\"inLanguage\":\"fr-FR\",\"potentialAction\":[{\"@type\":\"ReadAction\",\"target\":[\"https:\\\/\\\/abc-latina.com\\\/chili\\\/tourisme\\\/\"]}]},{\"@type\":\"ImageObject\",\"inLanguage\":\"fr-FR\",\"@id\":\"https:\\\/\\\/abc-latina.com\\\/chili\\\/tourisme\\\/#primaryimage\",\"url\":\"https:\\\/\\\/abc-latina.com\\\/wp-content\\\/uploads\\\/2010\\\/06\\\/chili.jpg\",\"contentUrl\":\"https:\\\/\\\/abc-latina.com\\\/wp-content\\\/uploads\\\/2010\\\/06\\\/chili.jpg\",\"width\":110,\"height\":82},{\"@type\":\"BreadcrumbList\",\"@id\":\"https:\\\/\\\/abc-latina.com\\\/chili\\\/tourisme\\\/#breadcrumb\",\"itemListElement\":[{\"@type\":\"ListItem\",\"position\":1,\"name\":\"Accueil\",\"item\":\"https:\\\/\\\/abc-latina.com\\\/\"},{\"@type\":\"ListItem\",\"position\":2,\"name\":\"TOURISME &#038; VOYAGE au CHILI\"}]},{\"@type\":\"WebSite\",\"@id\":\"https:\\\/\\\/abc-latina.com\\\/#website\",\"url\":\"https:\\\/\\\/abc-latina.com\\\/\",\"name\":\"Abc-latina\",\"description\":\"\",\"publisher\":{\"@id\":\"https:\\\/\\\/abc-latina.com\\\/#organization\"},\"potentialAction\":[{\"@type\":\"SearchAction\",\"target\":{\"@type\":\"EntryPoint\",\"urlTemplate\":\"https:\\\/\\\/abc-latina.com\\\/?s={search_term_string}\"},\"query-input\":{\"@type\":\"PropertyValueSpecification\",\"valueRequired\":true,\"valueName\":\"search_term_string\"}}],\"inLanguage\":\"fr-FR\"},{\"@type\":\"Organization\",\"@id\":\"https:\\\/\\\/abc-latina.com\\\/#organization\",\"name\":\"Abc-latina\",\"url\":\"https:\\\/\\\/abc-latina.com\\\/\",\"logo\":{\"@type\":\"ImageObject\",\"inLanguage\":\"fr-FR\",\"@id\":\"https:\\\/\\\/abc-latina.com\\\/#\\\/schema\\\/logo\\\/image\\\/\",\"url\":\"https:\\\/\\\/abc-latina.com\\\/wp-content\\\/uploads\\\/2026\\\/05\\\/cropped-logo.gif\",\"contentUrl\":\"https:\\\/\\\/abc-latina.com\\\/wp-content\\\/uploads\\\/2026\\\/05\\\/cropped-logo.gif\",\"width\":89,\"height\":84,\"caption\":\"Abc-latina\"},\"image\":{\"@id\":\"https:\\\/\\\/abc-latina.com\\\/#\\\/schema\\\/logo\\\/image\\\/\"}}]}<\/script>\n<!-- \/ Yoast SEO plugin. -->","yoast_head_json":{"title":"TOURISME & VOYAGE au CHILI - Abc-latina","description":"Le tourisme au Chili, contr\u00e9es d\u00e9sertiques, vall\u00e9es verdoyantes, hauts sommets et volcans, de la Patagonie au d\u00e9sert de l'Atacama, le Chili est une terre de d\u00e9couverte.","robots":{"index":"index","follow":"follow","max-snippet":"max-snippet:-1","max-image-preview":"max-image-preview:large","max-video-preview":"max-video-preview:-1"},"canonical":"https:\/\/abc-latina.com\/chili\/tourisme\/","og_locale":"fr_FR","og_type":"article","og_title":"TOURISME & VOYAGE au CHILI - Abc-latina","og_description":"Le tourisme au Chili, contr\u00e9es d\u00e9sertiques, vall\u00e9es verdoyantes, hauts sommets et volcans, de la Patagonie au d\u00e9sert de l'Atacama, le Chili est une terre de d\u00e9couverte.","og_url":"https:\/\/abc-latina.com\/chili\/tourisme\/","og_site_name":"Abc-latina","article_modified_time":"2026-04-30T16:24:55+00:00","og_image":[{"width":110,"height":82,"url":"https:\/\/abc-latina.com\/wp-content\/uploads\/2010\/06\/chili.jpg","type":"image\/jpeg"}],"twitter_card":"summary_large_image","twitter_misc":{"Dur\u00e9e de lecture estim\u00e9e":"2 minutes"},"schema":{"@context":"https:\/\/schema.org","@graph":[{"@type":"WebPage","@id":"https:\/\/abc-latina.com\/chili\/tourisme\/","url":"https:\/\/abc-latina.com\/chili\/tourisme\/","name":"TOURISME & VOYAGE au CHILI - Abc-latina","isPartOf":{"@id":"https:\/\/abc-latina.com\/#website"},"primaryImageOfPage":{"@id":"https:\/\/abc-latina.com\/chili\/tourisme\/#primaryimage"},"image":{"@id":"https:\/\/abc-latina.com\/chili\/tourisme\/#primaryimage"},"thumbnailUrl":"https:\/\/abc-latina.com\/wp-content\/uploads\/2010\/06\/chili.jpg","datePublished":"2010-06-14T17:25:51+00:00","dateModified":"2026-04-30T16:24:55+00:00","description":"Le tourisme au Chili, contr\u00e9es d\u00e9sertiques, vall\u00e9es verdoyantes, hauts sommets et volcans, de la Patagonie au d\u00e9sert de l'Atacama, le Chili est une terre de d\u00e9couverte.","breadcrumb":{"@id":"https:\/\/abc-latina.com\/chili\/tourisme\/#breadcrumb"},"inLanguage":"fr-FR","potentialAction":[{"@type":"ReadAction","target":["https:\/\/abc-latina.com\/chili\/tourisme\/"]}]},{"@type":"ImageObject","inLanguage":"fr-FR","@id":"https:\/\/abc-latina.com\/chili\/tourisme\/#primaryimage","url":"https:\/\/abc-latina.com\/wp-content\/uploads\/2010\/06\/chili.jpg","contentUrl":"https:\/\/abc-latina.com\/wp-content\/uploads\/2010\/06\/chili.jpg","width":110,"height":82},{"@type":"BreadcrumbList","@id":"https:\/\/abc-latina.com\/chili\/tourisme\/#breadcrumb","itemListElement":[{"@type":"ListItem","position":1,"name":"Accueil","item":"https:\/\/abc-latina.com\/"},{"@type":"ListItem","position":2,"name":"TOURISME &#038; VOYAGE au CHILI"}]},{"@type":"WebSite","@id":"https:\/\/abc-latina.com\/#website","url":"https:\/\/abc-latina.com\/","name":"Abc-latina","description":"","publisher":{"@id":"https:\/\/abc-latina.com\/#organization"},"potentialAction":[{"@type":"SearchAction","target":{"@type":"EntryPoint","urlTemplate":"https:\/\/abc-latina.com\/?s={search_term_string}"},"query-input":{"@type":"PropertyValueSpecification","valueRequired":true,"valueName":"search_term_string"}}],"inLanguage":"fr-FR"},{"@type":"Organization","@id":"https:\/\/abc-latina.com\/#organization","name":"Abc-latina","url":"https:\/\/abc-latina.com\/","logo":{"@type":"ImageObject","inLanguage":"fr-FR","@id":"https:\/\/abc-latina.com\/#\/schema\/logo\/image\/","url":"https:\/\/abc-latina.com\/wp-content\/uploads\/2026\/05\/cropped-logo.gif","contentUrl":"https:\/\/abc-latina.com\/wp-content\/uploads\/2026\/05\/cropped-logo.gif","width":89,"height":84,"caption":"Abc-latina"},"image":{"@id":"https:\/\/abc-latina.com\/#\/schema\/logo\/image\/"}}]}},"_links":{"self":[{"href":"https:\/\/abc-latina.com\/wp-json\/wp\/v2\/pages\/1170","targetHints":{"allow":["GET"]}}],"collection":[{"href":"https:\/\/abc-latina.com\/wp-json\/wp\/v2\/pages"}],"about":[{"href":"https:\/\/abc-latina.com\/wp-json\/wp\/v2\/types\/page"}],"author":[{"embeddable":true,"href":"https:\/\/abc-latina.com\/wp-json\/wp\/v2\/users\/3"}],"replies":[{"embeddable":true,"href":"https:\/\/abc-latina.com\/wp-json\/wp\/v2\/comments?post=1170"}],"version-history":[{"count":1,"href":"https:\/\/abc-latina.com\/wp-json\/wp\/v2\/pages\/1170\/revisions"}],"predecessor-version":[{"id":3264,"href":"https:\/\/abc-latina.com\/wp-json\/wp\/v2\/pages\/1170\/revisions\/3264"}],"up":[{"embeddable":true,"href":"https:\/\/abc-latina.com\/wp-json\/wp\/v2\/pages\/2293"}],"wp:featuredmedia":[{"embeddable":true,"href":"https:\/\/abc-latina.com\/wp-json\/wp\/v2\/media\/1131"}],"wp:attachment":[{"href":"https:\/\/abc-latina.com\/wp-json\/wp\/v2\/media?parent=1170"}],"curies":[{"name":"wp","href":"https:\/\/api.w.org\/{rel}","templated":true}]}}