{"id":1171,"date":"2010-06-14T19:28:09","date_gmt":"2010-06-14T17:28:09","guid":{"rendered":"http:\/\/abc-latina.com\/geo-htm-3\/"},"modified":"2026-04-30T18:24:54","modified_gmt":"2026-04-30T16:24:54","slug":"geo","status":"publish","type":"page","link":"https:\/\/abc-latina.com\/chili\/geo\/","title":{"rendered":"GEOGRAPHIE &#8211; CHILI"},"content":{"rendered":"<div><a target=\"_blank\" href=\"http:\/\/www.abc-latina.com\/carteam\"><img loading=\"lazy\" decoding=\"async\" class=\" alignright size-full wp-image-1100\" style=\"margin: 5px; float: right;\" src=\"http:\/\/abc-latina.com\/wp-content\/uploads\/2010\/06\/america_chili.png\" title=\"GEOGRAPHIE DU CHILI\" alt=\"GEOGRAPHIE DU CHILI\" width=\"118\" height=\"122\" \/><\/a>Le pays s&rsquo;\u00e9tire sur 4.265 km du nord au sud. Le Chili pr\u00e9sente une largeur maximale d&rsquo;\u00e0 peine 349 km \u00e0 Antofagasta, et ne devient qu&rsquo;une \u00e9troite bande de terre d&rsquo;un peu plus de 15 km \u00e0 Puerto Natales, compl\u00e8tement au sud du Chili.&nbsp;<\/div>\n<div>\n<div>La superficie du territoire Chilien est de 756.945 km&sup2;. Le pays partage une tr\u00e8s longue fronti\u00e8re avec l&rsquo;<a target=\"_blank\" href=\"https:\/\/www.abc-latina.com\/argentine\/\">Argentine<\/a> \u00e0 l&rsquo;est et de plus courtes fronti\u00e8res avec la <a target=\"_blank\" href=\"https:\/\/www.abc-latina.com\/bolivie\/\">Bolivie<\/a> au nord-est et le <a target=\"_blank\" href=\"https:\/\/www.abc-latina.com\/perou\/\">P\u00e9rou<\/a> au nord. Son littoral, qui borde presque enti\u00e8rement l&rsquo;oc\u00e9an Pacifique, mais dont une courte portion donne tout de m\u00eame sur l&rsquo;Atlantique, affiche une impressionnante longueur de 5338 km.<\/div>\n<div>Les plus beaux sommets du Chili sont ceux de deux volcans \u00e9teints, l&rsquo;Ojos del Salado, qui culmine 6.893m, et le Llullaillaco haut de 6 .723m.<\/div>\n<div>Le territoire s&rsquo;adjoint un certain nombre d&rsquo;\u00eeles plus ou moins grandes, dont la plus fortement peupl\u00e9e est Chilo\u00e9. A bonne distance dans le Pacifique se trouve la l\u00e9gendaire \u00eele de P\u00e2ques, que s&rsquo;est appropri\u00e9e le Chili en m\u00eame temps que plusieurs petites \u00eeles Polyn\u00e9siennes.&nbsp;<\/div>\n<div>&nbsp;<\/div>\n<div><span class=\"geo-info\">La POPULATION<\/span><\/div>\n<div>Le Chili comptait 13,8 millions d&rsquo;habitants en 1993, date \u00e0 laquelle on estimait que la population atteindrait 15,2 millions en 2000.<\/div>\n<div>Environ 70% des Chiliens sont de descendance mi-europ\u00e9enne mi-am\u00e9rindienne,\u00e0 peu pr\u00e8s 20% d&rsquo;entre eux sont de descendance essentiellement europ\u00e9enne et quelque 10% plut\u00f4t de descendance am\u00e9rindienne. D&rsquo;autres composantes, somme toute infimes, tiennent \u00e0 des couches polyn\u00e9sienne (surtout sur l&rsquo;\u00eele de P\u00e2ques), moyen-orientale, asiatique et africaine.&nbsp;<\/div>\n<div>Parmi ceux qui appartiennent aux cultures am\u00e9rindiennes encore existantes, la grande majorit\u00e9 sont des Mapuches, ils vivent pour la plupart dans les environs de Temuco, dans le centre-sud du Chili. Dans les hautes terres du Nord, il y a \u00e9galement un nombre restreint d&rsquo;Aymar\u00e1s, li\u00e9s de pr\u00e8s \u00e0 des groupes vivant de l&rsquo;autre c\u00f4t\u00e9 de la fronti\u00e8re bolivienne.&nbsp;<\/div>\n<div>Dans la derni\u00e8re moiti\u00e9 du 19\u00e9me si\u00e8cle, il y eut un l\u00e9ger afflux d&rsquo;immigrants venus de l&rsquo;Europe m\u00e9ridionale et centrale (beaucoup d&rsquo;Allemands se sont \u00e9tablis dans la r\u00e9gion des lacs, au sud du Chili).<\/div>\n<div>Au tout d\u00e9but du 20\u00e9me si\u00e8cle, de petits groupes de Croates se sont en outre install\u00e9s \u00e0 l&rsquo;extr\u00eame sud du pays, rejoints par des \u00e9leveurs et des propri\u00e9taires de ranch anglais.<\/div>\n<div>La culture euro-hispanique a \u00e9cras\u00e9 la culture indig\u00e8ne de fa\u00e7on plus compl\u00e8te au Chili que dans la plupart des autres pays d&rsquo;Am\u00e9rique latine. Il en r\u00e9sulte que le Chili compte parmi les plus europ\u00e9anis\u00e9s des pays latino-am\u00e9ricains. Il compte \u00e9galement parmi les plus instruits (\u00e0 95%) et les plus urbanis\u00e9s (\u00e0 86%).<\/div>\n<div>Le catholicisme romain s&rsquo;impose comme la religion dominante, bien que les missionnaires protestants aient marqu\u00e9 d&rsquo;importants progr\u00e8s. La petite population juive se trouve pour sa part fortement assimil\u00e9e.&nbsp;<\/div>\n<h3>G\u00e9ographie du Chili: Chiffres<\/h3>\n<div><span class=\"geo-info2\">Capitale:<\/span> Santiago du Chili&nbsp;<\/div>\n<div><span class=\"geo-info2\">Superficie:<\/span> 756 945 km&sup2;<\/div>\n<div>1,5 fois la France<\/div>\n<div>18 fois la Suisse<\/div>\n<div>24 fois la Belgique<\/div>\n<div>mais 13 fois plus petit que le Canada.&nbsp;<\/div>\n<div><span class=\"geo-info2\">Population:<\/span> 15 millions&nbsp;<\/div>\n<div>Urbaine \u00e0 86 %<\/div>\n<div>Rurale \u00e0 14 %<\/div>\n<div>Densit\u00e9 20 hab\/km&sup2;&nbsp;<\/div>\n<div>12 r\u00e9gions<\/div>\n<div>Indice de f\u00e9condit\u00e9: 2,4 enfants\/femme<\/div>\n<div>Esp\u00e9rance de vie: 78 \/ 82 ans<\/div>\n<div>Taux d&rsquo;alphab\u00e9tisation: 95 %<\/div>\n<div><span class=\"geo-info2\">Langue:<\/span> Espagnol<\/div>\n<p>&nbsp;<\/p>\n<\/div>\n","protected":false},"excerpt":{"rendered":"<p>Le pays s&rsquo;\u00e9tire sur 4.265 km du nord au sud. Le Chili pr\u00e9sente une largeur maximale d&rsquo;\u00e0 peine 349 km [&hellip;]<\/p>\n","protected":false},"author":3,"featured_media":1100,"parent":2293,"menu_order":0,"comment_status":"closed","ping_status":"closed","template":"","meta":{"site-sidebar-layout":"default","site-content-layout":"","ast-site-content-layout":"default","site-content-style":"default","site-sidebar-style":"default","ast-global-header-display":"","ast-banner-title-visibility":"","ast-main-header-display":"","ast-hfb-above-header-display":"","ast-hfb-below-header-display":"","ast-hfb-mobile-header-display":"","site-post-title":"","ast-breadcrumbs-content":"","ast-featured-img":"","footer-sml-layout":"","ast-disable-related-posts":"","theme-transparent-header-meta":"","adv-header-id-meta":"","stick-header-meta":"","header-above-stick-meta":"","header-main-stick-meta":"","header-below-stick-meta":"","astra-migrate-meta-layouts":"default","ast-page-background-enabled":"default","ast-page-background-meta":{"desktop":{"background-color":"var(--ast-global-color-5)","background-image":"","background-repeat":"repeat","background-position":"center center","background-size":"auto","background-attachment":"scroll","background-type":"","background-media":"","overlay-type":"","overlay-color":"","overlay-opacity":"","overlay-gradient":""},"tablet":{"background-color":"","background-image":"","background-repeat":"repeat","background-position":"center center","background-size":"auto","background-attachment":"scroll","background-type":"","background-media":"","overlay-type":"","overlay-color":"","overlay-opacity":"","overlay-gradient":""},"mobile":{"background-color":"","background-image":"","background-repeat":"repeat","background-position":"center center","background-size":"auto","background-attachment":"scroll","background-type":"","background-media":"","overlay-type":"","overlay-color":"","overlay-opacity":"","overlay-gradient":""}},"ast-content-background-meta":{"desktop":{"background-color":"var(--ast-global-color-4)","background-image":"","background-repeat":"repeat","background-position":"center center","background-size":"auto","background-attachment":"scroll","background-type":"","background-media":"","overlay-type":"","overlay-color":"","overlay-opacity":"","overlay-gradient":""},"tablet":{"background-color":"var(--ast-global-color-4)","background-image":"","background-repeat":"repeat","background-position":"center center","background-size":"auto","background-attachment":"scroll","background-type":"","background-media":"","overlay-type":"","overlay-color":"","overlay-opacity":"","overlay-gradient":""},"mobile":{"background-color":"var(--ast-global-color-4)","background-image":"","background-repeat":"repeat","background-position":"center center","background-size":"auto","background-attachment":"scroll","background-type":"","background-media":"","overlay-type":"","overlay-color":"","overlay-opacity":"","overlay-gradient":""}},"footnotes":""},"class_list":["post-1171","page","type-page","status-publish","has-post-thumbnail","hentry"],"yoast_head":"<!-- This site is optimized with the Yoast SEO plugin v27.5 - https:\/\/yoast.com\/product\/yoast-seo-wordpress\/ -->\n<title>GEOGRAPHIE - CHILI - Abc-latina<\/title>\n<meta name=\"description\" content=\"La g\u00e9ographie chilienne.\" \/>\n<meta name=\"robots\" content=\"index, follow, max-snippet:-1, max-image-preview:large, max-video-preview:-1\" \/>\n<link rel=\"canonical\" href=\"https:\/\/abc-latina.com\/chili\/geo\/\" \/>\n<meta property=\"og:locale\" content=\"fr_FR\" \/>\n<meta property=\"og:type\" content=\"article\" \/>\n<meta property=\"og:title\" content=\"GEOGRAPHIE - CHILI - Abc-latina\" \/>\n<meta property=\"og:description\" content=\"La g\u00e9ographie chilienne.\" \/>\n<meta property=\"og:url\" content=\"https:\/\/abc-latina.com\/chili\/geo\/\" \/>\n<meta property=\"og:site_name\" content=\"Abc-latina\" \/>\n<meta property=\"article:modified_time\" content=\"2026-04-30T16:24:54+00:00\" \/>\n<meta property=\"og:image\" content=\"https:\/\/abc-latina.com\/wp-content\/uploads\/2010\/06\/america_chili.png\" \/>\n\t<meta property=\"og:image:width\" content=\"118\" \/>\n\t<meta property=\"og:image:height\" content=\"122\" \/>\n\t<meta property=\"og:image:type\" content=\"image\/png\" \/>\n<meta name=\"twitter:card\" content=\"summary_large_image\" \/>\n<meta name=\"twitter:label1\" content=\"Dur\u00e9e de lecture estim\u00e9e\" \/>\n\t<meta name=\"twitter:data1\" content=\"3 minutes\" \/>\n<script type=\"application\/ld+json\" class=\"yoast-schema-graph\">{\"@context\":\"https:\\\/\\\/schema.org\",\"@graph\":[{\"@type\":\"WebPage\",\"@id\":\"https:\\\/\\\/abc-latina.com\\\/chili\\\/geo\\\/\",\"url\":\"https:\\\/\\\/abc-latina.com\\\/chili\\\/geo\\\/\",\"name\":\"GEOGRAPHIE - CHILI - Abc-latina\",\"isPartOf\":{\"@id\":\"https:\\\/\\\/abc-latina.com\\\/#website\"},\"primaryImageOfPage\":{\"@id\":\"https:\\\/\\\/abc-latina.com\\\/chili\\\/geo\\\/#primaryimage\"},\"image\":{\"@id\":\"https:\\\/\\\/abc-latina.com\\\/chili\\\/geo\\\/#primaryimage\"},\"thumbnailUrl\":\"https:\\\/\\\/abc-latina.com\\\/wp-content\\\/uploads\\\/2010\\\/06\\\/america_chili.png\",\"datePublished\":\"2010-06-14T17:28:09+00:00\",\"dateModified\":\"2026-04-30T16:24:54+00:00\",\"description\":\"La g\u00e9ographie chilienne.\",\"breadcrumb\":{\"@id\":\"https:\\\/\\\/abc-latina.com\\\/chili\\\/geo\\\/#breadcrumb\"},\"inLanguage\":\"fr-FR\",\"potentialAction\":[{\"@type\":\"ReadAction\",\"target\":[\"https:\\\/\\\/abc-latina.com\\\/chili\\\/geo\\\/\"]}]},{\"@type\":\"ImageObject\",\"inLanguage\":\"fr-FR\",\"@id\":\"https:\\\/\\\/abc-latina.com\\\/chili\\\/geo\\\/#primaryimage\",\"url\":\"https:\\\/\\\/abc-latina.com\\\/wp-content\\\/uploads\\\/2010\\\/06\\\/america_chili.png\",\"contentUrl\":\"https:\\\/\\\/abc-latina.com\\\/wp-content\\\/uploads\\\/2010\\\/06\\\/america_chili.png\",\"width\":118,\"height\":122},{\"@type\":\"BreadcrumbList\",\"@id\":\"https:\\\/\\\/abc-latina.com\\\/chili\\\/geo\\\/#breadcrumb\",\"itemListElement\":[{\"@type\":\"ListItem\",\"position\":1,\"name\":\"Accueil\",\"item\":\"https:\\\/\\\/abc-latina.com\\\/\"},{\"@type\":\"ListItem\",\"position\":2,\"name\":\"GEOGRAPHIE &#8211; CHILI\"}]},{\"@type\":\"WebSite\",\"@id\":\"https:\\\/\\\/abc-latina.com\\\/#website\",\"url\":\"https:\\\/\\\/abc-latina.com\\\/\",\"name\":\"Abc-latina\",\"description\":\"\",\"publisher\":{\"@id\":\"https:\\\/\\\/abc-latina.com\\\/#organization\"},\"potentialAction\":[{\"@type\":\"SearchAction\",\"target\":{\"@type\":\"EntryPoint\",\"urlTemplate\":\"https:\\\/\\\/abc-latina.com\\\/?s={search_term_string}\"},\"query-input\":{\"@type\":\"PropertyValueSpecification\",\"valueRequired\":true,\"valueName\":\"search_term_string\"}}],\"inLanguage\":\"fr-FR\"},{\"@type\":\"Organization\",\"@id\":\"https:\\\/\\\/abc-latina.com\\\/#organization\",\"name\":\"Abc-latina\",\"url\":\"https:\\\/\\\/abc-latina.com\\\/\",\"logo\":{\"@type\":\"ImageObject\",\"inLanguage\":\"fr-FR\",\"@id\":\"https:\\\/\\\/abc-latina.com\\\/#\\\/schema\\\/logo\\\/image\\\/\",\"url\":\"https:\\\/\\\/abc-latina.com\\\/wp-content\\\/uploads\\\/2026\\\/05\\\/cropped-logo.gif\",\"contentUrl\":\"https:\\\/\\\/abc-latina.com\\\/wp-content\\\/uploads\\\/2026\\\/05\\\/cropped-logo.gif\",\"width\":89,\"height\":84,\"caption\":\"Abc-latina\"},\"image\":{\"@id\":\"https:\\\/\\\/abc-latina.com\\\/#\\\/schema\\\/logo\\\/image\\\/\"}}]}<\/script>\n<!-- \/ Yoast SEO plugin. -->","yoast_head_json":{"title":"GEOGRAPHIE - CHILI - Abc-latina","description":"La g\u00e9ographie chilienne.","robots":{"index":"index","follow":"follow","max-snippet":"max-snippet:-1","max-image-preview":"max-image-preview:large","max-video-preview":"max-video-preview:-1"},"canonical":"https:\/\/abc-latina.com\/chili\/geo\/","og_locale":"fr_FR","og_type":"article","og_title":"GEOGRAPHIE - CHILI - Abc-latina","og_description":"La g\u00e9ographie chilienne.","og_url":"https:\/\/abc-latina.com\/chili\/geo\/","og_site_name":"Abc-latina","article_modified_time":"2026-04-30T16:24:54+00:00","og_image":[{"width":118,"height":122,"url":"https:\/\/abc-latina.com\/wp-content\/uploads\/2010\/06\/america_chili.png","type":"image\/png"}],"twitter_card":"summary_large_image","twitter_misc":{"Dur\u00e9e de lecture estim\u00e9e":"3 minutes"},"schema":{"@context":"https:\/\/schema.org","@graph":[{"@type":"WebPage","@id":"https:\/\/abc-latina.com\/chili\/geo\/","url":"https:\/\/abc-latina.com\/chili\/geo\/","name":"GEOGRAPHIE - CHILI - Abc-latina","isPartOf":{"@id":"https:\/\/abc-latina.com\/#website"},"primaryImageOfPage":{"@id":"https:\/\/abc-latina.com\/chili\/geo\/#primaryimage"},"image":{"@id":"https:\/\/abc-latina.com\/chili\/geo\/#primaryimage"},"thumbnailUrl":"https:\/\/abc-latina.com\/wp-content\/uploads\/2010\/06\/america_chili.png","datePublished":"2010-06-14T17:28:09+00:00","dateModified":"2026-04-30T16:24:54+00:00","description":"La g\u00e9ographie chilienne.","breadcrumb":{"@id":"https:\/\/abc-latina.com\/chili\/geo\/#breadcrumb"},"inLanguage":"fr-FR","potentialAction":[{"@type":"ReadAction","target":["https:\/\/abc-latina.com\/chili\/geo\/"]}]},{"@type":"ImageObject","inLanguage":"fr-FR","@id":"https:\/\/abc-latina.com\/chili\/geo\/#primaryimage","url":"https:\/\/abc-latina.com\/wp-content\/uploads\/2010\/06\/america_chili.png","contentUrl":"https:\/\/abc-latina.com\/wp-content\/uploads\/2010\/06\/america_chili.png","width":118,"height":122},{"@type":"BreadcrumbList","@id":"https:\/\/abc-latina.com\/chili\/geo\/#breadcrumb","itemListElement":[{"@type":"ListItem","position":1,"name":"Accueil","item":"https:\/\/abc-latina.com\/"},{"@type":"ListItem","position":2,"name":"GEOGRAPHIE &#8211; CHILI"}]},{"@type":"WebSite","@id":"https:\/\/abc-latina.com\/#website","url":"https:\/\/abc-latina.com\/","name":"Abc-latina","description":"","publisher":{"@id":"https:\/\/abc-latina.com\/#organization"},"potentialAction":[{"@type":"SearchAction","target":{"@type":"EntryPoint","urlTemplate":"https:\/\/abc-latina.com\/?s={search_term_string}"},"query-input":{"@type":"PropertyValueSpecification","valueRequired":true,"valueName":"search_term_string"}}],"inLanguage":"fr-FR"},{"@type":"Organization","@id":"https:\/\/abc-latina.com\/#organization","name":"Abc-latina","url":"https:\/\/abc-latina.com\/","logo":{"@type":"ImageObject","inLanguage":"fr-FR","@id":"https:\/\/abc-latina.com\/#\/schema\/logo\/image\/","url":"https:\/\/abc-latina.com\/wp-content\/uploads\/2026\/05\/cropped-logo.gif","contentUrl":"https:\/\/abc-latina.com\/wp-content\/uploads\/2026\/05\/cropped-logo.gif","width":89,"height":84,"caption":"Abc-latina"},"image":{"@id":"https:\/\/abc-latina.com\/#\/schema\/logo\/image\/"}}]}},"_links":{"self":[{"href":"https:\/\/abc-latina.com\/wp-json\/wp\/v2\/pages\/1171","targetHints":{"allow":["GET"]}}],"collection":[{"href":"https:\/\/abc-latina.com\/wp-json\/wp\/v2\/pages"}],"about":[{"href":"https:\/\/abc-latina.com\/wp-json\/wp\/v2\/types\/page"}],"author":[{"embeddable":true,"href":"https:\/\/abc-latina.com\/wp-json\/wp\/v2\/users\/3"}],"replies":[{"embeddable":true,"href":"https:\/\/abc-latina.com\/wp-json\/wp\/v2\/comments?post=1171"}],"version-history":[{"count":1,"href":"https:\/\/abc-latina.com\/wp-json\/wp\/v2\/pages\/1171\/revisions"}],"predecessor-version":[{"id":3239,"href":"https:\/\/abc-latina.com\/wp-json\/wp\/v2\/pages\/1171\/revisions\/3239"}],"up":[{"embeddable":true,"href":"https:\/\/abc-latina.com\/wp-json\/wp\/v2\/pages\/2293"}],"wp:featuredmedia":[{"embeddable":true,"href":"https:\/\/abc-latina.com\/wp-json\/wp\/v2\/media\/1100"}],"wp:attachment":[{"href":"https:\/\/abc-latina.com\/wp-json\/wp\/v2\/media?parent=1171"}],"curies":[{"name":"wp","href":"https:\/\/api.w.org\/{rel}","templated":true}]}}