{"id":1180,"date":"2010-06-14T19:36:49","date_gmt":"2010-06-14T17:36:49","guid":{"rendered":"http:\/\/abc-latina.com\/infoprat-htm-3\/"},"modified":"2026-04-30T18:24:54","modified_gmt":"2026-04-30T16:24:54","slug":"infoprat","status":"publish","type":"page","link":"https:\/\/abc-latina.com\/chili\/infoprat\/","title":{"rendered":"INFORMATIONS PRATIQUES"},"content":{"rendered":"<h3>PASSEPORT &#8211; VISA pour le Chili&nbsp;<\/h3>\n<div>Pas de visa pour les ressortissants de la C.E.E et du Canada.<\/div>\n<div>Un passeport valide pour une p\u00e9riode d&rsquo;au moins six mois au-del\u00e0 de leur date d&rsquo;entr\u00e9e au Chili.<\/div>\n<div><a target=\"_blank\" href=\"https:\/\/www.abc-latina.com\/chili\/ambassade\">Les adresses des ambassades chiliennes<\/a><\/div>\n<div>SECURITE: les <a target=\"_blank\" href=\"http:\/\/www.diplomatie.gouv.fr\/fr\/conseils-aux-voyageurs_909\/pays_12191\/chili_12225\/indexl\">conseils aux voyageurs<\/a> du minist\u00e8re des affaires \u00e9trang\u00e8res.&nbsp;<\/div>\n<div>&nbsp;<\/div>\n<h3>SANTE&nbsp;<\/h3>\n<div>Pas de vaccin obligatoire pour entrer au Chili.. Mais, il est toujours prudent de prendre des renseignements aupr\u00e8s d&rsquo;une clinique sp\u00e9cialis\u00e9e et\/ou de voir les recommandations de l&rsquo;institut Pasteur (ci-dessous).<\/div>\n<div>Le Soroche est le mal d&rsquo;altitude qui se traduit par un malaise accompagn\u00e9 d&rsquo;une g\u00eane respiratoire et de maux de t\u00eate. Cela est d\u00fb \u00e0 la rar\u00e9faction de l&rsquo;oxyg\u00e8ne en altitude. Pour pr\u00e9venir ce mal, il faut manger peu la veille et le matin du voyage ou prendre de la coramine (ou un mat\u00e9 de coca). L&rsquo;id\u00e9al est de pr\u00e9voir un circuit commen\u00e7ant par les villes les moins \u00e9lev\u00e9es et de monter peu \u00e0 peu vers les points les plus hauts.<\/div>\n<div><a target=\"_blank\" href=\"https:\/\/www.abc-latina.com\/sites\/sante\/chili\">Les recommandations de l&rsquo;Institut Pasteur<\/a><\/div>\n<div>&nbsp;<\/div>\n<h3>CLIMAT&nbsp;<\/h3>\n<div>Le Chili englobe plusieurs zones climatiques distinctes, des r\u00e9gions extr\u00eamement arides du nord aux r\u00e9gions fra\u00eeches et humides du sud.<\/div>\n<div>Au nord, le climat est doux et il ne pleut presque pas durant toute l&rsquo;ann\u00e9e. Les mois les plus chauds vont de d\u00e9cembre \u00e0 f\u00e9vrier, les plus froids de juin \u00e0 ao\u00fbt.&nbsp;<\/div>\n<div>La montagne a un climat sec et ensoleill\u00e9 toute l&rsquo;ann\u00e9e, les nuits sont fra\u00eeches et la temp\u00e9rature varie selon l&rsquo;altitude.&nbsp;<\/div>\n<div><a href=\"https:\/\/www.abc-latina.com\/chili\/meteo\">La m\u00e9t\u00e9o<\/a><\/div>\n<div>&nbsp;<\/div>\n<h3>ARGENT&nbsp;<\/h3>\n<div>La monnaie nationale est le Peso Chilien.<\/div>\n<div>De nombreux \u00e9tablissements, ainsi que les particuliers acceptent le paiement en dollars Am\u00e9ricains pour les transactions courantes, les autres devises sont beaucoup plus difficile \u00e0 \u00e9couler. Retirer de l&rsquo;argent avec les cartes de cr\u00e9dit internationales ne pose aucun probl\u00e8me.&nbsp;<\/div>\n<div><a target=\"_blank\" href=\"http:\/\/www.xe.com\/ucc\/fr\/\">Le change<\/a><\/div>\n<div>&nbsp;<\/div>\n<h3>DECALAGE HORAIRE &nbsp;<\/h3>\n<div>En Et\u00e9, Paris a 6 heures de plus et en hiver 4 heures de plus except\u00e9 durant une certaine p\u00e9riode au printemps et \u00e0 l&rsquo;automne o\u00f9 le d\u00e9calage est de 5 heures.<\/div>\n<div>Actuellement, \u00e0&nbsp;Santiago il est:<\/div>\n<div>&nbsp;<\/div>\n<h3>TRANSPORT&nbsp;<\/h3>\n<div>En bus, en train, en avion ou en bateau selon votre budget et la dur\u00e9e de votre s\u00e9jour.<\/div>\n<div>En bus : Les bus sont le moyen de transport le plus courant le moins cher. Ils desservent aussi bien les grandes distances que les dessertes locales.<\/div>\n<div>Il existe des bus avec semi-cama (si\u00e8ges \u00e0 forte inclinaison et plus d&rsquo;espace que dans un bus classique), ou salon-cama (si\u00e8ges compl\u00e8tement allong\u00e9s la nuit).<\/div>\n<div>Toutes les compagnies sont regroup\u00e9es pour chaque ville dans une station de bus, il est ainsi possible de comparer les prix et de choisir son horaire.<\/div>\n<div>En Avion : Vu la configuration du pays, il s&rsquo;agit du mode de transport le plus rapide et le moins fatigant. Surtout pour un s\u00e9jour relativement court.<\/div>\n<div>Plusieurs compagnies locales assurent les vols int\u00e9rieurs. Il existe des forfaits que l&rsquo;on doit acheter aupr\u00e8s d&rsquo;une agence de voyages avant le d\u00e9part pour le Chili.<\/div>\n<div><a target=\"_blank\" href=\"https:\/\/www.abc-latina.com\/to\/reservation_billets_avions\">Billet d&rsquo;avion: comparez 10 millions d&rsquo;offres en moins de 30 secondes<\/a><\/div>\n<div>En train : Ce moyen de transport n&rsquo;est pas recommand\u00e9, en effet les trains sont inconfortables et les horaires assez fluctuants.<\/div>\n<div>En voiture : Les compagnies de location de v\u00e9hicules sont fiables et leurs prix sont raisonnables. Les routes principales sont tr\u00e8s bonnes.<\/div>\n<div><a target=\"_blank\" href=\"https:\/\/www.abc-latina.com\/to\/location_de_voiture_chili\">Location de voitures : le meilleur prix en comparant 50 agences<\/a><\/div>\n<div>En Taxi : Il existe plusieurs types de taxi :<\/div>\n<div>&#8211; Les taxis ordinaires (noirs \u00e0 toit jaune) sont souvent en mauvais \u00e9tat et peu confortables mais ils ne sont pas chers. Ils fonctionnent avec un compteur.<\/div>\n<div>&#8211; Les taxis pour touristes (bleus) sont plus chers modernes et confortables.<\/div>\n<div>&#8211; Les radio-taxis sont des taxis ordinaires mais ils sont en meilleur \u00e9tat.<\/div>\n<div>&#8211; Les taxis collectifs, sur des lignes bien d\u00e9finies, prennent davantage de passagers et propose de meilleurs prix.<\/div>\n<div>En Bateau : Le transport maritime sera emprunt\u00e9 surtout en Patagonie, il est m\u00eame parfois le seul mode de circulation possible. Ces navires ne peuvent pas \u00eatre qualifi\u00e9s de luxueux, mais on y trouve des couchettes pour les travers\u00e9es de nuit et des repas chauds pour les voyages de longue dur\u00e9e.<\/div>\n<div><a target=\"_blank\" href=\"https:\/\/www.abc-latina.com\/chili\/distances\">Distances entre les diff\u00e9rentes villes du Chili<\/a><\/div>\n<div>&nbsp;<\/div>\n<h3>JOURS FERIES &nbsp;<\/h3>\n<div><a target=\"_blank\" href=\"tour_operateur\"><img loading=\"lazy\" decoding=\"async\" class=\" size-full wp-image-41\" alt=\"\" class=\"touroperateur\" src=\"http:\/\/abc-latina.com\/wp-content\/uploads\/2010\/04\/timbre_to.gif\" width=\"125\" height=\"90\" \/><\/a>1er Janvier &#8211; Jour de l&rsquo;an&nbsp;<\/div>\n<div>29 Mars &#8211; Vendredi Saint&nbsp;<\/div>\n<div>01 Mai &#8211; F\u00eate du travail&nbsp;<\/div>\n<div>21 Mai &#8211; F\u00eate de la Marine&nbsp;<\/div>\n<div>27 Mai &#8211; Corpus Christi&nbsp;<\/div>\n<div>15 Ao\u00fbt &#8211; Assomption&nbsp;<\/div>\n<div>02 Septembre &nbsp;&#8211; F\u00eate de la R\u00e9conciliation&nbsp;<\/div>\n<div>18 Septembre &#8211; Jour de l&rsquo;ind\u00e9pendance&nbsp;<\/div>\n<div>19 Septembre &#8211; F\u00eate de l&rsquo;arm\u00e9e&nbsp;<\/div>\n<div>12 Octobre &#8211; Jour de Christophe Colomb&nbsp;<\/div>\n<div>01 Novembre &#8211; Toussaint&nbsp;<\/div>\n<div>08 D\u00e9cembre &#8211; Immacul\u00e9e Conception&nbsp;<\/div>\n<div>25 D\u00e9cembre &#8211; Noel&nbsp;<\/div>\n<div>31 d\u00e9cembre &#8211; R\u00e9veillon du jour de l&rsquo;an&nbsp;<\/div>\n<div>&nbsp;<\/div>\n<h3>LANGUE&nbsp;<\/h3>\n<div>L&rsquo;espagnol est la langue officielle.<\/div>\n<div>&nbsp;<\/div>\n<h3>ACHATS&nbsp;<\/h3>\n<div>On peut trouver de l&rsquo;artisanat de haute qualit\u00e9. Les indig\u00e8nes mapuches r\u00e9alisent des objets en c\u00e9ramique, osier, argent, tissus et des sculptures. Les laines du Nord sont similaires \u00e0 celles du P\u00e9rou et de la Bolivie, on peut trouver des ponchos faits \u00e0 la main et des tapis. Il y a aussi de l&rsquo;artisanat fait avec du cuivre et des pierres tels les lapis-lazulis, jades, am\u00e9thystes, agates et l&rsquo;onyx<\/div>\n<div>&nbsp;<\/div>\n<h3>TELEPHONE &#8211; INTERNET&nbsp;<\/h3>\n<div>Le r\u00e9seau t\u00e9l\u00e9phonique est de bonne qualit\u00e9. Les t\u00e9l\u00e9phones publics acceptent les pi\u00e9ces de monnaie et les cartes pr\u00e9pay\u00e9es que l&rsquo;on peut trouver dans les kiosques.<\/div>\n<div>Pour Internet, de nombreux cybercaf\u00e9s proposent leurs services.<\/div>\n<div>Pour appeler du Chili vers la France: 00 + 33 + num\u00e9ro \u00e0 9 chiffres (sans le 0)<\/div>\n<div>Pour appeler de la France vers le Chili: 00 + 56 + indicatif de la ville + num\u00e9ro<\/div>\n<div><a target=\"_blank\" href=\"http:\/\/www.chilnet.cl\/\">Annuaires t\u00e9l\u00e9phoniques<\/a><\/div>\n<div>&nbsp;<\/div>\n<h3>DIVERS&nbsp;<\/h3>\n<div>TENSION ELECTRIQUE: &#8211; Volts &#8211; &#8211; Hz &#8211; photo<\/div>\n<div><a target=\"_blank\" href=\"http:\/\/voyage.abc-latina.com\/voyage_chili\/chili.php\"><span class=\"sejour-circuit\"><br \/><\/span><\/a><\/div>\n","protected":false},"excerpt":{"rendered":"<p>PASSEPORT &#8211; VISA pour le Chili&nbsp; Pas de visa pour les ressortissants de la C.E.E et du Canada. Un passeport [&hellip;]<\/p>\n","protected":false},"author":3,"featured_media":41,"parent":2293,"menu_order":0,"comment_status":"closed","ping_status":"closed","template":"","meta":{"site-sidebar-layout":"default","site-content-layout":"","ast-site-content-layout":"default","site-content-style":"default","site-sidebar-style":"default","ast-global-header-display":"","ast-banner-title-visibility":"","ast-main-header-display":"","ast-hfb-above-header-display":"","ast-hfb-below-header-display":"","ast-hfb-mobile-header-display":"","site-post-title":"","ast-breadcrumbs-content":"","ast-featured-img":"","footer-sml-layout":"","ast-disable-related-posts":"","theme-transparent-header-meta":"","adv-header-id-meta":"","stick-header-meta":"","header-above-stick-meta":"","header-main-stick-meta":"","header-below-stick-meta":"","astra-migrate-meta-layouts":"default","ast-page-background-enabled":"default","ast-page-background-meta":{"desktop":{"background-color":"var(--ast-global-color-5)","background-image":"","background-repeat":"repeat","background-position":"center center","background-size":"auto","background-attachment":"scroll","background-type":"","background-media":"","overlay-type":"","overlay-color":"","overlay-opacity":"","overlay-gradient":""},"tablet":{"background-color":"","background-image":"","background-repeat":"repeat","background-position":"center center","background-size":"auto","background-attachment":"scroll","background-type":"","background-media":"","overlay-type":"","overlay-color":"","overlay-opacity":"","overlay-gradient":""},"mobile":{"background-color":"","background-image":"","background-repeat":"repeat","background-position":"center center","background-size":"auto","background-attachment":"scroll","background-type":"","background-media":"","overlay-type":"","overlay-color":"","overlay-opacity":"","overlay-gradient":""}},"ast-content-background-meta":{"desktop":{"background-color":"var(--ast-global-color-4)","background-image":"","background-repeat":"repeat","background-position":"center center","background-size":"auto","background-attachment":"scroll","background-type":"","background-media":"","overlay-type":"","overlay-color":"","overlay-opacity":"","overlay-gradient":""},"tablet":{"background-color":"var(--ast-global-color-4)","background-image":"","background-repeat":"repeat","background-position":"center center","background-size":"auto","background-attachment":"scroll","background-type":"","background-media":"","overlay-type":"","overlay-color":"","overlay-opacity":"","overlay-gradient":""},"mobile":{"background-color":"var(--ast-global-color-4)","background-image":"","background-repeat":"repeat","background-position":"center center","background-size":"auto","background-attachment":"scroll","background-type":"","background-media":"","overlay-type":"","overlay-color":"","overlay-opacity":"","overlay-gradient":""}},"footnotes":""},"class_list":["post-1180","page","type-page","status-publish","has-post-thumbnail","hentry"],"yoast_head":"<!-- This site is optimized with the Yoast SEO plugin v27.5 - https:\/\/yoast.com\/product\/yoast-seo-wordpress\/ -->\n<title>INFORMATIONS PRATIQUES - Abc-latina<\/title>\n<meta name=\"description\" content=\"Les informations pratiques pour voyager au Chili.\" \/>\n<meta name=\"robots\" content=\"index, follow, max-snippet:-1, max-image-preview:large, max-video-preview:-1\" \/>\n<link rel=\"canonical\" href=\"https:\/\/abc-latina.com\/chili\/infoprat\/\" \/>\n<meta property=\"og:locale\" content=\"fr_FR\" \/>\n<meta property=\"og:type\" content=\"article\" \/>\n<meta property=\"og:title\" content=\"INFORMATIONS PRATIQUES - Abc-latina\" \/>\n<meta property=\"og:description\" content=\"Les informations pratiques pour voyager au Chili.\" \/>\n<meta property=\"og:url\" content=\"https:\/\/abc-latina.com\/chili\/infoprat\/\" \/>\n<meta property=\"og:site_name\" content=\"Abc-latina\" \/>\n<meta property=\"article:modified_time\" content=\"2026-04-30T16:24:54+00:00\" \/>\n<meta property=\"og:image\" content=\"https:\/\/abc-latina.com\/wp-content\/uploads\/2010\/04\/timbre_to.gif\" \/>\n\t<meta property=\"og:image:width\" content=\"125\" \/>\n\t<meta property=\"og:image:height\" content=\"90\" \/>\n\t<meta property=\"og:image:type\" content=\"image\/gif\" \/>\n<meta name=\"twitter:card\" content=\"summary_large_image\" \/>\n<meta name=\"twitter:label1\" content=\"Dur\u00e9e de lecture estim\u00e9e\" \/>\n\t<meta name=\"twitter:data1\" content=\"5 minutes\" \/>\n<script type=\"application\/ld+json\" class=\"yoast-schema-graph\">{\"@context\":\"https:\\\/\\\/schema.org\",\"@graph\":[{\"@type\":\"WebPage\",\"@id\":\"https:\\\/\\\/abc-latina.com\\\/chili\\\/infoprat\\\/\",\"url\":\"https:\\\/\\\/abc-latina.com\\\/chili\\\/infoprat\\\/\",\"name\":\"INFORMATIONS PRATIQUES - Abc-latina\",\"isPartOf\":{\"@id\":\"https:\\\/\\\/abc-latina.com\\\/#website\"},\"primaryImageOfPage\":{\"@id\":\"https:\\\/\\\/abc-latina.com\\\/chili\\\/infoprat\\\/#primaryimage\"},\"image\":{\"@id\":\"https:\\\/\\\/abc-latina.com\\\/chili\\\/infoprat\\\/#primaryimage\"},\"thumbnailUrl\":\"https:\\\/\\\/abc-latina.com\\\/wp-content\\\/uploads\\\/2010\\\/04\\\/timbre_to.gif\",\"datePublished\":\"2010-06-14T17:36:49+00:00\",\"dateModified\":\"2026-04-30T16:24:54+00:00\",\"description\":\"Les informations pratiques pour voyager au Chili.\",\"breadcrumb\":{\"@id\":\"https:\\\/\\\/abc-latina.com\\\/chili\\\/infoprat\\\/#breadcrumb\"},\"inLanguage\":\"fr-FR\",\"potentialAction\":[{\"@type\":\"ReadAction\",\"target\":[\"https:\\\/\\\/abc-latina.com\\\/chili\\\/infoprat\\\/\"]}]},{\"@type\":\"ImageObject\",\"inLanguage\":\"fr-FR\",\"@id\":\"https:\\\/\\\/abc-latina.com\\\/chili\\\/infoprat\\\/#primaryimage\",\"url\":\"https:\\\/\\\/abc-latina.com\\\/wp-content\\\/uploads\\\/2010\\\/04\\\/timbre_to.gif\",\"contentUrl\":\"https:\\\/\\\/abc-latina.com\\\/wp-content\\\/uploads\\\/2010\\\/04\\\/timbre_to.gif\",\"width\":125,\"height\":90},{\"@type\":\"BreadcrumbList\",\"@id\":\"https:\\\/\\\/abc-latina.com\\\/chili\\\/infoprat\\\/#breadcrumb\",\"itemListElement\":[{\"@type\":\"ListItem\",\"position\":1,\"name\":\"Accueil\",\"item\":\"https:\\\/\\\/abc-latina.com\\\/\"},{\"@type\":\"ListItem\",\"position\":2,\"name\":\"INFORMATIONS PRATIQUES\"}]},{\"@type\":\"WebSite\",\"@id\":\"https:\\\/\\\/abc-latina.com\\\/#website\",\"url\":\"https:\\\/\\\/abc-latina.com\\\/\",\"name\":\"Abc-latina\",\"description\":\"\",\"publisher\":{\"@id\":\"https:\\\/\\\/abc-latina.com\\\/#organization\"},\"potentialAction\":[{\"@type\":\"SearchAction\",\"target\":{\"@type\":\"EntryPoint\",\"urlTemplate\":\"https:\\\/\\\/abc-latina.com\\\/?s={search_term_string}\"},\"query-input\":{\"@type\":\"PropertyValueSpecification\",\"valueRequired\":true,\"valueName\":\"search_term_string\"}}],\"inLanguage\":\"fr-FR\"},{\"@type\":\"Organization\",\"@id\":\"https:\\\/\\\/abc-latina.com\\\/#organization\",\"name\":\"Abc-latina\",\"url\":\"https:\\\/\\\/abc-latina.com\\\/\",\"logo\":{\"@type\":\"ImageObject\",\"inLanguage\":\"fr-FR\",\"@id\":\"https:\\\/\\\/abc-latina.com\\\/#\\\/schema\\\/logo\\\/image\\\/\",\"url\":\"https:\\\/\\\/abc-latina.com\\\/wp-content\\\/uploads\\\/2026\\\/05\\\/cropped-logo.gif\",\"contentUrl\":\"https:\\\/\\\/abc-latina.com\\\/wp-content\\\/uploads\\\/2026\\\/05\\\/cropped-logo.gif\",\"width\":89,\"height\":84,\"caption\":\"Abc-latina\"},\"image\":{\"@id\":\"https:\\\/\\\/abc-latina.com\\\/#\\\/schema\\\/logo\\\/image\\\/\"}}]}<\/script>\n<!-- \/ Yoast SEO plugin. -->","yoast_head_json":{"title":"INFORMATIONS PRATIQUES - Abc-latina","description":"Les informations pratiques pour voyager au Chili.","robots":{"index":"index","follow":"follow","max-snippet":"max-snippet:-1","max-image-preview":"max-image-preview:large","max-video-preview":"max-video-preview:-1"},"canonical":"https:\/\/abc-latina.com\/chili\/infoprat\/","og_locale":"fr_FR","og_type":"article","og_title":"INFORMATIONS PRATIQUES - Abc-latina","og_description":"Les informations pratiques pour voyager au Chili.","og_url":"https:\/\/abc-latina.com\/chili\/infoprat\/","og_site_name":"Abc-latina","article_modified_time":"2026-04-30T16:24:54+00:00","og_image":[{"width":125,"height":90,"url":"https:\/\/abc-latina.com\/wp-content\/uploads\/2010\/04\/timbre_to.gif","type":"image\/gif"}],"twitter_card":"summary_large_image","twitter_misc":{"Dur\u00e9e de lecture estim\u00e9e":"5 minutes"},"schema":{"@context":"https:\/\/schema.org","@graph":[{"@type":"WebPage","@id":"https:\/\/abc-latina.com\/chili\/infoprat\/","url":"https:\/\/abc-latina.com\/chili\/infoprat\/","name":"INFORMATIONS PRATIQUES - Abc-latina","isPartOf":{"@id":"https:\/\/abc-latina.com\/#website"},"primaryImageOfPage":{"@id":"https:\/\/abc-latina.com\/chili\/infoprat\/#primaryimage"},"image":{"@id":"https:\/\/abc-latina.com\/chili\/infoprat\/#primaryimage"},"thumbnailUrl":"https:\/\/abc-latina.com\/wp-content\/uploads\/2010\/04\/timbre_to.gif","datePublished":"2010-06-14T17:36:49+00:00","dateModified":"2026-04-30T16:24:54+00:00","description":"Les informations pratiques pour voyager au Chili.","breadcrumb":{"@id":"https:\/\/abc-latina.com\/chili\/infoprat\/#breadcrumb"},"inLanguage":"fr-FR","potentialAction":[{"@type":"ReadAction","target":["https:\/\/abc-latina.com\/chili\/infoprat\/"]}]},{"@type":"ImageObject","inLanguage":"fr-FR","@id":"https:\/\/abc-latina.com\/chili\/infoprat\/#primaryimage","url":"https:\/\/abc-latina.com\/wp-content\/uploads\/2010\/04\/timbre_to.gif","contentUrl":"https:\/\/abc-latina.com\/wp-content\/uploads\/2010\/04\/timbre_to.gif","width":125,"height":90},{"@type":"BreadcrumbList","@id":"https:\/\/abc-latina.com\/chili\/infoprat\/#breadcrumb","itemListElement":[{"@type":"ListItem","position":1,"name":"Accueil","item":"https:\/\/abc-latina.com\/"},{"@type":"ListItem","position":2,"name":"INFORMATIONS PRATIQUES"}]},{"@type":"WebSite","@id":"https:\/\/abc-latina.com\/#website","url":"https:\/\/abc-latina.com\/","name":"Abc-latina","description":"","publisher":{"@id":"https:\/\/abc-latina.com\/#organization"},"potentialAction":[{"@type":"SearchAction","target":{"@type":"EntryPoint","urlTemplate":"https:\/\/abc-latina.com\/?s={search_term_string}"},"query-input":{"@type":"PropertyValueSpecification","valueRequired":true,"valueName":"search_term_string"}}],"inLanguage":"fr-FR"},{"@type":"Organization","@id":"https:\/\/abc-latina.com\/#organization","name":"Abc-latina","url":"https:\/\/abc-latina.com\/","logo":{"@type":"ImageObject","inLanguage":"fr-FR","@id":"https:\/\/abc-latina.com\/#\/schema\/logo\/image\/","url":"https:\/\/abc-latina.com\/wp-content\/uploads\/2026\/05\/cropped-logo.gif","contentUrl":"https:\/\/abc-latina.com\/wp-content\/uploads\/2026\/05\/cropped-logo.gif","width":89,"height":84,"caption":"Abc-latina"},"image":{"@id":"https:\/\/abc-latina.com\/#\/schema\/logo\/image\/"}}]}},"_links":{"self":[{"href":"https:\/\/abc-latina.com\/wp-json\/wp\/v2\/pages\/1180","targetHints":{"allow":["GET"]}}],"collection":[{"href":"https:\/\/abc-latina.com\/wp-json\/wp\/v2\/pages"}],"about":[{"href":"https:\/\/abc-latina.com\/wp-json\/wp\/v2\/types\/page"}],"author":[{"embeddable":true,"href":"https:\/\/abc-latina.com\/wp-json\/wp\/v2\/users\/3"}],"replies":[{"embeddable":true,"href":"https:\/\/abc-latina.com\/wp-json\/wp\/v2\/comments?post=1180"}],"version-history":[{"count":1,"href":"https:\/\/abc-latina.com\/wp-json\/wp\/v2\/pages\/1180\/revisions"}],"predecessor-version":[{"id":3244,"href":"https:\/\/abc-latina.com\/wp-json\/wp\/v2\/pages\/1180\/revisions\/3244"}],"up":[{"embeddable":true,"href":"https:\/\/abc-latina.com\/wp-json\/wp\/v2\/pages\/2293"}],"wp:featuredmedia":[{"embeddable":true,"href":"https:\/\/abc-latina.com\/wp-json\/wp\/v2\/media\/41"}],"wp:attachment":[{"href":"https:\/\/abc-latina.com\/wp-json\/wp\/v2\/media?parent=1180"}],"curies":[{"name":"wp","href":"https:\/\/api.w.org\/{rel}","templated":true}]}}