{"id":1183,"date":"2010-06-14T19:39:42","date_gmt":"2010-06-14T17:39:42","guid":{"rendered":"http:\/\/abc-latina.com\/recits-htm-3\/"},"modified":"2026-04-30T18:24:54","modified_gmt":"2026-04-30T16:24:54","slug":"recits","status":"publish","type":"page","link":"https:\/\/abc-latina.com\/chili\/recits\/","title":{"rendered":"RECITS de VOYAGES au CHILI"},"content":{"rendered":"<p><img loading=\"lazy\" decoding=\"async\" class=\" size-full wp-image-1181\" src=\"http:\/\/abc-latina.com\/wp-content\/uploads\/2010\/06\/ligne1.gif\" alt=\"\" width=\"509\" height=\"14\" \/><\/p>\n<div><img loading=\"lazy\" decoding=\"async\" class=\" alignleft size-full wp-image-127\" src=\"http:\/\/abc-latina.com\/wp-content\/uploads\/2010\/06\/003.jpg\" style=\"margin: 5px 33px; float: left;\" alt=\"\" width=\"130\" height=\"130\" \/><\/div>\n<div>&nbsp;<\/div>\n<div>&nbsp;<\/div>\n<div><a href=\"http:\/\/tdmfabrice.free.fr\/1Santiago\" target=\"_blank\">Le Tour du Monde de Fabrice passe par l&rsquo;Argentine et le Chili avec force d\u00e9tails et photos.<\/a><\/div>\n<div>&nbsp;<\/div>\n<div>&nbsp;<\/div>\n<div><img loading=\"lazy\" decoding=\"async\" class=\" size-full wp-image-1181\" src=\"http:\/\/abc-latina.com\/wp-content\/uploads\/2010\/06\/ligne1.gif\" alt=\"\" width=\"509\" height=\"14\" \/><\/div>\n<div>&nbsp;<\/div>\n<div><img loading=\"lazy\" decoding=\"async\" class=\" alignleft size-full wp-image-128\" src=\"http:\/\/abc-latina.com\/wp-content\/uploads\/2010\/06\/020.jpg\" style=\"margin: 5px 33px; float: left;\" alt=\"\" width=\"130\" height=\"130\" \/><a href=\"http:\/\/www.tournonsensemble.com\/chili\/chili.php\" target=\"_blank\">Un tour du monde de 14 mois qui a d\u00e9but\u00e9 le 28 juin 2002.<\/a><\/div>\n<div><a href=\"http:\/\/www.tournonsensemble.com\/chili\/chili.php\" target=\"_blank\">Estelle et Yann sont all\u00e9s \u00e0 la rencontre des peuples du Monde, voyez leur voyage au Chili.<\/a><\/div>\n<div>&nbsp;&nbsp;<\/div>\n<div>&nbsp;<\/div>\n<div>&nbsp;<\/div>\n<div><img loading=\"lazy\" decoding=\"async\" class=\" size-full wp-image-1181\" src=\"http:\/\/abc-latina.com\/wp-content\/uploads\/2010\/06\/ligne1.gif\" alt=\"\" width=\"509\" height=\"14\" \/><\/div>\n<div>&nbsp;<\/div>\n<div><img loading=\"lazy\" decoding=\"async\" class=\" alignleft size-full wp-image-1182\" src=\"http:\/\/abc-latina.com\/wp-content\/uploads\/2010\/06\/018.jpg\" style=\"margin: 5px 33px; float: left;\" alt=\"\" width=\"130\" height=\"130\" \/><a href=\"http:\/\/morgane-patagonie.noname.fr\/voyage\" target=\"_blank\">Depuis le voilier Morgane, la travers\u00e9e du Pacifique depuis Tahiti jusqu&rsquo;au Chili, ballades en Patagonie et Terre de Feu chiliennes de 2001-2006.<\/a><\/div>\n<div>&nbsp;&nbsp;<\/div>\n<div>&nbsp;<\/div>\n<div>&nbsp;<\/div>\n<div><img loading=\"lazy\" decoding=\"async\" class=\" size-full wp-image-1181\" src=\"http:\/\/abc-latina.com\/wp-content\/uploads\/2010\/06\/ligne1.gif\" alt=\"\" width=\"509\" height=\"14\" \/><\/div>\n<div>&nbsp;<\/div>\n<div><img loading=\"lazy\" decoding=\"async\" class=\" alignleft size-full wp-image-129\" src=\"http:\/\/abc-latina.com\/wp-content\/uploads\/2010\/06\/001.jpg\" style=\"margin: 5px 33px; float: left;\" alt=\"\" width=\"130\" height=\"130\" \/>Patagonia 2009<\/div>\n<div><a href=\"http:\/\/www.patagonia2009.com\/expe\/index.php?lang=fr\" target=\"_blank\">Deux mois d&rsquo;exp\u00e9dition pour deux kayaks en Patagonie chilienne.<\/a><\/div>\n<div>&nbsp;<\/div>\n<div>&nbsp;<\/div>\n<div>&nbsp;<\/div>\n<div>&nbsp;<\/div>\n<div><img loading=\"lazy\" decoding=\"async\" class=\" size-full wp-image-1181\" src=\"http:\/\/abc-latina.com\/wp-content\/uploads\/2010\/06\/ligne1.gif\" alt=\"\" width=\"509\" height=\"14\" \/><\/div>\n<div>&nbsp;<\/div>\n<div>&nbsp;<\/div>\n<div><span style=\"color: rgb(255, 153, 0); \"><span class=\"tsource\">NOTA: abc-latina n&rsquo;est aucunement responsable du contenu des sites externes.<\/span><\/span><\/div>\n<div>&nbsp;<\/div>\n<div>&nbsp;<a target=\"_blank\" href=\"http:\/\/voyage.abc-latina.com\/voyage_chili\/chili.php\"><span class=\"sejour-circuit\"><br \/><\/span><\/a><\/div>\n<h3>Pr\u00e9parez votre voyage au Chili:<\/h3>\n<div><a href=\"https:\/\/www.abc-latina.com\/chili\/agence_de_voyages\">Agences de voyage g\u00e9n\u00e9ralistes et discounteurs<\/a><\/div>\n<div><a href=\"https:\/\/www.abc-latina.com\/chili\/tour_operateur\">Tours Op\u00e9rateurs sp\u00e9cialistes du Chili<\/a><\/div>\n<div><a target=\"_blank\" href=\"https:\/\/www.abc-latina.com\/to\/reservation_billet_avion\">R\u00e9servez votre billet d&rsquo;avion<\/a><\/div>\n<div><a href=\"https:\/\/www.abc-latina.com\/chili\/hotels\">R\u00e9servez votre h\u00f4tel au Chili<\/a>&nbsp;<\/div>\n<div><a target=\"_blank\" href=\"https:\/\/www.abc-latina.com\/to\/location_de_voiture_chili\">Location de voiture<\/a><\/div>\n","protected":false},"excerpt":{"rendered":"<p>&nbsp; &nbsp; Le Tour du Monde de Fabrice passe par l&rsquo;Argentine et le Chili avec force d\u00e9tails et photos. &nbsp; [&hellip;]<\/p>\n","protected":false},"author":3,"featured_media":1181,"parent":2293,"menu_order":0,"comment_status":"closed","ping_status":"closed","template":"","meta":{"site-sidebar-layout":"default","site-content-layout":"","ast-site-content-layout":"default","site-content-style":"default","site-sidebar-style":"default","ast-global-header-display":"","ast-banner-title-visibility":"","ast-main-header-display":"","ast-hfb-above-header-display":"","ast-hfb-below-header-display":"","ast-hfb-mobile-header-display":"","site-post-title":"","ast-breadcrumbs-content":"","ast-featured-img":"","footer-sml-layout":"","ast-disable-related-posts":"","theme-transparent-header-meta":"","adv-header-id-meta":"","stick-header-meta":"","header-above-stick-meta":"","header-main-stick-meta":"","header-below-stick-meta":"","astra-migrate-meta-layouts":"default","ast-page-background-enabled":"default","ast-page-background-meta":{"desktop":{"background-color":"var(--ast-global-color-5)","background-image":"","background-repeat":"repeat","background-position":"center center","background-size":"auto","background-attachment":"scroll","background-type":"","background-media":"","overlay-type":"","overlay-color":"","overlay-opacity":"","overlay-gradient":""},"tablet":{"background-color":"","background-image":"","background-repeat":"repeat","background-position":"center center","background-size":"auto","background-attachment":"scroll","background-type":"","background-media":"","overlay-type":"","overlay-color":"","overlay-opacity":"","overlay-gradient":""},"mobile":{"background-color":"","background-image":"","background-repeat":"repeat","background-position":"center center","background-size":"auto","background-attachment":"scroll","background-type":"","background-media":"","overlay-type":"","overlay-color":"","overlay-opacity":"","overlay-gradient":""}},"ast-content-background-meta":{"desktop":{"background-color":"var(--ast-global-color-4)","background-image":"","background-repeat":"repeat","background-position":"center center","background-size":"auto","background-attachment":"scroll","background-type":"","background-media":"","overlay-type":"","overlay-color":"","overlay-opacity":"","overlay-gradient":""},"tablet":{"background-color":"var(--ast-global-color-4)","background-image":"","background-repeat":"repeat","background-position":"center center","background-size":"auto","background-attachment":"scroll","background-type":"","background-media":"","overlay-type":"","overlay-color":"","overlay-opacity":"","overlay-gradient":""},"mobile":{"background-color":"var(--ast-global-color-4)","background-image":"","background-repeat":"repeat","background-position":"center center","background-size":"auto","background-attachment":"scroll","background-type":"","background-media":"","overlay-type":"","overlay-color":"","overlay-opacity":"","overlay-gradient":""}},"footnotes":""},"class_list":["post-1183","page","type-page","status-publish","has-post-thumbnail","hentry"],"yoast_head":"<!-- This site is optimized with the Yoast SEO plugin v27.5 - https:\/\/yoast.com\/product\/yoast-seo-wordpress\/ -->\n<title>RECITS de VOYAGES au CHILI - Abc-latina<\/title>\n<meta name=\"description\" content=\"Carnets de routes et r\u00e9cits de voyage d&#039;internautes partis \u00e0 la d\u00e9couverte du Chili.\" \/>\n<meta name=\"robots\" content=\"index, follow, max-snippet:-1, max-image-preview:large, max-video-preview:-1\" \/>\n<link rel=\"canonical\" href=\"https:\/\/abc-latina.com\/chili\/recits\/\" \/>\n<meta property=\"og:locale\" content=\"fr_FR\" \/>\n<meta property=\"og:type\" content=\"article\" \/>\n<meta property=\"og:title\" content=\"RECITS de VOYAGES au CHILI - Abc-latina\" \/>\n<meta property=\"og:description\" content=\"Carnets de routes et r\u00e9cits de voyage d&#039;internautes partis \u00e0 la d\u00e9couverte du Chili.\" \/>\n<meta property=\"og:url\" content=\"https:\/\/abc-latina.com\/chili\/recits\/\" \/>\n<meta property=\"og:site_name\" content=\"Abc-latina\" \/>\n<meta property=\"article:modified_time\" content=\"2026-04-30T16:24:54+00:00\" \/>\n<meta property=\"og:image\" content=\"https:\/\/abc-latina.com\/wp-content\/uploads\/2010\/06\/ligne1.gif\" \/>\n\t<meta property=\"og:image:width\" content=\"509\" \/>\n\t<meta property=\"og:image:height\" content=\"14\" \/>\n\t<meta property=\"og:image:type\" content=\"image\/gif\" \/>\n<meta name=\"twitter:card\" content=\"summary_large_image\" \/>\n<meta name=\"twitter:label1\" content=\"Dur\u00e9e de lecture estim\u00e9e\" \/>\n\t<meta name=\"twitter:data1\" content=\"1 minute\" \/>\n<script type=\"application\/ld+json\" class=\"yoast-schema-graph\">{\"@context\":\"https:\\\/\\\/schema.org\",\"@graph\":[{\"@type\":\"WebPage\",\"@id\":\"https:\\\/\\\/abc-latina.com\\\/chili\\\/recits\\\/\",\"url\":\"https:\\\/\\\/abc-latina.com\\\/chili\\\/recits\\\/\",\"name\":\"RECITS de VOYAGES au CHILI - Abc-latina\",\"isPartOf\":{\"@id\":\"https:\\\/\\\/abc-latina.com\\\/#website\"},\"primaryImageOfPage\":{\"@id\":\"https:\\\/\\\/abc-latina.com\\\/chili\\\/recits\\\/#primaryimage\"},\"image\":{\"@id\":\"https:\\\/\\\/abc-latina.com\\\/chili\\\/recits\\\/#primaryimage\"},\"thumbnailUrl\":\"https:\\\/\\\/abc-latina.com\\\/wp-content\\\/uploads\\\/2010\\\/06\\\/ligne1.gif\",\"datePublished\":\"2010-06-14T17:39:42+00:00\",\"dateModified\":\"2026-04-30T16:24:54+00:00\",\"description\":\"Carnets de routes et r\u00e9cits de voyage d'internautes partis \u00e0 la d\u00e9couverte du Chili.\",\"breadcrumb\":{\"@id\":\"https:\\\/\\\/abc-latina.com\\\/chili\\\/recits\\\/#breadcrumb\"},\"inLanguage\":\"fr-FR\",\"potentialAction\":[{\"@type\":\"ReadAction\",\"target\":[\"https:\\\/\\\/abc-latina.com\\\/chili\\\/recits\\\/\"]}]},{\"@type\":\"ImageObject\",\"inLanguage\":\"fr-FR\",\"@id\":\"https:\\\/\\\/abc-latina.com\\\/chili\\\/recits\\\/#primaryimage\",\"url\":\"https:\\\/\\\/abc-latina.com\\\/wp-content\\\/uploads\\\/2010\\\/06\\\/ligne1.gif\",\"contentUrl\":\"https:\\\/\\\/abc-latina.com\\\/wp-content\\\/uploads\\\/2010\\\/06\\\/ligne1.gif\",\"width\":509,\"height\":14},{\"@type\":\"BreadcrumbList\",\"@id\":\"https:\\\/\\\/abc-latina.com\\\/chili\\\/recits\\\/#breadcrumb\",\"itemListElement\":[{\"@type\":\"ListItem\",\"position\":1,\"name\":\"Accueil\",\"item\":\"https:\\\/\\\/abc-latina.com\\\/\"},{\"@type\":\"ListItem\",\"position\":2,\"name\":\"RECITS de VOYAGES au CHILI\"}]},{\"@type\":\"WebSite\",\"@id\":\"https:\\\/\\\/abc-latina.com\\\/#website\",\"url\":\"https:\\\/\\\/abc-latina.com\\\/\",\"name\":\"Abc-latina\",\"description\":\"\",\"publisher\":{\"@id\":\"https:\\\/\\\/abc-latina.com\\\/#organization\"},\"potentialAction\":[{\"@type\":\"SearchAction\",\"target\":{\"@type\":\"EntryPoint\",\"urlTemplate\":\"https:\\\/\\\/abc-latina.com\\\/?s={search_term_string}\"},\"query-input\":{\"@type\":\"PropertyValueSpecification\",\"valueRequired\":true,\"valueName\":\"search_term_string\"}}],\"inLanguage\":\"fr-FR\"},{\"@type\":\"Organization\",\"@id\":\"https:\\\/\\\/abc-latina.com\\\/#organization\",\"name\":\"Abc-latina\",\"url\":\"https:\\\/\\\/abc-latina.com\\\/\",\"logo\":{\"@type\":\"ImageObject\",\"inLanguage\":\"fr-FR\",\"@id\":\"https:\\\/\\\/abc-latina.com\\\/#\\\/schema\\\/logo\\\/image\\\/\",\"url\":\"https:\\\/\\\/abc-latina.com\\\/wp-content\\\/uploads\\\/2026\\\/05\\\/cropped-logo.gif\",\"contentUrl\":\"https:\\\/\\\/abc-latina.com\\\/wp-content\\\/uploads\\\/2026\\\/05\\\/cropped-logo.gif\",\"width\":89,\"height\":84,\"caption\":\"Abc-latina\"},\"image\":{\"@id\":\"https:\\\/\\\/abc-latina.com\\\/#\\\/schema\\\/logo\\\/image\\\/\"}}]}<\/script>\n<!-- \/ Yoast SEO plugin. -->","yoast_head_json":{"title":"RECITS de VOYAGES au CHILI - Abc-latina","description":"Carnets de routes et r\u00e9cits de voyage d'internautes partis \u00e0 la d\u00e9couverte du Chili.","robots":{"index":"index","follow":"follow","max-snippet":"max-snippet:-1","max-image-preview":"max-image-preview:large","max-video-preview":"max-video-preview:-1"},"canonical":"https:\/\/abc-latina.com\/chili\/recits\/","og_locale":"fr_FR","og_type":"article","og_title":"RECITS de VOYAGES au CHILI - Abc-latina","og_description":"Carnets de routes et r\u00e9cits de voyage d'internautes partis \u00e0 la d\u00e9couverte du Chili.","og_url":"https:\/\/abc-latina.com\/chili\/recits\/","og_site_name":"Abc-latina","article_modified_time":"2026-04-30T16:24:54+00:00","og_image":[{"width":509,"height":14,"url":"https:\/\/abc-latina.com\/wp-content\/uploads\/2010\/06\/ligne1.gif","type":"image\/gif"}],"twitter_card":"summary_large_image","twitter_misc":{"Dur\u00e9e de lecture estim\u00e9e":"1 minute"},"schema":{"@context":"https:\/\/schema.org","@graph":[{"@type":"WebPage","@id":"https:\/\/abc-latina.com\/chili\/recits\/","url":"https:\/\/abc-latina.com\/chili\/recits\/","name":"RECITS de VOYAGES au CHILI - Abc-latina","isPartOf":{"@id":"https:\/\/abc-latina.com\/#website"},"primaryImageOfPage":{"@id":"https:\/\/abc-latina.com\/chili\/recits\/#primaryimage"},"image":{"@id":"https:\/\/abc-latina.com\/chili\/recits\/#primaryimage"},"thumbnailUrl":"https:\/\/abc-latina.com\/wp-content\/uploads\/2010\/06\/ligne1.gif","datePublished":"2010-06-14T17:39:42+00:00","dateModified":"2026-04-30T16:24:54+00:00","description":"Carnets de routes et r\u00e9cits de voyage d'internautes partis \u00e0 la d\u00e9couverte du Chili.","breadcrumb":{"@id":"https:\/\/abc-latina.com\/chili\/recits\/#breadcrumb"},"inLanguage":"fr-FR","potentialAction":[{"@type":"ReadAction","target":["https:\/\/abc-latina.com\/chili\/recits\/"]}]},{"@type":"ImageObject","inLanguage":"fr-FR","@id":"https:\/\/abc-latina.com\/chili\/recits\/#primaryimage","url":"https:\/\/abc-latina.com\/wp-content\/uploads\/2010\/06\/ligne1.gif","contentUrl":"https:\/\/abc-latina.com\/wp-content\/uploads\/2010\/06\/ligne1.gif","width":509,"height":14},{"@type":"BreadcrumbList","@id":"https:\/\/abc-latina.com\/chili\/recits\/#breadcrumb","itemListElement":[{"@type":"ListItem","position":1,"name":"Accueil","item":"https:\/\/abc-latina.com\/"},{"@type":"ListItem","position":2,"name":"RECITS de VOYAGES au CHILI"}]},{"@type":"WebSite","@id":"https:\/\/abc-latina.com\/#website","url":"https:\/\/abc-latina.com\/","name":"Abc-latina","description":"","publisher":{"@id":"https:\/\/abc-latina.com\/#organization"},"potentialAction":[{"@type":"SearchAction","target":{"@type":"EntryPoint","urlTemplate":"https:\/\/abc-latina.com\/?s={search_term_string}"},"query-input":{"@type":"PropertyValueSpecification","valueRequired":true,"valueName":"search_term_string"}}],"inLanguage":"fr-FR"},{"@type":"Organization","@id":"https:\/\/abc-latina.com\/#organization","name":"Abc-latina","url":"https:\/\/abc-latina.com\/","logo":{"@type":"ImageObject","inLanguage":"fr-FR","@id":"https:\/\/abc-latina.com\/#\/schema\/logo\/image\/","url":"https:\/\/abc-latina.com\/wp-content\/uploads\/2026\/05\/cropped-logo.gif","contentUrl":"https:\/\/abc-latina.com\/wp-content\/uploads\/2026\/05\/cropped-logo.gif","width":89,"height":84,"caption":"Abc-latina"},"image":{"@id":"https:\/\/abc-latina.com\/#\/schema\/logo\/image\/"}}]}},"_links":{"self":[{"href":"https:\/\/abc-latina.com\/wp-json\/wp\/v2\/pages\/1183","targetHints":{"allow":["GET"]}}],"collection":[{"href":"https:\/\/abc-latina.com\/wp-json\/wp\/v2\/pages"}],"about":[{"href":"https:\/\/abc-latina.com\/wp-json\/wp\/v2\/types\/page"}],"author":[{"embeddable":true,"href":"https:\/\/abc-latina.com\/wp-json\/wp\/v2\/users\/3"}],"replies":[{"embeddable":true,"href":"https:\/\/abc-latina.com\/wp-json\/wp\/v2\/comments?post=1183"}],"version-history":[{"count":1,"href":"https:\/\/abc-latina.com\/wp-json\/wp\/v2\/pages\/1183\/revisions"}],"predecessor-version":[{"id":3258,"href":"https:\/\/abc-latina.com\/wp-json\/wp\/v2\/pages\/1183\/revisions\/3258"}],"up":[{"embeddable":true,"href":"https:\/\/abc-latina.com\/wp-json\/wp\/v2\/pages\/2293"}],"wp:featuredmedia":[{"embeddable":true,"href":"https:\/\/abc-latina.com\/wp-json\/wp\/v2\/media\/1181"}],"wp:attachment":[{"href":"https:\/\/abc-latina.com\/wp-json\/wp\/v2\/media?parent=1183"}],"curies":[{"name":"wp","href":"https:\/\/api.w.org\/{rel}","templated":true}]}}