{"id":1185,"date":"2010-06-14T19:44:28","date_gmt":"2010-06-14T17:44:28","guid":{"rendered":"http:\/\/abc-latina.com\/economie-htm-4\/"},"modified":"2026-04-30T18:24:53","modified_gmt":"2026-04-30T16:24:53","slug":"economie","status":"publish","type":"page","link":"https:\/\/abc-latina.com\/chili\/economie\/","title":{"rendered":"ECONOMIE &#8211; CHILI"},"content":{"rendered":"<div>\n<div><img loading=\"lazy\" decoding=\"async\" class=\" alignright size-full wp-image-68\" src=\"http:\/\/abc-latina.com\/wp-content\/uploads\/2010\/06\/economie.jpg\" title=\"ECONOMIE CHILIENNE\" alt=\"\" width=\"220\" vspace=\"9\" hspace=\"15\" height=\"220\" align=\"right\" srcset=\"https:\/\/abc-latina.com\/wp-content\/uploads\/2010\/06\/economie.jpg 220w, https:\/\/abc-latina.com\/wp-content\/uploads\/2010\/06\/economie-150x150.jpg 150w\" sizes=\"auto, (max-width: 220px) 100vw, 220px\" \/>Le <span class=\"tourisme-chapitre\">Chili<\/span> poss\u00e8de une \u00e9conomie ayant comme principal support les mati\u00e8res premi\u00e8res, mais c&rsquo;est le cuivre qui est le poids lourd de son secteur primaire. Le pays est premier producteur et exportateur mondial de ce m\u00e9tal exploit\u00e9 par la Sonami, f\u00e9d\u00e9ration repr\u00e9sentant le secteur prive, ainsi que par CODELCO, la Corporation Nationale du Cuivre. Le Chili est \u00e9galement premier producteur d&rsquo;iode, de lithium, de rh\u00e9nium et fournit la totalit\u00e9 des nitrates naturels mondiaux. Mais c&rsquo;est \u00e9galement un gros producteur de molybd\u00e8ne et d&rsquo;argent, et il extrait aussi de l&rsquo;or. Par ailleurs ses ressources foresti\u00e8res sont immenses lui permettant une grosse production de bois et de cellulose. Il d\u00e9veloppe la culture du bl\u00e9, du mais, de l&rsquo;avoine, des fruits des l\u00e9gumes, et produit du vin. L&rsquo;\u00e9levage du b\u0153uf pour le lait et la viande, du porc, des volailles, ainsi que la p\u00eache sur son tr\u00e8s long littoral et l&rsquo;aquaculture du saumon compl\u00e8tent son activit\u00e9 agricole.&nbsp;<\/div>\n<div>&nbsp;<\/div>\n<div>Sur le plan \u00e9nerg\u00e9tique le Chili est tr\u00e8s fortement d\u00e9pendant de l&rsquo;ext\u00e9rieur. Malgr\u00e9 son hydro\u00e9lectricit\u00e9, il importe 75 % de ses besoins sous forme de p\u00e9trole, de gaz liqu\u00e9fi\u00e9 et de charbon. Grace \u00e0 ses atouts naturels importants le pays veut parvenir sous peu \u00e0 assurer 20 % de sa consommation \u00e9nerg\u00e9tique gr\u00e2ce aux \u00e9nergies renouvelables qui n&rsquo;en repr\u00e9sentent aujourd&rsquo;hui que 3 %.&nbsp;<\/div>\n<div>Repr\u00e9sentant 33,6 % du PIB l&rsquo;industrie chilienne est peu d\u00e9velopp\u00e9e et concentr\u00e9e sur la transformation des mati\u00e8res premi\u00e8res et l&rsquo;agroalimentaire. Les entreprises \u00e9trang\u00e8res sont nombreuses compte tenu de l&rsquo;ouverture du pays, mais celui-ci compte des groupes nationaux majeurs comme Arauco dans la production de la cellulose et l&rsquo;ENAP dans l&rsquo;approvisionnement de p\u00e9trole. Par ailleurs l&rsquo;agroalimentaire, l&rsquo;industrie des m\u00e9taux et la construction sont tr\u00e8s dynamiques. L&rsquo;ensemble ayant cependant fortement besoin de technologies \u00e9trang\u00e8res.<\/div>\n<div>&nbsp;<\/div>\n<div>Les communications, internet, et les secteurs utilisant le web qui poss\u00e8de un taux de p\u00e9n\u00e9tration de pr\u00e8s de 50 % connaissent un grand essor. Ils positionnent le Chili \u00e0 la premi\u00e8re place en Am\u00e9rique Latine dans ce domaine. Les assurances et les fonds de pension se sont greff\u00e9s et tr\u00e8s rapidement d\u00e9velopp\u00e9s avec une croissance souvent \u00e0 deux chiffres sur un r\u00e9seau bancaire solide et stable. Le secteur bancaire est essentiellement priv\u00e9 mais compte aussi la grande banque publique Banco del Estado. Les services de transport ont connu un tr\u00e8s fort d\u00e9veloppement vu la structure g\u00e9ographique du pays. L&rsquo;ensemble du secteur des services repr\u00e9sente 53,2 % du PIB en 2012.<\/div>\n<div>&nbsp;<\/div>\n<div>Historiquement tr\u00e8s ouvert \u00e0 l&rsquo;international, le Chili a sign\u00e9 de nombreux accords de libre \u00e9change avec 56 pays dont l&rsquo;un avec l&rsquo;Union Europ\u00e9enne en 2003. Ses principaux clients sont la Chine, les USA et le Japon.<\/div>\n<\/div>\n","protected":false},"excerpt":{"rendered":"<p>Le Chili poss\u00e8de une \u00e9conomie ayant comme principal support les mati\u00e8res premi\u00e8res, mais c&rsquo;est le cuivre qui est le poids [&hellip;]<\/p>\n","protected":false},"author":3,"featured_media":68,"parent":2293,"menu_order":0,"comment_status":"closed","ping_status":"closed","template":"","meta":{"site-sidebar-layout":"default","site-content-layout":"","ast-site-content-layout":"default","site-content-style":"default","site-sidebar-style":"default","ast-global-header-display":"","ast-banner-title-visibility":"","ast-main-header-display":"","ast-hfb-above-header-display":"","ast-hfb-below-header-display":"","ast-hfb-mobile-header-display":"","site-post-title":"","ast-breadcrumbs-content":"","ast-featured-img":"","footer-sml-layout":"","ast-disable-related-posts":"","theme-transparent-header-meta":"","adv-header-id-meta":"","stick-header-meta":"","header-above-stick-meta":"","header-main-stick-meta":"","header-below-stick-meta":"","astra-migrate-meta-layouts":"default","ast-page-background-enabled":"default","ast-page-background-meta":{"desktop":{"background-color":"var(--ast-global-color-5)","background-image":"","background-repeat":"repeat","background-position":"center center","background-size":"auto","background-attachment":"scroll","background-type":"","background-media":"","overlay-type":"","overlay-color":"","overlay-opacity":"","overlay-gradient":""},"tablet":{"background-color":"","background-image":"","background-repeat":"repeat","background-position":"center center","background-size":"auto","background-attachment":"scroll","background-type":"","background-media":"","overlay-type":"","overlay-color":"","overlay-opacity":"","overlay-gradient":""},"mobile":{"background-color":"","background-image":"","background-repeat":"repeat","background-position":"center center","background-size":"auto","background-attachment":"scroll","background-type":"","background-media":"","overlay-type":"","overlay-color":"","overlay-opacity":"","overlay-gradient":""}},"ast-content-background-meta":{"desktop":{"background-color":"var(--ast-global-color-4)","background-image":"","background-repeat":"repeat","background-position":"center center","background-size":"auto","background-attachment":"scroll","background-type":"","background-media":"","overlay-type":"","overlay-color":"","overlay-opacity":"","overlay-gradient":""},"tablet":{"background-color":"var(--ast-global-color-4)","background-image":"","background-repeat":"repeat","background-position":"center center","background-size":"auto","background-attachment":"scroll","background-type":"","background-media":"","overlay-type":"","overlay-color":"","overlay-opacity":"","overlay-gradient":""},"mobile":{"background-color":"var(--ast-global-color-4)","background-image":"","background-repeat":"repeat","background-position":"center center","background-size":"auto","background-attachment":"scroll","background-type":"","background-media":"","overlay-type":"","overlay-color":"","overlay-opacity":"","overlay-gradient":""}},"footnotes":""},"class_list":["post-1185","page","type-page","status-publish","has-post-thumbnail","hentry"],"yoast_head":"<!-- This site is optimized with the Yoast SEO plugin v27.5 - https:\/\/yoast.com\/product\/yoast-seo-wordpress\/ -->\n<title>ECONOMIE - CHILI - Abc-latina<\/title>\n<meta name=\"description\" content=\"L&#039;\u00e9conomie du Chili. Chiffres et infos sur l&#039;\u00e9conomie chilienne.\" \/>\n<meta name=\"robots\" content=\"index, follow, max-snippet:-1, max-image-preview:large, max-video-preview:-1\" \/>\n<link rel=\"canonical\" href=\"https:\/\/abc-latina.com\/chili\/economie\/\" \/>\n<meta property=\"og:locale\" content=\"fr_FR\" \/>\n<meta property=\"og:type\" content=\"article\" \/>\n<meta property=\"og:title\" content=\"ECONOMIE - CHILI - Abc-latina\" \/>\n<meta property=\"og:description\" content=\"L&#039;\u00e9conomie du Chili. Chiffres et infos sur l&#039;\u00e9conomie chilienne.\" \/>\n<meta property=\"og:url\" content=\"https:\/\/abc-latina.com\/chili\/economie\/\" \/>\n<meta property=\"og:site_name\" content=\"Abc-latina\" \/>\n<meta property=\"article:modified_time\" content=\"2026-04-30T16:24:53+00:00\" \/>\n<meta property=\"og:image\" content=\"https:\/\/abc-latina.com\/wp-content\/uploads\/2010\/06\/economie.jpg\" \/>\n\t<meta property=\"og:image:width\" content=\"220\" \/>\n\t<meta property=\"og:image:height\" content=\"220\" \/>\n\t<meta property=\"og:image:type\" content=\"image\/jpeg\" \/>\n<meta name=\"twitter:card\" content=\"summary_large_image\" \/>\n<meta name=\"twitter:label1\" content=\"Dur\u00e9e de lecture estim\u00e9e\" \/>\n\t<meta name=\"twitter:data1\" content=\"3 minutes\" \/>\n<script type=\"application\/ld+json\" class=\"yoast-schema-graph\">{\"@context\":\"https:\\\/\\\/schema.org\",\"@graph\":[{\"@type\":\"WebPage\",\"@id\":\"https:\\\/\\\/abc-latina.com\\\/chili\\\/economie\\\/\",\"url\":\"https:\\\/\\\/abc-latina.com\\\/chili\\\/economie\\\/\",\"name\":\"ECONOMIE - CHILI - Abc-latina\",\"isPartOf\":{\"@id\":\"https:\\\/\\\/abc-latina.com\\\/#website\"},\"primaryImageOfPage\":{\"@id\":\"https:\\\/\\\/abc-latina.com\\\/chili\\\/economie\\\/#primaryimage\"},\"image\":{\"@id\":\"https:\\\/\\\/abc-latina.com\\\/chili\\\/economie\\\/#primaryimage\"},\"thumbnailUrl\":\"https:\\\/\\\/abc-latina.com\\\/wp-content\\\/uploads\\\/2010\\\/06\\\/economie.jpg\",\"datePublished\":\"2010-06-14T17:44:28+00:00\",\"dateModified\":\"2026-04-30T16:24:53+00:00\",\"description\":\"L'\u00e9conomie du Chili. Chiffres et infos sur l'\u00e9conomie chilienne.\",\"breadcrumb\":{\"@id\":\"https:\\\/\\\/abc-latina.com\\\/chili\\\/economie\\\/#breadcrumb\"},\"inLanguage\":\"fr-FR\",\"potentialAction\":[{\"@type\":\"ReadAction\",\"target\":[\"https:\\\/\\\/abc-latina.com\\\/chili\\\/economie\\\/\"]}]},{\"@type\":\"ImageObject\",\"inLanguage\":\"fr-FR\",\"@id\":\"https:\\\/\\\/abc-latina.com\\\/chili\\\/economie\\\/#primaryimage\",\"url\":\"https:\\\/\\\/abc-latina.com\\\/wp-content\\\/uploads\\\/2010\\\/06\\\/economie.jpg\",\"contentUrl\":\"https:\\\/\\\/abc-latina.com\\\/wp-content\\\/uploads\\\/2010\\\/06\\\/economie.jpg\",\"width\":220,\"height\":220,\"caption\":\"L'ECONOMIE ARGENTINE\"},{\"@type\":\"BreadcrumbList\",\"@id\":\"https:\\\/\\\/abc-latina.com\\\/chili\\\/economie\\\/#breadcrumb\",\"itemListElement\":[{\"@type\":\"ListItem\",\"position\":1,\"name\":\"Accueil\",\"item\":\"https:\\\/\\\/abc-latina.com\\\/\"},{\"@type\":\"ListItem\",\"position\":2,\"name\":\"ECONOMIE &#8211; CHILI\"}]},{\"@type\":\"WebSite\",\"@id\":\"https:\\\/\\\/abc-latina.com\\\/#website\",\"url\":\"https:\\\/\\\/abc-latina.com\\\/\",\"name\":\"Abc-latina\",\"description\":\"\",\"publisher\":{\"@id\":\"https:\\\/\\\/abc-latina.com\\\/#organization\"},\"potentialAction\":[{\"@type\":\"SearchAction\",\"target\":{\"@type\":\"EntryPoint\",\"urlTemplate\":\"https:\\\/\\\/abc-latina.com\\\/?s={search_term_string}\"},\"query-input\":{\"@type\":\"PropertyValueSpecification\",\"valueRequired\":true,\"valueName\":\"search_term_string\"}}],\"inLanguage\":\"fr-FR\"},{\"@type\":\"Organization\",\"@id\":\"https:\\\/\\\/abc-latina.com\\\/#organization\",\"name\":\"Abc-latina\",\"url\":\"https:\\\/\\\/abc-latina.com\\\/\",\"logo\":{\"@type\":\"ImageObject\",\"inLanguage\":\"fr-FR\",\"@id\":\"https:\\\/\\\/abc-latina.com\\\/#\\\/schema\\\/logo\\\/image\\\/\",\"url\":\"https:\\\/\\\/abc-latina.com\\\/wp-content\\\/uploads\\\/2026\\\/05\\\/cropped-logo.gif\",\"contentUrl\":\"https:\\\/\\\/abc-latina.com\\\/wp-content\\\/uploads\\\/2026\\\/05\\\/cropped-logo.gif\",\"width\":89,\"height\":84,\"caption\":\"Abc-latina\"},\"image\":{\"@id\":\"https:\\\/\\\/abc-latina.com\\\/#\\\/schema\\\/logo\\\/image\\\/\"}}]}<\/script>\n<!-- \/ Yoast SEO plugin. -->","yoast_head_json":{"title":"ECONOMIE - CHILI - Abc-latina","description":"L'\u00e9conomie du Chili. Chiffres et infos sur l'\u00e9conomie chilienne.","robots":{"index":"index","follow":"follow","max-snippet":"max-snippet:-1","max-image-preview":"max-image-preview:large","max-video-preview":"max-video-preview:-1"},"canonical":"https:\/\/abc-latina.com\/chili\/economie\/","og_locale":"fr_FR","og_type":"article","og_title":"ECONOMIE - CHILI - Abc-latina","og_description":"L'\u00e9conomie du Chili. Chiffres et infos sur l'\u00e9conomie chilienne.","og_url":"https:\/\/abc-latina.com\/chili\/economie\/","og_site_name":"Abc-latina","article_modified_time":"2026-04-30T16:24:53+00:00","og_image":[{"width":220,"height":220,"url":"https:\/\/abc-latina.com\/wp-content\/uploads\/2010\/06\/economie.jpg","type":"image\/jpeg"}],"twitter_card":"summary_large_image","twitter_misc":{"Dur\u00e9e de lecture estim\u00e9e":"3 minutes"},"schema":{"@context":"https:\/\/schema.org","@graph":[{"@type":"WebPage","@id":"https:\/\/abc-latina.com\/chili\/economie\/","url":"https:\/\/abc-latina.com\/chili\/economie\/","name":"ECONOMIE - CHILI - Abc-latina","isPartOf":{"@id":"https:\/\/abc-latina.com\/#website"},"primaryImageOfPage":{"@id":"https:\/\/abc-latina.com\/chili\/economie\/#primaryimage"},"image":{"@id":"https:\/\/abc-latina.com\/chili\/economie\/#primaryimage"},"thumbnailUrl":"https:\/\/abc-latina.com\/wp-content\/uploads\/2010\/06\/economie.jpg","datePublished":"2010-06-14T17:44:28+00:00","dateModified":"2026-04-30T16:24:53+00:00","description":"L'\u00e9conomie du Chili. Chiffres et infos sur l'\u00e9conomie chilienne.","breadcrumb":{"@id":"https:\/\/abc-latina.com\/chili\/economie\/#breadcrumb"},"inLanguage":"fr-FR","potentialAction":[{"@type":"ReadAction","target":["https:\/\/abc-latina.com\/chili\/economie\/"]}]},{"@type":"ImageObject","inLanguage":"fr-FR","@id":"https:\/\/abc-latina.com\/chili\/economie\/#primaryimage","url":"https:\/\/abc-latina.com\/wp-content\/uploads\/2010\/06\/economie.jpg","contentUrl":"https:\/\/abc-latina.com\/wp-content\/uploads\/2010\/06\/economie.jpg","width":220,"height":220,"caption":"L'ECONOMIE ARGENTINE"},{"@type":"BreadcrumbList","@id":"https:\/\/abc-latina.com\/chili\/economie\/#breadcrumb","itemListElement":[{"@type":"ListItem","position":1,"name":"Accueil","item":"https:\/\/abc-latina.com\/"},{"@type":"ListItem","position":2,"name":"ECONOMIE &#8211; CHILI"}]},{"@type":"WebSite","@id":"https:\/\/abc-latina.com\/#website","url":"https:\/\/abc-latina.com\/","name":"Abc-latina","description":"","publisher":{"@id":"https:\/\/abc-latina.com\/#organization"},"potentialAction":[{"@type":"SearchAction","target":{"@type":"EntryPoint","urlTemplate":"https:\/\/abc-latina.com\/?s={search_term_string}"},"query-input":{"@type":"PropertyValueSpecification","valueRequired":true,"valueName":"search_term_string"}}],"inLanguage":"fr-FR"},{"@type":"Organization","@id":"https:\/\/abc-latina.com\/#organization","name":"Abc-latina","url":"https:\/\/abc-latina.com\/","logo":{"@type":"ImageObject","inLanguage":"fr-FR","@id":"https:\/\/abc-latina.com\/#\/schema\/logo\/image\/","url":"https:\/\/abc-latina.com\/wp-content\/uploads\/2026\/05\/cropped-logo.gif","contentUrl":"https:\/\/abc-latina.com\/wp-content\/uploads\/2026\/05\/cropped-logo.gif","width":89,"height":84,"caption":"Abc-latina"},"image":{"@id":"https:\/\/abc-latina.com\/#\/schema\/logo\/image\/"}}]}},"_links":{"self":[{"href":"https:\/\/abc-latina.com\/wp-json\/wp\/v2\/pages\/1185","targetHints":{"allow":["GET"]}}],"collection":[{"href":"https:\/\/abc-latina.com\/wp-json\/wp\/v2\/pages"}],"about":[{"href":"https:\/\/abc-latina.com\/wp-json\/wp\/v2\/types\/page"}],"author":[{"embeddable":true,"href":"https:\/\/abc-latina.com\/wp-json\/wp\/v2\/users\/3"}],"replies":[{"embeddable":true,"href":"https:\/\/abc-latina.com\/wp-json\/wp\/v2\/comments?post=1185"}],"version-history":[{"count":1,"href":"https:\/\/abc-latina.com\/wp-json\/wp\/v2\/pages\/1185\/revisions"}],"predecessor-version":[{"id":3237,"href":"https:\/\/abc-latina.com\/wp-json\/wp\/v2\/pages\/1185\/revisions\/3237"}],"up":[{"embeddable":true,"href":"https:\/\/abc-latina.com\/wp-json\/wp\/v2\/pages\/2293"}],"wp:featuredmedia":[{"embeddable":true,"href":"https:\/\/abc-latina.com\/wp-json\/wp\/v2\/media\/68"}],"wp:attachment":[{"href":"https:\/\/abc-latina.com\/wp-json\/wp\/v2\/media?parent=1185"}],"curies":[{"name":"wp","href":"https:\/\/api.w.org\/{rel}","templated":true}]}}