{"id":1193,"date":"2010-06-14T19:55:31","date_gmt":"2010-06-14T17:55:31","guid":{"rendered":"http:\/\/abc-latina.com\/presse-htm-4\/"},"modified":"2026-04-30T18:24:54","modified_gmt":"2026-04-30T16:24:54","slug":"presse","status":"publish","type":"page","link":"https:\/\/abc-latina.com\/chili\/presse\/","title":{"rendered":"La PRESSE au CHILI"},"content":{"rendered":"<p style=\"text-align: center\">&nbsp;<\/p>\n<p style=\"text-align: center\"><span class=\"Apple-style-span\" style=\"-webkit-border-horizontal-spacing: 1px; -webkit-border-vertical-spacing: 1px\"><font size=\"2\" face=\"Arial\" color=\"#666666\">Journaux &#8211; quotidiens &#8211; magazines &#8211; on line<\/font><\/span><\/p>\n<p style=\"-webkit-border-horizontal-spacing: 1px; -webkit-border-vertical-spacing: 1px\"><b><font size=\"3\" face=\"Arial\" color=\"#ff8000\">Les TITRES<\/font><\/b><\/p>\n<table style=\"-webkit-border-horizontal-spacing: 1px; -webkit-border-vertical-spacing: 1px\" width=\"420\" height=\"350\" cellspacing=\"1\" border=\"0\" bgcolor=\"#666666\" align=\"center\">\n<tbody>\n<tr>\n<td height=\"50\" bgcolor=\"#ffffff\">\n<table width=\"415\" height=\"23\" cellspacing=\"1\" bgcolor=\"#ffffff\">\n<tbody>\n<tr bgcolor=\"#ffffff\">\n<td width=\"155\" valign=\"middle\" height=\"15\" align=\"center\"><img loading=\"lazy\" decoding=\"async\" class=\" size-full wp-image-1188\" src=\"http:\/\/abc-latina.com\/wp-content\/uploads\/2010\/06\/el_monstrador.gif\" alt=\"\" width=\"150\" height=\"35\" \/><\/td>\n<td width=\"135\" valign=\"middle\" height=\"50\" align=\"center\"><font size=\"2\" face=\"Arial, Helvetica, sans-serif\"><a target=\"_blank\" style=\"text-decoration: none\" href=\"http:\/\/www.elmostrador.cl\/\"><font color=\"#666666\">EL MOSTRADOR<\/font><\/a><\/font><\/td>\n<td width=\"104\" valign=\"middle\" height=\"15\" align=\"center\">\n<p>&nbsp;<\/p>\n<\/td>\n<\/tr>\n<\/tbody>\n<\/table>\n<\/td>\n<\/tr>\n<tr>\n<td height=\"50\" bgcolor=\"#ffffff\">\n<table width=\"415\" height=\"35\" cellspacing=\"1\" bgcolor=\"#ffffff\">\n<tbody>\n<tr bgcolor=\"#ffffff\">\n<td width=\"155\" valign=\"middle\" height=\"29\" align=\"center\"><img loading=\"lazy\" decoding=\"async\" class=\" size-full wp-image-1189\" src=\"http:\/\/abc-latina.com\/wp-content\/uploads\/2010\/06\/el_rastro.gif\" alt=\"\" width=\"108\" height=\"22\" \/><\/td>\n<td width=\"135\" valign=\"middle\" height=\"50\" align=\"center\"><font size=\"2\" face=\"Arial, Helvetica, sans-serif\"><a target=\"_blank\" style=\"text-decoration: none\" href=\"http:\/\/www.elrastro.cl\/\"><font color=\"#666666\">EL RASTRO<\/font><\/a><\/font><\/td>\n<td width=\"104\" valign=\"middle\" height=\"29\" align=\"center\"><font size=\"1\" face=\"Arial, Helvetica, sans-serif\" color=\"#ff8000\">Santiago<\/font><\/td>\n<\/tr>\n<\/tbody>\n<\/table>\n<\/td>\n<\/tr>\n<tr>\n<td height=\"50\" bgcolor=\"#ffffff\">\n<table width=\"415\" height=\"26\" cellspacing=\"1\" bgcolor=\"#ffffff\">\n<tbody>\n<tr bgcolor=\"#ffffff\">\n<td width=\"155\" valign=\"middle\" height=\"32\" align=\"center\"><b><font size=\"3\" face=\"Arial\"><img loading=\"lazy\" decoding=\"async\" class=\" size-full wp-image-1190\" src=\"http:\/\/abc-latina.com\/wp-content\/uploads\/2010\/06\/la_cuarta.gif\" alt=\"\" width=\"150\" height=\"34\" \/><\/font><\/b><\/td>\n<td width=\"135\" valign=\"middle\" height=\"50\" align=\"center\"><font size=\"2\" face=\"Arial, Helvetica, sans-serif\"><a target=\"_blank\" style=\"text-decoration: none\" href=\"http:\/\/www.lacuarta.cl\/\"><font color=\"#666666\">LA CUARTA<\/font><\/a><\/font><\/td>\n<td width=\"104\" valign=\"middle\" height=\"32\" align=\"center\">&nbsp;<\/td>\n<\/tr>\n<\/tbody>\n<\/table>\n<\/td>\n<\/tr>\n<tr>\n<td height=\"50\" bgcolor=\"#ffffff\">\n<table width=\"415\" height=\"23\" cellspacing=\"1\" bgcolor=\"#ffffff\">\n<tbody>\n<tr bgcolor=\"#ffffff\">\n<td width=\"155\" valign=\"middle\" height=\"34\" align=\"center\"><img loading=\"lazy\" decoding=\"async\" class=\" size-full wp-image-1191\" src=\"http:\/\/abc-latina.com\/wp-content\/uploads\/2010\/06\/la_hora.gif\" alt=\"\" width=\"87\" height=\"50\" \/><\/td>\n<td width=\"135\" valign=\"middle\" height=\"50\" align=\"center\"><font size=\"2\" face=\"Arial, Helvetica, sans-serif\"><a target=\"_blank\" style=\"text-decoration: none\" href=\"http:\/\/www.lahora.cl\/\"><font color=\"#666666\">LA HORA<\/font><\/a><\/font><\/td>\n<td width=\"104\" valign=\"middle\" height=\"34\" align=\"center\">\n<p><font size=\"1\" face=\"Arial, Helvetica, sans-serif\" color=\"#ff8000\">Santiago<\/font><\/p>\n<\/td>\n<\/tr>\n<\/tbody>\n<\/table>\n<\/td>\n<\/tr>\n<tr>\n<td height=\"50\" bgcolor=\"#ffffff\">\n<table width=\"415\" height=\"23\" cellspacing=\"1\" bgcolor=\"#ffffff\">\n<tbody>\n<tr bgcolor=\"#ffffff\">\n<td width=\"155\" valign=\"middle\" height=\"34\" align=\"center\"><img loading=\"lazy\" decoding=\"async\" class=\" size-full wp-image-1192\" src=\"http:\/\/abc-latina.com\/wp-content\/uploads\/2010\/06\/la_tercera.gif\" alt=\"\" width=\"150\" height=\"26\" \/><\/td>\n<td width=\"135\" valign=\"middle\" height=\"50\" align=\"center\"><a target=\"_blank\" style=\"text-decoration: none\" href=\"http:\/\/www.tercera.cl.\/lt\/FrontDoor\/0,4427,3255_5658,00l\"><font size=\"2\" face=\"Arial, Helvetica, sans-serif\" color=\"#666666\">LA TERCERA<\/font><\/a><\/td>\n<td width=\"104\" valign=\"middle\" height=\"34\" align=\"center\">\n<p><font size=\"1\" face=\"Arial, Helvetica, sans-serif\" color=\"#666666\">Quotidien<br \/>Tendance: droite<br \/>200 000 exemp.<\/font><\/p>\n<\/td>\n<\/tr>\n<\/tbody>\n<\/table>\n<\/td>\n<\/tr>\n<tr>\n<td height=\"50\" bgcolor=\"#ffffff\">\n<table width=\"415\" height=\"23\" cellspacing=\"1\" bgcolor=\"#ffffff\">\n<tbody>\n<tr bgcolor=\"#ffffff\">\n<td width=\"155\" valign=\"middle\" height=\"34\" align=\"center\">&nbsp;<\/td>\n<td width=\"135\" valign=\"middle\" height=\"50\" align=\"center\"><font size=\"2\" face=\"Arial, Helvetica, sans-serif\"><a target=\"_blank\" style=\"text-decoration: none\" href=\"http:\/\/www.emol.com\/\"><font color=\"#666666\">EL MERCURIO<\/font><\/a><\/font><\/td>\n<td width=\"104\" valign=\"middle\" height=\"34\" align=\"center\">\n<p><font size=\"1\" face=\"Arial, Helvetica, sans-serif\" color=\"#666666\">Quotidien&nbsp;<br \/>120 000 0 280 000 exemp.<br \/>Fut l&rsquo;un des principaux soutient du r\u00e9gime sous la dictature du g\u00e9n\u00e9ral Pinochet.<\/font><\/p>\n<\/td>\n<\/tr>\n<\/tbody>\n<\/table>\n<\/td>\n<\/tr>\n<tr>\n<td height=\"50\" bgcolor=\"#ffffff\">\n<table width=\"415\" height=\"29\" cellspacing=\"1\" bgcolor=\"#ffffff\">\n<tbody>\n<tr bgcolor=\"#ffffff\">\n<td width=\"155\" valign=\"middle\" height=\"14\" align=\"center\">&nbsp;<\/td>\n<td width=\"135\" valign=\"middle\" height=\"50\" align=\"center\"><font size=\"2\" face=\"Arial, Helvetica, sans-serif\"><a target=\"_blank\" style=\"text-decoration: none\" href=\"http:\/\/www.diariooficial.cl\/\"><font color=\"#666666\">DIARO OFICIAL<\/font><\/a><\/font><\/td>\n<td width=\"104\" valign=\"middle\" height=\"14\" align=\"center\"><font color=\"#666666\"><font size=\"1\"><font size=\"1\"><font size=\"1\" face=\"Arial, Helvetica, sans-serif\" color=\"#666666\">El \u00f3rgano oficial del Estado encargado de la publicaci\u00f3n de las normas jur\u00eddicas que rigen en el pa\u00eds<\/font><\/font><\/font><\/font><\/td>\n<\/tr>\n<\/tbody>\n<\/table>\n<\/td>\n<\/tr>\n<tr>\n<td height=\"50\" bgcolor=\"#ffffff\"><br class=\"Apple-interchange-newline\" \/><\/p>\n<table width=\"415\" height=\"30\" cellspacing=\"1\" bgcolor=\"#ffffff\">\n<tbody>\n<tr bgcolor=\"#ffffff\">\n<td width=\"155\" valign=\"middle\" height=\"2\" align=\"center\">&nbsp;<\/td>\n<td width=\"135\" valign=\"middle\" height=\"50\" align=\"center\"><font size=\"2\" face=\"Arial, Helvetica, sans-serif\"><a target=\"_blank\" style=\"font-style: italic; text-decoration: none\" href=\"http:\/\/www.chilenoticias.cl\/\"><font color=\"#666666\">CHILE NOTICIAS<\/font><\/a><\/font><\/td>\n<\/tr>\n<\/tbody>\n<\/table>\n<\/td>\n<\/tr>\n<\/tbody>\n<\/table>\n<p>&nbsp;<\/p>\n<p>Les quotidiens EL MERCURIO, LA TERCERA, LA NACION, LA SEGUNDA, et LA HORA, gr\u00e2ce \u00e0 l&rsquo;importance de leur rubrique \u00e9trang\u00e8re et \u00e0 la qualit\u00e9 de leur section litt\u00e9raire, concurrencent les meilleurs journeaux du monde. EL MERCURIO publie un suppl\u00e9ment week-end tr\u00e8s appr\u00e9ci\u00e9 pour ses reportages et ses informations culturelles.<\/p>\n","protected":false},"excerpt":{"rendered":"<p>&nbsp; Journaux &#8211; quotidiens &#8211; magazines &#8211; on line Les TITRES EL MOSTRADOR &nbsp; EL RASTRO Santiago LA CUARTA &nbsp; [&hellip;]<\/p>\n","protected":false},"author":3,"featured_media":1188,"parent":2293,"menu_order":0,"comment_status":"closed","ping_status":"closed","template":"","meta":{"site-sidebar-layout":"default","site-content-layout":"","ast-site-content-layout":"default","site-content-style":"default","site-sidebar-style":"default","ast-global-header-display":"","ast-banner-title-visibility":"","ast-main-header-display":"","ast-hfb-above-header-display":"","ast-hfb-below-header-display":"","ast-hfb-mobile-header-display":"","site-post-title":"","ast-breadcrumbs-content":"","ast-featured-img":"","footer-sml-layout":"","ast-disable-related-posts":"","theme-transparent-header-meta":"","adv-header-id-meta":"","stick-header-meta":"","header-above-stick-meta":"","header-main-stick-meta":"","header-below-stick-meta":"","astra-migrate-meta-layouts":"default","ast-page-background-enabled":"default","ast-page-background-meta":{"desktop":{"background-color":"var(--ast-global-color-5)","background-image":"","background-repeat":"repeat","background-position":"center center","background-size":"auto","background-attachment":"scroll","background-type":"","background-media":"","overlay-type":"","overlay-color":"","overlay-opacity":"","overlay-gradient":""},"tablet":{"background-color":"","background-image":"","background-repeat":"repeat","background-position":"center center","background-size":"auto","background-attachment":"scroll","background-type":"","background-media":"","overlay-type":"","overlay-color":"","overlay-opacity":"","overlay-gradient":""},"mobile":{"background-color":"","background-image":"","background-repeat":"repeat","background-position":"center center","background-size":"auto","background-attachment":"scroll","background-type":"","background-media":"","overlay-type":"","overlay-color":"","overlay-opacity":"","overlay-gradient":""}},"ast-content-background-meta":{"desktop":{"background-color":"var(--ast-global-color-4)","background-image":"","background-repeat":"repeat","background-position":"center center","background-size":"auto","background-attachment":"scroll","background-type":"","background-media":"","overlay-type":"","overlay-color":"","overlay-opacity":"","overlay-gradient":""},"tablet":{"background-color":"var(--ast-global-color-4)","background-image":"","background-repeat":"repeat","background-position":"center center","background-size":"auto","background-attachment":"scroll","background-type":"","background-media":"","overlay-type":"","overlay-color":"","overlay-opacity":"","overlay-gradient":""},"mobile":{"background-color":"var(--ast-global-color-4)","background-image":"","background-repeat":"repeat","background-position":"center center","background-size":"auto","background-attachment":"scroll","background-type":"","background-media":"","overlay-type":"","overlay-color":"","overlay-opacity":"","overlay-gradient":""}},"footnotes":""},"class_list":["post-1193","page","type-page","status-publish","has-post-thumbnail","hentry"],"yoast_head":"<!-- This site is optimized with the Yoast SEO plugin v27.5 - https:\/\/yoast.com\/product\/yoast-seo-wordpress\/ -->\n<title>La PRESSE au CHILI - Abc-latina<\/title>\n<meta name=\"description\" content=\"Toute la presse chilienne, magazine et quotidiens.\" \/>\n<meta name=\"robots\" content=\"index, follow, max-snippet:-1, max-image-preview:large, max-video-preview:-1\" \/>\n<link rel=\"canonical\" href=\"https:\/\/abc-latina.com\/chili\/presse\/\" \/>\n<meta property=\"og:locale\" content=\"fr_FR\" \/>\n<meta property=\"og:type\" content=\"article\" \/>\n<meta property=\"og:title\" content=\"La PRESSE au CHILI - Abc-latina\" \/>\n<meta property=\"og:description\" content=\"Toute la presse chilienne, magazine et quotidiens.\" \/>\n<meta property=\"og:url\" content=\"https:\/\/abc-latina.com\/chili\/presse\/\" \/>\n<meta property=\"og:site_name\" content=\"Abc-latina\" \/>\n<meta property=\"article:modified_time\" content=\"2026-04-30T16:24:54+00:00\" \/>\n<meta property=\"og:image\" content=\"https:\/\/abc-latina.com\/wp-content\/uploads\/2010\/06\/el_monstrador.gif\" \/>\n\t<meta property=\"og:image:width\" content=\"150\" \/>\n\t<meta property=\"og:image:height\" content=\"35\" \/>\n\t<meta property=\"og:image:type\" content=\"image\/gif\" \/>\n<meta name=\"twitter:card\" content=\"summary_large_image\" \/>\n<meta name=\"twitter:label1\" content=\"Dur\u00e9e de lecture estim\u00e9e\" \/>\n\t<meta name=\"twitter:data1\" content=\"1 minute\" \/>\n<script type=\"application\/ld+json\" class=\"yoast-schema-graph\">{\"@context\":\"https:\\\/\\\/schema.org\",\"@graph\":[{\"@type\":\"WebPage\",\"@id\":\"https:\\\/\\\/abc-latina.com\\\/chili\\\/presse\\\/\",\"url\":\"https:\\\/\\\/abc-latina.com\\\/chili\\\/presse\\\/\",\"name\":\"La PRESSE au CHILI - Abc-latina\",\"isPartOf\":{\"@id\":\"https:\\\/\\\/abc-latina.com\\\/#website\"},\"primaryImageOfPage\":{\"@id\":\"https:\\\/\\\/abc-latina.com\\\/chili\\\/presse\\\/#primaryimage\"},\"image\":{\"@id\":\"https:\\\/\\\/abc-latina.com\\\/chili\\\/presse\\\/#primaryimage\"},\"thumbnailUrl\":\"https:\\\/\\\/abc-latina.com\\\/wp-content\\\/uploads\\\/2010\\\/06\\\/el_monstrador.gif\",\"datePublished\":\"2010-06-14T17:55:31+00:00\",\"dateModified\":\"2026-04-30T16:24:54+00:00\",\"description\":\"Toute la presse chilienne, magazine et quotidiens.\",\"breadcrumb\":{\"@id\":\"https:\\\/\\\/abc-latina.com\\\/chili\\\/presse\\\/#breadcrumb\"},\"inLanguage\":\"fr-FR\",\"potentialAction\":[{\"@type\":\"ReadAction\",\"target\":[\"https:\\\/\\\/abc-latina.com\\\/chili\\\/presse\\\/\"]}]},{\"@type\":\"ImageObject\",\"inLanguage\":\"fr-FR\",\"@id\":\"https:\\\/\\\/abc-latina.com\\\/chili\\\/presse\\\/#primaryimage\",\"url\":\"https:\\\/\\\/abc-latina.com\\\/wp-content\\\/uploads\\\/2010\\\/06\\\/el_monstrador.gif\",\"contentUrl\":\"https:\\\/\\\/abc-latina.com\\\/wp-content\\\/uploads\\\/2010\\\/06\\\/el_monstrador.gif\",\"width\":150,\"height\":35},{\"@type\":\"BreadcrumbList\",\"@id\":\"https:\\\/\\\/abc-latina.com\\\/chili\\\/presse\\\/#breadcrumb\",\"itemListElement\":[{\"@type\":\"ListItem\",\"position\":1,\"name\":\"Accueil\",\"item\":\"https:\\\/\\\/abc-latina.com\\\/\"},{\"@type\":\"ListItem\",\"position\":2,\"name\":\"La PRESSE au CHILI\"}]},{\"@type\":\"WebSite\",\"@id\":\"https:\\\/\\\/abc-latina.com\\\/#website\",\"url\":\"https:\\\/\\\/abc-latina.com\\\/\",\"name\":\"Abc-latina\",\"description\":\"\",\"publisher\":{\"@id\":\"https:\\\/\\\/abc-latina.com\\\/#organization\"},\"potentialAction\":[{\"@type\":\"SearchAction\",\"target\":{\"@type\":\"EntryPoint\",\"urlTemplate\":\"https:\\\/\\\/abc-latina.com\\\/?s={search_term_string}\"},\"query-input\":{\"@type\":\"PropertyValueSpecification\",\"valueRequired\":true,\"valueName\":\"search_term_string\"}}],\"inLanguage\":\"fr-FR\"},{\"@type\":\"Organization\",\"@id\":\"https:\\\/\\\/abc-latina.com\\\/#organization\",\"name\":\"Abc-latina\",\"url\":\"https:\\\/\\\/abc-latina.com\\\/\",\"logo\":{\"@type\":\"ImageObject\",\"inLanguage\":\"fr-FR\",\"@id\":\"https:\\\/\\\/abc-latina.com\\\/#\\\/schema\\\/logo\\\/image\\\/\",\"url\":\"https:\\\/\\\/abc-latina.com\\\/wp-content\\\/uploads\\\/2026\\\/05\\\/cropped-logo.gif\",\"contentUrl\":\"https:\\\/\\\/abc-latina.com\\\/wp-content\\\/uploads\\\/2026\\\/05\\\/cropped-logo.gif\",\"width\":89,\"height\":84,\"caption\":\"Abc-latina\"},\"image\":{\"@id\":\"https:\\\/\\\/abc-latina.com\\\/#\\\/schema\\\/logo\\\/image\\\/\"}}]}<\/script>\n<!-- \/ Yoast SEO plugin. -->","yoast_head_json":{"title":"La PRESSE au CHILI - Abc-latina","description":"Toute la presse chilienne, magazine et quotidiens.","robots":{"index":"index","follow":"follow","max-snippet":"max-snippet:-1","max-image-preview":"max-image-preview:large","max-video-preview":"max-video-preview:-1"},"canonical":"https:\/\/abc-latina.com\/chili\/presse\/","og_locale":"fr_FR","og_type":"article","og_title":"La PRESSE au CHILI - Abc-latina","og_description":"Toute la presse chilienne, magazine et quotidiens.","og_url":"https:\/\/abc-latina.com\/chili\/presse\/","og_site_name":"Abc-latina","article_modified_time":"2026-04-30T16:24:54+00:00","og_image":[{"width":150,"height":35,"url":"https:\/\/abc-latina.com\/wp-content\/uploads\/2010\/06\/el_monstrador.gif","type":"image\/gif"}],"twitter_card":"summary_large_image","twitter_misc":{"Dur\u00e9e de lecture estim\u00e9e":"1 minute"},"schema":{"@context":"https:\/\/schema.org","@graph":[{"@type":"WebPage","@id":"https:\/\/abc-latina.com\/chili\/presse\/","url":"https:\/\/abc-latina.com\/chili\/presse\/","name":"La PRESSE au CHILI - Abc-latina","isPartOf":{"@id":"https:\/\/abc-latina.com\/#website"},"primaryImageOfPage":{"@id":"https:\/\/abc-latina.com\/chili\/presse\/#primaryimage"},"image":{"@id":"https:\/\/abc-latina.com\/chili\/presse\/#primaryimage"},"thumbnailUrl":"https:\/\/abc-latina.com\/wp-content\/uploads\/2010\/06\/el_monstrador.gif","datePublished":"2010-06-14T17:55:31+00:00","dateModified":"2026-04-30T16:24:54+00:00","description":"Toute la presse chilienne, magazine et quotidiens.","breadcrumb":{"@id":"https:\/\/abc-latina.com\/chili\/presse\/#breadcrumb"},"inLanguage":"fr-FR","potentialAction":[{"@type":"ReadAction","target":["https:\/\/abc-latina.com\/chili\/presse\/"]}]},{"@type":"ImageObject","inLanguage":"fr-FR","@id":"https:\/\/abc-latina.com\/chili\/presse\/#primaryimage","url":"https:\/\/abc-latina.com\/wp-content\/uploads\/2010\/06\/el_monstrador.gif","contentUrl":"https:\/\/abc-latina.com\/wp-content\/uploads\/2010\/06\/el_monstrador.gif","width":150,"height":35},{"@type":"BreadcrumbList","@id":"https:\/\/abc-latina.com\/chili\/presse\/#breadcrumb","itemListElement":[{"@type":"ListItem","position":1,"name":"Accueil","item":"https:\/\/abc-latina.com\/"},{"@type":"ListItem","position":2,"name":"La PRESSE au CHILI"}]},{"@type":"WebSite","@id":"https:\/\/abc-latina.com\/#website","url":"https:\/\/abc-latina.com\/","name":"Abc-latina","description":"","publisher":{"@id":"https:\/\/abc-latina.com\/#organization"},"potentialAction":[{"@type":"SearchAction","target":{"@type":"EntryPoint","urlTemplate":"https:\/\/abc-latina.com\/?s={search_term_string}"},"query-input":{"@type":"PropertyValueSpecification","valueRequired":true,"valueName":"search_term_string"}}],"inLanguage":"fr-FR"},{"@type":"Organization","@id":"https:\/\/abc-latina.com\/#organization","name":"Abc-latina","url":"https:\/\/abc-latina.com\/","logo":{"@type":"ImageObject","inLanguage":"fr-FR","@id":"https:\/\/abc-latina.com\/#\/schema\/logo\/image\/","url":"https:\/\/abc-latina.com\/wp-content\/uploads\/2026\/05\/cropped-logo.gif","contentUrl":"https:\/\/abc-latina.com\/wp-content\/uploads\/2026\/05\/cropped-logo.gif","width":89,"height":84,"caption":"Abc-latina"},"image":{"@id":"https:\/\/abc-latina.com\/#\/schema\/logo\/image\/"}}]}},"_links":{"self":[{"href":"https:\/\/abc-latina.com\/wp-json\/wp\/v2\/pages\/1193","targetHints":{"allow":["GET"]}}],"collection":[{"href":"https:\/\/abc-latina.com\/wp-json\/wp\/v2\/pages"}],"about":[{"href":"https:\/\/abc-latina.com\/wp-json\/wp\/v2\/types\/page"}],"author":[{"embeddable":true,"href":"https:\/\/abc-latina.com\/wp-json\/wp\/v2\/users\/3"}],"replies":[{"embeddable":true,"href":"https:\/\/abc-latina.com\/wp-json\/wp\/v2\/comments?post=1193"}],"version-history":[{"count":1,"href":"https:\/\/abc-latina.com\/wp-json\/wp\/v2\/pages\/1193\/revisions"}],"predecessor-version":[{"id":3255,"href":"https:\/\/abc-latina.com\/wp-json\/wp\/v2\/pages\/1193\/revisions\/3255"}],"up":[{"embeddable":true,"href":"https:\/\/abc-latina.com\/wp-json\/wp\/v2\/pages\/2293"}],"wp:featuredmedia":[{"embeddable":true,"href":"https:\/\/abc-latina.com\/wp-json\/wp\/v2\/media\/1188"}],"wp:attachment":[{"href":"https:\/\/abc-latina.com\/wp-json\/wp\/v2\/media?parent=1193"}],"curies":[{"name":"wp","href":"https:\/\/api.w.org\/{rel}","templated":true}]}}