{"id":1199,"date":"2010-06-14T20:18:08","date_gmt":"2010-06-14T18:18:08","guid":{"rendered":"http:\/\/abc-latina.com\/cuisine-htm-2\/"},"modified":"2026-04-30T18:24:53","modified_gmt":"2026-04-30T16:24:53","slug":"cuisine","status":"publish","type":"page","link":"https:\/\/abc-latina.com\/chili\/cuisine\/","title":{"rendered":"La CUISINE CHILIENNE"},"content":{"rendered":"<div><span class=\"geo-info\"><img loading=\"lazy\" decoding=\"async\" class=\" alignright size-full wp-image-66\" src=\"http:\/\/abc-latina.com\/wp-content\/uploads\/2010\/06\/cuisine.jpg\" title=\"La GASTRONOMIE CHILIENNE\" alt=\"La GASTRONOMIE CHILIENNE\" width=\"220\" vspace=\"9\" hspace=\"15\" height=\"220\" align=\"right\" srcset=\"https:\/\/abc-latina.com\/wp-content\/uploads\/2010\/06\/cuisine.jpg 220w, https:\/\/abc-latina.com\/wp-content\/uploads\/2010\/06\/cuisine-150x150.jpg 150w\" sizes=\"auto, (max-width: 220px) 100vw, 220px\" \/>Les quelques plats nationaux les plus typiques sont les suivants:<\/span><\/div>\n<div>Empanadas (genre de rissoles \u00e0 la viande, du poulet ou du poisson, des oignons, des oeufs, des raisins secs et des olives)<\/div>\n<div>Humitas (p\u00e2te de ma\u00efs assaisonn\u00e9e, enroul\u00e9e dans des feuilles de ma\u00efs et cuite)<\/div>\n<div>Cazuela de pollo (soupe avec du riz, des l\u00e9gumes, du poulet et des herbes)<\/div>\n<div>Bife a lo pobre (bifteck avec des pommes de terre frites, des oignons et des oeufs)<\/div>\n<div>La parrillada (s\u00e9lection de viandes grill\u00e9es au charbon de bois).&nbsp;<\/div>\n<div>Les fruits de mer sont assez bons, en particulier les langoustes g\u00e9antes des \u00eeles Juan Fernandez et les oreilles-de-mer, les oursins, les clovisses, les langoustines et les moules.<\/div>\n<div>&nbsp;<\/div>\n<div><span class=\"geo-info\">Les boissons: <\/span><\/div>\n<div>Le Chili est connu pour son vin. Le Pisco est une liqueur tr\u00e8s forte obtenue par distillation des r\u00e9sidus des raisins press\u00e9s. Avec les raisins on produit \u00e9galement la chicha et l&rsquo;arguadiente. La bi\u00e8re est consomm\u00e9e dans tout le pays.<\/div>\n<div>&nbsp;<\/div>\n<p><a href=\"http:\/\/www.restos-latinos.com\/chili\/\" target=\"_blank\"><span class=\"tsource\">Les restaurants chiliens en France<\/span><\/a><span class=\"tsource\">&nbsp; &nbsp;et &nbsp;&nbsp;<\/span><a href=\"http:\/\/www.restos-latinos.com\/chili\/canada\" target=\"_blank\"><span class=\"liens\">au Canada<\/span><\/a><\/p>\n","protected":false},"excerpt":{"rendered":"<p>Les quelques plats nationaux les plus typiques sont les suivants: Empanadas (genre de rissoles \u00e0 la viande, du poulet ou [&hellip;]<\/p>\n","protected":false},"author":3,"featured_media":66,"parent":2293,"menu_order":0,"comment_status":"closed","ping_status":"closed","template":"","meta":{"site-sidebar-layout":"default","site-content-layout":"","ast-site-content-layout":"default","site-content-style":"default","site-sidebar-style":"default","ast-global-header-display":"","ast-banner-title-visibility":"","ast-main-header-display":"","ast-hfb-above-header-display":"","ast-hfb-below-header-display":"","ast-hfb-mobile-header-display":"","site-post-title":"","ast-breadcrumbs-content":"","ast-featured-img":"","footer-sml-layout":"","ast-disable-related-posts":"","theme-transparent-header-meta":"","adv-header-id-meta":"","stick-header-meta":"","header-above-stick-meta":"","header-main-stick-meta":"","header-below-stick-meta":"","astra-migrate-meta-layouts":"default","ast-page-background-enabled":"default","ast-page-background-meta":{"desktop":{"background-color":"var(--ast-global-color-5)","background-image":"","background-repeat":"repeat","background-position":"center center","background-size":"auto","background-attachment":"scroll","background-type":"","background-media":"","overlay-type":"","overlay-color":"","overlay-opacity":"","overlay-gradient":""},"tablet":{"background-color":"","background-image":"","background-repeat":"repeat","background-position":"center center","background-size":"auto","background-attachment":"scroll","background-type":"","background-media":"","overlay-type":"","overlay-color":"","overlay-opacity":"","overlay-gradient":""},"mobile":{"background-color":"","background-image":"","background-repeat":"repeat","background-position":"center center","background-size":"auto","background-attachment":"scroll","background-type":"","background-media":"","overlay-type":"","overlay-color":"","overlay-opacity":"","overlay-gradient":""}},"ast-content-background-meta":{"desktop":{"background-color":"var(--ast-global-color-4)","background-image":"","background-repeat":"repeat","background-position":"center center","background-size":"auto","background-attachment":"scroll","background-type":"","background-media":"","overlay-type":"","overlay-color":"","overlay-opacity":"","overlay-gradient":""},"tablet":{"background-color":"var(--ast-global-color-4)","background-image":"","background-repeat":"repeat","background-position":"center center","background-size":"auto","background-attachment":"scroll","background-type":"","background-media":"","overlay-type":"","overlay-color":"","overlay-opacity":"","overlay-gradient":""},"mobile":{"background-color":"var(--ast-global-color-4)","background-image":"","background-repeat":"repeat","background-position":"center center","background-size":"auto","background-attachment":"scroll","background-type":"","background-media":"","overlay-type":"","overlay-color":"","overlay-opacity":"","overlay-gradient":""}},"footnotes":""},"class_list":["post-1199","page","type-page","status-publish","has-post-thumbnail","hentry"],"yoast_head":"<!-- This site is optimized with the Yoast SEO plugin v27.5 - https:\/\/yoast.com\/product\/yoast-seo-wordpress\/ -->\n<title>La CUISINE CHILIENNE - Abc-latina<\/title>\n<meta name=\"description\" content=\"La cuisine Chilienne. La gastronomie chilienne.\" \/>\n<meta name=\"robots\" content=\"index, follow, max-snippet:-1, max-image-preview:large, max-video-preview:-1\" \/>\n<link rel=\"canonical\" href=\"https:\/\/abc-latina.com\/chili\/cuisine\/\" \/>\n<meta property=\"og:locale\" content=\"fr_FR\" \/>\n<meta property=\"og:type\" content=\"article\" \/>\n<meta property=\"og:title\" content=\"La CUISINE CHILIENNE - Abc-latina\" \/>\n<meta property=\"og:description\" content=\"La cuisine Chilienne. La gastronomie chilienne.\" \/>\n<meta property=\"og:url\" content=\"https:\/\/abc-latina.com\/chili\/cuisine\/\" \/>\n<meta property=\"og:site_name\" content=\"Abc-latina\" \/>\n<meta property=\"article:modified_time\" content=\"2026-04-30T16:24:53+00:00\" \/>\n<meta property=\"og:image\" content=\"https:\/\/abc-latina.com\/wp-content\/uploads\/2010\/06\/cuisine.jpg\" \/>\n\t<meta property=\"og:image:width\" content=\"220\" \/>\n\t<meta property=\"og:image:height\" content=\"220\" \/>\n\t<meta property=\"og:image:type\" content=\"image\/jpeg\" \/>\n<meta name=\"twitter:card\" content=\"summary_large_image\" \/>\n<meta name=\"twitter:label1\" content=\"Dur\u00e9e de lecture estim\u00e9e\" \/>\n\t<meta name=\"twitter:data1\" content=\"1 minute\" \/>\n<script type=\"application\/ld+json\" class=\"yoast-schema-graph\">{\"@context\":\"https:\\\/\\\/schema.org\",\"@graph\":[{\"@type\":\"WebPage\",\"@id\":\"https:\\\/\\\/abc-latina.com\\\/chili\\\/cuisine\\\/\",\"url\":\"https:\\\/\\\/abc-latina.com\\\/chili\\\/cuisine\\\/\",\"name\":\"La CUISINE CHILIENNE - Abc-latina\",\"isPartOf\":{\"@id\":\"https:\\\/\\\/abc-latina.com\\\/#website\"},\"primaryImageOfPage\":{\"@id\":\"https:\\\/\\\/abc-latina.com\\\/chili\\\/cuisine\\\/#primaryimage\"},\"image\":{\"@id\":\"https:\\\/\\\/abc-latina.com\\\/chili\\\/cuisine\\\/#primaryimage\"},\"thumbnailUrl\":\"https:\\\/\\\/abc-latina.com\\\/wp-content\\\/uploads\\\/2010\\\/06\\\/cuisine.jpg\",\"datePublished\":\"2010-06-14T18:18:08+00:00\",\"dateModified\":\"2026-04-30T16:24:53+00:00\",\"description\":\"La cuisine Chilienne. La gastronomie chilienne.\",\"breadcrumb\":{\"@id\":\"https:\\\/\\\/abc-latina.com\\\/chili\\\/cuisine\\\/#breadcrumb\"},\"inLanguage\":\"fr-FR\",\"potentialAction\":[{\"@type\":\"ReadAction\",\"target\":[\"https:\\\/\\\/abc-latina.com\\\/chili\\\/cuisine\\\/\"]}]},{\"@type\":\"ImageObject\",\"inLanguage\":\"fr-FR\",\"@id\":\"https:\\\/\\\/abc-latina.com\\\/chili\\\/cuisine\\\/#primaryimage\",\"url\":\"https:\\\/\\\/abc-latina.com\\\/wp-content\\\/uploads\\\/2010\\\/06\\\/cuisine.jpg\",\"contentUrl\":\"https:\\\/\\\/abc-latina.com\\\/wp-content\\\/uploads\\\/2010\\\/06\\\/cuisine.jpg\",\"width\":220,\"height\":220,\"caption\":\"La CUISINE ARGENTINE\"},{\"@type\":\"BreadcrumbList\",\"@id\":\"https:\\\/\\\/abc-latina.com\\\/chili\\\/cuisine\\\/#breadcrumb\",\"itemListElement\":[{\"@type\":\"ListItem\",\"position\":1,\"name\":\"Accueil\",\"item\":\"https:\\\/\\\/abc-latina.com\\\/\"},{\"@type\":\"ListItem\",\"position\":2,\"name\":\"La CUISINE CHILIENNE\"}]},{\"@type\":\"WebSite\",\"@id\":\"https:\\\/\\\/abc-latina.com\\\/#website\",\"url\":\"https:\\\/\\\/abc-latina.com\\\/\",\"name\":\"Abc-latina\",\"description\":\"\",\"publisher\":{\"@id\":\"https:\\\/\\\/abc-latina.com\\\/#organization\"},\"potentialAction\":[{\"@type\":\"SearchAction\",\"target\":{\"@type\":\"EntryPoint\",\"urlTemplate\":\"https:\\\/\\\/abc-latina.com\\\/?s={search_term_string}\"},\"query-input\":{\"@type\":\"PropertyValueSpecification\",\"valueRequired\":true,\"valueName\":\"search_term_string\"}}],\"inLanguage\":\"fr-FR\"},{\"@type\":\"Organization\",\"@id\":\"https:\\\/\\\/abc-latina.com\\\/#organization\",\"name\":\"Abc-latina\",\"url\":\"https:\\\/\\\/abc-latina.com\\\/\",\"logo\":{\"@type\":\"ImageObject\",\"inLanguage\":\"fr-FR\",\"@id\":\"https:\\\/\\\/abc-latina.com\\\/#\\\/schema\\\/logo\\\/image\\\/\",\"url\":\"https:\\\/\\\/abc-latina.com\\\/wp-content\\\/uploads\\\/2026\\\/05\\\/cropped-logo.gif\",\"contentUrl\":\"https:\\\/\\\/abc-latina.com\\\/wp-content\\\/uploads\\\/2026\\\/05\\\/cropped-logo.gif\",\"width\":89,\"height\":84,\"caption\":\"Abc-latina\"},\"image\":{\"@id\":\"https:\\\/\\\/abc-latina.com\\\/#\\\/schema\\\/logo\\\/image\\\/\"}}]}<\/script>\n<!-- \/ Yoast SEO plugin. -->","yoast_head_json":{"title":"La CUISINE CHILIENNE - Abc-latina","description":"La cuisine Chilienne. La gastronomie chilienne.","robots":{"index":"index","follow":"follow","max-snippet":"max-snippet:-1","max-image-preview":"max-image-preview:large","max-video-preview":"max-video-preview:-1"},"canonical":"https:\/\/abc-latina.com\/chili\/cuisine\/","og_locale":"fr_FR","og_type":"article","og_title":"La CUISINE CHILIENNE - Abc-latina","og_description":"La cuisine Chilienne. La gastronomie chilienne.","og_url":"https:\/\/abc-latina.com\/chili\/cuisine\/","og_site_name":"Abc-latina","article_modified_time":"2026-04-30T16:24:53+00:00","og_image":[{"width":220,"height":220,"url":"https:\/\/abc-latina.com\/wp-content\/uploads\/2010\/06\/cuisine.jpg","type":"image\/jpeg"}],"twitter_card":"summary_large_image","twitter_misc":{"Dur\u00e9e de lecture estim\u00e9e":"1 minute"},"schema":{"@context":"https:\/\/schema.org","@graph":[{"@type":"WebPage","@id":"https:\/\/abc-latina.com\/chili\/cuisine\/","url":"https:\/\/abc-latina.com\/chili\/cuisine\/","name":"La CUISINE CHILIENNE - Abc-latina","isPartOf":{"@id":"https:\/\/abc-latina.com\/#website"},"primaryImageOfPage":{"@id":"https:\/\/abc-latina.com\/chili\/cuisine\/#primaryimage"},"image":{"@id":"https:\/\/abc-latina.com\/chili\/cuisine\/#primaryimage"},"thumbnailUrl":"https:\/\/abc-latina.com\/wp-content\/uploads\/2010\/06\/cuisine.jpg","datePublished":"2010-06-14T18:18:08+00:00","dateModified":"2026-04-30T16:24:53+00:00","description":"La cuisine Chilienne. La gastronomie chilienne.","breadcrumb":{"@id":"https:\/\/abc-latina.com\/chili\/cuisine\/#breadcrumb"},"inLanguage":"fr-FR","potentialAction":[{"@type":"ReadAction","target":["https:\/\/abc-latina.com\/chili\/cuisine\/"]}]},{"@type":"ImageObject","inLanguage":"fr-FR","@id":"https:\/\/abc-latina.com\/chili\/cuisine\/#primaryimage","url":"https:\/\/abc-latina.com\/wp-content\/uploads\/2010\/06\/cuisine.jpg","contentUrl":"https:\/\/abc-latina.com\/wp-content\/uploads\/2010\/06\/cuisine.jpg","width":220,"height":220,"caption":"La CUISINE ARGENTINE"},{"@type":"BreadcrumbList","@id":"https:\/\/abc-latina.com\/chili\/cuisine\/#breadcrumb","itemListElement":[{"@type":"ListItem","position":1,"name":"Accueil","item":"https:\/\/abc-latina.com\/"},{"@type":"ListItem","position":2,"name":"La CUISINE CHILIENNE"}]},{"@type":"WebSite","@id":"https:\/\/abc-latina.com\/#website","url":"https:\/\/abc-latina.com\/","name":"Abc-latina","description":"","publisher":{"@id":"https:\/\/abc-latina.com\/#organization"},"potentialAction":[{"@type":"SearchAction","target":{"@type":"EntryPoint","urlTemplate":"https:\/\/abc-latina.com\/?s={search_term_string}"},"query-input":{"@type":"PropertyValueSpecification","valueRequired":true,"valueName":"search_term_string"}}],"inLanguage":"fr-FR"},{"@type":"Organization","@id":"https:\/\/abc-latina.com\/#organization","name":"Abc-latina","url":"https:\/\/abc-latina.com\/","logo":{"@type":"ImageObject","inLanguage":"fr-FR","@id":"https:\/\/abc-latina.com\/#\/schema\/logo\/image\/","url":"https:\/\/abc-latina.com\/wp-content\/uploads\/2026\/05\/cropped-logo.gif","contentUrl":"https:\/\/abc-latina.com\/wp-content\/uploads\/2026\/05\/cropped-logo.gif","width":89,"height":84,"caption":"Abc-latina"},"image":{"@id":"https:\/\/abc-latina.com\/#\/schema\/logo\/image\/"}}]}},"_links":{"self":[{"href":"https:\/\/abc-latina.com\/wp-json\/wp\/v2\/pages\/1199","targetHints":{"allow":["GET"]}}],"collection":[{"href":"https:\/\/abc-latina.com\/wp-json\/wp\/v2\/pages"}],"about":[{"href":"https:\/\/abc-latina.com\/wp-json\/wp\/v2\/types\/page"}],"author":[{"embeddable":true,"href":"https:\/\/abc-latina.com\/wp-json\/wp\/v2\/users\/3"}],"replies":[{"embeddable":true,"href":"https:\/\/abc-latina.com\/wp-json\/wp\/v2\/comments?post=1199"}],"version-history":[{"count":1,"href":"https:\/\/abc-latina.com\/wp-json\/wp\/v2\/pages\/1199\/revisions"}],"predecessor-version":[{"id":3235,"href":"https:\/\/abc-latina.com\/wp-json\/wp\/v2\/pages\/1199\/revisions\/3235"}],"up":[{"embeddable":true,"href":"https:\/\/abc-latina.com\/wp-json\/wp\/v2\/pages\/2293"}],"wp:featuredmedia":[{"embeddable":true,"href":"https:\/\/abc-latina.com\/wp-json\/wp\/v2\/media\/66"}],"wp:attachment":[{"href":"https:\/\/abc-latina.com\/wp-json\/wp\/v2\/media?parent=1199"}],"curies":[{"name":"wp","href":"https:\/\/api.w.org\/{rel}","templated":true}]}}