{"id":1201,"date":"2010-06-14T20:25:14","date_gmt":"2010-06-14T18:25:14","guid":{"rendered":"http:\/\/abc-latina.com\/faune-flore-chilienne-php\/"},"modified":"2026-04-30T18:24:53","modified_gmt":"2026-04-30T16:24:53","slug":"faune-flore-chilienne","status":"publish","type":"page","link":"https:\/\/abc-latina.com\/chili\/faune-flore-chilienne\/","title":{"rendered":"La FAUNE &#038; la FLORE au CHILI"},"content":{"rendered":"<p>En d\u00e9pit des latitudes \u00e9tendues que couvre le Chili, la vie animale et v\u00e9g\u00e9tale y est moins vari\u00e9e qu&rsquo;ailleurs en Am\u00e9rique du sud. Cela s&rsquo;explique par le fait que le climat relativement frais ne permet pas la prolif\u00e9ration d&rsquo;aussi nombreuses esp\u00e8ces. Une autre raison fondamentale de ce ph\u00e9nom\u00e8ne tient \u00e0 ce que la cha\u00eene andine et le d\u00e9sert aride du nord du pays constituent des barri\u00e8res efficaces \u00e0 la migration des esp\u00e8ces depuis les immenses contr\u00e9es qui gisent au-del\u00e0 des fronti\u00e8res chiliennes. Il y a toutefois l\u00e0 un certain avantage, dans la mesure o\u00f9 vous ne trouverez ici ni araign\u00e9es ni reptiles venimeux.<\/p>\n<div>La v\u00e9g\u00e9tation du d\u00e9sert septentrional est adapt\u00e9e au climat tr\u00e8s sec et aux sols salins qui caract\u00e9risent cette r\u00e9gion. Le tamarugo, une vari\u00e9t\u00e9 \u00e9pineuse d&rsquo;acacia, vit tr\u00e8s bien dans le d\u00e9sert int\u00e9rieur, tandis que les brumes c\u00f4ti\u00e8res contribuent \u00e0 la subsistance de plusieurs vari\u00e9t\u00e9s de cactus, d&rsquo;arbustes et de ronces. Sur les hauts plateaux du nord, dans les r\u00e9gions situ\u00e9es pr\u00e8s de la fronti\u00e8re bolivienne, des herbes sauvages telles que la llareta, l&rsquo;ichu et la tola servent \u00e0 nourrir les troupeaux de lamas, et les zones semi-arides du centre nord du Chili accueillent des cactus de m\u00eame que certaines essences de feuillus et d&rsquo;arbustes.<\/div>\n<div>Certaines portions du centre du Chili sont couvertes d&rsquo;une v\u00e9g\u00e9tation d\u00e9sign\u00e9e sous le nom de matorral, compos\u00e9e d&rsquo;un m\u00e9lange de massifs de feuillus, d&rsquo;arbustes, de cactus et d&rsquo;herbes, cependant qu&rsquo;au sud de la rivi\u00e8re Bio-Bio les for\u00eats de conif\u00e8res et d&rsquo;arbres \u00e0 feuilles caduques sont plus communes. Une grande partie de cette couverture foresti\u00e8re a cependant \u00e9t\u00e9 d\u00e9truite. Les esp\u00e8ces les plus distinctives comprennent le c\u00e8dre rauli et le h\u00eatre roble, de m\u00eame que certaines vari\u00e9t\u00e9s de lauriers et d&rsquo;arbustes \u00e0 feuillage persistant. Les versants des Andes se garnissent en outre de denses massifs de pins chiliens, une essence qu&rsquo;on ne trouve que rarement ailleurs.<\/div>\n<div>Dans la r\u00e9gion des lacs, et plus au sud, subsistent des for\u00eats humides de h\u00eatres de l&rsquo;Antarctique, de c\u00e8dres chiliens, d&rsquo;alerces g\u00e9ants et de diverses autres esp\u00e8ces. Dans le sud de la Patagonie et \u00e0 la Terre de feu, o\u00f9 les \u00e9t\u00e9s sont courts et frais, la v\u00e9g\u00e9tation se fait plus discr\u00e8te et se compose en grande partie de h\u00eatre m\u00e9ridionaux nains et d&rsquo;herbes propres aux p\u00e2turages des ovins et des bovins.<\/div>\n<div>Les mammif\u00e8res les plus r\u00e9pandus au Chili sont de grands rongeurs tels que le chinchilla, la viscache (li\u00e8vre de la pampa) et la loutre (nutria), tous recherch\u00e9s pour leur fourrure. Un marsupial apparent\u00e9 aux singes et appel\u00e9 monito del monte vit en outre dans certaines zones bois\u00e9es. Mais sans doute le plus caract\u00e9ristique de tous les animaux chiliens est-il le guanaco, un ruminant qui vit \u00e0 l&rsquo;\u00e9tat sauvage dans la plupart des r\u00e9gions du Chili et qui a un certain nombre de cousins domestiqu\u00e9s dont le lama, l&rsquo;alpaga et la vigogne.<\/div>\n<div>Le Chili sert \u00e9galement d&rsquo;habitat \u00e0 plusieurs membres de la famille des cerfs, entre autre le buemul et le pudu, le plus petit cerf que l&rsquo;on connaisse. Parmi les quelques esp\u00e8ces de mammif\u00e8res carnivores qui vivent au Chili, il convient enfin de mentionner le puma et des repr\u00e9sentants moins imposants de la famille des f\u00e9lins tels que le guina et le colocolo. Il y a aussi des canid\u00e9s comme le loup des Andes et le renard \u00e0 longue queue.<\/div>\n<div>Les esp\u00e8ces ail\u00e9es jouissent quant \u00e0 elles d&rsquo;une plus grande vari\u00e9t\u00e9 au Chili et comprennent un certain nombre d&rsquo;oiseaux migrateurs qui fuient l&rsquo;h\u00e9misph\u00e8re Nord tous les hivers. Vous pouvez en outre apercevoir, \u00e0 l&rsquo;occasion, des oiseaux exotiques tels que perroquets et flamants dans des portions septentrionale et centrale du pays. Le fameux condor andin existe toujours dans les r\u00e9gions sauvages. Dans le sud du pays on trouve aussi un grand oiseau de proie du nom de carancha.<\/div>\n<div>&nbsp;<\/div>\n<div>\n<div><a target=\"_blank\" href=\"https:\/\/www.abc-latina.com\/amerique_latine\/flore-faune\/\">La Faune et la flore en Am\u00e9rique latine&nbsp;<\/a><\/div>\n<div><a href=\"https:\/\/www.abc-latina.com\/chili\/geo\">La g\u00e9ographie du Chili<\/a><\/div>\n<\/div>\n","protected":false},"excerpt":{"rendered":"<p>En d\u00e9pit des latitudes \u00e9tendues que couvre le Chili, la vie animale et v\u00e9g\u00e9tale y est moins vari\u00e9e qu&rsquo;ailleurs en [&hellip;]<\/p>\n","protected":false},"author":3,"featured_media":0,"parent":2293,"menu_order":0,"comment_status":"closed","ping_status":"closed","template":"","meta":{"site-sidebar-layout":"default","site-content-layout":"","ast-site-content-layout":"default","site-content-style":"default","site-sidebar-style":"default","ast-global-header-display":"","ast-banner-title-visibility":"","ast-main-header-display":"","ast-hfb-above-header-display":"","ast-hfb-below-header-display":"","ast-hfb-mobile-header-display":"","site-post-title":"","ast-breadcrumbs-content":"","ast-featured-img":"","footer-sml-layout":"","ast-disable-related-posts":"","theme-transparent-header-meta":"","adv-header-id-meta":"","stick-header-meta":"","header-above-stick-meta":"","header-main-stick-meta":"","header-below-stick-meta":"","astra-migrate-meta-layouts":"default","ast-page-background-enabled":"default","ast-page-background-meta":{"desktop":{"background-color":"var(--ast-global-color-5)","background-image":"","background-repeat":"repeat","background-position":"center center","background-size":"auto","background-attachment":"scroll","background-type":"","background-media":"","overlay-type":"","overlay-color":"","overlay-opacity":"","overlay-gradient":""},"tablet":{"background-color":"","background-image":"","background-repeat":"repeat","background-position":"center center","background-size":"auto","background-attachment":"scroll","background-type":"","background-media":"","overlay-type":"","overlay-color":"","overlay-opacity":"","overlay-gradient":""},"mobile":{"background-color":"","background-image":"","background-repeat":"repeat","background-position":"center center","background-size":"auto","background-attachment":"scroll","background-type":"","background-media":"","overlay-type":"","overlay-color":"","overlay-opacity":"","overlay-gradient":""}},"ast-content-background-meta":{"desktop":{"background-color":"var(--ast-global-color-4)","background-image":"","background-repeat":"repeat","background-position":"center center","background-size":"auto","background-attachment":"scroll","background-type":"","background-media":"","overlay-type":"","overlay-color":"","overlay-opacity":"","overlay-gradient":""},"tablet":{"background-color":"var(--ast-global-color-4)","background-image":"","background-repeat":"repeat","background-position":"center center","background-size":"auto","background-attachment":"scroll","background-type":"","background-media":"","overlay-type":"","overlay-color":"","overlay-opacity":"","overlay-gradient":""},"mobile":{"background-color":"var(--ast-global-color-4)","background-image":"","background-repeat":"repeat","background-position":"center center","background-size":"auto","background-attachment":"scroll","background-type":"","background-media":"","overlay-type":"","overlay-color":"","overlay-opacity":"","overlay-gradient":""}},"footnotes":""},"class_list":["post-1201","page","type-page","status-publish","hentry"],"yoast_head":"<!-- This site is optimized with the Yoast SEO plugin v27.5 - https:\/\/yoast.com\/product\/yoast-seo-wordpress\/ -->\n<title>La FAUNE &amp; la FLORE au CHILI - Abc-latina<\/title>\n<meta name=\"description\" content=\"CHILI : La flore et la faune.\" \/>\n<meta name=\"robots\" content=\"index, follow, max-snippet:-1, max-image-preview:large, max-video-preview:-1\" \/>\n<link rel=\"canonical\" href=\"https:\/\/abc-latina.com\/chili\/faune-flore-chilienne\/\" \/>\n<meta property=\"og:locale\" content=\"fr_FR\" \/>\n<meta property=\"og:type\" content=\"article\" \/>\n<meta property=\"og:title\" content=\"La FAUNE &amp; la FLORE au CHILI - Abc-latina\" \/>\n<meta property=\"og:description\" content=\"CHILI : La flore et la faune.\" \/>\n<meta property=\"og:url\" content=\"https:\/\/abc-latina.com\/chili\/faune-flore-chilienne\/\" \/>\n<meta property=\"og:site_name\" content=\"Abc-latina\" \/>\n<meta property=\"article:modified_time\" content=\"2026-04-30T16:24:53+00:00\" \/>\n<meta name=\"twitter:card\" content=\"summary_large_image\" \/>\n<meta name=\"twitter:label1\" content=\"Dur\u00e9e de lecture estim\u00e9e\" \/>\n\t<meta name=\"twitter:data1\" content=\"4 minutes\" \/>\n<script type=\"application\/ld+json\" class=\"yoast-schema-graph\">{\"@context\":\"https:\\\/\\\/schema.org\",\"@graph\":[{\"@type\":\"WebPage\",\"@id\":\"https:\\\/\\\/abc-latina.com\\\/chili\\\/faune-flore-chilienne\\\/\",\"url\":\"https:\\\/\\\/abc-latina.com\\\/chili\\\/faune-flore-chilienne\\\/\",\"name\":\"La FAUNE & la FLORE au CHILI - Abc-latina\",\"isPartOf\":{\"@id\":\"https:\\\/\\\/abc-latina.com\\\/#website\"},\"datePublished\":\"2010-06-14T18:25:14+00:00\",\"dateModified\":\"2026-04-30T16:24:53+00:00\",\"description\":\"CHILI : La flore et la faune.\",\"breadcrumb\":{\"@id\":\"https:\\\/\\\/abc-latina.com\\\/chili\\\/faune-flore-chilienne\\\/#breadcrumb\"},\"inLanguage\":\"fr-FR\",\"potentialAction\":[{\"@type\":\"ReadAction\",\"target\":[\"https:\\\/\\\/abc-latina.com\\\/chili\\\/faune-flore-chilienne\\\/\"]}]},{\"@type\":\"BreadcrumbList\",\"@id\":\"https:\\\/\\\/abc-latina.com\\\/chili\\\/faune-flore-chilienne\\\/#breadcrumb\",\"itemListElement\":[{\"@type\":\"ListItem\",\"position\":1,\"name\":\"Accueil\",\"item\":\"https:\\\/\\\/abc-latina.com\\\/\"},{\"@type\":\"ListItem\",\"position\":2,\"name\":\"La FAUNE &#038; la FLORE au CHILI\"}]},{\"@type\":\"WebSite\",\"@id\":\"https:\\\/\\\/abc-latina.com\\\/#website\",\"url\":\"https:\\\/\\\/abc-latina.com\\\/\",\"name\":\"Abc-latina\",\"description\":\"\",\"publisher\":{\"@id\":\"https:\\\/\\\/abc-latina.com\\\/#organization\"},\"potentialAction\":[{\"@type\":\"SearchAction\",\"target\":{\"@type\":\"EntryPoint\",\"urlTemplate\":\"https:\\\/\\\/abc-latina.com\\\/?s={search_term_string}\"},\"query-input\":{\"@type\":\"PropertyValueSpecification\",\"valueRequired\":true,\"valueName\":\"search_term_string\"}}],\"inLanguage\":\"fr-FR\"},{\"@type\":\"Organization\",\"@id\":\"https:\\\/\\\/abc-latina.com\\\/#organization\",\"name\":\"Abc-latina\",\"url\":\"https:\\\/\\\/abc-latina.com\\\/\",\"logo\":{\"@type\":\"ImageObject\",\"inLanguage\":\"fr-FR\",\"@id\":\"https:\\\/\\\/abc-latina.com\\\/#\\\/schema\\\/logo\\\/image\\\/\",\"url\":\"https:\\\/\\\/abc-latina.com\\\/wp-content\\\/uploads\\\/2026\\\/05\\\/cropped-logo.gif\",\"contentUrl\":\"https:\\\/\\\/abc-latina.com\\\/wp-content\\\/uploads\\\/2026\\\/05\\\/cropped-logo.gif\",\"width\":89,\"height\":84,\"caption\":\"Abc-latina\"},\"image\":{\"@id\":\"https:\\\/\\\/abc-latina.com\\\/#\\\/schema\\\/logo\\\/image\\\/\"}}]}<\/script>\n<!-- \/ Yoast SEO plugin. -->","yoast_head_json":{"title":"La FAUNE & la FLORE au CHILI - Abc-latina","description":"CHILI : La flore et la faune.","robots":{"index":"index","follow":"follow","max-snippet":"max-snippet:-1","max-image-preview":"max-image-preview:large","max-video-preview":"max-video-preview:-1"},"canonical":"https:\/\/abc-latina.com\/chili\/faune-flore-chilienne\/","og_locale":"fr_FR","og_type":"article","og_title":"La FAUNE & la FLORE au CHILI - Abc-latina","og_description":"CHILI : La flore et la faune.","og_url":"https:\/\/abc-latina.com\/chili\/faune-flore-chilienne\/","og_site_name":"Abc-latina","article_modified_time":"2026-04-30T16:24:53+00:00","twitter_card":"summary_large_image","twitter_misc":{"Dur\u00e9e de lecture estim\u00e9e":"4 minutes"},"schema":{"@context":"https:\/\/schema.org","@graph":[{"@type":"WebPage","@id":"https:\/\/abc-latina.com\/chili\/faune-flore-chilienne\/","url":"https:\/\/abc-latina.com\/chili\/faune-flore-chilienne\/","name":"La FAUNE & la FLORE au CHILI - Abc-latina","isPartOf":{"@id":"https:\/\/abc-latina.com\/#website"},"datePublished":"2010-06-14T18:25:14+00:00","dateModified":"2026-04-30T16:24:53+00:00","description":"CHILI : La flore et la faune.","breadcrumb":{"@id":"https:\/\/abc-latina.com\/chili\/faune-flore-chilienne\/#breadcrumb"},"inLanguage":"fr-FR","potentialAction":[{"@type":"ReadAction","target":["https:\/\/abc-latina.com\/chili\/faune-flore-chilienne\/"]}]},{"@type":"BreadcrumbList","@id":"https:\/\/abc-latina.com\/chili\/faune-flore-chilienne\/#breadcrumb","itemListElement":[{"@type":"ListItem","position":1,"name":"Accueil","item":"https:\/\/abc-latina.com\/"},{"@type":"ListItem","position":2,"name":"La FAUNE &#038; la FLORE au CHILI"}]},{"@type":"WebSite","@id":"https:\/\/abc-latina.com\/#website","url":"https:\/\/abc-latina.com\/","name":"Abc-latina","description":"","publisher":{"@id":"https:\/\/abc-latina.com\/#organization"},"potentialAction":[{"@type":"SearchAction","target":{"@type":"EntryPoint","urlTemplate":"https:\/\/abc-latina.com\/?s={search_term_string}"},"query-input":{"@type":"PropertyValueSpecification","valueRequired":true,"valueName":"search_term_string"}}],"inLanguage":"fr-FR"},{"@type":"Organization","@id":"https:\/\/abc-latina.com\/#organization","name":"Abc-latina","url":"https:\/\/abc-latina.com\/","logo":{"@type":"ImageObject","inLanguage":"fr-FR","@id":"https:\/\/abc-latina.com\/#\/schema\/logo\/image\/","url":"https:\/\/abc-latina.com\/wp-content\/uploads\/2026\/05\/cropped-logo.gif","contentUrl":"https:\/\/abc-latina.com\/wp-content\/uploads\/2026\/05\/cropped-logo.gif","width":89,"height":84,"caption":"Abc-latina"},"image":{"@id":"https:\/\/abc-latina.com\/#\/schema\/logo\/image\/"}}]}},"_links":{"self":[{"href":"https:\/\/abc-latina.com\/wp-json\/wp\/v2\/pages\/1201","targetHints":{"allow":["GET"]}}],"collection":[{"href":"https:\/\/abc-latina.com\/wp-json\/wp\/v2\/pages"}],"about":[{"href":"https:\/\/abc-latina.com\/wp-json\/wp\/v2\/types\/page"}],"author":[{"embeddable":true,"href":"https:\/\/abc-latina.com\/wp-json\/wp\/v2\/users\/3"}],"replies":[{"embeddable":true,"href":"https:\/\/abc-latina.com\/wp-json\/wp\/v2\/comments?post=1201"}],"version-history":[{"count":1,"href":"https:\/\/abc-latina.com\/wp-json\/wp\/v2\/pages\/1201\/revisions"}],"predecessor-version":[{"id":3238,"href":"https:\/\/abc-latina.com\/wp-json\/wp\/v2\/pages\/1201\/revisions\/3238"}],"up":[{"embeddable":true,"href":"https:\/\/abc-latina.com\/wp-json\/wp\/v2\/pages\/2293"}],"wp:attachment":[{"href":"https:\/\/abc-latina.com\/wp-json\/wp\/v2\/media?parent=1201"}],"curies":[{"name":"wp","href":"https:\/\/api.w.org\/{rel}","templated":true}]}}