{"id":1202,"date":"2010-06-14T20:29:39","date_gmt":"2010-06-14T18:29:39","guid":{"rendered":"http:\/\/abc-latina.com\/hotels-htm-2\/"},"modified":"2026-04-30T18:24:54","modified_gmt":"2026-04-30T16:24:54","slug":"hotels","status":"publish","type":"page","link":"https:\/\/abc-latina.com\/chili\/hotels\/","title":{"rendered":"HOTELS au CHILI"},"content":{"rendered":"<div><img loading=\"lazy\" decoding=\"async\" class=\" size-full wp-image-73\" src=\"http:\/\/abc-latina.com\/wp-content\/uploads\/2010\/06\/026-reservation-chambre-d-hotel.jpg\" width=\"700\" height=\"446\" alt=\"\" srcset=\"https:\/\/abc-latina.com\/wp-content\/uploads\/2010\/06\/026-reservation-chambre-d-hotel.jpg 700w, https:\/\/abc-latina.com\/wp-content\/uploads\/2010\/06\/026-reservation-chambre-d-hotel-300x191.jpg 300w\" sizes=\"auto, (max-width: 700px) 100vw, 700px\" \/><\/div>\n<div>&nbsp;<\/div>\n<div>Ce moteur recherche simultan\u00e9ment votre <strong>chambre d&rsquo;h\u00f4tel au CHILI<\/strong> chez nos partenaires, compare les offres, v\u00e9rifie les disponibilit\u00e9s en temps r\u00e9el et classe instantan\u00e9ment les r\u00e9sultats du moins cher au plus cher.<\/div>\n<div><script type=\"text\/javascript\">\nvar uri = 'https:\/\/impfr.tradedoubler.com\/imp?type(img)g(23126366)a(966162)' + new String (Math.random()).substring (2, 11);\ndocument.write('<a href=\"https:\/\/clk.tradedoubler.com\/click?p=244245&#038;a=966162&#038;g=23126366\" target=\"_BLANK\"><img decoding=\"async\" src=\"'+uri+'\" border=0><\/a>');\n<\/script><\/div>\n<h3>A savoir sur les h\u00f4tels au Chili<\/h3>\n<p>Le Chili propose d&rsquo;excellentes opportunit\u00e9s de logement. Il est fortement conseill\u00e9 de proc\u00e9der \u00e0 une r\u00e9servation dans les lieux touristiques en haute saison. Les prix sont plus \u00e9lev\u00e9s dans la capitale Santiago que dans les provinces. Les prix \u00e0 Valpara\u00edso, Vi\u00f1a del Mar et pour les autres lieux de vill\u00e9giature courus augmentent pendant les vacances d&rsquo;\u00e9t\u00e9, de janvier \u00e0 mars.  Les membres d&rsquo;associations automobiles \u00e9trang\u00e8res peuvent obtenir des rabais dans les h\u00f4tels en s&rsquo;affiliant \u00e0 l&rsquo;Automobile Club du Chili.  Classification: Classement de 5 \u00e0 2 \u00e9toiles.   Taxe gouvernementale: Toutes les notes d&rsquo;h\u00f4tel sont soumises \u00e0 une TVA de 19%, sauf celles r\u00e9gl\u00e9es en devises \u00e9trang\u00e8res par des visiteurs \u00e9trangers et pour lesquelles il sera d\u00e9livr\u00e9 un re\u00e7u pour l&rsquo;exportation.<\/p>\n","protected":false},"excerpt":{"rendered":"<p>&nbsp; Ce moteur recherche simultan\u00e9ment votre chambre d&rsquo;h\u00f4tel au CHILI chez nos partenaires, compare les offres, v\u00e9rifie les disponibilit\u00e9s en [&hellip;]<\/p>\n","protected":false},"author":3,"featured_media":0,"parent":2293,"menu_order":0,"comment_status":"closed","ping_status":"closed","template":"","meta":{"site-sidebar-layout":"default","site-content-layout":"","ast-site-content-layout":"default","site-content-style":"default","site-sidebar-style":"default","ast-global-header-display":"","ast-banner-title-visibility":"","ast-main-header-display":"","ast-hfb-above-header-display":"","ast-hfb-below-header-display":"","ast-hfb-mobile-header-display":"","site-post-title":"","ast-breadcrumbs-content":"","ast-featured-img":"","footer-sml-layout":"","ast-disable-related-posts":"","theme-transparent-header-meta":"","adv-header-id-meta":"","stick-header-meta":"","header-above-stick-meta":"","header-main-stick-meta":"","header-below-stick-meta":"","astra-migrate-meta-layouts":"default","ast-page-background-enabled":"default","ast-page-background-meta":{"desktop":{"background-color":"var(--ast-global-color-5)","background-image":"","background-repeat":"repeat","background-position":"center center","background-size":"auto","background-attachment":"scroll","background-type":"","background-media":"","overlay-type":"","overlay-color":"","overlay-opacity":"","overlay-gradient":""},"tablet":{"background-color":"","background-image":"","background-repeat":"repeat","background-position":"center center","background-size":"auto","background-attachment":"scroll","background-type":"","background-media":"","overlay-type":"","overlay-color":"","overlay-opacity":"","overlay-gradient":""},"mobile":{"background-color":"","background-image":"","background-repeat":"repeat","background-position":"center center","background-size":"auto","background-attachment":"scroll","background-type":"","background-media":"","overlay-type":"","overlay-color":"","overlay-opacity":"","overlay-gradient":""}},"ast-content-background-meta":{"desktop":{"background-color":"var(--ast-global-color-4)","background-image":"","background-repeat":"repeat","background-position":"center center","background-size":"auto","background-attachment":"scroll","background-type":"","background-media":"","overlay-type":"","overlay-color":"","overlay-opacity":"","overlay-gradient":""},"tablet":{"background-color":"var(--ast-global-color-4)","background-image":"","background-repeat":"repeat","background-position":"center center","background-size":"auto","background-attachment":"scroll","background-type":"","background-media":"","overlay-type":"","overlay-color":"","overlay-opacity":"","overlay-gradient":""},"mobile":{"background-color":"var(--ast-global-color-4)","background-image":"","background-repeat":"repeat","background-position":"center center","background-size":"auto","background-attachment":"scroll","background-type":"","background-media":"","overlay-type":"","overlay-color":"","overlay-opacity":"","overlay-gradient":""}},"footnotes":""},"class_list":["post-1202","page","type-page","status-publish","hentry"],"yoast_head":"<!-- This site is optimized with the Yoast SEO plugin v27.5 - https:\/\/yoast.com\/product\/yoast-seo-wordpress\/ -->\n<title>HOTELS au CHILI - Abc-latina<\/title>\n<meta name=\"description\" content=\"Reservation de chambre d&#039;hotels au Chili. Hotels toutes cat\u00e9gories.  R\u00e9servation en ligne.  Hebergement au Chili.\" \/>\n<meta name=\"robots\" content=\"index, follow, max-snippet:-1, max-image-preview:large, max-video-preview:-1\" \/>\n<link rel=\"canonical\" href=\"https:\/\/abc-latina.com\/chili\/hotels\/\" \/>\n<meta property=\"og:locale\" content=\"fr_FR\" \/>\n<meta property=\"og:type\" content=\"article\" \/>\n<meta property=\"og:title\" content=\"HOTELS au CHILI - Abc-latina\" \/>\n<meta property=\"og:description\" content=\"Reservation de chambre d&#039;hotels au Chili. Hotels toutes cat\u00e9gories.  R\u00e9servation en ligne.  Hebergement au Chili.\" \/>\n<meta property=\"og:url\" content=\"https:\/\/abc-latina.com\/chili\/hotels\/\" \/>\n<meta property=\"og:site_name\" content=\"Abc-latina\" \/>\n<meta property=\"article:modified_time\" content=\"2026-04-30T16:24:54+00:00\" \/>\n<meta property=\"og:image\" content=\"http:\/\/abc-latina.com\/wp-content\/uploads\/2010\/06\/026-reservation-chambre-d-hotel.jpg\" \/>\n<meta name=\"twitter:card\" content=\"summary_large_image\" \/>\n<meta name=\"twitter:label1\" content=\"Dur\u00e9e de lecture estim\u00e9e\" \/>\n\t<meta name=\"twitter:data1\" content=\"1 minute\" \/>\n<script type=\"application\/ld+json\" class=\"yoast-schema-graph\">{\"@context\":\"https:\\\/\\\/schema.org\",\"@graph\":[{\"@type\":\"WebPage\",\"@id\":\"https:\\\/\\\/abc-latina.com\\\/chili\\\/hotels\\\/\",\"url\":\"https:\\\/\\\/abc-latina.com\\\/chili\\\/hotels\\\/\",\"name\":\"HOTELS au CHILI - Abc-latina\",\"isPartOf\":{\"@id\":\"https:\\\/\\\/abc-latina.com\\\/#website\"},\"primaryImageOfPage\":{\"@id\":\"https:\\\/\\\/abc-latina.com\\\/chili\\\/hotels\\\/#primaryimage\"},\"image\":{\"@id\":\"https:\\\/\\\/abc-latina.com\\\/chili\\\/hotels\\\/#primaryimage\"},\"thumbnailUrl\":\"http:\\\/\\\/abc-latina.com\\\/wp-content\\\/uploads\\\/2010\\\/06\\\/026-reservation-chambre-d-hotel.jpg\",\"datePublished\":\"2010-06-14T18:29:39+00:00\",\"dateModified\":\"2026-04-30T16:24:54+00:00\",\"description\":\"Reservation de chambre d'hotels au Chili. Hotels toutes cat\u00e9gories. R\u00e9servation en ligne. Hebergement au Chili.\",\"breadcrumb\":{\"@id\":\"https:\\\/\\\/abc-latina.com\\\/chili\\\/hotels\\\/#breadcrumb\"},\"inLanguage\":\"fr-FR\",\"potentialAction\":[{\"@type\":\"ReadAction\",\"target\":[\"https:\\\/\\\/abc-latina.com\\\/chili\\\/hotels\\\/\"]}]},{\"@type\":\"ImageObject\",\"inLanguage\":\"fr-FR\",\"@id\":\"https:\\\/\\\/abc-latina.com\\\/chili\\\/hotels\\\/#primaryimage\",\"url\":\"http:\\\/\\\/abc-latina.com\\\/wp-content\\\/uploads\\\/2010\\\/06\\\/026-reservation-chambre-d-hotel.jpg\",\"contentUrl\":\"http:\\\/\\\/abc-latina.com\\\/wp-content\\\/uploads\\\/2010\\\/06\\\/026-reservation-chambre-d-hotel.jpg\"},{\"@type\":\"BreadcrumbList\",\"@id\":\"https:\\\/\\\/abc-latina.com\\\/chili\\\/hotels\\\/#breadcrumb\",\"itemListElement\":[{\"@type\":\"ListItem\",\"position\":1,\"name\":\"Accueil\",\"item\":\"https:\\\/\\\/abc-latina.com\\\/\"},{\"@type\":\"ListItem\",\"position\":2,\"name\":\"HOTELS au CHILI\"}]},{\"@type\":\"WebSite\",\"@id\":\"https:\\\/\\\/abc-latina.com\\\/#website\",\"url\":\"https:\\\/\\\/abc-latina.com\\\/\",\"name\":\"Abc-latina\",\"description\":\"\",\"publisher\":{\"@id\":\"https:\\\/\\\/abc-latina.com\\\/#organization\"},\"potentialAction\":[{\"@type\":\"SearchAction\",\"target\":{\"@type\":\"EntryPoint\",\"urlTemplate\":\"https:\\\/\\\/abc-latina.com\\\/?s={search_term_string}\"},\"query-input\":{\"@type\":\"PropertyValueSpecification\",\"valueRequired\":true,\"valueName\":\"search_term_string\"}}],\"inLanguage\":\"fr-FR\"},{\"@type\":\"Organization\",\"@id\":\"https:\\\/\\\/abc-latina.com\\\/#organization\",\"name\":\"Abc-latina\",\"url\":\"https:\\\/\\\/abc-latina.com\\\/\",\"logo\":{\"@type\":\"ImageObject\",\"inLanguage\":\"fr-FR\",\"@id\":\"https:\\\/\\\/abc-latina.com\\\/#\\\/schema\\\/logo\\\/image\\\/\",\"url\":\"https:\\\/\\\/abc-latina.com\\\/wp-content\\\/uploads\\\/2026\\\/05\\\/cropped-logo.gif\",\"contentUrl\":\"https:\\\/\\\/abc-latina.com\\\/wp-content\\\/uploads\\\/2026\\\/05\\\/cropped-logo.gif\",\"width\":89,\"height\":84,\"caption\":\"Abc-latina\"},\"image\":{\"@id\":\"https:\\\/\\\/abc-latina.com\\\/#\\\/schema\\\/logo\\\/image\\\/\"}}]}<\/script>\n<!-- \/ Yoast SEO plugin. -->","yoast_head_json":{"title":"HOTELS au CHILI - Abc-latina","description":"Reservation de chambre d'hotels au Chili. Hotels toutes cat\u00e9gories.  R\u00e9servation en ligne.  Hebergement au Chili.","robots":{"index":"index","follow":"follow","max-snippet":"max-snippet:-1","max-image-preview":"max-image-preview:large","max-video-preview":"max-video-preview:-1"},"canonical":"https:\/\/abc-latina.com\/chili\/hotels\/","og_locale":"fr_FR","og_type":"article","og_title":"HOTELS au CHILI - Abc-latina","og_description":"Reservation de chambre d'hotels au Chili. Hotels toutes cat\u00e9gories.  R\u00e9servation en ligne.  Hebergement au Chili.","og_url":"https:\/\/abc-latina.com\/chili\/hotels\/","og_site_name":"Abc-latina","article_modified_time":"2026-04-30T16:24:54+00:00","og_image":[{"url":"http:\/\/abc-latina.com\/wp-content\/uploads\/2010\/06\/026-reservation-chambre-d-hotel.jpg","type":"","width":"","height":""}],"twitter_card":"summary_large_image","twitter_misc":{"Dur\u00e9e de lecture estim\u00e9e":"1 minute"},"schema":{"@context":"https:\/\/schema.org","@graph":[{"@type":"WebPage","@id":"https:\/\/abc-latina.com\/chili\/hotels\/","url":"https:\/\/abc-latina.com\/chili\/hotels\/","name":"HOTELS au CHILI - Abc-latina","isPartOf":{"@id":"https:\/\/abc-latina.com\/#website"},"primaryImageOfPage":{"@id":"https:\/\/abc-latina.com\/chili\/hotels\/#primaryimage"},"image":{"@id":"https:\/\/abc-latina.com\/chili\/hotels\/#primaryimage"},"thumbnailUrl":"http:\/\/abc-latina.com\/wp-content\/uploads\/2010\/06\/026-reservation-chambre-d-hotel.jpg","datePublished":"2010-06-14T18:29:39+00:00","dateModified":"2026-04-30T16:24:54+00:00","description":"Reservation de chambre d'hotels au Chili. Hotels toutes cat\u00e9gories. R\u00e9servation en ligne. Hebergement au Chili.","breadcrumb":{"@id":"https:\/\/abc-latina.com\/chili\/hotels\/#breadcrumb"},"inLanguage":"fr-FR","potentialAction":[{"@type":"ReadAction","target":["https:\/\/abc-latina.com\/chili\/hotels\/"]}]},{"@type":"ImageObject","inLanguage":"fr-FR","@id":"https:\/\/abc-latina.com\/chili\/hotels\/#primaryimage","url":"http:\/\/abc-latina.com\/wp-content\/uploads\/2010\/06\/026-reservation-chambre-d-hotel.jpg","contentUrl":"http:\/\/abc-latina.com\/wp-content\/uploads\/2010\/06\/026-reservation-chambre-d-hotel.jpg"},{"@type":"BreadcrumbList","@id":"https:\/\/abc-latina.com\/chili\/hotels\/#breadcrumb","itemListElement":[{"@type":"ListItem","position":1,"name":"Accueil","item":"https:\/\/abc-latina.com\/"},{"@type":"ListItem","position":2,"name":"HOTELS au CHILI"}]},{"@type":"WebSite","@id":"https:\/\/abc-latina.com\/#website","url":"https:\/\/abc-latina.com\/","name":"Abc-latina","description":"","publisher":{"@id":"https:\/\/abc-latina.com\/#organization"},"potentialAction":[{"@type":"SearchAction","target":{"@type":"EntryPoint","urlTemplate":"https:\/\/abc-latina.com\/?s={search_term_string}"},"query-input":{"@type":"PropertyValueSpecification","valueRequired":true,"valueName":"search_term_string"}}],"inLanguage":"fr-FR"},{"@type":"Organization","@id":"https:\/\/abc-latina.com\/#organization","name":"Abc-latina","url":"https:\/\/abc-latina.com\/","logo":{"@type":"ImageObject","inLanguage":"fr-FR","@id":"https:\/\/abc-latina.com\/#\/schema\/logo\/image\/","url":"https:\/\/abc-latina.com\/wp-content\/uploads\/2026\/05\/cropped-logo.gif","contentUrl":"https:\/\/abc-latina.com\/wp-content\/uploads\/2026\/05\/cropped-logo.gif","width":89,"height":84,"caption":"Abc-latina"},"image":{"@id":"https:\/\/abc-latina.com\/#\/schema\/logo\/image\/"}}]}},"_links":{"self":[{"href":"https:\/\/abc-latina.com\/wp-json\/wp\/v2\/pages\/1202","targetHints":{"allow":["GET"]}}],"collection":[{"href":"https:\/\/abc-latina.com\/wp-json\/wp\/v2\/pages"}],"about":[{"href":"https:\/\/abc-latina.com\/wp-json\/wp\/v2\/types\/page"}],"author":[{"embeddable":true,"href":"https:\/\/abc-latina.com\/wp-json\/wp\/v2\/users\/3"}],"replies":[{"embeddable":true,"href":"https:\/\/abc-latina.com\/wp-json\/wp\/v2\/comments?post=1202"}],"version-history":[{"count":1,"href":"https:\/\/abc-latina.com\/wp-json\/wp\/v2\/pages\/1202\/revisions"}],"predecessor-version":[{"id":3241,"href":"https:\/\/abc-latina.com\/wp-json\/wp\/v2\/pages\/1202\/revisions\/3241"}],"up":[{"embeddable":true,"href":"https:\/\/abc-latina.com\/wp-json\/wp\/v2\/pages\/2293"}],"wp:attachment":[{"href":"https:\/\/abc-latina.com\/wp-json\/wp\/v2\/media?parent=1202"}],"curies":[{"name":"wp","href":"https:\/\/api.w.org\/{rel}","templated":true}]}}