{"id":1207,"date":"2010-06-14T21:41:08","date_gmt":"2010-06-14T19:41:08","guid":{"rendered":"http:\/\/abc-latina.com\/president_chilien-htm\/"},"modified":"2018-06-12T10:42:26","modified_gmt":"2018-06-12T08:42:26","slug":"president_chilien","status":"publish","type":"page","link":"https:\/\/abc-latina.com\/president_chilien\/","title":{"rendered":"les PRESIDENTS CHILIENS"},"content":{"rendered":"<div>Bernardo O&rsquo;Higgins 1817 &#8211; 1823&nbsp;<\/div>\n<div>Ram\u00f3n Freire y Serrano 1823 &#8211; 1826&nbsp;<\/div>\n<div>Fernando Err\u00e1zuriz Aldunate 1824&nbsp;<\/div>\n<div>Manuel Blanco Encalada 1826&nbsp;<\/div>\n<div>Agust\u00edn Eyzaguirre 1826 &#8211; 1827&nbsp;<\/div>\n<div>Ram\u00f3n Freire y Serrano 1827&nbsp;<\/div>\n<div>Francisco Antonio Pinto D\u00edaz 1827 &#8211; 1829&nbsp;<\/div>\n<div>Francisco Ram\u00f3n Vicu\u00f1a 1829&nbsp;<\/div>\n<div>Francisco Ruiz Tagle 1830&nbsp;<\/div>\n<div>Jos\u00e9 Tom\u00e1s Ovalle 1830 &#8211; 1831&nbsp;<\/div>\n<div>Fernando Err\u00e1zuriz Aldunate 1831&nbsp;<\/div>\n<div>Jos\u00e9 Joaqu\u00edn Prieto Vial 1831 &#8211; 1841&nbsp;<\/div>\n<div>Manuel Bulnes Prieto 1841 &#8211; 1851&nbsp;<\/div>\n<div>Manuel Montt Torres 1851 &#8211; 1861&nbsp;<\/div>\n<div>Jos\u00e9 Joaqu\u00edn P\u00e9rez Mascayano 1861 &#8211; 1871&nbsp;<\/div>\n<div>Federico Err\u00e1zuriz Za\u00f1artu 1871 &#8211; 1876&nbsp;<\/div>\n<div>An\u00edbal Pinto Garmendia 1876 &#8211; 1881&nbsp;<\/div>\n<div>Domingo Santa Mar\u00eda Gonz\u00e1lez 1881 &#8211; 1886&nbsp;<\/div>\n<div>Jos\u00e9 Manuel Balmaceda Fern\u00e1ndez 1886 &#8211; 1891&nbsp;<\/div>\n<div>Jorge Montt \u00c1lvarez 1891 &#8211; 1896&nbsp;<\/div>\n<div>Federico Err\u00e1zuriz Echaurren 1896 &#8211; 1901&nbsp;<\/div>\n<div>Germ\u00e1n Riesco Err\u00e1zuriz 1901 &#8211; 1906&nbsp;<\/div>\n<div>Pedro Montt Montt 1906 &#8211; 1910&nbsp;<\/div>\n<div>Ram\u00f3n Barros Luco 1910 &#8211; 1915&nbsp;<\/div>\n<div>Juan Luis Sanfuentes Andonaegui 1915 &#8211; 1920&nbsp;<\/div>\n<div>Arturo Alessandri Palma 1920 &#8211; 1925&nbsp;<\/div>\n<div>Luis Altamirano 1924 &#8211; 1925&nbsp;<\/div>\n<div>Arturo Alessandri Palma 1925&nbsp;<\/div>\n<div>Luis Barros Borgo\u00f1o 1925&nbsp;<\/div>\n<div>Emiliano Figueroa Larra\u00edn 1925 &#8211; 1927&nbsp;<\/div>\n<div>Carlos Ib\u00e1\u00f1ez del Campo 1927 &#8211; 1931&nbsp;<\/div>\n<div>Pedro Opazo Letelier 1931&nbsp;<\/div>\n<div>Juan Esteban Montero 1931 &#8211; 1932&nbsp;<\/div>\n<div>Carlos D\u00e1vila 1932&nbsp;<\/div>\n<div>Bartolom\u00e9 Blanche 1932&nbsp;<\/div>\n<div>Abraham Oyanedel 1932&nbsp;<\/div>\n<div>Arturo Alessandri Palma 1932 &#8211; 1938&nbsp;<\/div>\n<div>Pedro Aguirre Cerda 1938 &#8211; 1941&nbsp;<\/div>\n<div>Jer\u00f3nimo M\u00e9ndez 1941 &#8211; 1942&nbsp;<\/div>\n<div>Juan Antonio R\u00edos 1942 &#8211; 1946&nbsp;<\/div>\n<div>Gabriel Gonz\u00e1lez Videla 1946 &#8211; 1952&nbsp;<\/div>\n<div>Carlos Iba\u00f1ez del Campo 1952 &#8211; 1958&nbsp;<\/div>\n<div>Jorge Alessandri Rodr\u00edguez 1958 &#8211; 1964&nbsp;<\/div>\n<div>Eduardo Frei Montalva 1964 &#8211; 1970&nbsp;<\/div>\n<div><a target=\"_blank\" href=\"https:\/\/www.abc-latina.com\/personnalites\/salvador_allende\">Salvador Allende Gossens<\/a> 1970 &#8211; 1973&nbsp;<\/div>\n<div><a target=\"_blank\" href=\"https:\/\/www.abc-latina.com\/personnalites\/augusto_pinochet\">Augusto Pinochet Ugarte<\/a> 1974 &#8211; 1990&nbsp;<\/div>\n<div><a target=\"_blank\" href=\"https:\/\/www.abc-latina.com\/personnalites\/patricio_aylwin\">Patricio Aylwin Az\u00f3car<\/a> 1990 &#8211; 1994&nbsp;<\/div>\n<div>Eduardo Frei Ruiz-Tagle 1994 &#8211; 2000&nbsp;<\/div>\n<div>Ricardo Lagos Escobar 2000 &#8211; 2006<\/div>\n<div><a target=\"_blank\" href=\"https:\/\/www.abc-latina.com\/personnalites\/michelle_bachelet\">Michele Bachelet<\/a> &#8211; 2006 &#8211; 2010<\/div>\n<div>Sebastian Pi\u00f1era &#8211; 2010 &#8211; 2014<\/div>\n<div>Michele Bachelet &#8211; Depuis 2014<\/div>\n","protected":false},"excerpt":{"rendered":"<p>Bernardo O&rsquo;Higgins 1817 &#8211; 1823&nbsp; Ram\u00f3n Freire y Serrano 1823 &#8211; 1826&nbsp; Fernando Err\u00e1zuriz Aldunate 1824&nbsp; Manuel Blanco Encalada 1826&nbsp; [&hellip;]<\/p>\n","protected":false},"author":3,"featured_media":0,"parent":0,"menu_order":0,"comment_status":"closed","ping_status":"closed","template":"","meta":{"site-sidebar-layout":"default","site-content-layout":"","ast-site-content-layout":"default","site-content-style":"default","site-sidebar-style":"default","ast-global-header-display":"","ast-banner-title-visibility":"","ast-main-header-display":"","ast-hfb-above-header-display":"","ast-hfb-below-header-display":"","ast-hfb-mobile-header-display":"","site-post-title":"","ast-breadcrumbs-content":"","ast-featured-img":"","footer-sml-layout":"","ast-disable-related-posts":"","theme-transparent-header-meta":"","adv-header-id-meta":"","stick-header-meta":"","header-above-stick-meta":"","header-main-stick-meta":"","header-below-stick-meta":"","astra-migrate-meta-layouts":"default","ast-page-background-enabled":"default","ast-page-background-meta":{"desktop":{"background-color":"var(--ast-global-color-5)","background-image":"","background-repeat":"repeat","background-position":"center center","background-size":"auto","background-attachment":"scroll","background-type":"","background-media":"","overlay-type":"","overlay-color":"","overlay-opacity":"","overlay-gradient":""},"tablet":{"background-color":"","background-image":"","background-repeat":"repeat","background-position":"center center","background-size":"auto","background-attachment":"scroll","background-type":"","background-media":"","overlay-type":"","overlay-color":"","overlay-opacity":"","overlay-gradient":""},"mobile":{"background-color":"","background-image":"","background-repeat":"repeat","background-position":"center center","background-size":"auto","background-attachment":"scroll","background-type":"","background-media":"","overlay-type":"","overlay-color":"","overlay-opacity":"","overlay-gradient":""}},"ast-content-background-meta":{"desktop":{"background-color":"var(--ast-global-color-4)","background-image":"","background-repeat":"repeat","background-position":"center center","background-size":"auto","background-attachment":"scroll","background-type":"","background-media":"","overlay-type":"","overlay-color":"","overlay-opacity":"","overlay-gradient":""},"tablet":{"background-color":"var(--ast-global-color-4)","background-image":"","background-repeat":"repeat","background-position":"center center","background-size":"auto","background-attachment":"scroll","background-type":"","background-media":"","overlay-type":"","overlay-color":"","overlay-opacity":"","overlay-gradient":""},"mobile":{"background-color":"var(--ast-global-color-4)","background-image":"","background-repeat":"repeat","background-position":"center center","background-size":"auto","background-attachment":"scroll","background-type":"","background-media":"","overlay-type":"","overlay-color":"","overlay-opacity":"","overlay-gradient":""}},"footnotes":""},"class_list":["post-1207","page","type-page","status-publish","hentry"],"yoast_head":"<!-- This site is optimized with the Yoast SEO plugin v27.5 - https:\/\/yoast.com\/product\/yoast-seo-wordpress\/ -->\n<title>les PRESIDENTS CHILIENS - Abc-latina<\/title>\n<meta name=\"description\" content=\"Les pr\u00e9sidents chiliens.\" \/>\n<meta name=\"robots\" content=\"index, follow, max-snippet:-1, max-image-preview:large, max-video-preview:-1\" \/>\n<link rel=\"canonical\" href=\"https:\/\/abc-latina.com\/president_chilien\/\" \/>\n<meta property=\"og:locale\" content=\"fr_FR\" \/>\n<meta property=\"og:type\" content=\"article\" \/>\n<meta property=\"og:title\" content=\"les PRESIDENTS CHILIENS - Abc-latina\" \/>\n<meta property=\"og:description\" content=\"Les pr\u00e9sidents chiliens.\" \/>\n<meta property=\"og:url\" content=\"https:\/\/abc-latina.com\/president_chilien\/\" \/>\n<meta property=\"og:site_name\" content=\"Abc-latina\" \/>\n<meta property=\"article:modified_time\" content=\"2018-06-12T08:42:26+00:00\" \/>\n<meta name=\"twitter:card\" content=\"summary_large_image\" \/>\n<meta name=\"twitter:label1\" content=\"Dur\u00e9e de lecture estim\u00e9e\" \/>\n\t<meta name=\"twitter:data1\" content=\"1 minute\" \/>\n<script type=\"application\/ld+json\" class=\"yoast-schema-graph\">{\"@context\":\"https:\\\/\\\/schema.org\",\"@graph\":[{\"@type\":\"WebPage\",\"@id\":\"https:\\\/\\\/abc-latina.com\\\/president_chilien\\\/\",\"url\":\"https:\\\/\\\/abc-latina.com\\\/president_chilien\\\/\",\"name\":\"les PRESIDENTS CHILIENS - Abc-latina\",\"isPartOf\":{\"@id\":\"https:\\\/\\\/abc-latina.com\\\/#website\"},\"datePublished\":\"2010-06-14T19:41:08+00:00\",\"dateModified\":\"2018-06-12T08:42:26+00:00\",\"description\":\"Les pr\u00e9sidents chiliens.\",\"breadcrumb\":{\"@id\":\"https:\\\/\\\/abc-latina.com\\\/president_chilien\\\/#breadcrumb\"},\"inLanguage\":\"fr-FR\",\"potentialAction\":[{\"@type\":\"ReadAction\",\"target\":[\"https:\\\/\\\/abc-latina.com\\\/president_chilien\\\/\"]}]},{\"@type\":\"BreadcrumbList\",\"@id\":\"https:\\\/\\\/abc-latina.com\\\/president_chilien\\\/#breadcrumb\",\"itemListElement\":[{\"@type\":\"ListItem\",\"position\":1,\"name\":\"Accueil\",\"item\":\"https:\\\/\\\/abc-latina.com\\\/\"},{\"@type\":\"ListItem\",\"position\":2,\"name\":\"les PRESIDENTS CHILIENS\"}]},{\"@type\":\"WebSite\",\"@id\":\"https:\\\/\\\/abc-latina.com\\\/#website\",\"url\":\"https:\\\/\\\/abc-latina.com\\\/\",\"name\":\"Abc-latina\",\"description\":\"\",\"publisher\":{\"@id\":\"https:\\\/\\\/abc-latina.com\\\/#organization\"},\"potentialAction\":[{\"@type\":\"SearchAction\",\"target\":{\"@type\":\"EntryPoint\",\"urlTemplate\":\"https:\\\/\\\/abc-latina.com\\\/?s={search_term_string}\"},\"query-input\":{\"@type\":\"PropertyValueSpecification\",\"valueRequired\":true,\"valueName\":\"search_term_string\"}}],\"inLanguage\":\"fr-FR\"},{\"@type\":\"Organization\",\"@id\":\"https:\\\/\\\/abc-latina.com\\\/#organization\",\"name\":\"Abc-latina\",\"url\":\"https:\\\/\\\/abc-latina.com\\\/\",\"logo\":{\"@type\":\"ImageObject\",\"inLanguage\":\"fr-FR\",\"@id\":\"https:\\\/\\\/abc-latina.com\\\/#\\\/schema\\\/logo\\\/image\\\/\",\"url\":\"https:\\\/\\\/abc-latina.com\\\/wp-content\\\/uploads\\\/2026\\\/05\\\/cropped-logo.gif\",\"contentUrl\":\"https:\\\/\\\/abc-latina.com\\\/wp-content\\\/uploads\\\/2026\\\/05\\\/cropped-logo.gif\",\"width\":89,\"height\":84,\"caption\":\"Abc-latina\"},\"image\":{\"@id\":\"https:\\\/\\\/abc-latina.com\\\/#\\\/schema\\\/logo\\\/image\\\/\"}}]}<\/script>\n<!-- \/ Yoast SEO plugin. -->","yoast_head_json":{"title":"les PRESIDENTS CHILIENS - Abc-latina","description":"Les pr\u00e9sidents chiliens.","robots":{"index":"index","follow":"follow","max-snippet":"max-snippet:-1","max-image-preview":"max-image-preview:large","max-video-preview":"max-video-preview:-1"},"canonical":"https:\/\/abc-latina.com\/president_chilien\/","og_locale":"fr_FR","og_type":"article","og_title":"les PRESIDENTS CHILIENS - Abc-latina","og_description":"Les pr\u00e9sidents chiliens.","og_url":"https:\/\/abc-latina.com\/president_chilien\/","og_site_name":"Abc-latina","article_modified_time":"2018-06-12T08:42:26+00:00","twitter_card":"summary_large_image","twitter_misc":{"Dur\u00e9e de lecture estim\u00e9e":"1 minute"},"schema":{"@context":"https:\/\/schema.org","@graph":[{"@type":"WebPage","@id":"https:\/\/abc-latina.com\/president_chilien\/","url":"https:\/\/abc-latina.com\/president_chilien\/","name":"les PRESIDENTS CHILIENS - Abc-latina","isPartOf":{"@id":"https:\/\/abc-latina.com\/#website"},"datePublished":"2010-06-14T19:41:08+00:00","dateModified":"2018-06-12T08:42:26+00:00","description":"Les pr\u00e9sidents chiliens.","breadcrumb":{"@id":"https:\/\/abc-latina.com\/president_chilien\/#breadcrumb"},"inLanguage":"fr-FR","potentialAction":[{"@type":"ReadAction","target":["https:\/\/abc-latina.com\/president_chilien\/"]}]},{"@type":"BreadcrumbList","@id":"https:\/\/abc-latina.com\/president_chilien\/#breadcrumb","itemListElement":[{"@type":"ListItem","position":1,"name":"Accueil","item":"https:\/\/abc-latina.com\/"},{"@type":"ListItem","position":2,"name":"les PRESIDENTS CHILIENS"}]},{"@type":"WebSite","@id":"https:\/\/abc-latina.com\/#website","url":"https:\/\/abc-latina.com\/","name":"Abc-latina","description":"","publisher":{"@id":"https:\/\/abc-latina.com\/#organization"},"potentialAction":[{"@type":"SearchAction","target":{"@type":"EntryPoint","urlTemplate":"https:\/\/abc-latina.com\/?s={search_term_string}"},"query-input":{"@type":"PropertyValueSpecification","valueRequired":true,"valueName":"search_term_string"}}],"inLanguage":"fr-FR"},{"@type":"Organization","@id":"https:\/\/abc-latina.com\/#organization","name":"Abc-latina","url":"https:\/\/abc-latina.com\/","logo":{"@type":"ImageObject","inLanguage":"fr-FR","@id":"https:\/\/abc-latina.com\/#\/schema\/logo\/image\/","url":"https:\/\/abc-latina.com\/wp-content\/uploads\/2026\/05\/cropped-logo.gif","contentUrl":"https:\/\/abc-latina.com\/wp-content\/uploads\/2026\/05\/cropped-logo.gif","width":89,"height":84,"caption":"Abc-latina"},"image":{"@id":"https:\/\/abc-latina.com\/#\/schema\/logo\/image\/"}}]}},"_links":{"self":[{"href":"https:\/\/abc-latina.com\/wp-json\/wp\/v2\/pages\/1207","targetHints":{"allow":["GET"]}}],"collection":[{"href":"https:\/\/abc-latina.com\/wp-json\/wp\/v2\/pages"}],"about":[{"href":"https:\/\/abc-latina.com\/wp-json\/wp\/v2\/types\/page"}],"author":[{"embeddable":true,"href":"https:\/\/abc-latina.com\/wp-json\/wp\/v2\/users\/3"}],"replies":[{"embeddable":true,"href":"https:\/\/abc-latina.com\/wp-json\/wp\/v2\/comments?post=1207"}],"version-history":[{"count":0,"href":"https:\/\/abc-latina.com\/wp-json\/wp\/v2\/pages\/1207\/revisions"}],"wp:attachment":[{"href":"https:\/\/abc-latina.com\/wp-json\/wp\/v2\/media?parent=1207"}],"curies":[{"name":"wp","href":"https:\/\/api.w.org\/{rel}","templated":true}]}}