{"id":1210,"date":"2010-06-14T23:11:38","date_gmt":"2010-06-14T21:11:38","guid":{"rendered":"http:\/\/abc-latina.com\/geo-htm-4\/"},"modified":"2026-04-30T18:25:08","modified_gmt":"2026-04-30T16:25:08","slug":"geo","status":"publish","type":"page","link":"https:\/\/abc-latina.com\/mexique\/geo\/","title":{"rendered":"GEOGRAPHIE &#8211; MEXIQUE"},"content":{"rendered":"<div><img loading=\"lazy\" decoding=\"async\" class=\" alignright size-full wp-image-1103\" src=\"http:\/\/abc-latina.com\/wp-content\/uploads\/2010\/06\/america_mexique.png\" style=\"margin: 5px; float: right;\" title=\"GEOGRAPHIE DU MEXIQUE\" alt=\"\" width=\"118\" height=\"122\" \/><span class=\"geo-info\">Le Mexique<\/span> est situ\u00e9 en Am\u00e9rique du Nord \u00e0 la limite des Etats-Unis au Nord, du Golfe de Californie au Nord Ouest, de l&rsquo;Oc\u00e9an Pacifique \u00e0 l&rsquo;Ouest, du Guatemala et Belize au Sud, et du Golfe du Mexique et des Cara\u00efbes \u00e0 l&rsquo;Est.&nbsp;<\/div>\n<div>&nbsp;<\/div>\n<div>La g\u00e9ographie du Mexique est tr\u00e8s vari\u00e9e et offre beaucoup de contrastes, il y a des zones mar\u00e9cageuses et d\u00e9sertiques, des zones de v\u00e9g\u00e9tation et de climat tropical et des zones de hautes montagnes.&nbsp;<\/div>\n<div>Le Mexique a plus de 10 000 km de plages, r\u00e9parties sur 7 100 km sur la c\u00f4te Pacifique et les autres 2 900 km sur le Golfe du Mexique et la Mer des Cara\u00efbes. Pr\u00e8s de la moiti\u00e9 du territoire mexicain a une altitude moyenne de 1 000 m\u00e8tres et le volcan Pico de Orizaba (ou Citlat\u00e9pelt) atteint les 5 747 m\u00e8tres d&rsquo;altitude.<\/div>\n<div>&nbsp;<\/div>\n<div>La partie centrale du Mexique est un plateau \u00e9lev\u00e9 entour\u00e9 par des hautes montagnes, certaines d&rsquo;entre elles sont d&rsquo;origine volcanique.&nbsp;<\/div>\n<div>&nbsp;<\/div>\n<div>La partie Nord de ce plateau est aride et peu peupl\u00e9e bien qu&rsquo;elle occupe 40% du territoire du pays.<\/div>\n<div>&nbsp;<\/div>\n<div>La zone Sud est travers\u00e9e par une cha\u00eene montagneuse volcanique depuis Cabo Corrientes \u00e0 l&rsquo;Ouest jusqu&rsquo;\u00e0 Veracruz \u00e0 l&rsquo;Est, en passant par la Vall\u00e9e du Mexique et en incluant de magnifiques volcans comme Orizzaba, Popocat\u00e9petl, Ixtaccihuati, Nevado de Toluca, Matlalcueyetl et Cofre de Perote. Cette zone est le coeur du Mexique et contient la moiti\u00e9 de la population du pays. Au Sud les terres descendent jusqu&rsquo;\u00e0 la petite population de l&rsquo;isthme de Tehuantepec .A l&rsquo;Est, la c\u00f4te du Golfe et la p\u00e9ninsule de Yucat\u00e1n sont des plaines et re\u00e7oivent 75% des pr\u00e9cipitations du Mexique.<\/div>\n<div>&nbsp;<\/div>\n<div>La r\u00e9gion agricole la plus productive du Mexique est celle du Nord Ouest alors que sur la c\u00f4te du Golfe, la richesse provient du p\u00e9trole et de du souffre.<\/div>\n<div>&nbsp;<\/div>\n<div>Au large de la c\u00f4te Nord Ouest, face \u00e0 la p\u00e9ninsule de la Basse Californie et au Sud Est au large de la c\u00f4te de la Baie de Campeche et la p\u00e9ninsule de Yucat\u00e1n, les terres basses sont mar\u00e9cageuses avec des lagunes c\u00f4ti\u00e8res.&nbsp;<\/div>\n<div>&nbsp;<\/div>\n<div><span class=\"tourisme-chapitre\">G\u00e9ographie du Mexique: Chiffres<\/span><\/div>\n<div><span class=\"geo-info2\">Capitale:<\/span> Mexico&nbsp;<\/div>\n<div><span class=\"geo-info2\">Superficie:<\/span> 1 958 201 km&sup2;<\/div>\n<div>3,5 fois la France<\/div>\n<div>47 fois la Suisse<\/div>\n<div>64 fois la Belgique<\/div>\n<div>mais 5 fois plus petit que le Canada.&nbsp;<\/div>\n<div><span class=\"geo-info2\">Population:<\/span> 95 millions&nbsp;<\/div>\n<div>Urbaine \u00e0&nbsp;<\/div>\n<div>Rurale \u00e0&nbsp;<\/div>\n<div>Densit\u00e9 46,2 hab\/km&sup2;&nbsp;<\/div>\n<div>31 \u00e9tats + la ville de Mexico<\/div>\n<div>Indice de f\u00e9condit\u00e9:&nbsp;<\/div>\n<div>Esp\u00e9rance de vie:&nbsp;<\/div>\n<div>Taux d&rsquo;alphab\u00e9tisation:&nbsp;<\/div>\n<div><span class=\"geo-info2\">Langue:<\/span> Espagnol<\/div>\n<div><span class=\"geo-info2\">Divers:<\/span> <a href=\"https:\/\/www.abc-latina.com\/mexique\/div\/hymne\">Hymne national<\/a><\/div>\n<div>&nbsp;<\/div>\n","protected":false},"excerpt":{"rendered":"<p>Le Mexique est situ\u00e9 en Am\u00e9rique du Nord \u00e0 la limite des Etats-Unis au Nord, du Golfe de Californie au [&hellip;]<\/p>\n","protected":false},"author":3,"featured_media":1103,"parent":2308,"menu_order":0,"comment_status":"closed","ping_status":"closed","template":"","meta":{"site-sidebar-layout":"default","site-content-layout":"","ast-site-content-layout":"default","site-content-style":"default","site-sidebar-style":"default","ast-global-header-display":"","ast-banner-title-visibility":"","ast-main-header-display":"","ast-hfb-above-header-display":"","ast-hfb-below-header-display":"","ast-hfb-mobile-header-display":"","site-post-title":"","ast-breadcrumbs-content":"","ast-featured-img":"","footer-sml-layout":"","ast-disable-related-posts":"","theme-transparent-header-meta":"","adv-header-id-meta":"","stick-header-meta":"","header-above-stick-meta":"","header-main-stick-meta":"","header-below-stick-meta":"","astra-migrate-meta-layouts":"default","ast-page-background-enabled":"default","ast-page-background-meta":{"desktop":{"background-color":"var(--ast-global-color-5)","background-image":"","background-repeat":"repeat","background-position":"center center","background-size":"auto","background-attachment":"scroll","background-type":"","background-media":"","overlay-type":"","overlay-color":"","overlay-opacity":"","overlay-gradient":""},"tablet":{"background-color":"","background-image":"","background-repeat":"repeat","background-position":"center center","background-size":"auto","background-attachment":"scroll","background-type":"","background-media":"","overlay-type":"","overlay-color":"","overlay-opacity":"","overlay-gradient":""},"mobile":{"background-color":"","background-image":"","background-repeat":"repeat","background-position":"center center","background-size":"auto","background-attachment":"scroll","background-type":"","background-media":"","overlay-type":"","overlay-color":"","overlay-opacity":"","overlay-gradient":""}},"ast-content-background-meta":{"desktop":{"background-color":"var(--ast-global-color-4)","background-image":"","background-repeat":"repeat","background-position":"center center","background-size":"auto","background-attachment":"scroll","background-type":"","background-media":"","overlay-type":"","overlay-color":"","overlay-opacity":"","overlay-gradient":""},"tablet":{"background-color":"var(--ast-global-color-4)","background-image":"","background-repeat":"repeat","background-position":"center center","background-size":"auto","background-attachment":"scroll","background-type":"","background-media":"","overlay-type":"","overlay-color":"","overlay-opacity":"","overlay-gradient":""},"mobile":{"background-color":"var(--ast-global-color-4)","background-image":"","background-repeat":"repeat","background-position":"center center","background-size":"auto","background-attachment":"scroll","background-type":"","background-media":"","overlay-type":"","overlay-color":"","overlay-opacity":"","overlay-gradient":""}},"footnotes":""},"class_list":["post-1210","page","type-page","status-publish","has-post-thumbnail","hentry"],"yoast_head":"<!-- This site is optimized with the Yoast SEO plugin v27.5 - https:\/\/yoast.com\/product\/yoast-seo-wordpress\/ -->\n<title>GEOGRAPHIE - MEXIQUE - Abc-latina<\/title>\n<meta name=\"description\" content=\"Le Mexique est un pays de presque 2 million de km\u00b2, 31 \u00e9tats et d&#039;une grande vari\u00e9t\u00e9s de paysages.\" \/>\n<meta name=\"robots\" content=\"index, follow, max-snippet:-1, max-image-preview:large, max-video-preview:-1\" \/>\n<link rel=\"canonical\" href=\"https:\/\/abc-latina.com\/mexique\/geo\/\" \/>\n<meta property=\"og:locale\" content=\"fr_FR\" \/>\n<meta property=\"og:type\" content=\"article\" \/>\n<meta property=\"og:title\" content=\"GEOGRAPHIE - MEXIQUE - Abc-latina\" \/>\n<meta property=\"og:description\" content=\"Le Mexique est un pays de presque 2 million de km\u00b2, 31 \u00e9tats et d&#039;une grande vari\u00e9t\u00e9s de paysages.\" \/>\n<meta property=\"og:url\" content=\"https:\/\/abc-latina.com\/mexique\/geo\/\" \/>\n<meta property=\"og:site_name\" content=\"Abc-latina\" \/>\n<meta property=\"article:modified_time\" content=\"2026-04-30T16:25:08+00:00\" \/>\n<meta property=\"og:image\" content=\"https:\/\/abc-latina.com\/wp-content\/uploads\/2010\/06\/america_mexique.png\" \/>\n\t<meta property=\"og:image:width\" content=\"118\" \/>\n\t<meta property=\"og:image:height\" content=\"122\" \/>\n\t<meta property=\"og:image:type\" content=\"image\/png\" \/>\n<meta name=\"twitter:card\" content=\"summary_large_image\" \/>\n<meta name=\"twitter:label1\" content=\"Dur\u00e9e de lecture estim\u00e9e\" \/>\n\t<meta name=\"twitter:data1\" content=\"2 minutes\" \/>\n<script type=\"application\/ld+json\" class=\"yoast-schema-graph\">{\"@context\":\"https:\\\/\\\/schema.org\",\"@graph\":[{\"@type\":\"WebPage\",\"@id\":\"https:\\\/\\\/abc-latina.com\\\/mexique\\\/geo\\\/\",\"url\":\"https:\\\/\\\/abc-latina.com\\\/mexique\\\/geo\\\/\",\"name\":\"GEOGRAPHIE - MEXIQUE - Abc-latina\",\"isPartOf\":{\"@id\":\"https:\\\/\\\/abc-latina.com\\\/#website\"},\"primaryImageOfPage\":{\"@id\":\"https:\\\/\\\/abc-latina.com\\\/mexique\\\/geo\\\/#primaryimage\"},\"image\":{\"@id\":\"https:\\\/\\\/abc-latina.com\\\/mexique\\\/geo\\\/#primaryimage\"},\"thumbnailUrl\":\"https:\\\/\\\/abc-latina.com\\\/wp-content\\\/uploads\\\/2010\\\/06\\\/america_mexique.png\",\"datePublished\":\"2010-06-14T21:11:38+00:00\",\"dateModified\":\"2026-04-30T16:25:08+00:00\",\"description\":\"Le Mexique est un pays de presque 2 million de km\u00b2, 31 \u00e9tats et d'une grande vari\u00e9t\u00e9s de paysages.\",\"breadcrumb\":{\"@id\":\"https:\\\/\\\/abc-latina.com\\\/mexique\\\/geo\\\/#breadcrumb\"},\"inLanguage\":\"fr-FR\",\"potentialAction\":[{\"@type\":\"ReadAction\",\"target\":[\"https:\\\/\\\/abc-latina.com\\\/mexique\\\/geo\\\/\"]}]},{\"@type\":\"ImageObject\",\"inLanguage\":\"fr-FR\",\"@id\":\"https:\\\/\\\/abc-latina.com\\\/mexique\\\/geo\\\/#primaryimage\",\"url\":\"https:\\\/\\\/abc-latina.com\\\/wp-content\\\/uploads\\\/2010\\\/06\\\/america_mexique.png\",\"contentUrl\":\"https:\\\/\\\/abc-latina.com\\\/wp-content\\\/uploads\\\/2010\\\/06\\\/america_mexique.png\",\"width\":118,\"height\":122},{\"@type\":\"BreadcrumbList\",\"@id\":\"https:\\\/\\\/abc-latina.com\\\/mexique\\\/geo\\\/#breadcrumb\",\"itemListElement\":[{\"@type\":\"ListItem\",\"position\":1,\"name\":\"Accueil\",\"item\":\"https:\\\/\\\/abc-latina.com\\\/\"},{\"@type\":\"ListItem\",\"position\":2,\"name\":\"GEOGRAPHIE &#8211; MEXIQUE\"}]},{\"@type\":\"WebSite\",\"@id\":\"https:\\\/\\\/abc-latina.com\\\/#website\",\"url\":\"https:\\\/\\\/abc-latina.com\\\/\",\"name\":\"Abc-latina\",\"description\":\"\",\"publisher\":{\"@id\":\"https:\\\/\\\/abc-latina.com\\\/#organization\"},\"potentialAction\":[{\"@type\":\"SearchAction\",\"target\":{\"@type\":\"EntryPoint\",\"urlTemplate\":\"https:\\\/\\\/abc-latina.com\\\/?s={search_term_string}\"},\"query-input\":{\"@type\":\"PropertyValueSpecification\",\"valueRequired\":true,\"valueName\":\"search_term_string\"}}],\"inLanguage\":\"fr-FR\"},{\"@type\":\"Organization\",\"@id\":\"https:\\\/\\\/abc-latina.com\\\/#organization\",\"name\":\"Abc-latina\",\"url\":\"https:\\\/\\\/abc-latina.com\\\/\",\"logo\":{\"@type\":\"ImageObject\",\"inLanguage\":\"fr-FR\",\"@id\":\"https:\\\/\\\/abc-latina.com\\\/#\\\/schema\\\/logo\\\/image\\\/\",\"url\":\"https:\\\/\\\/abc-latina.com\\\/wp-content\\\/uploads\\\/2026\\\/05\\\/cropped-logo.gif\",\"contentUrl\":\"https:\\\/\\\/abc-latina.com\\\/wp-content\\\/uploads\\\/2026\\\/05\\\/cropped-logo.gif\",\"width\":89,\"height\":84,\"caption\":\"Abc-latina\"},\"image\":{\"@id\":\"https:\\\/\\\/abc-latina.com\\\/#\\\/schema\\\/logo\\\/image\\\/\"}}]}<\/script>\n<!-- \/ Yoast SEO plugin. -->","yoast_head_json":{"title":"GEOGRAPHIE - MEXIQUE - Abc-latina","description":"Le Mexique est un pays de presque 2 million de km\u00b2, 31 \u00e9tats et d'une grande vari\u00e9t\u00e9s de paysages.","robots":{"index":"index","follow":"follow","max-snippet":"max-snippet:-1","max-image-preview":"max-image-preview:large","max-video-preview":"max-video-preview:-1"},"canonical":"https:\/\/abc-latina.com\/mexique\/geo\/","og_locale":"fr_FR","og_type":"article","og_title":"GEOGRAPHIE - MEXIQUE - Abc-latina","og_description":"Le Mexique est un pays de presque 2 million de km\u00b2, 31 \u00e9tats et d'une grande vari\u00e9t\u00e9s de paysages.","og_url":"https:\/\/abc-latina.com\/mexique\/geo\/","og_site_name":"Abc-latina","article_modified_time":"2026-04-30T16:25:08+00:00","og_image":[{"width":118,"height":122,"url":"https:\/\/abc-latina.com\/wp-content\/uploads\/2010\/06\/america_mexique.png","type":"image\/png"}],"twitter_card":"summary_large_image","twitter_misc":{"Dur\u00e9e de lecture estim\u00e9e":"2 minutes"},"schema":{"@context":"https:\/\/schema.org","@graph":[{"@type":"WebPage","@id":"https:\/\/abc-latina.com\/mexique\/geo\/","url":"https:\/\/abc-latina.com\/mexique\/geo\/","name":"GEOGRAPHIE - MEXIQUE - Abc-latina","isPartOf":{"@id":"https:\/\/abc-latina.com\/#website"},"primaryImageOfPage":{"@id":"https:\/\/abc-latina.com\/mexique\/geo\/#primaryimage"},"image":{"@id":"https:\/\/abc-latina.com\/mexique\/geo\/#primaryimage"},"thumbnailUrl":"https:\/\/abc-latina.com\/wp-content\/uploads\/2010\/06\/america_mexique.png","datePublished":"2010-06-14T21:11:38+00:00","dateModified":"2026-04-30T16:25:08+00:00","description":"Le Mexique est un pays de presque 2 million de km\u00b2, 31 \u00e9tats et d'une grande vari\u00e9t\u00e9s de paysages.","breadcrumb":{"@id":"https:\/\/abc-latina.com\/mexique\/geo\/#breadcrumb"},"inLanguage":"fr-FR","potentialAction":[{"@type":"ReadAction","target":["https:\/\/abc-latina.com\/mexique\/geo\/"]}]},{"@type":"ImageObject","inLanguage":"fr-FR","@id":"https:\/\/abc-latina.com\/mexique\/geo\/#primaryimage","url":"https:\/\/abc-latina.com\/wp-content\/uploads\/2010\/06\/america_mexique.png","contentUrl":"https:\/\/abc-latina.com\/wp-content\/uploads\/2010\/06\/america_mexique.png","width":118,"height":122},{"@type":"BreadcrumbList","@id":"https:\/\/abc-latina.com\/mexique\/geo\/#breadcrumb","itemListElement":[{"@type":"ListItem","position":1,"name":"Accueil","item":"https:\/\/abc-latina.com\/"},{"@type":"ListItem","position":2,"name":"GEOGRAPHIE &#8211; MEXIQUE"}]},{"@type":"WebSite","@id":"https:\/\/abc-latina.com\/#website","url":"https:\/\/abc-latina.com\/","name":"Abc-latina","description":"","publisher":{"@id":"https:\/\/abc-latina.com\/#organization"},"potentialAction":[{"@type":"SearchAction","target":{"@type":"EntryPoint","urlTemplate":"https:\/\/abc-latina.com\/?s={search_term_string}"},"query-input":{"@type":"PropertyValueSpecification","valueRequired":true,"valueName":"search_term_string"}}],"inLanguage":"fr-FR"},{"@type":"Organization","@id":"https:\/\/abc-latina.com\/#organization","name":"Abc-latina","url":"https:\/\/abc-latina.com\/","logo":{"@type":"ImageObject","inLanguage":"fr-FR","@id":"https:\/\/abc-latina.com\/#\/schema\/logo\/image\/","url":"https:\/\/abc-latina.com\/wp-content\/uploads\/2026\/05\/cropped-logo.gif","contentUrl":"https:\/\/abc-latina.com\/wp-content\/uploads\/2026\/05\/cropped-logo.gif","width":89,"height":84,"caption":"Abc-latina"},"image":{"@id":"https:\/\/abc-latina.com\/#\/schema\/logo\/image\/"}}]}},"_links":{"self":[{"href":"https:\/\/abc-latina.com\/wp-json\/wp\/v2\/pages\/1210","targetHints":{"allow":["GET"]}}],"collection":[{"href":"https:\/\/abc-latina.com\/wp-json\/wp\/v2\/pages"}],"about":[{"href":"https:\/\/abc-latina.com\/wp-json\/wp\/v2\/types\/page"}],"author":[{"embeddable":true,"href":"https:\/\/abc-latina.com\/wp-json\/wp\/v2\/users\/3"}],"replies":[{"embeddable":true,"href":"https:\/\/abc-latina.com\/wp-json\/wp\/v2\/comments?post=1210"}],"version-history":[{"count":1,"href":"https:\/\/abc-latina.com\/wp-json\/wp\/v2\/pages\/1210\/revisions"}],"predecessor-version":[{"id":3540,"href":"https:\/\/abc-latina.com\/wp-json\/wp\/v2\/pages\/1210\/revisions\/3540"}],"up":[{"embeddable":true,"href":"https:\/\/abc-latina.com\/wp-json\/wp\/v2\/pages\/2308"}],"wp:featuredmedia":[{"embeddable":true,"href":"https:\/\/abc-latina.com\/wp-json\/wp\/v2\/media\/1103"}],"wp:attachment":[{"href":"https:\/\/abc-latina.com\/wp-json\/wp\/v2\/media?parent=1210"}],"curies":[{"name":"wp","href":"https:\/\/api.w.org\/{rel}","templated":true}]}}