{"id":1220,"date":"2010-06-14T23:28:56","date_gmt":"2010-06-14T21:28:56","guid":{"rendered":"http:\/\/abc-latina.com\/recits-htm-4\/"},"modified":"2026-04-30T18:25:08","modified_gmt":"2026-04-30T16:25:08","slug":"recits","status":"publish","type":"page","link":"https:\/\/abc-latina.com\/mexique\/recits\/","title":{"rendered":"RECITS de VOYAGES au MEXIQUE"},"content":{"rendered":"<p>&nbsp;<span class=\"tourisme-chapitre\">Blogs, carnets de routes, photos et aventures au M\u00e9xique ..<\/span><\/p>\n<div>&nbsp;<\/div>\n<div>&nbsp;<\/div>\n<div>\n<div><strong>Notre route 1976<\/strong><\/div>\n<div>Martine et G\u00e9rard racontent leur voyage autour du Monde en 1975-1976, alors qu&rsquo;ils avaient 25 ans. L&rsquo;int\u00e9r\u00eat du r\u00e9cit tient sans doute au &quot;flash back&quot;, \u00e0 la comparaison des conditions de voyage, de la conception de &laquo; la route &raquo;, et de l&rsquo;\u00e9tat du Monde \u00e0 35 ans de distance.<\/div>\n<div>D\u00e9cembre 1975, ils entrent au Mexique.<\/div>\n<div><a target=\"_blank\" href=\"http:\/\/www.notreroute1976.fr\/crbst_37l\">www.notreroute1976.fr\/<\/a><\/div>\n<div>&nbsp;<\/div>\n<\/div>\n<div>&nbsp;<\/div>\n<div><strong>Voyage au Mexique<\/strong><\/div>\n<div>Un r\u00e9cit captivant et riche en d\u00e9tails, comme si vous y \u00e9tiez !<\/div>\n<div><a href=\"http:\/\/devoyage.pagesperso-orange.fr\/indexl\" target=\"_blank\">devoyage.pagesperso-orange.fr\/<\/a><\/div>\n<div>&nbsp;<\/div>\n<div>&nbsp;<\/div>\n<div><strong>Retour \u00e0 Playa del Carmen<\/strong><\/div>\n<div>L&rsquo;auteur nous conte les changements de cette station baln\u00e9aire r\u00e9put\u00e9e.<\/div>\n<div><a href=\"http:\/\/manu34.free.fr\/text\/playa\" target=\"_blank\">manu34.free.fr\/<\/a><\/div>\n<div>&nbsp;<\/div>\n<div>&nbsp;<\/div>\n<div><strong>Le Chihuahua al Pacifico<\/strong><\/div>\n<div>Olivier s&rsquo;est embarqu\u00e9 sur l&rsquo;une des derni\u00e8res lignes de chemin de fer du Mexique, la Chihuahua-Los Mochis, 650 km dans un train de l\u00e9gende.<\/div>\n<div><a href=\"http:\/\/www.participez.com\/contenu\/reportage\/143\" target=\"_blank\">www.participez.com\/<\/a><\/div>\n<div>&nbsp;<\/div>\n<div>&nbsp;<\/div>\n<div><strong>Carnets Mexicains<\/strong><\/div>\n<div>Un r\u00e9cits de voyage au sud du Mexique (Yacatan et Chiapas) en octobre 2002, les impressions au jour le jour de Laure et Thomas.&nbsp;<\/div>\n<div><a href=\"http:\/\/tsavoja.free.fr\/mexico\/carnet\" target=\"_blank\">tsavoja.free.fr\/mexico\/<\/a><\/div>\n<div>&nbsp;<\/div>\n<div>&nbsp;<\/div>\n<div><strong>Carnet de voyages de Vincent Di Sanzo<\/strong><\/div>\n<div><a href=\"http:\/\/www.teaser.fr\/~vdisanzo\/mexico1l\" target=\"_blank\">www.teaser.fr\/<\/a><\/div>\n<div>&nbsp;<\/div>\n<div>&nbsp;<\/div>\n<div><strong>R\u00e9cits de voyage<\/strong><\/div>\n<div>Le Mexique avec les joies de la d\u00e9couverte et les petites gal\u00e9res &#8230;<\/div>\n<div><a href=\"http:\/\/besicles.free.fr\/mexique\/mexique1\" target=\"_blank\">besicles.free.fr\/mexique\/<\/a><\/div>\n<div>&nbsp;<\/div>\n<div>&nbsp;<\/div>\n<div><strong>Les voyages de Christian et Christine<\/strong><\/div>\n<div>Douze jours au Mexique en 1997, quelques infos pratiques et impressions de voyages. Christian &amp; Christine partis un peu par hazard, n&rsquo;ont pas regr\u00e9tt\u00e9.<\/div>\n<div><a href=\"http:\/\/cduic.free.fr\/FR\/0_mex\" target=\"_blank\">cduic.free.fr\/<\/a><\/div>\n<div>&nbsp;<\/div>\n<div>&nbsp;<\/div>\n<div><strong>Mesvoyages.net<\/strong><\/div>\n<div>De Cancun \u00e0 Mexico avec Philippe, en passant par le Yucatan et la c\u00f4te du golfe du Mexique.<\/div>\n<div><a href=\"http:\/\/mesvoyages.net\/\" target=\"_blank\">http:\/\/mesvoyages.net\/<\/a><\/div>\n<div>&nbsp;<\/div>\n<div>&nbsp;<\/div>\n<div><strong>Arizona-dream<\/strong><\/div>\n<div>Quinze jours au Mexique en 1995, o\u00f9 Marc et Manu d\u00e9couvrent le pays en \u00e9vitant les zones trop touristiques.<\/div>\n<div><a href=\"http:\/\/www.arizona-dream.com\/Mexique\/Recit\/index.php\" target=\"_blank\">www.arizona-dream.com\/Mexique\/<\/a><\/div>\n<div>&nbsp;<\/div>\n<div>&nbsp;<\/div>\n<div><strong>Voyage au Mexique&nbsp;<\/strong><\/div>\n<div>Du 29 juillet au 19 ao\u00fbt 2000.<\/div>\n<div><a href=\"http:\/\/mexik.free.fr\/carneta1\" target=\"_blank\">mexik.free.fr\/<\/a><\/div>\n<div>&nbsp;<\/div>\n<div>&nbsp;<\/div>\n<div><strong>Cyril et St\u00e9phanie au Mexique<\/strong><\/div>\n<div>Des photos et quelques impressions de voyage.<\/div>\n<div><a href=\"http:\/\/www.photos-voyages.com\/mexique\/\" target=\"_blank\">www.photos-voyages.com\/mexique\/<\/a><\/div>\n<div>&nbsp;<\/div>\n<div>&nbsp;<\/div>\n<div><strong>Mexique 2003<\/strong><\/div>\n<div>Patrice et Carine pr\u00e9sentent leur voyage sur les routes du sud<\/div>\n<div>du Mexique en d\u00e9cembre 2003. Un site riche en infos.<\/div>\n<div><a href=\"http:\/\/ameriklatina.free.fr\/sitemexique\/index\" target=\"_blank\">ameriklatina.free.fr\/sitemexique\/<\/a><\/div>\n<div>&nbsp;<\/div>\n<div>&nbsp;<\/div>\n<div><span class=\"tourisme-unesco\">nota: abc-latina n&rsquo;est aucunement responsable du contenu des sites externes<\/span><\/div>\n<div>&nbsp;<a target=\"_blank\" href=\"http:\/\/voyage.abc-latina.com\/voyage_mexique\/mexique.php\"><span class=\"sejour-circuit\"><br \/><\/span><\/a><\/div>\n<div>&nbsp;<\/div>\n<div>&nbsp;<\/div>\n<p>Si vous aussi, vous avez quelque chose \u00e0 dire, faites le nous savoir !<\/p>\n","protected":false},"excerpt":{"rendered":"<p>&nbsp;Blogs, carnets de routes, photos et aventures au M\u00e9xique .. &nbsp; &nbsp; Notre route 1976 Martine et G\u00e9rard racontent leur [&hellip;]<\/p>\n","protected":false},"author":3,"featured_media":0,"parent":2308,"menu_order":0,"comment_status":"closed","ping_status":"closed","template":"","meta":{"site-sidebar-layout":"default","site-content-layout":"","ast-site-content-layout":"default","site-content-style":"default","site-sidebar-style":"default","ast-global-header-display":"","ast-banner-title-visibility":"","ast-main-header-display":"","ast-hfb-above-header-display":"","ast-hfb-below-header-display":"","ast-hfb-mobile-header-display":"","site-post-title":"","ast-breadcrumbs-content":"","ast-featured-img":"","footer-sml-layout":"","ast-disable-related-posts":"","theme-transparent-header-meta":"","adv-header-id-meta":"","stick-header-meta":"","header-above-stick-meta":"","header-main-stick-meta":"","header-below-stick-meta":"","astra-migrate-meta-layouts":"default","ast-page-background-enabled":"default","ast-page-background-meta":{"desktop":{"background-color":"var(--ast-global-color-5)","background-image":"","background-repeat":"repeat","background-position":"center center","background-size":"auto","background-attachment":"scroll","background-type":"","background-media":"","overlay-type":"","overlay-color":"","overlay-opacity":"","overlay-gradient":""},"tablet":{"background-color":"","background-image":"","background-repeat":"repeat","background-position":"center center","background-size":"auto","background-attachment":"scroll","background-type":"","background-media":"","overlay-type":"","overlay-color":"","overlay-opacity":"","overlay-gradient":""},"mobile":{"background-color":"","background-image":"","background-repeat":"repeat","background-position":"center center","background-size":"auto","background-attachment":"scroll","background-type":"","background-media":"","overlay-type":"","overlay-color":"","overlay-opacity":"","overlay-gradient":""}},"ast-content-background-meta":{"desktop":{"background-color":"var(--ast-global-color-4)","background-image":"","background-repeat":"repeat","background-position":"center center","background-size":"auto","background-attachment":"scroll","background-type":"","background-media":"","overlay-type":"","overlay-color":"","overlay-opacity":"","overlay-gradient":""},"tablet":{"background-color":"var(--ast-global-color-4)","background-image":"","background-repeat":"repeat","background-position":"center center","background-size":"auto","background-attachment":"scroll","background-type":"","background-media":"","overlay-type":"","overlay-color":"","overlay-opacity":"","overlay-gradient":""},"mobile":{"background-color":"var(--ast-global-color-4)","background-image":"","background-repeat":"repeat","background-position":"center center","background-size":"auto","background-attachment":"scroll","background-type":"","background-media":"","overlay-type":"","overlay-color":"","overlay-opacity":"","overlay-gradient":""}},"footnotes":""},"class_list":["post-1220","page","type-page","status-publish","hentry"],"yoast_head":"<!-- This site is optimized with the Yoast SEO plugin v27.5 - https:\/\/yoast.com\/product\/yoast-seo-wordpress\/ -->\n<title>RECITS de VOYAGES au MEXIQUE - Abc-latina<\/title>\n<meta name=\"description\" content=\"Les histoires de voyages et d&#039;aventures au Mexique racont\u00e9s par des internautes.\" \/>\n<meta name=\"robots\" content=\"index, follow, max-snippet:-1, max-image-preview:large, max-video-preview:-1\" \/>\n<link rel=\"canonical\" href=\"https:\/\/abc-latina.com\/mexique\/recits\/\" \/>\n<meta property=\"og:locale\" content=\"fr_FR\" \/>\n<meta property=\"og:type\" content=\"article\" \/>\n<meta property=\"og:title\" content=\"RECITS de VOYAGES au MEXIQUE - Abc-latina\" \/>\n<meta property=\"og:description\" content=\"Les histoires de voyages et d&#039;aventures au Mexique racont\u00e9s par des internautes.\" \/>\n<meta property=\"og:url\" content=\"https:\/\/abc-latina.com\/mexique\/recits\/\" \/>\n<meta property=\"og:site_name\" content=\"Abc-latina\" \/>\n<meta property=\"article:modified_time\" content=\"2026-04-30T16:25:08+00:00\" \/>\n<meta name=\"twitter:card\" content=\"summary_large_image\" \/>\n<meta name=\"twitter:label1\" content=\"Dur\u00e9e de lecture estim\u00e9e\" \/>\n\t<meta name=\"twitter:data1\" content=\"2 minutes\" \/>\n<script type=\"application\/ld+json\" class=\"yoast-schema-graph\">{\"@context\":\"https:\\\/\\\/schema.org\",\"@graph\":[{\"@type\":\"WebPage\",\"@id\":\"https:\\\/\\\/abc-latina.com\\\/mexique\\\/recits\\\/\",\"url\":\"https:\\\/\\\/abc-latina.com\\\/mexique\\\/recits\\\/\",\"name\":\"RECITS de VOYAGES au MEXIQUE - Abc-latina\",\"isPartOf\":{\"@id\":\"https:\\\/\\\/abc-latina.com\\\/#website\"},\"datePublished\":\"2010-06-14T21:28:56+00:00\",\"dateModified\":\"2026-04-30T16:25:08+00:00\",\"description\":\"Les histoires de voyages et d'aventures au Mexique racont\u00e9s par des internautes.\",\"breadcrumb\":{\"@id\":\"https:\\\/\\\/abc-latina.com\\\/mexique\\\/recits\\\/#breadcrumb\"},\"inLanguage\":\"fr-FR\",\"potentialAction\":[{\"@type\":\"ReadAction\",\"target\":[\"https:\\\/\\\/abc-latina.com\\\/mexique\\\/recits\\\/\"]}]},{\"@type\":\"BreadcrumbList\",\"@id\":\"https:\\\/\\\/abc-latina.com\\\/mexique\\\/recits\\\/#breadcrumb\",\"itemListElement\":[{\"@type\":\"ListItem\",\"position\":1,\"name\":\"Accueil\",\"item\":\"https:\\\/\\\/abc-latina.com\\\/\"},{\"@type\":\"ListItem\",\"position\":2,\"name\":\"RECITS de VOYAGES au MEXIQUE\"}]},{\"@type\":\"WebSite\",\"@id\":\"https:\\\/\\\/abc-latina.com\\\/#website\",\"url\":\"https:\\\/\\\/abc-latina.com\\\/\",\"name\":\"Abc-latina\",\"description\":\"\",\"publisher\":{\"@id\":\"https:\\\/\\\/abc-latina.com\\\/#organization\"},\"potentialAction\":[{\"@type\":\"SearchAction\",\"target\":{\"@type\":\"EntryPoint\",\"urlTemplate\":\"https:\\\/\\\/abc-latina.com\\\/?s={search_term_string}\"},\"query-input\":{\"@type\":\"PropertyValueSpecification\",\"valueRequired\":true,\"valueName\":\"search_term_string\"}}],\"inLanguage\":\"fr-FR\"},{\"@type\":\"Organization\",\"@id\":\"https:\\\/\\\/abc-latina.com\\\/#organization\",\"name\":\"Abc-latina\",\"url\":\"https:\\\/\\\/abc-latina.com\\\/\",\"logo\":{\"@type\":\"ImageObject\",\"inLanguage\":\"fr-FR\",\"@id\":\"https:\\\/\\\/abc-latina.com\\\/#\\\/schema\\\/logo\\\/image\\\/\",\"url\":\"https:\\\/\\\/abc-latina.com\\\/wp-content\\\/uploads\\\/2026\\\/05\\\/cropped-logo.gif\",\"contentUrl\":\"https:\\\/\\\/abc-latina.com\\\/wp-content\\\/uploads\\\/2026\\\/05\\\/cropped-logo.gif\",\"width\":89,\"height\":84,\"caption\":\"Abc-latina\"},\"image\":{\"@id\":\"https:\\\/\\\/abc-latina.com\\\/#\\\/schema\\\/logo\\\/image\\\/\"}}]}<\/script>\n<!-- \/ Yoast SEO plugin. -->","yoast_head_json":{"title":"RECITS de VOYAGES au MEXIQUE - Abc-latina","description":"Les histoires de voyages et d'aventures au Mexique racont\u00e9s par des internautes.","robots":{"index":"index","follow":"follow","max-snippet":"max-snippet:-1","max-image-preview":"max-image-preview:large","max-video-preview":"max-video-preview:-1"},"canonical":"https:\/\/abc-latina.com\/mexique\/recits\/","og_locale":"fr_FR","og_type":"article","og_title":"RECITS de VOYAGES au MEXIQUE - Abc-latina","og_description":"Les histoires de voyages et d'aventures au Mexique racont\u00e9s par des internautes.","og_url":"https:\/\/abc-latina.com\/mexique\/recits\/","og_site_name":"Abc-latina","article_modified_time":"2026-04-30T16:25:08+00:00","twitter_card":"summary_large_image","twitter_misc":{"Dur\u00e9e de lecture estim\u00e9e":"2 minutes"},"schema":{"@context":"https:\/\/schema.org","@graph":[{"@type":"WebPage","@id":"https:\/\/abc-latina.com\/mexique\/recits\/","url":"https:\/\/abc-latina.com\/mexique\/recits\/","name":"RECITS de VOYAGES au MEXIQUE - Abc-latina","isPartOf":{"@id":"https:\/\/abc-latina.com\/#website"},"datePublished":"2010-06-14T21:28:56+00:00","dateModified":"2026-04-30T16:25:08+00:00","description":"Les histoires de voyages et d'aventures au Mexique racont\u00e9s par des internautes.","breadcrumb":{"@id":"https:\/\/abc-latina.com\/mexique\/recits\/#breadcrumb"},"inLanguage":"fr-FR","potentialAction":[{"@type":"ReadAction","target":["https:\/\/abc-latina.com\/mexique\/recits\/"]}]},{"@type":"BreadcrumbList","@id":"https:\/\/abc-latina.com\/mexique\/recits\/#breadcrumb","itemListElement":[{"@type":"ListItem","position":1,"name":"Accueil","item":"https:\/\/abc-latina.com\/"},{"@type":"ListItem","position":2,"name":"RECITS de VOYAGES au MEXIQUE"}]},{"@type":"WebSite","@id":"https:\/\/abc-latina.com\/#website","url":"https:\/\/abc-latina.com\/","name":"Abc-latina","description":"","publisher":{"@id":"https:\/\/abc-latina.com\/#organization"},"potentialAction":[{"@type":"SearchAction","target":{"@type":"EntryPoint","urlTemplate":"https:\/\/abc-latina.com\/?s={search_term_string}"},"query-input":{"@type":"PropertyValueSpecification","valueRequired":true,"valueName":"search_term_string"}}],"inLanguage":"fr-FR"},{"@type":"Organization","@id":"https:\/\/abc-latina.com\/#organization","name":"Abc-latina","url":"https:\/\/abc-latina.com\/","logo":{"@type":"ImageObject","inLanguage":"fr-FR","@id":"https:\/\/abc-latina.com\/#\/schema\/logo\/image\/","url":"https:\/\/abc-latina.com\/wp-content\/uploads\/2026\/05\/cropped-logo.gif","contentUrl":"https:\/\/abc-latina.com\/wp-content\/uploads\/2026\/05\/cropped-logo.gif","width":89,"height":84,"caption":"Abc-latina"},"image":{"@id":"https:\/\/abc-latina.com\/#\/schema\/logo\/image\/"}}]}},"_links":{"self":[{"href":"https:\/\/abc-latina.com\/wp-json\/wp\/v2\/pages\/1220","targetHints":{"allow":["GET"]}}],"collection":[{"href":"https:\/\/abc-latina.com\/wp-json\/wp\/v2\/pages"}],"about":[{"href":"https:\/\/abc-latina.com\/wp-json\/wp\/v2\/types\/page"}],"author":[{"embeddable":true,"href":"https:\/\/abc-latina.com\/wp-json\/wp\/v2\/users\/3"}],"replies":[{"embeddable":true,"href":"https:\/\/abc-latina.com\/wp-json\/wp\/v2\/comments?post=1220"}],"version-history":[{"count":1,"href":"https:\/\/abc-latina.com\/wp-json\/wp\/v2\/pages\/1220\/revisions"}],"predecessor-version":[{"id":3554,"href":"https:\/\/abc-latina.com\/wp-json\/wp\/v2\/pages\/1220\/revisions\/3554"}],"up":[{"embeddable":true,"href":"https:\/\/abc-latina.com\/wp-json\/wp\/v2\/pages\/2308"}],"wp:attachment":[{"href":"https:\/\/abc-latina.com\/wp-json\/wp\/v2\/media?parent=1220"}],"curies":[{"name":"wp","href":"https:\/\/api.w.org\/{rel}","templated":true}]}}