{"id":1242,"date":"2010-06-15T01:02:14","date_gmt":"2010-06-14T23:02:14","guid":{"rendered":"http:\/\/abc-latina.com\/agence_de_voyages-htm-3\/"},"modified":"2026-04-30T18:25:07","modified_gmt":"2026-04-30T16:25:07","slug":"agence_de_voyages","status":"publish","type":"page","link":"https:\/\/abc-latina.com\/mexique\/agence_de_voyages\/","title":{"rendered":"AGENCES de VOYAGES MEXIQUE"},"content":{"rendered":"<p><img loading=\"lazy\" decoding=\"async\" class=\" alignright size-full wp-image-1240\" src=\"http:\/\/abc-latina.com\/wp-content\/uploads\/2010\/06\/01-Mexique-cadre-haut.jpg\" alt=\"\" align=\"right\" width=\"295\" height=\"425\" srcset=\"https:\/\/abc-latina.com\/wp-content\/uploads\/2010\/06\/01-Mexique-cadre-haut.jpg 295w, https:\/\/abc-latina.com\/wp-content\/uploads\/2010\/06\/01-Mexique-cadre-haut-208x300.jpg 208w\" sizes=\"auto, (max-width: 295px) 100vw, 295px\" \/><span style=\"font-size: small;\">Un groupe de mariachi joue \u00e0 votre gauche, vous avez un verre de tequila \u00e0 la main et un sombrero sur la t\u00eate. Vous \u00eates bien au Mexique ! Organisez votre circuit avec Altiplano, <\/span><span style=\"font-size: medium;\"><span style=\"font-size: small;\">sp\u00e9cialiste du voyage sur-mesure au Mexique<\/span><\/span><span style=\"font-size: small;\">.<\/span><\/p>\n<p><span style=\"font-size: small;\">Osez l&rsquo;in\u00e9dit au Mexique avec cette agence atypique! Loin des f\u00eates endiabl\u00e9es du bord de mer, aventurez-vous plus profond\u00e9ment dans cette terre de richesse. Concoctez et d\u00e9gustez un repas traditionnel chez une Indienne maya, visitez des ateliers de fabrication de bijoux dans le Yucatan, plongez-vous dans la culture des zapot\u00e8ques au travers d&rsquo;atelier de c\u00e9ramique mais aussi d&rsquo;apprentissage de contes et l\u00e9gendes.<\/span><\/p>\n<p><span style=\"font-size: small;\">La r\u00e9gion de la Basse-Californie vous r\u00e9serve quelques surprises&#8230; embarquez sur un bateau pour observer les baleines au large de ses c\u00f4tes! Visitez le Canyon de cuivre en empruntant son train mythique.<\/span><\/p>\n<p><span style=\"font-size: small;\">Le conseil d&rsquo;Altiplano : visiter le site El Taj\u00edn \u00e0 Veracruz, v\u00e9ritable vestige situ\u00e9 hors des sentiers battus.<\/span><\/p>\n<p><span style=\"font-size: small;\">Vous \u00eates l&rsquo;artisan de votre voyage sur-mesure et c&rsquo;est avec passion que la cr\u00e9atrice de voyage d&rsquo;Altiplano vous conseille afin que ce circuit soit une r\u00e9ussite en tout point. <\/span><\/p>\n<p style=\"margin-left: 40px;\"><strong><span style=\"font-size: medium;\"><a target=\"_blank\" href=\"https:\/\/www.altiplano-voyage.com\/demandedevis\/-1\/?utm_source=abc-latina&amp;utm_medium=liens&amp;utm_term=contact-agence-Mexique\"><span style=\"font-size: small;\">CONTACTEZ ALTIPLANO VOYAGE<\/span><\/a><\/span><\/strong><span style=\"font-size: small;\"><strong> pour un devis sur mesure !<\/strong><\/span><\/p>\n<p style=\"margin-left: 40px;\"><span style=\"font-size: large;\"><a href=\"mailto:mexique@altiplano-voyage.com?subject=Suite%20%C3%A0%20ma%20visite%20sur%20le%20site%20ABC%20Latina\"><span style=\"font-size: small;\"><strong><br \/><\/strong><\/span><\/a><\/span><\/p>\n<p><img loading=\"lazy\" decoding=\"async\" class=\" alignright size-full wp-image-1241\" src=\"http:\/\/abc-latina.com\/wp-content\/uploads\/2010\/06\/02-Mexique-cadre-bas.jpg\" alt=\"\" width=\"770\" height=\"147\" align=\"right\" srcset=\"https:\/\/abc-latina.com\/wp-content\/uploads\/2010\/06\/02-Mexique-cadre-bas.jpg 770w, https:\/\/abc-latina.com\/wp-content\/uploads\/2010\/06\/02-Mexique-cadre-bas-300x58.jpg 300w, https:\/\/abc-latina.com\/wp-content\/uploads\/2010\/06\/02-Mexique-cadre-bas-768x148.jpg 768w\" sizes=\"auto, (max-width: 770px) 100vw, 770px\" \/><\/p>\n","protected":false},"excerpt":{"rendered":"<p>Un groupe de mariachi joue \u00e0 votre gauche, vous avez un verre de tequila \u00e0 la main et un sombrero [&hellip;]<\/p>\n","protected":false},"author":3,"featured_media":1240,"parent":2308,"menu_order":0,"comment_status":"closed","ping_status":"closed","template":"","meta":{"site-sidebar-layout":"default","site-content-layout":"","ast-site-content-layout":"default","site-content-style":"default","site-sidebar-style":"default","ast-global-header-display":"","ast-banner-title-visibility":"","ast-main-header-display":"","ast-hfb-above-header-display":"","ast-hfb-below-header-display":"","ast-hfb-mobile-header-display":"","site-post-title":"","ast-breadcrumbs-content":"","ast-featured-img":"","footer-sml-layout":"","ast-disable-related-posts":"","theme-transparent-header-meta":"","adv-header-id-meta":"","stick-header-meta":"","header-above-stick-meta":"","header-main-stick-meta":"","header-below-stick-meta":"","astra-migrate-meta-layouts":"default","ast-page-background-enabled":"default","ast-page-background-meta":{"desktop":{"background-color":"var(--ast-global-color-5)","background-image":"","background-repeat":"repeat","background-position":"center center","background-size":"auto","background-attachment":"scroll","background-type":"","background-media":"","overlay-type":"","overlay-color":"","overlay-opacity":"","overlay-gradient":""},"tablet":{"background-color":"","background-image":"","background-repeat":"repeat","background-position":"center center","background-size":"auto","background-attachment":"scroll","background-type":"","background-media":"","overlay-type":"","overlay-color":"","overlay-opacity":"","overlay-gradient":""},"mobile":{"background-color":"","background-image":"","background-repeat":"repeat","background-position":"center center","background-size":"auto","background-attachment":"scroll","background-type":"","background-media":"","overlay-type":"","overlay-color":"","overlay-opacity":"","overlay-gradient":""}},"ast-content-background-meta":{"desktop":{"background-color":"var(--ast-global-color-4)","background-image":"","background-repeat":"repeat","background-position":"center center","background-size":"auto","background-attachment":"scroll","background-type":"","background-media":"","overlay-type":"","overlay-color":"","overlay-opacity":"","overlay-gradient":""},"tablet":{"background-color":"var(--ast-global-color-4)","background-image":"","background-repeat":"repeat","background-position":"center center","background-size":"auto","background-attachment":"scroll","background-type":"","background-media":"","overlay-type":"","overlay-color":"","overlay-opacity":"","overlay-gradient":""},"mobile":{"background-color":"var(--ast-global-color-4)","background-image":"","background-repeat":"repeat","background-position":"center center","background-size":"auto","background-attachment":"scroll","background-type":"","background-media":"","overlay-type":"","overlay-color":"","overlay-opacity":"","overlay-gradient":""}},"footnotes":""},"class_list":["post-1242","page","type-page","status-publish","has-post-thumbnail","hentry"],"yoast_head":"<!-- This site is optimized with the Yoast SEO plugin v27.5 - https:\/\/yoast.com\/product\/yoast-seo-wordpress\/ -->\n<title>AGENCES de VOYAGES MEXIQUE - Abc-latina<\/title>\n<meta name=\"description\" content=\"Circuits touristiques au Mexique, agence de voyages sp\u00e9cialiste de la destination.\" \/>\n<meta name=\"robots\" content=\"index, follow, max-snippet:-1, max-image-preview:large, max-video-preview:-1\" \/>\n<link rel=\"canonical\" href=\"https:\/\/abc-latina.com\/mexique\/agence_de_voyages\/\" \/>\n<meta property=\"og:locale\" content=\"fr_FR\" \/>\n<meta property=\"og:type\" content=\"article\" \/>\n<meta property=\"og:title\" content=\"AGENCES de VOYAGES MEXIQUE - Abc-latina\" \/>\n<meta property=\"og:description\" content=\"Circuits touristiques au Mexique, agence de voyages sp\u00e9cialiste de la destination.\" \/>\n<meta property=\"og:url\" content=\"https:\/\/abc-latina.com\/mexique\/agence_de_voyages\/\" \/>\n<meta property=\"og:site_name\" content=\"Abc-latina\" \/>\n<meta property=\"article:modified_time\" content=\"2026-04-30T16:25:07+00:00\" \/>\n<meta property=\"og:image\" content=\"https:\/\/abc-latina.com\/wp-content\/uploads\/2010\/06\/01-Mexique-cadre-haut.jpg\" \/>\n\t<meta property=\"og:image:width\" content=\"295\" \/>\n\t<meta property=\"og:image:height\" content=\"425\" \/>\n\t<meta property=\"og:image:type\" content=\"image\/jpeg\" \/>\n<meta name=\"twitter:card\" content=\"summary_large_image\" \/>\n<meta name=\"twitter:label1\" content=\"Dur\u00e9e de lecture estim\u00e9e\" \/>\n\t<meta name=\"twitter:data1\" content=\"1 minute\" \/>\n<script type=\"application\/ld+json\" class=\"yoast-schema-graph\">{\"@context\":\"https:\\\/\\\/schema.org\",\"@graph\":[{\"@type\":\"WebPage\",\"@id\":\"https:\\\/\\\/abc-latina.com\\\/mexique\\\/agence_de_voyages\\\/\",\"url\":\"https:\\\/\\\/abc-latina.com\\\/mexique\\\/agence_de_voyages\\\/\",\"name\":\"AGENCES de VOYAGES MEXIQUE - Abc-latina\",\"isPartOf\":{\"@id\":\"https:\\\/\\\/abc-latina.com\\\/#website\"},\"primaryImageOfPage\":{\"@id\":\"https:\\\/\\\/abc-latina.com\\\/mexique\\\/agence_de_voyages\\\/#primaryimage\"},\"image\":{\"@id\":\"https:\\\/\\\/abc-latina.com\\\/mexique\\\/agence_de_voyages\\\/#primaryimage\"},\"thumbnailUrl\":\"https:\\\/\\\/abc-latina.com\\\/wp-content\\\/uploads\\\/2010\\\/06\\\/01-Mexique-cadre-haut.jpg\",\"datePublished\":\"2010-06-14T23:02:14+00:00\",\"dateModified\":\"2026-04-30T16:25:07+00:00\",\"description\":\"Circuits touristiques au Mexique, agence de voyages sp\u00e9cialiste de la destination.\",\"breadcrumb\":{\"@id\":\"https:\\\/\\\/abc-latina.com\\\/mexique\\\/agence_de_voyages\\\/#breadcrumb\"},\"inLanguage\":\"fr-FR\",\"potentialAction\":[{\"@type\":\"ReadAction\",\"target\":[\"https:\\\/\\\/abc-latina.com\\\/mexique\\\/agence_de_voyages\\\/\"]}]},{\"@type\":\"ImageObject\",\"inLanguage\":\"fr-FR\",\"@id\":\"https:\\\/\\\/abc-latina.com\\\/mexique\\\/agence_de_voyages\\\/#primaryimage\",\"url\":\"https:\\\/\\\/abc-latina.com\\\/wp-content\\\/uploads\\\/2010\\\/06\\\/01-Mexique-cadre-haut.jpg\",\"contentUrl\":\"https:\\\/\\\/abc-latina.com\\\/wp-content\\\/uploads\\\/2010\\\/06\\\/01-Mexique-cadre-haut.jpg\",\"width\":295,\"height\":425},{\"@type\":\"BreadcrumbList\",\"@id\":\"https:\\\/\\\/abc-latina.com\\\/mexique\\\/agence_de_voyages\\\/#breadcrumb\",\"itemListElement\":[{\"@type\":\"ListItem\",\"position\":1,\"name\":\"Accueil\",\"item\":\"https:\\\/\\\/abc-latina.com\\\/\"},{\"@type\":\"ListItem\",\"position\":2,\"name\":\"AGENCES de VOYAGES MEXIQUE\"}]},{\"@type\":\"WebSite\",\"@id\":\"https:\\\/\\\/abc-latina.com\\\/#website\",\"url\":\"https:\\\/\\\/abc-latina.com\\\/\",\"name\":\"Abc-latina\",\"description\":\"\",\"publisher\":{\"@id\":\"https:\\\/\\\/abc-latina.com\\\/#organization\"},\"potentialAction\":[{\"@type\":\"SearchAction\",\"target\":{\"@type\":\"EntryPoint\",\"urlTemplate\":\"https:\\\/\\\/abc-latina.com\\\/?s={search_term_string}\"},\"query-input\":{\"@type\":\"PropertyValueSpecification\",\"valueRequired\":true,\"valueName\":\"search_term_string\"}}],\"inLanguage\":\"fr-FR\"},{\"@type\":\"Organization\",\"@id\":\"https:\\\/\\\/abc-latina.com\\\/#organization\",\"name\":\"Abc-latina\",\"url\":\"https:\\\/\\\/abc-latina.com\\\/\",\"logo\":{\"@type\":\"ImageObject\",\"inLanguage\":\"fr-FR\",\"@id\":\"https:\\\/\\\/abc-latina.com\\\/#\\\/schema\\\/logo\\\/image\\\/\",\"url\":\"https:\\\/\\\/abc-latina.com\\\/wp-content\\\/uploads\\\/2026\\\/05\\\/cropped-logo.gif\",\"contentUrl\":\"https:\\\/\\\/abc-latina.com\\\/wp-content\\\/uploads\\\/2026\\\/05\\\/cropped-logo.gif\",\"width\":89,\"height\":84,\"caption\":\"Abc-latina\"},\"image\":{\"@id\":\"https:\\\/\\\/abc-latina.com\\\/#\\\/schema\\\/logo\\\/image\\\/\"}}]}<\/script>\n<!-- \/ Yoast SEO plugin. -->","yoast_head_json":{"title":"AGENCES de VOYAGES MEXIQUE - Abc-latina","description":"Circuits touristiques au Mexique, agence de voyages sp\u00e9cialiste de la destination.","robots":{"index":"index","follow":"follow","max-snippet":"max-snippet:-1","max-image-preview":"max-image-preview:large","max-video-preview":"max-video-preview:-1"},"canonical":"https:\/\/abc-latina.com\/mexique\/agence_de_voyages\/","og_locale":"fr_FR","og_type":"article","og_title":"AGENCES de VOYAGES MEXIQUE - Abc-latina","og_description":"Circuits touristiques au Mexique, agence de voyages sp\u00e9cialiste de la destination.","og_url":"https:\/\/abc-latina.com\/mexique\/agence_de_voyages\/","og_site_name":"Abc-latina","article_modified_time":"2026-04-30T16:25:07+00:00","og_image":[{"width":295,"height":425,"url":"https:\/\/abc-latina.com\/wp-content\/uploads\/2010\/06\/01-Mexique-cadre-haut.jpg","type":"image\/jpeg"}],"twitter_card":"summary_large_image","twitter_misc":{"Dur\u00e9e de lecture estim\u00e9e":"1 minute"},"schema":{"@context":"https:\/\/schema.org","@graph":[{"@type":"WebPage","@id":"https:\/\/abc-latina.com\/mexique\/agence_de_voyages\/","url":"https:\/\/abc-latina.com\/mexique\/agence_de_voyages\/","name":"AGENCES de VOYAGES MEXIQUE - Abc-latina","isPartOf":{"@id":"https:\/\/abc-latina.com\/#website"},"primaryImageOfPage":{"@id":"https:\/\/abc-latina.com\/mexique\/agence_de_voyages\/#primaryimage"},"image":{"@id":"https:\/\/abc-latina.com\/mexique\/agence_de_voyages\/#primaryimage"},"thumbnailUrl":"https:\/\/abc-latina.com\/wp-content\/uploads\/2010\/06\/01-Mexique-cadre-haut.jpg","datePublished":"2010-06-14T23:02:14+00:00","dateModified":"2026-04-30T16:25:07+00:00","description":"Circuits touristiques au Mexique, agence de voyages sp\u00e9cialiste de la destination.","breadcrumb":{"@id":"https:\/\/abc-latina.com\/mexique\/agence_de_voyages\/#breadcrumb"},"inLanguage":"fr-FR","potentialAction":[{"@type":"ReadAction","target":["https:\/\/abc-latina.com\/mexique\/agence_de_voyages\/"]}]},{"@type":"ImageObject","inLanguage":"fr-FR","@id":"https:\/\/abc-latina.com\/mexique\/agence_de_voyages\/#primaryimage","url":"https:\/\/abc-latina.com\/wp-content\/uploads\/2010\/06\/01-Mexique-cadre-haut.jpg","contentUrl":"https:\/\/abc-latina.com\/wp-content\/uploads\/2010\/06\/01-Mexique-cadre-haut.jpg","width":295,"height":425},{"@type":"BreadcrumbList","@id":"https:\/\/abc-latina.com\/mexique\/agence_de_voyages\/#breadcrumb","itemListElement":[{"@type":"ListItem","position":1,"name":"Accueil","item":"https:\/\/abc-latina.com\/"},{"@type":"ListItem","position":2,"name":"AGENCES de VOYAGES MEXIQUE"}]},{"@type":"WebSite","@id":"https:\/\/abc-latina.com\/#website","url":"https:\/\/abc-latina.com\/","name":"Abc-latina","description":"","publisher":{"@id":"https:\/\/abc-latina.com\/#organization"},"potentialAction":[{"@type":"SearchAction","target":{"@type":"EntryPoint","urlTemplate":"https:\/\/abc-latina.com\/?s={search_term_string}"},"query-input":{"@type":"PropertyValueSpecification","valueRequired":true,"valueName":"search_term_string"}}],"inLanguage":"fr-FR"},{"@type":"Organization","@id":"https:\/\/abc-latina.com\/#organization","name":"Abc-latina","url":"https:\/\/abc-latina.com\/","logo":{"@type":"ImageObject","inLanguage":"fr-FR","@id":"https:\/\/abc-latina.com\/#\/schema\/logo\/image\/","url":"https:\/\/abc-latina.com\/wp-content\/uploads\/2026\/05\/cropped-logo.gif","contentUrl":"https:\/\/abc-latina.com\/wp-content\/uploads\/2026\/05\/cropped-logo.gif","width":89,"height":84,"caption":"Abc-latina"},"image":{"@id":"https:\/\/abc-latina.com\/#\/schema\/logo\/image\/"}}]}},"_links":{"self":[{"href":"https:\/\/abc-latina.com\/wp-json\/wp\/v2\/pages\/1242","targetHints":{"allow":["GET"]}}],"collection":[{"href":"https:\/\/abc-latina.com\/wp-json\/wp\/v2\/pages"}],"about":[{"href":"https:\/\/abc-latina.com\/wp-json\/wp\/v2\/types\/page"}],"author":[{"embeddable":true,"href":"https:\/\/abc-latina.com\/wp-json\/wp\/v2\/users\/3"}],"replies":[{"embeddable":true,"href":"https:\/\/abc-latina.com\/wp-json\/wp\/v2\/comments?post=1242"}],"version-history":[{"count":1,"href":"https:\/\/abc-latina.com\/wp-json\/wp\/v2\/pages\/1242\/revisions"}],"predecessor-version":[{"id":3518,"href":"https:\/\/abc-latina.com\/wp-json\/wp\/v2\/pages\/1242\/revisions\/3518"}],"up":[{"embeddable":true,"href":"https:\/\/abc-latina.com\/wp-json\/wp\/v2\/pages\/2308"}],"wp:featuredmedia":[{"embeddable":true,"href":"https:\/\/abc-latina.com\/wp-json\/wp\/v2\/media\/1240"}],"wp:attachment":[{"href":"https:\/\/abc-latina.com\/wp-json\/wp\/v2\/media?parent=1242"}],"curies":[{"name":"wp","href":"https:\/\/api.w.org\/{rel}","templated":true}]}}