{"id":1254,"date":"2010-06-15T01:28:43","date_gmt":"2010-06-14T23:28:43","guid":{"rendered":"http:\/\/abc-latina.com\/peuple-htm-3\/"},"modified":"2026-04-30T18:25:08","modified_gmt":"2026-04-30T16:25:08","slug":"peuple","status":"publish","type":"page","link":"https:\/\/abc-latina.com\/mexique\/peuple\/","title":{"rendered":"Le PEUPLE MEXICAIN"},"content":{"rendered":"<p><img decoding=\"async\" class=\" size-full wp-image-1092\" src=\"http:\/\/abc-latina.com\/wp-content\/uploads\/2010\/06\/024-le-peuple-mexicain.jpg\" title=\"LE PEUPLE MEXICAIN\" alt=\"LE PEUPLE MEXICAIN\" width=\"480\" srcset=\"https:\/\/abc-latina.com\/wp-content\/uploads\/2010\/06\/024-le-peuple-mexicain.jpg 700w, https:\/\/abc-latina.com\/wp-content\/uploads\/2010\/06\/024-le-peuple-mexicain-300x178.jpg 300w\" sizes=\"(max-width: 700px) 100vw, 700px\" \/><\/p>\n<div>\n<div>&nbsp;<\/div>\n<div>Les Mexicains sont en grande majorit\u00e9 des m\u00e9tis. Mais on compte aussi un nombre important d&rsquo;indiens, quelques Espagnols, quelques Noirs, quelques Asiatiques et toutes les combinaisons possibles.&nbsp;<\/div>\n<div>Certaines tribus Am\u00e9rindiennes vivent encore sur leurs terres ancestrales et ont pr\u00e9serv\u00e9s leur mode de vie ancestrales. Combien sont-ils c&rsquo;est difficile \u00e0 dire, on les estime \u00e0 3 ou 4 millions.&nbsp;<\/div>\n<div>&nbsp;<\/div>\n<div><span class=\"geo-info\">Evolution de la population mexicaine<\/span><\/div>\n<div>&nbsp;<\/div>\n<div>ANNEE &nbsp; &nbsp; NOMBRE&nbsp;<\/div>\n<div>1805 &nbsp; &nbsp; &nbsp; &nbsp; &nbsp; 5.700.000<\/div>\n<div>1842 &nbsp; &nbsp; &nbsp; &nbsp; &nbsp; 7.000.000 &nbsp;<\/div>\n<div>1880 &nbsp; &nbsp; &nbsp; &nbsp; &nbsp; 9.600.000 &nbsp;<\/div>\n<div>1895 &nbsp; &nbsp; &nbsp; &nbsp; 12.632.000 &nbsp;<\/div>\n<div>1900 &nbsp; &nbsp; &nbsp; &nbsp; 13.607.000 &nbsp;<\/div>\n<div>1910 &nbsp; &nbsp; &nbsp; &nbsp; 15.160.000 &nbsp;<\/div>\n<div>1921 &nbsp; &nbsp; &nbsp; &nbsp; 14.335.000 &nbsp;<\/div>\n<div>1930 &nbsp; &nbsp; &nbsp; &nbsp; 16.553.000 &nbsp;<\/div>\n<div>1940 &nbsp; &nbsp; &nbsp; &nbsp; 19.654.000&nbsp;<\/div>\n<div>1948 &nbsp; &nbsp; &nbsp; &nbsp; 24.461.000 &nbsp;<\/div>\n<div>1950 &nbsp; &nbsp; &nbsp; &nbsp; 26.282.000 &nbsp;<\/div>\n<div>1955 &nbsp; &nbsp; &nbsp; &nbsp; 30.557.000 &nbsp;<\/div>\n<div>1960 &nbsp; &nbsp; &nbsp; &nbsp; 34.994.000&nbsp;<\/div>\n<div>1965 &nbsp; &nbsp; &nbsp; &nbsp; 41.284.000&nbsp;<\/div>\n<div>1970 &nbsp; &nbsp; &nbsp; &nbsp; 50.695.000&nbsp;<\/div>\n<div>1975 &nbsp; &nbsp; &nbsp; &nbsp; 60.145.000&nbsp;<\/div>\n<div>1990 &nbsp; &nbsp; &nbsp; &nbsp; 81.250.000&nbsp;<\/div>\n<div>1996 &nbsp; &nbsp; &nbsp; &nbsp; 93.182.000&nbsp;<\/div>\n<div>2000 &nbsp; &nbsp; &nbsp; 100.350.000&nbsp;<\/div>\n<div>2006 &nbsp; &nbsp; &nbsp; 108.700.000 &nbsp;<\/div>\n<\/div>\n","protected":false},"excerpt":{"rendered":"<p>&nbsp; Les Mexicains sont en grande majorit\u00e9 des m\u00e9tis. Mais on compte aussi un nombre important d&rsquo;indiens, quelques Espagnols, quelques [&hellip;]<\/p>\n","protected":false},"author":3,"featured_media":1092,"parent":2308,"menu_order":0,"comment_status":"closed","ping_status":"closed","template":"","meta":{"site-sidebar-layout":"default","site-content-layout":"","ast-site-content-layout":"default","site-content-style":"default","site-sidebar-style":"default","ast-global-header-display":"","ast-banner-title-visibility":"","ast-main-header-display":"","ast-hfb-above-header-display":"","ast-hfb-below-header-display":"","ast-hfb-mobile-header-display":"","site-post-title":"","ast-breadcrumbs-content":"","ast-featured-img":"","footer-sml-layout":"","ast-disable-related-posts":"","theme-transparent-header-meta":"","adv-header-id-meta":"","stick-header-meta":"","header-above-stick-meta":"","header-main-stick-meta":"","header-below-stick-meta":"","astra-migrate-meta-layouts":"default","ast-page-background-enabled":"default","ast-page-background-meta":{"desktop":{"background-color":"var(--ast-global-color-5)","background-image":"","background-repeat":"repeat","background-position":"center center","background-size":"auto","background-attachment":"scroll","background-type":"","background-media":"","overlay-type":"","overlay-color":"","overlay-opacity":"","overlay-gradient":""},"tablet":{"background-color":"","background-image":"","background-repeat":"repeat","background-position":"center center","background-size":"auto","background-attachment":"scroll","background-type":"","background-media":"","overlay-type":"","overlay-color":"","overlay-opacity":"","overlay-gradient":""},"mobile":{"background-color":"","background-image":"","background-repeat":"repeat","background-position":"center center","background-size":"auto","background-attachment":"scroll","background-type":"","background-media":"","overlay-type":"","overlay-color":"","overlay-opacity":"","overlay-gradient":""}},"ast-content-background-meta":{"desktop":{"background-color":"var(--ast-global-color-4)","background-image":"","background-repeat":"repeat","background-position":"center center","background-size":"auto","background-attachment":"scroll","background-type":"","background-media":"","overlay-type":"","overlay-color":"","overlay-opacity":"","overlay-gradient":""},"tablet":{"background-color":"var(--ast-global-color-4)","background-image":"","background-repeat":"repeat","background-position":"center center","background-size":"auto","background-attachment":"scroll","background-type":"","background-media":"","overlay-type":"","overlay-color":"","overlay-opacity":"","overlay-gradient":""},"mobile":{"background-color":"var(--ast-global-color-4)","background-image":"","background-repeat":"repeat","background-position":"center center","background-size":"auto","background-attachment":"scroll","background-type":"","background-media":"","overlay-type":"","overlay-color":"","overlay-opacity":"","overlay-gradient":""}},"footnotes":""},"class_list":["post-1254","page","type-page","status-publish","has-post-thumbnail","hentry"],"yoast_head":"<!-- This site is optimized with the Yoast SEO plugin v27.5 - https:\/\/yoast.com\/product\/yoast-seo-wordpress\/ -->\n<title>Le PEUPLE MEXICAIN - Abc-latina<\/title>\n<meta name=\"description\" content=\"Les origines du peuple mexicain.\" \/>\n<meta name=\"robots\" content=\"index, follow, max-snippet:-1, max-image-preview:large, max-video-preview:-1\" \/>\n<link rel=\"canonical\" href=\"https:\/\/abc-latina.com\/mexique\/peuple\/\" \/>\n<meta property=\"og:locale\" content=\"fr_FR\" \/>\n<meta property=\"og:type\" content=\"article\" \/>\n<meta property=\"og:title\" content=\"Le PEUPLE MEXICAIN - Abc-latina\" \/>\n<meta property=\"og:description\" content=\"Les origines du peuple mexicain.\" \/>\n<meta property=\"og:url\" content=\"https:\/\/abc-latina.com\/mexique\/peuple\/\" \/>\n<meta property=\"og:site_name\" content=\"Abc-latina\" \/>\n<meta property=\"article:modified_time\" content=\"2026-04-30T16:25:08+00:00\" \/>\n<meta property=\"og:image\" content=\"https:\/\/abc-latina.com\/wp-content\/uploads\/2010\/06\/024-le-peuple-mexicain.jpg\" \/>\n\t<meta property=\"og:image:width\" content=\"700\" \/>\n\t<meta property=\"og:image:height\" content=\"416\" \/>\n\t<meta property=\"og:image:type\" content=\"image\/jpeg\" \/>\n<meta name=\"twitter:card\" content=\"summary_large_image\" \/>\n<meta name=\"twitter:label1\" content=\"Dur\u00e9e de lecture estim\u00e9e\" \/>\n\t<meta name=\"twitter:data1\" content=\"1 minute\" \/>\n<script type=\"application\/ld+json\" class=\"yoast-schema-graph\">{\"@context\":\"https:\\\/\\\/schema.org\",\"@graph\":[{\"@type\":\"WebPage\",\"@id\":\"https:\\\/\\\/abc-latina.com\\\/mexique\\\/peuple\\\/\",\"url\":\"https:\\\/\\\/abc-latina.com\\\/mexique\\\/peuple\\\/\",\"name\":\"Le PEUPLE MEXICAIN - Abc-latina\",\"isPartOf\":{\"@id\":\"https:\\\/\\\/abc-latina.com\\\/#website\"},\"primaryImageOfPage\":{\"@id\":\"https:\\\/\\\/abc-latina.com\\\/mexique\\\/peuple\\\/#primaryimage\"},\"image\":{\"@id\":\"https:\\\/\\\/abc-latina.com\\\/mexique\\\/peuple\\\/#primaryimage\"},\"thumbnailUrl\":\"https:\\\/\\\/abc-latina.com\\\/wp-content\\\/uploads\\\/2010\\\/06\\\/024-le-peuple-mexicain.jpg\",\"datePublished\":\"2010-06-14T23:28:43+00:00\",\"dateModified\":\"2026-04-30T16:25:08+00:00\",\"description\":\"Les origines du peuple mexicain.\",\"breadcrumb\":{\"@id\":\"https:\\\/\\\/abc-latina.com\\\/mexique\\\/peuple\\\/#breadcrumb\"},\"inLanguage\":\"fr-FR\",\"potentialAction\":[{\"@type\":\"ReadAction\",\"target\":[\"https:\\\/\\\/abc-latina.com\\\/mexique\\\/peuple\\\/\"]}]},{\"@type\":\"ImageObject\",\"inLanguage\":\"fr-FR\",\"@id\":\"https:\\\/\\\/abc-latina.com\\\/mexique\\\/peuple\\\/#primaryimage\",\"url\":\"https:\\\/\\\/abc-latina.com\\\/wp-content\\\/uploads\\\/2010\\\/06\\\/024-le-peuple-mexicain.jpg\",\"contentUrl\":\"https:\\\/\\\/abc-latina.com\\\/wp-content\\\/uploads\\\/2010\\\/06\\\/024-le-peuple-mexicain.jpg\",\"width\":700,\"height\":416},{\"@type\":\"BreadcrumbList\",\"@id\":\"https:\\\/\\\/abc-latina.com\\\/mexique\\\/peuple\\\/#breadcrumb\",\"itemListElement\":[{\"@type\":\"ListItem\",\"position\":1,\"name\":\"Accueil\",\"item\":\"https:\\\/\\\/abc-latina.com\\\/\"},{\"@type\":\"ListItem\",\"position\":2,\"name\":\"Le PEUPLE MEXICAIN\"}]},{\"@type\":\"WebSite\",\"@id\":\"https:\\\/\\\/abc-latina.com\\\/#website\",\"url\":\"https:\\\/\\\/abc-latina.com\\\/\",\"name\":\"Abc-latina\",\"description\":\"\",\"publisher\":{\"@id\":\"https:\\\/\\\/abc-latina.com\\\/#organization\"},\"potentialAction\":[{\"@type\":\"SearchAction\",\"target\":{\"@type\":\"EntryPoint\",\"urlTemplate\":\"https:\\\/\\\/abc-latina.com\\\/?s={search_term_string}\"},\"query-input\":{\"@type\":\"PropertyValueSpecification\",\"valueRequired\":true,\"valueName\":\"search_term_string\"}}],\"inLanguage\":\"fr-FR\"},{\"@type\":\"Organization\",\"@id\":\"https:\\\/\\\/abc-latina.com\\\/#organization\",\"name\":\"Abc-latina\",\"url\":\"https:\\\/\\\/abc-latina.com\\\/\",\"logo\":{\"@type\":\"ImageObject\",\"inLanguage\":\"fr-FR\",\"@id\":\"https:\\\/\\\/abc-latina.com\\\/#\\\/schema\\\/logo\\\/image\\\/\",\"url\":\"https:\\\/\\\/abc-latina.com\\\/wp-content\\\/uploads\\\/2026\\\/05\\\/cropped-logo.gif\",\"contentUrl\":\"https:\\\/\\\/abc-latina.com\\\/wp-content\\\/uploads\\\/2026\\\/05\\\/cropped-logo.gif\",\"width\":89,\"height\":84,\"caption\":\"Abc-latina\"},\"image\":{\"@id\":\"https:\\\/\\\/abc-latina.com\\\/#\\\/schema\\\/logo\\\/image\\\/\"}}]}<\/script>\n<!-- \/ Yoast SEO plugin. -->","yoast_head_json":{"title":"Le PEUPLE MEXICAIN - Abc-latina","description":"Les origines du peuple mexicain.","robots":{"index":"index","follow":"follow","max-snippet":"max-snippet:-1","max-image-preview":"max-image-preview:large","max-video-preview":"max-video-preview:-1"},"canonical":"https:\/\/abc-latina.com\/mexique\/peuple\/","og_locale":"fr_FR","og_type":"article","og_title":"Le PEUPLE MEXICAIN - Abc-latina","og_description":"Les origines du peuple mexicain.","og_url":"https:\/\/abc-latina.com\/mexique\/peuple\/","og_site_name":"Abc-latina","article_modified_time":"2026-04-30T16:25:08+00:00","og_image":[{"width":700,"height":416,"url":"https:\/\/abc-latina.com\/wp-content\/uploads\/2010\/06\/024-le-peuple-mexicain.jpg","type":"image\/jpeg"}],"twitter_card":"summary_large_image","twitter_misc":{"Dur\u00e9e de lecture estim\u00e9e":"1 minute"},"schema":{"@context":"https:\/\/schema.org","@graph":[{"@type":"WebPage","@id":"https:\/\/abc-latina.com\/mexique\/peuple\/","url":"https:\/\/abc-latina.com\/mexique\/peuple\/","name":"Le PEUPLE MEXICAIN - Abc-latina","isPartOf":{"@id":"https:\/\/abc-latina.com\/#website"},"primaryImageOfPage":{"@id":"https:\/\/abc-latina.com\/mexique\/peuple\/#primaryimage"},"image":{"@id":"https:\/\/abc-latina.com\/mexique\/peuple\/#primaryimage"},"thumbnailUrl":"https:\/\/abc-latina.com\/wp-content\/uploads\/2010\/06\/024-le-peuple-mexicain.jpg","datePublished":"2010-06-14T23:28:43+00:00","dateModified":"2026-04-30T16:25:08+00:00","description":"Les origines du peuple mexicain.","breadcrumb":{"@id":"https:\/\/abc-latina.com\/mexique\/peuple\/#breadcrumb"},"inLanguage":"fr-FR","potentialAction":[{"@type":"ReadAction","target":["https:\/\/abc-latina.com\/mexique\/peuple\/"]}]},{"@type":"ImageObject","inLanguage":"fr-FR","@id":"https:\/\/abc-latina.com\/mexique\/peuple\/#primaryimage","url":"https:\/\/abc-latina.com\/wp-content\/uploads\/2010\/06\/024-le-peuple-mexicain.jpg","contentUrl":"https:\/\/abc-latina.com\/wp-content\/uploads\/2010\/06\/024-le-peuple-mexicain.jpg","width":700,"height":416},{"@type":"BreadcrumbList","@id":"https:\/\/abc-latina.com\/mexique\/peuple\/#breadcrumb","itemListElement":[{"@type":"ListItem","position":1,"name":"Accueil","item":"https:\/\/abc-latina.com\/"},{"@type":"ListItem","position":2,"name":"Le PEUPLE MEXICAIN"}]},{"@type":"WebSite","@id":"https:\/\/abc-latina.com\/#website","url":"https:\/\/abc-latina.com\/","name":"Abc-latina","description":"","publisher":{"@id":"https:\/\/abc-latina.com\/#organization"},"potentialAction":[{"@type":"SearchAction","target":{"@type":"EntryPoint","urlTemplate":"https:\/\/abc-latina.com\/?s={search_term_string}"},"query-input":{"@type":"PropertyValueSpecification","valueRequired":true,"valueName":"search_term_string"}}],"inLanguage":"fr-FR"},{"@type":"Organization","@id":"https:\/\/abc-latina.com\/#organization","name":"Abc-latina","url":"https:\/\/abc-latina.com\/","logo":{"@type":"ImageObject","inLanguage":"fr-FR","@id":"https:\/\/abc-latina.com\/#\/schema\/logo\/image\/","url":"https:\/\/abc-latina.com\/wp-content\/uploads\/2026\/05\/cropped-logo.gif","contentUrl":"https:\/\/abc-latina.com\/wp-content\/uploads\/2026\/05\/cropped-logo.gif","width":89,"height":84,"caption":"Abc-latina"},"image":{"@id":"https:\/\/abc-latina.com\/#\/schema\/logo\/image\/"}}]}},"_links":{"self":[{"href":"https:\/\/abc-latina.com\/wp-json\/wp\/v2\/pages\/1254","targetHints":{"allow":["GET"]}}],"collection":[{"href":"https:\/\/abc-latina.com\/wp-json\/wp\/v2\/pages"}],"about":[{"href":"https:\/\/abc-latina.com\/wp-json\/wp\/v2\/types\/page"}],"author":[{"embeddable":true,"href":"https:\/\/abc-latina.com\/wp-json\/wp\/v2\/users\/3"}],"replies":[{"embeddable":true,"href":"https:\/\/abc-latina.com\/wp-json\/wp\/v2\/comments?post=1254"}],"version-history":[{"count":1,"href":"https:\/\/abc-latina.com\/wp-json\/wp\/v2\/pages\/1254\/revisions"}],"predecessor-version":[{"id":3547,"href":"https:\/\/abc-latina.com\/wp-json\/wp\/v2\/pages\/1254\/revisions\/3547"}],"up":[{"embeddable":true,"href":"https:\/\/abc-latina.com\/wp-json\/wp\/v2\/pages\/2308"}],"wp:featuredmedia":[{"embeddable":true,"href":"https:\/\/abc-latina.com\/wp-json\/wp\/v2\/media\/1092"}],"wp:attachment":[{"href":"https:\/\/abc-latina.com\/wp-json\/wp\/v2\/media?parent=1254"}],"curies":[{"name":"wp","href":"https:\/\/api.w.org\/{rel}","templated":true}]}}