{"id":1257,"date":"2010-06-15T01:34:57","date_gmt":"2010-06-14T23:34:57","guid":{"rendered":"http:\/\/abc-latina.com\/revolution_mexicaine-php\/"},"modified":"2026-04-30T18:25:09","modified_gmt":"2026-04-30T16:25:09","slug":"revolution_mexicaine","status":"publish","type":"page","link":"https:\/\/abc-latina.com\/mexique\/revolution_mexicaine\/","title":{"rendered":"La REVOLUTION MEXICAINE"},"content":{"rendered":"<div><img loading=\"lazy\" decoding=\"async\" class=\" alignright size-full wp-image-1256\" src=\"http:\/\/abc-latina.com\/wp-content\/uploads\/2010\/06\/revolution-mexicaine.jpg\" title=\"La REVOLUTION MEXICAINE\" alt=\"La REVOLUTION MEXICAINE\" width=\"220\" vspace=\"9\" hspace=\"15\" height=\"220\" align=\"right\" srcset=\"https:\/\/abc-latina.com\/wp-content\/uploads\/2010\/06\/revolution-mexicaine.jpg 250w, https:\/\/abc-latina.com\/wp-content\/uploads\/2010\/06\/revolution-mexicaine-150x150.jpg 150w\" sizes=\"auto, (max-width: 220px) 100vw, 220px\" \/>Si <a href=\"https:\/\/www.abc-latina.com\/personnalites\/porfirio_diaz\" target=\"_blank\">Porfirio Diaz<\/a> avait fait \u00e9clore une \u00e9conomie florissante, ce fut aux d\u00e9pens de la population indienne. Son gouvernement tol\u00e9ra la persistance ou la cr\u00e9ation de vastes propri\u00e9t\u00e9s contr\u00f4l\u00e9es par les \u00e9lites et pour la plupart confisqu\u00e9es aux Indiens. A la fin de son r\u00e9gime moins de 10 % des Indiens poss\u00e9daient des terres et la plupart d&rsquo;entre eux \u00e9taient perp\u00e9tuellement endett\u00e9s, contraints par la loi de rester sur place s&rsquo;ils devaient la moindre somme au propri\u00e9taire de l&rsquo;hacienda. Le syst\u00e8me se pr\u00eatait aux abus et perp\u00e9tuait les in\u00e9galit\u00e9s du pass\u00e9. Voir \u00e0 nouveau le Mexique pris dans les soubresauts du changement n&rsquo;\u00e9tait qu&rsquo;une affaire de temps. Cette fois, l&rsquo;initiative revint \u00e0 un cr\u00e9ole privil\u00e9gi\u00e9, \u00e9leveur, membre d&rsquo;une des plus riches familles du Mexique. Francisco Indalecio Madero publia ainsi en 1909 un livre o\u00f9 d\u00e9fendait l&rsquo;id\u00e9e en apparence innocente d&rsquo;une n\u00e9cessaire limitation de la dur\u00e9e de la pr\u00e9sidence \u00e0 un seul mandat. Touchant un point sensible, le livre d\u00e9clencha un d\u00e9bat tr\u00e8s vif. Pour prix de ses efforts Madero fut surnomm\u00e9 &quot; l&rsquo;ap\u00f4tre de la d\u00e9mocratie &quot; et mis en prison par Diaz. En d\u00e9pit de sa promesse de retrait de la vie politique, Diaz manoeuvra en 1910 pour assurer sa r\u00e9\u00e9lection. Mais pour bon nombre de mexicains la situation avait trop dur\u00e9. C&rsquo;est alors que se d\u00e9clencha la cruelle r\u00e9volution mexicaine.&nbsp;<\/p>\n<div>&nbsp;<\/div>\n<div>A l&rsquo;origine, la r\u00e9volution fut men\u00e9e par deux personnalit\u00e9s fort diff\u00e9rentes : d&rsquo;une part Madero, dirigeant la r\u00e9volte de la classe moyenne en faveur de r\u00e9formes politiques, de l&rsquo;autre <a href=\"https:\/\/www.abc-latina.com\/personnalites\/emiliano_zapata\" target=\"_blank\">Emiliano Zapata<\/a>, enfant d&rsquo;un paysan affranchi de l&rsquo;Etat de Morelos et futur champion d\u00e9sint\u00e9ress\u00e9 de la cause des Indiens affranchis. Zapata recherchait des changements \u00e9conomiques, la r\u00e9forme agraire et le suffrage universel, t\u00e2che bien difficile pour un pays b\u00e2ti sur les in\u00e9galit\u00e9s. D&rsquo;autres chefs et groupes politiques se jet\u00e8rent dans la bataille, ajoutant encore \u00e0 la confusion et aux luttes intestines entre r\u00e9volutionnaires.<\/div>\n<div>&nbsp;<\/div>\n<div>On pourrait dire que la constitution du pays a \u00e9t\u00e9 r\u00e9dig\u00e9e dans le sang. Un mexicain sur huit succomba pendant la r\u00e9volution qui aboutit en d\u00e9finitive \u00e0 l&rsquo;adoption d&rsquo;un texte constitutionnel lib\u00e9ral toujours en vigueur aujourd&rsquo;hui. Elabor\u00e9 en 1917, il embrasse les id\u00e9aux r\u00e9volutionnaires, limite les pouvoirs de l&rsquo;Eglise, fonde un syst\u00e8me d&rsquo;\u00e9ducation nationale, d\u00e9clare les richesses mini\u00e8res propri\u00e9t\u00e9 de la nation et introduit un ensemble d&rsquo;importantes reformes sociales. La propri\u00e9t\u00e9 fonci\u00e8re fut ainsi r\u00e9form\u00e9e et un code du travail institu\u00e9.<\/div>\n<p>&nbsp;<\/p>\n<\/div>\n","protected":false},"excerpt":{"rendered":"<p>Si Porfirio Diaz avait fait \u00e9clore une \u00e9conomie florissante, ce fut aux d\u00e9pens de la population indienne. Son gouvernement tol\u00e9ra [&hellip;]<\/p>\n","protected":false},"author":3,"featured_media":1256,"parent":2308,"menu_order":0,"comment_status":"closed","ping_status":"closed","template":"","meta":{"site-sidebar-layout":"default","site-content-layout":"","ast-site-content-layout":"default","site-content-style":"default","site-sidebar-style":"default","ast-global-header-display":"","ast-banner-title-visibility":"","ast-main-header-display":"","ast-hfb-above-header-display":"","ast-hfb-below-header-display":"","ast-hfb-mobile-header-display":"","site-post-title":"","ast-breadcrumbs-content":"","ast-featured-img":"","footer-sml-layout":"","ast-disable-related-posts":"","theme-transparent-header-meta":"","adv-header-id-meta":"","stick-header-meta":"","header-above-stick-meta":"","header-main-stick-meta":"","header-below-stick-meta":"","astra-migrate-meta-layouts":"default","ast-page-background-enabled":"default","ast-page-background-meta":{"desktop":{"background-color":"var(--ast-global-color-5)","background-image":"","background-repeat":"repeat","background-position":"center center","background-size":"auto","background-attachment":"scroll","background-type":"","background-media":"","overlay-type":"","overlay-color":"","overlay-opacity":"","overlay-gradient":""},"tablet":{"background-color":"","background-image":"","background-repeat":"repeat","background-position":"center center","background-size":"auto","background-attachment":"scroll","background-type":"","background-media":"","overlay-type":"","overlay-color":"","overlay-opacity":"","overlay-gradient":""},"mobile":{"background-color":"","background-image":"","background-repeat":"repeat","background-position":"center center","background-size":"auto","background-attachment":"scroll","background-type":"","background-media":"","overlay-type":"","overlay-color":"","overlay-opacity":"","overlay-gradient":""}},"ast-content-background-meta":{"desktop":{"background-color":"var(--ast-global-color-4)","background-image":"","background-repeat":"repeat","background-position":"center center","background-size":"auto","background-attachment":"scroll","background-type":"","background-media":"","overlay-type":"","overlay-color":"","overlay-opacity":"","overlay-gradient":""},"tablet":{"background-color":"var(--ast-global-color-4)","background-image":"","background-repeat":"repeat","background-position":"center center","background-size":"auto","background-attachment":"scroll","background-type":"","background-media":"","overlay-type":"","overlay-color":"","overlay-opacity":"","overlay-gradient":""},"mobile":{"background-color":"var(--ast-global-color-4)","background-image":"","background-repeat":"repeat","background-position":"center center","background-size":"auto","background-attachment":"scroll","background-type":"","background-media":"","overlay-type":"","overlay-color":"","overlay-opacity":"","overlay-gradient":""}},"footnotes":""},"class_list":["post-1257","page","type-page","status-publish","has-post-thumbnail","hentry"],"yoast_head":"<!-- This site is optimized with the Yoast SEO plugin v27.5 - https:\/\/yoast.com\/product\/yoast-seo-wordpress\/ -->\n<title>La REVOLUTION MEXICAINE - Abc-latina<\/title>\n<meta name=\"description\" content=\"La r\u00e9volution mexicaine.\" \/>\n<meta name=\"robots\" content=\"index, follow, max-snippet:-1, max-image-preview:large, max-video-preview:-1\" \/>\n<link rel=\"canonical\" href=\"https:\/\/abc-latina.com\/mexique\/revolution_mexicaine\/\" \/>\n<meta property=\"og:locale\" content=\"fr_FR\" \/>\n<meta property=\"og:type\" content=\"article\" \/>\n<meta property=\"og:title\" content=\"La REVOLUTION MEXICAINE - Abc-latina\" \/>\n<meta property=\"og:description\" content=\"La r\u00e9volution mexicaine.\" \/>\n<meta property=\"og:url\" content=\"https:\/\/abc-latina.com\/mexique\/revolution_mexicaine\/\" \/>\n<meta property=\"og:site_name\" content=\"Abc-latina\" \/>\n<meta property=\"article:modified_time\" content=\"2026-04-30T16:25:09+00:00\" \/>\n<meta property=\"og:image\" content=\"https:\/\/abc-latina.com\/wp-content\/uploads\/2010\/06\/revolution-mexicaine.jpg\" \/>\n\t<meta property=\"og:image:width\" content=\"250\" \/>\n\t<meta property=\"og:image:height\" content=\"250\" \/>\n\t<meta property=\"og:image:type\" content=\"image\/jpeg\" \/>\n<meta name=\"twitter:card\" content=\"summary_large_image\" \/>\n<meta name=\"twitter:label1\" content=\"Dur\u00e9e de lecture estim\u00e9e\" \/>\n\t<meta name=\"twitter:data1\" content=\"2 minutes\" \/>\n<script type=\"application\/ld+json\" class=\"yoast-schema-graph\">{\"@context\":\"https:\\\/\\\/schema.org\",\"@graph\":[{\"@type\":\"WebPage\",\"@id\":\"https:\\\/\\\/abc-latina.com\\\/mexique\\\/revolution_mexicaine\\\/\",\"url\":\"https:\\\/\\\/abc-latina.com\\\/mexique\\\/revolution_mexicaine\\\/\",\"name\":\"La REVOLUTION MEXICAINE - Abc-latina\",\"isPartOf\":{\"@id\":\"https:\\\/\\\/abc-latina.com\\\/#website\"},\"primaryImageOfPage\":{\"@id\":\"https:\\\/\\\/abc-latina.com\\\/mexique\\\/revolution_mexicaine\\\/#primaryimage\"},\"image\":{\"@id\":\"https:\\\/\\\/abc-latina.com\\\/mexique\\\/revolution_mexicaine\\\/#primaryimage\"},\"thumbnailUrl\":\"https:\\\/\\\/abc-latina.com\\\/wp-content\\\/uploads\\\/2010\\\/06\\\/revolution-mexicaine.jpg\",\"datePublished\":\"2010-06-14T23:34:57+00:00\",\"dateModified\":\"2026-04-30T16:25:09+00:00\",\"description\":\"La r\u00e9volution mexicaine.\",\"breadcrumb\":{\"@id\":\"https:\\\/\\\/abc-latina.com\\\/mexique\\\/revolution_mexicaine\\\/#breadcrumb\"},\"inLanguage\":\"fr-FR\",\"potentialAction\":[{\"@type\":\"ReadAction\",\"target\":[\"https:\\\/\\\/abc-latina.com\\\/mexique\\\/revolution_mexicaine\\\/\"]}]},{\"@type\":\"ImageObject\",\"inLanguage\":\"fr-FR\",\"@id\":\"https:\\\/\\\/abc-latina.com\\\/mexique\\\/revolution_mexicaine\\\/#primaryimage\",\"url\":\"https:\\\/\\\/abc-latina.com\\\/wp-content\\\/uploads\\\/2010\\\/06\\\/revolution-mexicaine.jpg\",\"contentUrl\":\"https:\\\/\\\/abc-latina.com\\\/wp-content\\\/uploads\\\/2010\\\/06\\\/revolution-mexicaine.jpg\",\"width\":250,\"height\":250,\"caption\":\"La REVOLUTION MEXICAINE\"},{\"@type\":\"BreadcrumbList\",\"@id\":\"https:\\\/\\\/abc-latina.com\\\/mexique\\\/revolution_mexicaine\\\/#breadcrumb\",\"itemListElement\":[{\"@type\":\"ListItem\",\"position\":1,\"name\":\"Accueil\",\"item\":\"https:\\\/\\\/abc-latina.com\\\/\"},{\"@type\":\"ListItem\",\"position\":2,\"name\":\"La REVOLUTION MEXICAINE\"}]},{\"@type\":\"WebSite\",\"@id\":\"https:\\\/\\\/abc-latina.com\\\/#website\",\"url\":\"https:\\\/\\\/abc-latina.com\\\/\",\"name\":\"Abc-latina\",\"description\":\"\",\"publisher\":{\"@id\":\"https:\\\/\\\/abc-latina.com\\\/#organization\"},\"potentialAction\":[{\"@type\":\"SearchAction\",\"target\":{\"@type\":\"EntryPoint\",\"urlTemplate\":\"https:\\\/\\\/abc-latina.com\\\/?s={search_term_string}\"},\"query-input\":{\"@type\":\"PropertyValueSpecification\",\"valueRequired\":true,\"valueName\":\"search_term_string\"}}],\"inLanguage\":\"fr-FR\"},{\"@type\":\"Organization\",\"@id\":\"https:\\\/\\\/abc-latina.com\\\/#organization\",\"name\":\"Abc-latina\",\"url\":\"https:\\\/\\\/abc-latina.com\\\/\",\"logo\":{\"@type\":\"ImageObject\",\"inLanguage\":\"fr-FR\",\"@id\":\"https:\\\/\\\/abc-latina.com\\\/#\\\/schema\\\/logo\\\/image\\\/\",\"url\":\"https:\\\/\\\/abc-latina.com\\\/wp-content\\\/uploads\\\/2026\\\/05\\\/cropped-logo.gif\",\"contentUrl\":\"https:\\\/\\\/abc-latina.com\\\/wp-content\\\/uploads\\\/2026\\\/05\\\/cropped-logo.gif\",\"width\":89,\"height\":84,\"caption\":\"Abc-latina\"},\"image\":{\"@id\":\"https:\\\/\\\/abc-latina.com\\\/#\\\/schema\\\/logo\\\/image\\\/\"}}]}<\/script>\n<!-- \/ Yoast SEO plugin. -->","yoast_head_json":{"title":"La REVOLUTION MEXICAINE - Abc-latina","description":"La r\u00e9volution mexicaine.","robots":{"index":"index","follow":"follow","max-snippet":"max-snippet:-1","max-image-preview":"max-image-preview:large","max-video-preview":"max-video-preview:-1"},"canonical":"https:\/\/abc-latina.com\/mexique\/revolution_mexicaine\/","og_locale":"fr_FR","og_type":"article","og_title":"La REVOLUTION MEXICAINE - Abc-latina","og_description":"La r\u00e9volution mexicaine.","og_url":"https:\/\/abc-latina.com\/mexique\/revolution_mexicaine\/","og_site_name":"Abc-latina","article_modified_time":"2026-04-30T16:25:09+00:00","og_image":[{"width":250,"height":250,"url":"https:\/\/abc-latina.com\/wp-content\/uploads\/2010\/06\/revolution-mexicaine.jpg","type":"image\/jpeg"}],"twitter_card":"summary_large_image","twitter_misc":{"Dur\u00e9e de lecture estim\u00e9e":"2 minutes"},"schema":{"@context":"https:\/\/schema.org","@graph":[{"@type":"WebPage","@id":"https:\/\/abc-latina.com\/mexique\/revolution_mexicaine\/","url":"https:\/\/abc-latina.com\/mexique\/revolution_mexicaine\/","name":"La REVOLUTION MEXICAINE - Abc-latina","isPartOf":{"@id":"https:\/\/abc-latina.com\/#website"},"primaryImageOfPage":{"@id":"https:\/\/abc-latina.com\/mexique\/revolution_mexicaine\/#primaryimage"},"image":{"@id":"https:\/\/abc-latina.com\/mexique\/revolution_mexicaine\/#primaryimage"},"thumbnailUrl":"https:\/\/abc-latina.com\/wp-content\/uploads\/2010\/06\/revolution-mexicaine.jpg","datePublished":"2010-06-14T23:34:57+00:00","dateModified":"2026-04-30T16:25:09+00:00","description":"La r\u00e9volution mexicaine.","breadcrumb":{"@id":"https:\/\/abc-latina.com\/mexique\/revolution_mexicaine\/#breadcrumb"},"inLanguage":"fr-FR","potentialAction":[{"@type":"ReadAction","target":["https:\/\/abc-latina.com\/mexique\/revolution_mexicaine\/"]}]},{"@type":"ImageObject","inLanguage":"fr-FR","@id":"https:\/\/abc-latina.com\/mexique\/revolution_mexicaine\/#primaryimage","url":"https:\/\/abc-latina.com\/wp-content\/uploads\/2010\/06\/revolution-mexicaine.jpg","contentUrl":"https:\/\/abc-latina.com\/wp-content\/uploads\/2010\/06\/revolution-mexicaine.jpg","width":250,"height":250,"caption":"La REVOLUTION MEXICAINE"},{"@type":"BreadcrumbList","@id":"https:\/\/abc-latina.com\/mexique\/revolution_mexicaine\/#breadcrumb","itemListElement":[{"@type":"ListItem","position":1,"name":"Accueil","item":"https:\/\/abc-latina.com\/"},{"@type":"ListItem","position":2,"name":"La REVOLUTION MEXICAINE"}]},{"@type":"WebSite","@id":"https:\/\/abc-latina.com\/#website","url":"https:\/\/abc-latina.com\/","name":"Abc-latina","description":"","publisher":{"@id":"https:\/\/abc-latina.com\/#organization"},"potentialAction":[{"@type":"SearchAction","target":{"@type":"EntryPoint","urlTemplate":"https:\/\/abc-latina.com\/?s={search_term_string}"},"query-input":{"@type":"PropertyValueSpecification","valueRequired":true,"valueName":"search_term_string"}}],"inLanguage":"fr-FR"},{"@type":"Organization","@id":"https:\/\/abc-latina.com\/#organization","name":"Abc-latina","url":"https:\/\/abc-latina.com\/","logo":{"@type":"ImageObject","inLanguage":"fr-FR","@id":"https:\/\/abc-latina.com\/#\/schema\/logo\/image\/","url":"https:\/\/abc-latina.com\/wp-content\/uploads\/2026\/05\/cropped-logo.gif","contentUrl":"https:\/\/abc-latina.com\/wp-content\/uploads\/2026\/05\/cropped-logo.gif","width":89,"height":84,"caption":"Abc-latina"},"image":{"@id":"https:\/\/abc-latina.com\/#\/schema\/logo\/image\/"}}]}},"_links":{"self":[{"href":"https:\/\/abc-latina.com\/wp-json\/wp\/v2\/pages\/1257","targetHints":{"allow":["GET"]}}],"collection":[{"href":"https:\/\/abc-latina.com\/wp-json\/wp\/v2\/pages"}],"about":[{"href":"https:\/\/abc-latina.com\/wp-json\/wp\/v2\/types\/page"}],"author":[{"embeddable":true,"href":"https:\/\/abc-latina.com\/wp-json\/wp\/v2\/users\/3"}],"replies":[{"embeddable":true,"href":"https:\/\/abc-latina.com\/wp-json\/wp\/v2\/comments?post=1257"}],"version-history":[{"count":1,"href":"https:\/\/abc-latina.com\/wp-json\/wp\/v2\/pages\/1257\/revisions"}],"predecessor-version":[{"id":3556,"href":"https:\/\/abc-latina.com\/wp-json\/wp\/v2\/pages\/1257\/revisions\/3556"}],"up":[{"embeddable":true,"href":"https:\/\/abc-latina.com\/wp-json\/wp\/v2\/pages\/2308"}],"wp:featuredmedia":[{"embeddable":true,"href":"https:\/\/abc-latina.com\/wp-json\/wp\/v2\/media\/1256"}],"wp:attachment":[{"href":"https:\/\/abc-latina.com\/wp-json\/wp\/v2\/media?parent=1257"}],"curies":[{"name":"wp","href":"https:\/\/api.w.org\/{rel}","templated":true}]}}