{"id":1259,"date":"2010-06-15T01:39:31","date_gmt":"2010-06-14T23:39:31","guid":{"rendered":"http:\/\/abc-latina.com\/hymne-htm-3\/"},"modified":"2018-06-10T19:24:11","modified_gmt":"2018-06-10T17:24:11","slug":"hymne","status":"publish","type":"page","link":"https:\/\/abc-latina.com\/mexique\/hymne\/","title":{"rendered":"HYMNE NATIONAL MEXICAIN"},"content":{"rendered":"<p><img loading=\"lazy\" decoding=\"async\" class=\" size-full wp-image-1258\" src=\"http:\/\/abc-latina.com\/wp-content\/uploads\/2010\/06\/052-hymne-national-mexicain.jpg\" title=\"HYMNE NATIONAL MEXICAIN\" alt=\"\" width=\"480\" height=\"320\" srcset=\"https:\/\/abc-latina.com\/wp-content\/uploads\/2010\/06\/052-hymne-national-mexicain.jpg 700w, https:\/\/abc-latina.com\/wp-content\/uploads\/2010\/06\/052-hymne-national-mexicain-300x200.jpg 300w\" sizes=\"auto, (max-width: 480px) 100vw, 480px\" \/><\/p>\n<p>&nbsp;<\/p>\n<table style=\"width: 460px\" cellspacing=\"0\" cellpadding=\"1\" border=\"0\" align=\"center\">\n<tbody>\n<tr>\n<td><span class=\"tourisme-chapitre\"><span style=\"font-size: smaller; \">En espagnol<\/span><\/span><\/td>\n<td><span class=\"tourisme-chapitre\"><span style=\"font-size: smaller; \">En fran\u00e7ais<\/span><\/span><\/td>\n<\/tr>\n<tr>\n<td valign=\"top\">\n<div><strong><span style=\"font-size: smaller; \">Coro<\/span><\/strong><\/div>\n<div><span style=\"font-size: smaller; \">Mexicanos, al grito de guerra<\/span><\/div>\n<div><span style=\"font-size: smaller; \">el acero aprestad y el brid\u00f3n.<\/span><\/div>\n<div><span style=\"font-size: smaller; \">Y retiemble en sus centros la tierra,<\/span><\/div>\n<div><span style=\"font-size: smaller; \">al sonoro rugir del ca\u00f1\u00f3n.<\/span><\/div>\n<div><span style=\"font-size: smaller; \">&iexcl;Y retiemble en sus centros la tierra,<\/span><\/div>\n<div><span style=\"font-size: smaller; \">al sonoro rugir del ca\u00f1\u00f3n!<\/span><\/div>\n<\/td>\n<td valign=\"top\">\n<div><strong><span style=\"font-size: smaller; \">Refrain<\/span><\/strong><\/div>\n<div><span style=\"font-size: smaller; \">Mexicains, au cri de guerre<\/span><\/div>\n<div><span style=\"font-size: smaller; \">Pr\u00e9parez l&rsquo;acier et le destrier.<\/span><\/div>\n<div><span style=\"font-size: smaller; \">Et que tremble en ses centres la terre,<\/span><\/div>\n<div><span style=\"font-size: smaller; \">au sonore rugissement du canon.<\/span><\/div>\n<div><span style=\"font-size: smaller; \">Et que tremble en ses centres la terre,<\/span><\/div>\n<div><span style=\"font-size: smaller; \">au sonore rugissement du canon!<\/span><\/div>\n<\/td>\n<\/tr>\n<tr>\n<td valign=\"top\">\n<div>&nbsp;<\/div>\n<div><strong><span style=\"font-size: smaller; \">Estrofa I<\/span><\/strong><\/div>\n<div><span style=\"font-size: smaller; \">Ci\u00f1a &iexcl;oh Patria! tus sienes de oliva<\/span><\/div>\n<div><span style=\"font-size: smaller; \">de la paz el arc\u00e1ngel divino,<\/span><\/div>\n<div><span style=\"font-size: smaller; \">que en el cielo tu eterno destino<\/span><\/div>\n<div><span style=\"font-size: smaller; \">por el dedo de Dios se escribi\u00f3.<\/span><\/div>\n<div><span style=\"font-size: smaller; \">Mas si osare un extra\u00f1o enemigo<\/span><\/div>\n<div><span style=\"font-size: smaller; \">profanar con su planta tu suelo,<\/span><\/div>\n<div><span style=\"font-size: smaller; \">piensa &iexcl;oh Patria querida! que el cielo<\/span><\/div>\n<div><span style=\"font-size: smaller; \">un soldado en cada hijo te dio.<\/span><\/div>\n<\/td>\n<td valign=\"top\">\n<div>&nbsp;<\/div>\n<div><strong><span style=\"font-size: smaller; \">Premi\u00e8re Strophe<\/span><\/strong><\/div>\n<div><span style=\"font-size: smaller; \">Marque, \u00f4 Patrie, tes tempes d&rsquo;olive<\/span><\/div>\n<div><span style=\"font-size: smaller; \">de la paix l&rsquo;archange divin,<\/span><\/div>\n<div><span style=\"font-size: smaller; \">que dans le ciel ton \u00e9ternel destin<\/span><\/div>\n<div><span style=\"font-size: smaller; \">par le doigt de Dieu s&rsquo;\u00e9crivit.<\/span><\/div>\n<div><span style=\"font-size: smaller; \">Mais si ose un \u00e9tranger ennemi<\/span><\/div>\n<div><span style=\"font-size: smaller; \">profaner avec sa plante de pied ton sol,<\/span><\/div>\n<div><span style=\"font-size: smaller; \">pense, \u00f4 Patrie ch\u00e9rie, que le ciel<\/span><\/div>\n<div><span style=\"font-size: smaller; \">un soldat en chaque fils t&rsquo;a donn\u00e9.<\/span><\/div>\n<\/td>\n<\/tr>\n<tr>\n<td valign=\"top\">\n<div>&nbsp;<\/div>\n<div><strong><span style=\"font-size: smaller; \">Estrofa V<\/span><\/strong><\/div>\n<div><span style=\"font-size: smaller; \">&iexcl;Guerra, guerra sin tregua al que intente<\/span><\/div>\n<div><span style=\"font-size: smaller; \">De la patria manchar los blasones!<\/span><\/div>\n<div><span style=\"font-size: smaller; \">&iexcl;Guerra, guerra! Los patrios pendones<\/span><\/div>\n<div><span style=\"font-size: smaller; \">En las olas de sangre empapad.<\/span><\/div>\n<div><span style=\"font-size: smaller; \">&iexcl;Guerra, guerra! En el monte, en el valle<\/span><\/div>\n<div><span style=\"font-size: smaller; \">Los ca\u00f1ones horr\u00edsonos truenen,<\/span><\/div>\n<div><span style=\"font-size: smaller; \">Y los ecos sonoros resuenen<\/span><\/div>\n<div><span style=\"font-size: smaller; \">Con las voces de &iexcl;Uni\u00f3n! &iexcl;Libertad!<\/span><\/div>\n<\/td>\n<td valign=\"top\">\n<div>&nbsp;<\/div>\n<div><strong><span style=\"font-size: smaller; \">Strophe V<\/span><\/strong><\/div>\n<div><span style=\"font-size: smaller; \">Guerre, guerre sans tr\u00eave \u00e0 celui qui tente<\/span><\/div>\n<div><span style=\"font-size: smaller; \">De la patrie souiller les blasons!<\/span><\/div>\n<div><span style=\"font-size: smaller; \">Guerre, guerre! Les banni\u00e8res de la patrie<\/span><\/div>\n<div><span style=\"font-size: smaller; \">dans les vagues de sang, trempez.<\/span><\/div>\n<div><span style=\"font-size: smaller; \">Guerre, guerre! Dans la montagne, dans la vall\u00e9e<\/span><\/div>\n<div><span style=\"font-size: smaller; \">Les affreux canons tonnent,<\/span><\/div>\n<div><span style=\"font-size: smaller; \">Et les \u00e9chos sonores r\u00e9sonnent<\/span><\/div>\n<div><span style=\"font-size: smaller; \">Avec les voix d&rsquo;Union! Libert\u00e9!<\/span><\/div>\n<\/td>\n<\/tr>\n<tr>\n<td valign=\"top\">\n<div>&nbsp;<\/div>\n<div><strong><span style=\"font-size: smaller; \">Estrofa VI<\/span><\/strong><\/div>\n<div><span style=\"font-size: smaller; \">Antes, patria, que inermes tus hijos<\/span><\/div>\n<div><span style=\"font-size: smaller; \">Bajo el yugo su cuello dobleguen,<\/span><\/div>\n<div><span style=\"font-size: smaller; \">Tus campi\u00f1as con sangre se rieguen,<\/span><\/div>\n<div><span style=\"font-size: smaller; \">Sobre sangre se estampe su pie.<\/span><\/div>\n<div><span style=\"font-size: smaller; \">Y tus templos, palacios y torres<\/span><\/div>\n<div><span style=\"font-size: smaller; \">Se derrumben con h\u00f3rrido estruendo,<\/span><\/div>\n<div><span style=\"font-size: smaller; \">Y sus ruinas existan diciendo:<\/span><\/div>\n<div><span style=\"font-size: smaller; \">De mil h\u00e9roes la patria aqu\u00ed fue<\/span><\/div>\n<\/td>\n<td valign=\"top\">\n<div>&nbsp;<\/div>\n<div><strong><span style=\"font-size: smaller; \">Strophe VI<\/span><\/strong><\/div>\n<div><span style=\"font-size: smaller; \">Avant, Patrie, que sans armes tes fils,<\/span><\/div>\n<div><span style=\"font-size: smaller; \">Sous le joug, leur \u00e9chine plient,<\/span><\/div>\n<div><span style=\"font-size: smaller; \">Tes campagnes de sang sont irrigu\u00e9es,<\/span><\/div>\n<div><span style=\"font-size: smaller; \">Sur le sang s&rsquo;imprime leur pied.<\/span><\/div>\n<div><span style=\"font-size: smaller; \">Et tes temples, tes palais et tes tours<\/span><\/div>\n<div><span style=\"font-size: smaller; \">S&rsquo;effondrent dans un fracas horrible,<\/span><\/div>\n<div><span style=\"font-size: smaller; \">Et tes ruines existent en disant :<\/span><\/div>\n<div><span style=\"font-size: smaller; \">Par mille h\u00e9ros la patrie ici a \u00e9t\u00e9.<\/span><\/div>\n<\/td>\n<\/tr>\n<tr>\n<td valign=\"top\">\n<div>&nbsp;<\/div>\n<div><strong><span style=\"font-size: smaller; \">Estrofa X<\/span><\/strong><\/div>\n<div><span style=\"font-size: smaller; \">&iexcl;Patria! &iexcl;Patria! Tus hijos te juran<\/span><\/div>\n<div><span style=\"font-size: smaller; \">Exhalar en tus aras su aliento,<\/span><\/div>\n<div><span style=\"font-size: smaller; \">Si el clar\u00edn con su b\u00e9lico acento<\/span><\/div>\n<div><span style=\"font-size: smaller; \">los convoca a lidiar con valor.<\/span><\/div>\n<div><span style=\"font-size: smaller; \">&iexcl;Para ti las guirnaldas de oliva!<\/span><\/div>\n<div><span style=\"font-size: smaller; \">&iexcl;Un recuerdo para ellos de gloria!<\/span><\/div>\n<div><span style=\"font-size: smaller; \">&iexcl;Un laurel para ti de victoria!<\/span><\/div>\n<div><span style=\"font-size: smaller; \">&iexcl;Un sepulcro para ellos de honor!<\/span><\/div>\n<\/td>\n<td valign=\"top\">\n<div>&nbsp;<\/div>\n<div><strong><span style=\"font-size: smaller; \">Strophe X<\/span><\/strong><\/div>\n<div><span style=\"font-size: smaller; \">Patrie! M\u00e8re patrie! Tes enfants te jurent<\/span><\/div>\n<div><span style=\"font-size: smaller; \">rendre le dernier souffle pour ton honneur,<\/span><\/div>\n<div><span style=\"font-size: smaller; \">Si le clairon avec son accent guerrier<\/span><\/div>\n<div><span style=\"font-size: smaller; \">les appelle \u00e0 combattre avec courage.<\/span><\/div>\n<div><span style=\"font-size: smaller; \">\u00c0 toi les guirlandes d&rsquo;olives!<\/span><\/div>\n<div><span style=\"font-size: smaller; \">Pour eux, un souvenir de gloire!<\/span><\/div>\n<div><span style=\"font-size: smaller; \">\u00c0 toi, les lauriers de la victoire!<\/span><\/div>\n<div><span style=\"font-size: smaller; \">Pour eux, une tombe en leur honneur!<\/span><\/div>\n<\/td>\n<\/tr>\n<\/tbody>\n<\/table>\n<p>&nbsp;<\/p>\n<p><iframe loading=\"lazy\" src=\"http:\/\/www.youtube.com\/embed\/QDNTqHg8UF0?rel=0\" allowfullscreen=\"\" width=\"300\" height=\"225\" frameborder=\"0\"><\/iframe><\/p>\n","protected":false},"excerpt":{"rendered":"<p>&nbsp; En espagnol En fran\u00e7ais Coro Mexicanos, al grito de guerra el acero aprestad y el brid\u00f3n. Y retiemble en [&hellip;]<\/p>\n","protected":false},"author":3,"featured_media":1258,"parent":2308,"menu_order":0,"comment_status":"closed","ping_status":"closed","template":"","meta":{"site-sidebar-layout":"default","site-content-layout":"","ast-site-content-layout":"default","site-content-style":"default","site-sidebar-style":"default","ast-global-header-display":"","ast-banner-title-visibility":"","ast-main-header-display":"","ast-hfb-above-header-display":"","ast-hfb-below-header-display":"","ast-hfb-mobile-header-display":"","site-post-title":"","ast-breadcrumbs-content":"","ast-featured-img":"","footer-sml-layout":"","ast-disable-related-posts":"","theme-transparent-header-meta":"","adv-header-id-meta":"","stick-header-meta":"","header-above-stick-meta":"","header-main-stick-meta":"","header-below-stick-meta":"","astra-migrate-meta-layouts":"default","ast-page-background-enabled":"default","ast-page-background-meta":{"desktop":{"background-color":"var(--ast-global-color-5)","background-image":"","background-repeat":"repeat","background-position":"center center","background-size":"auto","background-attachment":"scroll","background-type":"","background-media":"","overlay-type":"","overlay-color":"","overlay-opacity":"","overlay-gradient":""},"tablet":{"background-color":"","background-image":"","background-repeat":"repeat","background-position":"center center","background-size":"auto","background-attachment":"scroll","background-type":"","background-media":"","overlay-type":"","overlay-color":"","overlay-opacity":"","overlay-gradient":""},"mobile":{"background-color":"","background-image":"","background-repeat":"repeat","background-position":"center center","background-size":"auto","background-attachment":"scroll","background-type":"","background-media":"","overlay-type":"","overlay-color":"","overlay-opacity":"","overlay-gradient":""}},"ast-content-background-meta":{"desktop":{"background-color":"var(--ast-global-color-4)","background-image":"","background-repeat":"repeat","background-position":"center center","background-size":"auto","background-attachment":"scroll","background-type":"","background-media":"","overlay-type":"","overlay-color":"","overlay-opacity":"","overlay-gradient":""},"tablet":{"background-color":"var(--ast-global-color-4)","background-image":"","background-repeat":"repeat","background-position":"center center","background-size":"auto","background-attachment":"scroll","background-type":"","background-media":"","overlay-type":"","overlay-color":"","overlay-opacity":"","overlay-gradient":""},"mobile":{"background-color":"var(--ast-global-color-4)","background-image":"","background-repeat":"repeat","background-position":"center center","background-size":"auto","background-attachment":"scroll","background-type":"","background-media":"","overlay-type":"","overlay-color":"","overlay-opacity":"","overlay-gradient":""}},"footnotes":""},"class_list":["post-1259","page","type-page","status-publish","has-post-thumbnail","hentry"],"yoast_head":"<!-- This site is optimized with the Yoast SEO plugin v27.5 - https:\/\/yoast.com\/product\/yoast-seo-wordpress\/ -->\n<title>HYMNE NATIONAL MEXICAIN - Abc-latina<\/title>\n<meta name=\"description\" content=\"Paroles et musique de l hymne national mexicain.\" \/>\n<meta name=\"robots\" content=\"index, follow, max-snippet:-1, max-image-preview:large, max-video-preview:-1\" \/>\n<link rel=\"canonical\" href=\"https:\/\/abc-latina.com\/mexique\/hymne\/\" \/>\n<meta property=\"og:locale\" content=\"fr_FR\" \/>\n<meta property=\"og:type\" content=\"article\" \/>\n<meta property=\"og:title\" content=\"HYMNE NATIONAL MEXICAIN - Abc-latina\" \/>\n<meta property=\"og:description\" content=\"Paroles et musique de l hymne national mexicain.\" \/>\n<meta property=\"og:url\" content=\"https:\/\/abc-latina.com\/mexique\/hymne\/\" \/>\n<meta property=\"og:site_name\" content=\"Abc-latina\" \/>\n<meta property=\"article:modified_time\" content=\"2018-06-10T17:24:11+00:00\" \/>\n<meta property=\"og:image\" content=\"https:\/\/abc-latina.com\/wp-content\/uploads\/2010\/06\/052-hymne-national-mexicain.jpg\" \/>\n\t<meta property=\"og:image:width\" content=\"700\" \/>\n\t<meta property=\"og:image:height\" content=\"467\" \/>\n\t<meta property=\"og:image:type\" content=\"image\/jpeg\" \/>\n<meta name=\"twitter:card\" content=\"summary_large_image\" \/>\n<meta name=\"twitter:label1\" content=\"Dur\u00e9e de lecture estim\u00e9e\" \/>\n\t<meta name=\"twitter:data1\" content=\"3 minutes\" \/>\n<script type=\"application\/ld+json\" class=\"yoast-schema-graph\">{\"@context\":\"https:\\\/\\\/schema.org\",\"@graph\":[{\"@type\":\"WebPage\",\"@id\":\"https:\\\/\\\/abc-latina.com\\\/mexique\\\/hymne\\\/\",\"url\":\"https:\\\/\\\/abc-latina.com\\\/mexique\\\/hymne\\\/\",\"name\":\"HYMNE NATIONAL MEXICAIN - Abc-latina\",\"isPartOf\":{\"@id\":\"https:\\\/\\\/abc-latina.com\\\/#website\"},\"primaryImageOfPage\":{\"@id\":\"https:\\\/\\\/abc-latina.com\\\/mexique\\\/hymne\\\/#primaryimage\"},\"image\":{\"@id\":\"https:\\\/\\\/abc-latina.com\\\/mexique\\\/hymne\\\/#primaryimage\"},\"thumbnailUrl\":\"https:\\\/\\\/abc-latina.com\\\/wp-content\\\/uploads\\\/2010\\\/06\\\/052-hymne-national-mexicain.jpg\",\"datePublished\":\"2010-06-14T23:39:31+00:00\",\"dateModified\":\"2018-06-10T17:24:11+00:00\",\"description\":\"Paroles et musique de l hymne national mexicain.\",\"breadcrumb\":{\"@id\":\"https:\\\/\\\/abc-latina.com\\\/mexique\\\/hymne\\\/#breadcrumb\"},\"inLanguage\":\"fr-FR\",\"potentialAction\":[{\"@type\":\"ReadAction\",\"target\":[\"https:\\\/\\\/abc-latina.com\\\/mexique\\\/hymne\\\/\"]}]},{\"@type\":\"ImageObject\",\"inLanguage\":\"fr-FR\",\"@id\":\"https:\\\/\\\/abc-latina.com\\\/mexique\\\/hymne\\\/#primaryimage\",\"url\":\"https:\\\/\\\/abc-latina.com\\\/wp-content\\\/uploads\\\/2010\\\/06\\\/052-hymne-national-mexicain.jpg\",\"contentUrl\":\"https:\\\/\\\/abc-latina.com\\\/wp-content\\\/uploads\\\/2010\\\/06\\\/052-hymne-national-mexicain.jpg\",\"width\":700,\"height\":467,\"caption\":\"HYMNE NATIONAL MEXICAIN\"},{\"@type\":\"BreadcrumbList\",\"@id\":\"https:\\\/\\\/abc-latina.com\\\/mexique\\\/hymne\\\/#breadcrumb\",\"itemListElement\":[{\"@type\":\"ListItem\",\"position\":1,\"name\":\"Accueil\",\"item\":\"https:\\\/\\\/abc-latina.com\\\/\"},{\"@type\":\"ListItem\",\"position\":2,\"name\":\"HYMNE NATIONAL MEXICAIN\"}]},{\"@type\":\"WebSite\",\"@id\":\"https:\\\/\\\/abc-latina.com\\\/#website\",\"url\":\"https:\\\/\\\/abc-latina.com\\\/\",\"name\":\"Abc-latina\",\"description\":\"\",\"publisher\":{\"@id\":\"https:\\\/\\\/abc-latina.com\\\/#organization\"},\"potentialAction\":[{\"@type\":\"SearchAction\",\"target\":{\"@type\":\"EntryPoint\",\"urlTemplate\":\"https:\\\/\\\/abc-latina.com\\\/?s={search_term_string}\"},\"query-input\":{\"@type\":\"PropertyValueSpecification\",\"valueRequired\":true,\"valueName\":\"search_term_string\"}}],\"inLanguage\":\"fr-FR\"},{\"@type\":\"Organization\",\"@id\":\"https:\\\/\\\/abc-latina.com\\\/#organization\",\"name\":\"Abc-latina\",\"url\":\"https:\\\/\\\/abc-latina.com\\\/\",\"logo\":{\"@type\":\"ImageObject\",\"inLanguage\":\"fr-FR\",\"@id\":\"https:\\\/\\\/abc-latina.com\\\/#\\\/schema\\\/logo\\\/image\\\/\",\"url\":\"https:\\\/\\\/abc-latina.com\\\/wp-content\\\/uploads\\\/2026\\\/05\\\/cropped-logo.gif\",\"contentUrl\":\"https:\\\/\\\/abc-latina.com\\\/wp-content\\\/uploads\\\/2026\\\/05\\\/cropped-logo.gif\",\"width\":89,\"height\":84,\"caption\":\"Abc-latina\"},\"image\":{\"@id\":\"https:\\\/\\\/abc-latina.com\\\/#\\\/schema\\\/logo\\\/image\\\/\"}}]}<\/script>\n<!-- \/ Yoast SEO plugin. -->","yoast_head_json":{"title":"HYMNE NATIONAL MEXICAIN - Abc-latina","description":"Paroles et musique de l hymne national mexicain.","robots":{"index":"index","follow":"follow","max-snippet":"max-snippet:-1","max-image-preview":"max-image-preview:large","max-video-preview":"max-video-preview:-1"},"canonical":"https:\/\/abc-latina.com\/mexique\/hymne\/","og_locale":"fr_FR","og_type":"article","og_title":"HYMNE NATIONAL MEXICAIN - Abc-latina","og_description":"Paroles et musique de l hymne national mexicain.","og_url":"https:\/\/abc-latina.com\/mexique\/hymne\/","og_site_name":"Abc-latina","article_modified_time":"2018-06-10T17:24:11+00:00","og_image":[{"width":700,"height":467,"url":"https:\/\/abc-latina.com\/wp-content\/uploads\/2010\/06\/052-hymne-national-mexicain.jpg","type":"image\/jpeg"}],"twitter_card":"summary_large_image","twitter_misc":{"Dur\u00e9e de lecture estim\u00e9e":"3 minutes"},"schema":{"@context":"https:\/\/schema.org","@graph":[{"@type":"WebPage","@id":"https:\/\/abc-latina.com\/mexique\/hymne\/","url":"https:\/\/abc-latina.com\/mexique\/hymne\/","name":"HYMNE NATIONAL MEXICAIN - Abc-latina","isPartOf":{"@id":"https:\/\/abc-latina.com\/#website"},"primaryImageOfPage":{"@id":"https:\/\/abc-latina.com\/mexique\/hymne\/#primaryimage"},"image":{"@id":"https:\/\/abc-latina.com\/mexique\/hymne\/#primaryimage"},"thumbnailUrl":"https:\/\/abc-latina.com\/wp-content\/uploads\/2010\/06\/052-hymne-national-mexicain.jpg","datePublished":"2010-06-14T23:39:31+00:00","dateModified":"2018-06-10T17:24:11+00:00","description":"Paroles et musique de l hymne national mexicain.","breadcrumb":{"@id":"https:\/\/abc-latina.com\/mexique\/hymne\/#breadcrumb"},"inLanguage":"fr-FR","potentialAction":[{"@type":"ReadAction","target":["https:\/\/abc-latina.com\/mexique\/hymne\/"]}]},{"@type":"ImageObject","inLanguage":"fr-FR","@id":"https:\/\/abc-latina.com\/mexique\/hymne\/#primaryimage","url":"https:\/\/abc-latina.com\/wp-content\/uploads\/2010\/06\/052-hymne-national-mexicain.jpg","contentUrl":"https:\/\/abc-latina.com\/wp-content\/uploads\/2010\/06\/052-hymne-national-mexicain.jpg","width":700,"height":467,"caption":"HYMNE NATIONAL MEXICAIN"},{"@type":"BreadcrumbList","@id":"https:\/\/abc-latina.com\/mexique\/hymne\/#breadcrumb","itemListElement":[{"@type":"ListItem","position":1,"name":"Accueil","item":"https:\/\/abc-latina.com\/"},{"@type":"ListItem","position":2,"name":"HYMNE NATIONAL MEXICAIN"}]},{"@type":"WebSite","@id":"https:\/\/abc-latina.com\/#website","url":"https:\/\/abc-latina.com\/","name":"Abc-latina","description":"","publisher":{"@id":"https:\/\/abc-latina.com\/#organization"},"potentialAction":[{"@type":"SearchAction","target":{"@type":"EntryPoint","urlTemplate":"https:\/\/abc-latina.com\/?s={search_term_string}"},"query-input":{"@type":"PropertyValueSpecification","valueRequired":true,"valueName":"search_term_string"}}],"inLanguage":"fr-FR"},{"@type":"Organization","@id":"https:\/\/abc-latina.com\/#organization","name":"Abc-latina","url":"https:\/\/abc-latina.com\/","logo":{"@type":"ImageObject","inLanguage":"fr-FR","@id":"https:\/\/abc-latina.com\/#\/schema\/logo\/image\/","url":"https:\/\/abc-latina.com\/wp-content\/uploads\/2026\/05\/cropped-logo.gif","contentUrl":"https:\/\/abc-latina.com\/wp-content\/uploads\/2026\/05\/cropped-logo.gif","width":89,"height":84,"caption":"Abc-latina"},"image":{"@id":"https:\/\/abc-latina.com\/#\/schema\/logo\/image\/"}}]}},"_links":{"self":[{"href":"https:\/\/abc-latina.com\/wp-json\/wp\/v2\/pages\/1259","targetHints":{"allow":["GET"]}}],"collection":[{"href":"https:\/\/abc-latina.com\/wp-json\/wp\/v2\/pages"}],"about":[{"href":"https:\/\/abc-latina.com\/wp-json\/wp\/v2\/types\/page"}],"author":[{"embeddable":true,"href":"https:\/\/abc-latina.com\/wp-json\/wp\/v2\/users\/3"}],"replies":[{"embeddable":true,"href":"https:\/\/abc-latina.com\/wp-json\/wp\/v2\/comments?post=1259"}],"version-history":[{"count":0,"href":"https:\/\/abc-latina.com\/wp-json\/wp\/v2\/pages\/1259\/revisions"}],"up":[{"embeddable":true,"href":"https:\/\/abc-latina.com\/wp-json\/wp\/v2\/pages\/2308"}],"wp:featuredmedia":[{"embeddable":true,"href":"https:\/\/abc-latina.com\/wp-json\/wp\/v2\/media\/1258"}],"wp:attachment":[{"href":"https:\/\/abc-latina.com\/wp-json\/wp\/v2\/media?parent=1259"}],"curies":[{"name":"wp","href":"https:\/\/api.w.org\/{rel}","templated":true}]}}