{"id":1263,"date":"2010-06-15T01:43:56","date_gmt":"2010-06-14T23:43:56","guid":{"rendered":"http:\/\/abc-latina.com\/mezcal-htm\/"},"modified":"2018-06-10T19:11:13","modified_gmt":"2018-06-10T17:11:13","slug":"mezcal","status":"publish","type":"page","link":"https:\/\/abc-latina.com\/mexique\/mezcal\/","title":{"rendered":"Le MEZCAL"},"content":{"rendered":"<div><img loading=\"lazy\" decoding=\"async\" class=\" alignright size-full wp-image-1262\" src=\"http:\/\/abc-latina.com\/wp-content\/uploads\/2010\/06\/mezcal.jpg\" title=\"Le MEZCAL\" alt=\"\" width=\"220\" vspace=\"9\" hspace=\"15\" height=\"220\" align=\"right\" srcset=\"https:\/\/abc-latina.com\/wp-content\/uploads\/2010\/06\/mezcal.jpg 220w, https:\/\/abc-latina.com\/wp-content\/uploads\/2010\/06\/mezcal-150x150.jpg 150w\" sizes=\"auto, (max-width: 220px) 100vw, 220px\" \/>Le <strong>mezcal <\/strong>est une boisson alcoolis\u00e9e mexicaine \u00e9labor\u00e9e \u00e0 partir de l&rsquo;agave (\u00e0 ne pas confondre avec la mescaline, alcalo\u00efde hallucinog\u00e8ne extrait du peyotl). Il existe plusieurs sortes d&rsquo;agaves et chacune produit un mezcal l\u00e9g\u00e8rement diff\u00e9rent. La <a href=\"https:\/\/www.abc-latina.com\/mexique\/div\/tequila\">tequila<\/a> est un mezcal provenant de la s\u00e8ve d&rsquo;agave bleu (sp\u00e9cifiquement de l&rsquo;agave &laquo; Tequilana Weber &raquo;) dans la r\u00e9gion de Tequila au Mexique. En fait, la norme mexicaine (Norma Oficial) exige qu&rsquo;au moins 51% de l&rsquo;alcool d&rsquo;un mezcal provienne uniquement de cette vari\u00e9t\u00e9 pour pouvoir recevoir l&rsquo;appellation tequila.<\/div>\n<div>&nbsp;<\/div>\n<div><span class=\"geo-info\">Production&nbsp;<\/span><\/div>\n<div>Le mezcal est produit \u00e0 partir du c\u0153ur de l&rsquo;agave. L&rsquo;agave m\u00fbrit pendant 6 \u00e0 12 ans avant qu&rsquo;ait lieu la r\u00e9colte, appel\u00e9e jima : les feuilles ac\u00e9r\u00e9es (pencas) sont \u00e9lagu\u00e9es par le cultivateur d&rsquo;agave (jimador) \u00e0 l&rsquo;aide d&rsquo;un outil tranchant, la coa, pour ne garder que le c\u0153ur ou pi\u00f1as (mot espagnol pour ananas). La pi\u00f1a, qui ressemble \u00e0 un ananas g\u00e9ant de 30 \u00e0 60 kg, est ensuite cuite \u00e0 la vapeur \u00e0 une temp\u00e9rature d&rsquo;environ 55&deg;C pendant 24 \u00e0 50 heures. Cette cuisson permet de transformer les amidons contenus naturellement dans la plante en sucres qui apr\u00e8s fermentation donneront l&rsquo;alcool.<\/div>\n<div>Apr\u00e8s la cuisson, la pi\u00f1a est refroidie et repose jusqu&rsquo;\u00e0 une semaine. Puis elle est moulue pour en extraire la pulpe. Cette derni\u00e8re op\u00e9ration est effectu\u00e9e dans un pressoir ou sur un disque de pierre ou de b\u00e9ton sur lequel tourne une roue de pierre.<\/div>\n<div>La &laquo; pur\u00e9e &raquo; obtenue, additionn\u00e9e de 5 \u00e0 10% d&rsquo;eau, est ensuite plac\u00e9e dans de grandes cuves de 5 000 \u00e0 50 000 litres o\u00f9 les sucres vont \u00eatre transform\u00e9s en alcool par fermentation, sous l&rsquo;action de ses propres levures. Cette fermentation dure jusqu&rsquo;\u00e0 30 jours. Des catalyseurs (des levures chimiques, par exemple), permettant d&rsquo;acc\u00e9l\u00e9rer la fermentation en 2 \u00e0 4 jours, sont parfois ajout\u00e9s. Du sucre de canne ou de ma\u00efs peut \u00e9galement \u00eatre utilis\u00e9 lors de cette fermentation. La l\u00e9gislation mexicaine exige que seulement 51% de l&rsquo;alcool provienne de la fermentation de l&rsquo;agave.<\/div>\n<div>Le jus ferment\u00e9 obtenu, appel\u00e9 mosto, est ensuite distill\u00e9 deux fois dans un alambic en acier inoxydable ou en cuivre. Le r\u00e9sultat de la premi\u00e8re distillation, une fois les fibres enlev\u00e9es, est appel\u00e9 ordinario et titre entre 20&deg; et 30&deg; Vol. Il est replac\u00e9 dans l&rsquo;alambic pour une deuxi\u00e8me distillation qui fera monter le degr\u00e9 d&rsquo;alcool jusqu&rsquo;\u00e0 55&deg;. Parfois, de l&rsquo;eau est ajout\u00e9e pour r\u00e9duire le degr\u00e9 \u00e0 40&deg; (mixtos, dilu\u00e9 avec de l&rsquo;eau). \u00c0 ce stade, le mezcal peut \u00eatre embouteill\u00e9 ou vieilli.<\/div>\n<div>Le vieillissement se d\u00e9roule relativement rapidement compar\u00e9 \u00e0 d&rsquo;autres alcools. Il se d\u00e9roule dans des barriques en bois pendant deux mois et jusqu&rsquo;\u00e0 plusieurs dizaines d&rsquo;ann\u00e9es. Durant cette p\u00e9riode, le mezcal prend une couleur dor\u00e9e et son go\u00fbt est modifi\u00e9 par le bois des barriques. Plus il est \u00e2g\u00e9, plus sa couleur sera sombre et plus l&rsquo;influence du bois sur le go\u00fbt sera importante.<\/div>\n<div>&nbsp;<\/div>\n<div><span class=\"geo-info\">Classification des \u00c2ges :<\/span><\/div>\n<div>&#8211; <strong>Blanco &#8211; blanc<\/strong> (clair), \u00e2g\u00e9 de moins de deux mois ;&nbsp;<\/div>\n<div>&#8211; <strong>Reposado<\/strong> (repos\u00e9) &#8211; \u00e2g\u00e9 d&rsquo;au moins deux mois et jusqu&rsquo;\u00e0 un an;&nbsp;<\/div>\n<div>&#8211; <strong>A\u00f1ejo<\/strong> &#8211; \u00e2g\u00e9 d&rsquo;au moins un an en f\u00fbts de ch\u00eane.&nbsp;<\/div>\n<div>&nbsp;<\/div>\n<div><span class=\"geo-info\">Le ver&nbsp;<\/span><\/div>\n<div>Les &quot;vers&quot; (gusano rojo ou ver du maguey) dans la bouteille de mezcal sont des gadgets promotionnels. Le ver est un ver d&rsquo;agave. L&rsquo;origine de cette pratique remonte \u00e0 un homme nomm\u00e9 Jacobo Lozano P\u00e1ez. En 1940, alors qu&rsquo;il go\u00fbtait de l&rsquo;agave pr\u00e9par\u00e9e, lui et son partenaire trouv\u00e8rent que le ver changeait le go\u00fbt de l&rsquo;agave. (Des vers d&rsquo;agave sont parfois retrouv\u00e9s dans la pi\u00f1a apr\u00e8s la r\u00e9colte, signe d&rsquo;une agave infest\u00e9e). Contrairement \u00e0 une croyance r\u00e9pandue, la tequila n&rsquo;est pas autoris\u00e9e (par la loi) \u00e0 contenir le ver. Les &quot;vers&quot; en question sont en fait des chenilles.<\/div>\n<div>&nbsp;<\/div>\n<div><span class=\"geo-info2\">Autres boissons accolis\u00e9es en Am\u00e9rique latine:<\/span><\/div>\n<div>La <a href=\"https:\/\/www.abc-latina.com\/mexique\/div\/tequila\">Tequila<\/a> au Mexique.<\/div>\n<div>Le <a target=\"_blank\" href=\"https:\/\/www.abc-latina.com\/perou\/div\/pisco\">Pisco<\/a> au P\u00e9rou<\/div>\n<div>La <a target=\"_blank\" href=\"https:\/\/www.abc-latina.com\/bresil\/div\/cachaca\">Cacha\u00e7a<\/a> au Br\u00e9sil<\/div>\n","protected":false},"excerpt":{"rendered":"<p>Le mezcal est une boisson alcoolis\u00e9e mexicaine \u00e9labor\u00e9e \u00e0 partir de l&rsquo;agave (\u00e0 ne pas confondre avec la mescaline, alcalo\u00efde [&hellip;]<\/p>\n","protected":false},"author":3,"featured_media":1262,"parent":2308,"menu_order":0,"comment_status":"closed","ping_status":"closed","template":"","meta":{"site-sidebar-layout":"default","site-content-layout":"","ast-site-content-layout":"default","site-content-style":"default","site-sidebar-style":"default","ast-global-header-display":"","ast-banner-title-visibility":"","ast-main-header-display":"","ast-hfb-above-header-display":"","ast-hfb-below-header-display":"","ast-hfb-mobile-header-display":"","site-post-title":"","ast-breadcrumbs-content":"","ast-featured-img":"","footer-sml-layout":"","ast-disable-related-posts":"","theme-transparent-header-meta":"","adv-header-id-meta":"","stick-header-meta":"","header-above-stick-meta":"","header-main-stick-meta":"","header-below-stick-meta":"","astra-migrate-meta-layouts":"default","ast-page-background-enabled":"default","ast-page-background-meta":{"desktop":{"background-color":"var(--ast-global-color-5)","background-image":"","background-repeat":"repeat","background-position":"center center","background-size":"auto","background-attachment":"scroll","background-type":"","background-media":"","overlay-type":"","overlay-color":"","overlay-opacity":"","overlay-gradient":""},"tablet":{"background-color":"","background-image":"","background-repeat":"repeat","background-position":"center center","background-size":"auto","background-attachment":"scroll","background-type":"","background-media":"","overlay-type":"","overlay-color":"","overlay-opacity":"","overlay-gradient":""},"mobile":{"background-color":"","background-image":"","background-repeat":"repeat","background-position":"center center","background-size":"auto","background-attachment":"scroll","background-type":"","background-media":"","overlay-type":"","overlay-color":"","overlay-opacity":"","overlay-gradient":""}},"ast-content-background-meta":{"desktop":{"background-color":"var(--ast-global-color-4)","background-image":"","background-repeat":"repeat","background-position":"center center","background-size":"auto","background-attachment":"scroll","background-type":"","background-media":"","overlay-type":"","overlay-color":"","overlay-opacity":"","overlay-gradient":""},"tablet":{"background-color":"var(--ast-global-color-4)","background-image":"","background-repeat":"repeat","background-position":"center center","background-size":"auto","background-attachment":"scroll","background-type":"","background-media":"","overlay-type":"","overlay-color":"","overlay-opacity":"","overlay-gradient":""},"mobile":{"background-color":"var(--ast-global-color-4)","background-image":"","background-repeat":"repeat","background-position":"center center","background-size":"auto","background-attachment":"scroll","background-type":"","background-media":"","overlay-type":"","overlay-color":"","overlay-opacity":"","overlay-gradient":""}},"footnotes":""},"class_list":["post-1263","page","type-page","status-publish","has-post-thumbnail","hentry"],"yoast_head":"<!-- This site is optimized with the Yoast SEO plugin v27.5 - https:\/\/yoast.com\/product\/yoast-seo-wordpress\/ -->\n<title>Le MEZCAL - Abc-latina<\/title>\n<meta name=\"description\" content=\"Le Mezcal, boisson mexicaine.\" \/>\n<meta name=\"robots\" content=\"index, follow, max-snippet:-1, max-image-preview:large, max-video-preview:-1\" \/>\n<link rel=\"canonical\" href=\"https:\/\/abc-latina.com\/mexique\/mezcal\/\" \/>\n<meta property=\"og:locale\" content=\"fr_FR\" \/>\n<meta property=\"og:type\" content=\"article\" \/>\n<meta property=\"og:title\" content=\"Le MEZCAL - Abc-latina\" \/>\n<meta property=\"og:description\" content=\"Le Mezcal, boisson mexicaine.\" \/>\n<meta property=\"og:url\" content=\"https:\/\/abc-latina.com\/mexique\/mezcal\/\" \/>\n<meta property=\"og:site_name\" content=\"Abc-latina\" \/>\n<meta property=\"article:modified_time\" content=\"2018-06-10T17:11:13+00:00\" \/>\n<meta property=\"og:image\" content=\"https:\/\/abc-latina.com\/wp-content\/uploads\/2010\/06\/mezcal.jpg\" \/>\n\t<meta property=\"og:image:width\" content=\"220\" \/>\n\t<meta property=\"og:image:height\" content=\"220\" \/>\n\t<meta property=\"og:image:type\" content=\"image\/jpeg\" \/>\n<meta name=\"twitter:card\" content=\"summary_large_image\" \/>\n<meta name=\"twitter:label1\" content=\"Dur\u00e9e de lecture estim\u00e9e\" \/>\n\t<meta name=\"twitter:data1\" content=\"3 minutes\" \/>\n<script type=\"application\/ld+json\" class=\"yoast-schema-graph\">{\"@context\":\"https:\\\/\\\/schema.org\",\"@graph\":[{\"@type\":\"WebPage\",\"@id\":\"https:\\\/\\\/abc-latina.com\\\/mexique\\\/mezcal\\\/\",\"url\":\"https:\\\/\\\/abc-latina.com\\\/mexique\\\/mezcal\\\/\",\"name\":\"Le MEZCAL - Abc-latina\",\"isPartOf\":{\"@id\":\"https:\\\/\\\/abc-latina.com\\\/#website\"},\"primaryImageOfPage\":{\"@id\":\"https:\\\/\\\/abc-latina.com\\\/mexique\\\/mezcal\\\/#primaryimage\"},\"image\":{\"@id\":\"https:\\\/\\\/abc-latina.com\\\/mexique\\\/mezcal\\\/#primaryimage\"},\"thumbnailUrl\":\"https:\\\/\\\/abc-latina.com\\\/wp-content\\\/uploads\\\/2010\\\/06\\\/mezcal.jpg\",\"datePublished\":\"2010-06-14T23:43:56+00:00\",\"dateModified\":\"2018-06-10T17:11:13+00:00\",\"description\":\"Le Mezcal, boisson mexicaine.\",\"breadcrumb\":{\"@id\":\"https:\\\/\\\/abc-latina.com\\\/mexique\\\/mezcal\\\/#breadcrumb\"},\"inLanguage\":\"fr-FR\",\"potentialAction\":[{\"@type\":\"ReadAction\",\"target\":[\"https:\\\/\\\/abc-latina.com\\\/mexique\\\/mezcal\\\/\"]}]},{\"@type\":\"ImageObject\",\"inLanguage\":\"fr-FR\",\"@id\":\"https:\\\/\\\/abc-latina.com\\\/mexique\\\/mezcal\\\/#primaryimage\",\"url\":\"https:\\\/\\\/abc-latina.com\\\/wp-content\\\/uploads\\\/2010\\\/06\\\/mezcal.jpg\",\"contentUrl\":\"https:\\\/\\\/abc-latina.com\\\/wp-content\\\/uploads\\\/2010\\\/06\\\/mezcal.jpg\",\"width\":220,\"height\":220,\"caption\":\"Le MEZCAL\"},{\"@type\":\"BreadcrumbList\",\"@id\":\"https:\\\/\\\/abc-latina.com\\\/mexique\\\/mezcal\\\/#breadcrumb\",\"itemListElement\":[{\"@type\":\"ListItem\",\"position\":1,\"name\":\"Accueil\",\"item\":\"https:\\\/\\\/abc-latina.com\\\/\"},{\"@type\":\"ListItem\",\"position\":2,\"name\":\"Le MEZCAL\"}]},{\"@type\":\"WebSite\",\"@id\":\"https:\\\/\\\/abc-latina.com\\\/#website\",\"url\":\"https:\\\/\\\/abc-latina.com\\\/\",\"name\":\"Abc-latina\",\"description\":\"\",\"publisher\":{\"@id\":\"https:\\\/\\\/abc-latina.com\\\/#organization\"},\"potentialAction\":[{\"@type\":\"SearchAction\",\"target\":{\"@type\":\"EntryPoint\",\"urlTemplate\":\"https:\\\/\\\/abc-latina.com\\\/?s={search_term_string}\"},\"query-input\":{\"@type\":\"PropertyValueSpecification\",\"valueRequired\":true,\"valueName\":\"search_term_string\"}}],\"inLanguage\":\"fr-FR\"},{\"@type\":\"Organization\",\"@id\":\"https:\\\/\\\/abc-latina.com\\\/#organization\",\"name\":\"Abc-latina\",\"url\":\"https:\\\/\\\/abc-latina.com\\\/\",\"logo\":{\"@type\":\"ImageObject\",\"inLanguage\":\"fr-FR\",\"@id\":\"https:\\\/\\\/abc-latina.com\\\/#\\\/schema\\\/logo\\\/image\\\/\",\"url\":\"https:\\\/\\\/abc-latina.com\\\/wp-content\\\/uploads\\\/2026\\\/05\\\/cropped-logo.gif\",\"contentUrl\":\"https:\\\/\\\/abc-latina.com\\\/wp-content\\\/uploads\\\/2026\\\/05\\\/cropped-logo.gif\",\"width\":89,\"height\":84,\"caption\":\"Abc-latina\"},\"image\":{\"@id\":\"https:\\\/\\\/abc-latina.com\\\/#\\\/schema\\\/logo\\\/image\\\/\"}}]}<\/script>\n<!-- \/ Yoast SEO plugin. -->","yoast_head_json":{"title":"Le MEZCAL - Abc-latina","description":"Le Mezcal, boisson mexicaine.","robots":{"index":"index","follow":"follow","max-snippet":"max-snippet:-1","max-image-preview":"max-image-preview:large","max-video-preview":"max-video-preview:-1"},"canonical":"https:\/\/abc-latina.com\/mexique\/mezcal\/","og_locale":"fr_FR","og_type":"article","og_title":"Le MEZCAL - Abc-latina","og_description":"Le Mezcal, boisson mexicaine.","og_url":"https:\/\/abc-latina.com\/mexique\/mezcal\/","og_site_name":"Abc-latina","article_modified_time":"2018-06-10T17:11:13+00:00","og_image":[{"width":220,"height":220,"url":"https:\/\/abc-latina.com\/wp-content\/uploads\/2010\/06\/mezcal.jpg","type":"image\/jpeg"}],"twitter_card":"summary_large_image","twitter_misc":{"Dur\u00e9e de lecture estim\u00e9e":"3 minutes"},"schema":{"@context":"https:\/\/schema.org","@graph":[{"@type":"WebPage","@id":"https:\/\/abc-latina.com\/mexique\/mezcal\/","url":"https:\/\/abc-latina.com\/mexique\/mezcal\/","name":"Le MEZCAL - Abc-latina","isPartOf":{"@id":"https:\/\/abc-latina.com\/#website"},"primaryImageOfPage":{"@id":"https:\/\/abc-latina.com\/mexique\/mezcal\/#primaryimage"},"image":{"@id":"https:\/\/abc-latina.com\/mexique\/mezcal\/#primaryimage"},"thumbnailUrl":"https:\/\/abc-latina.com\/wp-content\/uploads\/2010\/06\/mezcal.jpg","datePublished":"2010-06-14T23:43:56+00:00","dateModified":"2018-06-10T17:11:13+00:00","description":"Le Mezcal, boisson mexicaine.","breadcrumb":{"@id":"https:\/\/abc-latina.com\/mexique\/mezcal\/#breadcrumb"},"inLanguage":"fr-FR","potentialAction":[{"@type":"ReadAction","target":["https:\/\/abc-latina.com\/mexique\/mezcal\/"]}]},{"@type":"ImageObject","inLanguage":"fr-FR","@id":"https:\/\/abc-latina.com\/mexique\/mezcal\/#primaryimage","url":"https:\/\/abc-latina.com\/wp-content\/uploads\/2010\/06\/mezcal.jpg","contentUrl":"https:\/\/abc-latina.com\/wp-content\/uploads\/2010\/06\/mezcal.jpg","width":220,"height":220,"caption":"Le MEZCAL"},{"@type":"BreadcrumbList","@id":"https:\/\/abc-latina.com\/mexique\/mezcal\/#breadcrumb","itemListElement":[{"@type":"ListItem","position":1,"name":"Accueil","item":"https:\/\/abc-latina.com\/"},{"@type":"ListItem","position":2,"name":"Le MEZCAL"}]},{"@type":"WebSite","@id":"https:\/\/abc-latina.com\/#website","url":"https:\/\/abc-latina.com\/","name":"Abc-latina","description":"","publisher":{"@id":"https:\/\/abc-latina.com\/#organization"},"potentialAction":[{"@type":"SearchAction","target":{"@type":"EntryPoint","urlTemplate":"https:\/\/abc-latina.com\/?s={search_term_string}"},"query-input":{"@type":"PropertyValueSpecification","valueRequired":true,"valueName":"search_term_string"}}],"inLanguage":"fr-FR"},{"@type":"Organization","@id":"https:\/\/abc-latina.com\/#organization","name":"Abc-latina","url":"https:\/\/abc-latina.com\/","logo":{"@type":"ImageObject","inLanguage":"fr-FR","@id":"https:\/\/abc-latina.com\/#\/schema\/logo\/image\/","url":"https:\/\/abc-latina.com\/wp-content\/uploads\/2026\/05\/cropped-logo.gif","contentUrl":"https:\/\/abc-latina.com\/wp-content\/uploads\/2026\/05\/cropped-logo.gif","width":89,"height":84,"caption":"Abc-latina"},"image":{"@id":"https:\/\/abc-latina.com\/#\/schema\/logo\/image\/"}}]}},"_links":{"self":[{"href":"https:\/\/abc-latina.com\/wp-json\/wp\/v2\/pages\/1263","targetHints":{"allow":["GET"]}}],"collection":[{"href":"https:\/\/abc-latina.com\/wp-json\/wp\/v2\/pages"}],"about":[{"href":"https:\/\/abc-latina.com\/wp-json\/wp\/v2\/types\/page"}],"author":[{"embeddable":true,"href":"https:\/\/abc-latina.com\/wp-json\/wp\/v2\/users\/3"}],"replies":[{"embeddable":true,"href":"https:\/\/abc-latina.com\/wp-json\/wp\/v2\/comments?post=1263"}],"version-history":[{"count":0,"href":"https:\/\/abc-latina.com\/wp-json\/wp\/v2\/pages\/1263\/revisions"}],"up":[{"embeddable":true,"href":"https:\/\/abc-latina.com\/wp-json\/wp\/v2\/pages\/2308"}],"wp:featuredmedia":[{"embeddable":true,"href":"https:\/\/abc-latina.com\/wp-json\/wp\/v2\/media\/1262"}],"wp:attachment":[{"href":"https:\/\/abc-latina.com\/wp-json\/wp\/v2\/media?parent=1263"}],"curies":[{"name":"wp","href":"https:\/\/api.w.org\/{rel}","templated":true}]}}