{"id":1265,"date":"2010-06-15T01:48:12","date_gmt":"2010-06-14T23:48:12","guid":{"rendered":"http:\/\/abc-latina.com\/presidents_mexicains-htm\/"},"modified":"2018-06-11T08:42:55","modified_gmt":"2018-06-11T06:42:55","slug":"presidents_mexicains","status":"publish","type":"page","link":"https:\/\/abc-latina.com\/mexique\/presidents_mexicains\/","title":{"rendered":"les PRESIDENTS MEXICAINS"},"content":{"rendered":"<div>1821-1823: Empereur Agust\u00edn I du Mexique&nbsp;<\/div>\n<div>1823-1824: Pedro Celestino Negrete&nbsp;<\/div>\n<div>1824-1829: Guadalupe Victoria&nbsp;<\/div>\n<div>1829-1829: Vicente Guerrero&nbsp;<\/div>\n<div>1829-1829: Jos\u00e9 Mar\u00eda Bocanegra&nbsp;<\/div>\n<div>1829-1829: Pedro V\u00e9lez&nbsp;<\/div>\n<div>1830-1832: Anastasio Bustamante&nbsp;<\/div>\n<div>1832-1832: Melchor M\u00fazquiz&nbsp;<\/div>\n<div>1832-1833: Manuel G\u00f3mez Pedraza&nbsp;<\/div>\n<div>1833-1833: Valent\u00edn G\u00f3mez Far\u00edas&nbsp;<\/div>\n<div>1833-1835: Antonio L\u00f3pez de Santa Anna&nbsp;<\/div>\n<div>1835-1836: Miguel Barrag\u00e1n&nbsp;<\/div>\n<div>1836-1837: Jos\u00e9 Justo Corro&nbsp;<\/div>\n<div>1837-1839: Anastasio Bustamante&nbsp;<\/div>\n<div>1839-1839: Antonio L\u00f3pez de Santa Anna&nbsp;<\/div>\n<div>1839-1839: Nicol\u00e1s Bravo&nbsp;<\/div>\n<div>1839-1841: Anastasio Bustamante&nbsp;<\/div>\n<div>1841-1841: Francisco Javier Echeverr\u00eda&nbsp;<\/div>\n<div>1841-1842: Antonio L\u00f3pez de Santa Anna&nbsp;<\/div>\n<div>1842-1843: Nicol\u00e1s Bravo&nbsp;<\/div>\n<div>1843-1843: Antonio L\u00f3pez de Santa Anna&nbsp;<\/div>\n<div>1843-1844: Valent\u00edn Canalizo&nbsp;<\/div>\n<div>1844-1844: Antonio L\u00f3pez de Santa Anna&nbsp;<\/div>\n<div>1844-1844: Valent\u00edn Canalizo&nbsp;<\/div>\n<div>1844-1844: Jos\u00e9 Joaqu\u00edn de Herrera&nbsp;<\/div>\n<div>1846-1846: Mariano Paredes y Arrillaga&nbsp;<\/div>\n<div>1846-1846: Nicol\u00e1s Bravo&nbsp;<\/div>\n<div>1846-1846: Mariano Salas&nbsp;<\/div>\n<div>1846-1847: Valent\u00edn G\u00f3mez Far\u00edas&nbsp;<\/div>\n<div>1847-1847: Antonio L\u00f3pez de Santa Anna&nbsp;<\/div>\n<div>1847-1847: Pedro Mar\u00eda Anaya&nbsp;<\/div>\n<div>1847-1848: Manuel de la Pe\u00f1a y Pe\u00f1a&nbsp;<\/div>\n<div>1848-1851: Jos\u00e9 Joaqu\u00edn de Herrera&nbsp;<\/div>\n<div>1851-1853: Mariano Arista&nbsp;<\/div>\n<div>1853-1853: Juan Bautista Ceballos&nbsp;<\/div>\n<div>1853-1853: Manuel Mar\u00eda Lombardini&nbsp;<\/div>\n<div>1853-1855: Antonio L\u00f3pez de Santa Anna&nbsp;<\/div>\n<div>1855-1855: Mart\u00edn Carrera&nbsp;<\/div>\n<div>1855-1855: R\u00f3mulo D\u00edaz de la Vega&nbsp;<\/div>\n<div>1855-1855: Juan \u00c1lvarez Ben\u00edtez&nbsp;<\/div>\n<div>1855-1857: Ignacio Comonfort&nbsp;<\/div>\n<div>1858-1858: F\u00e9lix Mar\u00eda Zuloaga&nbsp;<\/div>\n<div>1858-1859: Manuel Robles Pezuela&nbsp;<\/div>\n<div>1859-1860: Miguel Miram\u00f3n&nbsp;<\/div>\n<div>1861-1863: <a target=\"_blank\" href=\"https:\/\/www.abc-latina.com\/personnalites\/benito_juarez\">Benito Ju\u00e1rez<\/a><\/div>\n<div>1863-1864: Juan Nepomuceno Almonte&nbsp;<\/div>\n<div>1863-1867: Emperador Maximilien du Mexique (il ne contr\u00f4lait pas tout le pays, certains consid\u00e9rent que Benito Ju\u00e1rez est rest\u00e9 pr\u00e9sident m\u00eame durant cette p\u00e9riode).&nbsp;<\/div>\n<div>1867-1872: Benito Ju\u00e1rez&nbsp;<\/div>\n<div>1872-1876: Sebasti\u00e1n Lerdo de Tejada&nbsp;<\/div>\n<div>1876-25 mai 1911 : Porfirio D\u00edaz&nbsp;<\/div>\n<div>1911: Francisco Le\u00f3n de la Barra, president int\u00e9rimaire.&nbsp;<\/div>\n<div>Novembre1911- f\u00e9vrier 1913 : Francisco Madero, renvers\u00e9 par un coup d&rsquo;\u00c9tat.&nbsp;<\/div>\n<div>18 f\u00e9vrier 1913 &#8211; 18 f\u00e9vrier 1913 : Pedro Lascur\u00e1in Paredes (pr\u00e9sident durant moins d&rsquo;une heure)&nbsp;<\/div>\n<div>1913 &#8211; 1913 : Victoriano Huerta&nbsp;<\/div>\n<div>15 juillet 1914 &#8211; ao\u00fbt 1914 : August Francisco S. Carvajal&nbsp;<\/div>\n<div>1914 &#8211; 1920 : Venustiano Carranza&nbsp;<\/div>\n<div>&nbsp;<\/div>\n<div><strong>Pr\u00e9sidents depuis la Constitution de 1917<\/strong><\/div>\n<div>1917-1920 : Venustiano Carranza&nbsp;<\/div>\n<div>1920-1920 : Adolfo de la Huerta&nbsp;<\/div>\n<div>1920-1924 : \u00c1lvaro Obreg\u00f3n&nbsp;<\/div>\n<div>1924-1928 : Plutarco El\u00edas Calles&nbsp;<\/div>\n<div>1928-1930 : Emilio Portes Gil&nbsp;<\/div>\n<div>1930-1932 : Pascual Ortiz Rubio&nbsp;<\/div>\n<div>1932-1934 : Abelardo Rodr\u00edguez&nbsp;<\/div>\n<div>1934-1940 : L\u00e1zaro C\u00e1rdenas del R\u00edo&nbsp;<\/div>\n<div>1940-1946 : Manuel \u00c1vila Camacho&nbsp;<\/div>\n<div>1946-1952 : Miguel Alem\u00e1n Vald\u00e9s&nbsp;<\/div>\n<div>1952-1958 : Adolfo Ruiz Cortines&nbsp;<\/div>\n<div>1958-1964 : Adolfo L\u00f3pez Mateos&nbsp;<\/div>\n<div>1964-1970 : Gustavo D\u00edaz Ordaz&nbsp;<\/div>\n<div>1970-1976 : Luis Echevarr\u00eda \u00c1lvarez&nbsp;<\/div>\n<div>1976-1982 : Jos\u00e9 L\u00f3pez Portillo&nbsp;<\/div>\n<div>1982-1988 : Miguel de la Madrid Hurtado&nbsp;<\/div>\n<div>1988-1994 : Carlos Salinas&nbsp;<\/div>\n<div>1994-2000 : Ernesto Zedillo&nbsp;<\/div>\n<div>2000 2006 : Vicente Fox Quesada<\/div>\n<div>2006 2012 : Felipe Calder\u00f3n Hinojosa&nbsp;<\/div>\n<div>Depuis 2012:&nbsp;Enrique Pe\u00f1a Nieto<\/div>\n<p>&nbsp;<\/p>\n","protected":false},"excerpt":{"rendered":"<p>1821-1823: Empereur Agust\u00edn I du Mexique&nbsp; 1823-1824: Pedro Celestino Negrete&nbsp; 1824-1829: Guadalupe Victoria&nbsp; 1829-1829: Vicente Guerrero&nbsp; 1829-1829: Jos\u00e9 Mar\u00eda Bocanegra&nbsp; [&hellip;]<\/p>\n","protected":false},"author":3,"featured_media":0,"parent":2308,"menu_order":0,"comment_status":"closed","ping_status":"closed","template":"","meta":{"site-sidebar-layout":"default","site-content-layout":"","ast-site-content-layout":"default","site-content-style":"default","site-sidebar-style":"default","ast-global-header-display":"","ast-banner-title-visibility":"","ast-main-header-display":"","ast-hfb-above-header-display":"","ast-hfb-below-header-display":"","ast-hfb-mobile-header-display":"","site-post-title":"","ast-breadcrumbs-content":"","ast-featured-img":"","footer-sml-layout":"","ast-disable-related-posts":"","theme-transparent-header-meta":"","adv-header-id-meta":"","stick-header-meta":"","header-above-stick-meta":"","header-main-stick-meta":"","header-below-stick-meta":"","astra-migrate-meta-layouts":"default","ast-page-background-enabled":"default","ast-page-background-meta":{"desktop":{"background-color":"var(--ast-global-color-5)","background-image":"","background-repeat":"repeat","background-position":"center center","background-size":"auto","background-attachment":"scroll","background-type":"","background-media":"","overlay-type":"","overlay-color":"","overlay-opacity":"","overlay-gradient":""},"tablet":{"background-color":"","background-image":"","background-repeat":"repeat","background-position":"center center","background-size":"auto","background-attachment":"scroll","background-type":"","background-media":"","overlay-type":"","overlay-color":"","overlay-opacity":"","overlay-gradient":""},"mobile":{"background-color":"","background-image":"","background-repeat":"repeat","background-position":"center center","background-size":"auto","background-attachment":"scroll","background-type":"","background-media":"","overlay-type":"","overlay-color":"","overlay-opacity":"","overlay-gradient":""}},"ast-content-background-meta":{"desktop":{"background-color":"var(--ast-global-color-4)","background-image":"","background-repeat":"repeat","background-position":"center center","background-size":"auto","background-attachment":"scroll","background-type":"","background-media":"","overlay-type":"","overlay-color":"","overlay-opacity":"","overlay-gradient":""},"tablet":{"background-color":"var(--ast-global-color-4)","background-image":"","background-repeat":"repeat","background-position":"center center","background-size":"auto","background-attachment":"scroll","background-type":"","background-media":"","overlay-type":"","overlay-color":"","overlay-opacity":"","overlay-gradient":""},"mobile":{"background-color":"var(--ast-global-color-4)","background-image":"","background-repeat":"repeat","background-position":"center center","background-size":"auto","background-attachment":"scroll","background-type":"","background-media":"","overlay-type":"","overlay-color":"","overlay-opacity":"","overlay-gradient":""}},"footnotes":""},"class_list":["post-1265","page","type-page","status-publish","hentry"],"yoast_head":"<!-- This site is optimized with the Yoast SEO plugin v27.5 - https:\/\/yoast.com\/product\/yoast-seo-wordpress\/ -->\n<title>les PRESIDENTS MEXICAINS - Abc-latina<\/title>\n<meta name=\"description\" content=\"Liste des pr\u00e9sidents m\u00e9xicains.\" \/>\n<meta name=\"robots\" content=\"index, follow, max-snippet:-1, max-image-preview:large, max-video-preview:-1\" \/>\n<link rel=\"canonical\" href=\"https:\/\/abc-latina.com\/mexique\/presidents_mexicains\/\" \/>\n<meta property=\"og:locale\" content=\"fr_FR\" \/>\n<meta property=\"og:type\" content=\"article\" \/>\n<meta property=\"og:title\" content=\"les PRESIDENTS MEXICAINS - Abc-latina\" \/>\n<meta property=\"og:description\" content=\"Liste des pr\u00e9sidents m\u00e9xicains.\" \/>\n<meta property=\"og:url\" content=\"https:\/\/abc-latina.com\/mexique\/presidents_mexicains\/\" \/>\n<meta property=\"og:site_name\" content=\"Abc-latina\" \/>\n<meta property=\"article:modified_time\" content=\"2018-06-11T06:42:55+00:00\" \/>\n<meta name=\"twitter:card\" content=\"summary_large_image\" \/>\n<meta name=\"twitter:label1\" content=\"Dur\u00e9e de lecture estim\u00e9e\" \/>\n\t<meta name=\"twitter:data1\" content=\"3 minutes\" \/>\n<script type=\"application\/ld+json\" class=\"yoast-schema-graph\">{\"@context\":\"https:\\\/\\\/schema.org\",\"@graph\":[{\"@type\":\"WebPage\",\"@id\":\"https:\\\/\\\/abc-latina.com\\\/mexique\\\/presidents_mexicains\\\/\",\"url\":\"https:\\\/\\\/abc-latina.com\\\/mexique\\\/presidents_mexicains\\\/\",\"name\":\"les PRESIDENTS MEXICAINS - Abc-latina\",\"isPartOf\":{\"@id\":\"https:\\\/\\\/abc-latina.com\\\/#website\"},\"datePublished\":\"2010-06-14T23:48:12+00:00\",\"dateModified\":\"2018-06-11T06:42:55+00:00\",\"description\":\"Liste des pr\u00e9sidents m\u00e9xicains.\",\"breadcrumb\":{\"@id\":\"https:\\\/\\\/abc-latina.com\\\/mexique\\\/presidents_mexicains\\\/#breadcrumb\"},\"inLanguage\":\"fr-FR\",\"potentialAction\":[{\"@type\":\"ReadAction\",\"target\":[\"https:\\\/\\\/abc-latina.com\\\/mexique\\\/presidents_mexicains\\\/\"]}]},{\"@type\":\"BreadcrumbList\",\"@id\":\"https:\\\/\\\/abc-latina.com\\\/mexique\\\/presidents_mexicains\\\/#breadcrumb\",\"itemListElement\":[{\"@type\":\"ListItem\",\"position\":1,\"name\":\"Accueil\",\"item\":\"https:\\\/\\\/abc-latina.com\\\/\"},{\"@type\":\"ListItem\",\"position\":2,\"name\":\"les PRESIDENTS MEXICAINS\"}]},{\"@type\":\"WebSite\",\"@id\":\"https:\\\/\\\/abc-latina.com\\\/#website\",\"url\":\"https:\\\/\\\/abc-latina.com\\\/\",\"name\":\"Abc-latina\",\"description\":\"\",\"publisher\":{\"@id\":\"https:\\\/\\\/abc-latina.com\\\/#organization\"},\"potentialAction\":[{\"@type\":\"SearchAction\",\"target\":{\"@type\":\"EntryPoint\",\"urlTemplate\":\"https:\\\/\\\/abc-latina.com\\\/?s={search_term_string}\"},\"query-input\":{\"@type\":\"PropertyValueSpecification\",\"valueRequired\":true,\"valueName\":\"search_term_string\"}}],\"inLanguage\":\"fr-FR\"},{\"@type\":\"Organization\",\"@id\":\"https:\\\/\\\/abc-latina.com\\\/#organization\",\"name\":\"Abc-latina\",\"url\":\"https:\\\/\\\/abc-latina.com\\\/\",\"logo\":{\"@type\":\"ImageObject\",\"inLanguage\":\"fr-FR\",\"@id\":\"https:\\\/\\\/abc-latina.com\\\/#\\\/schema\\\/logo\\\/image\\\/\",\"url\":\"https:\\\/\\\/abc-latina.com\\\/wp-content\\\/uploads\\\/2026\\\/05\\\/cropped-logo.gif\",\"contentUrl\":\"https:\\\/\\\/abc-latina.com\\\/wp-content\\\/uploads\\\/2026\\\/05\\\/cropped-logo.gif\",\"width\":89,\"height\":84,\"caption\":\"Abc-latina\"},\"image\":{\"@id\":\"https:\\\/\\\/abc-latina.com\\\/#\\\/schema\\\/logo\\\/image\\\/\"}}]}<\/script>\n<!-- \/ Yoast SEO plugin. -->","yoast_head_json":{"title":"les PRESIDENTS MEXICAINS - Abc-latina","description":"Liste des pr\u00e9sidents m\u00e9xicains.","robots":{"index":"index","follow":"follow","max-snippet":"max-snippet:-1","max-image-preview":"max-image-preview:large","max-video-preview":"max-video-preview:-1"},"canonical":"https:\/\/abc-latina.com\/mexique\/presidents_mexicains\/","og_locale":"fr_FR","og_type":"article","og_title":"les PRESIDENTS MEXICAINS - Abc-latina","og_description":"Liste des pr\u00e9sidents m\u00e9xicains.","og_url":"https:\/\/abc-latina.com\/mexique\/presidents_mexicains\/","og_site_name":"Abc-latina","article_modified_time":"2018-06-11T06:42:55+00:00","twitter_card":"summary_large_image","twitter_misc":{"Dur\u00e9e de lecture estim\u00e9e":"3 minutes"},"schema":{"@context":"https:\/\/schema.org","@graph":[{"@type":"WebPage","@id":"https:\/\/abc-latina.com\/mexique\/presidents_mexicains\/","url":"https:\/\/abc-latina.com\/mexique\/presidents_mexicains\/","name":"les PRESIDENTS MEXICAINS - Abc-latina","isPartOf":{"@id":"https:\/\/abc-latina.com\/#website"},"datePublished":"2010-06-14T23:48:12+00:00","dateModified":"2018-06-11T06:42:55+00:00","description":"Liste des pr\u00e9sidents m\u00e9xicains.","breadcrumb":{"@id":"https:\/\/abc-latina.com\/mexique\/presidents_mexicains\/#breadcrumb"},"inLanguage":"fr-FR","potentialAction":[{"@type":"ReadAction","target":["https:\/\/abc-latina.com\/mexique\/presidents_mexicains\/"]}]},{"@type":"BreadcrumbList","@id":"https:\/\/abc-latina.com\/mexique\/presidents_mexicains\/#breadcrumb","itemListElement":[{"@type":"ListItem","position":1,"name":"Accueil","item":"https:\/\/abc-latina.com\/"},{"@type":"ListItem","position":2,"name":"les PRESIDENTS MEXICAINS"}]},{"@type":"WebSite","@id":"https:\/\/abc-latina.com\/#website","url":"https:\/\/abc-latina.com\/","name":"Abc-latina","description":"","publisher":{"@id":"https:\/\/abc-latina.com\/#organization"},"potentialAction":[{"@type":"SearchAction","target":{"@type":"EntryPoint","urlTemplate":"https:\/\/abc-latina.com\/?s={search_term_string}"},"query-input":{"@type":"PropertyValueSpecification","valueRequired":true,"valueName":"search_term_string"}}],"inLanguage":"fr-FR"},{"@type":"Organization","@id":"https:\/\/abc-latina.com\/#organization","name":"Abc-latina","url":"https:\/\/abc-latina.com\/","logo":{"@type":"ImageObject","inLanguage":"fr-FR","@id":"https:\/\/abc-latina.com\/#\/schema\/logo\/image\/","url":"https:\/\/abc-latina.com\/wp-content\/uploads\/2026\/05\/cropped-logo.gif","contentUrl":"https:\/\/abc-latina.com\/wp-content\/uploads\/2026\/05\/cropped-logo.gif","width":89,"height":84,"caption":"Abc-latina"},"image":{"@id":"https:\/\/abc-latina.com\/#\/schema\/logo\/image\/"}}]}},"_links":{"self":[{"href":"https:\/\/abc-latina.com\/wp-json\/wp\/v2\/pages\/1265","targetHints":{"allow":["GET"]}}],"collection":[{"href":"https:\/\/abc-latina.com\/wp-json\/wp\/v2\/pages"}],"about":[{"href":"https:\/\/abc-latina.com\/wp-json\/wp\/v2\/types\/page"}],"author":[{"embeddable":true,"href":"https:\/\/abc-latina.com\/wp-json\/wp\/v2\/users\/3"}],"replies":[{"embeddable":true,"href":"https:\/\/abc-latina.com\/wp-json\/wp\/v2\/comments?post=1265"}],"version-history":[{"count":0,"href":"https:\/\/abc-latina.com\/wp-json\/wp\/v2\/pages\/1265\/revisions"}],"up":[{"embeddable":true,"href":"https:\/\/abc-latina.com\/wp-json\/wp\/v2\/pages\/2308"}],"wp:attachment":[{"href":"https:\/\/abc-latina.com\/wp-json\/wp\/v2\/media?parent=1265"}],"curies":[{"name":"wp","href":"https:\/\/api.w.org\/{rel}","templated":true}]}}