{"id":1267,"date":"2010-06-15T01:50:27","date_gmt":"2010-06-14T23:50:27","guid":{"rendered":"http:\/\/abc-latina.com\/tequila-htm\/"},"modified":"2018-06-10T19:11:55","modified_gmt":"2018-06-10T17:11:55","slug":"tequila","status":"publish","type":"page","link":"https:\/\/abc-latina.com\/mexique\/tequila\/","title":{"rendered":"La TEQUILA"},"content":{"rendered":"<div><img loading=\"lazy\" decoding=\"async\" class=\" alignright size-full wp-image-1266\" src=\"http:\/\/abc-latina.com\/wp-content\/uploads\/2010\/06\/tequila.jpg\" title=\"La TEQUILA\" alt=\"\" width=\"220\" vspace=\"9\" hspace=\"15\" height=\"220\" align=\"right\" srcset=\"https:\/\/abc-latina.com\/wp-content\/uploads\/2010\/06\/tequila.jpg 220w, https:\/\/abc-latina.com\/wp-content\/uploads\/2010\/06\/tequila-150x150.jpg 150w\" sizes=\"auto, (max-width: 220px) 100vw, 220px\" \/>La <strong>tequila <\/strong>est une boisson alcoolis\u00e9e produite essentiellement au Mexique \u00e0 partir de l&rsquo;agave bleu nomm\u00e9 agave tequilana. Pour avoir l&rsquo;appellation &quot;tequila&quot;, elle doit \u00eatre exclusivement con\u00e7ue dans l&rsquo;\u00c9tat de Jalisco et quelques municipalit\u00e9s des \u00c9tats de Nayarit, Michoac\u00e1n, Guanajuato et Tamaulipas.&nbsp;<\/div>\n<div>&nbsp;<\/div>\n<div><span class=\"geo-info\">Histoire<\/span><\/div>\n<div>Le nom de la tequila vient de Tequila le nom d&rsquo;une municipalit\u00e9 mexicaine dans le centre du Mexique. \u00c0 l&rsquo;origine, les Mexicains produisaient du pulque gr\u00e2ce \u00e0 la fermentation de la s\u00e8ve de certaines cat\u00e9gories d&rsquo;agave. Ils fermentaient aussi les c\u0153urs cuits de ces plantes.<\/div>\n<div>L&rsquo;arriv\u00e9e des Espagnols au XVIe si\u00e8cle introduisit un processus suppl\u00e9mentaire au vin d&rsquo;agave cuit, la distillation, qui permit alors d&rsquo;obtenir le vin d&rsquo;agave ou vin mezcal.<\/div>\n<div>Au XIXe si\u00e8cle, l&rsquo;introduction du chemin de fer mexicain et l&rsquo;arriv\u00e9e du train au Mexique permirent \u00e0 l&rsquo;industrie du tequila de s&rsquo;\u00e9tendre vers d&rsquo;autres destinations. Peu \u00e0 peu le tequila passe du statut de produit r\u00e9gional \u00e0 celui de produit national puis international dans la seconde moiti\u00e9 du XIXe si\u00e8cle. Les deux guerres mondiales voient une augmentation faramineuse de la demande en tequila, si bien qu&rsquo;en 1950 le nombre de champs d&rsquo;agaves avait augment\u00e9 de 110 % par rapport \u00e0 1940.<\/div>\n<div>Le d\u00e9veloppement consid\u00e9rable du march\u00e9 du tequila en ad\u00e9quation avec la consommation marque l&rsquo;ann\u00e9e 1965 comme \u00e9tant le d\u00e9but de la p\u00e9riode industrielle de l&rsquo;histoire du tequila.&nbsp;<\/div>\n<div>&nbsp;<\/div>\n<div><span class=\"geo-info\">Composition et fabrication&nbsp;<\/span><\/div>\n<div>D&rsquo;apr\u00e8s l&rsquo;appellation d&rsquo;origine Tequila, la tequila est faite exclusivement \u00e0 partir de la variet\u00e9 Azul (bleue) d&rsquo;une esp\u00e8ce d&rsquo;agave appel\u00e9e Agave tequilana Weber, cultiv\u00e9e dans la r\u00e9gion de l&rsquo;AO. Le processus de fabrication est le m\u00eame que celui du <a href=\"https:\/\/www.abc-latina.com\/mexique\/div\/mezcal\">mezcal<\/a>.<\/div>\n<div>&nbsp;<\/div>\n<div><span class=\"geo-info\">Types de tequila<\/span><\/div>\n<div>Il existe 2 sortes de Tequila: La &quot;100% de agave&quot; et la &quot;mixto&quot; (qui doit contenir un minimum de 51% de Agave Azul)<\/div>\n<div>&#8211; <strong>blanche ou argent <\/strong>(claro) &ndash; c&rsquo;est la tequila de base, la plus r\u00e9pandue, qui n&rsquo;a pas subi de vieillissement&nbsp;<\/div>\n<div>&#8211; <strong>or<\/strong> (especial)&ndash; cette tequila est distill\u00e9e deux fois puis \u00e9ventuellement vieillie pendant une courte p\u00e9riode dans des f\u00fbts de ch\u00eane et du caramel peut y \u00eatre ajout\u00e9 afin de parfaire la coloration&nbsp;<\/div>\n<div>&#8211;<strong> repos\u00e9<\/strong> (reposado)- tequila distill\u00e9e une fois par an, vieillie dans des barils de ch\u00eane pendant une p\u00e9riode pouvant aller 2 mois \u00e0 1 an&nbsp;<\/div>\n<div>&#8211; <strong>vieillie<\/strong> (a\u00f1ejo) &ndash; tequila distill\u00e9e une fois par an, vieillie dans des barils de ch\u00eane pendant une p\u00e9riode pouvant aller d&rsquo;une ann\u00e9e \u00e0 3 ou 4 ans&nbsp;<\/div>\n<div>&nbsp;<\/div>\n<div><span class=\"geo-info\">D\u00e9gustation<\/span><\/div>\n<div>La tequila se boit traditionnellement avec du sel et une rondelle de citron vert. On saupoudre le dessus de la main gauche de sel, entre le pouce et l&rsquo;index. On l\u00e8che le sel, boit le verre de tequila d&rsquo;un seul trait, puis mord dans la rondelle de citron. Mordre le citron avant de boire la gorg\u00e9e de t\u00e9quila est aussi une bonne solution.<\/div>\n<div>Cette d\u00e9gustation peut \u00eatre acompagn\u00e9e d&rsquo;une sangrita (m\u00e9lange de sauce piquante, jus de tomate, jus d&rsquo;orange, sauce anglaise et sel), permettant de l&rsquo;adoucir. La tequila a\u00f1ejo se pr\u00eate davantage \u00e0 la d\u00e9gustation lente, et se boit telle quelle. Elle peut \u00eatre utilis\u00e9e dans des cocktails, mais certains connaisseurs consid\u00e8rent que l&rsquo;utilisation d&rsquo;une tequila a\u00f1ejo 100% agave dans un m\u00e9lange rel\u00e8ve du gaspillage.<\/div>\n<div>Le mezcal lui peut se boire avec une rondelle d&rsquo;orange et du sel de gusano.<\/div>\n<div>La tequila entre dans la composition de nombreux cocktails, comme le tequila sunrise ou la margarita.<\/div>\n<div>&nbsp;<\/div>\n<div><span class=\"geo-info2\">Autres boissons accolis\u00e9es en Am\u00e9rique latine:<\/span><\/div>\n<div>Le <a href=\"https:\/\/www.abc-latina.com\/mexique\/div\/mezcal\">Mezcal<\/a> au Mexique.<\/div>\n<div>Le <a target=\"_blank\" href=\"https:\/\/www.abc-latina.com\/perou\/div\/pisco\">Pisco<\/a> au P\u00e9rou<\/div>\n<div>La <a href=\"https:\/\/www.abc-latina.com\/bresil\/div\/cachaca\">Cacha\u00e7a<\/a> au Br\u00e9sil<\/div>\n","protected":false},"excerpt":{"rendered":"<p>La tequila est une boisson alcoolis\u00e9e produite essentiellement au Mexique \u00e0 partir de l&rsquo;agave bleu nomm\u00e9 agave tequilana. Pour avoir [&hellip;]<\/p>\n","protected":false},"author":3,"featured_media":1266,"parent":2308,"menu_order":0,"comment_status":"closed","ping_status":"closed","template":"","meta":{"site-sidebar-layout":"default","site-content-layout":"","ast-site-content-layout":"default","site-content-style":"default","site-sidebar-style":"default","ast-global-header-display":"","ast-banner-title-visibility":"","ast-main-header-display":"","ast-hfb-above-header-display":"","ast-hfb-below-header-display":"","ast-hfb-mobile-header-display":"","site-post-title":"","ast-breadcrumbs-content":"","ast-featured-img":"","footer-sml-layout":"","ast-disable-related-posts":"","theme-transparent-header-meta":"","adv-header-id-meta":"","stick-header-meta":"","header-above-stick-meta":"","header-main-stick-meta":"","header-below-stick-meta":"","astra-migrate-meta-layouts":"default","ast-page-background-enabled":"default","ast-page-background-meta":{"desktop":{"background-color":"var(--ast-global-color-5)","background-image":"","background-repeat":"repeat","background-position":"center center","background-size":"auto","background-attachment":"scroll","background-type":"","background-media":"","overlay-type":"","overlay-color":"","overlay-opacity":"","overlay-gradient":""},"tablet":{"background-color":"","background-image":"","background-repeat":"repeat","background-position":"center center","background-size":"auto","background-attachment":"scroll","background-type":"","background-media":"","overlay-type":"","overlay-color":"","overlay-opacity":"","overlay-gradient":""},"mobile":{"background-color":"","background-image":"","background-repeat":"repeat","background-position":"center center","background-size":"auto","background-attachment":"scroll","background-type":"","background-media":"","overlay-type":"","overlay-color":"","overlay-opacity":"","overlay-gradient":""}},"ast-content-background-meta":{"desktop":{"background-color":"var(--ast-global-color-4)","background-image":"","background-repeat":"repeat","background-position":"center center","background-size":"auto","background-attachment":"scroll","background-type":"","background-media":"","overlay-type":"","overlay-color":"","overlay-opacity":"","overlay-gradient":""},"tablet":{"background-color":"var(--ast-global-color-4)","background-image":"","background-repeat":"repeat","background-position":"center center","background-size":"auto","background-attachment":"scroll","background-type":"","background-media":"","overlay-type":"","overlay-color":"","overlay-opacity":"","overlay-gradient":""},"mobile":{"background-color":"var(--ast-global-color-4)","background-image":"","background-repeat":"repeat","background-position":"center center","background-size":"auto","background-attachment":"scroll","background-type":"","background-media":"","overlay-type":"","overlay-color":"","overlay-opacity":"","overlay-gradient":""}},"footnotes":""},"class_list":["post-1267","page","type-page","status-publish","has-post-thumbnail","hentry"],"yoast_head":"<!-- This site is optimized with the Yoast SEO plugin v27.5 - https:\/\/yoast.com\/product\/yoast-seo-wordpress\/ -->\n<title>La TEQUILA - Abc-latina<\/title>\n<meta name=\"description\" content=\"La Tequila, boisson nationale mexicaine.\" \/>\n<meta name=\"robots\" content=\"index, follow, max-snippet:-1, max-image-preview:large, max-video-preview:-1\" \/>\n<link rel=\"canonical\" href=\"https:\/\/abc-latina.com\/mexique\/tequila\/\" \/>\n<meta property=\"og:locale\" content=\"fr_FR\" \/>\n<meta property=\"og:type\" content=\"article\" \/>\n<meta property=\"og:title\" content=\"La TEQUILA - Abc-latina\" \/>\n<meta property=\"og:description\" content=\"La Tequila, boisson nationale mexicaine.\" \/>\n<meta property=\"og:url\" content=\"https:\/\/abc-latina.com\/mexique\/tequila\/\" \/>\n<meta property=\"og:site_name\" content=\"Abc-latina\" \/>\n<meta property=\"article:modified_time\" content=\"2018-06-10T17:11:55+00:00\" \/>\n<meta property=\"og:image\" content=\"https:\/\/abc-latina.com\/wp-content\/uploads\/2010\/06\/tequila.jpg\" \/>\n\t<meta property=\"og:image:width\" content=\"220\" \/>\n\t<meta property=\"og:image:height\" content=\"220\" \/>\n\t<meta property=\"og:image:type\" content=\"image\/jpeg\" \/>\n<meta name=\"twitter:card\" content=\"summary_large_image\" \/>\n<meta name=\"twitter:label1\" content=\"Dur\u00e9e de lecture estim\u00e9e\" \/>\n\t<meta name=\"twitter:data1\" content=\"3 minutes\" \/>\n<script type=\"application\/ld+json\" class=\"yoast-schema-graph\">{\"@context\":\"https:\\\/\\\/schema.org\",\"@graph\":[{\"@type\":\"WebPage\",\"@id\":\"https:\\\/\\\/abc-latina.com\\\/mexique\\\/tequila\\\/\",\"url\":\"https:\\\/\\\/abc-latina.com\\\/mexique\\\/tequila\\\/\",\"name\":\"La TEQUILA - Abc-latina\",\"isPartOf\":{\"@id\":\"https:\\\/\\\/abc-latina.com\\\/#website\"},\"primaryImageOfPage\":{\"@id\":\"https:\\\/\\\/abc-latina.com\\\/mexique\\\/tequila\\\/#primaryimage\"},\"image\":{\"@id\":\"https:\\\/\\\/abc-latina.com\\\/mexique\\\/tequila\\\/#primaryimage\"},\"thumbnailUrl\":\"https:\\\/\\\/abc-latina.com\\\/wp-content\\\/uploads\\\/2010\\\/06\\\/tequila.jpg\",\"datePublished\":\"2010-06-14T23:50:27+00:00\",\"dateModified\":\"2018-06-10T17:11:55+00:00\",\"description\":\"La Tequila, boisson nationale mexicaine.\",\"breadcrumb\":{\"@id\":\"https:\\\/\\\/abc-latina.com\\\/mexique\\\/tequila\\\/#breadcrumb\"},\"inLanguage\":\"fr-FR\",\"potentialAction\":[{\"@type\":\"ReadAction\",\"target\":[\"https:\\\/\\\/abc-latina.com\\\/mexique\\\/tequila\\\/\"]}]},{\"@type\":\"ImageObject\",\"inLanguage\":\"fr-FR\",\"@id\":\"https:\\\/\\\/abc-latina.com\\\/mexique\\\/tequila\\\/#primaryimage\",\"url\":\"https:\\\/\\\/abc-latina.com\\\/wp-content\\\/uploads\\\/2010\\\/06\\\/tequila.jpg\",\"contentUrl\":\"https:\\\/\\\/abc-latina.com\\\/wp-content\\\/uploads\\\/2010\\\/06\\\/tequila.jpg\",\"width\":220,\"height\":220,\"caption\":\"La TEQUILA\"},{\"@type\":\"BreadcrumbList\",\"@id\":\"https:\\\/\\\/abc-latina.com\\\/mexique\\\/tequila\\\/#breadcrumb\",\"itemListElement\":[{\"@type\":\"ListItem\",\"position\":1,\"name\":\"Accueil\",\"item\":\"https:\\\/\\\/abc-latina.com\\\/\"},{\"@type\":\"ListItem\",\"position\":2,\"name\":\"La TEQUILA\"}]},{\"@type\":\"WebSite\",\"@id\":\"https:\\\/\\\/abc-latina.com\\\/#website\",\"url\":\"https:\\\/\\\/abc-latina.com\\\/\",\"name\":\"Abc-latina\",\"description\":\"\",\"publisher\":{\"@id\":\"https:\\\/\\\/abc-latina.com\\\/#organization\"},\"potentialAction\":[{\"@type\":\"SearchAction\",\"target\":{\"@type\":\"EntryPoint\",\"urlTemplate\":\"https:\\\/\\\/abc-latina.com\\\/?s={search_term_string}\"},\"query-input\":{\"@type\":\"PropertyValueSpecification\",\"valueRequired\":true,\"valueName\":\"search_term_string\"}}],\"inLanguage\":\"fr-FR\"},{\"@type\":\"Organization\",\"@id\":\"https:\\\/\\\/abc-latina.com\\\/#organization\",\"name\":\"Abc-latina\",\"url\":\"https:\\\/\\\/abc-latina.com\\\/\",\"logo\":{\"@type\":\"ImageObject\",\"inLanguage\":\"fr-FR\",\"@id\":\"https:\\\/\\\/abc-latina.com\\\/#\\\/schema\\\/logo\\\/image\\\/\",\"url\":\"https:\\\/\\\/abc-latina.com\\\/wp-content\\\/uploads\\\/2026\\\/05\\\/cropped-logo.gif\",\"contentUrl\":\"https:\\\/\\\/abc-latina.com\\\/wp-content\\\/uploads\\\/2026\\\/05\\\/cropped-logo.gif\",\"width\":89,\"height\":84,\"caption\":\"Abc-latina\"},\"image\":{\"@id\":\"https:\\\/\\\/abc-latina.com\\\/#\\\/schema\\\/logo\\\/image\\\/\"}}]}<\/script>\n<!-- \/ Yoast SEO plugin. -->","yoast_head_json":{"title":"La TEQUILA - Abc-latina","description":"La Tequila, boisson nationale mexicaine.","robots":{"index":"index","follow":"follow","max-snippet":"max-snippet:-1","max-image-preview":"max-image-preview:large","max-video-preview":"max-video-preview:-1"},"canonical":"https:\/\/abc-latina.com\/mexique\/tequila\/","og_locale":"fr_FR","og_type":"article","og_title":"La TEQUILA - Abc-latina","og_description":"La Tequila, boisson nationale mexicaine.","og_url":"https:\/\/abc-latina.com\/mexique\/tequila\/","og_site_name":"Abc-latina","article_modified_time":"2018-06-10T17:11:55+00:00","og_image":[{"width":220,"height":220,"url":"https:\/\/abc-latina.com\/wp-content\/uploads\/2010\/06\/tequila.jpg","type":"image\/jpeg"}],"twitter_card":"summary_large_image","twitter_misc":{"Dur\u00e9e de lecture estim\u00e9e":"3 minutes"},"schema":{"@context":"https:\/\/schema.org","@graph":[{"@type":"WebPage","@id":"https:\/\/abc-latina.com\/mexique\/tequila\/","url":"https:\/\/abc-latina.com\/mexique\/tequila\/","name":"La TEQUILA - Abc-latina","isPartOf":{"@id":"https:\/\/abc-latina.com\/#website"},"primaryImageOfPage":{"@id":"https:\/\/abc-latina.com\/mexique\/tequila\/#primaryimage"},"image":{"@id":"https:\/\/abc-latina.com\/mexique\/tequila\/#primaryimage"},"thumbnailUrl":"https:\/\/abc-latina.com\/wp-content\/uploads\/2010\/06\/tequila.jpg","datePublished":"2010-06-14T23:50:27+00:00","dateModified":"2018-06-10T17:11:55+00:00","description":"La Tequila, boisson nationale mexicaine.","breadcrumb":{"@id":"https:\/\/abc-latina.com\/mexique\/tequila\/#breadcrumb"},"inLanguage":"fr-FR","potentialAction":[{"@type":"ReadAction","target":["https:\/\/abc-latina.com\/mexique\/tequila\/"]}]},{"@type":"ImageObject","inLanguage":"fr-FR","@id":"https:\/\/abc-latina.com\/mexique\/tequila\/#primaryimage","url":"https:\/\/abc-latina.com\/wp-content\/uploads\/2010\/06\/tequila.jpg","contentUrl":"https:\/\/abc-latina.com\/wp-content\/uploads\/2010\/06\/tequila.jpg","width":220,"height":220,"caption":"La TEQUILA"},{"@type":"BreadcrumbList","@id":"https:\/\/abc-latina.com\/mexique\/tequila\/#breadcrumb","itemListElement":[{"@type":"ListItem","position":1,"name":"Accueil","item":"https:\/\/abc-latina.com\/"},{"@type":"ListItem","position":2,"name":"La TEQUILA"}]},{"@type":"WebSite","@id":"https:\/\/abc-latina.com\/#website","url":"https:\/\/abc-latina.com\/","name":"Abc-latina","description":"","publisher":{"@id":"https:\/\/abc-latina.com\/#organization"},"potentialAction":[{"@type":"SearchAction","target":{"@type":"EntryPoint","urlTemplate":"https:\/\/abc-latina.com\/?s={search_term_string}"},"query-input":{"@type":"PropertyValueSpecification","valueRequired":true,"valueName":"search_term_string"}}],"inLanguage":"fr-FR"},{"@type":"Organization","@id":"https:\/\/abc-latina.com\/#organization","name":"Abc-latina","url":"https:\/\/abc-latina.com\/","logo":{"@type":"ImageObject","inLanguage":"fr-FR","@id":"https:\/\/abc-latina.com\/#\/schema\/logo\/image\/","url":"https:\/\/abc-latina.com\/wp-content\/uploads\/2026\/05\/cropped-logo.gif","contentUrl":"https:\/\/abc-latina.com\/wp-content\/uploads\/2026\/05\/cropped-logo.gif","width":89,"height":84,"caption":"Abc-latina"},"image":{"@id":"https:\/\/abc-latina.com\/#\/schema\/logo\/image\/"}}]}},"_links":{"self":[{"href":"https:\/\/abc-latina.com\/wp-json\/wp\/v2\/pages\/1267","targetHints":{"allow":["GET"]}}],"collection":[{"href":"https:\/\/abc-latina.com\/wp-json\/wp\/v2\/pages"}],"about":[{"href":"https:\/\/abc-latina.com\/wp-json\/wp\/v2\/types\/page"}],"author":[{"embeddable":true,"href":"https:\/\/abc-latina.com\/wp-json\/wp\/v2\/users\/3"}],"replies":[{"embeddable":true,"href":"https:\/\/abc-latina.com\/wp-json\/wp\/v2\/comments?post=1267"}],"version-history":[{"count":0,"href":"https:\/\/abc-latina.com\/wp-json\/wp\/v2\/pages\/1267\/revisions"}],"up":[{"embeddable":true,"href":"https:\/\/abc-latina.com\/wp-json\/wp\/v2\/pages\/2308"}],"wp:featuredmedia":[{"embeddable":true,"href":"https:\/\/abc-latina.com\/wp-json\/wp\/v2\/media\/1266"}],"wp:attachment":[{"href":"https:\/\/abc-latina.com\/wp-json\/wp\/v2\/media?parent=1267"}],"curies":[{"name":"wp","href":"https:\/\/api.w.org\/{rel}","templated":true}]}}