{"id":1271,"date":"2010-06-15T02:27:10","date_gmt":"2010-06-15T00:27:10","guid":{"rendered":"http:\/\/abc-latina.com\/histoire-htm-6\/"},"modified":"2026-04-30T18:24:59","modified_gmt":"2026-04-30T16:24:59","slug":"histoire","status":"publish","type":"page","link":"https:\/\/abc-latina.com\/colombie\/histoire\/","title":{"rendered":"HISTOIRE &#8211; COLOMBIE"},"content":{"rendered":"<h2 style=\"text-align: center;\">Les principales dates de l&rsquo;histoire colombienne<\/h2>\n<ul>\n<li><span class=\"histoire-date\">7000 av. J.-C<\/span><br \/> Premiers \u00e9tablissements s\u00e9dentaires sur le territoire<\/li>\n<li><span class=\"histoire-date\">1500 J.-C<\/span><br \/> Apparition des premi\u00e8res grandes civilisations : <a target=\"_blank\" href=\"https:\/\/www.abc-latina.com\/civilisations\/san_agustin.php\">San Agustin<\/a>, <a target=\"_blank\" href=\"https:\/\/www.abc-latina.com\/civilisations\/muisca.php\">Mu\u00edsca<\/a>, <a target=\"_blank\" href=\"https:\/\/www.abc-latina.com\/civilisations\/tairona.php\">Tairona<\/a>, Sin\u00fa<\/li>\n<li><span class=\"histoire-date\">1000 av. J.-C<\/span><br \/> D\u00e9veloppement de San Agust\u00edn, Malagana &hellip;<\/li>\n<li><span class=\"histoire-date\">500 av. J.-C<\/span><br \/> Cultures Tumaco, Calima, El Infiernito.<\/li>\n<li><span class=\"histoire-date\">AN 0<\/span><br \/> Cultures Tierradentro, Tolima, Quimbaya.<\/li>\n<li><span class=\"histoire-date\">500<\/span><br \/> Culture Nari\u00f1o.&nbsp;<\/li>\n<li><span class=\"histoire-date\">1400<\/span><\/li>\n<li>Epanouissement des Mu\u00edscas sur l&rsquo;Altiplano.<\/li>\n<li><span class=\"histoire-date\">1492&nbsp;<\/span><br \/> <a target=\"_blank\" href=\"https:\/\/www.abc-latina.com\/personnalites\/christophe_colomb\">Christophe Colomb<\/a> d\u00e9couvre l&rsquo;Am\u00e9rique.<\/li>\n<li><span class=\"histoire-date\">1499<\/span> &nbsp;<br \/> Alonzo de Ojeda et <a target=\"_blank\" href=\"https:\/\/www.abc-latina.com\/personnalites\/amerigo_vespucci\">Amerigo Vespucci<\/a> d\u00e9barquent au Cabo de la Vela (La Guajira)<\/li>\n<li><span class=\"histoire-date\">fin XIVe et d\u00e9but du XVIe si\u00e8cle<\/span> &nbsp;<br \/> L&rsquo;Inca Huayna Capac entreprend la conqu\u00eate des territoires du Quito, au sud de l&rsquo;actuelle Colombie. (lien:&nbsp;<a target=\"_blank\" href=\"https:\/\/www.abc-latina.com\/civilisations\/Inca\">Les Incas<\/a>)<\/li>\n<li><span class=\"histoire-date\">1503<\/span> &nbsp;<br \/> Christophe Colomb atteint le golfe de Uraba lors de son dernier voyage aux Am\u00e9riques.&nbsp;<\/li>\n<li><span class=\"histoire-date\">1510<\/span> &nbsp;<br \/> Premiers peuplements espagnols sur la terre ferme \u00e0 San Sebastian de Urab\u00e1 et Santa Mar\u00eda la Antigua del Dari\u00e9n.<\/li>\n<li><span class=\"histoire-date\">1513<\/span> &nbsp;<br \/> Vasco N\u00fa\u00f1ez de Balboa traverse l&rsquo;isthme de Dari\u00e9n (Panama) et d\u00e9couvre le Pacifique qu&rsquo;il baptise Mar del Sur.<\/li>\n<li><span class=\"histoire-date\">1525<\/span> &nbsp;<br \/> Rodrogo de Bastidas fonde <a href=\"https:\/\/www.abc-latina.com\/colombie\/santa_marta\">Santa Marta<\/a>.<\/li>\n<li><span class=\"histoire-date\">1528<\/span> &nbsp;<br \/> Mort de l&rsquo;Inca Huayna Capac et une guerre de succession entre ses fils, Huascar et Atahualpa.<\/li>\n<li><span class=\"histoire-date\">1532<\/span> &nbsp;<br \/> En novembre, <a target=\"_blank\" href=\"https:\/\/www.abc-latina.com\/personnalites\/francisco_pizarro\">Pizarro<\/a> capture l&rsquo;Inca Atahualpa \u00e0 Cajamarca, dans le Nord de l&rsquo;actuel P\u00e9rou.<\/li>\n<li><span class=\"histoire-date\">1533<\/span> &nbsp;<br \/> En janvier, Pedro de Herredia fonde Calamari (Cartagena)<br \/> En ao\u00fbt, ex\u00e9cution d&rsquo;Atahualpa \u00e0 Cajamarca.<\/li>\n<li><span class=\"histoire-date\">1538<\/span> &nbsp;<br \/> Le 6 ao\u00fbt, fondation de <a href=\"https:\/\/www.abc-latina.com\/colombie\/bogota\">Santa F\u00e9 de Bogot\u00e1<\/a>.<\/li>\n<li><span class=\"histoire-date\">1539<\/span> &nbsp;<br \/> R\u00e9voltes des Indiens conduits par le cacique Tundama; en d\u00e9cembre d\u00e9faite des Indiens \u00e0 la bataille des pantanos de la Guerra.<\/li>\n<li><span class=\"histoire-date\">1547<\/span> &nbsp;<br \/> Cr\u00e9ation de l&rsquo;Audience royale de Sante F\u00e9.<\/li>\n<li><span class=\"histoire-date\">1717 <\/span>&nbsp;<br \/> Cr\u00e9ation officielle de la vice-royaut\u00e9 de la Nouvelle Grenade (Panama, Colombie, \u00c9quateur, Venezuela).<\/li>\n<li><span class=\"histoire-date\">1781<\/span> &nbsp;<br \/> R\u00e9volte des Comuneros.<\/li>\n<li><span class=\"histoire-date\">1810<\/span> &nbsp;<br \/> Le 20 juillet, les r\u00e9volutionnaires d\u00e9posent le vice-roi.<\/li>\n<li><span class=\"histoire-date\">1811<\/span><br \/> Le 11 novembre, la province de <a href=\"https:\/\/www.abc-latina.com\/colombie\/cartagena\">Cartagena<\/a> proclame son ind\u00e9pendance.<\/li>\n<li><span class=\"histoire-date\">1812<\/span> &nbsp;<br \/> Bolivar \u00e0 Cartagena, campagne du Magdalena.<\/li>\n<li><span class=\"histoire-date\">1815<\/span> &nbsp;<br \/> R\u00e9pressions espagnole de Pablo Murillo.<\/li>\n<li><span class=\"histoire-date\">1819<\/span> &nbsp;<br \/> Le 7 ao\u00fbt, bataille du pont de Boyac\u00e1 et victoire de Santander et Bolivar.&nbsp;<br \/> Le 17 d\u00e9cembre, au congr\u00e8s d&rsquo;Angostura, cr\u00e9ation de la R\u00e9publique de la Gran Colombia (Venezuela, Colombie, \u00c9quateur)<\/li>\n<li><span class=\"histoire-date\">1821<\/span><br \/> Panama rejoint la Gran Colombia.<\/li>\n<li><span class=\"histoire-date\">1825<\/span> &nbsp;<br \/> Le Libertador <a target=\"_blank\" href=\"https:\/\/www.abc-latina.com\/personnalites\/simon_bolivar\">Simon Bolivar<\/a> donne son nom \u00e0 la Bolivie dont il devient le premier pr\u00e9sident.<\/li>\n<li><span class=\"histoire-date\">1830<\/span> &nbsp;<br \/> L&rsquo; \u00c9quateur et le Venezuela se s\u00e9parent de la Gran Colombia.<br \/> Le 17 d\u00e9cembre, Mort de Simon Bolivar \u00e0 Santa Marta.<\/li>\n<li><span class=\"histoire-date\">1886<\/span> &nbsp;<br \/> Cr\u00e9ation de la R\u00e9publique de Colombie, Rafael N\u00fa\u00f1ez en devient le premier pr\u00e9sident.<\/li>\n<li><span class=\"histoire-date\">1889<\/span> &nbsp;<br \/> Guerre des 1000 jours, d\u00e9clench\u00e9e par les Lib\u00e9raux contre les Conservateurs.<\/li>\n<li><span class=\"histoire-date\">1902<\/span> &nbsp;<br \/> Fin de la guerre des 1000 jours.<\/li>\n<li><span class=\"histoire-date\">1904<\/span> &nbsp;<br \/> Le pays glisse vers la dictature.<\/li>\n<li><span class=\"histoire-date\">1910<\/span> &nbsp;<br \/> R\u00e9forme de la constitution, le mandat pr\u00e9sidentiel est r\u00e9duit \u00e0 quatre ans.<\/li>\n<li><span class=\"histoire-date\">1928<\/span> &nbsp;<br \/> La gr\u00e8ve des ouvriers agricoles de la United Fruits se termine par un massacre.<\/li>\n<li><span class=\"histoire-date\">1930<\/span> &nbsp;<br \/> Les Lib\u00e9raux sont au pouvoir pour 16 ann\u00e9es.&nbsp;<\/li>\n<li><span class=\"histoire-date\">1948<\/span> &nbsp;<br \/> Assassinat du candidat lib\u00e9ral \u00e0 la pr\u00e9sidence, Jorge Eli\u00e9cer Gait\u00e1n. \u00c9meutes sanglantes, le Bogotazo.<\/li>\n<li><span class=\"histoire-date\">1956<\/span> &nbsp;<br \/> Catastrophe de Cali : explosion de six camions de dynamite, plusieurs milliers de victimes.<\/li>\n<li><span class=\"histoire-date\">1970<\/span> &nbsp;<br \/> Gr\u00e8ves des \u00e9tudiants. R\u00e9pression sanglante de l&rsquo;arm\u00e9e. D\u00e9buts du trafic de drogue, intensification des mouvements de gu\u00e9rilla.<\/li>\n<li><span class=\"histoire-date\">1979<\/span> &nbsp;<br \/> Prise d&rsquo;otages \u00e0 l&rsquo;ambassade de la <a target=\"_blank\" href=\"https:\/\/www.abc-latina.com\/republique_dominicaine\/\">R\u00e9publique Dominicaine<\/a>.<\/li>\n<li><span class=\"histoire-date\">1982<\/span> &nbsp;<br \/> <a target=\"_blank\" href=\"https:\/\/www.abc-latina.com\/personnalites\/gabriel_garcia_marquez\">Gabriel Garcia M\u00e1rquez<\/a> re\u00e7oit le prix Nobel de litt\u00e9rature.<\/li>\n<li><span class=\"histoire-date\">1983<\/span><br \/> Popay\u00e1n est ras\u00e9 par un tremblement de terre.&nbsp;<\/li>\n<li><span class=\"histoire-date\">1985<\/span> &nbsp;<br \/> Eruption du Nevado del Ruiz, Armero d\u00e9truite ; 25 000 morts.<br \/> La gu\u00e9rilla du <a href=\"https:\/\/www.abc-latina.com\/colombie\/m19.php\">M-19<\/a> occupe le palais de justice de la capitale, assaut de l&rsquo;arm\u00e9e qui se termine dans un bain de sang.<\/li>\n<li><span class=\"histoire-date\">1986<\/span> &nbsp;<br \/> D\u00e9couverte du grand gisement de Pozo Ca\u00f1o Lim\u00f3n, riche en p\u00e9trole.&nbsp;<\/li>\n<li><span class=\"histoire-date\">1989<\/span><br \/> Assassinat par les narcotrafiquants de Luis Carlos Galan, candidat aux \u00e9lections pr\u00e9sidentielles. Attentat contre le journal El Espectador.<\/li>\n<li><span class=\"histoire-date\">1990<\/span><br \/> D\u00e9but d&rsquo;une s\u00e9rie d&rsquo;enl\u00e8vements de personnalit\u00e9s.&nbsp;<\/li>\n<li><span class=\"histoire-date\">1994<\/span><br \/> Election de Samper, Lib\u00e9ral.&nbsp;<\/li>\n<li><span class=\"histoire-date\">1995<\/span><br \/> Le pr\u00e9sident Samper est accus\u00e9 d&rsquo;avoir b\u00e9n\u00e9fici\u00e9 du soutien des narcotrafiquants pour financer sa campagne pr\u00e9sidentielle.<\/li>\n<li><span class=\"histoire-date\">1998<\/span><br \/> Election \u00e0 la pr\u00e9sidence de la R\u00e9publique du Conservateur Andres Pastrana.<\/li>\n<li><span class=\"histoire-date\">2002<\/span><br \/> Fin du processus de paix engag\u00e9 en 1999 avec la gu\u00e9rilla des <a href=\"https:\/\/www.abc-latina.com\/colombie\/farc.php\">FARC<\/a>.<br \/> Le 24 f\u00e9vrier, <a target=\"_blank\" href=\"https:\/\/www.abc-latina.com\/personnalites\/ingrid_betancourt\">Ingrid Betancourt<\/a> (candidate \u00e9cologiste aux Pr\u00e9sidentielles) est enlev\u00e9e par les FARC.<br \/> <a target=\"_blank\" href=\"https:\/\/www.abc-latina.com\/personnalites\/alvaro_uribe\">Alvaro Uribe V\u00e9lez<\/a> est \u00e9lu pr\u00e9sident de la R\u00e9publique.<\/li>\n<li><span class=\"histoire-date\">2006<\/span><br \/> R\u00e9election d&rsquo; Alvaro Uribe V\u00e9lez pour un second mandat \u00e0 la majistrature supr\u00eame.<\/li>\n<\/ul>\n","protected":false},"excerpt":{"rendered":"<p>Les principales dates de l&rsquo;histoire colombienne 7000 av. J.-C Premiers \u00e9tablissements s\u00e9dentaires sur le territoire 1500 J.-C Apparition des premi\u00e8res [&hellip;]<\/p>\n","protected":false},"author":3,"featured_media":0,"parent":2299,"menu_order":0,"comment_status":"closed","ping_status":"closed","template":"","meta":{"site-sidebar-layout":"default","site-content-layout":"","ast-site-content-layout":"default","site-content-style":"default","site-sidebar-style":"default","ast-global-header-display":"","ast-banner-title-visibility":"","ast-main-header-display":"","ast-hfb-above-header-display":"","ast-hfb-below-header-display":"","ast-hfb-mobile-header-display":"","site-post-title":"","ast-breadcrumbs-content":"","ast-featured-img":"","footer-sml-layout":"","ast-disable-related-posts":"","theme-transparent-header-meta":"","adv-header-id-meta":"","stick-header-meta":"","header-above-stick-meta":"","header-main-stick-meta":"","header-below-stick-meta":"","astra-migrate-meta-layouts":"default","ast-page-background-enabled":"default","ast-page-background-meta":{"desktop":{"background-color":"var(--ast-global-color-5)","background-image":"","background-repeat":"repeat","background-position":"center center","background-size":"auto","background-attachment":"scroll","background-type":"","background-media":"","overlay-type":"","overlay-color":"","overlay-opacity":"","overlay-gradient":""},"tablet":{"background-color":"","background-image":"","background-repeat":"repeat","background-position":"center center","background-size":"auto","background-attachment":"scroll","background-type":"","background-media":"","overlay-type":"","overlay-color":"","overlay-opacity":"","overlay-gradient":""},"mobile":{"background-color":"","background-image":"","background-repeat":"repeat","background-position":"center center","background-size":"auto","background-attachment":"scroll","background-type":"","background-media":"","overlay-type":"","overlay-color":"","overlay-opacity":"","overlay-gradient":""}},"ast-content-background-meta":{"desktop":{"background-color":"var(--ast-global-color-4)","background-image":"","background-repeat":"repeat","background-position":"center center","background-size":"auto","background-attachment":"scroll","background-type":"","background-media":"","overlay-type":"","overlay-color":"","overlay-opacity":"","overlay-gradient":""},"tablet":{"background-color":"var(--ast-global-color-4)","background-image":"","background-repeat":"repeat","background-position":"center center","background-size":"auto","background-attachment":"scroll","background-type":"","background-media":"","overlay-type":"","overlay-color":"","overlay-opacity":"","overlay-gradient":""},"mobile":{"background-color":"var(--ast-global-color-4)","background-image":"","background-repeat":"repeat","background-position":"center center","background-size":"auto","background-attachment":"scroll","background-type":"","background-media":"","overlay-type":"","overlay-color":"","overlay-opacity":"","overlay-gradient":""}},"footnotes":""},"class_list":["post-1271","page","type-page","status-publish","hentry"],"yoast_head":"<!-- This site is optimized with the Yoast SEO plugin v27.5 - https:\/\/yoast.com\/product\/yoast-seo-wordpress\/ -->\n<title>HISTOIRE - COLOMBIE - Abc-latina<\/title>\n<meta name=\"description\" content=\"Les principaux faits de l&#039;histoire colombienne.\" \/>\n<meta name=\"robots\" content=\"index, follow, max-snippet:-1, max-image-preview:large, max-video-preview:-1\" \/>\n<link rel=\"canonical\" href=\"https:\/\/abc-latina.com\/colombie\/histoire\/\" \/>\n<meta property=\"og:locale\" content=\"fr_FR\" \/>\n<meta property=\"og:type\" content=\"article\" \/>\n<meta property=\"og:title\" content=\"HISTOIRE - COLOMBIE - Abc-latina\" \/>\n<meta property=\"og:description\" content=\"Les principaux faits de l&#039;histoire colombienne.\" \/>\n<meta property=\"og:url\" content=\"https:\/\/abc-latina.com\/colombie\/histoire\/\" \/>\n<meta property=\"og:site_name\" content=\"Abc-latina\" \/>\n<meta property=\"article:modified_time\" content=\"2026-04-30T16:24:59+00:00\" \/>\n<meta name=\"twitter:card\" content=\"summary_large_image\" \/>\n<meta name=\"twitter:label1\" content=\"Dur\u00e9e de lecture estim\u00e9e\" \/>\n\t<meta name=\"twitter:data1\" content=\"4 minutes\" \/>\n<script type=\"application\/ld+json\" class=\"yoast-schema-graph\">{\"@context\":\"https:\\\/\\\/schema.org\",\"@graph\":[{\"@type\":\"WebPage\",\"@id\":\"https:\\\/\\\/abc-latina.com\\\/colombie\\\/histoire\\\/\",\"url\":\"https:\\\/\\\/abc-latina.com\\\/colombie\\\/histoire\\\/\",\"name\":\"HISTOIRE - COLOMBIE - Abc-latina\",\"isPartOf\":{\"@id\":\"https:\\\/\\\/abc-latina.com\\\/#website\"},\"datePublished\":\"2010-06-15T00:27:10+00:00\",\"dateModified\":\"2026-04-30T16:24:59+00:00\",\"description\":\"Les principaux faits de l'histoire colombienne.\",\"breadcrumb\":{\"@id\":\"https:\\\/\\\/abc-latina.com\\\/colombie\\\/histoire\\\/#breadcrumb\"},\"inLanguage\":\"fr-FR\",\"potentialAction\":[{\"@type\":\"ReadAction\",\"target\":[\"https:\\\/\\\/abc-latina.com\\\/colombie\\\/histoire\\\/\"]}]},{\"@type\":\"BreadcrumbList\",\"@id\":\"https:\\\/\\\/abc-latina.com\\\/colombie\\\/histoire\\\/#breadcrumb\",\"itemListElement\":[{\"@type\":\"ListItem\",\"position\":1,\"name\":\"Accueil\",\"item\":\"https:\\\/\\\/abc-latina.com\\\/\"},{\"@type\":\"ListItem\",\"position\":2,\"name\":\"HISTOIRE &#8211; COLOMBIE\"}]},{\"@type\":\"WebSite\",\"@id\":\"https:\\\/\\\/abc-latina.com\\\/#website\",\"url\":\"https:\\\/\\\/abc-latina.com\\\/\",\"name\":\"Abc-latina\",\"description\":\"\",\"publisher\":{\"@id\":\"https:\\\/\\\/abc-latina.com\\\/#organization\"},\"potentialAction\":[{\"@type\":\"SearchAction\",\"target\":{\"@type\":\"EntryPoint\",\"urlTemplate\":\"https:\\\/\\\/abc-latina.com\\\/?s={search_term_string}\"},\"query-input\":{\"@type\":\"PropertyValueSpecification\",\"valueRequired\":true,\"valueName\":\"search_term_string\"}}],\"inLanguage\":\"fr-FR\"},{\"@type\":\"Organization\",\"@id\":\"https:\\\/\\\/abc-latina.com\\\/#organization\",\"name\":\"Abc-latina\",\"url\":\"https:\\\/\\\/abc-latina.com\\\/\",\"logo\":{\"@type\":\"ImageObject\",\"inLanguage\":\"fr-FR\",\"@id\":\"https:\\\/\\\/abc-latina.com\\\/#\\\/schema\\\/logo\\\/image\\\/\",\"url\":\"https:\\\/\\\/abc-latina.com\\\/wp-content\\\/uploads\\\/2026\\\/05\\\/cropped-logo.gif\",\"contentUrl\":\"https:\\\/\\\/abc-latina.com\\\/wp-content\\\/uploads\\\/2026\\\/05\\\/cropped-logo.gif\",\"width\":89,\"height\":84,\"caption\":\"Abc-latina\"},\"image\":{\"@id\":\"https:\\\/\\\/abc-latina.com\\\/#\\\/schema\\\/logo\\\/image\\\/\"}}]}<\/script>\n<!-- \/ Yoast SEO plugin. -->","yoast_head_json":{"title":"HISTOIRE - COLOMBIE - Abc-latina","description":"Les principaux faits de l'histoire colombienne.","robots":{"index":"index","follow":"follow","max-snippet":"max-snippet:-1","max-image-preview":"max-image-preview:large","max-video-preview":"max-video-preview:-1"},"canonical":"https:\/\/abc-latina.com\/colombie\/histoire\/","og_locale":"fr_FR","og_type":"article","og_title":"HISTOIRE - COLOMBIE - Abc-latina","og_description":"Les principaux faits de l'histoire colombienne.","og_url":"https:\/\/abc-latina.com\/colombie\/histoire\/","og_site_name":"Abc-latina","article_modified_time":"2026-04-30T16:24:59+00:00","twitter_card":"summary_large_image","twitter_misc":{"Dur\u00e9e de lecture estim\u00e9e":"4 minutes"},"schema":{"@context":"https:\/\/schema.org","@graph":[{"@type":"WebPage","@id":"https:\/\/abc-latina.com\/colombie\/histoire\/","url":"https:\/\/abc-latina.com\/colombie\/histoire\/","name":"HISTOIRE - COLOMBIE - Abc-latina","isPartOf":{"@id":"https:\/\/abc-latina.com\/#website"},"datePublished":"2010-06-15T00:27:10+00:00","dateModified":"2026-04-30T16:24:59+00:00","description":"Les principaux faits de l'histoire colombienne.","breadcrumb":{"@id":"https:\/\/abc-latina.com\/colombie\/histoire\/#breadcrumb"},"inLanguage":"fr-FR","potentialAction":[{"@type":"ReadAction","target":["https:\/\/abc-latina.com\/colombie\/histoire\/"]}]},{"@type":"BreadcrumbList","@id":"https:\/\/abc-latina.com\/colombie\/histoire\/#breadcrumb","itemListElement":[{"@type":"ListItem","position":1,"name":"Accueil","item":"https:\/\/abc-latina.com\/"},{"@type":"ListItem","position":2,"name":"HISTOIRE &#8211; COLOMBIE"}]},{"@type":"WebSite","@id":"https:\/\/abc-latina.com\/#website","url":"https:\/\/abc-latina.com\/","name":"Abc-latina","description":"","publisher":{"@id":"https:\/\/abc-latina.com\/#organization"},"potentialAction":[{"@type":"SearchAction","target":{"@type":"EntryPoint","urlTemplate":"https:\/\/abc-latina.com\/?s={search_term_string}"},"query-input":{"@type":"PropertyValueSpecification","valueRequired":true,"valueName":"search_term_string"}}],"inLanguage":"fr-FR"},{"@type":"Organization","@id":"https:\/\/abc-latina.com\/#organization","name":"Abc-latina","url":"https:\/\/abc-latina.com\/","logo":{"@type":"ImageObject","inLanguage":"fr-FR","@id":"https:\/\/abc-latina.com\/#\/schema\/logo\/image\/","url":"https:\/\/abc-latina.com\/wp-content\/uploads\/2026\/05\/cropped-logo.gif","contentUrl":"https:\/\/abc-latina.com\/wp-content\/uploads\/2026\/05\/cropped-logo.gif","width":89,"height":84,"caption":"Abc-latina"},"image":{"@id":"https:\/\/abc-latina.com\/#\/schema\/logo\/image\/"}}]}},"_links":{"self":[{"href":"https:\/\/abc-latina.com\/wp-json\/wp\/v2\/pages\/1271","targetHints":{"allow":["GET"]}}],"collection":[{"href":"https:\/\/abc-latina.com\/wp-json\/wp\/v2\/pages"}],"about":[{"href":"https:\/\/abc-latina.com\/wp-json\/wp\/v2\/types\/page"}],"author":[{"embeddable":true,"href":"https:\/\/abc-latina.com\/wp-json\/wp\/v2\/users\/3"}],"replies":[{"embeddable":true,"href":"https:\/\/abc-latina.com\/wp-json\/wp\/v2\/comments?post=1271"}],"version-history":[{"count":1,"href":"https:\/\/abc-latina.com\/wp-json\/wp\/v2\/pages\/1271\/revisions"}],"predecessor-version":[{"id":3344,"href":"https:\/\/abc-latina.com\/wp-json\/wp\/v2\/pages\/1271\/revisions\/3344"}],"up":[{"embeddable":true,"href":"https:\/\/abc-latina.com\/wp-json\/wp\/v2\/pages\/2299"}],"wp:attachment":[{"href":"https:\/\/abc-latina.com\/wp-json\/wp\/v2\/media?parent=1271"}],"curies":[{"name":"wp","href":"https:\/\/api.w.org\/{rel}","templated":true}]}}