{"id":1283,"date":"2010-06-15T03:38:21","date_gmt":"2010-06-15T01:38:21","guid":{"rendered":"http:\/\/abc-latina.com\/cartecol-htm\/"},"modified":"2026-04-30T18:24:58","modified_gmt":"2026-04-30T16:24:58","slug":"cartecol","status":"publish","type":"page","link":"https:\/\/abc-latina.com\/colombie\/cartecol\/","title":{"rendered":"CARTE de la COLOMBIE"},"content":{"rendered":"<table class=\"table_cartes\">\n<tbody>\n<tr>\n<td class=\"tc_gauche\" valign=\"top\">\n<div><span style=\"font-size: smaller; \"><span class=\"autre-carte\">AUTRES CARTES<\/span><\/span><\/div>\n<div><a href=\"https:\/\/www.abc-latina.com\/colombie\/carte-relief-colombie.php\"><span style=\"font-size: smaller; \">Carte du relief colombien<\/span><\/a><\/div>\n<div><a href=\"https:\/\/www.abc-latina.com\/colombie\/carte-regions-colombie.php\"><span style=\"font-size: smaller; \">Carte des r\u00e9gions<\/span><\/a><\/div>\n<\/td>\n<td class=\"tc_droite\"><a href=\"https:\/\/www.abc-latina.com\/carteam\" target=\"_blank\"><img loading=\"lazy\" decoding=\"async\" class=\" alignright size-full wp-image-1101\" src=\"http:\/\/abc-latina.com\/wp-content\/uploads\/2010\/06\/america_colombie.png\" style=\"float: right; width: 118px; height: 122px; \" alt=\"\" width=\"118\" height=\"122\" \/><\/a><\/td>\n<\/tr>\n<\/tbody>\n<\/table>\n<p style=\"text-align: center; \"><img loading=\"lazy\" decoding=\"async\" class=\" size-full wp-image-1282\" alt=\"CARTE de la COLOMBIE\" title=\"CARTE de la COLOMBIE\" src=\"http:\/\/abc-latina.com\/wp-content\/uploads\/2010\/06\/carte-colombie.jpg\" width=\"550\" height=\"643\" srcset=\"https:\/\/abc-latina.com\/wp-content\/uploads\/2010\/06\/carte-colombie.jpg 550w, https:\/\/abc-latina.com\/wp-content\/uploads\/2010\/06\/carte-colombie-257x300.jpg 257w\" sizes=\"auto, (max-width: 550px) 100vw, 550px\" \/><\/p>\n<h3>Donn\u00e9es g\u00e9ographiques de la Colombie<\/h3>\n<p>Superficie de la Colombie: 1.141.748 km&sup2;.<br \/>Pays frontaliers: le Panama, l&rsquo;Equateur, le P\u00e9rou et le Br\u00e9sil.<br \/>Littoral: 3.208 km.<\/p>\n<p>Population colombienne: 45 millions d&rsquo;hab.<br \/>Densit\u00e9 (habitants par km&sup2;): 40<\/p>\n<p>Chiffres extr\u00eames<br \/>Point le plus haut: Le Nevado del Huila \u00e0 5 775 m.<br \/>Plus long cours d&rsquo;eau: Le R\u00edo Magdalena 1 558 km.<a target=\"_blank\" href=\"http:\/\/voyage.abc-latina.com\/voyage_colombie\/colombie.php\"><span class=\"sejour-circuit\"><br \/><\/span><\/a><\/p>\n<h3>Cartes des pays latino-am\u00e9ricains<\/h3>\n<p><a href=\"https:\/\/www.abc-latina.com\/argentine\/cartearg\">Argentine<\/a> <a href=\"https:\/\/www.abc-latina.com\/belize\/cartebel\">Belize<\/a>  <a href=\"https:\/\/www.abc-latina.com\/bolivie\/cartebol\">Bolivie<\/a> <a href=\"https:\/\/www.abc-latina.com\/bresil\/cartebre\">Br\u00e9sil<\/a> <a href=\"https:\/\/www.abc-latina.com\/chili\/cartechi\">Chili<\/a> <a href=\"https:\/\/www.abc-latina.com\/costarica\/cartecos\">Costa Rica<\/a> <a href=\"https:\/\/www.abc-latina.com\/cuba\/cartecuba\">Cuba<\/a> <a href=\"https:\/\/www.abc-latina.com\/salvador\/cartesal\">El Salvador<\/a> <a href=\"https:\/\/www.abc-latina.com\/equateur\/carteeq\">Equateur<\/a>  <a href=\"https:\/\/www.abc-latina.com\/guatemala\/cartegua\">Guatemala<\/a> <a href=\"https:\/\/www.abc-latina.com\/honduras\/cartehon\">Honduras<\/a> <a href=\"https:\/\/www.abc-latina.com\/mexique\/cartemex\">Mexique<\/a> <a href=\"https:\/\/www.abc-latina.com\/nicaragua\/cartenic\">Nicaragua<\/a> <a href=\"https:\/\/www.abc-latina.com\/panama\/cartepan\">Panama<\/a> <a href=\"https:\/\/www.abc-latina.com\/paraguay\/cartepar\">Paraguay<\/a> <a href=\"https:\/\/www.abc-latina.com\/perou\/carteper\">P\u00e9rou<\/a> <a href=\"https:\/\/www.abc-latina.com\/uruguay\/carteuru\">Uruguay<\/a>  <a href=\"https:\/\/www.abc-latina.com\/venezuela\/carteven\">Venezuela<\/a><\/p>\n","protected":false},"excerpt":{"rendered":"<p>AUTRES CARTES Carte du relief colombien Carte des r\u00e9gions Donn\u00e9es g\u00e9ographiques de la Colombie Superficie de la Colombie: 1.141.748 km&sup2;.Pays [&hellip;]<\/p>\n","protected":false},"author":3,"featured_media":1101,"parent":2299,"menu_order":0,"comment_status":"closed","ping_status":"closed","template":"","meta":{"site-sidebar-layout":"default","site-content-layout":"","ast-site-content-layout":"default","site-content-style":"default","site-sidebar-style":"default","ast-global-header-display":"","ast-banner-title-visibility":"","ast-main-header-display":"","ast-hfb-above-header-display":"","ast-hfb-below-header-display":"","ast-hfb-mobile-header-display":"","site-post-title":"","ast-breadcrumbs-content":"","ast-featured-img":"","footer-sml-layout":"","ast-disable-related-posts":"","theme-transparent-header-meta":"","adv-header-id-meta":"","stick-header-meta":"","header-above-stick-meta":"","header-main-stick-meta":"","header-below-stick-meta":"","astra-migrate-meta-layouts":"default","ast-page-background-enabled":"default","ast-page-background-meta":{"desktop":{"background-color":"var(--ast-global-color-5)","background-image":"","background-repeat":"repeat","background-position":"center center","background-size":"auto","background-attachment":"scroll","background-type":"","background-media":"","overlay-type":"","overlay-color":"","overlay-opacity":"","overlay-gradient":""},"tablet":{"background-color":"","background-image":"","background-repeat":"repeat","background-position":"center center","background-size":"auto","background-attachment":"scroll","background-type":"","background-media":"","overlay-type":"","overlay-color":"","overlay-opacity":"","overlay-gradient":""},"mobile":{"background-color":"","background-image":"","background-repeat":"repeat","background-position":"center center","background-size":"auto","background-attachment":"scroll","background-type":"","background-media":"","overlay-type":"","overlay-color":"","overlay-opacity":"","overlay-gradient":""}},"ast-content-background-meta":{"desktop":{"background-color":"var(--ast-global-color-4)","background-image":"","background-repeat":"repeat","background-position":"center center","background-size":"auto","background-attachment":"scroll","background-type":"","background-media":"","overlay-type":"","overlay-color":"","overlay-opacity":"","overlay-gradient":""},"tablet":{"background-color":"var(--ast-global-color-4)","background-image":"","background-repeat":"repeat","background-position":"center center","background-size":"auto","background-attachment":"scroll","background-type":"","background-media":"","overlay-type":"","overlay-color":"","overlay-opacity":"","overlay-gradient":""},"mobile":{"background-color":"var(--ast-global-color-4)","background-image":"","background-repeat":"repeat","background-position":"center center","background-size":"auto","background-attachment":"scroll","background-type":"","background-media":"","overlay-type":"","overlay-color":"","overlay-opacity":"","overlay-gradient":""}},"footnotes":""},"class_list":["post-1283","page","type-page","status-publish","has-post-thumbnail","hentry"],"yoast_head":"<!-- This site is optimized with the Yoast SEO plugin v27.5 - https:\/\/yoast.com\/product\/yoast-seo-wordpress\/ -->\n<title>CARTE de la COLOMBIE - Abc-latina<\/title>\n<meta name=\"description\" content=\"Carte de Colombie.\" \/>\n<meta name=\"robots\" content=\"index, follow, max-snippet:-1, max-image-preview:large, max-video-preview:-1\" \/>\n<link rel=\"canonical\" href=\"https:\/\/abc-latina.com\/colombie\/cartecol\/\" \/>\n<meta property=\"og:locale\" content=\"fr_FR\" \/>\n<meta property=\"og:type\" content=\"article\" \/>\n<meta property=\"og:title\" content=\"CARTE de la COLOMBIE - Abc-latina\" \/>\n<meta property=\"og:description\" content=\"Carte de Colombie.\" \/>\n<meta property=\"og:url\" content=\"https:\/\/abc-latina.com\/colombie\/cartecol\/\" \/>\n<meta property=\"og:site_name\" content=\"Abc-latina\" \/>\n<meta property=\"article:modified_time\" content=\"2026-04-30T16:24:58+00:00\" \/>\n<meta property=\"og:image\" content=\"https:\/\/abc-latina.com\/wp-content\/uploads\/2010\/06\/america_colombie.png\" \/>\n\t<meta property=\"og:image:width\" content=\"118\" \/>\n\t<meta property=\"og:image:height\" content=\"122\" \/>\n\t<meta property=\"og:image:type\" content=\"image\/png\" \/>\n<meta name=\"twitter:card\" content=\"summary_large_image\" \/>\n<script type=\"application\/ld+json\" class=\"yoast-schema-graph\">{\"@context\":\"https:\\\/\\\/schema.org\",\"@graph\":[{\"@type\":\"WebPage\",\"@id\":\"https:\\\/\\\/abc-latina.com\\\/colombie\\\/cartecol\\\/\",\"url\":\"https:\\\/\\\/abc-latina.com\\\/colombie\\\/cartecol\\\/\",\"name\":\"CARTE de la COLOMBIE - Abc-latina\",\"isPartOf\":{\"@id\":\"https:\\\/\\\/abc-latina.com\\\/#website\"},\"primaryImageOfPage\":{\"@id\":\"https:\\\/\\\/abc-latina.com\\\/colombie\\\/cartecol\\\/#primaryimage\"},\"image\":{\"@id\":\"https:\\\/\\\/abc-latina.com\\\/colombie\\\/cartecol\\\/#primaryimage\"},\"thumbnailUrl\":\"https:\\\/\\\/abc-latina.com\\\/wp-content\\\/uploads\\\/2010\\\/06\\\/america_colombie.png\",\"datePublished\":\"2010-06-15T01:38:21+00:00\",\"dateModified\":\"2026-04-30T16:24:58+00:00\",\"description\":\"Carte de Colombie.\",\"breadcrumb\":{\"@id\":\"https:\\\/\\\/abc-latina.com\\\/colombie\\\/cartecol\\\/#breadcrumb\"},\"inLanguage\":\"fr-FR\",\"potentialAction\":[{\"@type\":\"ReadAction\",\"target\":[\"https:\\\/\\\/abc-latina.com\\\/colombie\\\/cartecol\\\/\"]}]},{\"@type\":\"ImageObject\",\"inLanguage\":\"fr-FR\",\"@id\":\"https:\\\/\\\/abc-latina.com\\\/colombie\\\/cartecol\\\/#primaryimage\",\"url\":\"https:\\\/\\\/abc-latina.com\\\/wp-content\\\/uploads\\\/2010\\\/06\\\/america_colombie.png\",\"contentUrl\":\"https:\\\/\\\/abc-latina.com\\\/wp-content\\\/uploads\\\/2010\\\/06\\\/america_colombie.png\",\"width\":118,\"height\":122},{\"@type\":\"BreadcrumbList\",\"@id\":\"https:\\\/\\\/abc-latina.com\\\/colombie\\\/cartecol\\\/#breadcrumb\",\"itemListElement\":[{\"@type\":\"ListItem\",\"position\":1,\"name\":\"Accueil\",\"item\":\"https:\\\/\\\/abc-latina.com\\\/\"},{\"@type\":\"ListItem\",\"position\":2,\"name\":\"CARTE de la COLOMBIE\"}]},{\"@type\":\"WebSite\",\"@id\":\"https:\\\/\\\/abc-latina.com\\\/#website\",\"url\":\"https:\\\/\\\/abc-latina.com\\\/\",\"name\":\"Abc-latina\",\"description\":\"\",\"publisher\":{\"@id\":\"https:\\\/\\\/abc-latina.com\\\/#organization\"},\"potentialAction\":[{\"@type\":\"SearchAction\",\"target\":{\"@type\":\"EntryPoint\",\"urlTemplate\":\"https:\\\/\\\/abc-latina.com\\\/?s={search_term_string}\"},\"query-input\":{\"@type\":\"PropertyValueSpecification\",\"valueRequired\":true,\"valueName\":\"search_term_string\"}}],\"inLanguage\":\"fr-FR\"},{\"@type\":\"Organization\",\"@id\":\"https:\\\/\\\/abc-latina.com\\\/#organization\",\"name\":\"Abc-latina\",\"url\":\"https:\\\/\\\/abc-latina.com\\\/\",\"logo\":{\"@type\":\"ImageObject\",\"inLanguage\":\"fr-FR\",\"@id\":\"https:\\\/\\\/abc-latina.com\\\/#\\\/schema\\\/logo\\\/image\\\/\",\"url\":\"https:\\\/\\\/abc-latina.com\\\/wp-content\\\/uploads\\\/2026\\\/05\\\/cropped-logo.gif\",\"contentUrl\":\"https:\\\/\\\/abc-latina.com\\\/wp-content\\\/uploads\\\/2026\\\/05\\\/cropped-logo.gif\",\"width\":89,\"height\":84,\"caption\":\"Abc-latina\"},\"image\":{\"@id\":\"https:\\\/\\\/abc-latina.com\\\/#\\\/schema\\\/logo\\\/image\\\/\"}}]}<\/script>\n<!-- \/ Yoast SEO plugin. -->","yoast_head_json":{"title":"CARTE de la COLOMBIE - Abc-latina","description":"Carte de Colombie.","robots":{"index":"index","follow":"follow","max-snippet":"max-snippet:-1","max-image-preview":"max-image-preview:large","max-video-preview":"max-video-preview:-1"},"canonical":"https:\/\/abc-latina.com\/colombie\/cartecol\/","og_locale":"fr_FR","og_type":"article","og_title":"CARTE de la COLOMBIE - Abc-latina","og_description":"Carte de Colombie.","og_url":"https:\/\/abc-latina.com\/colombie\/cartecol\/","og_site_name":"Abc-latina","article_modified_time":"2026-04-30T16:24:58+00:00","og_image":[{"width":118,"height":122,"url":"https:\/\/abc-latina.com\/wp-content\/uploads\/2010\/06\/america_colombie.png","type":"image\/png"}],"twitter_card":"summary_large_image","schema":{"@context":"https:\/\/schema.org","@graph":[{"@type":"WebPage","@id":"https:\/\/abc-latina.com\/colombie\/cartecol\/","url":"https:\/\/abc-latina.com\/colombie\/cartecol\/","name":"CARTE de la COLOMBIE - Abc-latina","isPartOf":{"@id":"https:\/\/abc-latina.com\/#website"},"primaryImageOfPage":{"@id":"https:\/\/abc-latina.com\/colombie\/cartecol\/#primaryimage"},"image":{"@id":"https:\/\/abc-latina.com\/colombie\/cartecol\/#primaryimage"},"thumbnailUrl":"https:\/\/abc-latina.com\/wp-content\/uploads\/2010\/06\/america_colombie.png","datePublished":"2010-06-15T01:38:21+00:00","dateModified":"2026-04-30T16:24:58+00:00","description":"Carte de Colombie.","breadcrumb":{"@id":"https:\/\/abc-latina.com\/colombie\/cartecol\/#breadcrumb"},"inLanguage":"fr-FR","potentialAction":[{"@type":"ReadAction","target":["https:\/\/abc-latina.com\/colombie\/cartecol\/"]}]},{"@type":"ImageObject","inLanguage":"fr-FR","@id":"https:\/\/abc-latina.com\/colombie\/cartecol\/#primaryimage","url":"https:\/\/abc-latina.com\/wp-content\/uploads\/2010\/06\/america_colombie.png","contentUrl":"https:\/\/abc-latina.com\/wp-content\/uploads\/2010\/06\/america_colombie.png","width":118,"height":122},{"@type":"BreadcrumbList","@id":"https:\/\/abc-latina.com\/colombie\/cartecol\/#breadcrumb","itemListElement":[{"@type":"ListItem","position":1,"name":"Accueil","item":"https:\/\/abc-latina.com\/"},{"@type":"ListItem","position":2,"name":"CARTE de la COLOMBIE"}]},{"@type":"WebSite","@id":"https:\/\/abc-latina.com\/#website","url":"https:\/\/abc-latina.com\/","name":"Abc-latina","description":"","publisher":{"@id":"https:\/\/abc-latina.com\/#organization"},"potentialAction":[{"@type":"SearchAction","target":{"@type":"EntryPoint","urlTemplate":"https:\/\/abc-latina.com\/?s={search_term_string}"},"query-input":{"@type":"PropertyValueSpecification","valueRequired":true,"valueName":"search_term_string"}}],"inLanguage":"fr-FR"},{"@type":"Organization","@id":"https:\/\/abc-latina.com\/#organization","name":"Abc-latina","url":"https:\/\/abc-latina.com\/","logo":{"@type":"ImageObject","inLanguage":"fr-FR","@id":"https:\/\/abc-latina.com\/#\/schema\/logo\/image\/","url":"https:\/\/abc-latina.com\/wp-content\/uploads\/2026\/05\/cropped-logo.gif","contentUrl":"https:\/\/abc-latina.com\/wp-content\/uploads\/2026\/05\/cropped-logo.gif","width":89,"height":84,"caption":"Abc-latina"},"image":{"@id":"https:\/\/abc-latina.com\/#\/schema\/logo\/image\/"}}]}},"_links":{"self":[{"href":"https:\/\/abc-latina.com\/wp-json\/wp\/v2\/pages\/1283","targetHints":{"allow":["GET"]}}],"collection":[{"href":"https:\/\/abc-latina.com\/wp-json\/wp\/v2\/pages"}],"about":[{"href":"https:\/\/abc-latina.com\/wp-json\/wp\/v2\/types\/page"}],"author":[{"embeddable":true,"href":"https:\/\/abc-latina.com\/wp-json\/wp\/v2\/users\/3"}],"replies":[{"embeddable":true,"href":"https:\/\/abc-latina.com\/wp-json\/wp\/v2\/comments?post=1283"}],"version-history":[{"count":1,"href":"https:\/\/abc-latina.com\/wp-json\/wp\/v2\/pages\/1283\/revisions"}],"predecessor-version":[{"id":3336,"href":"https:\/\/abc-latina.com\/wp-json\/wp\/v2\/pages\/1283\/revisions\/3336"}],"up":[{"embeddable":true,"href":"https:\/\/abc-latina.com\/wp-json\/wp\/v2\/pages\/2299"}],"wp:featuredmedia":[{"embeddable":true,"href":"https:\/\/abc-latina.com\/wp-json\/wp\/v2\/media\/1101"}],"wp:attachment":[{"href":"https:\/\/abc-latina.com\/wp-json\/wp\/v2\/media?parent=1283"}],"curies":[{"name":"wp","href":"https:\/\/api.w.org\/{rel}","templated":true}]}}