{"id":1284,"date":"2010-06-15T03:43:10","date_gmt":"2010-06-15T01:43:10","guid":{"rendered":"http:\/\/abc-latina.com\/hotels-htm-4\/"},"modified":"2026-04-30T18:24:59","modified_gmt":"2026-04-30T16:24:59","slug":"hotels","status":"publish","type":"page","link":"https:\/\/abc-latina.com\/colombie\/hotels\/","title":{"rendered":"HOTELS en COLOMBIE"},"content":{"rendered":"<div><img loading=\"lazy\" decoding=\"async\" src=\"http:\/\/www.abc-latina.com\/images\/2018\/026-reservation-chambre-d-hotel.jpg\" alt=\"\" width=\"700\" height=\"446\" \/><\/div>\n<div>&nbsp;<\/div>\n<div>Ce moteur recherche simultan\u00e9ment votre <strong>chambre d&rsquo;h\u00f4tel en COLOMBIE<\/strong> chez nos partenaires, compare les offres, v\u00e9rifie les disponibilit\u00e9s en temps r\u00e9el et classe instantan\u00e9ment les r\u00e9sultats du moins cher au plus cher.<\/div>\n<div>&nbsp;<\/div>\n<div><script type=\"text\/javascript\">\nvar uri = 'https:\/\/impfr.tradedoubler.com\/imp?type(img)g(23126366)a(966162)' + new String (Math.random()).substring (2, 11);<\/p>\n<div><img loading=\"lazy\" decoding=\"async\" class=\" size-full wp-image-73\" src=\"http:\/\/abc-latina.com\/wp-content\/uploads\/2010\/06\/026-reservation-chambre-d-hotel.jpg\" width=\"700\" height=\"446\" alt=\"\" srcset=\"https:\/\/abc-latina.com\/wp-content\/uploads\/2010\/06\/026-reservation-chambre-d-hotel.jpg 700w, https:\/\/abc-latina.com\/wp-content\/uploads\/2010\/06\/026-reservation-chambre-d-hotel-300x191.jpg 300w\" sizes=\"auto, (max-width: 700px) 100vw, 700px\" \/><\/div>\n<div>&nbsp;<\/div>\n<div>Ce moteur recherche simultan\u00e9ment votre <strong>chambre d'h\u00f4tel en COLOMBIE<\/strong> chez nos partenaires, compare les offres, v\u00e9rifie les disponibilit\u00e9s en temps r\u00e9el et classe instantan\u00e9ment les r\u00e9sultats du moins cher au plus cher.<\/div>\n<div>&nbsp;<\/div>\n<div><script type=\"text\/javascript\">\nvar uri = 'https:\/\/impfr.tradedoubler.com\/imp?type(img)g(23126366)a(966162)' + new String (Math.random()).substring (2, 11);\ndocument.write('<a href=\"https:\/\/clk.tradedoubler.com\/click?p=244245&#038;a=966162&#038;g=23126366\" target=\"_BLANK\"><img decoding=\"async\" src=\"'+uri+'\" border=0><\/a>');\n<\/script><\/div>\n<div>&nbsp;<\/div>\n<div style=\"text-align: center;\">Armenia - Bogota - Cali - Cartagena - Leaticia - Medellin - Popayan - San Andres - Santa Marta<\/div>\n<div style=\"text-align: center;\">&nbsp;<\/div>\n<h3>A savoir sur les h\u00f4tels en Colombie<\/h3>\n<div style=\"text-align: left;\">&nbsp;<\/div>\n<div style=\"text-align: left;\">Deux tarifs s'appliquent : &lsquo;Tarif europ\u00e9en&rsquo; de mai \u00e0 novembre, et &lsquo;Tarif am\u00e9ricain&rsquo; de d\u00e9cembre \u00e0 avril, beaucoup plus \u00e9lev\u00e9. Il est conseill\u00e9 de r\u00e9server bien \u00e0 l'avance. Il existe plusieurs h\u00f4tels et residencias sur l'\u00eele de San Andr\u00e9s, et un h\u00f4tel sur Providencia. Les tarifs augmentent en moyenne de 10 pour-cent par an; il est conseill\u00e9 aux visiteurs de se renseigner au moment de la r\u00e9servation sur les tarifs en vigueur. <\/p>\n<p>Cat\u00e9gorie : il existe un syst\u00e8me de classement par \u00e9toiles similaire au syst\u00e8me europ\u00e9en.<\/p>\n<p>Remarque : une taxe de 5 pour-cent est ajout\u00e9e \u00e0 toutes les notes d'h\u00f4tel sur l'ensemble du pays.<\/p><\/div>\n","protected":false},"excerpt":{"rendered":"<p>&nbsp; Ce moteur recherche simultan\u00e9ment votre chambre d&rsquo;h\u00f4tel en COLOMBIE chez nos partenaires, compare les offres, v\u00e9rifie les disponibilit\u00e9s en [&hellip;]<\/p>\n","protected":false},"author":3,"featured_media":0,"parent":2299,"menu_order":0,"comment_status":"closed","ping_status":"closed","template":"","meta":{"site-sidebar-layout":"default","site-content-layout":"","ast-site-content-layout":"default","site-content-style":"default","site-sidebar-style":"default","ast-global-header-display":"","ast-banner-title-visibility":"","ast-main-header-display":"","ast-hfb-above-header-display":"","ast-hfb-below-header-display":"","ast-hfb-mobile-header-display":"","site-post-title":"","ast-breadcrumbs-content":"","ast-featured-img":"","footer-sml-layout":"","ast-disable-related-posts":"","theme-transparent-header-meta":"","adv-header-id-meta":"","stick-header-meta":"","header-above-stick-meta":"","header-main-stick-meta":"","header-below-stick-meta":"","astra-migrate-meta-layouts":"default","ast-page-background-enabled":"default","ast-page-background-meta":{"desktop":{"background-color":"var(--ast-global-color-5)","background-image":"","background-repeat":"repeat","background-position":"center center","background-size":"auto","background-attachment":"scroll","background-type":"","background-media":"","overlay-type":"","overlay-color":"","overlay-opacity":"","overlay-gradient":""},"tablet":{"background-color":"","background-image":"","background-repeat":"repeat","background-position":"center center","background-size":"auto","background-attachment":"scroll","background-type":"","background-media":"","overlay-type":"","overlay-color":"","overlay-opacity":"","overlay-gradient":""},"mobile":{"background-color":"","background-image":"","background-repeat":"repeat","background-position":"center center","background-size":"auto","background-attachment":"scroll","background-type":"","background-media":"","overlay-type":"","overlay-color":"","overlay-opacity":"","overlay-gradient":""}},"ast-content-background-meta":{"desktop":{"background-color":"var(--ast-global-color-4)","background-image":"","background-repeat":"repeat","background-position":"center center","background-size":"auto","background-attachment":"scroll","background-type":"","background-media":"","overlay-type":"","overlay-color":"","overlay-opacity":"","overlay-gradient":""},"tablet":{"background-color":"var(--ast-global-color-4)","background-image":"","background-repeat":"repeat","background-position":"center center","background-size":"auto","background-attachment":"scroll","background-type":"","background-media":"","overlay-type":"","overlay-color":"","overlay-opacity":"","overlay-gradient":""},"mobile":{"background-color":"var(--ast-global-color-4)","background-image":"","background-repeat":"repeat","background-position":"center center","background-size":"auto","background-attachment":"scroll","background-type":"","background-media":"","overlay-type":"","overlay-color":"","overlay-opacity":"","overlay-gradient":""}},"footnotes":""},"class_list":["post-1284","page","type-page","status-publish","hentry"],"yoast_head":"<!-- This site is optimized with the Yoast SEO plugin v27.5 - https:\/\/yoast.com\/product\/yoast-seo-wordpress\/ -->\n<title>HOTELS en COLOMBIE - Abc-latina<\/title>\n<meta name=\"description\" content=\"Reservation de chambre d&#039;hotels en Colombie. Hotels toutes cat\u00e9gories. R\u00e9servation en ligne.  Hebergement en Colombie.\" \/>\n<meta name=\"robots\" content=\"index, follow, max-snippet:-1, max-image-preview:large, max-video-preview:-1\" \/>\n<link rel=\"canonical\" href=\"https:\/\/abc-latina.com\/colombie\/hotels\/\" \/>\n<meta property=\"og:locale\" content=\"fr_FR\" \/>\n<meta property=\"og:type\" content=\"article\" \/>\n<meta property=\"og:title\" content=\"HOTELS en COLOMBIE - Abc-latina\" \/>\n<meta property=\"og:description\" content=\"Reservation de chambre d&#039;hotels en Colombie. Hotels toutes cat\u00e9gories. R\u00e9servation en ligne.  Hebergement en Colombie.\" \/>\n<meta property=\"og:url\" content=\"https:\/\/abc-latina.com\/colombie\/hotels\/\" \/>\n<meta property=\"og:site_name\" content=\"Abc-latina\" \/>\n<meta property=\"article:modified_time\" content=\"2026-04-30T16:24:59+00:00\" \/>\n<meta property=\"og:image\" content=\"http:\/\/www.abc-latina.com\/images\/2018\/026-reservation-chambre-d-hotel.jpg\" \/>\n<meta name=\"twitter:card\" content=\"summary_large_image\" \/>\n<meta name=\"twitter:label1\" content=\"Dur\u00e9e de lecture estim\u00e9e\" \/>\n\t<meta name=\"twitter:data1\" content=\"1 minute\" \/>\n<script type=\"application\/ld+json\" class=\"yoast-schema-graph\">{\"@context\":\"https:\\\/\\\/schema.org\",\"@graph\":[{\"@type\":\"WebPage\",\"@id\":\"https:\\\/\\\/abc-latina.com\\\/colombie\\\/hotels\\\/\",\"url\":\"https:\\\/\\\/abc-latina.com\\\/colombie\\\/hotels\\\/\",\"name\":\"HOTELS en COLOMBIE - Abc-latina\",\"isPartOf\":{\"@id\":\"https:\\\/\\\/abc-latina.com\\\/#website\"},\"primaryImageOfPage\":{\"@id\":\"https:\\\/\\\/abc-latina.com\\\/colombie\\\/hotels\\\/#primaryimage\"},\"image\":{\"@id\":\"https:\\\/\\\/abc-latina.com\\\/colombie\\\/hotels\\\/#primaryimage\"},\"thumbnailUrl\":\"http:\\\/\\\/www.abc-latina.com\\\/images\\\/2018\\\/026-reservation-chambre-d-hotel.jpg\",\"datePublished\":\"2010-06-15T01:43:10+00:00\",\"dateModified\":\"2026-04-30T16:24:59+00:00\",\"description\":\"Reservation de chambre d'hotels en Colombie. Hotels toutes cat\u00e9gories. R\u00e9servation en ligne. Hebergement en Colombie.\",\"breadcrumb\":{\"@id\":\"https:\\\/\\\/abc-latina.com\\\/colombie\\\/hotels\\\/#breadcrumb\"},\"inLanguage\":\"fr-FR\",\"potentialAction\":[{\"@type\":\"ReadAction\",\"target\":[\"https:\\\/\\\/abc-latina.com\\\/colombie\\\/hotels\\\/\"]}]},{\"@type\":\"ImageObject\",\"inLanguage\":\"fr-FR\",\"@id\":\"https:\\\/\\\/abc-latina.com\\\/colombie\\\/hotels\\\/#primaryimage\",\"url\":\"http:\\\/\\\/www.abc-latina.com\\\/images\\\/2018\\\/026-reservation-chambre-d-hotel.jpg\",\"contentUrl\":\"http:\\\/\\\/www.abc-latina.com\\\/images\\\/2018\\\/026-reservation-chambre-d-hotel.jpg\"},{\"@type\":\"BreadcrumbList\",\"@id\":\"https:\\\/\\\/abc-latina.com\\\/colombie\\\/hotels\\\/#breadcrumb\",\"itemListElement\":[{\"@type\":\"ListItem\",\"position\":1,\"name\":\"Accueil\",\"item\":\"https:\\\/\\\/abc-latina.com\\\/\"},{\"@type\":\"ListItem\",\"position\":2,\"name\":\"HOTELS en COLOMBIE\"}]},{\"@type\":\"WebSite\",\"@id\":\"https:\\\/\\\/abc-latina.com\\\/#website\",\"url\":\"https:\\\/\\\/abc-latina.com\\\/\",\"name\":\"Abc-latina\",\"description\":\"\",\"publisher\":{\"@id\":\"https:\\\/\\\/abc-latina.com\\\/#organization\"},\"potentialAction\":[{\"@type\":\"SearchAction\",\"target\":{\"@type\":\"EntryPoint\",\"urlTemplate\":\"https:\\\/\\\/abc-latina.com\\\/?s={search_term_string}\"},\"query-input\":{\"@type\":\"PropertyValueSpecification\",\"valueRequired\":true,\"valueName\":\"search_term_string\"}}],\"inLanguage\":\"fr-FR\"},{\"@type\":\"Organization\",\"@id\":\"https:\\\/\\\/abc-latina.com\\\/#organization\",\"name\":\"Abc-latina\",\"url\":\"https:\\\/\\\/abc-latina.com\\\/\",\"logo\":{\"@type\":\"ImageObject\",\"inLanguage\":\"fr-FR\",\"@id\":\"https:\\\/\\\/abc-latina.com\\\/#\\\/schema\\\/logo\\\/image\\\/\",\"url\":\"https:\\\/\\\/abc-latina.com\\\/wp-content\\\/uploads\\\/2026\\\/05\\\/cropped-logo.gif\",\"contentUrl\":\"https:\\\/\\\/abc-latina.com\\\/wp-content\\\/uploads\\\/2026\\\/05\\\/cropped-logo.gif\",\"width\":89,\"height\":84,\"caption\":\"Abc-latina\"},\"image\":{\"@id\":\"https:\\\/\\\/abc-latina.com\\\/#\\\/schema\\\/logo\\\/image\\\/\"}}]}<\/script>\n<!-- \/ Yoast SEO plugin. -->","yoast_head_json":{"title":"HOTELS en COLOMBIE - Abc-latina","description":"Reservation de chambre d'hotels en Colombie. Hotels toutes cat\u00e9gories. R\u00e9servation en ligne.  Hebergement en Colombie.","robots":{"index":"index","follow":"follow","max-snippet":"max-snippet:-1","max-image-preview":"max-image-preview:large","max-video-preview":"max-video-preview:-1"},"canonical":"https:\/\/abc-latina.com\/colombie\/hotels\/","og_locale":"fr_FR","og_type":"article","og_title":"HOTELS en COLOMBIE - Abc-latina","og_description":"Reservation de chambre d'hotels en Colombie. Hotels toutes cat\u00e9gories. R\u00e9servation en ligne.  Hebergement en Colombie.","og_url":"https:\/\/abc-latina.com\/colombie\/hotels\/","og_site_name":"Abc-latina","article_modified_time":"2026-04-30T16:24:59+00:00","og_image":[{"url":"http:\/\/www.abc-latina.com\/images\/2018\/026-reservation-chambre-d-hotel.jpg","type":"","width":"","height":""}],"twitter_card":"summary_large_image","twitter_misc":{"Dur\u00e9e de lecture estim\u00e9e":"1 minute"},"schema":{"@context":"https:\/\/schema.org","@graph":[{"@type":"WebPage","@id":"https:\/\/abc-latina.com\/colombie\/hotels\/","url":"https:\/\/abc-latina.com\/colombie\/hotels\/","name":"HOTELS en COLOMBIE - Abc-latina","isPartOf":{"@id":"https:\/\/abc-latina.com\/#website"},"primaryImageOfPage":{"@id":"https:\/\/abc-latina.com\/colombie\/hotels\/#primaryimage"},"image":{"@id":"https:\/\/abc-latina.com\/colombie\/hotels\/#primaryimage"},"thumbnailUrl":"http:\/\/www.abc-latina.com\/images\/2018\/026-reservation-chambre-d-hotel.jpg","datePublished":"2010-06-15T01:43:10+00:00","dateModified":"2026-04-30T16:24:59+00:00","description":"Reservation de chambre d'hotels en Colombie. Hotels toutes cat\u00e9gories. R\u00e9servation en ligne. Hebergement en Colombie.","breadcrumb":{"@id":"https:\/\/abc-latina.com\/colombie\/hotels\/#breadcrumb"},"inLanguage":"fr-FR","potentialAction":[{"@type":"ReadAction","target":["https:\/\/abc-latina.com\/colombie\/hotels\/"]}]},{"@type":"ImageObject","inLanguage":"fr-FR","@id":"https:\/\/abc-latina.com\/colombie\/hotels\/#primaryimage","url":"http:\/\/www.abc-latina.com\/images\/2018\/026-reservation-chambre-d-hotel.jpg","contentUrl":"http:\/\/www.abc-latina.com\/images\/2018\/026-reservation-chambre-d-hotel.jpg"},{"@type":"BreadcrumbList","@id":"https:\/\/abc-latina.com\/colombie\/hotels\/#breadcrumb","itemListElement":[{"@type":"ListItem","position":1,"name":"Accueil","item":"https:\/\/abc-latina.com\/"},{"@type":"ListItem","position":2,"name":"HOTELS en COLOMBIE"}]},{"@type":"WebSite","@id":"https:\/\/abc-latina.com\/#website","url":"https:\/\/abc-latina.com\/","name":"Abc-latina","description":"","publisher":{"@id":"https:\/\/abc-latina.com\/#organization"},"potentialAction":[{"@type":"SearchAction","target":{"@type":"EntryPoint","urlTemplate":"https:\/\/abc-latina.com\/?s={search_term_string}"},"query-input":{"@type":"PropertyValueSpecification","valueRequired":true,"valueName":"search_term_string"}}],"inLanguage":"fr-FR"},{"@type":"Organization","@id":"https:\/\/abc-latina.com\/#organization","name":"Abc-latina","url":"https:\/\/abc-latina.com\/","logo":{"@type":"ImageObject","inLanguage":"fr-FR","@id":"https:\/\/abc-latina.com\/#\/schema\/logo\/image\/","url":"https:\/\/abc-latina.com\/wp-content\/uploads\/2026\/05\/cropped-logo.gif","contentUrl":"https:\/\/abc-latina.com\/wp-content\/uploads\/2026\/05\/cropped-logo.gif","width":89,"height":84,"caption":"Abc-latina"},"image":{"@id":"https:\/\/abc-latina.com\/#\/schema\/logo\/image\/"}}]}},"_links":{"self":[{"href":"https:\/\/abc-latina.com\/wp-json\/wp\/v2\/pages\/1284","targetHints":{"allow":["GET"]}}],"collection":[{"href":"https:\/\/abc-latina.com\/wp-json\/wp\/v2\/pages"}],"about":[{"href":"https:\/\/abc-latina.com\/wp-json\/wp\/v2\/types\/page"}],"author":[{"embeddable":true,"href":"https:\/\/abc-latina.com\/wp-json\/wp\/v2\/users\/3"}],"replies":[{"embeddable":true,"href":"https:\/\/abc-latina.com\/wp-json\/wp\/v2\/comments?post=1284"}],"version-history":[{"count":1,"href":"https:\/\/abc-latina.com\/wp-json\/wp\/v2\/pages\/1284\/revisions"}],"predecessor-version":[{"id":3345,"href":"https:\/\/abc-latina.com\/wp-json\/wp\/v2\/pages\/1284\/revisions\/3345"}],"up":[{"embeddable":true,"href":"https:\/\/abc-latina.com\/wp-json\/wp\/v2\/pages\/2299"}],"wp:attachment":[{"href":"https:\/\/abc-latina.com\/wp-json\/wp\/v2\/media?parent=1284"}],"curies":[{"name":"wp","href":"https:\/\/api.w.org\/{rel}","templated":true}]}}