{"id":1288,"date":"2010-06-15T05:31:48","date_gmt":"2010-06-15T03:31:48","guid":{"rendered":"http:\/\/abc-latina.com\/assos-htm-4\/"},"modified":"2026-04-30T18:24:58","modified_gmt":"2026-04-30T16:24:58","slug":"assos","status":"publish","type":"page","link":"https:\/\/abc-latina.com\/?page_id=1288","title":{"rendered":"Les ASSOCIATIONS"},"content":{"rendered":"<div>culturelles\/humanitaires colombiennes et francophones&nbsp;<\/div>\n<div>&nbsp;<\/div>\n<div><strong>SOS Colombie<\/strong><\/div>\n<div>une association fran\u00e7aise dont l&rsquo;objectif est le respect des Droits de l&rsquo;Homme en Colombie&nbsp;<\/div>\n<div>&nbsp;<\/div>\n<div><strong>La colonia colombiana&nbsp;<\/strong><\/div>\n<div>Information, formation, aide juridique, organisation d&rsquo; activit\u00e9s sportives et culturelles afin de renforcer la solidarit\u00e9 et l&rsquo; unit\u00e9 de tous les Colombiens en France.<\/div>\n<div>2, square de la ville &#8211; 94000 &#8211; Cr\u00e9teil<\/div>\n<div>T\u00e9l. : 01 49 56 13 91&nbsp;<\/div>\n<div><a target=\"_blank\" href=\"http:\/\/www.assocol.com\/\">Site Internet&nbsp;<\/a><\/div>\n<div>&nbsp;<\/div>\n<div><strong>Alcan<\/strong><\/div>\n<div>Association humanitaire&nbsp;<\/div>\n<div><a target=\"_blank\" href=\"http:\/\/www.colombie.org\/\">Site Internet<\/a><\/div>\n<div>&nbsp;<\/div>\n<div><strong>Colcrea<\/strong><\/div>\n<div>Association d&rsquo;\u00c9tudiants et Cr\u00e9ateurs Colombiens en France &#8211;&nbsp;<\/div>\n<div><a target=\"_blank\" href=\"http:\/\/www.colcrea.com\/\">Site internet<\/a><\/div>\n<div>&nbsp;<\/div>\n<div><strong>Colnodo&nbsp;<\/strong><\/div>\n<div>\n<div>Autonomiser et appuyer des organisations, des movements sociaux et des personnes par l&rsquo;utilisation des technologies de l&rsquo;information et de la communication<\/div>\n<div><a target=\"_blank\" href=\"http:\/\/www.apc.org\/fr\/home\">Site Internet<\/a><\/div>\n<\/div>\n<div>&nbsp;<\/div>\n<div><strong>Adoption en Colombie&nbsp;<\/strong><\/div>\n<div><a target=\"_blank\" href=\"http:\/\/adoptioncolombia.free.fr\/\">Site Internet&nbsp;<\/a><\/div>\n<div>&nbsp;<\/div>\n<div><strong>Moi pour toit&nbsp;<\/strong><\/div>\n<div>Organisation non gouvernementale suisso-colombienne en faveur des enfants abandonn\u00e9s et maltrait\u00e9s de Pereira, Colombie.&nbsp;<\/div>\n<div><a target=\"_blank\" href=\"http:\/\/www.moipourtoit.ch\/fr\/home.htm\">Site Internet&nbsp;<\/a><\/div>\n","protected":false},"excerpt":{"rendered":"<p>culturelles\/humanitaires colombiennes et francophones&nbsp; &nbsp; SOS Colombie une association fran\u00e7aise dont l&rsquo;objectif est le respect des Droits de l&rsquo;Homme en [&hellip;]<\/p>\n","protected":false},"author":3,"featured_media":0,"parent":2299,"menu_order":0,"comment_status":"closed","ping_status":"closed","template":"","meta":{"site-sidebar-layout":"default","site-content-layout":"","ast-site-content-layout":"default","site-content-style":"default","site-sidebar-style":"default","ast-global-header-display":"","ast-banner-title-visibility":"","ast-main-header-display":"","ast-hfb-above-header-display":"","ast-hfb-below-header-display":"","ast-hfb-mobile-header-display":"","site-post-title":"","ast-breadcrumbs-content":"","ast-featured-img":"","footer-sml-layout":"","ast-disable-related-posts":"","theme-transparent-header-meta":"","adv-header-id-meta":"","stick-header-meta":"","header-above-stick-meta":"","header-main-stick-meta":"","header-below-stick-meta":"","astra-migrate-meta-layouts":"default","ast-page-background-enabled":"default","ast-page-background-meta":{"desktop":{"background-color":"var(--ast-global-color-5)","background-image":"","background-repeat":"repeat","background-position":"center center","background-size":"auto","background-attachment":"scroll","background-type":"","background-media":"","overlay-type":"","overlay-color":"","overlay-opacity":"","overlay-gradient":""},"tablet":{"background-color":"","background-image":"","background-repeat":"repeat","background-position":"center center","background-size":"auto","background-attachment":"scroll","background-type":"","background-media":"","overlay-type":"","overlay-color":"","overlay-opacity":"","overlay-gradient":""},"mobile":{"background-color":"","background-image":"","background-repeat":"repeat","background-position":"center center","background-size":"auto","background-attachment":"scroll","background-type":"","background-media":"","overlay-type":"","overlay-color":"","overlay-opacity":"","overlay-gradient":""}},"ast-content-background-meta":{"desktop":{"background-color":"var(--ast-global-color-4)","background-image":"","background-repeat":"repeat","background-position":"center center","background-size":"auto","background-attachment":"scroll","background-type":"","background-media":"","overlay-type":"","overlay-color":"","overlay-opacity":"","overlay-gradient":""},"tablet":{"background-color":"var(--ast-global-color-4)","background-image":"","background-repeat":"repeat","background-position":"center center","background-size":"auto","background-attachment":"scroll","background-type":"","background-media":"","overlay-type":"","overlay-color":"","overlay-opacity":"","overlay-gradient":""},"mobile":{"background-color":"var(--ast-global-color-4)","background-image":"","background-repeat":"repeat","background-position":"center center","background-size":"auto","background-attachment":"scroll","background-type":"","background-media":"","overlay-type":"","overlay-color":"","overlay-opacity":"","overlay-gradient":""}},"footnotes":""},"class_list":["post-1288","page","type-page","status-publish","hentry"],"yoast_head":"<!-- This site is optimized with the Yoast SEO plugin v27.5 - https:\/\/yoast.com\/product\/yoast-seo-wordpress\/ -->\n<title>Les ASSOCIATIONS - Abc-latina<\/title>\n<meta name=\"description\" content=\"Les associations en faveur de la Colombie.\" \/>\n<meta name=\"robots\" content=\"noindex, follow\" \/>\n<meta property=\"og:locale\" content=\"fr_FR\" \/>\n<meta property=\"og:type\" content=\"article\" \/>\n<meta property=\"og:title\" content=\"Les ASSOCIATIONS - Abc-latina\" \/>\n<meta property=\"og:description\" content=\"Les associations en faveur de la Colombie.\" \/>\n<meta property=\"og:url\" content=\"https:\/\/abc-latina.com\/?page_id=1288\" \/>\n<meta property=\"og:site_name\" content=\"Abc-latina\" \/>\n<meta property=\"article:modified_time\" content=\"2026-04-30T16:24:58+00:00\" \/>\n<meta name=\"twitter:card\" content=\"summary_large_image\" \/>\n<meta name=\"twitter:label1\" content=\"Dur\u00e9e de lecture estim\u00e9e\" \/>\n\t<meta name=\"twitter:data1\" content=\"1 minute\" \/>\n<script type=\"application\/ld+json\" class=\"yoast-schema-graph\">{\"@context\":\"https:\\\/\\\/schema.org\",\"@graph\":[{\"@type\":\"WebPage\",\"@id\":\"https:\\\/\\\/abc-latina.com\\\/?page_id=1288\",\"url\":\"https:\\\/\\\/abc-latina.com\\\/?page_id=1288\",\"name\":\"Les ASSOCIATIONS - Abc-latina\",\"isPartOf\":{\"@id\":\"https:\\\/\\\/abc-latina.com\\\/#website\"},\"datePublished\":\"2010-06-15T03:31:48+00:00\",\"dateModified\":\"2026-04-30T16:24:58+00:00\",\"description\":\"Les associations en faveur de la Colombie.\",\"breadcrumb\":{\"@id\":\"https:\\\/\\\/abc-latina.com\\\/?page_id=1288#breadcrumb\"},\"inLanguage\":\"fr-FR\",\"potentialAction\":[{\"@type\":\"ReadAction\",\"target\":[\"https:\\\/\\\/abc-latina.com\\\/?page_id=1288\"]}]},{\"@type\":\"BreadcrumbList\",\"@id\":\"https:\\\/\\\/abc-latina.com\\\/?page_id=1288#breadcrumb\",\"itemListElement\":[{\"@type\":\"ListItem\",\"position\":1,\"name\":\"Accueil\",\"item\":\"https:\\\/\\\/abc-latina.com\\\/\"},{\"@type\":\"ListItem\",\"position\":2,\"name\":\"Les ASSOCIATIONS\"}]},{\"@type\":\"WebSite\",\"@id\":\"https:\\\/\\\/abc-latina.com\\\/#website\",\"url\":\"https:\\\/\\\/abc-latina.com\\\/\",\"name\":\"Abc-latina\",\"description\":\"\",\"publisher\":{\"@id\":\"https:\\\/\\\/abc-latina.com\\\/#organization\"},\"potentialAction\":[{\"@type\":\"SearchAction\",\"target\":{\"@type\":\"EntryPoint\",\"urlTemplate\":\"https:\\\/\\\/abc-latina.com\\\/?s={search_term_string}\"},\"query-input\":{\"@type\":\"PropertyValueSpecification\",\"valueRequired\":true,\"valueName\":\"search_term_string\"}}],\"inLanguage\":\"fr-FR\"},{\"@type\":\"Organization\",\"@id\":\"https:\\\/\\\/abc-latina.com\\\/#organization\",\"name\":\"Abc-latina\",\"url\":\"https:\\\/\\\/abc-latina.com\\\/\",\"logo\":{\"@type\":\"ImageObject\",\"inLanguage\":\"fr-FR\",\"@id\":\"https:\\\/\\\/abc-latina.com\\\/#\\\/schema\\\/logo\\\/image\\\/\",\"url\":\"https:\\\/\\\/abc-latina.com\\\/wp-content\\\/uploads\\\/2026\\\/05\\\/cropped-logo.gif\",\"contentUrl\":\"https:\\\/\\\/abc-latina.com\\\/wp-content\\\/uploads\\\/2026\\\/05\\\/cropped-logo.gif\",\"width\":89,\"height\":84,\"caption\":\"Abc-latina\"},\"image\":{\"@id\":\"https:\\\/\\\/abc-latina.com\\\/#\\\/schema\\\/logo\\\/image\\\/\"}}]}<\/script>\n<!-- \/ Yoast SEO plugin. -->","yoast_head_json":{"title":"Les ASSOCIATIONS - Abc-latina","description":"Les associations en faveur de la Colombie.","robots":{"index":"noindex","follow":"follow"},"og_locale":"fr_FR","og_type":"article","og_title":"Les ASSOCIATIONS - Abc-latina","og_description":"Les associations en faveur de la Colombie.","og_url":"https:\/\/abc-latina.com\/?page_id=1288","og_site_name":"Abc-latina","article_modified_time":"2026-04-30T16:24:58+00:00","twitter_card":"summary_large_image","twitter_misc":{"Dur\u00e9e de lecture estim\u00e9e":"1 minute"},"schema":{"@context":"https:\/\/schema.org","@graph":[{"@type":"WebPage","@id":"https:\/\/abc-latina.com\/?page_id=1288","url":"https:\/\/abc-latina.com\/?page_id=1288","name":"Les ASSOCIATIONS - Abc-latina","isPartOf":{"@id":"https:\/\/abc-latina.com\/#website"},"datePublished":"2010-06-15T03:31:48+00:00","dateModified":"2026-04-30T16:24:58+00:00","description":"Les associations en faveur de la Colombie.","breadcrumb":{"@id":"https:\/\/abc-latina.com\/?page_id=1288#breadcrumb"},"inLanguage":"fr-FR","potentialAction":[{"@type":"ReadAction","target":["https:\/\/abc-latina.com\/?page_id=1288"]}]},{"@type":"BreadcrumbList","@id":"https:\/\/abc-latina.com\/?page_id=1288#breadcrumb","itemListElement":[{"@type":"ListItem","position":1,"name":"Accueil","item":"https:\/\/abc-latina.com\/"},{"@type":"ListItem","position":2,"name":"Les ASSOCIATIONS"}]},{"@type":"WebSite","@id":"https:\/\/abc-latina.com\/#website","url":"https:\/\/abc-latina.com\/","name":"Abc-latina","description":"","publisher":{"@id":"https:\/\/abc-latina.com\/#organization"},"potentialAction":[{"@type":"SearchAction","target":{"@type":"EntryPoint","urlTemplate":"https:\/\/abc-latina.com\/?s={search_term_string}"},"query-input":{"@type":"PropertyValueSpecification","valueRequired":true,"valueName":"search_term_string"}}],"inLanguage":"fr-FR"},{"@type":"Organization","@id":"https:\/\/abc-latina.com\/#organization","name":"Abc-latina","url":"https:\/\/abc-latina.com\/","logo":{"@type":"ImageObject","inLanguage":"fr-FR","@id":"https:\/\/abc-latina.com\/#\/schema\/logo\/image\/","url":"https:\/\/abc-latina.com\/wp-content\/uploads\/2026\/05\/cropped-logo.gif","contentUrl":"https:\/\/abc-latina.com\/wp-content\/uploads\/2026\/05\/cropped-logo.gif","width":89,"height":84,"caption":"Abc-latina"},"image":{"@id":"https:\/\/abc-latina.com\/#\/schema\/logo\/image\/"}}]}},"_links":{"self":[{"href":"https:\/\/abc-latina.com\/index.php?rest_route=\/wp\/v2\/pages\/1288","targetHints":{"allow":["GET"]}}],"collection":[{"href":"https:\/\/abc-latina.com\/index.php?rest_route=\/wp\/v2\/pages"}],"about":[{"href":"https:\/\/abc-latina.com\/index.php?rest_route=\/wp\/v2\/types\/page"}],"author":[{"embeddable":true,"href":"https:\/\/abc-latina.com\/index.php?rest_route=\/wp\/v2\/users\/3"}],"replies":[{"embeddable":true,"href":"https:\/\/abc-latina.com\/index.php?rest_route=%2Fwp%2Fv2%2Fcomments&post=1288"}],"version-history":[{"count":1,"href":"https:\/\/abc-latina.com\/index.php?rest_route=\/wp\/v2\/pages\/1288\/revisions"}],"predecessor-version":[{"id":3329,"href":"https:\/\/abc-latina.com\/index.php?rest_route=\/wp\/v2\/pages\/1288\/revisions\/3329"}],"up":[{"embeddable":true,"href":"https:\/\/abc-latina.com\/index.php?rest_route=\/wp\/v2\/pages\/2299"}],"wp:attachment":[{"href":"https:\/\/abc-latina.com\/index.php?rest_route=%2Fwp%2Fv2%2Fmedia&parent=1288"}],"curies":[{"name":"wp","href":"https:\/\/api.w.org\/{rel}","templated":true}]}}