{"id":1291,"date":"2010-06-15T05:42:19","date_gmt":"2010-06-15T03:42:19","guid":{"rendered":"http:\/\/abc-latina.com\/cuisine-htm-4\/"},"modified":"2026-04-30T18:24:58","modified_gmt":"2026-04-30T16:24:58","slug":"cuisine","status":"publish","type":"page","link":"https:\/\/abc-latina.com\/colombie\/cuisine\/","title":{"rendered":"La CUISINE COLOMBIENNE"},"content":{"rendered":"<div><img loading=\"lazy\" decoding=\"async\" class=\" alignright size-full wp-image-66\" src=\"http:\/\/abc-latina.com\/wp-content\/uploads\/2010\/06\/cuisine.jpg\" title=\"La CUISINE COLOMBIENNE\" alt=\"La CUISINE COLOMBIENNE\" width=\"220\" vspace=\"9\" hspace=\"15\" height=\"220\" align=\"right\" srcset=\"https:\/\/abc-latina.com\/wp-content\/uploads\/2010\/06\/cuisine.jpg 220w, https:\/\/abc-latina.com\/wp-content\/uploads\/2010\/06\/cuisine-150x150.jpg 150w\" sizes=\"auto, (max-width: 220px) 100vw, 220px\" \/>Les plats locaux sont vari\u00e9s et savoureux avec une touche d&rsquo;influence espagnole.&nbsp;<\/div>\n<div>Il y a l&rsquo;ajiaco (soupe de poulet avec trois vari\u00e9t\u00e9s de pommes de terre du ma\u00efs et des c\u00e2pres) qui est une sp\u00e9cialit\u00e9 de Bogota.<\/div>\n<div>Arepas (galettes de farine de ma\u00efs qui est utilis\u00e9e comme du pain).<\/div>\n<div>Bandeja paisa (plat de viande accompagn\u00e9 de manioc, de riz, de bananes frites et de haricots rouges).<\/div>\n<div>et les tamales (tranches de porc avec du riz et des l\u00e9gumes, m\u00e9lang\u00e9s \u00e0 de la farine de ma\u00efs et enroul\u00e9s dans des feuilles de banane).<\/div>\n<div>Les fruits de mer abondent sur la c\u00f4te des Cara\u00efbes, surtout les langoustes qui sont de tr\u00e8s bonne qualit\u00e9.<\/div>\n<div>&nbsp;<\/div>\n<div><span class=\"geo-info\">Les boissons:&nbsp;<\/span><\/div>\n<div>Les colombiens boivent rarement de l&rsquo;alcool en mangeant. Les boissons non alcoolis\u00e9es sont appel\u00e9es Gaseoas. Si l&rsquo;on veut d\u00e9guster un petit caf\u00e9 noir, il faut commander un tinto, le m\u00eame nom est utilis\u00e9 pour le vin.&nbsp;<\/div>\n<div>Les vins colombiens ne sont pas de tr\u00e8s bonne qualit\u00e9, mais dans les restaurants on sert des vins chiliens et argentins \u00e0 des prix raisonnables. La Colombie produit diff\u00e9rents types de rhum. Le Ca\u00f1alazo est un cocktail \u00e0 base de rhum et peut \u00eatre consomm\u00e9 froid ou chaud.&nbsp;<\/div>\n<div>&nbsp;<\/div>\n<div><a href=\"http:\/\/www.restos-latinos.com\/colombie\/\" target=\"_blank\">Les restaurants colombiens en France<\/a> &nbsp; et &nbsp; <a href=\"http:\/\/www.restos-latinos.com\/colombie\/canada\" target=\"_blank\">au Canada<\/a><\/div>\n","protected":false},"excerpt":{"rendered":"<p>Les plats locaux sont vari\u00e9s et savoureux avec une touche d&rsquo;influence espagnole.&nbsp; Il y a l&rsquo;ajiaco (soupe de poulet avec [&hellip;]<\/p>\n","protected":false},"author":3,"featured_media":66,"parent":2299,"menu_order":0,"comment_status":"closed","ping_status":"closed","template":"","meta":{"site-sidebar-layout":"default","site-content-layout":"","ast-site-content-layout":"default","site-content-style":"default","site-sidebar-style":"default","ast-global-header-display":"","ast-banner-title-visibility":"","ast-main-header-display":"","ast-hfb-above-header-display":"","ast-hfb-below-header-display":"","ast-hfb-mobile-header-display":"","site-post-title":"","ast-breadcrumbs-content":"","ast-featured-img":"","footer-sml-layout":"","ast-disable-related-posts":"","theme-transparent-header-meta":"","adv-header-id-meta":"","stick-header-meta":"","header-above-stick-meta":"","header-main-stick-meta":"","header-below-stick-meta":"","astra-migrate-meta-layouts":"default","ast-page-background-enabled":"default","ast-page-background-meta":{"desktop":{"background-color":"var(--ast-global-color-5)","background-image":"","background-repeat":"repeat","background-position":"center center","background-size":"auto","background-attachment":"scroll","background-type":"","background-media":"","overlay-type":"","overlay-color":"","overlay-opacity":"","overlay-gradient":""},"tablet":{"background-color":"","background-image":"","background-repeat":"repeat","background-position":"center center","background-size":"auto","background-attachment":"scroll","background-type":"","background-media":"","overlay-type":"","overlay-color":"","overlay-opacity":"","overlay-gradient":""},"mobile":{"background-color":"","background-image":"","background-repeat":"repeat","background-position":"center center","background-size":"auto","background-attachment":"scroll","background-type":"","background-media":"","overlay-type":"","overlay-color":"","overlay-opacity":"","overlay-gradient":""}},"ast-content-background-meta":{"desktop":{"background-color":"var(--ast-global-color-4)","background-image":"","background-repeat":"repeat","background-position":"center center","background-size":"auto","background-attachment":"scroll","background-type":"","background-media":"","overlay-type":"","overlay-color":"","overlay-opacity":"","overlay-gradient":""},"tablet":{"background-color":"var(--ast-global-color-4)","background-image":"","background-repeat":"repeat","background-position":"center center","background-size":"auto","background-attachment":"scroll","background-type":"","background-media":"","overlay-type":"","overlay-color":"","overlay-opacity":"","overlay-gradient":""},"mobile":{"background-color":"var(--ast-global-color-4)","background-image":"","background-repeat":"repeat","background-position":"center center","background-size":"auto","background-attachment":"scroll","background-type":"","background-media":"","overlay-type":"","overlay-color":"","overlay-opacity":"","overlay-gradient":""}},"footnotes":""},"class_list":["post-1291","page","type-page","status-publish","has-post-thumbnail","hentry"],"yoast_head":"<!-- This site is optimized with the Yoast SEO plugin v27.5 - https:\/\/yoast.com\/product\/yoast-seo-wordpress\/ -->\n<title>La CUISINE COLOMBIENNE - Abc-latina<\/title>\n<meta name=\"description\" content=\"La cuisine colombienne est vari\u00e9e et savoureuse avec une touche d&#039;influence espagnole.\" \/>\n<meta name=\"robots\" content=\"index, follow, max-snippet:-1, max-image-preview:large, max-video-preview:-1\" \/>\n<link rel=\"canonical\" href=\"https:\/\/abc-latina.com\/colombie\/cuisine\/\" \/>\n<meta property=\"og:locale\" content=\"fr_FR\" \/>\n<meta property=\"og:type\" content=\"article\" \/>\n<meta property=\"og:title\" content=\"La CUISINE COLOMBIENNE - Abc-latina\" \/>\n<meta property=\"og:description\" content=\"La cuisine colombienne est vari\u00e9e et savoureuse avec une touche d&#039;influence espagnole.\" \/>\n<meta property=\"og:url\" content=\"https:\/\/abc-latina.com\/colombie\/cuisine\/\" \/>\n<meta property=\"og:site_name\" content=\"Abc-latina\" \/>\n<meta property=\"article:modified_time\" content=\"2026-04-30T16:24:58+00:00\" \/>\n<meta property=\"og:image\" content=\"https:\/\/abc-latina.com\/wp-content\/uploads\/2010\/06\/cuisine.jpg\" \/>\n\t<meta property=\"og:image:width\" content=\"220\" \/>\n\t<meta property=\"og:image:height\" content=\"220\" \/>\n\t<meta property=\"og:image:type\" content=\"image\/jpeg\" \/>\n<meta name=\"twitter:card\" content=\"summary_large_image\" \/>\n<meta name=\"twitter:label1\" content=\"Dur\u00e9e de lecture estim\u00e9e\" \/>\n\t<meta name=\"twitter:data1\" content=\"1 minute\" \/>\n<script type=\"application\/ld+json\" class=\"yoast-schema-graph\">{\"@context\":\"https:\\\/\\\/schema.org\",\"@graph\":[{\"@type\":\"WebPage\",\"@id\":\"https:\\\/\\\/abc-latina.com\\\/colombie\\\/cuisine\\\/\",\"url\":\"https:\\\/\\\/abc-latina.com\\\/colombie\\\/cuisine\\\/\",\"name\":\"La CUISINE COLOMBIENNE - Abc-latina\",\"isPartOf\":{\"@id\":\"https:\\\/\\\/abc-latina.com\\\/#website\"},\"primaryImageOfPage\":{\"@id\":\"https:\\\/\\\/abc-latina.com\\\/colombie\\\/cuisine\\\/#primaryimage\"},\"image\":{\"@id\":\"https:\\\/\\\/abc-latina.com\\\/colombie\\\/cuisine\\\/#primaryimage\"},\"thumbnailUrl\":\"https:\\\/\\\/abc-latina.com\\\/wp-content\\\/uploads\\\/2010\\\/06\\\/cuisine.jpg\",\"datePublished\":\"2010-06-15T03:42:19+00:00\",\"dateModified\":\"2026-04-30T16:24:58+00:00\",\"description\":\"La cuisine colombienne est vari\u00e9e et savoureuse avec une touche d'influence espagnole.\",\"breadcrumb\":{\"@id\":\"https:\\\/\\\/abc-latina.com\\\/colombie\\\/cuisine\\\/#breadcrumb\"},\"inLanguage\":\"fr-FR\",\"potentialAction\":[{\"@type\":\"ReadAction\",\"target\":[\"https:\\\/\\\/abc-latina.com\\\/colombie\\\/cuisine\\\/\"]}]},{\"@type\":\"ImageObject\",\"inLanguage\":\"fr-FR\",\"@id\":\"https:\\\/\\\/abc-latina.com\\\/colombie\\\/cuisine\\\/#primaryimage\",\"url\":\"https:\\\/\\\/abc-latina.com\\\/wp-content\\\/uploads\\\/2010\\\/06\\\/cuisine.jpg\",\"contentUrl\":\"https:\\\/\\\/abc-latina.com\\\/wp-content\\\/uploads\\\/2010\\\/06\\\/cuisine.jpg\",\"width\":220,\"height\":220,\"caption\":\"La CUISINE ARGENTINE\"},{\"@type\":\"BreadcrumbList\",\"@id\":\"https:\\\/\\\/abc-latina.com\\\/colombie\\\/cuisine\\\/#breadcrumb\",\"itemListElement\":[{\"@type\":\"ListItem\",\"position\":1,\"name\":\"Accueil\",\"item\":\"https:\\\/\\\/abc-latina.com\\\/\"},{\"@type\":\"ListItem\",\"position\":2,\"name\":\"La CUISINE COLOMBIENNE\"}]},{\"@type\":\"WebSite\",\"@id\":\"https:\\\/\\\/abc-latina.com\\\/#website\",\"url\":\"https:\\\/\\\/abc-latina.com\\\/\",\"name\":\"Abc-latina\",\"description\":\"\",\"publisher\":{\"@id\":\"https:\\\/\\\/abc-latina.com\\\/#organization\"},\"potentialAction\":[{\"@type\":\"SearchAction\",\"target\":{\"@type\":\"EntryPoint\",\"urlTemplate\":\"https:\\\/\\\/abc-latina.com\\\/?s={search_term_string}\"},\"query-input\":{\"@type\":\"PropertyValueSpecification\",\"valueRequired\":true,\"valueName\":\"search_term_string\"}}],\"inLanguage\":\"fr-FR\"},{\"@type\":\"Organization\",\"@id\":\"https:\\\/\\\/abc-latina.com\\\/#organization\",\"name\":\"Abc-latina\",\"url\":\"https:\\\/\\\/abc-latina.com\\\/\",\"logo\":{\"@type\":\"ImageObject\",\"inLanguage\":\"fr-FR\",\"@id\":\"https:\\\/\\\/abc-latina.com\\\/#\\\/schema\\\/logo\\\/image\\\/\",\"url\":\"https:\\\/\\\/abc-latina.com\\\/wp-content\\\/uploads\\\/2026\\\/05\\\/cropped-logo.gif\",\"contentUrl\":\"https:\\\/\\\/abc-latina.com\\\/wp-content\\\/uploads\\\/2026\\\/05\\\/cropped-logo.gif\",\"width\":89,\"height\":84,\"caption\":\"Abc-latina\"},\"image\":{\"@id\":\"https:\\\/\\\/abc-latina.com\\\/#\\\/schema\\\/logo\\\/image\\\/\"}}]}<\/script>\n<!-- \/ Yoast SEO plugin. -->","yoast_head_json":{"title":"La CUISINE COLOMBIENNE - Abc-latina","description":"La cuisine colombienne est vari\u00e9e et savoureuse avec une touche d'influence espagnole.","robots":{"index":"index","follow":"follow","max-snippet":"max-snippet:-1","max-image-preview":"max-image-preview:large","max-video-preview":"max-video-preview:-1"},"canonical":"https:\/\/abc-latina.com\/colombie\/cuisine\/","og_locale":"fr_FR","og_type":"article","og_title":"La CUISINE COLOMBIENNE - Abc-latina","og_description":"La cuisine colombienne est vari\u00e9e et savoureuse avec une touche d'influence espagnole.","og_url":"https:\/\/abc-latina.com\/colombie\/cuisine\/","og_site_name":"Abc-latina","article_modified_time":"2026-04-30T16:24:58+00:00","og_image":[{"width":220,"height":220,"url":"https:\/\/abc-latina.com\/wp-content\/uploads\/2010\/06\/cuisine.jpg","type":"image\/jpeg"}],"twitter_card":"summary_large_image","twitter_misc":{"Dur\u00e9e de lecture estim\u00e9e":"1 minute"},"schema":{"@context":"https:\/\/schema.org","@graph":[{"@type":"WebPage","@id":"https:\/\/abc-latina.com\/colombie\/cuisine\/","url":"https:\/\/abc-latina.com\/colombie\/cuisine\/","name":"La CUISINE COLOMBIENNE - Abc-latina","isPartOf":{"@id":"https:\/\/abc-latina.com\/#website"},"primaryImageOfPage":{"@id":"https:\/\/abc-latina.com\/colombie\/cuisine\/#primaryimage"},"image":{"@id":"https:\/\/abc-latina.com\/colombie\/cuisine\/#primaryimage"},"thumbnailUrl":"https:\/\/abc-latina.com\/wp-content\/uploads\/2010\/06\/cuisine.jpg","datePublished":"2010-06-15T03:42:19+00:00","dateModified":"2026-04-30T16:24:58+00:00","description":"La cuisine colombienne est vari\u00e9e et savoureuse avec une touche d'influence espagnole.","breadcrumb":{"@id":"https:\/\/abc-latina.com\/colombie\/cuisine\/#breadcrumb"},"inLanguage":"fr-FR","potentialAction":[{"@type":"ReadAction","target":["https:\/\/abc-latina.com\/colombie\/cuisine\/"]}]},{"@type":"ImageObject","inLanguage":"fr-FR","@id":"https:\/\/abc-latina.com\/colombie\/cuisine\/#primaryimage","url":"https:\/\/abc-latina.com\/wp-content\/uploads\/2010\/06\/cuisine.jpg","contentUrl":"https:\/\/abc-latina.com\/wp-content\/uploads\/2010\/06\/cuisine.jpg","width":220,"height":220,"caption":"La CUISINE ARGENTINE"},{"@type":"BreadcrumbList","@id":"https:\/\/abc-latina.com\/colombie\/cuisine\/#breadcrumb","itemListElement":[{"@type":"ListItem","position":1,"name":"Accueil","item":"https:\/\/abc-latina.com\/"},{"@type":"ListItem","position":2,"name":"La CUISINE COLOMBIENNE"}]},{"@type":"WebSite","@id":"https:\/\/abc-latina.com\/#website","url":"https:\/\/abc-latina.com\/","name":"Abc-latina","description":"","publisher":{"@id":"https:\/\/abc-latina.com\/#organization"},"potentialAction":[{"@type":"SearchAction","target":{"@type":"EntryPoint","urlTemplate":"https:\/\/abc-latina.com\/?s={search_term_string}"},"query-input":{"@type":"PropertyValueSpecification","valueRequired":true,"valueName":"search_term_string"}}],"inLanguage":"fr-FR"},{"@type":"Organization","@id":"https:\/\/abc-latina.com\/#organization","name":"Abc-latina","url":"https:\/\/abc-latina.com\/","logo":{"@type":"ImageObject","inLanguage":"fr-FR","@id":"https:\/\/abc-latina.com\/#\/schema\/logo\/image\/","url":"https:\/\/abc-latina.com\/wp-content\/uploads\/2026\/05\/cropped-logo.gif","contentUrl":"https:\/\/abc-latina.com\/wp-content\/uploads\/2026\/05\/cropped-logo.gif","width":89,"height":84,"caption":"Abc-latina"},"image":{"@id":"https:\/\/abc-latina.com\/#\/schema\/logo\/image\/"}}]}},"_links":{"self":[{"href":"https:\/\/abc-latina.com\/wp-json\/wp\/v2\/pages\/1291","targetHints":{"allow":["GET"]}}],"collection":[{"href":"https:\/\/abc-latina.com\/wp-json\/wp\/v2\/pages"}],"about":[{"href":"https:\/\/abc-latina.com\/wp-json\/wp\/v2\/types\/page"}],"author":[{"embeddable":true,"href":"https:\/\/abc-latina.com\/wp-json\/wp\/v2\/users\/3"}],"replies":[{"embeddable":true,"href":"https:\/\/abc-latina.com\/wp-json\/wp\/v2\/comments?post=1291"}],"version-history":[{"count":1,"href":"https:\/\/abc-latina.com\/wp-json\/wp\/v2\/pages\/1291\/revisions"}],"predecessor-version":[{"id":3339,"href":"https:\/\/abc-latina.com\/wp-json\/wp\/v2\/pages\/1291\/revisions\/3339"}],"up":[{"embeddable":true,"href":"https:\/\/abc-latina.com\/wp-json\/wp\/v2\/pages\/2299"}],"wp:featuredmedia":[{"embeddable":true,"href":"https:\/\/abc-latina.com\/wp-json\/wp\/v2\/media\/66"}],"wp:attachment":[{"href":"https:\/\/abc-latina.com\/wp-json\/wp\/v2\/media?parent=1291"}],"curies":[{"name":"wp","href":"https:\/\/api.w.org\/{rel}","templated":true}]}}