{"id":1298,"date":"2010-06-16T04:57:33","date_gmt":"2010-06-16T02:57:33","guid":{"rendered":"http:\/\/abc-latina.com\/tourisme-htm-7\/"},"modified":"2026-04-30T18:25:01","modified_gmt":"2026-04-30T16:25:01","slug":"tourisme","status":"publish","type":"page","link":"https:\/\/abc-latina.com\/costarica\/tourisme\/","title":{"rendered":"TOURISME &#038; VOYAGE au COSTA RICA"},"content":{"rendered":"<div><span class=\"tourisme-chapitre\"><img loading=\"lazy\" decoding=\"async\" class=\" size-full wp-image-1297\" src=\"http:\/\/abc-latina.com\/wp-content\/uploads\/2010\/06\/017-tourisme-au-costa-rica.jpg\" title=\"TOURISME AU COSTA RICA\" alt=\"TOURISME AU COSTA RICA\" width=\"480\" height=\"285\" srcset=\"https:\/\/abc-latina.com\/wp-content\/uploads\/2010\/06\/017-tourisme-au-costa-rica.jpg 700w, https:\/\/abc-latina.com\/wp-content\/uploads\/2010\/06\/017-tourisme-au-costa-rica-300x178.jpg 300w\" sizes=\"auto, (max-width: 480px) 100vw, 480px\" \/><\/span><\/div>\n<div>&nbsp;<\/div>\n<div><span class=\"tourisme-chapitre\">Le NORD du Costa Rica&nbsp;<\/span><\/div>\n<div>Alajuela est la ville natale du h\u00e9ros national Juan Santamaria. Un mus\u00e9e lui est d\u00e9di\u00e9 qui contient des souvenirs de l&rsquo;homme et des objets de la vie quotidienne au 19\u00e9me si\u00e8cle.&nbsp;<\/div>\n<div>A 35 km de la ville se trouve le Parc national Volcan Poas.<\/div>\n<div>Sarchi est le village o\u00f9 sont \u00e9labor\u00e9es les fameuses charrettes (carretas), l&rsquo;un des symboles du Costa Rica. Elles sont enti\u00e8rement d\u00e9cor\u00e9es \u00e0 la main dans des ateliers que l&rsquo;on peut visiter.<\/div>\n<div>Pr\u00e8s de la fronti\u00e8re nicaraguayenne se trouve le Parc national Cano Negro et son lac de 800 ha qui augmente ou diminue selon la saison des pluies, jusqu&rsquo;\u00e0 parfois dispara\u00eetre compl\u00e8tement.<\/div>\n<div>&nbsp;<\/div>\n<div><span class=\"tourisme-chapitre\">Le NORD-OUEST du Costa Rica<\/span><\/div>\n<div>Dans le secteur des villes de Palmares et San Ramon, la majorit\u00e9 des gens sont plut\u00f4t blonds aux yeux clairs. Les Costariciens ont l&rsquo;habitude de dire que tous les blonds du pays viennent de l\u00e0.&nbsp;<\/div>\n<div>Esparza est renomm\u00e9e pour l&rsquo;abondance de ses fruits (mangues, papayes, carambolas etc&hellip;) plusieurs restaurants ou buvettes proposent des jus de ces fruits.&nbsp;<\/div>\n<div>Liberia est appel\u00e9e la ville Blanche, parce qu&rsquo;il y a encore 20 ou 30 ans les maisons et les rues en terre battue etaient pass\u00e9es \u00e0 la chaux. La ville est situ\u00e9e dans le pays des sabaneros (la savane costaricienne).<\/div>\n<div>Durant la semaine de mardi gras s&rsquo;y d\u00e9roule de nombreuses festivit\u00e9s: corrida (sans mise \u00e0 mort), bals populaires, d\u00e9fil\u00e9s.<\/div>\n<div>A 32 km de Liberia se trouve le Parc national de Santa Rosa riche d&rsquo;une flore caract\u00e9ristique de la r\u00e9gion des savanes.<\/div>\n<div>A une trentaine de kilom\u00e8tres de Liberia les belles plages d&rsquo;El Coco, Hermosa, Panama et Ocotal au sable gris ou blanc offrent une ambiance festive autour de buvettes et restaurants.<\/div>\n<div>Santa Cruz offre tout le charme des villages d&rsquo;autrefois, avec son \u00e9glise et son parc central.<\/div>\n<div>Guaitil est r\u00e9put\u00e9 pour la fabrication de c\u00e9ramiques dans la plus ancienne tradition chorotega (culture pr\u00e9colombienne). Autour de Guaitil on trouve un grand nombre de belles plages, parmi les plus belles, on compte les plages de Avellana, Tamarindo, Grande, Junquillai, langosta, Flamingo, Conchal et Brasilito.<\/div>\n<div>A une vingtaine de kilom\u00e8tres de Nicoya, le Parc national Barra Honda comporte 19 grottes d&rsquo;une grande beaut\u00e9e.<\/div>\n<div>&nbsp;<\/div>\n<div><span class=\"tourisme-chapitre\">Le SUD-OUEST du Costa Rica<\/span><\/div>\n<div><a target=\"_blank\" href=\"tour_operateur\"><img loading=\"lazy\" decoding=\"async\" class=\" size-full wp-image-41\" src=\"http:\/\/abc-latina.com\/wp-content\/uploads\/2010\/04\/timbre_to.gif\" class=\"touroperateur\" alt=\"\" width=\"125\" height=\"90\" \/><\/a>Le pittoresque village d&rsquo;Aserri offre un tr\u00e8s beau panorama sur la Vall\u00e9e Centrale.<\/div>\n<div>Le Cerro de la Muerte (Montagne de la mort) est ainsi appel\u00e9e en raison des nombreuses victimes imprudentes de ce sommet de 3491 m.<\/div>\n<div>La ville de San Isidro de El General est le point de d\u00e9part pour l&rsquo;ascension du Cerro Chirripo (le plus haut sommet du Costa Rica avec 3819 m)<\/div>\n<div>Au sud de San Isidro existe une multitude de petits bourgs qui gardent le charme de la campagne du Costa Rica.<\/div>\n<div>Les descendants des indiens Borucas et Bruncas habitent encore les communes de T\u00e9rraba et de Boruca, ce sont d&rsquo;habiles artisans en vannerie.&nbsp;<\/div>\n<div>Dans cette r\u00e9gion, vous pourrez aussi visiter le Parc national de Corcovado, la derni\u00e8re for\u00eat humide vierge de toute l&rsquo;Am\u00e9rique centrale.<\/div>\n<div>&nbsp;<\/div>\n<div><span class=\"tourisme-chapitre\">Le CENTRE-OUEST du Costa Rica<\/span><\/div>\n<div>Puntarenas est une ville tr\u00e8s anim\u00e9e, elle poss\u00e8de de nombreux h\u00f4tels, restaurants, discoth\u00e8ques, et sur sa plage de sable fin, vous d\u00e9gusterez des rafra\u00eechissements \u00e0 base de fruits<\/div>\n<div>De Puntarenas, vous pouvez vous rendre sur l&rsquo;originale \u00eele de San Lucas. C&rsquo;est un p\u00e9nitencier o\u00f9 les prisonniers vivent en libert\u00e9, pas de barreaux ! Ils fabriquent et vendent des objets artisanaux pour les visiteurs, les dimanches.&nbsp;<\/div>\n<div>Pr\u00e8s du village de Tarcoles, chacune des plages a son style, sa physionomie, sa nature, parfois son petit village de p\u00eacheurs et surtout son coucher de soleil.&nbsp;<\/div>\n<div>La plage de Tarcoles est la premi\u00e8re \u00e9tape baln\u00e9aire sur la c\u00f4te du Pacifique central. Ensuite on trouve Punta Leona, Playa Herradura et Playa Jaco.&nbsp;<\/div>\n<div>Tarcoles est situ\u00e9 \u00e0 l&rsquo;or\u00e9e de la R\u00e9serve Biologique Carara.<\/div>\n<div>Plus loin sur la c\u00f4te, aux alentours de Parrita se trouvent les plages Palma, Palo Seco et Isla Damas &hellip;<\/div>\n<div>A environ 30km de Parrita s&rsquo;\u00e9tend le Parc national Manuel Antonio qui avec ses plages de sables blanc est certainement l&rsquo;un des parc les plus populaire du pays.<\/div>\n<div>&nbsp;<\/div>\n<div><span class=\"tourisme-chapitre\">La COTE PACIFIQUE du Costa Rica<\/span><\/div>\n<div>Le long de cette c\u00f4te longue d&rsquo;environ 1.000 km jaillissent les stations baln\u00e9aires de Playa Grande, Playa Nosara, Playa Jaco et Playa Manuel Antonio.&nbsp;<\/div>\n<div>&nbsp;<\/div>\n<h3>Les sites costariciens class\u00e9s au patrimoine de l&rsquo;UNESCO:<\/h3>\n<div>R\u00e9serves de la cordill\u00e8re de Talamanca-La Amistad \/ Parc national La Amistad &#8211; 1983 &#8211; 1990<\/div>\n<div>Parc national de l&rsquo;\u00eele Cocos &#8211; 1997 &#8211; 2002<\/div>\n<div>Zone de conservation de Guanacaste &#8211; 1999 &#8211; 2004<a target=\"_blank\" href=\"http:\/\/voyage.abc-latina.com\/voyage_costa-rica\/costa-rica.php\"><span class=\"sejour-circuit\"><br \/><\/span><\/a><\/div>\n<h3>Pr\u00e9parez votre voyage au Costa Rica:<\/h3>\n<div><a href=\"https:\/\/www.abc-latina.com\/costarica\/agence_de_voyages\">Agences de voyage g\u00e9n\u00e9ralistes et discounteurs<\/a><\/div>\n<div><a href=\"https:\/\/www.abc-latina.com\/costarica\/tour_operateur\">Tours Op\u00e9rateurs sp\u00e9cialistes du Costa Rica<\/a><\/div>\n<div><a target=\"_blank\" href=\"https:\/\/www.abc-latina.com\/to\/reservation_billet_avion\">R\u00e9servez votre billet d&rsquo;avion<\/a><\/div>\n<div><a href=\"https:\/\/www.abc-latina.com\/costarica\/hotels\">R\u00e9servez votre h\u00f4tel au Costa Rica<\/a>&nbsp;<\/div>\n<div><a target=\"_blank\" href=\"https:\/\/www.abc-latina.com\/to\/location_de_voiture_costa_rica\">Location de voiture<\/a><\/div>\n","protected":false},"excerpt":{"rendered":"<p>&nbsp; Le NORD du Costa Rica&nbsp; Alajuela est la ville natale du h\u00e9ros national Juan Santamaria. Un mus\u00e9e lui est [&hellip;]<\/p>\n","protected":false},"author":3,"featured_media":1297,"parent":2300,"menu_order":0,"comment_status":"closed","ping_status":"closed","template":"","meta":{"site-sidebar-layout":"default","site-content-layout":"","ast-site-content-layout":"default","site-content-style":"default","site-sidebar-style":"default","ast-global-header-display":"","ast-banner-title-visibility":"","ast-main-header-display":"","ast-hfb-above-header-display":"","ast-hfb-below-header-display":"","ast-hfb-mobile-header-display":"","site-post-title":"","ast-breadcrumbs-content":"","ast-featured-img":"","footer-sml-layout":"","ast-disable-related-posts":"","theme-transparent-header-meta":"","adv-header-id-meta":"","stick-header-meta":"","header-above-stick-meta":"","header-main-stick-meta":"","header-below-stick-meta":"","astra-migrate-meta-layouts":"default","ast-page-background-enabled":"default","ast-page-background-meta":{"desktop":{"background-color":"var(--ast-global-color-5)","background-image":"","background-repeat":"repeat","background-position":"center center","background-size":"auto","background-attachment":"scroll","background-type":"","background-media":"","overlay-type":"","overlay-color":"","overlay-opacity":"","overlay-gradient":""},"tablet":{"background-color":"","background-image":"","background-repeat":"repeat","background-position":"center center","background-size":"auto","background-attachment":"scroll","background-type":"","background-media":"","overlay-type":"","overlay-color":"","overlay-opacity":"","overlay-gradient":""},"mobile":{"background-color":"","background-image":"","background-repeat":"repeat","background-position":"center center","background-size":"auto","background-attachment":"scroll","background-type":"","background-media":"","overlay-type":"","overlay-color":"","overlay-opacity":"","overlay-gradient":""}},"ast-content-background-meta":{"desktop":{"background-color":"var(--ast-global-color-4)","background-image":"","background-repeat":"repeat","background-position":"center center","background-size":"auto","background-attachment":"scroll","background-type":"","background-media":"","overlay-type":"","overlay-color":"","overlay-opacity":"","overlay-gradient":""},"tablet":{"background-color":"var(--ast-global-color-4)","background-image":"","background-repeat":"repeat","background-position":"center center","background-size":"auto","background-attachment":"scroll","background-type":"","background-media":"","overlay-type":"","overlay-color":"","overlay-opacity":"","overlay-gradient":""},"mobile":{"background-color":"var(--ast-global-color-4)","background-image":"","background-repeat":"repeat","background-position":"center center","background-size":"auto","background-attachment":"scroll","background-type":"","background-media":"","overlay-type":"","overlay-color":"","overlay-opacity":"","overlay-gradient":""}},"footnotes":""},"class_list":["post-1298","page","type-page","status-publish","has-post-thumbnail","hentry"],"yoast_head":"<!-- This site is optimized with the Yoast SEO plugin v27.5 - https:\/\/yoast.com\/product\/yoast-seo-wordpress\/ -->\n<title>TOURISME &amp; VOYAGE au COSTA RICA - Abc-latina<\/title>\n<meta name=\"description\" content=\"Tourisme au Costa Rica. Voyage virtuel au Costa Rica.\" \/>\n<meta name=\"robots\" content=\"index, follow, max-snippet:-1, max-image-preview:large, max-video-preview:-1\" \/>\n<link rel=\"canonical\" href=\"https:\/\/abc-latina.com\/costarica\/tourisme\/\" \/>\n<meta property=\"og:locale\" content=\"fr_FR\" \/>\n<meta property=\"og:type\" content=\"article\" \/>\n<meta property=\"og:title\" content=\"TOURISME &amp; VOYAGE au COSTA RICA - Abc-latina\" \/>\n<meta property=\"og:description\" content=\"Tourisme au Costa Rica. Voyage virtuel au Costa Rica.\" \/>\n<meta property=\"og:url\" content=\"https:\/\/abc-latina.com\/costarica\/tourisme\/\" \/>\n<meta property=\"og:site_name\" content=\"Abc-latina\" \/>\n<meta property=\"article:modified_time\" content=\"2026-04-30T16:25:01+00:00\" \/>\n<meta property=\"og:image\" content=\"https:\/\/abc-latina.com\/wp-content\/uploads\/2010\/06\/017-tourisme-au-costa-rica.jpg\" \/>\n\t<meta property=\"og:image:width\" content=\"700\" \/>\n\t<meta property=\"og:image:height\" content=\"415\" \/>\n\t<meta property=\"og:image:type\" content=\"image\/jpeg\" \/>\n<meta name=\"twitter:card\" content=\"summary_large_image\" \/>\n<meta name=\"twitter:label1\" content=\"Dur\u00e9e de lecture estim\u00e9e\" \/>\n\t<meta name=\"twitter:data1\" content=\"4 minutes\" \/>\n<script type=\"application\/ld+json\" class=\"yoast-schema-graph\">{\"@context\":\"https:\\\/\\\/schema.org\",\"@graph\":[{\"@type\":\"WebPage\",\"@id\":\"https:\\\/\\\/abc-latina.com\\\/costarica\\\/tourisme\\\/\",\"url\":\"https:\\\/\\\/abc-latina.com\\\/costarica\\\/tourisme\\\/\",\"name\":\"TOURISME & VOYAGE au COSTA RICA - Abc-latina\",\"isPartOf\":{\"@id\":\"https:\\\/\\\/abc-latina.com\\\/#website\"},\"primaryImageOfPage\":{\"@id\":\"https:\\\/\\\/abc-latina.com\\\/costarica\\\/tourisme\\\/#primaryimage\"},\"image\":{\"@id\":\"https:\\\/\\\/abc-latina.com\\\/costarica\\\/tourisme\\\/#primaryimage\"},\"thumbnailUrl\":\"https:\\\/\\\/abc-latina.com\\\/wp-content\\\/uploads\\\/2010\\\/06\\\/017-tourisme-au-costa-rica.jpg\",\"datePublished\":\"2010-06-16T02:57:33+00:00\",\"dateModified\":\"2026-04-30T16:25:01+00:00\",\"description\":\"Tourisme au Costa Rica. Voyage virtuel au Costa Rica.\",\"breadcrumb\":{\"@id\":\"https:\\\/\\\/abc-latina.com\\\/costarica\\\/tourisme\\\/#breadcrumb\"},\"inLanguage\":\"fr-FR\",\"potentialAction\":[{\"@type\":\"ReadAction\",\"target\":[\"https:\\\/\\\/abc-latina.com\\\/costarica\\\/tourisme\\\/\"]}]},{\"@type\":\"ImageObject\",\"inLanguage\":\"fr-FR\",\"@id\":\"https:\\\/\\\/abc-latina.com\\\/costarica\\\/tourisme\\\/#primaryimage\",\"url\":\"https:\\\/\\\/abc-latina.com\\\/wp-content\\\/uploads\\\/2010\\\/06\\\/017-tourisme-au-costa-rica.jpg\",\"contentUrl\":\"https:\\\/\\\/abc-latina.com\\\/wp-content\\\/uploads\\\/2010\\\/06\\\/017-tourisme-au-costa-rica.jpg\",\"width\":700,\"height\":415,\"caption\":\"TOURISME AU COSTA RICA\"},{\"@type\":\"BreadcrumbList\",\"@id\":\"https:\\\/\\\/abc-latina.com\\\/costarica\\\/tourisme\\\/#breadcrumb\",\"itemListElement\":[{\"@type\":\"ListItem\",\"position\":1,\"name\":\"Accueil\",\"item\":\"https:\\\/\\\/abc-latina.com\\\/\"},{\"@type\":\"ListItem\",\"position\":2,\"name\":\"TOURISME &#038; VOYAGE au COSTA RICA\"}]},{\"@type\":\"WebSite\",\"@id\":\"https:\\\/\\\/abc-latina.com\\\/#website\",\"url\":\"https:\\\/\\\/abc-latina.com\\\/\",\"name\":\"Abc-latina\",\"description\":\"\",\"publisher\":{\"@id\":\"https:\\\/\\\/abc-latina.com\\\/#organization\"},\"potentialAction\":[{\"@type\":\"SearchAction\",\"target\":{\"@type\":\"EntryPoint\",\"urlTemplate\":\"https:\\\/\\\/abc-latina.com\\\/?s={search_term_string}\"},\"query-input\":{\"@type\":\"PropertyValueSpecification\",\"valueRequired\":true,\"valueName\":\"search_term_string\"}}],\"inLanguage\":\"fr-FR\"},{\"@type\":\"Organization\",\"@id\":\"https:\\\/\\\/abc-latina.com\\\/#organization\",\"name\":\"Abc-latina\",\"url\":\"https:\\\/\\\/abc-latina.com\\\/\",\"logo\":{\"@type\":\"ImageObject\",\"inLanguage\":\"fr-FR\",\"@id\":\"https:\\\/\\\/abc-latina.com\\\/#\\\/schema\\\/logo\\\/image\\\/\",\"url\":\"https:\\\/\\\/abc-latina.com\\\/wp-content\\\/uploads\\\/2026\\\/05\\\/cropped-logo.gif\",\"contentUrl\":\"https:\\\/\\\/abc-latina.com\\\/wp-content\\\/uploads\\\/2026\\\/05\\\/cropped-logo.gif\",\"width\":89,\"height\":84,\"caption\":\"Abc-latina\"},\"image\":{\"@id\":\"https:\\\/\\\/abc-latina.com\\\/#\\\/schema\\\/logo\\\/image\\\/\"}}]}<\/script>\n<!-- \/ Yoast SEO plugin. -->","yoast_head_json":{"title":"TOURISME & VOYAGE au COSTA RICA - Abc-latina","description":"Tourisme au Costa Rica. Voyage virtuel au Costa Rica.","robots":{"index":"index","follow":"follow","max-snippet":"max-snippet:-1","max-image-preview":"max-image-preview:large","max-video-preview":"max-video-preview:-1"},"canonical":"https:\/\/abc-latina.com\/costarica\/tourisme\/","og_locale":"fr_FR","og_type":"article","og_title":"TOURISME & VOYAGE au COSTA RICA - Abc-latina","og_description":"Tourisme au Costa Rica. Voyage virtuel au Costa Rica.","og_url":"https:\/\/abc-latina.com\/costarica\/tourisme\/","og_site_name":"Abc-latina","article_modified_time":"2026-04-30T16:25:01+00:00","og_image":[{"width":700,"height":415,"url":"https:\/\/abc-latina.com\/wp-content\/uploads\/2010\/06\/017-tourisme-au-costa-rica.jpg","type":"image\/jpeg"}],"twitter_card":"summary_large_image","twitter_misc":{"Dur\u00e9e de lecture estim\u00e9e":"4 minutes"},"schema":{"@context":"https:\/\/schema.org","@graph":[{"@type":"WebPage","@id":"https:\/\/abc-latina.com\/costarica\/tourisme\/","url":"https:\/\/abc-latina.com\/costarica\/tourisme\/","name":"TOURISME & VOYAGE au COSTA RICA - Abc-latina","isPartOf":{"@id":"https:\/\/abc-latina.com\/#website"},"primaryImageOfPage":{"@id":"https:\/\/abc-latina.com\/costarica\/tourisme\/#primaryimage"},"image":{"@id":"https:\/\/abc-latina.com\/costarica\/tourisme\/#primaryimage"},"thumbnailUrl":"https:\/\/abc-latina.com\/wp-content\/uploads\/2010\/06\/017-tourisme-au-costa-rica.jpg","datePublished":"2010-06-16T02:57:33+00:00","dateModified":"2026-04-30T16:25:01+00:00","description":"Tourisme au Costa Rica. Voyage virtuel au Costa Rica.","breadcrumb":{"@id":"https:\/\/abc-latina.com\/costarica\/tourisme\/#breadcrumb"},"inLanguage":"fr-FR","potentialAction":[{"@type":"ReadAction","target":["https:\/\/abc-latina.com\/costarica\/tourisme\/"]}]},{"@type":"ImageObject","inLanguage":"fr-FR","@id":"https:\/\/abc-latina.com\/costarica\/tourisme\/#primaryimage","url":"https:\/\/abc-latina.com\/wp-content\/uploads\/2010\/06\/017-tourisme-au-costa-rica.jpg","contentUrl":"https:\/\/abc-latina.com\/wp-content\/uploads\/2010\/06\/017-tourisme-au-costa-rica.jpg","width":700,"height":415,"caption":"TOURISME AU COSTA RICA"},{"@type":"BreadcrumbList","@id":"https:\/\/abc-latina.com\/costarica\/tourisme\/#breadcrumb","itemListElement":[{"@type":"ListItem","position":1,"name":"Accueil","item":"https:\/\/abc-latina.com\/"},{"@type":"ListItem","position":2,"name":"TOURISME &#038; VOYAGE au COSTA RICA"}]},{"@type":"WebSite","@id":"https:\/\/abc-latina.com\/#website","url":"https:\/\/abc-latina.com\/","name":"Abc-latina","description":"","publisher":{"@id":"https:\/\/abc-latina.com\/#organization"},"potentialAction":[{"@type":"SearchAction","target":{"@type":"EntryPoint","urlTemplate":"https:\/\/abc-latina.com\/?s={search_term_string}"},"query-input":{"@type":"PropertyValueSpecification","valueRequired":true,"valueName":"search_term_string"}}],"inLanguage":"fr-FR"},{"@type":"Organization","@id":"https:\/\/abc-latina.com\/#organization","name":"Abc-latina","url":"https:\/\/abc-latina.com\/","logo":{"@type":"ImageObject","inLanguage":"fr-FR","@id":"https:\/\/abc-latina.com\/#\/schema\/logo\/image\/","url":"https:\/\/abc-latina.com\/wp-content\/uploads\/2026\/05\/cropped-logo.gif","contentUrl":"https:\/\/abc-latina.com\/wp-content\/uploads\/2026\/05\/cropped-logo.gif","width":89,"height":84,"caption":"Abc-latina"},"image":{"@id":"https:\/\/abc-latina.com\/#\/schema\/logo\/image\/"}}]}},"_links":{"self":[{"href":"https:\/\/abc-latina.com\/wp-json\/wp\/v2\/pages\/1298","targetHints":{"allow":["GET"]}}],"collection":[{"href":"https:\/\/abc-latina.com\/wp-json\/wp\/v2\/pages"}],"about":[{"href":"https:\/\/abc-latina.com\/wp-json\/wp\/v2\/types\/page"}],"author":[{"embeddable":true,"href":"https:\/\/abc-latina.com\/wp-json\/wp\/v2\/users\/3"}],"replies":[{"embeddable":true,"href":"https:\/\/abc-latina.com\/wp-json\/wp\/v2\/comments?post=1298"}],"version-history":[{"count":1,"href":"https:\/\/abc-latina.com\/wp-json\/wp\/v2\/pages\/1298\/revisions"}],"predecessor-version":[{"id":3389,"href":"https:\/\/abc-latina.com\/wp-json\/wp\/v2\/pages\/1298\/revisions\/3389"}],"up":[{"embeddable":true,"href":"https:\/\/abc-latina.com\/wp-json\/wp\/v2\/pages\/2300"}],"wp:featuredmedia":[{"embeddable":true,"href":"https:\/\/abc-latina.com\/wp-json\/wp\/v2\/media\/1297"}],"wp:attachment":[{"href":"https:\/\/abc-latina.com\/wp-json\/wp\/v2\/media?parent=1298"}],"curies":[{"name":"wp","href":"https:\/\/api.w.org\/{rel}","templated":true}]}}