{"id":1299,"date":"2010-06-16T04:59:27","date_gmt":"2010-06-16T02:59:27","guid":{"rendered":"http:\/\/abc-latina.com\/geo-htm-6\/"},"modified":"2026-04-30T18:25:00","modified_gmt":"2026-04-30T16:25:00","slug":"geo","status":"publish","type":"page","link":"https:\/\/abc-latina.com\/costarica\/geo\/","title":{"rendered":"GEOGRAPHIE &#8211; COSTA RICA"},"content":{"rendered":"<div><img loading=\"lazy\" decoding=\"async\" class=\" alignright size-full wp-image-179\" style=\"margin: 5px; float: right;\" src=\"http:\/\/abc-latina.com\/wp-content\/uploads\/2010\/06\/america_central.png\" alt=\"\" width=\"118\" height=\"122\" \/>Le Costa Rica est situ\u00e9 en Am\u00e9rique centrale. Il est limitrophe au nord avec le Nicaragua et au sud avec le Panama. A l&rsquo;ouest se trouve l&rsquo;oc\u00e9an Pacifique et \u00e0 l&rsquo;est, l&rsquo;oc\u00e9an Atlantique (dans la r\u00e9gion des Cara\u00efbes).&nbsp;<\/div>\n<div>Le littoral irr\u00e9gulier des Cara\u00efbes comporte deux p\u00e9ninsules, Nicoya (au nord) et Osa (au sud).<\/div>\n<div>Une cha\u00eene de montagnes traverse le Costa Rica du nord-ouest au sud-est formant au centre du pays une fertile vall\u00e9e centrale d&rsquo;une superficie de 3.000 km&sup2; environ. Cette cha\u00eene est divis\u00e9e en trois partie, du nord au sud elle prend le nom de cordillera de Guanacaste puis cordillera Volcanica Central et enfin elle devient la cordillera de Talamanca.&nbsp;<\/div>\n<div>On trouve au Costa Rica de nombreux fleuves et rivi\u00e8res qui descendent des montagnes pour fertiliser davantage les plaines c\u00f4ti\u00e8res.&nbsp;<\/div>\n<h3>G\u00e9ographie du Costa Rica: Chiffres<\/h3>\n<div><span class=\"geo-info2\">Capitale:<\/span> San Jos\u00e9&nbsp;<\/div>\n<div><span class=\"geo-info2\">Superficie:<\/span> 51 100 km&sup2;<\/div>\n<div>10 fois plus petit que la France<\/div>\n<div>25 % de plus que la Suisse<\/div>\n<div>1,7 fois la Belgique<\/div>\n<div>et 195 fois plus petit que le Canada.&nbsp;<\/div>\n<div><span class=\"geo-info2\">Population:<\/span> 3,8 millions&nbsp;<\/div>\n<div>Urbaine \u00e0 47 %<\/div>\n<div>Rurale \u00e0 53 %<\/div>\n<div>Densit\u00e9&nbsp;<\/div>\n<div>7 provinces<\/div>\n<div>Indice de f\u00e9condit\u00e9: 2,8 enfants\/femme<\/div>\n<div>Esp\u00e9rance de vie: 76 ans<\/div>\n<div>Taux d&rsquo;alphab\u00e9tisation: 95 %<\/div>\n<div><span class=\"geo-info2\">Langue:<\/span> Espagnol<\/div>\n","protected":false},"excerpt":{"rendered":"<p>Le Costa Rica est situ\u00e9 en Am\u00e9rique centrale. Il est limitrophe au nord avec le Nicaragua et au sud avec [&hellip;]<\/p>\n","protected":false},"author":3,"featured_media":179,"parent":2300,"menu_order":0,"comment_status":"closed","ping_status":"closed","template":"","meta":{"site-sidebar-layout":"default","site-content-layout":"","ast-site-content-layout":"default","site-content-style":"default","site-sidebar-style":"default","ast-global-header-display":"","ast-banner-title-visibility":"","ast-main-header-display":"","ast-hfb-above-header-display":"","ast-hfb-below-header-display":"","ast-hfb-mobile-header-display":"","site-post-title":"","ast-breadcrumbs-content":"","ast-featured-img":"","footer-sml-layout":"","ast-disable-related-posts":"","theme-transparent-header-meta":"","adv-header-id-meta":"","stick-header-meta":"","header-above-stick-meta":"","header-main-stick-meta":"","header-below-stick-meta":"","astra-migrate-meta-layouts":"default","ast-page-background-enabled":"default","ast-page-background-meta":{"desktop":{"background-color":"var(--ast-global-color-5)","background-image":"","background-repeat":"repeat","background-position":"center center","background-size":"auto","background-attachment":"scroll","background-type":"","background-media":"","overlay-type":"","overlay-color":"","overlay-opacity":"","overlay-gradient":""},"tablet":{"background-color":"","background-image":"","background-repeat":"repeat","background-position":"center center","background-size":"auto","background-attachment":"scroll","background-type":"","background-media":"","overlay-type":"","overlay-color":"","overlay-opacity":"","overlay-gradient":""},"mobile":{"background-color":"","background-image":"","background-repeat":"repeat","background-position":"center center","background-size":"auto","background-attachment":"scroll","background-type":"","background-media":"","overlay-type":"","overlay-color":"","overlay-opacity":"","overlay-gradient":""}},"ast-content-background-meta":{"desktop":{"background-color":"var(--ast-global-color-4)","background-image":"","background-repeat":"repeat","background-position":"center center","background-size":"auto","background-attachment":"scroll","background-type":"","background-media":"","overlay-type":"","overlay-color":"","overlay-opacity":"","overlay-gradient":""},"tablet":{"background-color":"var(--ast-global-color-4)","background-image":"","background-repeat":"repeat","background-position":"center center","background-size":"auto","background-attachment":"scroll","background-type":"","background-media":"","overlay-type":"","overlay-color":"","overlay-opacity":"","overlay-gradient":""},"mobile":{"background-color":"var(--ast-global-color-4)","background-image":"","background-repeat":"repeat","background-position":"center center","background-size":"auto","background-attachment":"scroll","background-type":"","background-media":"","overlay-type":"","overlay-color":"","overlay-opacity":"","overlay-gradient":""}},"footnotes":""},"class_list":["post-1299","page","type-page","status-publish","has-post-thumbnail","hentry"],"yoast_head":"<!-- This site is optimized with the Yoast SEO plugin v27.5 - https:\/\/yoast.com\/product\/yoast-seo-wordpress\/ -->\n<title>GEOGRAPHIE - COSTA RICA - Abc-latina<\/title>\n<meta name=\"description\" content=\"La g\u00e9ographie du Costa Rica.\" \/>\n<meta name=\"robots\" content=\"index, follow, max-snippet:-1, max-image-preview:large, max-video-preview:-1\" \/>\n<link rel=\"canonical\" href=\"https:\/\/abc-latina.com\/costarica\/geo\/\" \/>\n<meta property=\"og:locale\" content=\"fr_FR\" \/>\n<meta property=\"og:type\" content=\"article\" \/>\n<meta property=\"og:title\" content=\"GEOGRAPHIE - COSTA RICA - Abc-latina\" \/>\n<meta property=\"og:description\" content=\"La g\u00e9ographie du Costa Rica.\" \/>\n<meta property=\"og:url\" content=\"https:\/\/abc-latina.com\/costarica\/geo\/\" \/>\n<meta property=\"og:site_name\" content=\"Abc-latina\" \/>\n<meta property=\"article:modified_time\" content=\"2026-04-30T16:25:00+00:00\" \/>\n<meta property=\"og:image\" content=\"https:\/\/abc-latina.com\/wp-content\/uploads\/2010\/06\/america_central.png\" \/>\n\t<meta property=\"og:image:width\" content=\"118\" \/>\n\t<meta property=\"og:image:height\" content=\"122\" \/>\n\t<meta property=\"og:image:type\" content=\"image\/png\" \/>\n<meta name=\"twitter:card\" content=\"summary_large_image\" \/>\n<meta name=\"twitter:label1\" content=\"Dur\u00e9e de lecture estim\u00e9e\" \/>\n\t<meta name=\"twitter:data1\" content=\"1 minute\" \/>\n<script type=\"application\/ld+json\" class=\"yoast-schema-graph\">{\"@context\":\"https:\\\/\\\/schema.org\",\"@graph\":[{\"@type\":\"WebPage\",\"@id\":\"https:\\\/\\\/abc-latina.com\\\/costarica\\\/geo\\\/\",\"url\":\"https:\\\/\\\/abc-latina.com\\\/costarica\\\/geo\\\/\",\"name\":\"GEOGRAPHIE - COSTA RICA - Abc-latina\",\"isPartOf\":{\"@id\":\"https:\\\/\\\/abc-latina.com\\\/#website\"},\"primaryImageOfPage\":{\"@id\":\"https:\\\/\\\/abc-latina.com\\\/costarica\\\/geo\\\/#primaryimage\"},\"image\":{\"@id\":\"https:\\\/\\\/abc-latina.com\\\/costarica\\\/geo\\\/#primaryimage\"},\"thumbnailUrl\":\"https:\\\/\\\/abc-latina.com\\\/wp-content\\\/uploads\\\/2010\\\/06\\\/america_central.png\",\"datePublished\":\"2010-06-16T02:59:27+00:00\",\"dateModified\":\"2026-04-30T16:25:00+00:00\",\"description\":\"La g\u00e9ographie du Costa Rica.\",\"breadcrumb\":{\"@id\":\"https:\\\/\\\/abc-latina.com\\\/costarica\\\/geo\\\/#breadcrumb\"},\"inLanguage\":\"fr-FR\",\"potentialAction\":[{\"@type\":\"ReadAction\",\"target\":[\"https:\\\/\\\/abc-latina.com\\\/costarica\\\/geo\\\/\"]}]},{\"@type\":\"ImageObject\",\"inLanguage\":\"fr-FR\",\"@id\":\"https:\\\/\\\/abc-latina.com\\\/costarica\\\/geo\\\/#primaryimage\",\"url\":\"https:\\\/\\\/abc-latina.com\\\/wp-content\\\/uploads\\\/2010\\\/06\\\/america_central.png\",\"contentUrl\":\"https:\\\/\\\/abc-latina.com\\\/wp-content\\\/uploads\\\/2010\\\/06\\\/america_central.png\",\"width\":118,\"height\":122},{\"@type\":\"BreadcrumbList\",\"@id\":\"https:\\\/\\\/abc-latina.com\\\/costarica\\\/geo\\\/#breadcrumb\",\"itemListElement\":[{\"@type\":\"ListItem\",\"position\":1,\"name\":\"Accueil\",\"item\":\"https:\\\/\\\/abc-latina.com\\\/\"},{\"@type\":\"ListItem\",\"position\":2,\"name\":\"GEOGRAPHIE &#8211; COSTA RICA\"}]},{\"@type\":\"WebSite\",\"@id\":\"https:\\\/\\\/abc-latina.com\\\/#website\",\"url\":\"https:\\\/\\\/abc-latina.com\\\/\",\"name\":\"Abc-latina\",\"description\":\"\",\"publisher\":{\"@id\":\"https:\\\/\\\/abc-latina.com\\\/#organization\"},\"potentialAction\":[{\"@type\":\"SearchAction\",\"target\":{\"@type\":\"EntryPoint\",\"urlTemplate\":\"https:\\\/\\\/abc-latina.com\\\/?s={search_term_string}\"},\"query-input\":{\"@type\":\"PropertyValueSpecification\",\"valueRequired\":true,\"valueName\":\"search_term_string\"}}],\"inLanguage\":\"fr-FR\"},{\"@type\":\"Organization\",\"@id\":\"https:\\\/\\\/abc-latina.com\\\/#organization\",\"name\":\"Abc-latina\",\"url\":\"https:\\\/\\\/abc-latina.com\\\/\",\"logo\":{\"@type\":\"ImageObject\",\"inLanguage\":\"fr-FR\",\"@id\":\"https:\\\/\\\/abc-latina.com\\\/#\\\/schema\\\/logo\\\/image\\\/\",\"url\":\"https:\\\/\\\/abc-latina.com\\\/wp-content\\\/uploads\\\/2026\\\/05\\\/cropped-logo.gif\",\"contentUrl\":\"https:\\\/\\\/abc-latina.com\\\/wp-content\\\/uploads\\\/2026\\\/05\\\/cropped-logo.gif\",\"width\":89,\"height\":84,\"caption\":\"Abc-latina\"},\"image\":{\"@id\":\"https:\\\/\\\/abc-latina.com\\\/#\\\/schema\\\/logo\\\/image\\\/\"}}]}<\/script>\n<!-- \/ Yoast SEO plugin. -->","yoast_head_json":{"title":"GEOGRAPHIE - COSTA RICA - Abc-latina","description":"La g\u00e9ographie du Costa Rica.","robots":{"index":"index","follow":"follow","max-snippet":"max-snippet:-1","max-image-preview":"max-image-preview:large","max-video-preview":"max-video-preview:-1"},"canonical":"https:\/\/abc-latina.com\/costarica\/geo\/","og_locale":"fr_FR","og_type":"article","og_title":"GEOGRAPHIE - COSTA RICA - Abc-latina","og_description":"La g\u00e9ographie du Costa Rica.","og_url":"https:\/\/abc-latina.com\/costarica\/geo\/","og_site_name":"Abc-latina","article_modified_time":"2026-04-30T16:25:00+00:00","og_image":[{"width":118,"height":122,"url":"https:\/\/abc-latina.com\/wp-content\/uploads\/2010\/06\/america_central.png","type":"image\/png"}],"twitter_card":"summary_large_image","twitter_misc":{"Dur\u00e9e de lecture estim\u00e9e":"1 minute"},"schema":{"@context":"https:\/\/schema.org","@graph":[{"@type":"WebPage","@id":"https:\/\/abc-latina.com\/costarica\/geo\/","url":"https:\/\/abc-latina.com\/costarica\/geo\/","name":"GEOGRAPHIE - COSTA RICA - Abc-latina","isPartOf":{"@id":"https:\/\/abc-latina.com\/#website"},"primaryImageOfPage":{"@id":"https:\/\/abc-latina.com\/costarica\/geo\/#primaryimage"},"image":{"@id":"https:\/\/abc-latina.com\/costarica\/geo\/#primaryimage"},"thumbnailUrl":"https:\/\/abc-latina.com\/wp-content\/uploads\/2010\/06\/america_central.png","datePublished":"2010-06-16T02:59:27+00:00","dateModified":"2026-04-30T16:25:00+00:00","description":"La g\u00e9ographie du Costa Rica.","breadcrumb":{"@id":"https:\/\/abc-latina.com\/costarica\/geo\/#breadcrumb"},"inLanguage":"fr-FR","potentialAction":[{"@type":"ReadAction","target":["https:\/\/abc-latina.com\/costarica\/geo\/"]}]},{"@type":"ImageObject","inLanguage":"fr-FR","@id":"https:\/\/abc-latina.com\/costarica\/geo\/#primaryimage","url":"https:\/\/abc-latina.com\/wp-content\/uploads\/2010\/06\/america_central.png","contentUrl":"https:\/\/abc-latina.com\/wp-content\/uploads\/2010\/06\/america_central.png","width":118,"height":122},{"@type":"BreadcrumbList","@id":"https:\/\/abc-latina.com\/costarica\/geo\/#breadcrumb","itemListElement":[{"@type":"ListItem","position":1,"name":"Accueil","item":"https:\/\/abc-latina.com\/"},{"@type":"ListItem","position":2,"name":"GEOGRAPHIE &#8211; COSTA RICA"}]},{"@type":"WebSite","@id":"https:\/\/abc-latina.com\/#website","url":"https:\/\/abc-latina.com\/","name":"Abc-latina","description":"","publisher":{"@id":"https:\/\/abc-latina.com\/#organization"},"potentialAction":[{"@type":"SearchAction","target":{"@type":"EntryPoint","urlTemplate":"https:\/\/abc-latina.com\/?s={search_term_string}"},"query-input":{"@type":"PropertyValueSpecification","valueRequired":true,"valueName":"search_term_string"}}],"inLanguage":"fr-FR"},{"@type":"Organization","@id":"https:\/\/abc-latina.com\/#organization","name":"Abc-latina","url":"https:\/\/abc-latina.com\/","logo":{"@type":"ImageObject","inLanguage":"fr-FR","@id":"https:\/\/abc-latina.com\/#\/schema\/logo\/image\/","url":"https:\/\/abc-latina.com\/wp-content\/uploads\/2026\/05\/cropped-logo.gif","contentUrl":"https:\/\/abc-latina.com\/wp-content\/uploads\/2026\/05\/cropped-logo.gif","width":89,"height":84,"caption":"Abc-latina"},"image":{"@id":"https:\/\/abc-latina.com\/#\/schema\/logo\/image\/"}}]}},"_links":{"self":[{"href":"https:\/\/abc-latina.com\/wp-json\/wp\/v2\/pages\/1299","targetHints":{"allow":["GET"]}}],"collection":[{"href":"https:\/\/abc-latina.com\/wp-json\/wp\/v2\/pages"}],"about":[{"href":"https:\/\/abc-latina.com\/wp-json\/wp\/v2\/types\/page"}],"author":[{"embeddable":true,"href":"https:\/\/abc-latina.com\/wp-json\/wp\/v2\/users\/3"}],"replies":[{"embeddable":true,"href":"https:\/\/abc-latina.com\/wp-json\/wp\/v2\/comments?post=1299"}],"version-history":[{"count":1,"href":"https:\/\/abc-latina.com\/wp-json\/wp\/v2\/pages\/1299\/revisions"}],"predecessor-version":[{"id":3376,"href":"https:\/\/abc-latina.com\/wp-json\/wp\/v2\/pages\/1299\/revisions\/3376"}],"up":[{"embeddable":true,"href":"https:\/\/abc-latina.com\/wp-json\/wp\/v2\/pages\/2300"}],"wp:featuredmedia":[{"embeddable":true,"href":"https:\/\/abc-latina.com\/wp-json\/wp\/v2\/media\/179"}],"wp:attachment":[{"href":"https:\/\/abc-latina.com\/wp-json\/wp\/v2\/media?parent=1299"}],"curies":[{"name":"wp","href":"https:\/\/api.w.org\/{rel}","templated":true}]}}