{"id":130,"date":"2010-06-01T05:01:21","date_gmt":"2010-06-01T03:01:21","guid":{"rendered":"http:\/\/abc-latina.com\/recits-htm\/"},"modified":"2026-04-30T18:24:45","modified_gmt":"2026-04-30T16:24:45","slug":"recits","status":"publish","type":"page","link":"https:\/\/abc-latina.com\/argentine\/recits\/","title":{"rendered":"RECITS de VOYAGES en ARGENTINE"},"content":{"rendered":"<div><strong><img loading=\"lazy\" decoding=\"async\" class=\" size-full wp-image-126\" src=\"http:\/\/abc-latina.com\/wp-content\/uploads\/2010\/06\/006-recits-de-voyages-en-argentine.gif\" title=\"RECITS DE VOYAGES EN ARGENTINE\" alt=\"\" width=\"480\" height=\"270\" \/><\/strong><\/div>\n<div>&nbsp;<\/div>\n<div><strong>Blogs, carnets de routes, photos et aventures en Argentine &#8230;<\/strong><\/div>\n<div>Si vous aussi, vous avez quelque chose \u00e0 dire, faites le nous savoir !&nbsp;<\/div>\n<div>&nbsp;<\/div>\n<div>&nbsp;<\/div>\n<table width=\"99%\" cellspacing=\"1\" cellpadding=\"0\" border=\"0\">\n<tbody>\n<tr>\n<td><img loading=\"lazy\" decoding=\"async\" class=\" alignleft size-full wp-image-127\" src=\"http:\/\/abc-latina.com\/wp-content\/uploads\/2010\/06\/003.jpg\" style=\"margin: 5px 33px; float: left;\" alt=\"\" width=\"130\" height=\"130\" \/><\/td>\n<td>\n<div><strong>Fabrice autour du monde<\/strong><\/div>\n<div><a href=\"https:\/\/tdmfabrice.free.fr\/1Santiago\" target=\"_blank\">Le Tour du Monde de Fabrice passe par l&rsquo;Argentine et le Chili avec force d\u00e9tails et photos.<\/a><\/div>\n<div><span style=\"color:#ffa500;\">Ann\u00e9e 2001<\/span><\/div>\n<\/td>\n<\/tr>\n<tr>\n<td><img loading=\"lazy\" decoding=\"async\" class=\" alignleft size-full wp-image-128\" src=\"http:\/\/abc-latina.com\/wp-content\/uploads\/2010\/06\/020.jpg\" style=\"margin: 5px 33px; float: left;\" alt=\"\" width=\"130\" height=\"130\" \/><\/td>\n<td>\n<div><strong>Tour du monde&nbsp;<\/strong><\/div>\n<div><a href=\"http:\/\/www.tournonsensemble.com\/argentine\/argentine1\" target=\"_blank\">Un tour du monde de 14 mois qui a d\u00e9but\u00e9 le 28 juin 2002.<\/a>&nbsp;<a href=\"https:\/\/www.tournonsensemble.com\/argentine\/argentine1\" target=\"_blank\">Estelle et Yann sont all\u00e9s \u00e0 la rencontre des peuples du Monde, voyez leur voyage en Argentine.<\/a><\/div>\n<div><span style=\"color:#ffa500;\">Ann\u00e9e 2002<\/span><\/div>\n<\/td>\n<\/tr>\n<tr>\n<td><img loading=\"lazy\" decoding=\"async\" class=\" alignleft size-full wp-image-129\" src=\"http:\/\/abc-latina.com\/wp-content\/uploads\/2010\/06\/001.jpg\" style=\"margin: 5px 33px; float: left;\" alt=\"\" width=\"130\" height=\"130\" \/><\/td>\n<td>\n<div><strong>P\u00e9riple en Am\u00e9rique latine <\/strong><\/div>\n<div><a href=\"https:\/\/www.webzinemaker.com\/admi\/m7\/page3?num_web=8804&amp;rubr=4&amp;id=111930\" target=\"_blank\">Christelle  et Boris nous emm\u00e8nent en amoureux et en voiture (van) du Grand Canyon \u00e0  la Patagonie de septembre 2002 \u00e0 ao\u00fbt 2003&#8230; en passant par  l&rsquo;Argentine.<\/a><\/div>\n<div><span style=\"color:#ffa500;\">Ann\u00e9es 2002-2003<\/span><\/div>\n<\/td>\n<\/tr>\n<\/tbody>\n<\/table>\n<div>&nbsp;<\/div>\n<div><span class=\"tsource\">NOTA: abc-latina n&rsquo;est aucunement responsable du contenu des sites externes.<\/span><\/div>\n","protected":false},"excerpt":{"rendered":"<p>&nbsp; Blogs, carnets de routes, photos et aventures en Argentine &#8230; Si vous aussi, vous avez quelque chose \u00e0 dire, [&hellip;]<\/p>\n","protected":false},"author":3,"featured_media":126,"parent":39,"menu_order":0,"comment_status":"closed","ping_status":"closed","template":"","meta":{"site-sidebar-layout":"default","site-content-layout":"","ast-site-content-layout":"default","site-content-style":"default","site-sidebar-style":"default","ast-global-header-display":"","ast-banner-title-visibility":"","ast-main-header-display":"","ast-hfb-above-header-display":"","ast-hfb-below-header-display":"","ast-hfb-mobile-header-display":"","site-post-title":"","ast-breadcrumbs-content":"","ast-featured-img":"","footer-sml-layout":"","ast-disable-related-posts":"","theme-transparent-header-meta":"","adv-header-id-meta":"","stick-header-meta":"","header-above-stick-meta":"","header-main-stick-meta":"","header-below-stick-meta":"","astra-migrate-meta-layouts":"default","ast-page-background-enabled":"default","ast-page-background-meta":{"desktop":{"background-color":"var(--ast-global-color-5)","background-image":"","background-repeat":"repeat","background-position":"center center","background-size":"auto","background-attachment":"scroll","background-type":"","background-media":"","overlay-type":"","overlay-color":"","overlay-opacity":"","overlay-gradient":""},"tablet":{"background-color":"","background-image":"","background-repeat":"repeat","background-position":"center center","background-size":"auto","background-attachment":"scroll","background-type":"","background-media":"","overlay-type":"","overlay-color":"","overlay-opacity":"","overlay-gradient":""},"mobile":{"background-color":"","background-image":"","background-repeat":"repeat","background-position":"center center","background-size":"auto","background-attachment":"scroll","background-type":"","background-media":"","overlay-type":"","overlay-color":"","overlay-opacity":"","overlay-gradient":""}},"ast-content-background-meta":{"desktop":{"background-color":"var(--ast-global-color-4)","background-image":"","background-repeat":"repeat","background-position":"center center","background-size":"auto","background-attachment":"scroll","background-type":"","background-media":"","overlay-type":"","overlay-color":"","overlay-opacity":"","overlay-gradient":""},"tablet":{"background-color":"var(--ast-global-color-4)","background-image":"","background-repeat":"repeat","background-position":"center center","background-size":"auto","background-attachment":"scroll","background-type":"","background-media":"","overlay-type":"","overlay-color":"","overlay-opacity":"","overlay-gradient":""},"mobile":{"background-color":"var(--ast-global-color-4)","background-image":"","background-repeat":"repeat","background-position":"center center","background-size":"auto","background-attachment":"scroll","background-type":"","background-media":"","overlay-type":"","overlay-color":"","overlay-opacity":"","overlay-gradient":""}},"footnotes":""},"class_list":["post-130","page","type-page","status-publish","has-post-thumbnail","hentry"],"yoast_head":"<!-- This site is optimized with the Yoast SEO plugin v27.5 - https:\/\/yoast.com\/product\/yoast-seo-wordpress\/ -->\n<title>RECITS de VOYAGES en ARGENTINE - Abc-latina<\/title>\n<meta name=\"description\" content=\"Sur le web, nombreux sont ceux qui ont laiss\u00e9s le r\u00e9cit de leurs aventures en Argentine, \u00e0 travers la Pampa ou la Patagonie.\" \/>\n<meta name=\"robots\" content=\"index, follow, max-snippet:-1, max-image-preview:large, max-video-preview:-1\" \/>\n<link rel=\"canonical\" href=\"https:\/\/abc-latina.com\/argentine\/recits\/\" \/>\n<meta property=\"og:locale\" content=\"fr_FR\" \/>\n<meta property=\"og:type\" content=\"article\" \/>\n<meta property=\"og:title\" content=\"RECITS de VOYAGES en ARGENTINE - Abc-latina\" \/>\n<meta property=\"og:description\" content=\"Sur le web, nombreux sont ceux qui ont laiss\u00e9s le r\u00e9cit de leurs aventures en Argentine, \u00e0 travers la Pampa ou la Patagonie.\" \/>\n<meta property=\"og:url\" content=\"https:\/\/abc-latina.com\/argentine\/recits\/\" \/>\n<meta property=\"og:site_name\" content=\"Abc-latina\" \/>\n<meta property=\"article:modified_time\" content=\"2026-04-30T16:24:45+00:00\" \/>\n<meta property=\"og:image\" content=\"https:\/\/abc-latina.com\/wp-content\/uploads\/2010\/06\/006-recits-de-voyages-en-argentine.gif\" \/>\n\t<meta property=\"og:image:width\" content=\"600\" \/>\n\t<meta property=\"og:image:height\" content=\"337\" \/>\n\t<meta property=\"og:image:type\" content=\"image\/gif\" \/>\n<meta name=\"twitter:card\" content=\"summary_large_image\" \/>\n<meta name=\"twitter:label1\" content=\"Dur\u00e9e de lecture estim\u00e9e\" \/>\n\t<meta name=\"twitter:data1\" content=\"1 minute\" \/>\n<script type=\"application\/ld+json\" class=\"yoast-schema-graph\">{\"@context\":\"https:\\\/\\\/schema.org\",\"@graph\":[{\"@type\":\"WebPage\",\"@id\":\"https:\\\/\\\/abc-latina.com\\\/argentine\\\/recits\\\/\",\"url\":\"https:\\\/\\\/abc-latina.com\\\/argentine\\\/recits\\\/\",\"name\":\"RECITS de VOYAGES en ARGENTINE - Abc-latina\",\"isPartOf\":{\"@id\":\"https:\\\/\\\/abc-latina.com\\\/#website\"},\"primaryImageOfPage\":{\"@id\":\"https:\\\/\\\/abc-latina.com\\\/argentine\\\/recits\\\/#primaryimage\"},\"image\":{\"@id\":\"https:\\\/\\\/abc-latina.com\\\/argentine\\\/recits\\\/#primaryimage\"},\"thumbnailUrl\":\"https:\\\/\\\/abc-latina.com\\\/wp-content\\\/uploads\\\/2010\\\/06\\\/006-recits-de-voyages-en-argentine.gif\",\"datePublished\":\"2010-06-01T03:01:21+00:00\",\"dateModified\":\"2026-04-30T16:24:45+00:00\",\"description\":\"Sur le web, nombreux sont ceux qui ont laiss\u00e9s le r\u00e9cit de leurs aventures en Argentine, \u00e0 travers la Pampa ou la Patagonie.\",\"breadcrumb\":{\"@id\":\"https:\\\/\\\/abc-latina.com\\\/argentine\\\/recits\\\/#breadcrumb\"},\"inLanguage\":\"fr-FR\",\"potentialAction\":[{\"@type\":\"ReadAction\",\"target\":[\"https:\\\/\\\/abc-latina.com\\\/argentine\\\/recits\\\/\"]}]},{\"@type\":\"ImageObject\",\"inLanguage\":\"fr-FR\",\"@id\":\"https:\\\/\\\/abc-latina.com\\\/argentine\\\/recits\\\/#primaryimage\",\"url\":\"https:\\\/\\\/abc-latina.com\\\/wp-content\\\/uploads\\\/2010\\\/06\\\/006-recits-de-voyages-en-argentine.gif\",\"contentUrl\":\"https:\\\/\\\/abc-latina.com\\\/wp-content\\\/uploads\\\/2010\\\/06\\\/006-recits-de-voyages-en-argentine.gif\",\"width\":600,\"height\":337,\"caption\":\"RECITS DE VOYAGES EN ARGENTINE\"},{\"@type\":\"BreadcrumbList\",\"@id\":\"https:\\\/\\\/abc-latina.com\\\/argentine\\\/recits\\\/#breadcrumb\",\"itemListElement\":[{\"@type\":\"ListItem\",\"position\":1,\"name\":\"Accueil\",\"item\":\"https:\\\/\\\/abc-latina.com\\\/\"},{\"@type\":\"ListItem\",\"position\":2,\"name\":\"RECITS de VOYAGES en ARGENTINE\"}]},{\"@type\":\"WebSite\",\"@id\":\"https:\\\/\\\/abc-latina.com\\\/#website\",\"url\":\"https:\\\/\\\/abc-latina.com\\\/\",\"name\":\"Abc-latina\",\"description\":\"\",\"publisher\":{\"@id\":\"https:\\\/\\\/abc-latina.com\\\/#organization\"},\"potentialAction\":[{\"@type\":\"SearchAction\",\"target\":{\"@type\":\"EntryPoint\",\"urlTemplate\":\"https:\\\/\\\/abc-latina.com\\\/?s={search_term_string}\"},\"query-input\":{\"@type\":\"PropertyValueSpecification\",\"valueRequired\":true,\"valueName\":\"search_term_string\"}}],\"inLanguage\":\"fr-FR\"},{\"@type\":\"Organization\",\"@id\":\"https:\\\/\\\/abc-latina.com\\\/#organization\",\"name\":\"Abc-latina\",\"url\":\"https:\\\/\\\/abc-latina.com\\\/\",\"logo\":{\"@type\":\"ImageObject\",\"inLanguage\":\"fr-FR\",\"@id\":\"https:\\\/\\\/abc-latina.com\\\/#\\\/schema\\\/logo\\\/image\\\/\",\"url\":\"https:\\\/\\\/abc-latina.com\\\/wp-content\\\/uploads\\\/2026\\\/05\\\/cropped-logo.gif\",\"contentUrl\":\"https:\\\/\\\/abc-latina.com\\\/wp-content\\\/uploads\\\/2026\\\/05\\\/cropped-logo.gif\",\"width\":89,\"height\":84,\"caption\":\"Abc-latina\"},\"image\":{\"@id\":\"https:\\\/\\\/abc-latina.com\\\/#\\\/schema\\\/logo\\\/image\\\/\"}}]}<\/script>\n<!-- \/ Yoast SEO plugin. -->","yoast_head_json":{"title":"RECITS de VOYAGES en ARGENTINE - Abc-latina","description":"Sur le web, nombreux sont ceux qui ont laiss\u00e9s le r\u00e9cit de leurs aventures en Argentine, \u00e0 travers la Pampa ou la Patagonie.","robots":{"index":"index","follow":"follow","max-snippet":"max-snippet:-1","max-image-preview":"max-image-preview:large","max-video-preview":"max-video-preview:-1"},"canonical":"https:\/\/abc-latina.com\/argentine\/recits\/","og_locale":"fr_FR","og_type":"article","og_title":"RECITS de VOYAGES en ARGENTINE - Abc-latina","og_description":"Sur le web, nombreux sont ceux qui ont laiss\u00e9s le r\u00e9cit de leurs aventures en Argentine, \u00e0 travers la Pampa ou la Patagonie.","og_url":"https:\/\/abc-latina.com\/argentine\/recits\/","og_site_name":"Abc-latina","article_modified_time":"2026-04-30T16:24:45+00:00","og_image":[{"width":600,"height":337,"url":"https:\/\/abc-latina.com\/wp-content\/uploads\/2010\/06\/006-recits-de-voyages-en-argentine.gif","type":"image\/gif"}],"twitter_card":"summary_large_image","twitter_misc":{"Dur\u00e9e de lecture estim\u00e9e":"1 minute"},"schema":{"@context":"https:\/\/schema.org","@graph":[{"@type":"WebPage","@id":"https:\/\/abc-latina.com\/argentine\/recits\/","url":"https:\/\/abc-latina.com\/argentine\/recits\/","name":"RECITS de VOYAGES en ARGENTINE - Abc-latina","isPartOf":{"@id":"https:\/\/abc-latina.com\/#website"},"primaryImageOfPage":{"@id":"https:\/\/abc-latina.com\/argentine\/recits\/#primaryimage"},"image":{"@id":"https:\/\/abc-latina.com\/argentine\/recits\/#primaryimage"},"thumbnailUrl":"https:\/\/abc-latina.com\/wp-content\/uploads\/2010\/06\/006-recits-de-voyages-en-argentine.gif","datePublished":"2010-06-01T03:01:21+00:00","dateModified":"2026-04-30T16:24:45+00:00","description":"Sur le web, nombreux sont ceux qui ont laiss\u00e9s le r\u00e9cit de leurs aventures en Argentine, \u00e0 travers la Pampa ou la Patagonie.","breadcrumb":{"@id":"https:\/\/abc-latina.com\/argentine\/recits\/#breadcrumb"},"inLanguage":"fr-FR","potentialAction":[{"@type":"ReadAction","target":["https:\/\/abc-latina.com\/argentine\/recits\/"]}]},{"@type":"ImageObject","inLanguage":"fr-FR","@id":"https:\/\/abc-latina.com\/argentine\/recits\/#primaryimage","url":"https:\/\/abc-latina.com\/wp-content\/uploads\/2010\/06\/006-recits-de-voyages-en-argentine.gif","contentUrl":"https:\/\/abc-latina.com\/wp-content\/uploads\/2010\/06\/006-recits-de-voyages-en-argentine.gif","width":600,"height":337,"caption":"RECITS DE VOYAGES EN ARGENTINE"},{"@type":"BreadcrumbList","@id":"https:\/\/abc-latina.com\/argentine\/recits\/#breadcrumb","itemListElement":[{"@type":"ListItem","position":1,"name":"Accueil","item":"https:\/\/abc-latina.com\/"},{"@type":"ListItem","position":2,"name":"RECITS de VOYAGES en ARGENTINE"}]},{"@type":"WebSite","@id":"https:\/\/abc-latina.com\/#website","url":"https:\/\/abc-latina.com\/","name":"Abc-latina","description":"","publisher":{"@id":"https:\/\/abc-latina.com\/#organization"},"potentialAction":[{"@type":"SearchAction","target":{"@type":"EntryPoint","urlTemplate":"https:\/\/abc-latina.com\/?s={search_term_string}"},"query-input":{"@type":"PropertyValueSpecification","valueRequired":true,"valueName":"search_term_string"}}],"inLanguage":"fr-FR"},{"@type":"Organization","@id":"https:\/\/abc-latina.com\/#organization","name":"Abc-latina","url":"https:\/\/abc-latina.com\/","logo":{"@type":"ImageObject","inLanguage":"fr-FR","@id":"https:\/\/abc-latina.com\/#\/schema\/logo\/image\/","url":"https:\/\/abc-latina.com\/wp-content\/uploads\/2026\/05\/cropped-logo.gif","contentUrl":"https:\/\/abc-latina.com\/wp-content\/uploads\/2026\/05\/cropped-logo.gif","width":89,"height":84,"caption":"Abc-latina"},"image":{"@id":"https:\/\/abc-latina.com\/#\/schema\/logo\/image\/"}}]}},"_links":{"self":[{"href":"https:\/\/abc-latina.com\/wp-json\/wp\/v2\/pages\/130","targetHints":{"allow":["GET"]}}],"collection":[{"href":"https:\/\/abc-latina.com\/wp-json\/wp\/v2\/pages"}],"about":[{"href":"https:\/\/abc-latina.com\/wp-json\/wp\/v2\/types\/page"}],"author":[{"embeddable":true,"href":"https:\/\/abc-latina.com\/wp-json\/wp\/v2\/users\/3"}],"replies":[{"embeddable":true,"href":"https:\/\/abc-latina.com\/wp-json\/wp\/v2\/comments?post=130"}],"version-history":[{"count":1,"href":"https:\/\/abc-latina.com\/wp-json\/wp\/v2\/pages\/130\/revisions"}],"predecessor-version":[{"id":3076,"href":"https:\/\/abc-latina.com\/wp-json\/wp\/v2\/pages\/130\/revisions\/3076"}],"up":[{"embeddable":true,"href":"https:\/\/abc-latina.com\/wp-json\/wp\/v2\/pages\/39"}],"wp:featuredmedia":[{"embeddable":true,"href":"https:\/\/abc-latina.com\/wp-json\/wp\/v2\/media\/126"}],"wp:attachment":[{"href":"https:\/\/abc-latina.com\/wp-json\/wp\/v2\/media?parent=130"}],"curies":[{"name":"wp","href":"https:\/\/api.w.org\/{rel}","templated":true}]}}