{"id":1305,"date":"2010-06-16T06:07:17","date_gmt":"2010-06-16T04:07:17","guid":{"rendered":"http:\/\/abc-latina.com\/infoprat-htm-6\/"},"modified":"2026-04-30T18:25:00","modified_gmt":"2026-04-30T16:25:00","slug":"infoprat","status":"publish","type":"page","link":"https:\/\/abc-latina.com\/costarica\/infoprat\/","title":{"rendered":"INFORMATIONS PRATIQUES"},"content":{"rendered":"<h3>PASSEPORT &#8211; VISA pour le Costa Rica&nbsp;<\/h3>\n<div>Pour les Fran\u00e7ais, pas besoin de visa si le s\u00e9jour est inf\u00e9rieur \u00e0 un mois. Le passeport doit \u00eatre encore valable 6 mois \u00e0 la date de retour.<\/div>\n<div><a target=\"_blank\" href=\"https:\/\/www.abc-latina.com\/costarica\/ambassade\">Les adresses des ambassades costariciennes<\/a><\/div>\n<div>SECURITE: les <a target=\"_blank\" href=\"http:\/\/www.diplomatie.gouv.fr\/fr\/conseils-aux-voyageurs_909\/pays_12191\/costa-rica_12301\/indexl\">conseils aux voyageurs<\/a> du minist\u00e8re des affaire \u00e9trang\u00e8res.&nbsp;<\/div>\n<h3>SANTE&nbsp;<\/h3>\n<div>Pas de vaccin obligatoire pour entrer au Costa Rica.. Il est cependant recommand\u00e9 de faire les rappels de vaccins (H\u00e9patites A &amp; B, T\u00e9tanos et Polio).&nbsp;<\/div>\n<div>Le pays est relativement s\u00fbr au niveau de l&rsquo;hygi\u00e8ne. L&rsquo;eau est potable dans les grandes villes (pas dans les campagnes).&nbsp;<\/div>\n<div><a target=\"_blank\" href=\"https:\/\/www.abc-latina.com\/sites\/sante\/costa_rica\">Les recommandations de l&rsquo;Institut Pasteur<\/a><\/div>\n<h3>CLIMAT&nbsp;<\/h3>\n<div>Le climat au Costa Rica est divis\u00e9 en deux saisons : la s\u00e8che et l&rsquo;humide.<\/div>\n<div>La saison s\u00e8che s&rsquo;\u00e9tale du mois de d\u00e9cembre au mois d&rsquo;avril.<\/div>\n<div>La saison humide s&rsquo;\u00e9tale du mois de mai au mois de novembre, il peut pleuvoir tous les jours une petite demi-heure mais rapidement le soleil resplendit de nouveau.<\/div>\n<div>Toute l&rsquo;ann\u00e9e la temp\u00e9rature est toujours agr\u00e9able, et la pluie est ici synonyme de rafra\u00eechissement plut\u00f4t de que froid.&nbsp;<\/div>\n<div>La temp\u00e9rature moyenne annuelle dans la vall\u00e9e centrale (\u00e0 environ 1000 m) est de 22&deg;C. Sur la c\u00f4te elle est de 30&deg;C.<\/div>\n<div><a href=\"https:\/\/www.abc-latina.com\/costarica\/meteo\">La m\u00e9t\u00e9o<\/a><\/div>\n<h3>ARGENT&nbsp;<\/h3>\n<div>La monnaie nationale est le COLON.<\/div>\n<div><a target=\"_blank\" href=\"http:\/\/www.xe.com\/ucc\/fr\/\">Le change<\/a><\/div>\n<h3>DECALAGE HORAIRE &nbsp;<\/h3>\n<div>Lorsqu&rsquo;il est midi en Europe Occidentale, il est , au Costa Rica, 5 heures en hiver et 4 heures en \u00e9t\u00e9.<\/div>\n<div>Actuellement, \u00e0&nbsp;<\/div>\n<div>San Jos\u00e9 il est:<\/div>\n<h3>TRANSPORT&nbsp;<\/h3>\n<div>En bus, en avion, en taxi, en voiture selon votre budget et la dur\u00e9e de votre s\u00e9jour.<\/div>\n<div>En bus : Le r\u00e9seau est important, efficace et les horaires sont respect\u00e9s. La plupart des villes sont desservies par plusieurs compagnies priv\u00e9es&nbsp;<\/div>\n<div>En Avion : Vol internationaux: Il n&rsquo;y a pas de vol direct depuis la France.<\/div>\n<div>Vols nationaux: Plusieurs vols quotidiens partent de San Jos\u00e9 pour les principales villes du pays.<\/div>\n<div><a target=\"_blank\" href=\"https:\/\/www.abc-latina.com\/to\/reservation_billets_avions\">Billet d&rsquo;avion: comparez 10 millions d&rsquo;offres en moins de 30 secondes<\/a><\/div>\n<div>En train : Il n&rsquo;y a plus de train, les deux derni\u00e8res lignes ouvertes il y a encore quelques ann\u00e9es, sont \u00e0 pr\u00e9sent ferm\u00e9es.<\/div>\n<div>En taxi : Les taxis peuvent vous emmener &hellip; d&rsquo;une ville \u00e0 l&rsquo;autre pour un co\u00fbt raisonnable, Il faut vous mettre d&rsquo;accord sur le prix auparavant.<\/div>\n<div>En voiture : &nbsp;On peut facilement louer ue voiture. Les prix varient d&rsquo;un endroit \u00e0 l&rsquo;autre.&nbsp;<\/div>\n<div><a target=\"_blank\" href=\"https:\/\/www.abc-latina.com\/to\/location_de_voiture_costa_rica\">Location de voitures : le meilleur prix en comparant 50 agences<\/a><\/div>\n<h3>JOURS FERIES &nbsp;<\/h3>\n<div><a target=\"_blank\" href=\"tour_operateur\"><img loading=\"lazy\" decoding=\"async\" class=\" size-full wp-image-41\" alt=\"\" class=\"touroperateur\" src=\"http:\/\/abc-latina.com\/wp-content\/uploads\/2010\/04\/timbre_to.gif\" width=\"125\" height=\"90\" \/><\/a>1er Janvier &#8211; Jour de l&rsquo;an&nbsp;<\/div>\n<div>28 Mars &nbsp;&#8211; Jeudi SAint &nbsp;<\/div>\n<div>29 Mars &nbsp;&#8211; Vendredi Saint&nbsp;<\/div>\n<div>11 Avril &nbsp;&#8211; F\u00eate de la Bataille de Rivas&nbsp;<\/div>\n<div>01 Mai &nbsp;&#8211; F\u00eate du travail&nbsp;<\/div>\n<div>25 Juillet &nbsp;&#8211; Annexion de Guanacaste&nbsp;<\/div>\n<div>15 Ao\u00fbt &nbsp;&#8211; Assomption&nbsp;<\/div>\n<div>15 Septempbre &nbsp;&#8211; Jour de l&rsquo;ind\u00e9pendance&nbsp;<\/div>\n<div>12 Octobre &nbsp;&#8211; F\u00eate de Christophe Colomb&nbsp;<\/div>\n<div>25 D\u00e9cembre &#8211; Noel&nbsp;<\/div>\n<div>31 D\u00e9cembre &#8211; R\u00e9veillon du nouvel An&nbsp;<\/div>\n<h3>LANGUE&nbsp;<\/h3>\n<div>L&rsquo;Espagnol est la langue officielle<\/div>\n<h3>ACHATS&nbsp;<\/h3>\n<div>Des poteries en c\u00e9ramique, des objets en bois (saladiers, bougeoirs etc), des reproductions de pi\u00e8ces pr\u00e9colombiennes. Mais encore, les disques de musiques (salsa, merenge, manbo ou traditionnelles).Du caf\u00e9, de la liqueur de caf\u00e9. &nbsp; &nbsp;<\/div>\n<h3>TELEPHONE &#8211; INTERNET&nbsp;<\/h3>\n<div>Le r\u00e9seau t\u00e9l\u00e9phonique est d&rsquo;assez bonne qualit\u00e9.&nbsp;<\/div>\n<div>Pour Internet, de nombreux cybercaf\u00e9s proposent leurs services.<\/div>\n<div>Pour appeler du Costa rica vers la France: 00 + 33 + num\u00e9ro \u00e0 9 chiffres (sans le 0)<\/div>\n<div>Pour appeler de la France vers le Costa rica: 00 + 506 + num\u00e9ro<\/div>\n<p>&nbsp;<a target=\"_blank\" href=\"http:\/\/voyage.abc-latina.com\/voyage_costa-rica\/costa-rica.php\"><span class=\"sejour-circuit\"><br \/><\/span><\/a><\/p>\n","protected":false},"excerpt":{"rendered":"<p>PASSEPORT &#8211; VISA pour le Costa Rica&nbsp; Pour les Fran\u00e7ais, pas besoin de visa si le s\u00e9jour est inf\u00e9rieur \u00e0 [&hellip;]<\/p>\n","protected":false},"author":3,"featured_media":41,"parent":2300,"menu_order":0,"comment_status":"closed","ping_status":"closed","template":"","meta":{"site-sidebar-layout":"default","site-content-layout":"","ast-site-content-layout":"default","site-content-style":"default","site-sidebar-style":"default","ast-global-header-display":"","ast-banner-title-visibility":"","ast-main-header-display":"","ast-hfb-above-header-display":"","ast-hfb-below-header-display":"","ast-hfb-mobile-header-display":"","site-post-title":"","ast-breadcrumbs-content":"","ast-featured-img":"","footer-sml-layout":"","ast-disable-related-posts":"","theme-transparent-header-meta":"","adv-header-id-meta":"","stick-header-meta":"","header-above-stick-meta":"","header-main-stick-meta":"","header-below-stick-meta":"","astra-migrate-meta-layouts":"default","ast-page-background-enabled":"default","ast-page-background-meta":{"desktop":{"background-color":"var(--ast-global-color-5)","background-image":"","background-repeat":"repeat","background-position":"center center","background-size":"auto","background-attachment":"scroll","background-type":"","background-media":"","overlay-type":"","overlay-color":"","overlay-opacity":"","overlay-gradient":""},"tablet":{"background-color":"","background-image":"","background-repeat":"repeat","background-position":"center center","background-size":"auto","background-attachment":"scroll","background-type":"","background-media":"","overlay-type":"","overlay-color":"","overlay-opacity":"","overlay-gradient":""},"mobile":{"background-color":"","background-image":"","background-repeat":"repeat","background-position":"center center","background-size":"auto","background-attachment":"scroll","background-type":"","background-media":"","overlay-type":"","overlay-color":"","overlay-opacity":"","overlay-gradient":""}},"ast-content-background-meta":{"desktop":{"background-color":"var(--ast-global-color-4)","background-image":"","background-repeat":"repeat","background-position":"center center","background-size":"auto","background-attachment":"scroll","background-type":"","background-media":"","overlay-type":"","overlay-color":"","overlay-opacity":"","overlay-gradient":""},"tablet":{"background-color":"var(--ast-global-color-4)","background-image":"","background-repeat":"repeat","background-position":"center center","background-size":"auto","background-attachment":"scroll","background-type":"","background-media":"","overlay-type":"","overlay-color":"","overlay-opacity":"","overlay-gradient":""},"mobile":{"background-color":"var(--ast-global-color-4)","background-image":"","background-repeat":"repeat","background-position":"center center","background-size":"auto","background-attachment":"scroll","background-type":"","background-media":"","overlay-type":"","overlay-color":"","overlay-opacity":"","overlay-gradient":""}},"footnotes":""},"class_list":["post-1305","page","type-page","status-publish","has-post-thumbnail","hentry"],"yoast_head":"<!-- This site is optimized with the Yoast SEO plugin v27.5 - https:\/\/yoast.com\/product\/yoast-seo-wordpress\/ -->\n<title>INFORMATIONS PRATIQUES - Abc-latina<\/title>\n<meta name=\"description\" content=\"Les conseils et infos avant de partir en voyage au Costa Rica.\" \/>\n<meta name=\"robots\" content=\"index, follow, max-snippet:-1, max-image-preview:large, max-video-preview:-1\" \/>\n<link rel=\"canonical\" href=\"https:\/\/abc-latina.com\/costarica\/infoprat\/\" \/>\n<meta property=\"og:locale\" content=\"fr_FR\" \/>\n<meta property=\"og:type\" content=\"article\" \/>\n<meta property=\"og:title\" content=\"INFORMATIONS PRATIQUES - Abc-latina\" \/>\n<meta property=\"og:description\" content=\"Les conseils et infos avant de partir en voyage au Costa Rica.\" \/>\n<meta property=\"og:url\" content=\"https:\/\/abc-latina.com\/costarica\/infoprat\/\" \/>\n<meta property=\"og:site_name\" content=\"Abc-latina\" \/>\n<meta property=\"article:modified_time\" content=\"2026-04-30T16:25:00+00:00\" \/>\n<meta property=\"og:image\" content=\"https:\/\/abc-latina.com\/wp-content\/uploads\/2010\/04\/timbre_to.gif\" \/>\n\t<meta property=\"og:image:width\" content=\"125\" \/>\n\t<meta property=\"og:image:height\" content=\"90\" \/>\n\t<meta property=\"og:image:type\" content=\"image\/gif\" \/>\n<meta name=\"twitter:card\" content=\"summary_large_image\" \/>\n<meta name=\"twitter:label1\" content=\"Dur\u00e9e de lecture estim\u00e9e\" \/>\n\t<meta name=\"twitter:data1\" content=\"3 minutes\" \/>\n<script type=\"application\/ld+json\" class=\"yoast-schema-graph\">{\"@context\":\"https:\\\/\\\/schema.org\",\"@graph\":[{\"@type\":\"WebPage\",\"@id\":\"https:\\\/\\\/abc-latina.com\\\/costarica\\\/infoprat\\\/\",\"url\":\"https:\\\/\\\/abc-latina.com\\\/costarica\\\/infoprat\\\/\",\"name\":\"INFORMATIONS PRATIQUES - Abc-latina\",\"isPartOf\":{\"@id\":\"https:\\\/\\\/abc-latina.com\\\/#website\"},\"primaryImageOfPage\":{\"@id\":\"https:\\\/\\\/abc-latina.com\\\/costarica\\\/infoprat\\\/#primaryimage\"},\"image\":{\"@id\":\"https:\\\/\\\/abc-latina.com\\\/costarica\\\/infoprat\\\/#primaryimage\"},\"thumbnailUrl\":\"https:\\\/\\\/abc-latina.com\\\/wp-content\\\/uploads\\\/2010\\\/04\\\/timbre_to.gif\",\"datePublished\":\"2010-06-16T04:07:17+00:00\",\"dateModified\":\"2026-04-30T16:25:00+00:00\",\"description\":\"Les conseils et infos avant de partir en voyage au Costa Rica.\",\"breadcrumb\":{\"@id\":\"https:\\\/\\\/abc-latina.com\\\/costarica\\\/infoprat\\\/#breadcrumb\"},\"inLanguage\":\"fr-FR\",\"potentialAction\":[{\"@type\":\"ReadAction\",\"target\":[\"https:\\\/\\\/abc-latina.com\\\/costarica\\\/infoprat\\\/\"]}]},{\"@type\":\"ImageObject\",\"inLanguage\":\"fr-FR\",\"@id\":\"https:\\\/\\\/abc-latina.com\\\/costarica\\\/infoprat\\\/#primaryimage\",\"url\":\"https:\\\/\\\/abc-latina.com\\\/wp-content\\\/uploads\\\/2010\\\/04\\\/timbre_to.gif\",\"contentUrl\":\"https:\\\/\\\/abc-latina.com\\\/wp-content\\\/uploads\\\/2010\\\/04\\\/timbre_to.gif\",\"width\":125,\"height\":90},{\"@type\":\"BreadcrumbList\",\"@id\":\"https:\\\/\\\/abc-latina.com\\\/costarica\\\/infoprat\\\/#breadcrumb\",\"itemListElement\":[{\"@type\":\"ListItem\",\"position\":1,\"name\":\"Accueil\",\"item\":\"https:\\\/\\\/abc-latina.com\\\/\"},{\"@type\":\"ListItem\",\"position\":2,\"name\":\"INFORMATIONS PRATIQUES\"}]},{\"@type\":\"WebSite\",\"@id\":\"https:\\\/\\\/abc-latina.com\\\/#website\",\"url\":\"https:\\\/\\\/abc-latina.com\\\/\",\"name\":\"Abc-latina\",\"description\":\"\",\"publisher\":{\"@id\":\"https:\\\/\\\/abc-latina.com\\\/#organization\"},\"potentialAction\":[{\"@type\":\"SearchAction\",\"target\":{\"@type\":\"EntryPoint\",\"urlTemplate\":\"https:\\\/\\\/abc-latina.com\\\/?s={search_term_string}\"},\"query-input\":{\"@type\":\"PropertyValueSpecification\",\"valueRequired\":true,\"valueName\":\"search_term_string\"}}],\"inLanguage\":\"fr-FR\"},{\"@type\":\"Organization\",\"@id\":\"https:\\\/\\\/abc-latina.com\\\/#organization\",\"name\":\"Abc-latina\",\"url\":\"https:\\\/\\\/abc-latina.com\\\/\",\"logo\":{\"@type\":\"ImageObject\",\"inLanguage\":\"fr-FR\",\"@id\":\"https:\\\/\\\/abc-latina.com\\\/#\\\/schema\\\/logo\\\/image\\\/\",\"url\":\"https:\\\/\\\/abc-latina.com\\\/wp-content\\\/uploads\\\/2026\\\/05\\\/cropped-logo.gif\",\"contentUrl\":\"https:\\\/\\\/abc-latina.com\\\/wp-content\\\/uploads\\\/2026\\\/05\\\/cropped-logo.gif\",\"width\":89,\"height\":84,\"caption\":\"Abc-latina\"},\"image\":{\"@id\":\"https:\\\/\\\/abc-latina.com\\\/#\\\/schema\\\/logo\\\/image\\\/\"}}]}<\/script>\n<!-- \/ Yoast SEO plugin. -->","yoast_head_json":{"title":"INFORMATIONS PRATIQUES - Abc-latina","description":"Les conseils et infos avant de partir en voyage au Costa Rica.","robots":{"index":"index","follow":"follow","max-snippet":"max-snippet:-1","max-image-preview":"max-image-preview:large","max-video-preview":"max-video-preview:-1"},"canonical":"https:\/\/abc-latina.com\/costarica\/infoprat\/","og_locale":"fr_FR","og_type":"article","og_title":"INFORMATIONS PRATIQUES - Abc-latina","og_description":"Les conseils et infos avant de partir en voyage au Costa Rica.","og_url":"https:\/\/abc-latina.com\/costarica\/infoprat\/","og_site_name":"Abc-latina","article_modified_time":"2026-04-30T16:25:00+00:00","og_image":[{"width":125,"height":90,"url":"https:\/\/abc-latina.com\/wp-content\/uploads\/2010\/04\/timbre_to.gif","type":"image\/gif"}],"twitter_card":"summary_large_image","twitter_misc":{"Dur\u00e9e de lecture estim\u00e9e":"3 minutes"},"schema":{"@context":"https:\/\/schema.org","@graph":[{"@type":"WebPage","@id":"https:\/\/abc-latina.com\/costarica\/infoprat\/","url":"https:\/\/abc-latina.com\/costarica\/infoprat\/","name":"INFORMATIONS PRATIQUES - Abc-latina","isPartOf":{"@id":"https:\/\/abc-latina.com\/#website"},"primaryImageOfPage":{"@id":"https:\/\/abc-latina.com\/costarica\/infoprat\/#primaryimage"},"image":{"@id":"https:\/\/abc-latina.com\/costarica\/infoprat\/#primaryimage"},"thumbnailUrl":"https:\/\/abc-latina.com\/wp-content\/uploads\/2010\/04\/timbre_to.gif","datePublished":"2010-06-16T04:07:17+00:00","dateModified":"2026-04-30T16:25:00+00:00","description":"Les conseils et infos avant de partir en voyage au Costa Rica.","breadcrumb":{"@id":"https:\/\/abc-latina.com\/costarica\/infoprat\/#breadcrumb"},"inLanguage":"fr-FR","potentialAction":[{"@type":"ReadAction","target":["https:\/\/abc-latina.com\/costarica\/infoprat\/"]}]},{"@type":"ImageObject","inLanguage":"fr-FR","@id":"https:\/\/abc-latina.com\/costarica\/infoprat\/#primaryimage","url":"https:\/\/abc-latina.com\/wp-content\/uploads\/2010\/04\/timbre_to.gif","contentUrl":"https:\/\/abc-latina.com\/wp-content\/uploads\/2010\/04\/timbre_to.gif","width":125,"height":90},{"@type":"BreadcrumbList","@id":"https:\/\/abc-latina.com\/costarica\/infoprat\/#breadcrumb","itemListElement":[{"@type":"ListItem","position":1,"name":"Accueil","item":"https:\/\/abc-latina.com\/"},{"@type":"ListItem","position":2,"name":"INFORMATIONS PRATIQUES"}]},{"@type":"WebSite","@id":"https:\/\/abc-latina.com\/#website","url":"https:\/\/abc-latina.com\/","name":"Abc-latina","description":"","publisher":{"@id":"https:\/\/abc-latina.com\/#organization"},"potentialAction":[{"@type":"SearchAction","target":{"@type":"EntryPoint","urlTemplate":"https:\/\/abc-latina.com\/?s={search_term_string}"},"query-input":{"@type":"PropertyValueSpecification","valueRequired":true,"valueName":"search_term_string"}}],"inLanguage":"fr-FR"},{"@type":"Organization","@id":"https:\/\/abc-latina.com\/#organization","name":"Abc-latina","url":"https:\/\/abc-latina.com\/","logo":{"@type":"ImageObject","inLanguage":"fr-FR","@id":"https:\/\/abc-latina.com\/#\/schema\/logo\/image\/","url":"https:\/\/abc-latina.com\/wp-content\/uploads\/2026\/05\/cropped-logo.gif","contentUrl":"https:\/\/abc-latina.com\/wp-content\/uploads\/2026\/05\/cropped-logo.gif","width":89,"height":84,"caption":"Abc-latina"},"image":{"@id":"https:\/\/abc-latina.com\/#\/schema\/logo\/image\/"}}]}},"_links":{"self":[{"href":"https:\/\/abc-latina.com\/wp-json\/wp\/v2\/pages\/1305","targetHints":{"allow":["GET"]}}],"collection":[{"href":"https:\/\/abc-latina.com\/wp-json\/wp\/v2\/pages"}],"about":[{"href":"https:\/\/abc-latina.com\/wp-json\/wp\/v2\/types\/page"}],"author":[{"embeddable":true,"href":"https:\/\/abc-latina.com\/wp-json\/wp\/v2\/users\/3"}],"replies":[{"embeddable":true,"href":"https:\/\/abc-latina.com\/wp-json\/wp\/v2\/comments?post=1305"}],"version-history":[{"count":1,"href":"https:\/\/abc-latina.com\/wp-json\/wp\/v2\/pages\/1305\/revisions"}],"predecessor-version":[{"id":3379,"href":"https:\/\/abc-latina.com\/wp-json\/wp\/v2\/pages\/1305\/revisions\/3379"}],"up":[{"embeddable":true,"href":"https:\/\/abc-latina.com\/wp-json\/wp\/v2\/pages\/2300"}],"wp:featuredmedia":[{"embeddable":true,"href":"https:\/\/abc-latina.com\/wp-json\/wp\/v2\/media\/41"}],"wp:attachment":[{"href":"https:\/\/abc-latina.com\/wp-json\/wp\/v2\/media?parent=1305"}],"curies":[{"name":"wp","href":"https:\/\/api.w.org\/{rel}","templated":true}]}}