{"id":1310,"date":"2010-06-16T06:13:41","date_gmt":"2010-06-16T04:13:41","guid":{"rendered":"http:\/\/abc-latina.com\/economie-htm-7\/"},"modified":"2026-04-30T18:25:00","modified_gmt":"2026-04-30T16:25:00","slug":"economie","status":"publish","type":"page","link":"https:\/\/abc-latina.com\/costarica\/economie\/","title":{"rendered":"ECONOMIE &#8211; COSTA RICA"},"content":{"rendered":"<div>Le Costa Rica tire l&rsquo;essentiel de ses revenus de l&rsquo;agriculture. Le caf\u00e9 est la base de l&rsquo;\u00e9conomie et g\u00e9n\u00e8re une grande partie des devises du pays, ainsi que la banane, le sucre et la viande d&rsquo;\u00e9levage.&nbsp;<\/div>\n<div>Le tourisme avec plus d&rsquo;un million de visiteurs chaque ann\u00e9e est un secteur en fort d\u00e9veloppement au Costa Rica, le gouvernement y a beaucoup investi durant les ann\u00e9es 90, mettant l&rsquo;accent sur les atouts naturels du pays.<\/div>\n<div>A partir des ann\u00e9es 80, le Costa Rica s&rsquo;est trouv\u00e9 dans l&rsquo;obligation de demander l&rsquo;aide du FMI et la banque mondiale pour r\u00e9duire sa dette ext\u00e9rieure.<\/div>\n<div>&nbsp;<\/div>\n<div><span class=\"eco-indic\">INDICATEURS ECONOMIQUES<\/span><\/div>\n<div>&nbsp;<\/div>\n<div>PIB (2007) : 24,2 Mds USD&nbsp;<\/div>\n<div>PIB\/hab.(2007) : 5.627 USD&nbsp;<\/div>\n<div>Taux de croissance (2007) : 6,8%&nbsp;<\/div>\n<div>Taux de ch\u00f4mage (2007) : 6,%&nbsp;<\/div>\n<div>Inflation (2007) : 11,5%&nbsp;<\/div>\n<div>&nbsp;<\/div>\n<div><span class=\"eco-indic2\">Part des principaux secteurs d&rsquo;activit\u00e9s dans le PIB :<\/span>&nbsp;<\/div>\n<div>&#8211; secteur agricole : 9%<\/div>\n<div>&#8211; secteur industriel : 29%&nbsp;<\/div>\n<div>&#8211; secteur des services : 62%<\/div>\n<div>&nbsp;<\/div>\n<div><span class=\"eco-indic2\">Principaux clients 2007 :<\/span>&nbsp;<\/div>\n<div>Etats-Unis, Chine, Pays-Bas, UE<\/div>\n<div>&nbsp;<\/div>\n<div><span class=\"eco-indic2\">Principaux fournisseurs 2007 :<\/span>&nbsp;<\/div>\n<div>Etats-Unis, Japon, Mexique<\/div>\n","protected":false},"excerpt":{"rendered":"<p>Le Costa Rica tire l&rsquo;essentiel de ses revenus de l&rsquo;agriculture. Le caf\u00e9 est la base de l&rsquo;\u00e9conomie et g\u00e9n\u00e8re une [&hellip;]<\/p>\n","protected":false},"author":3,"featured_media":0,"parent":2300,"menu_order":0,"comment_status":"closed","ping_status":"closed","template":"","meta":{"site-sidebar-layout":"default","site-content-layout":"","ast-site-content-layout":"default","site-content-style":"default","site-sidebar-style":"default","ast-global-header-display":"","ast-banner-title-visibility":"","ast-main-header-display":"","ast-hfb-above-header-display":"","ast-hfb-below-header-display":"","ast-hfb-mobile-header-display":"","site-post-title":"","ast-breadcrumbs-content":"","ast-featured-img":"","footer-sml-layout":"","ast-disable-related-posts":"","theme-transparent-header-meta":"","adv-header-id-meta":"","stick-header-meta":"","header-above-stick-meta":"","header-main-stick-meta":"","header-below-stick-meta":"","astra-migrate-meta-layouts":"default","ast-page-background-enabled":"default","ast-page-background-meta":{"desktop":{"background-color":"var(--ast-global-color-5)","background-image":"","background-repeat":"repeat","background-position":"center center","background-size":"auto","background-attachment":"scroll","background-type":"","background-media":"","overlay-type":"","overlay-color":"","overlay-opacity":"","overlay-gradient":""},"tablet":{"background-color":"","background-image":"","background-repeat":"repeat","background-position":"center center","background-size":"auto","background-attachment":"scroll","background-type":"","background-media":"","overlay-type":"","overlay-color":"","overlay-opacity":"","overlay-gradient":""},"mobile":{"background-color":"","background-image":"","background-repeat":"repeat","background-position":"center center","background-size":"auto","background-attachment":"scroll","background-type":"","background-media":"","overlay-type":"","overlay-color":"","overlay-opacity":"","overlay-gradient":""}},"ast-content-background-meta":{"desktop":{"background-color":"var(--ast-global-color-4)","background-image":"","background-repeat":"repeat","background-position":"center center","background-size":"auto","background-attachment":"scroll","background-type":"","background-media":"","overlay-type":"","overlay-color":"","overlay-opacity":"","overlay-gradient":""},"tablet":{"background-color":"var(--ast-global-color-4)","background-image":"","background-repeat":"repeat","background-position":"center center","background-size":"auto","background-attachment":"scroll","background-type":"","background-media":"","overlay-type":"","overlay-color":"","overlay-opacity":"","overlay-gradient":""},"mobile":{"background-color":"var(--ast-global-color-4)","background-image":"","background-repeat":"repeat","background-position":"center center","background-size":"auto","background-attachment":"scroll","background-type":"","background-media":"","overlay-type":"","overlay-color":"","overlay-opacity":"","overlay-gradient":""}},"footnotes":""},"class_list":["post-1310","page","type-page","status-publish","hentry"],"yoast_head":"<!-- This site is optimized with the Yoast SEO plugin v27.5 - https:\/\/yoast.com\/product\/yoast-seo-wordpress\/ -->\n<title>ECONOMIE - COSTA RICA - Abc-latina<\/title>\n<meta name=\"description\" content=\"L&#039;\u00e9conomie du Costa Rica: Industrie, Agriculture et Services.\" \/>\n<meta name=\"robots\" content=\"index, follow, max-snippet:-1, max-image-preview:large, max-video-preview:-1\" \/>\n<link rel=\"canonical\" href=\"https:\/\/abc-latina.com\/costarica\/economie\/\" \/>\n<meta property=\"og:locale\" content=\"fr_FR\" \/>\n<meta property=\"og:type\" content=\"article\" \/>\n<meta property=\"og:title\" content=\"ECONOMIE - COSTA RICA - Abc-latina\" \/>\n<meta property=\"og:description\" content=\"L&#039;\u00e9conomie du Costa Rica: Industrie, Agriculture et Services.\" \/>\n<meta property=\"og:url\" content=\"https:\/\/abc-latina.com\/costarica\/economie\/\" \/>\n<meta property=\"og:site_name\" content=\"Abc-latina\" \/>\n<meta property=\"article:modified_time\" content=\"2026-04-30T16:25:00+00:00\" \/>\n<meta name=\"twitter:card\" content=\"summary_large_image\" \/>\n<meta name=\"twitter:label1\" content=\"Dur\u00e9e de lecture estim\u00e9e\" \/>\n\t<meta name=\"twitter:data1\" content=\"1 minute\" \/>\n<script type=\"application\/ld+json\" class=\"yoast-schema-graph\">{\"@context\":\"https:\\\/\\\/schema.org\",\"@graph\":[{\"@type\":\"WebPage\",\"@id\":\"https:\\\/\\\/abc-latina.com\\\/costarica\\\/economie\\\/\",\"url\":\"https:\\\/\\\/abc-latina.com\\\/costarica\\\/economie\\\/\",\"name\":\"ECONOMIE - COSTA RICA - Abc-latina\",\"isPartOf\":{\"@id\":\"https:\\\/\\\/abc-latina.com\\\/#website\"},\"datePublished\":\"2010-06-16T04:13:41+00:00\",\"dateModified\":\"2026-04-30T16:25:00+00:00\",\"description\":\"L'\u00e9conomie du Costa Rica: Industrie, Agriculture et Services.\",\"breadcrumb\":{\"@id\":\"https:\\\/\\\/abc-latina.com\\\/costarica\\\/economie\\\/#breadcrumb\"},\"inLanguage\":\"fr-FR\",\"potentialAction\":[{\"@type\":\"ReadAction\",\"target\":[\"https:\\\/\\\/abc-latina.com\\\/costarica\\\/economie\\\/\"]}]},{\"@type\":\"BreadcrumbList\",\"@id\":\"https:\\\/\\\/abc-latina.com\\\/costarica\\\/economie\\\/#breadcrumb\",\"itemListElement\":[{\"@type\":\"ListItem\",\"position\":1,\"name\":\"Accueil\",\"item\":\"https:\\\/\\\/abc-latina.com\\\/\"},{\"@type\":\"ListItem\",\"position\":2,\"name\":\"ECONOMIE &#8211; COSTA RICA\"}]},{\"@type\":\"WebSite\",\"@id\":\"https:\\\/\\\/abc-latina.com\\\/#website\",\"url\":\"https:\\\/\\\/abc-latina.com\\\/\",\"name\":\"Abc-latina\",\"description\":\"\",\"publisher\":{\"@id\":\"https:\\\/\\\/abc-latina.com\\\/#organization\"},\"potentialAction\":[{\"@type\":\"SearchAction\",\"target\":{\"@type\":\"EntryPoint\",\"urlTemplate\":\"https:\\\/\\\/abc-latina.com\\\/?s={search_term_string}\"},\"query-input\":{\"@type\":\"PropertyValueSpecification\",\"valueRequired\":true,\"valueName\":\"search_term_string\"}}],\"inLanguage\":\"fr-FR\"},{\"@type\":\"Organization\",\"@id\":\"https:\\\/\\\/abc-latina.com\\\/#organization\",\"name\":\"Abc-latina\",\"url\":\"https:\\\/\\\/abc-latina.com\\\/\",\"logo\":{\"@type\":\"ImageObject\",\"inLanguage\":\"fr-FR\",\"@id\":\"https:\\\/\\\/abc-latina.com\\\/#\\\/schema\\\/logo\\\/image\\\/\",\"url\":\"https:\\\/\\\/abc-latina.com\\\/wp-content\\\/uploads\\\/2026\\\/05\\\/cropped-logo.gif\",\"contentUrl\":\"https:\\\/\\\/abc-latina.com\\\/wp-content\\\/uploads\\\/2026\\\/05\\\/cropped-logo.gif\",\"width\":89,\"height\":84,\"caption\":\"Abc-latina\"},\"image\":{\"@id\":\"https:\\\/\\\/abc-latina.com\\\/#\\\/schema\\\/logo\\\/image\\\/\"}}]}<\/script>\n<!-- \/ Yoast SEO plugin. -->","yoast_head_json":{"title":"ECONOMIE - COSTA RICA - Abc-latina","description":"L'\u00e9conomie du Costa Rica: Industrie, Agriculture et Services.","robots":{"index":"index","follow":"follow","max-snippet":"max-snippet:-1","max-image-preview":"max-image-preview:large","max-video-preview":"max-video-preview:-1"},"canonical":"https:\/\/abc-latina.com\/costarica\/economie\/","og_locale":"fr_FR","og_type":"article","og_title":"ECONOMIE - COSTA RICA - Abc-latina","og_description":"L'\u00e9conomie du Costa Rica: Industrie, Agriculture et Services.","og_url":"https:\/\/abc-latina.com\/costarica\/economie\/","og_site_name":"Abc-latina","article_modified_time":"2026-04-30T16:25:00+00:00","twitter_card":"summary_large_image","twitter_misc":{"Dur\u00e9e de lecture estim\u00e9e":"1 minute"},"schema":{"@context":"https:\/\/schema.org","@graph":[{"@type":"WebPage","@id":"https:\/\/abc-latina.com\/costarica\/economie\/","url":"https:\/\/abc-latina.com\/costarica\/economie\/","name":"ECONOMIE - COSTA RICA - Abc-latina","isPartOf":{"@id":"https:\/\/abc-latina.com\/#website"},"datePublished":"2010-06-16T04:13:41+00:00","dateModified":"2026-04-30T16:25:00+00:00","description":"L'\u00e9conomie du Costa Rica: Industrie, Agriculture et Services.","breadcrumb":{"@id":"https:\/\/abc-latina.com\/costarica\/economie\/#breadcrumb"},"inLanguage":"fr-FR","potentialAction":[{"@type":"ReadAction","target":["https:\/\/abc-latina.com\/costarica\/economie\/"]}]},{"@type":"BreadcrumbList","@id":"https:\/\/abc-latina.com\/costarica\/economie\/#breadcrumb","itemListElement":[{"@type":"ListItem","position":1,"name":"Accueil","item":"https:\/\/abc-latina.com\/"},{"@type":"ListItem","position":2,"name":"ECONOMIE &#8211; COSTA RICA"}]},{"@type":"WebSite","@id":"https:\/\/abc-latina.com\/#website","url":"https:\/\/abc-latina.com\/","name":"Abc-latina","description":"","publisher":{"@id":"https:\/\/abc-latina.com\/#organization"},"potentialAction":[{"@type":"SearchAction","target":{"@type":"EntryPoint","urlTemplate":"https:\/\/abc-latina.com\/?s={search_term_string}"},"query-input":{"@type":"PropertyValueSpecification","valueRequired":true,"valueName":"search_term_string"}}],"inLanguage":"fr-FR"},{"@type":"Organization","@id":"https:\/\/abc-latina.com\/#organization","name":"Abc-latina","url":"https:\/\/abc-latina.com\/","logo":{"@type":"ImageObject","inLanguage":"fr-FR","@id":"https:\/\/abc-latina.com\/#\/schema\/logo\/image\/","url":"https:\/\/abc-latina.com\/wp-content\/uploads\/2026\/05\/cropped-logo.gif","contentUrl":"https:\/\/abc-latina.com\/wp-content\/uploads\/2026\/05\/cropped-logo.gif","width":89,"height":84,"caption":"Abc-latina"},"image":{"@id":"https:\/\/abc-latina.com\/#\/schema\/logo\/image\/"}}]}},"_links":{"self":[{"href":"https:\/\/abc-latina.com\/wp-json\/wp\/v2\/pages\/1310","targetHints":{"allow":["GET"]}}],"collection":[{"href":"https:\/\/abc-latina.com\/wp-json\/wp\/v2\/pages"}],"about":[{"href":"https:\/\/abc-latina.com\/wp-json\/wp\/v2\/types\/page"}],"author":[{"embeddable":true,"href":"https:\/\/abc-latina.com\/wp-json\/wp\/v2\/users\/3"}],"replies":[{"embeddable":true,"href":"https:\/\/abc-latina.com\/wp-json\/wp\/v2\/comments?post=1310"}],"version-history":[{"count":1,"href":"https:\/\/abc-latina.com\/wp-json\/wp\/v2\/pages\/1310\/revisions"}],"predecessor-version":[{"id":3375,"href":"https:\/\/abc-latina.com\/wp-json\/wp\/v2\/pages\/1310\/revisions\/3375"}],"up":[{"embeddable":true,"href":"https:\/\/abc-latina.com\/wp-json\/wp\/v2\/pages\/2300"}],"wp:attachment":[{"href":"https:\/\/abc-latina.com\/wp-json\/wp\/v2\/media?parent=1310"}],"curies":[{"name":"wp","href":"https:\/\/api.w.org\/{rel}","templated":true}]}}