{"id":1311,"date":"2010-06-16T06:18:30","date_gmt":"2010-06-16T04:18:30","guid":{"rendered":"http:\/\/abc-latina.com\/hotels-htm-5\/"},"modified":"2026-04-30T18:25:00","modified_gmt":"2026-04-30T16:25:00","slug":"hotels","status":"publish","type":"page","link":"https:\/\/abc-latina.com\/costarica\/hotels\/","title":{"rendered":"HOTELS au COSTA RICA"},"content":{"rendered":"<div><img loading=\"lazy\" decoding=\"async\" src=\"http:\/\/www.abc-latina.com\/images\/2018\/026-reservation-chambre-d-hotel.jpg\" alt=\"\" width=\"700\" height=\"446\" \/><\/div>\n<div>&nbsp;<\/div>\n<div>Ce moteur recherche simultan\u00e9ment votre <strong>chambre d&rsquo;h\u00f4tel au COSTA RICA<\/strong>&nbsp;chez nos partenaires, compare les offres, v\u00e9rifie les disponibilit\u00e9s en temps r\u00e9el et classe instantan\u00e9ment les r\u00e9sultats du moins cher au plus cher.<\/div>\n<div>&nbsp;<\/div>\n<div><script type=\"text\/javascript\">\nvar uri = 'https:\/\/impfr.tradedoubler.com\/imp?type(img)g(23126366)a(966162)' + new String (Math.random()).substring (2, 11);<\/p>\n<div><img loading=\"lazy\" decoding=\"async\" class=\" size-full wp-image-73\" src=\"http:\/\/abc-latina.com\/wp-content\/uploads\/2010\/06\/026-reservation-chambre-d-hotel.jpg\" width=\"700\" height=\"446\" alt=\"\" srcset=\"https:\/\/abc-latina.com\/wp-content\/uploads\/2010\/06\/026-reservation-chambre-d-hotel.jpg 700w, https:\/\/abc-latina.com\/wp-content\/uploads\/2010\/06\/026-reservation-chambre-d-hotel-300x191.jpg 300w\" sizes=\"auto, (max-width: 700px) 100vw, 700px\" \/><\/div>\n<div>&nbsp;<\/div>\n<div>Ce moteur recherche simultan\u00e9ment votre <strong>chambre d'h\u00f4tel au COSTA RICA<\/strong>&nbsp;chez nos partenaires, compare les offres, v\u00e9rifie les disponibilit\u00e9s en temps r\u00e9el et classe instantan\u00e9ment les r\u00e9sultats du moins cher au plus cher.<\/div>\n<div>&nbsp;<\/div>\n<div><script type=\"text\/javascript\">\nvar uri = 'https:\/\/impfr.tradedoubler.com\/imp?type(img)g(23126366)a(966162)' + new String (Math.random()).substring (2, 11);\ndocument.write('<a href=\"https:\/\/clk.tradedoubler.com\/click?p=244245&#038;a=966162&#038;g=23126366\" target=\"_BLANK\"><img decoding=\"async\" src=\"'+uri+'\" border=0><\/a>');\n<\/script><\/div>\n<h3>A savoir sur les h\u00f4tels au Costa Rica<\/h3>\n<p>Un choix d'h\u00f4tels \u00e0 prix raisonnable. Presque tous les h\u00f4teliers parlent anglais. Nombreux \u00e9tablissements \u00e0 San Jos\u00e9, du plus extravagant au petit h\u00f4tel familial nich\u00e9 dans les quartiers excentr\u00e9s. Plusieurs bons h\u00f4tels en dehors de la ville, pr\u00e8s de l'a\u00e9roport.  Les tarifs h\u00f4teliers sont sujets \u00e0 de brusques changements. Ajouter 3% de TVA et 3% de taxe touristique au prix affich\u00e9. En dehors de la capitale, les prix baissent, ainsi que le niveau de confort.<\/p>\n<p><strong>Classification<\/strong>: <br \/>De A \u00e0 D selon le prix. Dans les \u00e9tablissements de cat\u00e9gorie A (soit environ 20% du parc h\u00f4telier), le prix plancher est de 100 dollars US. Dans la cat\u00e9gorie B (environ 20% des h\u00f4tels), les prix varient de 50 \u00e0 70 dollars US. Cat\u00e9gorie C: De 30 \u00e0 50 dollars US. Cat\u00e9gorie D (environ 30% des \u00e9tablissements): De 10 \u00e0 30 dollars US.<\/p>\n","protected":false},"excerpt":{"rendered":"<p>&nbsp; Ce moteur recherche simultan\u00e9ment votre chambre d&rsquo;h\u00f4tel au COSTA RICA&nbsp;chez nos partenaires, compare les offres, v\u00e9rifie les disponibilit\u00e9s en [&hellip;]<\/p>\n","protected":false},"author":3,"featured_media":0,"parent":2300,"menu_order":0,"comment_status":"closed","ping_status":"closed","template":"","meta":{"site-sidebar-layout":"default","site-content-layout":"","ast-site-content-layout":"default","site-content-style":"default","site-sidebar-style":"default","ast-global-header-display":"","ast-banner-title-visibility":"","ast-main-header-display":"","ast-hfb-above-header-display":"","ast-hfb-below-header-display":"","ast-hfb-mobile-header-display":"","site-post-title":"","ast-breadcrumbs-content":"","ast-featured-img":"","footer-sml-layout":"","ast-disable-related-posts":"","theme-transparent-header-meta":"","adv-header-id-meta":"","stick-header-meta":"","header-above-stick-meta":"","header-main-stick-meta":"","header-below-stick-meta":"","astra-migrate-meta-layouts":"default","ast-page-background-enabled":"default","ast-page-background-meta":{"desktop":{"background-color":"var(--ast-global-color-5)","background-image":"","background-repeat":"repeat","background-position":"center center","background-size":"auto","background-attachment":"scroll","background-type":"","background-media":"","overlay-type":"","overlay-color":"","overlay-opacity":"","overlay-gradient":""},"tablet":{"background-color":"","background-image":"","background-repeat":"repeat","background-position":"center center","background-size":"auto","background-attachment":"scroll","background-type":"","background-media":"","overlay-type":"","overlay-color":"","overlay-opacity":"","overlay-gradient":""},"mobile":{"background-color":"","background-image":"","background-repeat":"repeat","background-position":"center center","background-size":"auto","background-attachment":"scroll","background-type":"","background-media":"","overlay-type":"","overlay-color":"","overlay-opacity":"","overlay-gradient":""}},"ast-content-background-meta":{"desktop":{"background-color":"var(--ast-global-color-4)","background-image":"","background-repeat":"repeat","background-position":"center center","background-size":"auto","background-attachment":"scroll","background-type":"","background-media":"","overlay-type":"","overlay-color":"","overlay-opacity":"","overlay-gradient":""},"tablet":{"background-color":"var(--ast-global-color-4)","background-image":"","background-repeat":"repeat","background-position":"center center","background-size":"auto","background-attachment":"scroll","background-type":"","background-media":"","overlay-type":"","overlay-color":"","overlay-opacity":"","overlay-gradient":""},"mobile":{"background-color":"var(--ast-global-color-4)","background-image":"","background-repeat":"repeat","background-position":"center center","background-size":"auto","background-attachment":"scroll","background-type":"","background-media":"","overlay-type":"","overlay-color":"","overlay-opacity":"","overlay-gradient":""}},"footnotes":""},"class_list":["post-1311","page","type-page","status-publish","hentry"],"yoast_head":"<!-- This site is optimized with the Yoast SEO plugin v27.5 - https:\/\/yoast.com\/product\/yoast-seo-wordpress\/ -->\n<title>HOTELS au COSTA RICA - Abc-latina<\/title>\n<meta name=\"description\" content=\"Reservation de chambre d&#039;hotels au Costa Rica. Hotels toutes cat\u00e9gories. R\u00e9servation en ligne.  Hebergement au Costa Rica.\" \/>\n<meta name=\"robots\" content=\"index, follow, max-snippet:-1, max-image-preview:large, max-video-preview:-1\" \/>\n<link rel=\"canonical\" href=\"https:\/\/abc-latina.com\/costarica\/hotels\/\" \/>\n<meta property=\"og:locale\" content=\"fr_FR\" \/>\n<meta property=\"og:type\" content=\"article\" \/>\n<meta property=\"og:title\" content=\"HOTELS au COSTA RICA - Abc-latina\" \/>\n<meta property=\"og:description\" content=\"Reservation de chambre d&#039;hotels au Costa Rica. Hotels toutes cat\u00e9gories. R\u00e9servation en ligne.  Hebergement au Costa Rica.\" \/>\n<meta property=\"og:url\" content=\"https:\/\/abc-latina.com\/costarica\/hotels\/\" \/>\n<meta property=\"og:site_name\" content=\"Abc-latina\" \/>\n<meta property=\"article:modified_time\" content=\"2026-04-30T16:25:00+00:00\" \/>\n<meta property=\"og:image\" content=\"http:\/\/www.abc-latina.com\/images\/2018\/026-reservation-chambre-d-hotel.jpg\" \/>\n<meta name=\"twitter:card\" content=\"summary_large_image\" \/>\n<meta name=\"twitter:label1\" content=\"Dur\u00e9e de lecture estim\u00e9e\" \/>\n\t<meta name=\"twitter:data1\" content=\"1 minute\" \/>\n<script type=\"application\/ld+json\" class=\"yoast-schema-graph\">{\"@context\":\"https:\\\/\\\/schema.org\",\"@graph\":[{\"@type\":\"WebPage\",\"@id\":\"https:\\\/\\\/abc-latina.com\\\/costarica\\\/hotels\\\/\",\"url\":\"https:\\\/\\\/abc-latina.com\\\/costarica\\\/hotels\\\/\",\"name\":\"HOTELS au COSTA RICA - Abc-latina\",\"isPartOf\":{\"@id\":\"https:\\\/\\\/abc-latina.com\\\/#website\"},\"primaryImageOfPage\":{\"@id\":\"https:\\\/\\\/abc-latina.com\\\/costarica\\\/hotels\\\/#primaryimage\"},\"image\":{\"@id\":\"https:\\\/\\\/abc-latina.com\\\/costarica\\\/hotels\\\/#primaryimage\"},\"thumbnailUrl\":\"http:\\\/\\\/www.abc-latina.com\\\/images\\\/2018\\\/026-reservation-chambre-d-hotel.jpg\",\"datePublished\":\"2010-06-16T04:18:30+00:00\",\"dateModified\":\"2026-04-30T16:25:00+00:00\",\"description\":\"Reservation de chambre d'hotels au Costa Rica. Hotels toutes cat\u00e9gories. R\u00e9servation en ligne. Hebergement au Costa Rica.\",\"breadcrumb\":{\"@id\":\"https:\\\/\\\/abc-latina.com\\\/costarica\\\/hotels\\\/#breadcrumb\"},\"inLanguage\":\"fr-FR\",\"potentialAction\":[{\"@type\":\"ReadAction\",\"target\":[\"https:\\\/\\\/abc-latina.com\\\/costarica\\\/hotels\\\/\"]}]},{\"@type\":\"ImageObject\",\"inLanguage\":\"fr-FR\",\"@id\":\"https:\\\/\\\/abc-latina.com\\\/costarica\\\/hotels\\\/#primaryimage\",\"url\":\"http:\\\/\\\/www.abc-latina.com\\\/images\\\/2018\\\/026-reservation-chambre-d-hotel.jpg\",\"contentUrl\":\"http:\\\/\\\/www.abc-latina.com\\\/images\\\/2018\\\/026-reservation-chambre-d-hotel.jpg\"},{\"@type\":\"BreadcrumbList\",\"@id\":\"https:\\\/\\\/abc-latina.com\\\/costarica\\\/hotels\\\/#breadcrumb\",\"itemListElement\":[{\"@type\":\"ListItem\",\"position\":1,\"name\":\"Accueil\",\"item\":\"https:\\\/\\\/abc-latina.com\\\/\"},{\"@type\":\"ListItem\",\"position\":2,\"name\":\"HOTELS au COSTA RICA\"}]},{\"@type\":\"WebSite\",\"@id\":\"https:\\\/\\\/abc-latina.com\\\/#website\",\"url\":\"https:\\\/\\\/abc-latina.com\\\/\",\"name\":\"Abc-latina\",\"description\":\"\",\"publisher\":{\"@id\":\"https:\\\/\\\/abc-latina.com\\\/#organization\"},\"potentialAction\":[{\"@type\":\"SearchAction\",\"target\":{\"@type\":\"EntryPoint\",\"urlTemplate\":\"https:\\\/\\\/abc-latina.com\\\/?s={search_term_string}\"},\"query-input\":{\"@type\":\"PropertyValueSpecification\",\"valueRequired\":true,\"valueName\":\"search_term_string\"}}],\"inLanguage\":\"fr-FR\"},{\"@type\":\"Organization\",\"@id\":\"https:\\\/\\\/abc-latina.com\\\/#organization\",\"name\":\"Abc-latina\",\"url\":\"https:\\\/\\\/abc-latina.com\\\/\",\"logo\":{\"@type\":\"ImageObject\",\"inLanguage\":\"fr-FR\",\"@id\":\"https:\\\/\\\/abc-latina.com\\\/#\\\/schema\\\/logo\\\/image\\\/\",\"url\":\"https:\\\/\\\/abc-latina.com\\\/wp-content\\\/uploads\\\/2026\\\/05\\\/cropped-logo.gif\",\"contentUrl\":\"https:\\\/\\\/abc-latina.com\\\/wp-content\\\/uploads\\\/2026\\\/05\\\/cropped-logo.gif\",\"width\":89,\"height\":84,\"caption\":\"Abc-latina\"},\"image\":{\"@id\":\"https:\\\/\\\/abc-latina.com\\\/#\\\/schema\\\/logo\\\/image\\\/\"}}]}<\/script>\n<!-- \/ Yoast SEO plugin. -->","yoast_head_json":{"title":"HOTELS au COSTA RICA - Abc-latina","description":"Reservation de chambre d'hotels au Costa Rica. Hotels toutes cat\u00e9gories. R\u00e9servation en ligne.  Hebergement au Costa Rica.","robots":{"index":"index","follow":"follow","max-snippet":"max-snippet:-1","max-image-preview":"max-image-preview:large","max-video-preview":"max-video-preview:-1"},"canonical":"https:\/\/abc-latina.com\/costarica\/hotels\/","og_locale":"fr_FR","og_type":"article","og_title":"HOTELS au COSTA RICA - Abc-latina","og_description":"Reservation de chambre d'hotels au Costa Rica. Hotels toutes cat\u00e9gories. R\u00e9servation en ligne.  Hebergement au Costa Rica.","og_url":"https:\/\/abc-latina.com\/costarica\/hotels\/","og_site_name":"Abc-latina","article_modified_time":"2026-04-30T16:25:00+00:00","og_image":[{"url":"http:\/\/www.abc-latina.com\/images\/2018\/026-reservation-chambre-d-hotel.jpg","type":"","width":"","height":""}],"twitter_card":"summary_large_image","twitter_misc":{"Dur\u00e9e de lecture estim\u00e9e":"1 minute"},"schema":{"@context":"https:\/\/schema.org","@graph":[{"@type":"WebPage","@id":"https:\/\/abc-latina.com\/costarica\/hotels\/","url":"https:\/\/abc-latina.com\/costarica\/hotels\/","name":"HOTELS au COSTA RICA - Abc-latina","isPartOf":{"@id":"https:\/\/abc-latina.com\/#website"},"primaryImageOfPage":{"@id":"https:\/\/abc-latina.com\/costarica\/hotels\/#primaryimage"},"image":{"@id":"https:\/\/abc-latina.com\/costarica\/hotels\/#primaryimage"},"thumbnailUrl":"http:\/\/www.abc-latina.com\/images\/2018\/026-reservation-chambre-d-hotel.jpg","datePublished":"2010-06-16T04:18:30+00:00","dateModified":"2026-04-30T16:25:00+00:00","description":"Reservation de chambre d'hotels au Costa Rica. Hotels toutes cat\u00e9gories. R\u00e9servation en ligne. Hebergement au Costa Rica.","breadcrumb":{"@id":"https:\/\/abc-latina.com\/costarica\/hotels\/#breadcrumb"},"inLanguage":"fr-FR","potentialAction":[{"@type":"ReadAction","target":["https:\/\/abc-latina.com\/costarica\/hotels\/"]}]},{"@type":"ImageObject","inLanguage":"fr-FR","@id":"https:\/\/abc-latina.com\/costarica\/hotels\/#primaryimage","url":"http:\/\/www.abc-latina.com\/images\/2018\/026-reservation-chambre-d-hotel.jpg","contentUrl":"http:\/\/www.abc-latina.com\/images\/2018\/026-reservation-chambre-d-hotel.jpg"},{"@type":"BreadcrumbList","@id":"https:\/\/abc-latina.com\/costarica\/hotels\/#breadcrumb","itemListElement":[{"@type":"ListItem","position":1,"name":"Accueil","item":"https:\/\/abc-latina.com\/"},{"@type":"ListItem","position":2,"name":"HOTELS au COSTA RICA"}]},{"@type":"WebSite","@id":"https:\/\/abc-latina.com\/#website","url":"https:\/\/abc-latina.com\/","name":"Abc-latina","description":"","publisher":{"@id":"https:\/\/abc-latina.com\/#organization"},"potentialAction":[{"@type":"SearchAction","target":{"@type":"EntryPoint","urlTemplate":"https:\/\/abc-latina.com\/?s={search_term_string}"},"query-input":{"@type":"PropertyValueSpecification","valueRequired":true,"valueName":"search_term_string"}}],"inLanguage":"fr-FR"},{"@type":"Organization","@id":"https:\/\/abc-latina.com\/#organization","name":"Abc-latina","url":"https:\/\/abc-latina.com\/","logo":{"@type":"ImageObject","inLanguage":"fr-FR","@id":"https:\/\/abc-latina.com\/#\/schema\/logo\/image\/","url":"https:\/\/abc-latina.com\/wp-content\/uploads\/2026\/05\/cropped-logo.gif","contentUrl":"https:\/\/abc-latina.com\/wp-content\/uploads\/2026\/05\/cropped-logo.gif","width":89,"height":84,"caption":"Abc-latina"},"image":{"@id":"https:\/\/abc-latina.com\/#\/schema\/logo\/image\/"}}]}},"_links":{"self":[{"href":"https:\/\/abc-latina.com\/wp-json\/wp\/v2\/pages\/1311","targetHints":{"allow":["GET"]}}],"collection":[{"href":"https:\/\/abc-latina.com\/wp-json\/wp\/v2\/pages"}],"about":[{"href":"https:\/\/abc-latina.com\/wp-json\/wp\/v2\/types\/page"}],"author":[{"embeddable":true,"href":"https:\/\/abc-latina.com\/wp-json\/wp\/v2\/users\/3"}],"replies":[{"embeddable":true,"href":"https:\/\/abc-latina.com\/wp-json\/wp\/v2\/comments?post=1311"}],"version-history":[{"count":1,"href":"https:\/\/abc-latina.com\/wp-json\/wp\/v2\/pages\/1311\/revisions"}],"predecessor-version":[{"id":3378,"href":"https:\/\/abc-latina.com\/wp-json\/wp\/v2\/pages\/1311\/revisions\/3378"}],"up":[{"embeddable":true,"href":"https:\/\/abc-latina.com\/wp-json\/wp\/v2\/pages\/2300"}],"wp:attachment":[{"href":"https:\/\/abc-latina.com\/wp-json\/wp\/v2\/media?parent=1311"}],"curies":[{"name":"wp","href":"https:\/\/api.w.org\/{rel}","templated":true}]}}