{"id":1320,"date":"2010-06-16T06:39:24","date_gmt":"2010-06-16T04:39:24","guid":{"rendered":"http:\/\/abc-latina.com\/cuisine-htm-5\/"},"modified":"2026-04-30T18:25:00","modified_gmt":"2026-04-30T16:25:00","slug":"cuisine","status":"publish","type":"page","link":"https:\/\/abc-latina.com\/costarica\/cuisine\/","title":{"rendered":"La CUISINE du COSTA RICA"},"content":{"rendered":"<p><img loading=\"lazy\" decoding=\"async\" class=\" size-full wp-image-1319\" src=\"http:\/\/abc-latina.com\/wp-content\/uploads\/2010\/06\/015-cuisine-du-costa-rica.jpg\" title=\"LA CUISINE DU COSTA RICA\" alt=\"LA CUISINE DU COSTA RICA\" width=\"480\" height=\"320\" srcset=\"https:\/\/abc-latina.com\/wp-content\/uploads\/2010\/06\/015-cuisine-du-costa-rica.jpg 700w, https:\/\/abc-latina.com\/wp-content\/uploads\/2010\/06\/015-cuisine-du-costa-rica-300x200.jpg 300w\" sizes=\"auto, (max-width: 480px) 100vw, 480px\" \/><\/p>\n<div>\n<div>&nbsp;<\/div>\n<div>En raison de ses ascendances <a href=\"https:\/\/www.abc-latina.com\/civilisations\/maya\" target=\"_blank\">Mayas<\/a>, le ma\u00efs est l&rsquo;un des produits de base de la <span class=\"geo-info\">cuisine du Costa Rica<\/span>, en voici quelques exemples :<\/div>\n<div>&nbsp;<\/div>\n<div>Le <strong>Tamal<\/strong> est une sorte de chausson fait avec de la p\u00e2te \u00e0 base de ma\u00efs, il est farci de porc et de poulet, d&rsquo;olives, de poivrons rouges \u00e9minc\u00e9s, de pipian (m\u00e9lange de p\u00e2te de ma\u00efs, de sauce tomate) et d&rsquo;amandes en poudre, le tout envelopp\u00e9 dans des feuilles de bananier.<\/div>\n<div><img loading=\"lazy\" decoding=\"async\" class=\" alignright size-full wp-image-66\" src=\"http:\/\/abc-latina.com\/wp-content\/uploads\/2010\/06\/cuisine.jpg\" title=\"La GASTRONOMIE du COSTA RICA\" alt=\"\" width=\"220\" vspace=\"9\" hspace=\"15\" height=\"220\" align=\"right\" srcset=\"https:\/\/abc-latina.com\/wp-content\/uploads\/2010\/06\/cuisine.jpg 220w, https:\/\/abc-latina.com\/wp-content\/uploads\/2010\/06\/cuisine-150x150.jpg 150w\" sizes=\"auto, (max-width: 220px) 100vw, 220px\" \/>Le <strong>Tamal asado<\/strong> est un g\u00e2teau dont la p\u00e2te est pr\u00e9par\u00e9e \u00e0 base de ma\u00efs, dans lequel on a incorpor\u00e9 de la cr\u00e8me fra\u00eeche, des \u0153ufs, du beurre, de la cannelle et du sucre.<\/div>\n<div>Les <strong>Tortillas<\/strong> sont des petites cr\u00eapes \u00e0 base de farine de ma\u00efs qui accompagnent les repas \u00e0 la fa\u00e7on du pain.<\/div>\n<div>Les <strong>Tacos<\/strong> sont des tortillas garnies de b\u0153uf \u00e9minc\u00e9, de chou, de tomate et de mayonnaise.<\/div>\n<div>Le <strong>Pozol<\/strong> est une soupe de ma\u00efs en grain compl\u00e9t\u00e9e de porc et d&rsquo;achiote.<\/div>\n<div>Les autres produits de base de la cuisine costaricienne sont les haricots noirs (en grains ou en pur\u00e9e) et le riz, mais aussi la pomme de terre, les p\u00e2tes, les lentilles &hellip;<\/div>\n<div>&nbsp;<\/div>\n<div><span class=\"geo-info3\">Parmi les desserts les plus appr\u00e9ci\u00e9s, on trouve :<\/span><\/div>\n<div>Le Pionono qui est un singulier m\u00e9lange de pur\u00e9e de bananes plantains et de pur\u00e9e de haricots noirs, servi en forme de g\u00e2teau roul\u00e9.&nbsp;<\/div>\n<div>Et aussi le Cajeta, un g\u00e2teau \u00e0 base de lait avec du sucre, de vanille ou de noix de coco r\u00e2p\u00e9e.<\/div>\n<div>&nbsp;<\/div>\n<div><span class=\"geo-info3\">Le plat le plus populaire<\/span> au Costa Rica est le Gallo pinto, un m\u00e9lange de haricots noirs et de riz, saut\u00e9 \u00e0 la po\u00eale, arros\u00e9 de cr\u00e8me fra\u00eeche et de sauce l\u00e9g\u00e8rement piquante (la salsa Lizano). On le consomme souvent au petit d\u00e9jeuner, parfois accompagn\u00e9 d&rsquo;\u0153ufs brouill\u00e9s.<\/div>\n<div>&nbsp;<\/div>\n<div><span class=\"geo-info3\">Les fruits<\/span> sont entre autres : bananes, mangues, goyaves, papayes, caramboles, pommes, past\u00e8ques.<\/div>\n<div>&nbsp;<\/div>\n<p><a href=\"http:\/\/www.restos-latinos.com\/costa_rica\/canada\" target=\"_blank\">Les restaurants costariciens au Canada<\/a><\/p>\n<\/div>\n","protected":false},"excerpt":{"rendered":"<p>&nbsp; En raison de ses ascendances Mayas, le ma\u00efs est l&rsquo;un des produits de base de la cuisine du Costa [&hellip;]<\/p>\n","protected":false},"author":3,"featured_media":1319,"parent":2300,"menu_order":0,"comment_status":"closed","ping_status":"closed","template":"","meta":{"site-sidebar-layout":"default","site-content-layout":"","ast-site-content-layout":"default","site-content-style":"default","site-sidebar-style":"default","ast-global-header-display":"","ast-banner-title-visibility":"","ast-main-header-display":"","ast-hfb-above-header-display":"","ast-hfb-below-header-display":"","ast-hfb-mobile-header-display":"","site-post-title":"","ast-breadcrumbs-content":"","ast-featured-img":"","footer-sml-layout":"","ast-disable-related-posts":"","theme-transparent-header-meta":"","adv-header-id-meta":"","stick-header-meta":"","header-above-stick-meta":"","header-main-stick-meta":"","header-below-stick-meta":"","astra-migrate-meta-layouts":"default","ast-page-background-enabled":"default","ast-page-background-meta":{"desktop":{"background-color":"var(--ast-global-color-5)","background-image":"","background-repeat":"repeat","background-position":"center center","background-size":"auto","background-attachment":"scroll","background-type":"","background-media":"","overlay-type":"","overlay-color":"","overlay-opacity":"","overlay-gradient":""},"tablet":{"background-color":"","background-image":"","background-repeat":"repeat","background-position":"center center","background-size":"auto","background-attachment":"scroll","background-type":"","background-media":"","overlay-type":"","overlay-color":"","overlay-opacity":"","overlay-gradient":""},"mobile":{"background-color":"","background-image":"","background-repeat":"repeat","background-position":"center center","background-size":"auto","background-attachment":"scroll","background-type":"","background-media":"","overlay-type":"","overlay-color":"","overlay-opacity":"","overlay-gradient":""}},"ast-content-background-meta":{"desktop":{"background-color":"var(--ast-global-color-4)","background-image":"","background-repeat":"repeat","background-position":"center center","background-size":"auto","background-attachment":"scroll","background-type":"","background-media":"","overlay-type":"","overlay-color":"","overlay-opacity":"","overlay-gradient":""},"tablet":{"background-color":"var(--ast-global-color-4)","background-image":"","background-repeat":"repeat","background-position":"center center","background-size":"auto","background-attachment":"scroll","background-type":"","background-media":"","overlay-type":"","overlay-color":"","overlay-opacity":"","overlay-gradient":""},"mobile":{"background-color":"var(--ast-global-color-4)","background-image":"","background-repeat":"repeat","background-position":"center center","background-size":"auto","background-attachment":"scroll","background-type":"","background-media":"","overlay-type":"","overlay-color":"","overlay-opacity":"","overlay-gradient":""}},"footnotes":""},"class_list":["post-1320","page","type-page","status-publish","has-post-thumbnail","hentry"],"yoast_head":"<!-- This site is optimized with the Yoast SEO plugin v27.5 - https:\/\/yoast.com\/product\/yoast-seo-wordpress\/ -->\n<title>La CUISINE du COSTA RICA - Abc-latina<\/title>\n<meta name=\"description\" content=\"La cuisine du Costa Rica.\" \/>\n<meta name=\"robots\" content=\"index, follow, max-snippet:-1, max-image-preview:large, max-video-preview:-1\" \/>\n<link rel=\"canonical\" href=\"https:\/\/abc-latina.com\/costarica\/cuisine\/\" \/>\n<meta property=\"og:locale\" content=\"fr_FR\" \/>\n<meta property=\"og:type\" content=\"article\" \/>\n<meta property=\"og:title\" content=\"La CUISINE du COSTA RICA - Abc-latina\" \/>\n<meta property=\"og:description\" content=\"La cuisine du Costa Rica.\" \/>\n<meta property=\"og:url\" content=\"https:\/\/abc-latina.com\/costarica\/cuisine\/\" \/>\n<meta property=\"og:site_name\" content=\"Abc-latina\" \/>\n<meta property=\"article:modified_time\" content=\"2026-04-30T16:25:00+00:00\" \/>\n<meta property=\"og:image\" content=\"https:\/\/abc-latina.com\/wp-content\/uploads\/2010\/06\/015-cuisine-du-costa-rica.jpg\" \/>\n\t<meta property=\"og:image:width\" content=\"700\" \/>\n\t<meta property=\"og:image:height\" content=\"467\" \/>\n\t<meta property=\"og:image:type\" content=\"image\/jpeg\" \/>\n<meta name=\"twitter:card\" content=\"summary_large_image\" \/>\n<meta name=\"twitter:label1\" content=\"Dur\u00e9e de lecture estim\u00e9e\" \/>\n\t<meta name=\"twitter:data1\" content=\"2 minutes\" \/>\n<script type=\"application\/ld+json\" class=\"yoast-schema-graph\">{\"@context\":\"https:\\\/\\\/schema.org\",\"@graph\":[{\"@type\":\"WebPage\",\"@id\":\"https:\\\/\\\/abc-latina.com\\\/costarica\\\/cuisine\\\/\",\"url\":\"https:\\\/\\\/abc-latina.com\\\/costarica\\\/cuisine\\\/\",\"name\":\"La CUISINE du COSTA RICA - Abc-latina\",\"isPartOf\":{\"@id\":\"https:\\\/\\\/abc-latina.com\\\/#website\"},\"primaryImageOfPage\":{\"@id\":\"https:\\\/\\\/abc-latina.com\\\/costarica\\\/cuisine\\\/#primaryimage\"},\"image\":{\"@id\":\"https:\\\/\\\/abc-latina.com\\\/costarica\\\/cuisine\\\/#primaryimage\"},\"thumbnailUrl\":\"https:\\\/\\\/abc-latina.com\\\/wp-content\\\/uploads\\\/2010\\\/06\\\/015-cuisine-du-costa-rica.jpg\",\"datePublished\":\"2010-06-16T04:39:24+00:00\",\"dateModified\":\"2026-04-30T16:25:00+00:00\",\"description\":\"La cuisine du Costa Rica.\",\"breadcrumb\":{\"@id\":\"https:\\\/\\\/abc-latina.com\\\/costarica\\\/cuisine\\\/#breadcrumb\"},\"inLanguage\":\"fr-FR\",\"potentialAction\":[{\"@type\":\"ReadAction\",\"target\":[\"https:\\\/\\\/abc-latina.com\\\/costarica\\\/cuisine\\\/\"]}]},{\"@type\":\"ImageObject\",\"inLanguage\":\"fr-FR\",\"@id\":\"https:\\\/\\\/abc-latina.com\\\/costarica\\\/cuisine\\\/#primaryimage\",\"url\":\"https:\\\/\\\/abc-latina.com\\\/wp-content\\\/uploads\\\/2010\\\/06\\\/015-cuisine-du-costa-rica.jpg\",\"contentUrl\":\"https:\\\/\\\/abc-latina.com\\\/wp-content\\\/uploads\\\/2010\\\/06\\\/015-cuisine-du-costa-rica.jpg\",\"width\":700,\"height\":467,\"caption\":\"LA CUISINE DU COSTA RICA\"},{\"@type\":\"BreadcrumbList\",\"@id\":\"https:\\\/\\\/abc-latina.com\\\/costarica\\\/cuisine\\\/#breadcrumb\",\"itemListElement\":[{\"@type\":\"ListItem\",\"position\":1,\"name\":\"Accueil\",\"item\":\"https:\\\/\\\/abc-latina.com\\\/\"},{\"@type\":\"ListItem\",\"position\":2,\"name\":\"La CUISINE du COSTA RICA\"}]},{\"@type\":\"WebSite\",\"@id\":\"https:\\\/\\\/abc-latina.com\\\/#website\",\"url\":\"https:\\\/\\\/abc-latina.com\\\/\",\"name\":\"Abc-latina\",\"description\":\"\",\"publisher\":{\"@id\":\"https:\\\/\\\/abc-latina.com\\\/#organization\"},\"potentialAction\":[{\"@type\":\"SearchAction\",\"target\":{\"@type\":\"EntryPoint\",\"urlTemplate\":\"https:\\\/\\\/abc-latina.com\\\/?s={search_term_string}\"},\"query-input\":{\"@type\":\"PropertyValueSpecification\",\"valueRequired\":true,\"valueName\":\"search_term_string\"}}],\"inLanguage\":\"fr-FR\"},{\"@type\":\"Organization\",\"@id\":\"https:\\\/\\\/abc-latina.com\\\/#organization\",\"name\":\"Abc-latina\",\"url\":\"https:\\\/\\\/abc-latina.com\\\/\",\"logo\":{\"@type\":\"ImageObject\",\"inLanguage\":\"fr-FR\",\"@id\":\"https:\\\/\\\/abc-latina.com\\\/#\\\/schema\\\/logo\\\/image\\\/\",\"url\":\"https:\\\/\\\/abc-latina.com\\\/wp-content\\\/uploads\\\/2026\\\/05\\\/cropped-logo.gif\",\"contentUrl\":\"https:\\\/\\\/abc-latina.com\\\/wp-content\\\/uploads\\\/2026\\\/05\\\/cropped-logo.gif\",\"width\":89,\"height\":84,\"caption\":\"Abc-latina\"},\"image\":{\"@id\":\"https:\\\/\\\/abc-latina.com\\\/#\\\/schema\\\/logo\\\/image\\\/\"}}]}<\/script>\n<!-- \/ Yoast SEO plugin. -->","yoast_head_json":{"title":"La CUISINE du COSTA RICA - Abc-latina","description":"La cuisine du Costa Rica.","robots":{"index":"index","follow":"follow","max-snippet":"max-snippet:-1","max-image-preview":"max-image-preview:large","max-video-preview":"max-video-preview:-1"},"canonical":"https:\/\/abc-latina.com\/costarica\/cuisine\/","og_locale":"fr_FR","og_type":"article","og_title":"La CUISINE du COSTA RICA - Abc-latina","og_description":"La cuisine du Costa Rica.","og_url":"https:\/\/abc-latina.com\/costarica\/cuisine\/","og_site_name":"Abc-latina","article_modified_time":"2026-04-30T16:25:00+00:00","og_image":[{"width":700,"height":467,"url":"https:\/\/abc-latina.com\/wp-content\/uploads\/2010\/06\/015-cuisine-du-costa-rica.jpg","type":"image\/jpeg"}],"twitter_card":"summary_large_image","twitter_misc":{"Dur\u00e9e de lecture estim\u00e9e":"2 minutes"},"schema":{"@context":"https:\/\/schema.org","@graph":[{"@type":"WebPage","@id":"https:\/\/abc-latina.com\/costarica\/cuisine\/","url":"https:\/\/abc-latina.com\/costarica\/cuisine\/","name":"La CUISINE du COSTA RICA - Abc-latina","isPartOf":{"@id":"https:\/\/abc-latina.com\/#website"},"primaryImageOfPage":{"@id":"https:\/\/abc-latina.com\/costarica\/cuisine\/#primaryimage"},"image":{"@id":"https:\/\/abc-latina.com\/costarica\/cuisine\/#primaryimage"},"thumbnailUrl":"https:\/\/abc-latina.com\/wp-content\/uploads\/2010\/06\/015-cuisine-du-costa-rica.jpg","datePublished":"2010-06-16T04:39:24+00:00","dateModified":"2026-04-30T16:25:00+00:00","description":"La cuisine du Costa Rica.","breadcrumb":{"@id":"https:\/\/abc-latina.com\/costarica\/cuisine\/#breadcrumb"},"inLanguage":"fr-FR","potentialAction":[{"@type":"ReadAction","target":["https:\/\/abc-latina.com\/costarica\/cuisine\/"]}]},{"@type":"ImageObject","inLanguage":"fr-FR","@id":"https:\/\/abc-latina.com\/costarica\/cuisine\/#primaryimage","url":"https:\/\/abc-latina.com\/wp-content\/uploads\/2010\/06\/015-cuisine-du-costa-rica.jpg","contentUrl":"https:\/\/abc-latina.com\/wp-content\/uploads\/2010\/06\/015-cuisine-du-costa-rica.jpg","width":700,"height":467,"caption":"LA CUISINE DU COSTA RICA"},{"@type":"BreadcrumbList","@id":"https:\/\/abc-latina.com\/costarica\/cuisine\/#breadcrumb","itemListElement":[{"@type":"ListItem","position":1,"name":"Accueil","item":"https:\/\/abc-latina.com\/"},{"@type":"ListItem","position":2,"name":"La CUISINE du COSTA RICA"}]},{"@type":"WebSite","@id":"https:\/\/abc-latina.com\/#website","url":"https:\/\/abc-latina.com\/","name":"Abc-latina","description":"","publisher":{"@id":"https:\/\/abc-latina.com\/#organization"},"potentialAction":[{"@type":"SearchAction","target":{"@type":"EntryPoint","urlTemplate":"https:\/\/abc-latina.com\/?s={search_term_string}"},"query-input":{"@type":"PropertyValueSpecification","valueRequired":true,"valueName":"search_term_string"}}],"inLanguage":"fr-FR"},{"@type":"Organization","@id":"https:\/\/abc-latina.com\/#organization","name":"Abc-latina","url":"https:\/\/abc-latina.com\/","logo":{"@type":"ImageObject","inLanguage":"fr-FR","@id":"https:\/\/abc-latina.com\/#\/schema\/logo\/image\/","url":"https:\/\/abc-latina.com\/wp-content\/uploads\/2026\/05\/cropped-logo.gif","contentUrl":"https:\/\/abc-latina.com\/wp-content\/uploads\/2026\/05\/cropped-logo.gif","width":89,"height":84,"caption":"Abc-latina"},"image":{"@id":"https:\/\/abc-latina.com\/#\/schema\/logo\/image\/"}}]}},"_links":{"self":[{"href":"https:\/\/abc-latina.com\/wp-json\/wp\/v2\/pages\/1320","targetHints":{"allow":["GET"]}}],"collection":[{"href":"https:\/\/abc-latina.com\/wp-json\/wp\/v2\/pages"}],"about":[{"href":"https:\/\/abc-latina.com\/wp-json\/wp\/v2\/types\/page"}],"author":[{"embeddable":true,"href":"https:\/\/abc-latina.com\/wp-json\/wp\/v2\/users\/3"}],"replies":[{"embeddable":true,"href":"https:\/\/abc-latina.com\/wp-json\/wp\/v2\/comments?post=1320"}],"version-history":[{"count":1,"href":"https:\/\/abc-latina.com\/wp-json\/wp\/v2\/pages\/1320\/revisions"}],"predecessor-version":[{"id":3374,"href":"https:\/\/abc-latina.com\/wp-json\/wp\/v2\/pages\/1320\/revisions\/3374"}],"up":[{"embeddable":true,"href":"https:\/\/abc-latina.com\/wp-json\/wp\/v2\/pages\/2300"}],"wp:featuredmedia":[{"embeddable":true,"href":"https:\/\/abc-latina.com\/wp-json\/wp\/v2\/media\/1319"}],"wp:attachment":[{"href":"https:\/\/abc-latina.com\/wp-json\/wp\/v2\/media?parent=1320"}],"curies":[{"name":"wp","href":"https:\/\/api.w.org\/{rel}","templated":true}]}}