{"id":1321,"date":"2010-06-16T06:48:35","date_gmt":"2010-06-16T04:48:35","guid":{"rendered":"http:\/\/abc-latina.com\/parc-htm\/"},"modified":"2026-04-30T18:25:00","modified_gmt":"2026-04-30T16:25:00","slug":"parc","status":"publish","type":"page","link":"https:\/\/abc-latina.com\/costarica\/parc\/","title":{"rendered":"LES PARCS NATIONAUX DU COSTA RICA"},"content":{"rendered":"<div>1- <span class=\"tourisme-chapitre\">Isla Bolanos<\/span><\/div>\n<div>Ile sur la cote pacifique (pr\u00e8s de Santa Rosa), \u00e0 1500 m de la c\u00f4te.<\/div>\n<div>C&rsquo;est un refuge de faune sauvage de 25 ha.<\/div>\n<div>nota : Camping interdit.<\/div>\n<div>Situ\u00e9 \u00e0 281 km de San Jos\u00e9.<\/div>\n<div>&nbsp;<\/div>\n<div>2-<span class=\"tourisme-chapitre\"> Santa Rosa<\/span><\/div>\n<div>Parc National de 45.500 ha situ\u00e9 dans le nord-ouest du pays.<\/div>\n<div>Dans ce centre mondial de recherche \u00e9cologique sur la for\u00eat tropicale s\u00e8che, on distingue plus de 600 vari\u00e9t\u00e9s de plantes, 2000 papillons et 260 esp\u00e8ces de mammif\u00e8res, ainsi que les magnifiques plages de Nancite et Naranjo o\u00f9 viennent pondre les tortues.<\/div>\n<div>nota : Le camping sauvage y est autoris\u00e9.<\/div>\n<div>Situ\u00e9 \u00e0 260 km de San Jos\u00e9.<\/div>\n<div>&nbsp;<\/div>\n<div>3-<span class=\"tourisme-chapitre\"> Parc &quot; Palo Verde &quot; et Refuge &quot; Dr. Rafael Lucas rodriguez Caballero &quot;<\/span><\/div>\n<div>Parc National de 9.500 ha &amp; Refuge national de faune sauvage de 7.400 ha.<\/div>\n<div>A eux deux ils constituent une unit\u00e9 bio-g\u00e9ographique exceptionnelle. Le parc comporte plus de 280 esp\u00e8ces d&rsquo;oiseaux et de nombreux arbres au bois pr\u00e9cieux.<\/div>\n<div>nota : Le camping sauvage y est autoris\u00e9.&nbsp;<\/div>\n<div>&nbsp;<\/div>\n<div>4- <span class=\"tourisme-chapitre\">Barra Honda<\/span><\/div>\n<div>Parc National de 2.300 ha.<\/div>\n<div>Ce parc offre aux visiteurs des grottes calcaires, pour certaines profondes de 240 m sous terre. Par ailleurs, on y trouve aussi une grande vari\u00e9t\u00e9 d&rsquo;oiseau, de singes et de mammif\u00e8res.<\/div>\n<div>nota : Le camping sauvage y est autoris\u00e9.<\/div>\n<div>Situ\u00e9 \u00e0 335 km de San Jos\u00e9.<\/div>\n<div>&nbsp;<\/div>\n<div>5-<span class=\"tourisme-chapitre\"> Ostional<\/span><\/div>\n<div>Refuge national de faune sauvage de 162 ha.<\/div>\n<div>Les fameuses tortues Lepidochelys Olivacea viennent y pondrent leurs \u0153ufs la nuit entre les mois de juillet et novembre. Sur les plages Les Iguanes et les crabes y ont trouv\u00e9 refuge. On compte aussi plus de 100 \u00e9speces d&rsquo;oiseaux.<\/div>\n<div>nota : Le camping sauvage y est autoris\u00e9.&nbsp;<\/div>\n<div>&nbsp;<\/div>\n<div>6- <span class=\"tourisme-chapitre\">Guayabo, Negritos et Los Pajaros<\/span><\/div>\n<div>Cet ensemble d&rsquo;\u00eeles d&rsquo;un total de 91 ha, constitue une r\u00e9serve biologique situ\u00e9e dans le golfe de Nicoya pour de nombreux oiseaux marins et la faune marine.<\/div>\n<div>nota : Camping interdit.<\/div>\n<div>&nbsp;<\/div>\n<div>7-<span class=\"tourisme-chapitre\"> Curu<\/span><\/div>\n<div>Refuge national de faune sauvage de 84 ha.<\/div>\n<div>Situ\u00e9 dans le golfe de Nicoya, il abrite plus de 15 vari\u00e9t\u00e9s d&rsquo;oiseaux, des singes Cebuscapucinus et des tortues.<\/div>\n<div>nota : Camping interdit<\/div>\n<div>&nbsp;<\/div>\n<div>8-<span class=\"tourisme-chapitre\"> Carara<\/span><\/div>\n<div>Reserve biologique de 4.700 ha.<\/div>\n<div>nota : Le camping sauvage y est autoris\u00e9.<\/div>\n<div>Situ\u00e9 \u00e0 110 km de San Jos\u00e9.<\/div>\n<div>&nbsp;<\/div>\n<div>9- <span class=\"tourisme-chapitre\">Cabo Blanco<\/span><\/div>\n<div>en cours<\/div>\n<div>&nbsp;<\/div>\n<div>10- <span class=\"tourisme-chapitre\">Manuel Antonio<\/span><\/div>\n<div>Parc national de 690 ha.<\/div>\n<div>C&rsquo;est l&rsquo;un des Parcs nationaux les plus visit\u00e9s du Costa Rica, il offre des plages d&rsquo;une beaut\u00e9 exceptionnelle qui sont tr\u00e8s appr\u00e9ci\u00e9es des plongeurs amateurs.<\/div>\n<div>On peut y observer 109 esp\u00e8ces de mammif\u00e8res, 184 esp\u00e8ces d&rsquo;oiseaux, 78 esp\u00e8ces de poissons, 17 d&rsquo;algues, 24 de crustac\u00e9s, 19 de coraux.<\/div>\n<div>&nbsp;<\/div>\n<div>11-<span class=\"tourisme-chapitre\"> lsla del Cano<\/span><\/div>\n<div>R\u00e9serve biologique de 200 ha.<\/div>\n<div>N\u00e9cropole pr\u00e9colombienne : cette r\u00e9gion est l&rsquo;une des plus anciennement peupl\u00e9es du pays.<\/div>\n<div>Les coraux se trouvent jusqu&rsquo;\u00e0 15 m de profondeur dans des eaux d&rsquo;une transparence unique.<\/div>\n<div>nota : Le camping sauvage y est autoris\u00e9.&nbsp;<\/div>\n<div>&nbsp;<\/div>\n<div>12- <span class=\"tourisme-chapitre\">Golfito<\/span><\/div>\n<div>Refuge national de 1310 ha.<\/div>\n<div>R\u00e9put\u00e9 surtout pour les mammif\u00e8res.<\/div>\n<div>Esp\u00e8ces rares d&rsquo;arbres et d&rsquo;arbustes (125 dont 4 proches de l&rsquo;extinction) et d&rsquo;orchid\u00e9es (31)<\/div>\n<div>nota : Le camping sauvage y est autoris\u00e9.<\/div>\n<div>Situ\u00e9 \u00e0 342 km de San Jos\u00e9.<\/div>\n<div>&nbsp;<\/div>\n<div>13- <span class=\"tourisme-chapitre\">Corcovado<\/span><\/div>\n<div>Parc national de 42.000 ha.<\/div>\n<div>La derni\u00e8re for\u00eat humide vierge de toute l&rsquo;Am\u00e9rique centrale. 550 esp\u00e8ces d&rsquo;arbres, 300 esp\u00e8ces d&rsquo;oiseaux, 139 esp\u00e8ces de mammif\u00e8res (pumas, couguars &hellip;) 10 000 esp\u00e8ces d&rsquo;insectes, 116 esp\u00e8ces de reptiles et d&rsquo;amphibiens.<\/div>\n<div>nota : Le camping sauvage y est autoris\u00e9.<\/div>\n<div>Situ\u00e9 \u00e0 335 km de San Jos\u00e9.<\/div>\n<div>&#8211; <a href=\"https:\/\/www.abc-latina.com\/costarica\/voyages\/parc_corcovado.php\">pour en savoir plus &#8230;&nbsp;<\/a><\/div>\n<div>&nbsp;<\/div>\n<div>14- <span class=\"tourisme-chapitre\">Isla del Coco<\/span><\/div>\n<div>Elle serait la plus grande \u00eele inhabit\u00e9e du monde. 85 esp\u00e8ces d&rsquo;oiseaux, 200 esp\u00e8ces de poissons, 57 esp\u00e8ces de crustac\u00e9s, 18 esp\u00e8ces de coraux, plus de 350 esp\u00e8ces d&rsquo;insectes. C&rsquo;est sur cette \u00eele qu&rsquo;a \u00e9t\u00e9 tourn\u00e9 le film Jurassique Park.&nbsp;<\/div>\n<div>&nbsp;<\/div>\n<div>15-<span class=\"tourisme-chapitre\"> Rincon de la Vieja<\/span><\/div>\n<div>Parc national de 14 000 ha.<\/div>\n<div>On y trouve la plus forte densit\u00e9 d&rsquo;orchid\u00e9es Cattleya Skinneri, La fleur nationale du Costa Rica, qui ne pousse qu&rsquo;en pleine nature. Pour faire l&rsquo;ascension du volcan, en activit\u00e9, Rincon de la Vieja (1900 m) il faut compter deux jours.&nbsp;<\/div>\n<div>De nombreux mammif\u00e8res dont trois esp\u00e8ces de singes et 200 esp\u00e8ces d&rsquo;oiseaux.&nbsp;<\/div>\n<div>nota : Le camping sauvage y est autoris\u00e9.<\/div>\n<div>Situ\u00e9 \u00e0 264 km de San Jos\u00e9.<\/div>\n<div>&nbsp;<\/div>\n<div>16- <span class=\"tourisme-chapitre\">Braulio Carrillo<\/span><\/div>\n<div>Parc national de 31 000 ha.<\/div>\n<div>On y trouve 6000 de esp\u00e8ces de plantes, 400 esp\u00e8ces oiseaux, dont le fameux quetzal, et aussi des tapirs, ocelots et jaguars.&nbsp;<\/div>\n<div>nota : Le camping y est autoris\u00e9.<\/div>\n<div>Situ\u00e9 \u00e0 23 km de San Jos\u00e9.<\/div>\n<div>&nbsp;<\/div>\n<div>17- <span class=\"tourisme-chapitre\">Volcan Poas<\/span><\/div>\n<div>Parc national de 5300 ha.<\/div>\n<div>Ce volcan haut de 2700 m\u00e8tres, est l&rsquo;un des plus spectaculaires du pays. Son crat\u00e8re mesure 1,5 km de diam\u00e8tre et 300 m de profondeur, ce qui en fait le plus grand geyser du monde. Son jet d&rsquo;eaux boueuses peut monter jusqu&rsquo;\u00e0 100 m.&nbsp;<\/div>\n<div>nota : Le camping y est autoris\u00e9.<\/div>\n<div>Situ\u00e9 \u00e0 37 km de San Jos\u00e9.<\/div>\n<div>&nbsp;<\/div>\n<div>18- <span class=\"tourisme-chapitre\">Volcan Irazu<\/span><\/div>\n<div>Parc national de 2300 ha.<\/div>\n<div>Le volcan Iraz\u00fa, toujours en activit\u00e9, haut de 3432 m est le plus haut volcan du pays. Par beau temps, il est possible depuis son sommet de voir l&rsquo;Atlantique et le Pacifique.&nbsp;<\/div>\n<div>nota : Le camping sauvage y est autoris\u00e9.<\/div>\n<div>Situ\u00e9 \u00e0 54 km de San Jos\u00e9.<\/div>\n<div>&nbsp;<\/div>\n<div>19-<span class=\"tourisme-chapitre\"> Guayabo<\/span><\/div>\n<div>C&rsquo;est le plus important site arch\u00e9ologique du pays. Son origine remonte \u00e0 500 av. J.-C. ; quant aux structures de pierre d\u00e9couvertes, elles datent de 800 \u00e0 1400 apr\u00e8s J.-C. On y trouve une faune abondante dont des toucans et des faucons&nbsp;<\/div>\n<div>nota : Le camping sauvage y est autoris\u00e9.<\/div>\n<div>Situ\u00e9 \u00e0 84 km de San Jos\u00e9.<\/div>\n<div>&nbsp;<\/div>\n<div>20- <span class=\"tourisme-chapitre\">Tapanti<\/span><\/div>\n<div>Refuge national de faune sauvage de 4715 ha.<\/div>\n<div>Arros\u00e9 par plus de 150 cours d&rsquo;eau, il comporte un bon nombre d&rsquo;esp\u00e8ces v\u00e9g\u00e9tales et animales dont de nombreuses esp\u00e8ces d&rsquo;aigles.&nbsp;<\/div>\n<div>nota : Le camping sauvage y est autoris\u00e9.<\/div>\n<div>Situ\u00e9 \u00e0 35 km de San Jos\u00e9.<\/div>\n<div>&nbsp;<\/div>\n<div>21- <span class=\"tourisme-chapitre\">Chirripo et Amistad Costa Rica-Panama<\/span><\/div>\n<div>Parcs nationaux de 50 000 et 190 000 ha.&nbsp;<\/div>\n<div>Ces deux Parcs offrent la plus grande diversit\u00e9 \u00e9cologique du pays. L&rsquo;Unesco les a d\u00e9clar\u00e9s &quot; R\u00e9serve de la Biosph\u00e8re &quot; en 1982 et les a inscrits sur la liste du Patrimoine de l&rsquo;Humanit\u00e9 en 1983. Cette r\u00e9gion poss\u00e8de la plus vaste for\u00eat vierge du pays. C\u00f4t\u00e9 faune : 215 esp\u00e8ces de mammif\u00e8res, 400 esp\u00e8ces d&rsquo;oiseaux, 250 esp\u00e8ces d&rsquo;amphibies et reptiles, 115 esp\u00e8ces de poissons d&rsquo;eau douce.<\/div>\n<div>Le Chirrip\u00f3 qui s&rsquo;y trouve, est le plus haut sommet du Costa Rica avec 3819 m de haut.&nbsp;<\/div>\n<div>nota : Le camping sauvage y est autoris\u00e9.<\/div>\n<div>Situ\u00e9 \u00e0 151 km de San Jos\u00e9.<\/div>\n<div>&nbsp;<\/div>\n<div>22- <span class=\"tourisme-chapitre\">Hitoy-Cerere<\/span><\/div>\n<div>R\u00e9serve biologique de 9000 ha.<\/div>\n<div>Ce sont les fleuves Hitoy et Cerere qui ont donn\u00e9 leurs noms au parc. L&rsquo;int\u00e9r\u00eat principal : les arbres, dont certains peuvent atteindre 50 m\u00e8tres de hauteur et aussi les 115 esp\u00e8ces d&rsquo;oiseaux pr\u00e9sents dans la r\u00e9serve.&nbsp;<\/div>\n<div>nota : Camping interdit.<\/div>\n<div>Situ\u00e9 \u00e0 219 km de San Jos\u00e9.<\/div>\n<div>&nbsp;<\/div>\n<div>23- <span class=\"tourisme-chapitre\">Cano Negro<\/span><\/div>\n<div>Refuge national de vie sauvage de 10 000 ha.&nbsp;<\/div>\n<div>Ce refuge comprend un lac d&rsquo;une surface de 800 ha et de 3 m de profondeur qui a la particularit\u00e9 de s&rsquo;\u00e9vaporer presque totalement au cours de la saison s\u00e8che. Le lac constitue le coeur de l&rsquo;activit\u00e9 des oiseaux migrateurs. On trouve aussi des pumas et des jaguars.&nbsp;<\/div>\n<div>nota : Le camping sauvage y est autoris\u00e9.<\/div>\n<div>Situ\u00e9 \u00e0 291 km de San Jos\u00e9.<\/div>\n<div>&nbsp;<\/div>\n<div>24- <span class=\"tourisme-chapitre\">Barra del Colorado<\/span><\/div>\n<div>Refuge national de vie sauvage de 92 000 ha.<\/div>\n<div>Une importante d\u00e9forestation clandestine met en p\u00e9ril l&rsquo;ensemble du refuge. L&rsquo;acc\u00e8s au refuge se fait en taxi a\u00e9rien ou en bateau \u00e0 partir de Barra car il n&rsquo;y a pas de route. On trouve parmi les esp\u00e8ces animales, le lamantin, le ca\u00efman. La mer toute proche en fait aussi un paradis pour la p\u00eache au tarpon et au bar.&nbsp;<\/div>\n<div>&nbsp;<\/div>\n<div>25- <span class=\"tourisme-chapitre\">Turtugero<\/span><\/div>\n<div>Parc national de 19 000 ha.<\/div>\n<div>C&rsquo;est sur les plages de cette r\u00e9gion que viennent pondre les fameuses tortues vertes Chelonia Mydas dont la longueur atteint fr\u00e9quemment un m\u00e8tre. Cette r\u00e9gion de ponte (septembre\/octobre) est la plus importante de l&rsquo;ouest des Cara\u00efbes.&nbsp;<\/div>\n<div>Une voie fluviale naturelle traverse le parc, et est parcourue par de petits bateaux dans le cadre d&rsquo;excursions.&nbsp;<\/div>\n<div>nota : Le camping sauvage y est autoris\u00e9.<\/div>\n<div>Situ\u00e9 \u00e0 254 km de San Jos\u00e9.<\/div>\n<div>&#8211; <a href=\"https:\/\/www.abc-latina.com\/costarica\/voyages\/tortuguero\">pour en savoir plus &#8230;<\/a><\/div>\n<div>&nbsp;<\/div>\n<div>26- <span class=\"tourisme-chapitre\">Cahuita<\/span><\/div>\n<div>Parc national de 1100 ha.&nbsp;<\/div>\n<div>Ce parc qui englobe les \u00e9tendues marines proches et une plage d&rsquo;une rare beaut\u00e9 vaut pour ses 35 esp\u00e8ces de coraux, 44 esp\u00e8ces de crustac\u00e9s, 128 esp\u00e8ces d&rsquo;algues, 500 esp\u00e8ces de poissons, et d&rsquo;innombrables esp\u00e8ces animales, dont les singes \u00e0 face blanche.&nbsp;<\/div>\n<div>nota : Le camping sauvage y est autoris\u00e9.<\/div>\n<div>Situ\u00e9 \u00e0 211 km de San Jos\u00e9.<\/div>\n<div>&nbsp;<\/div>\n<div>27- <span class=\"tourisme-chapitre\">Penas Blancas<\/span><\/div>\n<div>Refuge national de vie sauvage de 2400 ha.<\/div>\n<div>Constitu\u00e9 dans un premier temps pour prot\u00e9ger une importante chute d&rsquo;eau, ce parc national poss\u00e8de n\u00e9anmoins une faune riche et rare dont une grande vari\u00e9t\u00e9 de bambous et de ch\u00eanes.&nbsp;<\/div>\n<div>nota : Le camping sauvage y est autoris\u00e9.<\/div>\n<div>Situ\u00e9 \u00e0 115 km de San Jos\u00e9.<\/div>\n<div>&nbsp;<\/div>\n<div>28-<span class=\"tourisme-chapitre\"> Ricardo Jimenez Oreamuro<\/span><\/div>\n<div>Parc national de 1440 ha.&nbsp;<\/div>\n<div>Cette zone a \u00e9t\u00e9 rebois\u00e9e avec des arbres de tout le pays ou de cette partie du globe. On peut y observer plus de 70 esp\u00e8ces d&rsquo;oiseaux le long d&rsquo;une piste balis\u00e9e de 2 km qui conduit vers de belles cascades.&nbsp;<\/div>\n<div>nota : Le camping sauvage y est autoris\u00e9.<\/div>\n<div>Situ\u00e9 \u00e0 45 km de San Jos\u00e9.<\/div>\n<div>&nbsp;<\/div>\n<div>29- <span class=\"tourisme-chapitre\">Tamarindo<\/span><\/div>\n<div>Refuge national de vie sauvage de 420 ha.&nbsp;<\/div>\n<div>La plage constitue le principal centre d&rsquo;int\u00e9r\u00eat de ce refuge o\u00f9 il est possible d&rsquo;observer les fameuses tortues viennent y d\u00e9poser leurs oeufs.&nbsp;<\/div>\n<div>nota : Camping interdit.<\/div>\n<div>Situ\u00e9 \u00e0 321 km de San Jos\u00e9.<\/div>\n<div>&nbsp;<\/div>\n<div>30- <span class=\"tourisme-chapitre\">Lomas Parbudal<\/span><\/div>\n<div>R\u00e9serve biologique de 2300 ha.<\/div>\n<div>On l&rsquo;appelle couramment &quot; le Parc aux insectes &quot;. On y en mesure une densit\u00e9 exceptionnelle, Il y a plus de 250 esp\u00e8ces d&rsquo;abeilles. On d\u00e9nombre aussi 130 esp\u00e8ces d&rsquo;oiseaux, dont les toucans et de nombreux singes hurleurs et des capucins.&nbsp;<\/div>\n<div>nota : Le camping sauvage y est autoris\u00e9.<\/div>\n<div>Situ\u00e9 \u00e0 219 km de San Jos\u00e9.<\/div>\n<div>&nbsp;<\/div>\n<div>31- <span class=\"tourisme-chapitre\">Gandoca Manzanillo<\/span><\/div>\n<div>nota : Le camping sauvage y est autoris\u00e9.<\/div>\n<div>Situ\u00e9 \u00e0 241 km de San Jos\u00e9.<\/div>\n<div>&nbsp;<\/div>\n<div>32- <span class=\"tourisme-chapitre\">Santa Ana<\/span><\/div>\n<div>nota : Le pique-nique et le camping y sont autoris\u00e9s.<\/div>\n<div>Situ\u00e9 \u00e0 16 km de San Jos\u00e9.<\/div>\n<div>&nbsp;<\/div>\n<h3>Pr\u00e9parez votre voyage dans un Parc du Costa Rica :<\/h3>\n<div><a href=\"https:\/\/www.abc-latina.com\/costarica\/agence_de_voyages\">Agences de voyage g\u00e9n\u00e9ralistes et discounteurs<\/a><\/div>\n<div><a href=\"https:\/\/www.abc-latina.com\/costarica\/tour_operateur\">Tours Op\u00e9rateurs sp\u00e9cialistes du Costa Rica<\/a><\/div>\n<div><a href=\"https:\/\/www.abc-latina.com\/to\/reservation_billet_avion\" target=\"_blank\">R\u00e9servez votre billet d&rsquo;avion<\/a><\/div>\n<div><a href=\"https:\/\/www.abc-latina.com\/costarica\/hotels\">R\u00e9servez votre h\u00f4tel au Costa Rica<\/a>&nbsp;<\/div>\n<div><a href=\"https:\/\/www.abc-latina.com\/to\/location_de_voiture_costa_rica\" target=\"_blank\">Location de voiture<\/a><\/div>\n","protected":false},"excerpt":{"rendered":"<p>1- Isla Bolanos Ile sur la cote pacifique (pr\u00e8s de Santa Rosa), \u00e0 1500 m de la c\u00f4te. C&rsquo;est un [&hellip;]<\/p>\n","protected":false},"author":3,"featured_media":0,"parent":2300,"menu_order":0,"comment_status":"closed","ping_status":"closed","template":"","meta":{"site-sidebar-layout":"default","site-content-layout":"","ast-site-content-layout":"default","site-content-style":"default","site-sidebar-style":"default","ast-global-header-display":"","ast-banner-title-visibility":"","ast-main-header-display":"","ast-hfb-above-header-display":"","ast-hfb-below-header-display":"","ast-hfb-mobile-header-display":"","site-post-title":"","ast-breadcrumbs-content":"","ast-featured-img":"","footer-sml-layout":"","ast-disable-related-posts":"","theme-transparent-header-meta":"","adv-header-id-meta":"","stick-header-meta":"","header-above-stick-meta":"","header-main-stick-meta":"","header-below-stick-meta":"","astra-migrate-meta-layouts":"default","ast-page-background-enabled":"default","ast-page-background-meta":{"desktop":{"background-color":"var(--ast-global-color-5)","background-image":"","background-repeat":"repeat","background-position":"center center","background-size":"auto","background-attachment":"scroll","background-type":"","background-media":"","overlay-type":"","overlay-color":"","overlay-opacity":"","overlay-gradient":""},"tablet":{"background-color":"","background-image":"","background-repeat":"repeat","background-position":"center center","background-size":"auto","background-attachment":"scroll","background-type":"","background-media":"","overlay-type":"","overlay-color":"","overlay-opacity":"","overlay-gradient":""},"mobile":{"background-color":"","background-image":"","background-repeat":"repeat","background-position":"center center","background-size":"auto","background-attachment":"scroll","background-type":"","background-media":"","overlay-type":"","overlay-color":"","overlay-opacity":"","overlay-gradient":""}},"ast-content-background-meta":{"desktop":{"background-color":"var(--ast-global-color-4)","background-image":"","background-repeat":"repeat","background-position":"center center","background-size":"auto","background-attachment":"scroll","background-type":"","background-media":"","overlay-type":"","overlay-color":"","overlay-opacity":"","overlay-gradient":""},"tablet":{"background-color":"var(--ast-global-color-4)","background-image":"","background-repeat":"repeat","background-position":"center center","background-size":"auto","background-attachment":"scroll","background-type":"","background-media":"","overlay-type":"","overlay-color":"","overlay-opacity":"","overlay-gradient":""},"mobile":{"background-color":"var(--ast-global-color-4)","background-image":"","background-repeat":"repeat","background-position":"center center","background-size":"auto","background-attachment":"scroll","background-type":"","background-media":"","overlay-type":"","overlay-color":"","overlay-opacity":"","overlay-gradient":""}},"footnotes":""},"class_list":["post-1321","page","type-page","status-publish","hentry"],"yoast_head":"<!-- This site is optimized with the Yoast SEO plugin v27.5 - https:\/\/yoast.com\/product\/yoast-seo-wordpress\/ -->\n<title>LES PARCS NATIONAUX DU COSTA RICA - Abc-latina<\/title>\n<meta name=\"description\" content=\"Tous les Parcs nationaux, R\u00e9serves biologiques et Refuges du Costa Rica.\" \/>\n<meta name=\"robots\" content=\"index, follow, max-snippet:-1, max-image-preview:large, max-video-preview:-1\" \/>\n<link rel=\"canonical\" href=\"https:\/\/abc-latina.com\/costarica\/parc\/\" \/>\n<meta property=\"og:locale\" content=\"fr_FR\" \/>\n<meta property=\"og:type\" content=\"article\" \/>\n<meta property=\"og:title\" content=\"LES PARCS NATIONAUX DU COSTA RICA - Abc-latina\" \/>\n<meta property=\"og:description\" content=\"Tous les Parcs nationaux, R\u00e9serves biologiques et Refuges du Costa Rica.\" \/>\n<meta property=\"og:url\" content=\"https:\/\/abc-latina.com\/costarica\/parc\/\" \/>\n<meta property=\"og:site_name\" content=\"Abc-latina\" \/>\n<meta property=\"article:modified_time\" content=\"2026-04-30T16:25:00+00:00\" \/>\n<meta name=\"twitter:card\" content=\"summary_large_image\" \/>\n<meta name=\"twitter:label1\" content=\"Dur\u00e9e de lecture estim\u00e9e\" \/>\n\t<meta name=\"twitter:data1\" content=\"9 minutes\" \/>\n<script type=\"application\/ld+json\" class=\"yoast-schema-graph\">{\"@context\":\"https:\\\/\\\/schema.org\",\"@graph\":[{\"@type\":\"WebPage\",\"@id\":\"https:\\\/\\\/abc-latina.com\\\/costarica\\\/parc\\\/\",\"url\":\"https:\\\/\\\/abc-latina.com\\\/costarica\\\/parc\\\/\",\"name\":\"LES PARCS NATIONAUX DU COSTA RICA - Abc-latina\",\"isPartOf\":{\"@id\":\"https:\\\/\\\/abc-latina.com\\\/#website\"},\"datePublished\":\"2010-06-16T04:48:35+00:00\",\"dateModified\":\"2026-04-30T16:25:00+00:00\",\"description\":\"Tous les Parcs nationaux, R\u00e9serves biologiques et Refuges du Costa Rica.\",\"breadcrumb\":{\"@id\":\"https:\\\/\\\/abc-latina.com\\\/costarica\\\/parc\\\/#breadcrumb\"},\"inLanguage\":\"fr-FR\",\"potentialAction\":[{\"@type\":\"ReadAction\",\"target\":[\"https:\\\/\\\/abc-latina.com\\\/costarica\\\/parc\\\/\"]}]},{\"@type\":\"BreadcrumbList\",\"@id\":\"https:\\\/\\\/abc-latina.com\\\/costarica\\\/parc\\\/#breadcrumb\",\"itemListElement\":[{\"@type\":\"ListItem\",\"position\":1,\"name\":\"Accueil\",\"item\":\"https:\\\/\\\/abc-latina.com\\\/\"},{\"@type\":\"ListItem\",\"position\":2,\"name\":\"LES PARCS NATIONAUX DU COSTA RICA\"}]},{\"@type\":\"WebSite\",\"@id\":\"https:\\\/\\\/abc-latina.com\\\/#website\",\"url\":\"https:\\\/\\\/abc-latina.com\\\/\",\"name\":\"Abc-latina\",\"description\":\"\",\"publisher\":{\"@id\":\"https:\\\/\\\/abc-latina.com\\\/#organization\"},\"potentialAction\":[{\"@type\":\"SearchAction\",\"target\":{\"@type\":\"EntryPoint\",\"urlTemplate\":\"https:\\\/\\\/abc-latina.com\\\/?s={search_term_string}\"},\"query-input\":{\"@type\":\"PropertyValueSpecification\",\"valueRequired\":true,\"valueName\":\"search_term_string\"}}],\"inLanguage\":\"fr-FR\"},{\"@type\":\"Organization\",\"@id\":\"https:\\\/\\\/abc-latina.com\\\/#organization\",\"name\":\"Abc-latina\",\"url\":\"https:\\\/\\\/abc-latina.com\\\/\",\"logo\":{\"@type\":\"ImageObject\",\"inLanguage\":\"fr-FR\",\"@id\":\"https:\\\/\\\/abc-latina.com\\\/#\\\/schema\\\/logo\\\/image\\\/\",\"url\":\"https:\\\/\\\/abc-latina.com\\\/wp-content\\\/uploads\\\/2026\\\/05\\\/cropped-logo.gif\",\"contentUrl\":\"https:\\\/\\\/abc-latina.com\\\/wp-content\\\/uploads\\\/2026\\\/05\\\/cropped-logo.gif\",\"width\":89,\"height\":84,\"caption\":\"Abc-latina\"},\"image\":{\"@id\":\"https:\\\/\\\/abc-latina.com\\\/#\\\/schema\\\/logo\\\/image\\\/\"}}]}<\/script>\n<!-- \/ Yoast SEO plugin. -->","yoast_head_json":{"title":"LES PARCS NATIONAUX DU COSTA RICA - Abc-latina","description":"Tous les Parcs nationaux, R\u00e9serves biologiques et Refuges du Costa Rica.","robots":{"index":"index","follow":"follow","max-snippet":"max-snippet:-1","max-image-preview":"max-image-preview:large","max-video-preview":"max-video-preview:-1"},"canonical":"https:\/\/abc-latina.com\/costarica\/parc\/","og_locale":"fr_FR","og_type":"article","og_title":"LES PARCS NATIONAUX DU COSTA RICA - Abc-latina","og_description":"Tous les Parcs nationaux, R\u00e9serves biologiques et Refuges du Costa Rica.","og_url":"https:\/\/abc-latina.com\/costarica\/parc\/","og_site_name":"Abc-latina","article_modified_time":"2026-04-30T16:25:00+00:00","twitter_card":"summary_large_image","twitter_misc":{"Dur\u00e9e de lecture estim\u00e9e":"9 minutes"},"schema":{"@context":"https:\/\/schema.org","@graph":[{"@type":"WebPage","@id":"https:\/\/abc-latina.com\/costarica\/parc\/","url":"https:\/\/abc-latina.com\/costarica\/parc\/","name":"LES PARCS NATIONAUX DU COSTA RICA - Abc-latina","isPartOf":{"@id":"https:\/\/abc-latina.com\/#website"},"datePublished":"2010-06-16T04:48:35+00:00","dateModified":"2026-04-30T16:25:00+00:00","description":"Tous les Parcs nationaux, R\u00e9serves biologiques et Refuges du Costa Rica.","breadcrumb":{"@id":"https:\/\/abc-latina.com\/costarica\/parc\/#breadcrumb"},"inLanguage":"fr-FR","potentialAction":[{"@type":"ReadAction","target":["https:\/\/abc-latina.com\/costarica\/parc\/"]}]},{"@type":"BreadcrumbList","@id":"https:\/\/abc-latina.com\/costarica\/parc\/#breadcrumb","itemListElement":[{"@type":"ListItem","position":1,"name":"Accueil","item":"https:\/\/abc-latina.com\/"},{"@type":"ListItem","position":2,"name":"LES PARCS NATIONAUX DU COSTA RICA"}]},{"@type":"WebSite","@id":"https:\/\/abc-latina.com\/#website","url":"https:\/\/abc-latina.com\/","name":"Abc-latina","description":"","publisher":{"@id":"https:\/\/abc-latina.com\/#organization"},"potentialAction":[{"@type":"SearchAction","target":{"@type":"EntryPoint","urlTemplate":"https:\/\/abc-latina.com\/?s={search_term_string}"},"query-input":{"@type":"PropertyValueSpecification","valueRequired":true,"valueName":"search_term_string"}}],"inLanguage":"fr-FR"},{"@type":"Organization","@id":"https:\/\/abc-latina.com\/#organization","name":"Abc-latina","url":"https:\/\/abc-latina.com\/","logo":{"@type":"ImageObject","inLanguage":"fr-FR","@id":"https:\/\/abc-latina.com\/#\/schema\/logo\/image\/","url":"https:\/\/abc-latina.com\/wp-content\/uploads\/2026\/05\/cropped-logo.gif","contentUrl":"https:\/\/abc-latina.com\/wp-content\/uploads\/2026\/05\/cropped-logo.gif","width":89,"height":84,"caption":"Abc-latina"},"image":{"@id":"https:\/\/abc-latina.com\/#\/schema\/logo\/image\/"}}]}},"_links":{"self":[{"href":"https:\/\/abc-latina.com\/wp-json\/wp\/v2\/pages\/1321","targetHints":{"allow":["GET"]}}],"collection":[{"href":"https:\/\/abc-latina.com\/wp-json\/wp\/v2\/pages"}],"about":[{"href":"https:\/\/abc-latina.com\/wp-json\/wp\/v2\/types\/page"}],"author":[{"embeddable":true,"href":"https:\/\/abc-latina.com\/wp-json\/wp\/v2\/users\/3"}],"replies":[{"embeddable":true,"href":"https:\/\/abc-latina.com\/wp-json\/wp\/v2\/comments?post=1321"}],"version-history":[{"count":1,"href":"https:\/\/abc-latina.com\/wp-json\/wp\/v2\/pages\/1321\/revisions"}],"predecessor-version":[{"id":3382,"href":"https:\/\/abc-latina.com\/wp-json\/wp\/v2\/pages\/1321\/revisions\/3382"}],"up":[{"embeddable":true,"href":"https:\/\/abc-latina.com\/wp-json\/wp\/v2\/pages\/2300"}],"wp:attachment":[{"href":"https:\/\/abc-latina.com\/wp-json\/wp\/v2\/media?parent=1321"}],"curies":[{"name":"wp","href":"https:\/\/api.w.org\/{rel}","templated":true}]}}