{"id":1324,"date":"2010-06-16T06:57:32","date_gmt":"2010-06-16T04:57:32","guid":{"rendered":"http:\/\/abc-latina.com\/presidents-costaricains-php\/"},"modified":"2018-06-10T15:02:40","modified_gmt":"2018-06-10T13:02:40","slug":"presidents-costaricains","status":"publish","type":"page","link":"https:\/\/abc-latina.com\/costarica\/presidents-costaricains\/","title":{"rendered":"les PRESIDENTS &#8211; COSTA RICA"},"content":{"rendered":"<div>Juan Mora Fern\u00e1ndez &nbsp; &nbsp;14 avril 1825 &#8211; 9 mars 1833&nbsp;<\/div>\n<div>Jos\u00e9 Rafael de Gallegos y Alvarado &nbsp; &nbsp;9 mars 1833 &#8211; 4 mars 1835<\/div>\n<div>Manuel Fern\u00e1ndez Chac\u00f3n &nbsp; &nbsp;4 mars 1835 &#8211; 5 mai 1835&nbsp;<\/div>\n<div>Nicol\u00e1s Ulloa Soto &nbsp; &nbsp;\u00e9lu 1835-1837, il n&rsquo;a pas accept\u00e9&nbsp;<\/div>\n<div>Braulio Carrillo Colina &nbsp; &nbsp;5 mai 1835 &#8211; 1er mars 1837&nbsp;<\/div>\n<div>Joaqu\u00edn Mora Fern\u00e1ndez &nbsp; &nbsp;1er mars 1837 &#8211; 17 avril 1837&nbsp;<\/div>\n<div>Manuel Aguilar Chac\u00f3n &nbsp; &nbsp;17 avril 1837 &#8211; 27 mai 1838&nbsp;<\/div>\n<div>Braulio Carrillo Colina &nbsp; &nbsp;27 mai 1838 &#8211; 12 avril 1842&nbsp;<\/div>\n<div>Francisco Moraz\u00e1n Quesada &nbsp; &nbsp;12 avril &#8211; 11 septembre 1842<\/div>\n<div>Antonio Pinto Soares &nbsp; &nbsp;11 septembre 1842 &#8211; 27 septembre 1842<\/div>\n<div>Jos\u00e9 Mar\u00eda Alfaro Zamora &nbsp; &nbsp;27 septembre 1842 &#8211; 29 novembre 1844&nbsp;<\/div>\n<div>Francisco Mar\u00eda Oreamuno Bonilla &nbsp; &nbsp;29 novembre 1844 &#8211; 7 juin 1846&nbsp;<\/div>\n<div>Jos\u00e9 Mar\u00eda Alfaro Zamora &nbsp; &nbsp;7 juin 1846 &#8211; 8 mai 1847&nbsp;<\/div>\n<div>Jos\u00e9 Mar\u00eda Castro Madriz &nbsp; &nbsp;8 mai 1847 &#8211; 16 novembre 1849<\/div>\n<div>Miguel Mora Porras &nbsp; &nbsp;16 novembre 1849 &#8211; 26 novembre 1849<\/div>\n<div>Juan Rafael Mora Porras &nbsp; &nbsp;26 novembre 1849 &#8211; 14 ao\u00fbt 1859<\/div>\n<div>Jos\u00e9 Mar\u00eda Montealegre Fern\u00e1ndez &nbsp; &nbsp;14 ao\u00fbt 1859 &#8211; 8 mai 1863<\/div>\n<div>Jes\u00fas Jim\u00e9nez Zamora &nbsp; &nbsp;8 mai 1863 &#8211; 8 mai 1866&nbsp;<\/div>\n<div>Jos\u00e9 Mar\u00eda Castro Madriz &nbsp; &nbsp;8 mai 1866 &#8211; 1er novembre 1868&nbsp;<\/div>\n<div>Jes\u00fas Jim\u00e9nez Zamora &nbsp; &nbsp;1er novembre 1868 &#8211; 27 avril 1870&nbsp;<\/div>\n<div>Bruno Carranza Ram\u00edrez &nbsp; &nbsp;27 avril 1870 &#8211; 10 ao\u00fbt 1870&nbsp;<\/div>\n<div>Tom\u00e1s Guardia Guti\u00e9rrez &nbsp; &nbsp;10 ao\u00fbt 1870 &#8211; 8 mai 1876&nbsp;<\/div>\n<div>Aniceto Esquivel S\u00e1enz &nbsp; &nbsp;8 mai 1876 &#8211; 30 juillet 1876&nbsp;<\/div>\n<div>Vicente Herrera Zeled\u00f3n &nbsp; &nbsp;30 juillet 1876 &#8211; 11 septembre 1877&nbsp;<\/div>\n<div>Tom\u00e1s Guardia Guti\u00e9rrez &nbsp; &nbsp;11 septembre 1877 &#8211; 6 juillet 1882&nbsp;<\/div>\n<div>Saturnino Lizano Guti\u00e9rrez &nbsp; &nbsp;6 juillet 1882 &#8211; 20 juillet 1882&nbsp;<\/div>\n<div>Pr\u00f3spero Fern\u00e1ndez Oreamuno &nbsp; &nbsp;20 juillet 1882 &#8211; 12 mars 1885&nbsp;<\/div>\n<div>Bernardo Soto Alfaro &nbsp; &nbsp;12 mars 1885 &#8211; 8 mai 1890&nbsp;<\/div>\n<div>Jos\u00e9 Rodr\u00edguez Zeled\u00f3n &nbsp; &nbsp;8 mai 1890 &#8211; 8 mai 1894&nbsp;<\/div>\n<div>Rafael Yglesias Castro &nbsp; &nbsp;8 mai 1894 &#8211; 8 mai 1902&nbsp;<\/div>\n<div>Ascensi\u00f3n Esquivel Ibarra &nbsp; &nbsp;8 mai 1902 &#8211; 8 mai 1906&nbsp;<\/div>\n<div>Cleto Gonz\u00e1lez V\u00edquez &nbsp; &nbsp;8 mai 1906 &#8211; 8 mai 1910&nbsp;<\/div>\n<div>Ricardo Jim\u00e9nez Oreamuno &nbsp; &nbsp;8 mai 1910-8 mai 1914&nbsp;<\/div>\n<div>Alfredo Gonz\u00e1lez Flores &nbsp; &nbsp;8 mai 1914 &#8211; 27 janvier 1917&nbsp;<\/div>\n<div>Federico Tinoco Granados &nbsp; &nbsp;27 janvier 1917 &#8211; 20 ao\u00fbt 1919&nbsp;<\/div>\n<div>Juan Bautista Quir\u00f3s Segura &nbsp; &nbsp;20 ao\u00fbt 1919 &#8211; 2 septembre 1919<\/div>\n<div>Francisco Aguilar Barquero &nbsp; &nbsp;2 septembre 1919 &#8211; 8 mai 1920&nbsp;<\/div>\n<div>Julio Acosta Garc\u00eda &nbsp; &nbsp;8 mai 1920 &#8211; 8 mai 1924&nbsp;<\/div>\n<div>Ricardo Jim\u00e9nez Oreamuno &nbsp; &nbsp;8 mai 1924 -8 mai 1928&nbsp;<\/div>\n<div>Cleto Gonz\u00e1lez V\u00edquez &nbsp; &nbsp;8 mai 1928 &#8211; 8 mai 1932&nbsp;<\/div>\n<div>Ricardo Jim\u00e9nez Oreamuno &nbsp; &nbsp;8 mai 1932 &#8211; 8 mai 1936&nbsp;<\/div>\n<div>Le\u00f3n Cort\u00e9s Castro &nbsp; &nbsp;8 mai 1936 &#8211; 8 mai 1940&nbsp;<\/div>\n<div>Rafael \u00c1ngel Calder\u00f3n Guardia &nbsp; &nbsp;8 mai 1940 &#8211; 8 mai 1944&nbsp;<\/div>\n<div>Teodoro Picado Michalski &nbsp; &nbsp;8 mai 1944 &#8211; 8 mai 1948&nbsp;<\/div>\n<div>Jos\u00e9 Figueres Ferrer &nbsp; &nbsp;8 mai 1948 &#8211; 8 novembre 1949&nbsp;<\/div>\n<div>Luis Rafael Otilio Ulate Blanco &nbsp; &nbsp;8 novembre 1949 &#8211; 8 novembre 1953&nbsp;<\/div>\n<div>Jos\u00e9 Figueres Ferrer &nbsp; &nbsp;8 novembre 1953 &#8211; 8 mai 1958&nbsp;<\/div>\n<div>Mario Echandi Jim\u00e9nez &nbsp; &nbsp;8 mai 1958 &#8211; 8 mai 1962&nbsp;<\/div>\n<div>Francisco Orlich Bolmarcich &nbsp; &nbsp;8 mai 1962 &#8211; 8 mai 1966&nbsp;<\/div>\n<div>Jos\u00e9 Figueres Ferrer &nbsp; &nbsp;8 mai 1966 &#8211; 8 mai 1970&nbsp;<\/div>\n<div>Jos\u00e9 Joaqu\u00edn Trejos Fern\u00e1ndez &nbsp; &nbsp;8 mai 1970 &#8211; 8 mai 1974&nbsp;<\/div>\n<div>Daniel Oduber Quir\u00f3s &nbsp; &nbsp;8 mai 1974 &#8211; 8 mai 1978&nbsp;<\/div>\n<div>Rodrigo Alberto Carazo Odio &nbsp; &nbsp;8 mai 1978 &#8211; 8 mai 1982&nbsp;<\/div>\n<div>Luis Alberto Monge \u00c1lvarez &nbsp; &nbsp;8 mai 1982 &#8211; 8 mai 1986&nbsp;<\/div>\n<div>\u00d3scar Arias S\u00e1nchez &nbsp; &nbsp;8 mai 1986 &#8211; 8 mai 1990&nbsp;<\/div>\n<div>Rafael \u00c1ngel Calder\u00f3n Fournier &nbsp; &nbsp;8 mai 1990 &#8211; 8 mai 1994&nbsp;<\/div>\n<div>Jos\u00e9 Mar\u00eda Figueres Olsen &nbsp; &nbsp;8 mai 1994 &#8211; 8 mai 1998&nbsp;<\/div>\n<div>Miguel \u00c1ngel Rodr\u00edguez Echeverr\u00eda &nbsp; &nbsp;8 mai 1998 &#8211; 8 mai 2002&nbsp;<\/div>\n<div>Abel Pacheco de la Espriella &nbsp; &nbsp;8 mai 2002 &#8211; 8 mai 2006&nbsp;<\/div>\n<div><a target=\"_blank\" href=\"https:\/\/www.abc-latina.com\/personnalites\/oscar_arias_sanchez\">\u00d3scar Arias S\u00e1nchez<\/a> &#8211; &nbsp; &nbsp;8 mai 2006 &#8211; 8 mai 2010 &#8211; second mandat<\/div>\n<div>Laura Chinchilla Miranda &nbsp;&nbsp; 8 mai 2010 &#8211; 8 mai 2014<\/div>\n<div>Luis Guillermo Solis&nbsp;&nbsp;&nbsp; Depuis le 8 mai 2014<\/div>\n","protected":false},"excerpt":{"rendered":"<p>Juan Mora Fern\u00e1ndez &nbsp; &nbsp;14 avril 1825 &#8211; 9 mars 1833&nbsp; Jos\u00e9 Rafael de Gallegos y Alvarado &nbsp; &nbsp;9 mars [&hellip;]<\/p>\n","protected":false},"author":3,"featured_media":0,"parent":2300,"menu_order":0,"comment_status":"closed","ping_status":"closed","template":"","meta":{"site-sidebar-layout":"default","site-content-layout":"","ast-site-content-layout":"default","site-content-style":"default","site-sidebar-style":"default","ast-global-header-display":"","ast-banner-title-visibility":"","ast-main-header-display":"","ast-hfb-above-header-display":"","ast-hfb-below-header-display":"","ast-hfb-mobile-header-display":"","site-post-title":"","ast-breadcrumbs-content":"","ast-featured-img":"","footer-sml-layout":"","ast-disable-related-posts":"","theme-transparent-header-meta":"","adv-header-id-meta":"","stick-header-meta":"","header-above-stick-meta":"","header-main-stick-meta":"","header-below-stick-meta":"","astra-migrate-meta-layouts":"default","ast-page-background-enabled":"default","ast-page-background-meta":{"desktop":{"background-color":"var(--ast-global-color-5)","background-image":"","background-repeat":"repeat","background-position":"center center","background-size":"auto","background-attachment":"scroll","background-type":"","background-media":"","overlay-type":"","overlay-color":"","overlay-opacity":"","overlay-gradient":""},"tablet":{"background-color":"","background-image":"","background-repeat":"repeat","background-position":"center center","background-size":"auto","background-attachment":"scroll","background-type":"","background-media":"","overlay-type":"","overlay-color":"","overlay-opacity":"","overlay-gradient":""},"mobile":{"background-color":"","background-image":"","background-repeat":"repeat","background-position":"center center","background-size":"auto","background-attachment":"scroll","background-type":"","background-media":"","overlay-type":"","overlay-color":"","overlay-opacity":"","overlay-gradient":""}},"ast-content-background-meta":{"desktop":{"background-color":"var(--ast-global-color-4)","background-image":"","background-repeat":"repeat","background-position":"center center","background-size":"auto","background-attachment":"scroll","background-type":"","background-media":"","overlay-type":"","overlay-color":"","overlay-opacity":"","overlay-gradient":""},"tablet":{"background-color":"var(--ast-global-color-4)","background-image":"","background-repeat":"repeat","background-position":"center center","background-size":"auto","background-attachment":"scroll","background-type":"","background-media":"","overlay-type":"","overlay-color":"","overlay-opacity":"","overlay-gradient":""},"mobile":{"background-color":"var(--ast-global-color-4)","background-image":"","background-repeat":"repeat","background-position":"center center","background-size":"auto","background-attachment":"scroll","background-type":"","background-media":"","overlay-type":"","overlay-color":"","overlay-opacity":"","overlay-gradient":""}},"footnotes":""},"class_list":["post-1324","page","type-page","status-publish","hentry"],"yoast_head":"<!-- This site is optimized with the Yoast SEO plugin v27.5 - https:\/\/yoast.com\/product\/yoast-seo-wordpress\/ -->\n<title>les PRESIDENTS - COSTA RICA - Abc-latina<\/title>\n<meta name=\"description\" content=\"Les pr\u00e9sidents du Costa rica.\" \/>\n<meta name=\"robots\" content=\"index, follow, max-snippet:-1, max-image-preview:large, max-video-preview:-1\" \/>\n<link rel=\"canonical\" href=\"https:\/\/abc-latina.com\/costarica\/presidents-costaricains\/\" \/>\n<meta property=\"og:locale\" content=\"fr_FR\" \/>\n<meta property=\"og:type\" content=\"article\" \/>\n<meta property=\"og:title\" content=\"les PRESIDENTS - COSTA RICA - Abc-latina\" \/>\n<meta property=\"og:description\" content=\"Les pr\u00e9sidents du Costa rica.\" \/>\n<meta property=\"og:url\" content=\"https:\/\/abc-latina.com\/costarica\/presidents-costaricains\/\" \/>\n<meta property=\"og:site_name\" content=\"Abc-latina\" \/>\n<meta property=\"article:modified_time\" content=\"2018-06-10T13:02:40+00:00\" \/>\n<meta name=\"twitter:card\" content=\"summary_large_image\" \/>\n<meta name=\"twitter:label1\" content=\"Dur\u00e9e de lecture estim\u00e9e\" \/>\n\t<meta name=\"twitter:data1\" content=\"3 minutes\" \/>\n<script type=\"application\/ld+json\" class=\"yoast-schema-graph\">{\"@context\":\"https:\\\/\\\/schema.org\",\"@graph\":[{\"@type\":\"WebPage\",\"@id\":\"https:\\\/\\\/abc-latina.com\\\/costarica\\\/presidents-costaricains\\\/\",\"url\":\"https:\\\/\\\/abc-latina.com\\\/costarica\\\/presidents-costaricains\\\/\",\"name\":\"les PRESIDENTS - COSTA RICA - Abc-latina\",\"isPartOf\":{\"@id\":\"https:\\\/\\\/abc-latina.com\\\/#website\"},\"datePublished\":\"2010-06-16T04:57:32+00:00\",\"dateModified\":\"2018-06-10T13:02:40+00:00\",\"description\":\"Les pr\u00e9sidents du Costa rica.\",\"breadcrumb\":{\"@id\":\"https:\\\/\\\/abc-latina.com\\\/costarica\\\/presidents-costaricains\\\/#breadcrumb\"},\"inLanguage\":\"fr-FR\",\"potentialAction\":[{\"@type\":\"ReadAction\",\"target\":[\"https:\\\/\\\/abc-latina.com\\\/costarica\\\/presidents-costaricains\\\/\"]}]},{\"@type\":\"BreadcrumbList\",\"@id\":\"https:\\\/\\\/abc-latina.com\\\/costarica\\\/presidents-costaricains\\\/#breadcrumb\",\"itemListElement\":[{\"@type\":\"ListItem\",\"position\":1,\"name\":\"Accueil\",\"item\":\"https:\\\/\\\/abc-latina.com\\\/\"},{\"@type\":\"ListItem\",\"position\":2,\"name\":\"les PRESIDENTS &#8211; COSTA RICA\"}]},{\"@type\":\"WebSite\",\"@id\":\"https:\\\/\\\/abc-latina.com\\\/#website\",\"url\":\"https:\\\/\\\/abc-latina.com\\\/\",\"name\":\"Abc-latina\",\"description\":\"\",\"publisher\":{\"@id\":\"https:\\\/\\\/abc-latina.com\\\/#organization\"},\"potentialAction\":[{\"@type\":\"SearchAction\",\"target\":{\"@type\":\"EntryPoint\",\"urlTemplate\":\"https:\\\/\\\/abc-latina.com\\\/?s={search_term_string}\"},\"query-input\":{\"@type\":\"PropertyValueSpecification\",\"valueRequired\":true,\"valueName\":\"search_term_string\"}}],\"inLanguage\":\"fr-FR\"},{\"@type\":\"Organization\",\"@id\":\"https:\\\/\\\/abc-latina.com\\\/#organization\",\"name\":\"Abc-latina\",\"url\":\"https:\\\/\\\/abc-latina.com\\\/\",\"logo\":{\"@type\":\"ImageObject\",\"inLanguage\":\"fr-FR\",\"@id\":\"https:\\\/\\\/abc-latina.com\\\/#\\\/schema\\\/logo\\\/image\\\/\",\"url\":\"https:\\\/\\\/abc-latina.com\\\/wp-content\\\/uploads\\\/2026\\\/05\\\/cropped-logo.gif\",\"contentUrl\":\"https:\\\/\\\/abc-latina.com\\\/wp-content\\\/uploads\\\/2026\\\/05\\\/cropped-logo.gif\",\"width\":89,\"height\":84,\"caption\":\"Abc-latina\"},\"image\":{\"@id\":\"https:\\\/\\\/abc-latina.com\\\/#\\\/schema\\\/logo\\\/image\\\/\"}}]}<\/script>\n<!-- \/ Yoast SEO plugin. -->","yoast_head_json":{"title":"les PRESIDENTS - COSTA RICA - Abc-latina","description":"Les pr\u00e9sidents du Costa rica.","robots":{"index":"index","follow":"follow","max-snippet":"max-snippet:-1","max-image-preview":"max-image-preview:large","max-video-preview":"max-video-preview:-1"},"canonical":"https:\/\/abc-latina.com\/costarica\/presidents-costaricains\/","og_locale":"fr_FR","og_type":"article","og_title":"les PRESIDENTS - COSTA RICA - Abc-latina","og_description":"Les pr\u00e9sidents du Costa rica.","og_url":"https:\/\/abc-latina.com\/costarica\/presidents-costaricains\/","og_site_name":"Abc-latina","article_modified_time":"2018-06-10T13:02:40+00:00","twitter_card":"summary_large_image","twitter_misc":{"Dur\u00e9e de lecture estim\u00e9e":"3 minutes"},"schema":{"@context":"https:\/\/schema.org","@graph":[{"@type":"WebPage","@id":"https:\/\/abc-latina.com\/costarica\/presidents-costaricains\/","url":"https:\/\/abc-latina.com\/costarica\/presidents-costaricains\/","name":"les PRESIDENTS - COSTA RICA - Abc-latina","isPartOf":{"@id":"https:\/\/abc-latina.com\/#website"},"datePublished":"2010-06-16T04:57:32+00:00","dateModified":"2018-06-10T13:02:40+00:00","description":"Les pr\u00e9sidents du Costa rica.","breadcrumb":{"@id":"https:\/\/abc-latina.com\/costarica\/presidents-costaricains\/#breadcrumb"},"inLanguage":"fr-FR","potentialAction":[{"@type":"ReadAction","target":["https:\/\/abc-latina.com\/costarica\/presidents-costaricains\/"]}]},{"@type":"BreadcrumbList","@id":"https:\/\/abc-latina.com\/costarica\/presidents-costaricains\/#breadcrumb","itemListElement":[{"@type":"ListItem","position":1,"name":"Accueil","item":"https:\/\/abc-latina.com\/"},{"@type":"ListItem","position":2,"name":"les PRESIDENTS &#8211; COSTA RICA"}]},{"@type":"WebSite","@id":"https:\/\/abc-latina.com\/#website","url":"https:\/\/abc-latina.com\/","name":"Abc-latina","description":"","publisher":{"@id":"https:\/\/abc-latina.com\/#organization"},"potentialAction":[{"@type":"SearchAction","target":{"@type":"EntryPoint","urlTemplate":"https:\/\/abc-latina.com\/?s={search_term_string}"},"query-input":{"@type":"PropertyValueSpecification","valueRequired":true,"valueName":"search_term_string"}}],"inLanguage":"fr-FR"},{"@type":"Organization","@id":"https:\/\/abc-latina.com\/#organization","name":"Abc-latina","url":"https:\/\/abc-latina.com\/","logo":{"@type":"ImageObject","inLanguage":"fr-FR","@id":"https:\/\/abc-latina.com\/#\/schema\/logo\/image\/","url":"https:\/\/abc-latina.com\/wp-content\/uploads\/2026\/05\/cropped-logo.gif","contentUrl":"https:\/\/abc-latina.com\/wp-content\/uploads\/2026\/05\/cropped-logo.gif","width":89,"height":84,"caption":"Abc-latina"},"image":{"@id":"https:\/\/abc-latina.com\/#\/schema\/logo\/image\/"}}]}},"_links":{"self":[{"href":"https:\/\/abc-latina.com\/wp-json\/wp\/v2\/pages\/1324","targetHints":{"allow":["GET"]}}],"collection":[{"href":"https:\/\/abc-latina.com\/wp-json\/wp\/v2\/pages"}],"about":[{"href":"https:\/\/abc-latina.com\/wp-json\/wp\/v2\/types\/page"}],"author":[{"embeddable":true,"href":"https:\/\/abc-latina.com\/wp-json\/wp\/v2\/users\/3"}],"replies":[{"embeddable":true,"href":"https:\/\/abc-latina.com\/wp-json\/wp\/v2\/comments?post=1324"}],"version-history":[{"count":0,"href":"https:\/\/abc-latina.com\/wp-json\/wp\/v2\/pages\/1324\/revisions"}],"up":[{"embeddable":true,"href":"https:\/\/abc-latina.com\/wp-json\/wp\/v2\/pages\/2300"}],"wp:attachment":[{"href":"https:\/\/abc-latina.com\/wp-json\/wp\/v2\/media?parent=1324"}],"curies":[{"name":"wp","href":"https:\/\/api.w.org\/{rel}","templated":true}]}}