{"id":1328,"date":"2010-06-16T07:10:22","date_gmt":"2010-06-16T05:10:22","guid":{"rendered":"http:\/\/abc-latina.com\/parc_corcovado-php\/"},"modified":"2018-06-12T11:19:27","modified_gmt":"2018-06-12T09:19:27","slug":"parc_corcovado","status":"publish","type":"page","link":"https:\/\/abc-latina.com\/costarica\/parc_corcovado\/","title":{"rendered":"PARC NATIONAL DE CORCOVADO"},"content":{"rendered":"<div><span class=\"tourisme-chapitre\"><img loading=\"lazy\" decoding=\"async\" class=\" alignright size-full wp-image-1327\" src=\"http:\/\/abc-latina.com\/wp-content\/uploads\/2010\/06\/corcovado.jpg\" title=\"PARC du CORCOVADO\" alt=\"\" width=\"220\" vspace=\"9\" hspace=\"15\" height=\"220\" align=\"right\" srcset=\"https:\/\/abc-latina.com\/wp-content\/uploads\/2010\/06\/corcovado.jpg 220w, https:\/\/abc-latina.com\/wp-content\/uploads\/2010\/06\/corcovado-150x150.jpg 150w\" sizes=\"auto, (max-width: 220px) 100vw, 220px\" \/>Corcovado<\/span> prot\u00e8ge 41.788 hectares de lagunes superficielles, de mar\u00e9cages, de mangroves, de fleuves, de for\u00eats humides et nuageuses appartenant aux basses altitudes, ainsi que 46 kilom\u00e8tres de c\u00f4tes sableuses. C&rsquo;est l&rsquo;un des seuls \u00e9cosyst\u00e8mes en Am\u00e9rique Centrale \u00e0 recevoir des naturalistes de partout dans le monde qui viennent y \u00e9tudier \u00e0 des fins scientifiques. Ses vastes espaces territoriaux sont le th\u00e9\u00e2tre d&rsquo;une riche diversit\u00e9 biologique appartenant \u00e0 la derni\u00e8re aire naturelle vierge de toute la r\u00e9gion centram\u00e9ricaine. Sur ses terres, cohabitent 6000 insectes, 500 essences d&rsquo;arbres, 367 esp\u00e8ces d&rsquo;oiseaux, 140 esp\u00e8ces de mammif\u00e8res, 117 esp\u00e8ces de batraciens et de reptiles, enfin, 40 esp\u00e8ces de poissons d&rsquo;eau douce.<\/div>\n<div>&nbsp;<\/div>\n<p><a href=\"..\/tour_operateur\" target=\"_blank\" style=\"text-decoration: none;\"><img loading=\"lazy\" decoding=\"async\" class=\" size-full wp-image-41\" alt=\"\" class=\"touroperateur\" src=\"http:\/\/abc-latina.com\/wp-content\/uploads\/2010\/04\/timbre_to.gif\" width=\"125\" height=\"90\" \/><\/a><\/p>\n<div>Le Parc est parcouru de nombreux sentiers p\u00e9destres et de refuges rustiques servant aux campeurs. Il est conseill\u00e9 de s&rsquo;y aventurer avec un guide. Le visiteur moins t\u00e9m\u00e9raire peut \u00e9galement profiter du Parc en effectuant des excursions en canot ou en prenant l&rsquo;avion \u00e0 la station de Sirena. Gardez toujours les yeux ouverts pour rep\u00e9rer des baleines et des perruches. Le visiteur avis\u00e9 pourra apercevoir plusieurs animaux en voie d&rsquo;extinction. L&rsquo;am\u00e9nagement comprend un bureau d&rsquo;information, un poste de gardes-parc, des sentiers balis\u00e9s, des toilettes, de l&rsquo;eau potable, un champ d&rsquo;atterrissage, un espace camping, une communication radio et des possibilit\u00e9s d&rsquo;h\u00e9bergement rustique.&nbsp;<\/div>\n<div>&nbsp;<\/div>\n<h3>Pr\u00e9parez votre voyage au Corcovado:<\/h3>\n<div><a href=\"https:\/\/www.abc-latina.com\/costarica\/agence_de_voyages\">Agences de voyage g\u00e9n\u00e9ralistes et discounteurs<\/a><\/div>\n<div><a href=\"https:\/\/www.abc-latina.com\/costarica\/tour_operateur\">Tours Op\u00e9rateurs sp\u00e9cialistes du Costa Rica<\/a><\/div>\n<div><a href=\"https:\/\/www.abc-latina.com\/to\/reservation_billet_avion\" target=\"_blank\">R\u00e9servez votre billet d&rsquo;avion<\/a><\/div>\n<div><a href=\"https:\/\/www.abc-latina.com\/costarica\/hotels\">R\u00e9servez votre h\u00f4tel au Corcovado<\/a>&nbsp;<\/div>\n<div><a href=\"https:\/\/www.abc-latina.com\/to\/location_de_voiture_costa_rica\" target=\"_blank\">Location de voiture<\/a><\/div>\n","protected":false},"excerpt":{"rendered":"<p>Corcovado prot\u00e8ge 41.788 hectares de lagunes superficielles, de mar\u00e9cages, de mangroves, de fleuves, de for\u00eats humides et nuageuses appartenant aux [&hellip;]<\/p>\n","protected":false},"author":3,"featured_media":1327,"parent":2300,"menu_order":0,"comment_status":"closed","ping_status":"closed","template":"","meta":{"site-sidebar-layout":"default","site-content-layout":"","ast-site-content-layout":"default","site-content-style":"default","site-sidebar-style":"default","ast-global-header-display":"","ast-banner-title-visibility":"","ast-main-header-display":"","ast-hfb-above-header-display":"","ast-hfb-below-header-display":"","ast-hfb-mobile-header-display":"","site-post-title":"","ast-breadcrumbs-content":"","ast-featured-img":"","footer-sml-layout":"","ast-disable-related-posts":"","theme-transparent-header-meta":"","adv-header-id-meta":"","stick-header-meta":"","header-above-stick-meta":"","header-main-stick-meta":"","header-below-stick-meta":"","astra-migrate-meta-layouts":"default","ast-page-background-enabled":"default","ast-page-background-meta":{"desktop":{"background-color":"var(--ast-global-color-5)","background-image":"","background-repeat":"repeat","background-position":"center center","background-size":"auto","background-attachment":"scroll","background-type":"","background-media":"","overlay-type":"","overlay-color":"","overlay-opacity":"","overlay-gradient":""},"tablet":{"background-color":"","background-image":"","background-repeat":"repeat","background-position":"center center","background-size":"auto","background-attachment":"scroll","background-type":"","background-media":"","overlay-type":"","overlay-color":"","overlay-opacity":"","overlay-gradient":""},"mobile":{"background-color":"","background-image":"","background-repeat":"repeat","background-position":"center center","background-size":"auto","background-attachment":"scroll","background-type":"","background-media":"","overlay-type":"","overlay-color":"","overlay-opacity":"","overlay-gradient":""}},"ast-content-background-meta":{"desktop":{"background-color":"var(--ast-global-color-4)","background-image":"","background-repeat":"repeat","background-position":"center center","background-size":"auto","background-attachment":"scroll","background-type":"","background-media":"","overlay-type":"","overlay-color":"","overlay-opacity":"","overlay-gradient":""},"tablet":{"background-color":"var(--ast-global-color-4)","background-image":"","background-repeat":"repeat","background-position":"center center","background-size":"auto","background-attachment":"scroll","background-type":"","background-media":"","overlay-type":"","overlay-color":"","overlay-opacity":"","overlay-gradient":""},"mobile":{"background-color":"var(--ast-global-color-4)","background-image":"","background-repeat":"repeat","background-position":"center center","background-size":"auto","background-attachment":"scroll","background-type":"","background-media":"","overlay-type":"","overlay-color":"","overlay-opacity":"","overlay-gradient":""}},"footnotes":""},"class_list":["post-1328","page","type-page","status-publish","has-post-thumbnail","hentry"],"yoast_head":"<!-- This site is optimized with the Yoast SEO plugin v27.5 - https:\/\/yoast.com\/product\/yoast-seo-wordpress\/ -->\n<title>PARC NATIONAL DE CORCOVADO - Abc-latina<\/title>\n<meta name=\"description\" content=\"Voyage au Costa Rica, visite du Parc national de Corcovado.\" \/>\n<meta name=\"robots\" content=\"index, follow, max-snippet:-1, max-image-preview:large, max-video-preview:-1\" \/>\n<link rel=\"canonical\" href=\"https:\/\/abc-latina.com\/costarica\/parc_corcovado\/\" \/>\n<meta property=\"og:locale\" content=\"fr_FR\" \/>\n<meta property=\"og:type\" content=\"article\" \/>\n<meta property=\"og:title\" content=\"PARC NATIONAL DE CORCOVADO - Abc-latina\" \/>\n<meta property=\"og:description\" content=\"Voyage au Costa Rica, visite du Parc national de Corcovado.\" \/>\n<meta property=\"og:url\" content=\"https:\/\/abc-latina.com\/costarica\/parc_corcovado\/\" \/>\n<meta property=\"og:site_name\" content=\"Abc-latina\" \/>\n<meta property=\"article:modified_time\" content=\"2018-06-12T09:19:27+00:00\" \/>\n<meta property=\"og:image\" content=\"https:\/\/abc-latina.com\/wp-content\/uploads\/2010\/06\/corcovado.jpg\" \/>\n\t<meta property=\"og:image:width\" content=\"220\" \/>\n\t<meta property=\"og:image:height\" content=\"220\" \/>\n\t<meta property=\"og:image:type\" content=\"image\/jpeg\" \/>\n<meta name=\"twitter:card\" content=\"summary_large_image\" \/>\n<meta name=\"twitter:label1\" content=\"Dur\u00e9e de lecture estim\u00e9e\" \/>\n\t<meta name=\"twitter:data1\" content=\"1 minute\" \/>\n<script type=\"application\/ld+json\" class=\"yoast-schema-graph\">{\"@context\":\"https:\\\/\\\/schema.org\",\"@graph\":[{\"@type\":\"WebPage\",\"@id\":\"https:\\\/\\\/abc-latina.com\\\/costarica\\\/parc_corcovado\\\/\",\"url\":\"https:\\\/\\\/abc-latina.com\\\/costarica\\\/parc_corcovado\\\/\",\"name\":\"PARC NATIONAL DE CORCOVADO - Abc-latina\",\"isPartOf\":{\"@id\":\"https:\\\/\\\/abc-latina.com\\\/#website\"},\"primaryImageOfPage\":{\"@id\":\"https:\\\/\\\/abc-latina.com\\\/costarica\\\/parc_corcovado\\\/#primaryimage\"},\"image\":{\"@id\":\"https:\\\/\\\/abc-latina.com\\\/costarica\\\/parc_corcovado\\\/#primaryimage\"},\"thumbnailUrl\":\"https:\\\/\\\/abc-latina.com\\\/wp-content\\\/uploads\\\/2010\\\/06\\\/corcovado.jpg\",\"datePublished\":\"2010-06-16T05:10:22+00:00\",\"dateModified\":\"2018-06-12T09:19:27+00:00\",\"description\":\"Voyage au Costa Rica, visite du Parc national de Corcovado.\",\"breadcrumb\":{\"@id\":\"https:\\\/\\\/abc-latina.com\\\/costarica\\\/parc_corcovado\\\/#breadcrumb\"},\"inLanguage\":\"fr-FR\",\"potentialAction\":[{\"@type\":\"ReadAction\",\"target\":[\"https:\\\/\\\/abc-latina.com\\\/costarica\\\/parc_corcovado\\\/\"]}]},{\"@type\":\"ImageObject\",\"inLanguage\":\"fr-FR\",\"@id\":\"https:\\\/\\\/abc-latina.com\\\/costarica\\\/parc_corcovado\\\/#primaryimage\",\"url\":\"https:\\\/\\\/abc-latina.com\\\/wp-content\\\/uploads\\\/2010\\\/06\\\/corcovado.jpg\",\"contentUrl\":\"https:\\\/\\\/abc-latina.com\\\/wp-content\\\/uploads\\\/2010\\\/06\\\/corcovado.jpg\",\"width\":220,\"height\":220,\"caption\":\"PARC du CORCOVADO\"},{\"@type\":\"BreadcrumbList\",\"@id\":\"https:\\\/\\\/abc-latina.com\\\/costarica\\\/parc_corcovado\\\/#breadcrumb\",\"itemListElement\":[{\"@type\":\"ListItem\",\"position\":1,\"name\":\"Accueil\",\"item\":\"https:\\\/\\\/abc-latina.com\\\/\"},{\"@type\":\"ListItem\",\"position\":2,\"name\":\"PARC NATIONAL DE CORCOVADO\"}]},{\"@type\":\"WebSite\",\"@id\":\"https:\\\/\\\/abc-latina.com\\\/#website\",\"url\":\"https:\\\/\\\/abc-latina.com\\\/\",\"name\":\"Abc-latina\",\"description\":\"\",\"publisher\":{\"@id\":\"https:\\\/\\\/abc-latina.com\\\/#organization\"},\"potentialAction\":[{\"@type\":\"SearchAction\",\"target\":{\"@type\":\"EntryPoint\",\"urlTemplate\":\"https:\\\/\\\/abc-latina.com\\\/?s={search_term_string}\"},\"query-input\":{\"@type\":\"PropertyValueSpecification\",\"valueRequired\":true,\"valueName\":\"search_term_string\"}}],\"inLanguage\":\"fr-FR\"},{\"@type\":\"Organization\",\"@id\":\"https:\\\/\\\/abc-latina.com\\\/#organization\",\"name\":\"Abc-latina\",\"url\":\"https:\\\/\\\/abc-latina.com\\\/\",\"logo\":{\"@type\":\"ImageObject\",\"inLanguage\":\"fr-FR\",\"@id\":\"https:\\\/\\\/abc-latina.com\\\/#\\\/schema\\\/logo\\\/image\\\/\",\"url\":\"https:\\\/\\\/abc-latina.com\\\/wp-content\\\/uploads\\\/2026\\\/05\\\/cropped-logo.gif\",\"contentUrl\":\"https:\\\/\\\/abc-latina.com\\\/wp-content\\\/uploads\\\/2026\\\/05\\\/cropped-logo.gif\",\"width\":89,\"height\":84,\"caption\":\"Abc-latina\"},\"image\":{\"@id\":\"https:\\\/\\\/abc-latina.com\\\/#\\\/schema\\\/logo\\\/image\\\/\"}}]}<\/script>\n<!-- \/ Yoast SEO plugin. -->","yoast_head_json":{"title":"PARC NATIONAL DE CORCOVADO - Abc-latina","description":"Voyage au Costa Rica, visite du Parc national de Corcovado.","robots":{"index":"index","follow":"follow","max-snippet":"max-snippet:-1","max-image-preview":"max-image-preview:large","max-video-preview":"max-video-preview:-1"},"canonical":"https:\/\/abc-latina.com\/costarica\/parc_corcovado\/","og_locale":"fr_FR","og_type":"article","og_title":"PARC NATIONAL DE CORCOVADO - Abc-latina","og_description":"Voyage au Costa Rica, visite du Parc national de Corcovado.","og_url":"https:\/\/abc-latina.com\/costarica\/parc_corcovado\/","og_site_name":"Abc-latina","article_modified_time":"2018-06-12T09:19:27+00:00","og_image":[{"width":220,"height":220,"url":"https:\/\/abc-latina.com\/wp-content\/uploads\/2010\/06\/corcovado.jpg","type":"image\/jpeg"}],"twitter_card":"summary_large_image","twitter_misc":{"Dur\u00e9e de lecture estim\u00e9e":"1 minute"},"schema":{"@context":"https:\/\/schema.org","@graph":[{"@type":"WebPage","@id":"https:\/\/abc-latina.com\/costarica\/parc_corcovado\/","url":"https:\/\/abc-latina.com\/costarica\/parc_corcovado\/","name":"PARC NATIONAL DE CORCOVADO - Abc-latina","isPartOf":{"@id":"https:\/\/abc-latina.com\/#website"},"primaryImageOfPage":{"@id":"https:\/\/abc-latina.com\/costarica\/parc_corcovado\/#primaryimage"},"image":{"@id":"https:\/\/abc-latina.com\/costarica\/parc_corcovado\/#primaryimage"},"thumbnailUrl":"https:\/\/abc-latina.com\/wp-content\/uploads\/2010\/06\/corcovado.jpg","datePublished":"2010-06-16T05:10:22+00:00","dateModified":"2018-06-12T09:19:27+00:00","description":"Voyage au Costa Rica, visite du Parc national de Corcovado.","breadcrumb":{"@id":"https:\/\/abc-latina.com\/costarica\/parc_corcovado\/#breadcrumb"},"inLanguage":"fr-FR","potentialAction":[{"@type":"ReadAction","target":["https:\/\/abc-latina.com\/costarica\/parc_corcovado\/"]}]},{"@type":"ImageObject","inLanguage":"fr-FR","@id":"https:\/\/abc-latina.com\/costarica\/parc_corcovado\/#primaryimage","url":"https:\/\/abc-latina.com\/wp-content\/uploads\/2010\/06\/corcovado.jpg","contentUrl":"https:\/\/abc-latina.com\/wp-content\/uploads\/2010\/06\/corcovado.jpg","width":220,"height":220,"caption":"PARC du CORCOVADO"},{"@type":"BreadcrumbList","@id":"https:\/\/abc-latina.com\/costarica\/parc_corcovado\/#breadcrumb","itemListElement":[{"@type":"ListItem","position":1,"name":"Accueil","item":"https:\/\/abc-latina.com\/"},{"@type":"ListItem","position":2,"name":"PARC NATIONAL DE CORCOVADO"}]},{"@type":"WebSite","@id":"https:\/\/abc-latina.com\/#website","url":"https:\/\/abc-latina.com\/","name":"Abc-latina","description":"","publisher":{"@id":"https:\/\/abc-latina.com\/#organization"},"potentialAction":[{"@type":"SearchAction","target":{"@type":"EntryPoint","urlTemplate":"https:\/\/abc-latina.com\/?s={search_term_string}"},"query-input":{"@type":"PropertyValueSpecification","valueRequired":true,"valueName":"search_term_string"}}],"inLanguage":"fr-FR"},{"@type":"Organization","@id":"https:\/\/abc-latina.com\/#organization","name":"Abc-latina","url":"https:\/\/abc-latina.com\/","logo":{"@type":"ImageObject","inLanguage":"fr-FR","@id":"https:\/\/abc-latina.com\/#\/schema\/logo\/image\/","url":"https:\/\/abc-latina.com\/wp-content\/uploads\/2026\/05\/cropped-logo.gif","contentUrl":"https:\/\/abc-latina.com\/wp-content\/uploads\/2026\/05\/cropped-logo.gif","width":89,"height":84,"caption":"Abc-latina"},"image":{"@id":"https:\/\/abc-latina.com\/#\/schema\/logo\/image\/"}}]}},"_links":{"self":[{"href":"https:\/\/abc-latina.com\/wp-json\/wp\/v2\/pages\/1328","targetHints":{"allow":["GET"]}}],"collection":[{"href":"https:\/\/abc-latina.com\/wp-json\/wp\/v2\/pages"}],"about":[{"href":"https:\/\/abc-latina.com\/wp-json\/wp\/v2\/types\/page"}],"author":[{"embeddable":true,"href":"https:\/\/abc-latina.com\/wp-json\/wp\/v2\/users\/3"}],"replies":[{"embeddable":true,"href":"https:\/\/abc-latina.com\/wp-json\/wp\/v2\/comments?post=1328"}],"version-history":[{"count":0,"href":"https:\/\/abc-latina.com\/wp-json\/wp\/v2\/pages\/1328\/revisions"}],"up":[{"embeddable":true,"href":"https:\/\/abc-latina.com\/wp-json\/wp\/v2\/pages\/2300"}],"wp:featuredmedia":[{"embeddable":true,"href":"https:\/\/abc-latina.com\/wp-json\/wp\/v2\/media\/1327"}],"wp:attachment":[{"href":"https:\/\/abc-latina.com\/wp-json\/wp\/v2\/media?parent=1328"}],"curies":[{"name":"wp","href":"https:\/\/api.w.org\/{rel}","templated":true}]}}