{"id":133,"date":"2010-06-01T06:10:26","date_gmt":"2010-06-01T04:10:26","guid":{"rendered":"http:\/\/abc-latina.com\/salta-htm\/"},"modified":"2026-04-30T18:24:45","modified_gmt":"2026-04-30T16:24:45","slug":"salta","status":"publish","type":"page","link":"https:\/\/abc-latina.com\/argentine\/salta\/","title":{"rendered":"SALTA"},"content":{"rendered":"<p><span class=\"tourisme-chapitre\"><img loading=\"lazy\" decoding=\"async\" class=\" alignright size-full wp-image-132\" src=\"http:\/\/abc-latina.com\/wp-content\/uploads\/2010\/06\/salta.jpg\" title=\"SALTA\" alt=\"VOYAGE A SALTA\" width=\"220\" vspace=\"9\" hspace=\"15\" height=\"220\" align=\"right\" srcset=\"https:\/\/abc-latina.com\/wp-content\/uploads\/2010\/06\/salta.jpg 220w, https:\/\/abc-latina.com\/wp-content\/uploads\/2010\/06\/salta-150x150.jpg 150w\" sizes=\"auto, (max-width: 220px) 100vw, 220px\" \/>Salta<\/span> &quot; la Linda &quot;, Salta la Belle, fut fond\u00e9e en 1582, elle a conserv\u00e9 la plupart de ces \u00e9difices coloniaux. Le style de vie provinciale s&rsquo;accorde bien avec l&rsquo;ambiance des rues et des places de la ville ancienne qui conserve le charme des cit\u00e9s coloniales qu&rsquo;on trouve rarement dans les grandes villes argentines. En raison de l&rsquo;intense chaleur qui r\u00e8gne pendant la journ\u00e9e, la ville ne s&rsquo;anime que le soir. Les rues se transforment alors en march\u00e9 o\u00f9 des boliviennes font parfois leur apparition.<br \/> Dans le nord de l&rsquo;Argentine, la religion tient une place fort importante, c&rsquo;est pourquoi \u00e0 Salta on trouve un nombre important d&rsquo;\u00e9glise et une int\u00e9ressante cath\u00e9drale.<br \/> Salta n&rsquo;est qu&rsquo;\u00e0 1.200m d&rsquo;altitude. Pour se rendre \u00e0 San Antonio de los Cobres, qui n&rsquo;est qu&rsquo;\u00e0 150 km, mais \u00e0 une altitude de 3775 m, il faut prendre le tren de las nubes (train des nuages) qui parcourt 220 km dans des paysages inoubliables. Des vall\u00e9es, des ravins et des montagnes de plus en plus min\u00e9rales qui donnent aux voyageurs une sensation de fragilit\u00e9 et d&rsquo;humilit\u00e9 face \u00e0 la majest\u00e9 et \u00e0 la grandeur des Andes.<\/p>\n<p><span class=\"tourisme-chapitre\">Dans les environs de Salta :<\/span><br \/> <a target=\"_blank\" href=\"tour_operateur\"><img loading=\"lazy\" decoding=\"async\" class=\" size-full wp-image-41\" alt=\"\" class=\"touroperateur\" src=\"http:\/\/abc-latina.com\/wp-content\/uploads\/2010\/04\/timbre_to.gif\" width=\"125\" height=\"90\" \/><\/a>La r\u00e9gion de Salta offre aussi plusieurs possibilit\u00e9s d&rsquo;excursions qui s\u00e9duiront les voyageurs par la richesse et l&rsquo;originalit\u00e9 des paysages, particuli\u00e8rement dans les hautes vall\u00e9es andines et les vall\u00e9es Calchaquies.<br \/> Cachi, \u00e0 157 km de Salta, qui fut primitivement peupl\u00e9e par les Indiens Quechua. Pr\u00e9serv\u00e9e par son isolement, Cachi a gard\u00e9 son allure coloniale, ses maisons basses et ses rues \u00e9troites et pav\u00e9es.<br \/> Cafayate est un petit paradis de verdure, irrigu\u00e9 avec soin, adoss\u00e9 \u00e0 la Cordill\u00e8re qui domine les vall\u00e9es de ses sommets de couleur ocre.<\/p>\n<p style=\"text-align: center; \">&nbsp;<\/p>\n<blockquote style=\"text-align: center; \"><p><iframe loading=\"lazy\" src=\"http:\/\/www.youtube.com\/embed\/A9aAbasJ_hA?rel=0\" allowfullscreen=\"\" width=\"420\" height=\"243\" frameborder=\"0\"><\/iframe>&nbsp;<\/p><\/blockquote>\n<h3>Pr\u00e9parez votre voyage \u00e0 Salta:<\/h3>\n<div><a href=\"https:\/\/www.abc-latina.com\/argentine\/agence_de_voyages\">Agences de voyage g\u00e9n\u00e9ralistes et discounteurs<\/a><\/div>\n<div><a href=\"https:\/\/www.abc-latina.com\/argentine\/tour_operateur\">Tours Op\u00e9rateurs sp\u00e9cialistes de l&rsquo;Argentine<\/a><\/div>\n<div><a href=\"https:\/\/www.abc-latina.com\/to\/reservation_billet_avion\" target=\"_blank\">R\u00e9servez votre billet d&rsquo;avion<\/a><\/div>\n<div><a href=\"hotels\" target=\"_blank\">R\u00e9servez votre h\u00f4tel \u00e0 Salta<\/a>&nbsp;<\/div>\n<div><a href=\"https:\/\/www.abc-latina.com\/to\/location_de_voiture_argentine\" target=\"_blank\">Location de voiture<\/a><\/div>\n<p>&nbsp;<\/p>\n","protected":false},"excerpt":{"rendered":"<p>Salta &quot; la Linda &quot;, Salta la Belle, fut fond\u00e9e en 1582, elle a conserv\u00e9 la plupart de ces \u00e9difices [&hellip;]<\/p>\n","protected":false},"author":3,"featured_media":132,"parent":39,"menu_order":0,"comment_status":"closed","ping_status":"closed","template":"","meta":{"site-sidebar-layout":"default","site-content-layout":"","ast-site-content-layout":"default","site-content-style":"default","site-sidebar-style":"default","ast-global-header-display":"","ast-banner-title-visibility":"","ast-main-header-display":"","ast-hfb-above-header-display":"","ast-hfb-below-header-display":"","ast-hfb-mobile-header-display":"","site-post-title":"","ast-breadcrumbs-content":"","ast-featured-img":"","footer-sml-layout":"","ast-disable-related-posts":"","theme-transparent-header-meta":"","adv-header-id-meta":"","stick-header-meta":"","header-above-stick-meta":"","header-main-stick-meta":"","header-below-stick-meta":"","astra-migrate-meta-layouts":"default","ast-page-background-enabled":"default","ast-page-background-meta":{"desktop":{"background-color":"var(--ast-global-color-5)","background-image":"","background-repeat":"repeat","background-position":"center center","background-size":"auto","background-attachment":"scroll","background-type":"","background-media":"","overlay-type":"","overlay-color":"","overlay-opacity":"","overlay-gradient":""},"tablet":{"background-color":"","background-image":"","background-repeat":"repeat","background-position":"center center","background-size":"auto","background-attachment":"scroll","background-type":"","background-media":"","overlay-type":"","overlay-color":"","overlay-opacity":"","overlay-gradient":""},"mobile":{"background-color":"","background-image":"","background-repeat":"repeat","background-position":"center center","background-size":"auto","background-attachment":"scroll","background-type":"","background-media":"","overlay-type":"","overlay-color":"","overlay-opacity":"","overlay-gradient":""}},"ast-content-background-meta":{"desktop":{"background-color":"var(--ast-global-color-4)","background-image":"","background-repeat":"repeat","background-position":"center center","background-size":"auto","background-attachment":"scroll","background-type":"","background-media":"","overlay-type":"","overlay-color":"","overlay-opacity":"","overlay-gradient":""},"tablet":{"background-color":"var(--ast-global-color-4)","background-image":"","background-repeat":"repeat","background-position":"center center","background-size":"auto","background-attachment":"scroll","background-type":"","background-media":"","overlay-type":"","overlay-color":"","overlay-opacity":"","overlay-gradient":""},"mobile":{"background-color":"var(--ast-global-color-4)","background-image":"","background-repeat":"repeat","background-position":"center center","background-size":"auto","background-attachment":"scroll","background-type":"","background-media":"","overlay-type":"","overlay-color":"","overlay-opacity":"","overlay-gradient":""}},"footnotes":""},"class_list":["post-133","page","type-page","status-publish","has-post-thumbnail","hentry"],"yoast_head":"<!-- This site is optimized with the Yoast SEO plugin v27.5 - https:\/\/yoast.com\/product\/yoast-seo-wordpress\/ -->\n<title>SALTA - Abc-latina<\/title>\n<meta name=\"description\" content=\"Salta la Belle a conserv\u00e9 la plupart de ces \u00e9difices coloniaux, une ambiance dans les rues de la vieille ville qui conserve le charme des cit\u00e9s coloniales qu&#039;on ne trouve que rarement dans les grandes villes argentines.\" \/>\n<meta name=\"robots\" content=\"index, follow, max-snippet:-1, max-image-preview:large, max-video-preview:-1\" \/>\n<link rel=\"canonical\" href=\"https:\/\/abc-latina.com\/argentine\/salta\/\" \/>\n<meta property=\"og:locale\" content=\"fr_FR\" \/>\n<meta property=\"og:type\" content=\"article\" \/>\n<meta property=\"og:title\" content=\"SALTA - Abc-latina\" \/>\n<meta property=\"og:description\" content=\"Salta la Belle a conserv\u00e9 la plupart de ces \u00e9difices coloniaux, une ambiance dans les rues de la vieille ville qui conserve le charme des cit\u00e9s coloniales qu&#039;on ne trouve que rarement dans les grandes villes argentines.\" \/>\n<meta property=\"og:url\" content=\"https:\/\/abc-latina.com\/argentine\/salta\/\" \/>\n<meta property=\"og:site_name\" content=\"Abc-latina\" \/>\n<meta property=\"article:modified_time\" content=\"2026-04-30T16:24:45+00:00\" \/>\n<meta property=\"og:image\" content=\"https:\/\/abc-latina.com\/wp-content\/uploads\/2010\/06\/salta.jpg\" \/>\n\t<meta property=\"og:image:width\" content=\"220\" \/>\n\t<meta property=\"og:image:height\" content=\"220\" \/>\n\t<meta property=\"og:image:type\" content=\"image\/jpeg\" \/>\n<meta name=\"twitter:card\" content=\"summary_large_image\" \/>\n<meta name=\"twitter:label1\" content=\"Dur\u00e9e de lecture estim\u00e9e\" \/>\n\t<meta name=\"twitter:data1\" content=\"2 minutes\" \/>\n<script type=\"application\/ld+json\" class=\"yoast-schema-graph\">{\"@context\":\"https:\\\/\\\/schema.org\",\"@graph\":[{\"@type\":\"WebPage\",\"@id\":\"https:\\\/\\\/abc-latina.com\\\/argentine\\\/salta\\\/\",\"url\":\"https:\\\/\\\/abc-latina.com\\\/argentine\\\/salta\\\/\",\"name\":\"SALTA - Abc-latina\",\"isPartOf\":{\"@id\":\"https:\\\/\\\/abc-latina.com\\\/#website\"},\"primaryImageOfPage\":{\"@id\":\"https:\\\/\\\/abc-latina.com\\\/argentine\\\/salta\\\/#primaryimage\"},\"image\":{\"@id\":\"https:\\\/\\\/abc-latina.com\\\/argentine\\\/salta\\\/#primaryimage\"},\"thumbnailUrl\":\"https:\\\/\\\/abc-latina.com\\\/wp-content\\\/uploads\\\/2010\\\/06\\\/salta.jpg\",\"datePublished\":\"2010-06-01T04:10:26+00:00\",\"dateModified\":\"2026-04-30T16:24:45+00:00\",\"description\":\"Salta la Belle a conserv\u00e9 la plupart de ces \u00e9difices coloniaux, une ambiance dans les rues de la vieille ville qui conserve le charme des cit\u00e9s coloniales qu'on ne trouve que rarement dans les grandes villes argentines.\",\"breadcrumb\":{\"@id\":\"https:\\\/\\\/abc-latina.com\\\/argentine\\\/salta\\\/#breadcrumb\"},\"inLanguage\":\"fr-FR\",\"potentialAction\":[{\"@type\":\"ReadAction\",\"target\":[\"https:\\\/\\\/abc-latina.com\\\/argentine\\\/salta\\\/\"]}]},{\"@type\":\"ImageObject\",\"inLanguage\":\"fr-FR\",\"@id\":\"https:\\\/\\\/abc-latina.com\\\/argentine\\\/salta\\\/#primaryimage\",\"url\":\"https:\\\/\\\/abc-latina.com\\\/wp-content\\\/uploads\\\/2010\\\/06\\\/salta.jpg\",\"contentUrl\":\"https:\\\/\\\/abc-latina.com\\\/wp-content\\\/uploads\\\/2010\\\/06\\\/salta.jpg\",\"width\":220,\"height\":220,\"caption\":\"SALTA\"},{\"@type\":\"BreadcrumbList\",\"@id\":\"https:\\\/\\\/abc-latina.com\\\/argentine\\\/salta\\\/#breadcrumb\",\"itemListElement\":[{\"@type\":\"ListItem\",\"position\":1,\"name\":\"Accueil\",\"item\":\"https:\\\/\\\/abc-latina.com\\\/\"},{\"@type\":\"ListItem\",\"position\":2,\"name\":\"SALTA\"}]},{\"@type\":\"WebSite\",\"@id\":\"https:\\\/\\\/abc-latina.com\\\/#website\",\"url\":\"https:\\\/\\\/abc-latina.com\\\/\",\"name\":\"Abc-latina\",\"description\":\"\",\"publisher\":{\"@id\":\"https:\\\/\\\/abc-latina.com\\\/#organization\"},\"potentialAction\":[{\"@type\":\"SearchAction\",\"target\":{\"@type\":\"EntryPoint\",\"urlTemplate\":\"https:\\\/\\\/abc-latina.com\\\/?s={search_term_string}\"},\"query-input\":{\"@type\":\"PropertyValueSpecification\",\"valueRequired\":true,\"valueName\":\"search_term_string\"}}],\"inLanguage\":\"fr-FR\"},{\"@type\":\"Organization\",\"@id\":\"https:\\\/\\\/abc-latina.com\\\/#organization\",\"name\":\"Abc-latina\",\"url\":\"https:\\\/\\\/abc-latina.com\\\/\",\"logo\":{\"@type\":\"ImageObject\",\"inLanguage\":\"fr-FR\",\"@id\":\"https:\\\/\\\/abc-latina.com\\\/#\\\/schema\\\/logo\\\/image\\\/\",\"url\":\"https:\\\/\\\/abc-latina.com\\\/wp-content\\\/uploads\\\/2026\\\/05\\\/cropped-logo.gif\",\"contentUrl\":\"https:\\\/\\\/abc-latina.com\\\/wp-content\\\/uploads\\\/2026\\\/05\\\/cropped-logo.gif\",\"width\":89,\"height\":84,\"caption\":\"Abc-latina\"},\"image\":{\"@id\":\"https:\\\/\\\/abc-latina.com\\\/#\\\/schema\\\/logo\\\/image\\\/\"}}]}<\/script>\n<!-- \/ Yoast SEO plugin. -->","yoast_head_json":{"title":"SALTA - Abc-latina","description":"Salta la Belle a conserv\u00e9 la plupart de ces \u00e9difices coloniaux, une ambiance dans les rues de la vieille ville qui conserve le charme des cit\u00e9s coloniales qu'on ne trouve que rarement dans les grandes villes argentines.","robots":{"index":"index","follow":"follow","max-snippet":"max-snippet:-1","max-image-preview":"max-image-preview:large","max-video-preview":"max-video-preview:-1"},"canonical":"https:\/\/abc-latina.com\/argentine\/salta\/","og_locale":"fr_FR","og_type":"article","og_title":"SALTA - Abc-latina","og_description":"Salta la Belle a conserv\u00e9 la plupart de ces \u00e9difices coloniaux, une ambiance dans les rues de la vieille ville qui conserve le charme des cit\u00e9s coloniales qu'on ne trouve que rarement dans les grandes villes argentines.","og_url":"https:\/\/abc-latina.com\/argentine\/salta\/","og_site_name":"Abc-latina","article_modified_time":"2026-04-30T16:24:45+00:00","og_image":[{"width":220,"height":220,"url":"https:\/\/abc-latina.com\/wp-content\/uploads\/2010\/06\/salta.jpg","type":"image\/jpeg"}],"twitter_card":"summary_large_image","twitter_misc":{"Dur\u00e9e de lecture estim\u00e9e":"2 minutes"},"schema":{"@context":"https:\/\/schema.org","@graph":[{"@type":"WebPage","@id":"https:\/\/abc-latina.com\/argentine\/salta\/","url":"https:\/\/abc-latina.com\/argentine\/salta\/","name":"SALTA - Abc-latina","isPartOf":{"@id":"https:\/\/abc-latina.com\/#website"},"primaryImageOfPage":{"@id":"https:\/\/abc-latina.com\/argentine\/salta\/#primaryimage"},"image":{"@id":"https:\/\/abc-latina.com\/argentine\/salta\/#primaryimage"},"thumbnailUrl":"https:\/\/abc-latina.com\/wp-content\/uploads\/2010\/06\/salta.jpg","datePublished":"2010-06-01T04:10:26+00:00","dateModified":"2026-04-30T16:24:45+00:00","description":"Salta la Belle a conserv\u00e9 la plupart de ces \u00e9difices coloniaux, une ambiance dans les rues de la vieille ville qui conserve le charme des cit\u00e9s coloniales qu'on ne trouve que rarement dans les grandes villes argentines.","breadcrumb":{"@id":"https:\/\/abc-latina.com\/argentine\/salta\/#breadcrumb"},"inLanguage":"fr-FR","potentialAction":[{"@type":"ReadAction","target":["https:\/\/abc-latina.com\/argentine\/salta\/"]}]},{"@type":"ImageObject","inLanguage":"fr-FR","@id":"https:\/\/abc-latina.com\/argentine\/salta\/#primaryimage","url":"https:\/\/abc-latina.com\/wp-content\/uploads\/2010\/06\/salta.jpg","contentUrl":"https:\/\/abc-latina.com\/wp-content\/uploads\/2010\/06\/salta.jpg","width":220,"height":220,"caption":"SALTA"},{"@type":"BreadcrumbList","@id":"https:\/\/abc-latina.com\/argentine\/salta\/#breadcrumb","itemListElement":[{"@type":"ListItem","position":1,"name":"Accueil","item":"https:\/\/abc-latina.com\/"},{"@type":"ListItem","position":2,"name":"SALTA"}]},{"@type":"WebSite","@id":"https:\/\/abc-latina.com\/#website","url":"https:\/\/abc-latina.com\/","name":"Abc-latina","description":"","publisher":{"@id":"https:\/\/abc-latina.com\/#organization"},"potentialAction":[{"@type":"SearchAction","target":{"@type":"EntryPoint","urlTemplate":"https:\/\/abc-latina.com\/?s={search_term_string}"},"query-input":{"@type":"PropertyValueSpecification","valueRequired":true,"valueName":"search_term_string"}}],"inLanguage":"fr-FR"},{"@type":"Organization","@id":"https:\/\/abc-latina.com\/#organization","name":"Abc-latina","url":"https:\/\/abc-latina.com\/","logo":{"@type":"ImageObject","inLanguage":"fr-FR","@id":"https:\/\/abc-latina.com\/#\/schema\/logo\/image\/","url":"https:\/\/abc-latina.com\/wp-content\/uploads\/2026\/05\/cropped-logo.gif","contentUrl":"https:\/\/abc-latina.com\/wp-content\/uploads\/2026\/05\/cropped-logo.gif","width":89,"height":84,"caption":"Abc-latina"},"image":{"@id":"https:\/\/abc-latina.com\/#\/schema\/logo\/image\/"}}]}},"_links":{"self":[{"href":"https:\/\/abc-latina.com\/wp-json\/wp\/v2\/pages\/133","targetHints":{"allow":["GET"]}}],"collection":[{"href":"https:\/\/abc-latina.com\/wp-json\/wp\/v2\/pages"}],"about":[{"href":"https:\/\/abc-latina.com\/wp-json\/wp\/v2\/types\/page"}],"author":[{"embeddable":true,"href":"https:\/\/abc-latina.com\/wp-json\/wp\/v2\/users\/3"}],"replies":[{"embeddable":true,"href":"https:\/\/abc-latina.com\/wp-json\/wp\/v2\/comments?post=133"}],"version-history":[{"count":1,"href":"https:\/\/abc-latina.com\/wp-json\/wp\/v2\/pages\/133\/revisions"}],"predecessor-version":[{"id":3078,"href":"https:\/\/abc-latina.com\/wp-json\/wp\/v2\/pages\/133\/revisions\/3078"}],"up":[{"embeddable":true,"href":"https:\/\/abc-latina.com\/wp-json\/wp\/v2\/pages\/39"}],"wp:featuredmedia":[{"embeddable":true,"href":"https:\/\/abc-latina.com\/wp-json\/wp\/v2\/media\/132"}],"wp:attachment":[{"href":"https:\/\/abc-latina.com\/wp-json\/wp\/v2\/media?parent=133"}],"curies":[{"name":"wp","href":"https:\/\/api.w.org\/{rel}","templated":true}]}}