{"id":1331,"date":"2010-06-17T00:22:39","date_gmt":"2010-06-16T22:22:39","guid":{"rendered":"http:\/\/abc-latina.com\/tourisme-htm-8\/"},"modified":"2026-04-30T18:25:02","modified_gmt":"2026-04-30T16:25:02","slug":"tourisme","status":"publish","type":"page","link":"https:\/\/abc-latina.com\/cuba\/tourisme\/","title":{"rendered":"TOURISME &#038; VOYAGE \u00e0 CUBA"},"content":{"rendered":"<div><img loading=\"lazy\" decoding=\"async\" class=\" size-full wp-image-1330\" src=\"http:\/\/abc-latina.com\/wp-content\/uploads\/2010\/06\/018-tourisme-a-cuba.jpg\" title=\"TOURISME &amp; VOYAGE A CUBA\" alt=\"TOURISME &amp; VOYAGE A CUBA\" width=\"480\" height=\"242\" srcset=\"https:\/\/abc-latina.com\/wp-content\/uploads\/2010\/06\/018-tourisme-a-cuba.jpg 700w, https:\/\/abc-latina.com\/wp-content\/uploads\/2010\/06\/018-tourisme-a-cuba-300x151.jpg 300w\" sizes=\"auto, (max-width: 480px) 100vw, 480px\" \/><\/div>\n<div>&nbsp;<\/div>\n<div>Cuba entrera dans l&rsquo;imaginaire du monde entier gr\u00e2ce \u00e0 Christophe Colomb, qui d\u00e9crit ainsi en 1492 la plus grande \u00eele des Cara\u00efbes: &laquo;Je n&rsquo;ai jamais vu de plus beau pays, des feuilles de palmier si grandes qu&rsquo;elles servent de toit aux maisons, sur la plage, des milliers de coquillages, une eau si limpide et toujours la m\u00eame symphonie \u00e9tourdissante des chants d&rsquo;oiseaux.&raquo; Cuba demeure cette \u00eele merveilleuse, riche de paysages \u00e0 couper le souffle, de plages idylliques et de terres \u00e9tonnamment fertiles. Myst\u00e9rieuse et insaisissable, Cuba sera fa\u00e7onn\u00e9e de main d&rsquo;homme au cours d&rsquo;une histoire tumultueuse et, si une terre peut d\u00e9terminer le caract\u00e8re d&rsquo;un peuple, \u00e0 Cuba il est ais\u00e9 de se l&rsquo;imaginer. Les plaines qui couvrent la majeure partie du territoire donneront la bont\u00e9 et la chaleur si caract\u00e9ristiques du peuple cubain. Les hautes montagnes couvertes par une flore tropicale abondante, refuge des mambises et des cimarrones, les esclaves noirs qui r\u00e9ussissaient \u00e0 prendre la fuite, ont fa\u00e7onn\u00e9 le caract\u00e8re rebelle des Cubains, celui m\u00eame qui permit \u00e0 ses habitants de s&#8217;emparer une fois pour toutes des destin\u00e9es de leur l&rsquo;\u00eele.&nbsp;<\/div>\n<div>&nbsp;<\/div>\n<h3>Les sites cubains class\u00e9s au patrimoine de l&rsquo;UNESCO:<\/h3>\n<div><a target=\"_blank\" href=\"tour_operateur\"><img loading=\"lazy\" decoding=\"async\" class=\"touroperateur size-full wp-image-41\" src=\"http:\/\/abc-latina.com\/wp-content\/uploads\/2010\/04\/timbre_to.gif\" alt=\"\" width=\"125\" height=\"90\" \/><\/a>Vieille ville de La Havane et son syst\u00e8me de fortifications &#8211; 1982&nbsp;<\/div>\n<div>Trinidad et la vall\u00e9e de Los Ingenios &#8211; 1988&nbsp;<\/div>\n<div>Ch\u00e2teau de San Pedro de la Roca, Santiago de Cuba &#8211; 1997<\/div>\n<div>Vall\u00e9e de Vi\u00f1ales &#8211; 1999<\/div>\n<div>Parc national Desembarco del Granma &#8211; 1999<\/div>\n<div>Paysage arch\u00e9ologique des premi\u00e8res plantations de caf\u00e9 du sud-est de Cuba &#8211; 2000<\/div>\n<div>Parc national Alejandro de Humboldt &#8211; 2001&nbsp;<\/div>\n<div>Centre historique urbain de Cienfuegos &#8211; 2005<br \/>Centre historique de Camag\u00fcey &#8211; 2008<\/div>\n<h3>Pr\u00e9parez votre voyage \u00e0 Cuba:<\/h3>\n<div><a href=\"https:\/\/www.abc-latina.com\/cuba\/agence_de_voyages\">Agences de voyage g\u00e9n\u00e9ralistes et discounteurs<\/a><\/div>\n<div><a href=\"https:\/\/www.abc-latina.com\/cuba\/tour_operateur\">Tours Op\u00e9rateurs sp\u00e9cialistes de Cuba<\/a><\/div>\n<div><a target=\"_blank\" href=\"https:\/\/www.abc-latina.com\/to\/reservation_billet_avion\">R\u00e9servez votre billet d&rsquo;avion<\/a><\/div>\n<div><a href=\"https:\/\/www.abc-latina.com\/cuba\/hotels\">R\u00e9servez votre h\u00f4tel \u00e0 Cuba<\/a>&nbsp;<\/div>\n<div><a target=\"_blank\" href=\"https:\/\/www.abc-latina.com\/to\/location_de_voiture_cuba\">Location de voiture<\/a><\/div>\n<p>&nbsp;<\/p>\n","protected":false},"excerpt":{"rendered":"<p>&nbsp; Cuba entrera dans l&rsquo;imaginaire du monde entier gr\u00e2ce \u00e0 Christophe Colomb, qui d\u00e9crit ainsi en 1492 la plus grande [&hellip;]<\/p>\n","protected":false},"author":3,"featured_media":1330,"parent":2302,"menu_order":0,"comment_status":"closed","ping_status":"closed","template":"","meta":{"site-sidebar-layout":"default","site-content-layout":"","ast-site-content-layout":"default","site-content-style":"default","site-sidebar-style":"default","ast-global-header-display":"","ast-banner-title-visibility":"","ast-main-header-display":"","ast-hfb-above-header-display":"","ast-hfb-below-header-display":"","ast-hfb-mobile-header-display":"","site-post-title":"","ast-breadcrumbs-content":"","ast-featured-img":"","footer-sml-layout":"","ast-disable-related-posts":"","theme-transparent-header-meta":"","adv-header-id-meta":"","stick-header-meta":"","header-above-stick-meta":"","header-main-stick-meta":"","header-below-stick-meta":"","astra-migrate-meta-layouts":"default","ast-page-background-enabled":"default","ast-page-background-meta":{"desktop":{"background-color":"var(--ast-global-color-5)","background-image":"","background-repeat":"repeat","background-position":"center center","background-size":"auto","background-attachment":"scroll","background-type":"","background-media":"","overlay-type":"","overlay-color":"","overlay-opacity":"","overlay-gradient":""},"tablet":{"background-color":"","background-image":"","background-repeat":"repeat","background-position":"center center","background-size":"auto","background-attachment":"scroll","background-type":"","background-media":"","overlay-type":"","overlay-color":"","overlay-opacity":"","overlay-gradient":""},"mobile":{"background-color":"","background-image":"","background-repeat":"repeat","background-position":"center center","background-size":"auto","background-attachment":"scroll","background-type":"","background-media":"","overlay-type":"","overlay-color":"","overlay-opacity":"","overlay-gradient":""}},"ast-content-background-meta":{"desktop":{"background-color":"var(--ast-global-color-4)","background-image":"","background-repeat":"repeat","background-position":"center center","background-size":"auto","background-attachment":"scroll","background-type":"","background-media":"","overlay-type":"","overlay-color":"","overlay-opacity":"","overlay-gradient":""},"tablet":{"background-color":"var(--ast-global-color-4)","background-image":"","background-repeat":"repeat","background-position":"center center","background-size":"auto","background-attachment":"scroll","background-type":"","background-media":"","overlay-type":"","overlay-color":"","overlay-opacity":"","overlay-gradient":""},"mobile":{"background-color":"var(--ast-global-color-4)","background-image":"","background-repeat":"repeat","background-position":"center center","background-size":"auto","background-attachment":"scroll","background-type":"","background-media":"","overlay-type":"","overlay-color":"","overlay-opacity":"","overlay-gradient":""}},"footnotes":""},"class_list":["post-1331","page","type-page","status-publish","has-post-thumbnail","hentry"],"yoast_head":"<!-- This site is optimized with the Yoast SEO plugin v27.5 - https:\/\/yoast.com\/product\/yoast-seo-wordpress\/ -->\n<title>TOURISME &amp; VOYAGE \u00e0 CUBA - Abc-latina<\/title>\n<meta name=\"description\" content=\"Tourisme et voyage \u00e0 Cuba.\" \/>\n<meta name=\"robots\" content=\"index, follow, max-snippet:-1, max-image-preview:large, max-video-preview:-1\" \/>\n<link rel=\"canonical\" href=\"https:\/\/abc-latina.com\/cuba\/tourisme\/\" \/>\n<meta property=\"og:locale\" content=\"fr_FR\" \/>\n<meta property=\"og:type\" content=\"article\" \/>\n<meta property=\"og:title\" content=\"TOURISME &amp; VOYAGE \u00e0 CUBA - Abc-latina\" \/>\n<meta property=\"og:description\" content=\"Tourisme et voyage \u00e0 Cuba.\" \/>\n<meta property=\"og:url\" content=\"https:\/\/abc-latina.com\/cuba\/tourisme\/\" \/>\n<meta property=\"og:site_name\" content=\"Abc-latina\" \/>\n<meta property=\"article:modified_time\" content=\"2026-04-30T16:25:02+00:00\" \/>\n<meta property=\"og:image\" content=\"https:\/\/abc-latina.com\/wp-content\/uploads\/2010\/06\/018-tourisme-a-cuba.jpg\" \/>\n\t<meta property=\"og:image:width\" content=\"700\" \/>\n\t<meta property=\"og:image:height\" content=\"353\" \/>\n\t<meta property=\"og:image:type\" content=\"image\/jpeg\" \/>\n<meta name=\"twitter:card\" content=\"summary_large_image\" \/>\n<meta name=\"twitter:label1\" content=\"Dur\u00e9e de lecture estim\u00e9e\" \/>\n\t<meta name=\"twitter:data1\" content=\"2 minutes\" \/>\n<script type=\"application\/ld+json\" class=\"yoast-schema-graph\">{\"@context\":\"https:\\\/\\\/schema.org\",\"@graph\":[{\"@type\":\"WebPage\",\"@id\":\"https:\\\/\\\/abc-latina.com\\\/cuba\\\/tourisme\\\/\",\"url\":\"https:\\\/\\\/abc-latina.com\\\/cuba\\\/tourisme\\\/\",\"name\":\"TOURISME & VOYAGE \u00e0 CUBA - Abc-latina\",\"isPartOf\":{\"@id\":\"https:\\\/\\\/abc-latina.com\\\/#website\"},\"primaryImageOfPage\":{\"@id\":\"https:\\\/\\\/abc-latina.com\\\/cuba\\\/tourisme\\\/#primaryimage\"},\"image\":{\"@id\":\"https:\\\/\\\/abc-latina.com\\\/cuba\\\/tourisme\\\/#primaryimage\"},\"thumbnailUrl\":\"https:\\\/\\\/abc-latina.com\\\/wp-content\\\/uploads\\\/2010\\\/06\\\/018-tourisme-a-cuba.jpg\",\"datePublished\":\"2010-06-16T22:22:39+00:00\",\"dateModified\":\"2026-04-30T16:25:02+00:00\",\"description\":\"Tourisme et voyage \u00e0 Cuba.\",\"breadcrumb\":{\"@id\":\"https:\\\/\\\/abc-latina.com\\\/cuba\\\/tourisme\\\/#breadcrumb\"},\"inLanguage\":\"fr-FR\",\"potentialAction\":[{\"@type\":\"ReadAction\",\"target\":[\"https:\\\/\\\/abc-latina.com\\\/cuba\\\/tourisme\\\/\"]}]},{\"@type\":\"ImageObject\",\"inLanguage\":\"fr-FR\",\"@id\":\"https:\\\/\\\/abc-latina.com\\\/cuba\\\/tourisme\\\/#primaryimage\",\"url\":\"https:\\\/\\\/abc-latina.com\\\/wp-content\\\/uploads\\\/2010\\\/06\\\/018-tourisme-a-cuba.jpg\",\"contentUrl\":\"https:\\\/\\\/abc-latina.com\\\/wp-content\\\/uploads\\\/2010\\\/06\\\/018-tourisme-a-cuba.jpg\",\"width\":700,\"height\":353,\"caption\":\"TOURISME &amp; VOYAGE A CUBA\"},{\"@type\":\"BreadcrumbList\",\"@id\":\"https:\\\/\\\/abc-latina.com\\\/cuba\\\/tourisme\\\/#breadcrumb\",\"itemListElement\":[{\"@type\":\"ListItem\",\"position\":1,\"name\":\"Accueil\",\"item\":\"https:\\\/\\\/abc-latina.com\\\/\"},{\"@type\":\"ListItem\",\"position\":2,\"name\":\"TOURISME &#038; VOYAGE \u00e0 CUBA\"}]},{\"@type\":\"WebSite\",\"@id\":\"https:\\\/\\\/abc-latina.com\\\/#website\",\"url\":\"https:\\\/\\\/abc-latina.com\\\/\",\"name\":\"Abc-latina\",\"description\":\"\",\"publisher\":{\"@id\":\"https:\\\/\\\/abc-latina.com\\\/#organization\"},\"potentialAction\":[{\"@type\":\"SearchAction\",\"target\":{\"@type\":\"EntryPoint\",\"urlTemplate\":\"https:\\\/\\\/abc-latina.com\\\/?s={search_term_string}\"},\"query-input\":{\"@type\":\"PropertyValueSpecification\",\"valueRequired\":true,\"valueName\":\"search_term_string\"}}],\"inLanguage\":\"fr-FR\"},{\"@type\":\"Organization\",\"@id\":\"https:\\\/\\\/abc-latina.com\\\/#organization\",\"name\":\"Abc-latina\",\"url\":\"https:\\\/\\\/abc-latina.com\\\/\",\"logo\":{\"@type\":\"ImageObject\",\"inLanguage\":\"fr-FR\",\"@id\":\"https:\\\/\\\/abc-latina.com\\\/#\\\/schema\\\/logo\\\/image\\\/\",\"url\":\"https:\\\/\\\/abc-latina.com\\\/wp-content\\\/uploads\\\/2026\\\/05\\\/cropped-logo.gif\",\"contentUrl\":\"https:\\\/\\\/abc-latina.com\\\/wp-content\\\/uploads\\\/2026\\\/05\\\/cropped-logo.gif\",\"width\":89,\"height\":84,\"caption\":\"Abc-latina\"},\"image\":{\"@id\":\"https:\\\/\\\/abc-latina.com\\\/#\\\/schema\\\/logo\\\/image\\\/\"}}]}<\/script>\n<!-- \/ Yoast SEO plugin. -->","yoast_head_json":{"title":"TOURISME & VOYAGE \u00e0 CUBA - Abc-latina","description":"Tourisme et voyage \u00e0 Cuba.","robots":{"index":"index","follow":"follow","max-snippet":"max-snippet:-1","max-image-preview":"max-image-preview:large","max-video-preview":"max-video-preview:-1"},"canonical":"https:\/\/abc-latina.com\/cuba\/tourisme\/","og_locale":"fr_FR","og_type":"article","og_title":"TOURISME & VOYAGE \u00e0 CUBA - Abc-latina","og_description":"Tourisme et voyage \u00e0 Cuba.","og_url":"https:\/\/abc-latina.com\/cuba\/tourisme\/","og_site_name":"Abc-latina","article_modified_time":"2026-04-30T16:25:02+00:00","og_image":[{"width":700,"height":353,"url":"https:\/\/abc-latina.com\/wp-content\/uploads\/2010\/06\/018-tourisme-a-cuba.jpg","type":"image\/jpeg"}],"twitter_card":"summary_large_image","twitter_misc":{"Dur\u00e9e de lecture estim\u00e9e":"2 minutes"},"schema":{"@context":"https:\/\/schema.org","@graph":[{"@type":"WebPage","@id":"https:\/\/abc-latina.com\/cuba\/tourisme\/","url":"https:\/\/abc-latina.com\/cuba\/tourisme\/","name":"TOURISME & VOYAGE \u00e0 CUBA - Abc-latina","isPartOf":{"@id":"https:\/\/abc-latina.com\/#website"},"primaryImageOfPage":{"@id":"https:\/\/abc-latina.com\/cuba\/tourisme\/#primaryimage"},"image":{"@id":"https:\/\/abc-latina.com\/cuba\/tourisme\/#primaryimage"},"thumbnailUrl":"https:\/\/abc-latina.com\/wp-content\/uploads\/2010\/06\/018-tourisme-a-cuba.jpg","datePublished":"2010-06-16T22:22:39+00:00","dateModified":"2026-04-30T16:25:02+00:00","description":"Tourisme et voyage \u00e0 Cuba.","breadcrumb":{"@id":"https:\/\/abc-latina.com\/cuba\/tourisme\/#breadcrumb"},"inLanguage":"fr-FR","potentialAction":[{"@type":"ReadAction","target":["https:\/\/abc-latina.com\/cuba\/tourisme\/"]}]},{"@type":"ImageObject","inLanguage":"fr-FR","@id":"https:\/\/abc-latina.com\/cuba\/tourisme\/#primaryimage","url":"https:\/\/abc-latina.com\/wp-content\/uploads\/2010\/06\/018-tourisme-a-cuba.jpg","contentUrl":"https:\/\/abc-latina.com\/wp-content\/uploads\/2010\/06\/018-tourisme-a-cuba.jpg","width":700,"height":353,"caption":"TOURISME &amp; VOYAGE A CUBA"},{"@type":"BreadcrumbList","@id":"https:\/\/abc-latina.com\/cuba\/tourisme\/#breadcrumb","itemListElement":[{"@type":"ListItem","position":1,"name":"Accueil","item":"https:\/\/abc-latina.com\/"},{"@type":"ListItem","position":2,"name":"TOURISME &#038; VOYAGE \u00e0 CUBA"}]},{"@type":"WebSite","@id":"https:\/\/abc-latina.com\/#website","url":"https:\/\/abc-latina.com\/","name":"Abc-latina","description":"","publisher":{"@id":"https:\/\/abc-latina.com\/#organization"},"potentialAction":[{"@type":"SearchAction","target":{"@type":"EntryPoint","urlTemplate":"https:\/\/abc-latina.com\/?s={search_term_string}"},"query-input":{"@type":"PropertyValueSpecification","valueRequired":true,"valueName":"search_term_string"}}],"inLanguage":"fr-FR"},{"@type":"Organization","@id":"https:\/\/abc-latina.com\/#organization","name":"Abc-latina","url":"https:\/\/abc-latina.com\/","logo":{"@type":"ImageObject","inLanguage":"fr-FR","@id":"https:\/\/abc-latina.com\/#\/schema\/logo\/image\/","url":"https:\/\/abc-latina.com\/wp-content\/uploads\/2026\/05\/cropped-logo.gif","contentUrl":"https:\/\/abc-latina.com\/wp-content\/uploads\/2026\/05\/cropped-logo.gif","width":89,"height":84,"caption":"Abc-latina"},"image":{"@id":"https:\/\/abc-latina.com\/#\/schema\/logo\/image\/"}}]}},"_links":{"self":[{"href":"https:\/\/abc-latina.com\/wp-json\/wp\/v2\/pages\/1331","targetHints":{"allow":["GET"]}}],"collection":[{"href":"https:\/\/abc-latina.com\/wp-json\/wp\/v2\/pages"}],"about":[{"href":"https:\/\/abc-latina.com\/wp-json\/wp\/v2\/types\/page"}],"author":[{"embeddable":true,"href":"https:\/\/abc-latina.com\/wp-json\/wp\/v2\/users\/3"}],"replies":[{"embeddable":true,"href":"https:\/\/abc-latina.com\/wp-json\/wp\/v2\/comments?post=1331"}],"version-history":[{"count":1,"href":"https:\/\/abc-latina.com\/wp-json\/wp\/v2\/pages\/1331\/revisions"}],"predecessor-version":[{"id":3428,"href":"https:\/\/abc-latina.com\/wp-json\/wp\/v2\/pages\/1331\/revisions\/3428"}],"up":[{"embeddable":true,"href":"https:\/\/abc-latina.com\/wp-json\/wp\/v2\/pages\/2302"}],"wp:featuredmedia":[{"embeddable":true,"href":"https:\/\/abc-latina.com\/wp-json\/wp\/v2\/media\/1330"}],"wp:attachment":[{"href":"https:\/\/abc-latina.com\/wp-json\/wp\/v2\/media?parent=1331"}],"curies":[{"name":"wp","href":"https:\/\/api.w.org\/{rel}","templated":true}]}}