{"id":1332,"date":"2010-06-17T00:24:16","date_gmt":"2010-06-16T22:24:16","guid":{"rendered":"http:\/\/abc-latina.com\/geo-htm-7\/"},"modified":"2026-04-30T18:25:02","modified_gmt":"2026-04-30T16:25:02","slug":"geo","status":"publish","type":"page","link":"https:\/\/abc-latina.com\/cuba\/geo\/","title":{"rendered":"GEOGRAPHIE &#8211; CUBA"},"content":{"rendered":"<div>La r\u00e9publique de <span class=\"tourisme-chapitre\">Cuba<\/span>, principal archipel des Grandes Antilles, mesure 1250 km de long (entre le cap San Antonio et le cap Mais\u00ed). Elle est situ\u00e9e dans la mer des cara\u00efbes.<\/div>\n<div>En comptant l&rsquo;\u00eele de la Jeunesse et les quelque 1600 \u00eelots et cayos qui font partie de l&rsquo;archipel, Cuba a une superficie de 110 992 km&sup2;.&nbsp;<\/div>\n<div>Les Bahamas flottent \u00e0 140 km environ, Ha\u00efti est \u00e0 77 km \u00e0 l&rsquo;est, la Jama\u00efque \u00e0 140 km au sud, et Key West, en Floride, \u00e0 148 km au nord.<\/div>\n<div>&nbsp;<\/div>\n<div>Le paysage cubain est une longue succession de plaines fertiles entrecoup\u00e9es de quelques cha\u00eenes de montagnes. La principale et la Sierra Maestra, qui longe la c\u00f4te sud de l&rsquo;\u00eele. Elle est domin\u00e9e par le Pico Turquino, le sommet le plus \u00e9lev\u00e9 de Cuba (1972 m d&rsquo;altitude). Dans la province de Sancti Sp\u00edritus, les montagnes majestueuses de l&rsquo;Escambray descendent doucement dans la plaine sur le flanc nord, et tombent abruptement dans les Cara\u00efbes cot\u00e9 sud.<\/div>\n<div>\u00c0 l&rsquo;ouest de Cuba, la cordill\u00e8re Guaniguanico se distingue par une topographie unique : les mogotes, de gros monticules qui surgissent \u00e7\u00e0 et l\u00e0 de la vall\u00e9e de Vi\u00f1ales. A une heure de route de La Havane, vers l&rsquo;ouest, les pentes douces de la Sierra de los Organos et celles du Rosario sont parcourues par de nombreux sentiers, ruisseaux et cascades.<\/div>\n<div>&nbsp;<\/div>\n<div>Ces montagnes abritent de nombreux parcs naturels provinciaux et nationaux et des r\u00e9serves qui regorgent de grottes, rivi\u00e8res, lacs et for\u00eats, et qui servent d&rsquo;habitat \u00e0 la faune et \u00e0 la flore tropicales. L&rsquo;arbre roi de Cuba est le palmier, qui symbolise la force.<\/div>\n<div>300 esp\u00e8ces d&rsquo;oiseaux vivent \u00e0 Cuba toute l&rsquo;ann\u00e9e et de nombreux migrateurs s&rsquo;y r\u00e9fugient l&rsquo;hiver. Parmi les esp\u00e8ces end\u00e9miques on peut citer le conure, le todier ou encore le trogon de Cuba.<\/div>\n<div>C\u00f4t\u00e9 faune, il y a le colibri iris\u00e9, de la taille d&rsquo;un bourdon, qui virevolte d&rsquo;hibiscus en mariposa, la fleur symbole de l&rsquo;\u00eele. Le meilleur endroit pour observer les oiseaux est la p\u00e9ninsule de Zapata dans la province de Matanzas. On peut \u00e9galement y voir un \u00e9levage de crocodiles.<\/div>\n<div>La c\u00f4te cubaine, longue de 5746 km, est bord\u00e9e de pr\u00e8s de 300 plages pour nager, faire de la plong\u00e9e et p\u00eacher. Cuba a m\u00eame un d\u00e9sert, dans la province de Guant\u00e1namo, o\u00f9 poussent de nombreuses esp\u00e8ces de cact\u00e9es.<\/div>\n<div>&nbsp;<\/div>\n<div><span class=\"geo-info\">Le pays est divis\u00e9 en 14 provinces :&nbsp;<\/span><\/div>\n<div>&nbsp;<\/div>\n<div>Holgu\u00edn,&nbsp;<\/div>\n<div>Santiago de Cuba,&nbsp;<\/div>\n<div>Villa Clara,&nbsp;<\/div>\n<div>Granma,&nbsp;<\/div>\n<div>Camag\u00fcey,&nbsp;<\/div>\n<div>Pilar del Rio,&nbsp;<\/div>\n<div>La Habana,&nbsp;<\/div>\n<div>Matanzas,&nbsp;<\/div>\n<div>Guantanamo,&nbsp;<\/div>\n<div>Las Tunas,&nbsp;<\/div>\n<div>Sancti Spiritus,&nbsp;<\/div>\n<div>Ciego de Avilla,&nbsp;<\/div>\n<div>Cienfuegos&nbsp;<\/div>\n<div>La Ciudad de La Habana<\/div>\n<div>plus la municipalit\u00e9 sp\u00e9ciale Isla de la Juventud ou Isla de Pinos.<\/div>\n<h3>G\u00e9ographie de Cuba: Chiffres<\/h3>\n<div><span class=\"geo-info2\">Capitale:<\/span> La Havane&nbsp;<\/div>\n<div><span class=\"geo-info2\">Superficie:<\/span> 110 860 km&sup2;<\/div>\n<div>5 fois plus petit que la France<\/div>\n<div>89 fois plus petit que le Canada<\/div>\n<div>mais 2,5 fois la Suisse<\/div>\n<div>et 3,5 fois la Belgique<\/div>\n<div><span class=\"geo-info2\">Population:<\/span> 11 millions&nbsp;<\/div>\n<div>Urbaine \u00e0&nbsp;<\/div>\n<div>Rurale \u00e0&nbsp;<\/div>\n<div>Densit\u00e9 99 hab\/km&sup2;&nbsp;<\/div>\n<div>Indice de f\u00e9condit\u00e9:&nbsp;<\/div>\n<div>Esp\u00e9rance de vie:&nbsp;<\/div>\n<div>Taux d&rsquo;alphab\u00e9tisation:&nbsp;<\/div>\n<div><span class=\"geo-info2\">Langue:<\/span> Espagnol<\/div>\n<div><span class=\"geo-info2\">Divers<\/span>: <a href=\"https:\/\/www.abc-latina.com\/cuba\/div\/hymne\">Hymne national cubain<\/a><\/div>\n<p>&nbsp;<\/p>\n","protected":false},"excerpt":{"rendered":"<p>La r\u00e9publique de Cuba, principal archipel des Grandes Antilles, mesure 1250 km de long (entre le cap San Antonio et [&hellip;]<\/p>\n","protected":false},"author":3,"featured_media":0,"parent":2302,"menu_order":0,"comment_status":"closed","ping_status":"closed","template":"","meta":{"site-sidebar-layout":"default","site-content-layout":"","ast-site-content-layout":"default","site-content-style":"default","site-sidebar-style":"default","ast-global-header-display":"","ast-banner-title-visibility":"","ast-main-header-display":"","ast-hfb-above-header-display":"","ast-hfb-below-header-display":"","ast-hfb-mobile-header-display":"","site-post-title":"","ast-breadcrumbs-content":"","ast-featured-img":"","footer-sml-layout":"","ast-disable-related-posts":"","theme-transparent-header-meta":"","adv-header-id-meta":"","stick-header-meta":"","header-above-stick-meta":"","header-main-stick-meta":"","header-below-stick-meta":"","astra-migrate-meta-layouts":"default","ast-page-background-enabled":"default","ast-page-background-meta":{"desktop":{"background-color":"var(--ast-global-color-5)","background-image":"","background-repeat":"repeat","background-position":"center center","background-size":"auto","background-attachment":"scroll","background-type":"","background-media":"","overlay-type":"","overlay-color":"","overlay-opacity":"","overlay-gradient":""},"tablet":{"background-color":"","background-image":"","background-repeat":"repeat","background-position":"center center","background-size":"auto","background-attachment":"scroll","background-type":"","background-media":"","overlay-type":"","overlay-color":"","overlay-opacity":"","overlay-gradient":""},"mobile":{"background-color":"","background-image":"","background-repeat":"repeat","background-position":"center center","background-size":"auto","background-attachment":"scroll","background-type":"","background-media":"","overlay-type":"","overlay-color":"","overlay-opacity":"","overlay-gradient":""}},"ast-content-background-meta":{"desktop":{"background-color":"var(--ast-global-color-4)","background-image":"","background-repeat":"repeat","background-position":"center center","background-size":"auto","background-attachment":"scroll","background-type":"","background-media":"","overlay-type":"","overlay-color":"","overlay-opacity":"","overlay-gradient":""},"tablet":{"background-color":"var(--ast-global-color-4)","background-image":"","background-repeat":"repeat","background-position":"center center","background-size":"auto","background-attachment":"scroll","background-type":"","background-media":"","overlay-type":"","overlay-color":"","overlay-opacity":"","overlay-gradient":""},"mobile":{"background-color":"var(--ast-global-color-4)","background-image":"","background-repeat":"repeat","background-position":"center center","background-size":"auto","background-attachment":"scroll","background-type":"","background-media":"","overlay-type":"","overlay-color":"","overlay-opacity":"","overlay-gradient":""}},"footnotes":""},"class_list":["post-1332","page","type-page","status-publish","hentry"],"yoast_head":"<!-- This site is optimized with the Yoast SEO plugin v27.5 - https:\/\/yoast.com\/product\/yoast-seo-wordpress\/ -->\n<title>GEOGRAPHIE - CUBA - Abc-latina<\/title>\n<meta name=\"description\" content=\"La g\u00e9ographie du territoire cubain. Description de la g\u00e9ographie de Cuba.\" \/>\n<meta name=\"robots\" content=\"index, follow, max-snippet:-1, max-image-preview:large, max-video-preview:-1\" \/>\n<link rel=\"canonical\" href=\"https:\/\/abc-latina.com\/cuba\/geo\/\" \/>\n<meta property=\"og:locale\" content=\"fr_FR\" \/>\n<meta property=\"og:type\" content=\"article\" \/>\n<meta property=\"og:title\" content=\"GEOGRAPHIE - CUBA - Abc-latina\" \/>\n<meta property=\"og:description\" content=\"La g\u00e9ographie du territoire cubain. Description de la g\u00e9ographie de Cuba.\" \/>\n<meta property=\"og:url\" content=\"https:\/\/abc-latina.com\/cuba\/geo\/\" \/>\n<meta property=\"og:site_name\" content=\"Abc-latina\" \/>\n<meta property=\"article:modified_time\" content=\"2026-04-30T16:25:02+00:00\" \/>\n<meta name=\"twitter:card\" content=\"summary_large_image\" \/>\n<meta name=\"twitter:label1\" content=\"Dur\u00e9e de lecture estim\u00e9e\" \/>\n\t<meta name=\"twitter:data1\" content=\"3 minutes\" \/>\n<script type=\"application\/ld+json\" class=\"yoast-schema-graph\">{\"@context\":\"https:\\\/\\\/schema.org\",\"@graph\":[{\"@type\":\"WebPage\",\"@id\":\"https:\\\/\\\/abc-latina.com\\\/cuba\\\/geo\\\/\",\"url\":\"https:\\\/\\\/abc-latina.com\\\/cuba\\\/geo\\\/\",\"name\":\"GEOGRAPHIE - CUBA - Abc-latina\",\"isPartOf\":{\"@id\":\"https:\\\/\\\/abc-latina.com\\\/#website\"},\"datePublished\":\"2010-06-16T22:24:16+00:00\",\"dateModified\":\"2026-04-30T16:25:02+00:00\",\"description\":\"La g\u00e9ographie du territoire cubain. Description de la g\u00e9ographie de Cuba.\",\"breadcrumb\":{\"@id\":\"https:\\\/\\\/abc-latina.com\\\/cuba\\\/geo\\\/#breadcrumb\"},\"inLanguage\":\"fr-FR\",\"potentialAction\":[{\"@type\":\"ReadAction\",\"target\":[\"https:\\\/\\\/abc-latina.com\\\/cuba\\\/geo\\\/\"]}]},{\"@type\":\"BreadcrumbList\",\"@id\":\"https:\\\/\\\/abc-latina.com\\\/cuba\\\/geo\\\/#breadcrumb\",\"itemListElement\":[{\"@type\":\"ListItem\",\"position\":1,\"name\":\"Accueil\",\"item\":\"https:\\\/\\\/abc-latina.com\\\/\"},{\"@type\":\"ListItem\",\"position\":2,\"name\":\"GEOGRAPHIE &#8211; CUBA\"}]},{\"@type\":\"WebSite\",\"@id\":\"https:\\\/\\\/abc-latina.com\\\/#website\",\"url\":\"https:\\\/\\\/abc-latina.com\\\/\",\"name\":\"Abc-latina\",\"description\":\"\",\"publisher\":{\"@id\":\"https:\\\/\\\/abc-latina.com\\\/#organization\"},\"potentialAction\":[{\"@type\":\"SearchAction\",\"target\":{\"@type\":\"EntryPoint\",\"urlTemplate\":\"https:\\\/\\\/abc-latina.com\\\/?s={search_term_string}\"},\"query-input\":{\"@type\":\"PropertyValueSpecification\",\"valueRequired\":true,\"valueName\":\"search_term_string\"}}],\"inLanguage\":\"fr-FR\"},{\"@type\":\"Organization\",\"@id\":\"https:\\\/\\\/abc-latina.com\\\/#organization\",\"name\":\"Abc-latina\",\"url\":\"https:\\\/\\\/abc-latina.com\\\/\",\"logo\":{\"@type\":\"ImageObject\",\"inLanguage\":\"fr-FR\",\"@id\":\"https:\\\/\\\/abc-latina.com\\\/#\\\/schema\\\/logo\\\/image\\\/\",\"url\":\"https:\\\/\\\/abc-latina.com\\\/wp-content\\\/uploads\\\/2026\\\/05\\\/cropped-logo.gif\",\"contentUrl\":\"https:\\\/\\\/abc-latina.com\\\/wp-content\\\/uploads\\\/2026\\\/05\\\/cropped-logo.gif\",\"width\":89,\"height\":84,\"caption\":\"Abc-latina\"},\"image\":{\"@id\":\"https:\\\/\\\/abc-latina.com\\\/#\\\/schema\\\/logo\\\/image\\\/\"}}]}<\/script>\n<!-- \/ Yoast SEO plugin. -->","yoast_head_json":{"title":"GEOGRAPHIE - CUBA - Abc-latina","description":"La g\u00e9ographie du territoire cubain. Description de la g\u00e9ographie de Cuba.","robots":{"index":"index","follow":"follow","max-snippet":"max-snippet:-1","max-image-preview":"max-image-preview:large","max-video-preview":"max-video-preview:-1"},"canonical":"https:\/\/abc-latina.com\/cuba\/geo\/","og_locale":"fr_FR","og_type":"article","og_title":"GEOGRAPHIE - CUBA - Abc-latina","og_description":"La g\u00e9ographie du territoire cubain. Description de la g\u00e9ographie de Cuba.","og_url":"https:\/\/abc-latina.com\/cuba\/geo\/","og_site_name":"Abc-latina","article_modified_time":"2026-04-30T16:25:02+00:00","twitter_card":"summary_large_image","twitter_misc":{"Dur\u00e9e de lecture estim\u00e9e":"3 minutes"},"schema":{"@context":"https:\/\/schema.org","@graph":[{"@type":"WebPage","@id":"https:\/\/abc-latina.com\/cuba\/geo\/","url":"https:\/\/abc-latina.com\/cuba\/geo\/","name":"GEOGRAPHIE - CUBA - Abc-latina","isPartOf":{"@id":"https:\/\/abc-latina.com\/#website"},"datePublished":"2010-06-16T22:24:16+00:00","dateModified":"2026-04-30T16:25:02+00:00","description":"La g\u00e9ographie du territoire cubain. Description de la g\u00e9ographie de Cuba.","breadcrumb":{"@id":"https:\/\/abc-latina.com\/cuba\/geo\/#breadcrumb"},"inLanguage":"fr-FR","potentialAction":[{"@type":"ReadAction","target":["https:\/\/abc-latina.com\/cuba\/geo\/"]}]},{"@type":"BreadcrumbList","@id":"https:\/\/abc-latina.com\/cuba\/geo\/#breadcrumb","itemListElement":[{"@type":"ListItem","position":1,"name":"Accueil","item":"https:\/\/abc-latina.com\/"},{"@type":"ListItem","position":2,"name":"GEOGRAPHIE &#8211; CUBA"}]},{"@type":"WebSite","@id":"https:\/\/abc-latina.com\/#website","url":"https:\/\/abc-latina.com\/","name":"Abc-latina","description":"","publisher":{"@id":"https:\/\/abc-latina.com\/#organization"},"potentialAction":[{"@type":"SearchAction","target":{"@type":"EntryPoint","urlTemplate":"https:\/\/abc-latina.com\/?s={search_term_string}"},"query-input":{"@type":"PropertyValueSpecification","valueRequired":true,"valueName":"search_term_string"}}],"inLanguage":"fr-FR"},{"@type":"Organization","@id":"https:\/\/abc-latina.com\/#organization","name":"Abc-latina","url":"https:\/\/abc-latina.com\/","logo":{"@type":"ImageObject","inLanguage":"fr-FR","@id":"https:\/\/abc-latina.com\/#\/schema\/logo\/image\/","url":"https:\/\/abc-latina.com\/wp-content\/uploads\/2026\/05\/cropped-logo.gif","contentUrl":"https:\/\/abc-latina.com\/wp-content\/uploads\/2026\/05\/cropped-logo.gif","width":89,"height":84,"caption":"Abc-latina"},"image":{"@id":"https:\/\/abc-latina.com\/#\/schema\/logo\/image\/"}}]}},"_links":{"self":[{"href":"https:\/\/abc-latina.com\/wp-json\/wp\/v2\/pages\/1332","targetHints":{"allow":["GET"]}}],"collection":[{"href":"https:\/\/abc-latina.com\/wp-json\/wp\/v2\/pages"}],"about":[{"href":"https:\/\/abc-latina.com\/wp-json\/wp\/v2\/types\/page"}],"author":[{"embeddable":true,"href":"https:\/\/abc-latina.com\/wp-json\/wp\/v2\/users\/3"}],"replies":[{"embeddable":true,"href":"https:\/\/abc-latina.com\/wp-json\/wp\/v2\/comments?post=1332"}],"version-history":[{"count":1,"href":"https:\/\/abc-latina.com\/wp-json\/wp\/v2\/pages\/1332\/revisions"}],"predecessor-version":[{"id":3413,"href":"https:\/\/abc-latina.com\/wp-json\/wp\/v2\/pages\/1332\/revisions\/3413"}],"up":[{"embeddable":true,"href":"https:\/\/abc-latina.com\/wp-json\/wp\/v2\/pages\/2302"}],"wp:attachment":[{"href":"https:\/\/abc-latina.com\/wp-json\/wp\/v2\/media?parent=1332"}],"curies":[{"name":"wp","href":"https:\/\/api.w.org\/{rel}","templated":true}]}}