{"id":1345,"date":"2010-06-17T00:33:23","date_gmt":"2010-06-16T22:33:23","guid":{"rendered":"http:\/\/abc-latina.com\/recits-htm-7\/"},"modified":"2026-04-30T18:25:02","modified_gmt":"2026-04-30T16:25:02","slug":"recits","status":"publish","type":"page","link":"https:\/\/abc-latina.com\/cuba\/recits\/","title":{"rendered":"RECITS de VOYAGES \u00e0 CUBA"},"content":{"rendered":"<p>Carnets de routes, r\u00e9cits de voyages, blogs, photos et aventures \u00e0 Cuba &#8230;<br \/>Si vous aussi, avez quelques chose \u00e0 raconter, faites le nous savoir.<\/p>\n<p>&nbsp;<\/p>\n<p><img loading=\"lazy\" decoding=\"async\" class=\" alignleft size-full wp-image-1278\" src=\"http:\/\/abc-latina.com\/wp-content\/uploads\/2010\/06\/005.jpg\" alt=\"\" hspace=\"10\" align=\"left\" width=\"130\" height=\"130\" \/>Allez ! en route avec Thomas et Laure. Nous sommes en mars 2001, et  Thomas va nous conter son p\u00e9riple \u00e0 Cuba. Un r\u00e9cit agr\u00e9able et  sympathique.<\/p>\n<p><a target=\"_blank\" href=\"http:\/\/tsavoja.free.fr\/Cuba\/02032001\">http:\/\/tsavoja.free.fr\/Cuba\/<\/a><\/p>\n<p>&nbsp;<br \/><img loading=\"lazy\" decoding=\"async\" class=\" size-full wp-image-1181\" src=\"http:\/\/abc-latina.com\/wp-content\/uploads\/2010\/06\/ligne1.gif\" alt=\"\" width=\"509\" height=\"14\" \/><\/p>\n<p><img loading=\"lazy\" decoding=\"async\" class=\" alignleft size-full wp-image-128\" src=\"http:\/\/abc-latina.com\/wp-content\/uploads\/2010\/06\/020.jpg\" alt=\"\" hspace=\"10\" align=\"left\" width=\"130\" height=\"130\" \/><\/p>\n<p>Le carnet de route d&rsquo;un fou de voyages.<\/p>\n<p><a target=\"_blank\" href=\"http:\/\/reve.de.voyage.pagesperso-orange.fr\/Cuba\">http:\/\/reve.de.voyage.pagesperso-orange.fr\/Cuba<\/a><\/p>\n<p>&nbsp;<br \/>&nbsp;<\/p>\n<p><img loading=\"lazy\" decoding=\"async\" class=\" size-full wp-image-1181\" src=\"http:\/\/abc-latina.com\/wp-content\/uploads\/2010\/06\/ligne1.gif\" alt=\"\" width=\"509\" height=\"14\" \/><\/p>\n<p><img loading=\"lazy\" decoding=\"async\" class=\" alignleft size-full wp-image-1344\" src=\"http:\/\/abc-latina.com\/wp-content\/uploads\/2010\/06\/017.jpg\" alt=\"\" hspace=\"10\" align=\"left\" width=\"130\" height=\"130\" \/>Les infos, surtout pratiques, d&rsquo;un voyage de 15 jours \u00e0 Cuba en avril 2006.<\/p>\n<p><a target=\"_blank\" href=\"http:\/\/voyagesencaraibes.blogs-de-voyage.fr\/2006\/04\/22\/cuba\/\">http:\/\/voyagesencaraibes.blogs-de-voyage.fr\/2006\/04\/22\/cuba\/<\/a><\/p>\n<p>&nbsp;<\/p>\n<p><img loading=\"lazy\" decoding=\"async\" class=\" size-full wp-image-1181\" src=\"http:\/\/abc-latina.com\/wp-content\/uploads\/2010\/06\/ligne1.gif\" alt=\"\" width=\"509\" height=\"14\" \/><\/p>\n<p>&nbsp;<\/p>\n<p><font size=\"1\" face=\"Arial, Helvetica, sans-serif\" color=\"#ff8000\">nota: abc-latina n&rsquo;est aucunement responsable du contenu des sites externes<\/font><a target=\"_blank\" href=\"http:\/\/voyage.abc-latina.com\/voyage_cuba\/cuba.php\"><span class=\"sejour-circuit\"><br \/><\/span><\/a><\/p>\n<h3>Pr\u00e9parez votre voyage \u00e0 Cuba:<\/h3>\n<div><a href=\"https:\/\/www.abc-latina.com\/cuba\/agence_de_voyages\">Agences de voyage g\u00e9n\u00e9ralistes et discounteurs<\/a><\/div>\n<div><a href=\"https:\/\/www.abc-latina.com\/cuba\/tour_operateur\">Tours Op\u00e9rateurs sp\u00e9cialistes de Cuba<\/a><\/div>\n<div><a target=\"_blank\" href=\"https:\/\/www.abc-latina.com\/to\/reservation_billet_avion\">R\u00e9servez votre billet d&rsquo;avion<\/a><\/div>\n<div><a href=\"https:\/\/www.abc-latina.com\/cuba\/hotels\">R\u00e9servez votre h\u00f4tel \u00e0 Cuba<\/a>&nbsp;<\/div>\n<div><a target=\"_blank\" href=\"https:\/\/www.abc-latina.com\/to\/location_de_voiture_cuba\">Location de voiture<\/a><\/div>\n<p>&nbsp;<\/p>\n","protected":false},"excerpt":{"rendered":"<p>Carnets de routes, r\u00e9cits de voyages, blogs, photos et aventures \u00e0 Cuba &#8230;Si vous aussi, avez quelques chose \u00e0 raconter, [&hellip;]<\/p>\n","protected":false},"author":3,"featured_media":1278,"parent":2302,"menu_order":0,"comment_status":"closed","ping_status":"closed","template":"","meta":{"site-sidebar-layout":"default","site-content-layout":"","ast-site-content-layout":"default","site-content-style":"default","site-sidebar-style":"default","ast-global-header-display":"","ast-banner-title-visibility":"","ast-main-header-display":"","ast-hfb-above-header-display":"","ast-hfb-below-header-display":"","ast-hfb-mobile-header-display":"","site-post-title":"","ast-breadcrumbs-content":"","ast-featured-img":"","footer-sml-layout":"","ast-disable-related-posts":"","theme-transparent-header-meta":"","adv-header-id-meta":"","stick-header-meta":"","header-above-stick-meta":"","header-main-stick-meta":"","header-below-stick-meta":"","astra-migrate-meta-layouts":"default","ast-page-background-enabled":"default","ast-page-background-meta":{"desktop":{"background-color":"var(--ast-global-color-5)","background-image":"","background-repeat":"repeat","background-position":"center center","background-size":"auto","background-attachment":"scroll","background-type":"","background-media":"","overlay-type":"","overlay-color":"","overlay-opacity":"","overlay-gradient":""},"tablet":{"background-color":"","background-image":"","background-repeat":"repeat","background-position":"center center","background-size":"auto","background-attachment":"scroll","background-type":"","background-media":"","overlay-type":"","overlay-color":"","overlay-opacity":"","overlay-gradient":""},"mobile":{"background-color":"","background-image":"","background-repeat":"repeat","background-position":"center center","background-size":"auto","background-attachment":"scroll","background-type":"","background-media":"","overlay-type":"","overlay-color":"","overlay-opacity":"","overlay-gradient":""}},"ast-content-background-meta":{"desktop":{"background-color":"var(--ast-global-color-4)","background-image":"","background-repeat":"repeat","background-position":"center center","background-size":"auto","background-attachment":"scroll","background-type":"","background-media":"","overlay-type":"","overlay-color":"","overlay-opacity":"","overlay-gradient":""},"tablet":{"background-color":"var(--ast-global-color-4)","background-image":"","background-repeat":"repeat","background-position":"center center","background-size":"auto","background-attachment":"scroll","background-type":"","background-media":"","overlay-type":"","overlay-color":"","overlay-opacity":"","overlay-gradient":""},"mobile":{"background-color":"var(--ast-global-color-4)","background-image":"","background-repeat":"repeat","background-position":"center center","background-size":"auto","background-attachment":"scroll","background-type":"","background-media":"","overlay-type":"","overlay-color":"","overlay-opacity":"","overlay-gradient":""}},"footnotes":""},"class_list":["post-1345","page","type-page","status-publish","has-post-thumbnail","hentry"],"yoast_head":"<!-- This site is optimized with the Yoast SEO plugin v27.5 - https:\/\/yoast.com\/product\/yoast-seo-wordpress\/ -->\n<title>RECITS de VOYAGES \u00e0 CUBA - Abc-latina<\/title>\n<meta name=\"description\" content=\"Recits de voyages \u00e0 Cuba.\" \/>\n<meta name=\"robots\" content=\"index, follow, max-snippet:-1, max-image-preview:large, max-video-preview:-1\" \/>\n<link rel=\"canonical\" href=\"https:\/\/abc-latina.com\/cuba\/recits\/\" \/>\n<meta property=\"og:locale\" content=\"fr_FR\" \/>\n<meta property=\"og:type\" content=\"article\" \/>\n<meta property=\"og:title\" content=\"RECITS de VOYAGES \u00e0 CUBA - Abc-latina\" \/>\n<meta property=\"og:description\" content=\"Recits de voyages \u00e0 Cuba.\" \/>\n<meta property=\"og:url\" content=\"https:\/\/abc-latina.com\/cuba\/recits\/\" \/>\n<meta property=\"og:site_name\" content=\"Abc-latina\" \/>\n<meta property=\"article:modified_time\" content=\"2026-04-30T16:25:02+00:00\" \/>\n<meta property=\"og:image\" content=\"https:\/\/abc-latina.com\/wp-content\/uploads\/2010\/06\/005.jpg\" \/>\n\t<meta property=\"og:image:width\" content=\"130\" \/>\n\t<meta property=\"og:image:height\" content=\"130\" \/>\n\t<meta property=\"og:image:type\" content=\"image\/jpeg\" \/>\n<meta name=\"twitter:card\" content=\"summary_large_image\" \/>\n<meta name=\"twitter:label1\" content=\"Dur\u00e9e de lecture estim\u00e9e\" \/>\n\t<meta name=\"twitter:data1\" content=\"1 minute\" \/>\n<script type=\"application\/ld+json\" class=\"yoast-schema-graph\">{\"@context\":\"https:\\\/\\\/schema.org\",\"@graph\":[{\"@type\":\"WebPage\",\"@id\":\"https:\\\/\\\/abc-latina.com\\\/cuba\\\/recits\\\/\",\"url\":\"https:\\\/\\\/abc-latina.com\\\/cuba\\\/recits\\\/\",\"name\":\"RECITS de VOYAGES \u00e0 CUBA - Abc-latina\",\"isPartOf\":{\"@id\":\"https:\\\/\\\/abc-latina.com\\\/#website\"},\"primaryImageOfPage\":{\"@id\":\"https:\\\/\\\/abc-latina.com\\\/cuba\\\/recits\\\/#primaryimage\"},\"image\":{\"@id\":\"https:\\\/\\\/abc-latina.com\\\/cuba\\\/recits\\\/#primaryimage\"},\"thumbnailUrl\":\"https:\\\/\\\/abc-latina.com\\\/wp-content\\\/uploads\\\/2010\\\/06\\\/005.jpg\",\"datePublished\":\"2010-06-16T22:33:23+00:00\",\"dateModified\":\"2026-04-30T16:25:02+00:00\",\"description\":\"Recits de voyages \u00e0 Cuba.\",\"breadcrumb\":{\"@id\":\"https:\\\/\\\/abc-latina.com\\\/cuba\\\/recits\\\/#breadcrumb\"},\"inLanguage\":\"fr-FR\",\"potentialAction\":[{\"@type\":\"ReadAction\",\"target\":[\"https:\\\/\\\/abc-latina.com\\\/cuba\\\/recits\\\/\"]}]},{\"@type\":\"ImageObject\",\"inLanguage\":\"fr-FR\",\"@id\":\"https:\\\/\\\/abc-latina.com\\\/cuba\\\/recits\\\/#primaryimage\",\"url\":\"https:\\\/\\\/abc-latina.com\\\/wp-content\\\/uploads\\\/2010\\\/06\\\/005.jpg\",\"contentUrl\":\"https:\\\/\\\/abc-latina.com\\\/wp-content\\\/uploads\\\/2010\\\/06\\\/005.jpg\",\"width\":130,\"height\":130},{\"@type\":\"BreadcrumbList\",\"@id\":\"https:\\\/\\\/abc-latina.com\\\/cuba\\\/recits\\\/#breadcrumb\",\"itemListElement\":[{\"@type\":\"ListItem\",\"position\":1,\"name\":\"Accueil\",\"item\":\"https:\\\/\\\/abc-latina.com\\\/\"},{\"@type\":\"ListItem\",\"position\":2,\"name\":\"RECITS de VOYAGES \u00e0 CUBA\"}]},{\"@type\":\"WebSite\",\"@id\":\"https:\\\/\\\/abc-latina.com\\\/#website\",\"url\":\"https:\\\/\\\/abc-latina.com\\\/\",\"name\":\"Abc-latina\",\"description\":\"\",\"publisher\":{\"@id\":\"https:\\\/\\\/abc-latina.com\\\/#organization\"},\"potentialAction\":[{\"@type\":\"SearchAction\",\"target\":{\"@type\":\"EntryPoint\",\"urlTemplate\":\"https:\\\/\\\/abc-latina.com\\\/?s={search_term_string}\"},\"query-input\":{\"@type\":\"PropertyValueSpecification\",\"valueRequired\":true,\"valueName\":\"search_term_string\"}}],\"inLanguage\":\"fr-FR\"},{\"@type\":\"Organization\",\"@id\":\"https:\\\/\\\/abc-latina.com\\\/#organization\",\"name\":\"Abc-latina\",\"url\":\"https:\\\/\\\/abc-latina.com\\\/\",\"logo\":{\"@type\":\"ImageObject\",\"inLanguage\":\"fr-FR\",\"@id\":\"https:\\\/\\\/abc-latina.com\\\/#\\\/schema\\\/logo\\\/image\\\/\",\"url\":\"https:\\\/\\\/abc-latina.com\\\/wp-content\\\/uploads\\\/2026\\\/05\\\/cropped-logo.gif\",\"contentUrl\":\"https:\\\/\\\/abc-latina.com\\\/wp-content\\\/uploads\\\/2026\\\/05\\\/cropped-logo.gif\",\"width\":89,\"height\":84,\"caption\":\"Abc-latina\"},\"image\":{\"@id\":\"https:\\\/\\\/abc-latina.com\\\/#\\\/schema\\\/logo\\\/image\\\/\"}}]}<\/script>\n<!-- \/ Yoast SEO plugin. -->","yoast_head_json":{"title":"RECITS de VOYAGES \u00e0 CUBA - Abc-latina","description":"Recits de voyages \u00e0 Cuba.","robots":{"index":"index","follow":"follow","max-snippet":"max-snippet:-1","max-image-preview":"max-image-preview:large","max-video-preview":"max-video-preview:-1"},"canonical":"https:\/\/abc-latina.com\/cuba\/recits\/","og_locale":"fr_FR","og_type":"article","og_title":"RECITS de VOYAGES \u00e0 CUBA - Abc-latina","og_description":"Recits de voyages \u00e0 Cuba.","og_url":"https:\/\/abc-latina.com\/cuba\/recits\/","og_site_name":"Abc-latina","article_modified_time":"2026-04-30T16:25:02+00:00","og_image":[{"width":130,"height":130,"url":"https:\/\/abc-latina.com\/wp-content\/uploads\/2010\/06\/005.jpg","type":"image\/jpeg"}],"twitter_card":"summary_large_image","twitter_misc":{"Dur\u00e9e de lecture estim\u00e9e":"1 minute"},"schema":{"@context":"https:\/\/schema.org","@graph":[{"@type":"WebPage","@id":"https:\/\/abc-latina.com\/cuba\/recits\/","url":"https:\/\/abc-latina.com\/cuba\/recits\/","name":"RECITS de VOYAGES \u00e0 CUBA - Abc-latina","isPartOf":{"@id":"https:\/\/abc-latina.com\/#website"},"primaryImageOfPage":{"@id":"https:\/\/abc-latina.com\/cuba\/recits\/#primaryimage"},"image":{"@id":"https:\/\/abc-latina.com\/cuba\/recits\/#primaryimage"},"thumbnailUrl":"https:\/\/abc-latina.com\/wp-content\/uploads\/2010\/06\/005.jpg","datePublished":"2010-06-16T22:33:23+00:00","dateModified":"2026-04-30T16:25:02+00:00","description":"Recits de voyages \u00e0 Cuba.","breadcrumb":{"@id":"https:\/\/abc-latina.com\/cuba\/recits\/#breadcrumb"},"inLanguage":"fr-FR","potentialAction":[{"@type":"ReadAction","target":["https:\/\/abc-latina.com\/cuba\/recits\/"]}]},{"@type":"ImageObject","inLanguage":"fr-FR","@id":"https:\/\/abc-latina.com\/cuba\/recits\/#primaryimage","url":"https:\/\/abc-latina.com\/wp-content\/uploads\/2010\/06\/005.jpg","contentUrl":"https:\/\/abc-latina.com\/wp-content\/uploads\/2010\/06\/005.jpg","width":130,"height":130},{"@type":"BreadcrumbList","@id":"https:\/\/abc-latina.com\/cuba\/recits\/#breadcrumb","itemListElement":[{"@type":"ListItem","position":1,"name":"Accueil","item":"https:\/\/abc-latina.com\/"},{"@type":"ListItem","position":2,"name":"RECITS de VOYAGES \u00e0 CUBA"}]},{"@type":"WebSite","@id":"https:\/\/abc-latina.com\/#website","url":"https:\/\/abc-latina.com\/","name":"Abc-latina","description":"","publisher":{"@id":"https:\/\/abc-latina.com\/#organization"},"potentialAction":[{"@type":"SearchAction","target":{"@type":"EntryPoint","urlTemplate":"https:\/\/abc-latina.com\/?s={search_term_string}"},"query-input":{"@type":"PropertyValueSpecification","valueRequired":true,"valueName":"search_term_string"}}],"inLanguage":"fr-FR"},{"@type":"Organization","@id":"https:\/\/abc-latina.com\/#organization","name":"Abc-latina","url":"https:\/\/abc-latina.com\/","logo":{"@type":"ImageObject","inLanguage":"fr-FR","@id":"https:\/\/abc-latina.com\/#\/schema\/logo\/image\/","url":"https:\/\/abc-latina.com\/wp-content\/uploads\/2026\/05\/cropped-logo.gif","contentUrl":"https:\/\/abc-latina.com\/wp-content\/uploads\/2026\/05\/cropped-logo.gif","width":89,"height":84,"caption":"Abc-latina"},"image":{"@id":"https:\/\/abc-latina.com\/#\/schema\/logo\/image\/"}}]}},"_links":{"self":[{"href":"https:\/\/abc-latina.com\/wp-json\/wp\/v2\/pages\/1345","targetHints":{"allow":["GET"]}}],"collection":[{"href":"https:\/\/abc-latina.com\/wp-json\/wp\/v2\/pages"}],"about":[{"href":"https:\/\/abc-latina.com\/wp-json\/wp\/v2\/types\/page"}],"author":[{"embeddable":true,"href":"https:\/\/abc-latina.com\/wp-json\/wp\/v2\/users\/3"}],"replies":[{"embeddable":true,"href":"https:\/\/abc-latina.com\/wp-json\/wp\/v2\/comments?post=1345"}],"version-history":[{"count":1,"href":"https:\/\/abc-latina.com\/wp-json\/wp\/v2\/pages\/1345\/revisions"}],"predecessor-version":[{"id":3424,"href":"https:\/\/abc-latina.com\/wp-json\/wp\/v2\/pages\/1345\/revisions\/3424"}],"up":[{"embeddable":true,"href":"https:\/\/abc-latina.com\/wp-json\/wp\/v2\/pages\/2302"}],"wp:featuredmedia":[{"embeddable":true,"href":"https:\/\/abc-latina.com\/wp-json\/wp\/v2\/media\/1278"}],"wp:attachment":[{"href":"https:\/\/abc-latina.com\/wp-json\/wp\/v2\/media?parent=1345"}],"curies":[{"name":"wp","href":"https:\/\/api.w.org\/{rel}","templated":true}]}}