{"id":1347,"date":"2010-06-17T00:38:06","date_gmt":"2010-06-16T22:38:06","guid":{"rendered":"http:\/\/abc-latina.com\/economie-htm-8\/"},"modified":"2026-04-30T18:25:02","modified_gmt":"2026-04-30T16:25:02","slug":"economie","status":"publish","type":"page","link":"https:\/\/abc-latina.com\/cuba\/economie\/","title":{"rendered":"L&rsquo; ECONOMIE CUBAINE"},"content":{"rendered":"<div>L&rsquo;\u00e9conomie, contr\u00f4l\u00e9e par l&rsquo;\u00e9tat, est fondamentalement agricole. La principale culture est la canne \u00e0 sucre, Cuba est le premier exportateur mondial de sucre. La chute des prix du sucre (et d&rsquo;autres mati\u00e8res premi\u00e8res) dans les ann\u00e9es 80 et 90 obligea une diversification de la production. Le tabac et les agrumes rapportent de bons revenus \u00e0 l&rsquo;\u00e9conomie. L&rsquo;industrie est en partie consacr\u00e9e au traitement des produits agricoles et elle produit \u00e9galement du ciment, des fertilisants, du textile, des immeubles pr\u00e9fabriqu\u00e9s, des machines agricoles et des produits de consommation domestique. L&rsquo;industrie du <a href=\"https:\/\/www.abc-latina.com\/cuba\/tourisme\">tourisme<\/a> est en pleine croissance et est une source vitale pour l&rsquo;entr\u00e9e des devises; c&rsquo;est pour cela que le gouvernement a \u00e9norm\u00e9ment investi pour cr\u00e9er une infrastructure n\u00e9cessaire. Le gros probl\u00e8me de l&rsquo;\u00e9conomie cubaine est le blocus commercial impos\u00e9 par les Etats-Unis, en 1998 avec la loi Helms-Burton qui p\u00e9nalise les compagnies \u00e9trang\u00e8res qui font du commerce avec Cuba, ce qui a compliqu\u00e9 les relations commerciales. Les limitations impos\u00e9es au commerce ext\u00e9rieur et la chute de l&rsquo;ex Union Sovi\u00e9tique ont intensifi\u00e9 les probl\u00e8mes de l&rsquo;\u00e9conomie cubaine dans les derni\u00e8res ann\u00e9es. Les r\u00e9formes r\u00e9centes du contr\u00f4le de l&rsquo;\u00e9tat sur l&rsquo;\u00e9conomie avec la cr\u00e9ation de zones d\u00e9di\u00e9es \u00e0 l&rsquo;exportation ont soulag\u00e9 en quelque sorte la situation. L&rsquo;Argentine, le Canada, la Chine et l&rsquo;Espagne sont les principaux partenaires commerciaux de Cuba.&nbsp;<\/div>\n<div>&nbsp;<\/div>\n<div><span class=\"eco-indic\">INDICATEURS ECONOMIQUES<\/span><\/div>\n<div>&nbsp;<\/div>\n<div>PIB (2006) : 40,1 Mds USD&nbsp;<\/div>\n<div>PIB par habitant (2006) : 3 549 USD&nbsp;<\/div>\n<div>Taux de croissance (2006) : 12,50%&nbsp;<\/div>\n<div>Taux de ch\u00f4mage (2006) : 1,9 %&nbsp;<\/div>\n<div>Taux d&rsquo;inflation(2006) : 5,7%&nbsp;<\/div>\n<div>&nbsp;<\/div>\n<div><span class=\"eco-indic2\">Part des principaux secteurs d&rsquo;activit\u00e9s dans le PIB :<\/span>&nbsp;<\/div>\n<div>&#8211; secteur agricole : 8,2%&nbsp;<\/div>\n<div>&#8211; secteur industriel : 24,3%&nbsp;<\/div>\n<div>&#8211; secteur des services : 67%&nbsp;<\/div>\n<div>&nbsp;<\/div>\n<div><span class=\"eco-indic2\">Principaux clients 2007 :<\/span>&nbsp;<\/div>\n<div>Pays-Bas, Canada, Venezuela, Chine, Espagne.&nbsp;<\/div>\n<div>&nbsp;<\/div>\n<div><span class=\"eco-indic2\">Principaux fournisseurs 2007 :<\/span>&nbsp;<\/div>\n<div>Venezuela, Chine, Espagne, Etat-Unis, Canada, Am\u00e9rique Latine.&nbsp;<\/div>\n<div>Exportations de la France vers Cuba (2006) : 95,9 Million d&rsquo;Euro&nbsp;<\/div>\n<div>Importations fran\u00e7aises depuisCuba (2006) : 39,7 Millions D&rsquo;Euro (2006)&nbsp;<\/div>\n<p>&nbsp;<\/p>\n","protected":false},"excerpt":{"rendered":"<p>L&rsquo;\u00e9conomie, contr\u00f4l\u00e9e par l&rsquo;\u00e9tat, est fondamentalement agricole. La principale culture est la canne \u00e0 sucre, Cuba est le premier exportateur [&hellip;]<\/p>\n","protected":false},"author":3,"featured_media":0,"parent":2302,"menu_order":0,"comment_status":"closed","ping_status":"closed","template":"","meta":{"site-sidebar-layout":"default","site-content-layout":"","ast-site-content-layout":"default","site-content-style":"default","site-sidebar-style":"default","ast-global-header-display":"","ast-banner-title-visibility":"","ast-main-header-display":"","ast-hfb-above-header-display":"","ast-hfb-below-header-display":"","ast-hfb-mobile-header-display":"","site-post-title":"","ast-breadcrumbs-content":"","ast-featured-img":"","footer-sml-layout":"","ast-disable-related-posts":"","theme-transparent-header-meta":"","adv-header-id-meta":"","stick-header-meta":"","header-above-stick-meta":"","header-main-stick-meta":"","header-below-stick-meta":"","astra-migrate-meta-layouts":"default","ast-page-background-enabled":"default","ast-page-background-meta":{"desktop":{"background-color":"var(--ast-global-color-5)","background-image":"","background-repeat":"repeat","background-position":"center center","background-size":"auto","background-attachment":"scroll","background-type":"","background-media":"","overlay-type":"","overlay-color":"","overlay-opacity":"","overlay-gradient":""},"tablet":{"background-color":"","background-image":"","background-repeat":"repeat","background-position":"center center","background-size":"auto","background-attachment":"scroll","background-type":"","background-media":"","overlay-type":"","overlay-color":"","overlay-opacity":"","overlay-gradient":""},"mobile":{"background-color":"","background-image":"","background-repeat":"repeat","background-position":"center center","background-size":"auto","background-attachment":"scroll","background-type":"","background-media":"","overlay-type":"","overlay-color":"","overlay-opacity":"","overlay-gradient":""}},"ast-content-background-meta":{"desktop":{"background-color":"var(--ast-global-color-4)","background-image":"","background-repeat":"repeat","background-position":"center center","background-size":"auto","background-attachment":"scroll","background-type":"","background-media":"","overlay-type":"","overlay-color":"","overlay-opacity":"","overlay-gradient":""},"tablet":{"background-color":"var(--ast-global-color-4)","background-image":"","background-repeat":"repeat","background-position":"center center","background-size":"auto","background-attachment":"scroll","background-type":"","background-media":"","overlay-type":"","overlay-color":"","overlay-opacity":"","overlay-gradient":""},"mobile":{"background-color":"var(--ast-global-color-4)","background-image":"","background-repeat":"repeat","background-position":"center center","background-size":"auto","background-attachment":"scroll","background-type":"","background-media":"","overlay-type":"","overlay-color":"","overlay-opacity":"","overlay-gradient":""}},"footnotes":""},"class_list":["post-1347","page","type-page","status-publish","hentry"],"yoast_head":"<!-- This site is optimized with the Yoast SEO plugin v27.5 - https:\/\/yoast.com\/product\/yoast-seo-wordpress\/ -->\n<title>L&#039; ECONOMIE CUBAINE - Abc-latina<\/title>\n<meta name=\"description\" content=\"L&#039;\u00e9conomie cubaine: agriculture, industrie, tourisme et services. Vie \u00e9conomique \u00e0 Cuba.\" \/>\n<meta name=\"robots\" content=\"index, follow, max-snippet:-1, max-image-preview:large, max-video-preview:-1\" \/>\n<link rel=\"canonical\" href=\"https:\/\/abc-latina.com\/cuba\/economie\/\" \/>\n<meta property=\"og:locale\" content=\"fr_FR\" \/>\n<meta property=\"og:type\" content=\"article\" \/>\n<meta property=\"og:title\" content=\"L&#039; ECONOMIE CUBAINE - Abc-latina\" \/>\n<meta property=\"og:description\" content=\"L&#039;\u00e9conomie cubaine: agriculture, industrie, tourisme et services. Vie \u00e9conomique \u00e0 Cuba.\" \/>\n<meta property=\"og:url\" content=\"https:\/\/abc-latina.com\/cuba\/economie\/\" \/>\n<meta property=\"og:site_name\" content=\"Abc-latina\" \/>\n<meta property=\"article:modified_time\" content=\"2026-04-30T16:25:02+00:00\" \/>\n<meta name=\"twitter:card\" content=\"summary_large_image\" \/>\n<meta name=\"twitter:label1\" content=\"Dur\u00e9e de lecture estim\u00e9e\" \/>\n\t<meta name=\"twitter:data1\" content=\"2 minutes\" \/>\n<script type=\"application\/ld+json\" class=\"yoast-schema-graph\">{\"@context\":\"https:\\\/\\\/schema.org\",\"@graph\":[{\"@type\":\"WebPage\",\"@id\":\"https:\\\/\\\/abc-latina.com\\\/cuba\\\/economie\\\/\",\"url\":\"https:\\\/\\\/abc-latina.com\\\/cuba\\\/economie\\\/\",\"name\":\"L' ECONOMIE CUBAINE - Abc-latina\",\"isPartOf\":{\"@id\":\"https:\\\/\\\/abc-latina.com\\\/#website\"},\"datePublished\":\"2010-06-16T22:38:06+00:00\",\"dateModified\":\"2026-04-30T16:25:02+00:00\",\"description\":\"L'\u00e9conomie cubaine: agriculture, industrie, tourisme et services. Vie \u00e9conomique \u00e0 Cuba.\",\"breadcrumb\":{\"@id\":\"https:\\\/\\\/abc-latina.com\\\/cuba\\\/economie\\\/#breadcrumb\"},\"inLanguage\":\"fr-FR\",\"potentialAction\":[{\"@type\":\"ReadAction\",\"target\":[\"https:\\\/\\\/abc-latina.com\\\/cuba\\\/economie\\\/\"]}]},{\"@type\":\"BreadcrumbList\",\"@id\":\"https:\\\/\\\/abc-latina.com\\\/cuba\\\/economie\\\/#breadcrumb\",\"itemListElement\":[{\"@type\":\"ListItem\",\"position\":1,\"name\":\"Accueil\",\"item\":\"https:\\\/\\\/abc-latina.com\\\/\"},{\"@type\":\"ListItem\",\"position\":2,\"name\":\"L&rsquo; ECONOMIE CUBAINE\"}]},{\"@type\":\"WebSite\",\"@id\":\"https:\\\/\\\/abc-latina.com\\\/#website\",\"url\":\"https:\\\/\\\/abc-latina.com\\\/\",\"name\":\"Abc-latina\",\"description\":\"\",\"publisher\":{\"@id\":\"https:\\\/\\\/abc-latina.com\\\/#organization\"},\"potentialAction\":[{\"@type\":\"SearchAction\",\"target\":{\"@type\":\"EntryPoint\",\"urlTemplate\":\"https:\\\/\\\/abc-latina.com\\\/?s={search_term_string}\"},\"query-input\":{\"@type\":\"PropertyValueSpecification\",\"valueRequired\":true,\"valueName\":\"search_term_string\"}}],\"inLanguage\":\"fr-FR\"},{\"@type\":\"Organization\",\"@id\":\"https:\\\/\\\/abc-latina.com\\\/#organization\",\"name\":\"Abc-latina\",\"url\":\"https:\\\/\\\/abc-latina.com\\\/\",\"logo\":{\"@type\":\"ImageObject\",\"inLanguage\":\"fr-FR\",\"@id\":\"https:\\\/\\\/abc-latina.com\\\/#\\\/schema\\\/logo\\\/image\\\/\",\"url\":\"https:\\\/\\\/abc-latina.com\\\/wp-content\\\/uploads\\\/2026\\\/05\\\/cropped-logo.gif\",\"contentUrl\":\"https:\\\/\\\/abc-latina.com\\\/wp-content\\\/uploads\\\/2026\\\/05\\\/cropped-logo.gif\",\"width\":89,\"height\":84,\"caption\":\"Abc-latina\"},\"image\":{\"@id\":\"https:\\\/\\\/abc-latina.com\\\/#\\\/schema\\\/logo\\\/image\\\/\"}}]}<\/script>\n<!-- \/ Yoast SEO plugin. -->","yoast_head_json":{"title":"L' ECONOMIE CUBAINE - Abc-latina","description":"L'\u00e9conomie cubaine: agriculture, industrie, tourisme et services. Vie \u00e9conomique \u00e0 Cuba.","robots":{"index":"index","follow":"follow","max-snippet":"max-snippet:-1","max-image-preview":"max-image-preview:large","max-video-preview":"max-video-preview:-1"},"canonical":"https:\/\/abc-latina.com\/cuba\/economie\/","og_locale":"fr_FR","og_type":"article","og_title":"L' ECONOMIE CUBAINE - Abc-latina","og_description":"L'\u00e9conomie cubaine: agriculture, industrie, tourisme et services. Vie \u00e9conomique \u00e0 Cuba.","og_url":"https:\/\/abc-latina.com\/cuba\/economie\/","og_site_name":"Abc-latina","article_modified_time":"2026-04-30T16:25:02+00:00","twitter_card":"summary_large_image","twitter_misc":{"Dur\u00e9e de lecture estim\u00e9e":"2 minutes"},"schema":{"@context":"https:\/\/schema.org","@graph":[{"@type":"WebPage","@id":"https:\/\/abc-latina.com\/cuba\/economie\/","url":"https:\/\/abc-latina.com\/cuba\/economie\/","name":"L' ECONOMIE CUBAINE - Abc-latina","isPartOf":{"@id":"https:\/\/abc-latina.com\/#website"},"datePublished":"2010-06-16T22:38:06+00:00","dateModified":"2026-04-30T16:25:02+00:00","description":"L'\u00e9conomie cubaine: agriculture, industrie, tourisme et services. Vie \u00e9conomique \u00e0 Cuba.","breadcrumb":{"@id":"https:\/\/abc-latina.com\/cuba\/economie\/#breadcrumb"},"inLanguage":"fr-FR","potentialAction":[{"@type":"ReadAction","target":["https:\/\/abc-latina.com\/cuba\/economie\/"]}]},{"@type":"BreadcrumbList","@id":"https:\/\/abc-latina.com\/cuba\/economie\/#breadcrumb","itemListElement":[{"@type":"ListItem","position":1,"name":"Accueil","item":"https:\/\/abc-latina.com\/"},{"@type":"ListItem","position":2,"name":"L&rsquo; ECONOMIE CUBAINE"}]},{"@type":"WebSite","@id":"https:\/\/abc-latina.com\/#website","url":"https:\/\/abc-latina.com\/","name":"Abc-latina","description":"","publisher":{"@id":"https:\/\/abc-latina.com\/#organization"},"potentialAction":[{"@type":"SearchAction","target":{"@type":"EntryPoint","urlTemplate":"https:\/\/abc-latina.com\/?s={search_term_string}"},"query-input":{"@type":"PropertyValueSpecification","valueRequired":true,"valueName":"search_term_string"}}],"inLanguage":"fr-FR"},{"@type":"Organization","@id":"https:\/\/abc-latina.com\/#organization","name":"Abc-latina","url":"https:\/\/abc-latina.com\/","logo":{"@type":"ImageObject","inLanguage":"fr-FR","@id":"https:\/\/abc-latina.com\/#\/schema\/logo\/image\/","url":"https:\/\/abc-latina.com\/wp-content\/uploads\/2026\/05\/cropped-logo.gif","contentUrl":"https:\/\/abc-latina.com\/wp-content\/uploads\/2026\/05\/cropped-logo.gif","width":89,"height":84,"caption":"Abc-latina"},"image":{"@id":"https:\/\/abc-latina.com\/#\/schema\/logo\/image\/"}}]}},"_links":{"self":[{"href":"https:\/\/abc-latina.com\/wp-json\/wp\/v2\/pages\/1347","targetHints":{"allow":["GET"]}}],"collection":[{"href":"https:\/\/abc-latina.com\/wp-json\/wp\/v2\/pages"}],"about":[{"href":"https:\/\/abc-latina.com\/wp-json\/wp\/v2\/types\/page"}],"author":[{"embeddable":true,"href":"https:\/\/abc-latina.com\/wp-json\/wp\/v2\/users\/3"}],"replies":[{"embeddable":true,"href":"https:\/\/abc-latina.com\/wp-json\/wp\/v2\/comments?post=1347"}],"version-history":[{"count":1,"href":"https:\/\/abc-latina.com\/wp-json\/wp\/v2\/pages\/1347\/revisions"}],"predecessor-version":[{"id":3408,"href":"https:\/\/abc-latina.com\/wp-json\/wp\/v2\/pages\/1347\/revisions\/3408"}],"up":[{"embeddable":true,"href":"https:\/\/abc-latina.com\/wp-json\/wp\/v2\/pages\/2302"}],"wp:attachment":[{"href":"https:\/\/abc-latina.com\/wp-json\/wp\/v2\/media?parent=1347"}],"curies":[{"name":"wp","href":"https:\/\/api.w.org\/{rel}","templated":true}]}}